{"id":2459,"date":"2022-07-27T21:35:18","date_gmt":"2022-07-27T19:35:18","guid":{"rendered":"https:\/\/123-esta.com\/passport-usa\/"},"modified":"2022-09-13T22:50:26","modified_gmt":"2022-09-13T20:50:26","slug":"reisepass-fur-esta-usa","status":"publish","type":"page","link":"https:\/\/123-esta.com\/de\/reisepass-fur-esta-usa\/","title":{"rendered":"Welcher Pass f\u00fcr ESTA, um in die USA zu reisen"},"content":{"rendered":"\n<p>Planen Sie einen Urlaub in den USA? Ob Neuling oder Vielreisender: Sobald Sie die Europ\u00e4ische Union verlassen, m\u00fcssen Sie einen Reisepass f\u00fcr die USA besitzen, bevor Sie eine Reisegenehmigung oder ein Visum beantragen k\u00f6nnen.<\/p>\n\n<p>Wenn Sie bereits \u00fcber eine Reisegenehmigung im Rahmen des Programms f\u00fcr visumfreies Reisen verf\u00fcgen, m\u00f6chten wir Sie daran erinnern, dass die <a href=\"https:\/\/123-esta.com\/de\/alles-uber-die-gultigkeit-des-esta\/\">ESTA-G\u00fcltigkeit<\/a> auch an die <a href=\"https:\/\/123-esta.com\/de\/alles-uber-die-gultigkeit-des-esta\/\">G\u00fcltigkeit<\/a> Ihres USA-Reisepasses gekn\u00fcpft ist. Wenn diese seit der Ausstellung Ihrer Genehmigung abgelaufen ist, ist sie nicht mehr g\u00fcltig und Sie m\u00fcssen Ihren Antrag erneut stellen.<\/p>\n\n<h2 class=\"wp-block-heading\">Welcher Reisepass f\u00fcr die USA?<\/h2>\n\n<p>Die Sicherheitskontrollen in den USA wurden im Laufe der Jahre versch\u00e4rft, so dass jeder Reisende einen Reisepass f\u00fcr die USA besitzen muss, der entweder elektronisch oder biometrisch ist. Seit 2016 sind maschinenlesbare Reisep\u00e4sse f\u00fcr eine Reise in die USA nicht mehr g\u00fcltig.<\/p>\n\n<p>Die biometrische Version ist neuer als die elektronische. Um herauszufinden, welche Art von USA-Reisepass Sie besitzen, ist es ganz einfach: Schauen Sie einfach auf den Einband Ihres Dokuments, das Wort &#8222;Passport&#8220; ist bei der biometrischen Version unterstrichen.<\/p>\n\n<p>In der Praxis wurde der elektronische Reisepass 2006 in Frankreich in Umlauf gebracht. Es enth\u00e4lt in digitalisierter Form die Informationen \u00fcber den Halter: Namen, Geburtsdatum, Staatsangeh\u00f6rigkeit sowie die Nummer des Dokuments.<\/p>\n\n<p>Der biometrische Reisepass wird seit 2009 in Frankreich ausgestellt. Zus\u00e4tzlich zu den bereits im ePass gespeicherten Informationen sind auch das digitalisierte Foto des Inhabers sowie seine Fingerabdr\u00fccke enthalten.<\/p>\n\n<p>Ob elektronisch oder biometrisch: Ihr USA-Reisepass ist ein unverzichtbares Dokument, mit dem Sie ein Visum oder eine Reisegenehmigung beantragen k\u00f6nnen.<\/p>\n\n<h2 class=\"wp-block-heading\">Einen USA-Pass f\u00fcr Ihre Reise beantragen<\/h2>\n\n<p>Es wird empfohlen, den Antrag auf einen USA-Reisepass so fr\u00fch wie m\u00f6glich zu stellen, vor allem wenn Sie im Sommer verreisen, da in dieser Zeit die Zahl der Antr\u00e4ge steigt und die Bearbeitungszeiten l\u00e4nger werden. Tats\u00e4chlich reisen viele Reisende im Sommer, w\u00e4hrend der gro\u00dfen Ferien, in die USA.<\/p>\n\n<p>Er wird von den Stadtverwaltungen, Unterpr\u00e4fekturen und Polizeipr\u00e4fekturen ausgestellt. Wenn Sie den Antrag vom Ausland aus stellen, wird er Ihnen von der Botschaft oder dem Konsulat Ihres Wohnsitzlandes ausgeh\u00e4ndigt.<br\/>F\u00fcr die erstmalige Beantragung eines Reisepasses f\u00fcr eine Reise in die USA ben\u00f6tigen Sie ein g\u00fcltiges Ausweisdokument, zwei Passfotos sowie einen Wohnsitznachweis. Wenn es sich um eine Verl\u00e4ngerung handelt, m\u00fcssen Sie Ihren Reisepass mitbringen, der vor Ort von der Verwaltungsbeamtin oder dem Verwaltungsbeamten vernichtet wird.<\/p>\n\n<p>Der Preis f\u00fcr eine Steuermarke betr\u00e4gt derzeit 96 \u20ac, die Sie z. B. in einem Tabakladen kaufen k\u00f6nnen.<\/p>\n\n<h2 class=\"wp-block-heading\">G\u00fcltigkeit des Reisepasses USA<\/h2>\n\n<p>Der Reisepass ist f\u00fcr Erwachsene 10 Jahre (und f\u00fcr Minderj\u00e4hrige 5 Jahre) g\u00fcltig. Bei einer Reise in die USA muss Ihr USA-Reisepass f\u00fcr die gesamte Dauer des Aufenthalts g\u00fcltig sein. Die deutsche Regierung empfiehlt jedoch, dass es innerhalb von sechs Monaten nach der R\u00fcckkehr von Ihrer Reise in die USA g\u00fcltig sein muss.<\/p>\n","protected":false},"excerpt":{"rendered":"<p>Planen Sie einen Urlaub in den USA? Ob Neuling oder Vielreisender: Sobald Sie die Europ\u00e4ische Union verlassen, m\u00fcssen Sie einen Reisepass f\u00fcr die USA besitzen, bevor Sie eine Reisegenehmigung oder ein Visum beantragen k\u00f6nnen. Wenn Sie bereits \u00fcber eine Reisegenehmigung im Rahmen des Programms f\u00fcr visumfreies Reisen verf\u00fcgen, m\u00f6chten wir Sie daran erinnern, dass die [&hellip;]<\/p>\n","protected":false},"author":1,"featured_media":0,"parent":0,"menu_order":0,"comment_status":"closed","ping_status":"closed","template":"","meta":{"site-sidebar-layout":"default","site-content-layout":"default","ast-site-content-layout":"default","site-content-style":"default","site-sidebar-style":"default","ast-global-header-display":"","ast-banner-title-visibility":"","ast-main-header-display":"","ast-hfb-above-header-display":"","ast-hfb-below-header-display":"","ast-hfb-mobile-header-display":"","site-post-title":"","ast-breadcrumbs-content":"","ast-featured-img":"","footer-sml-layout":"","ast-disable-related-posts":"","theme-transparent-header-meta":"default","adv-header-id-meta":"","stick-header-meta":"default","header-above-stick-meta":"","header-main-stick-meta":"","header-below-stick-meta":"","astra-migrate-meta-layouts":"default","ast-page-background-enabled":"default","ast-page-background-meta":{"desktop":{"background-color":"","background-image":"","background-repeat":"repeat","background-position":"center center","background-size":"auto","background-attachment":"scroll","background-type":"","background-media":"","overlay-type":"","overlay-color":"","overlay-opacity":"","overlay-gradient":""},"tablet":{"background-color":"","background-image":"","background-repeat":"repeat","background-position":"center center","background-size":"auto","background-attachment":"scroll","background-type":"","background-media":"","overlay-type":"","overlay-color":"","overlay-opacity":"","overlay-gradient":""},"mobile":{"background-color":"","background-image":"","background-repeat":"repeat","background-position":"center center","background-size":"auto","background-attachment":"scroll","background-type":"","background-media":"","overlay-type":"","overlay-color":"","overlay-opacity":"","overlay-gradient":""}},"ast-content-background-meta":{"desktop":{"background-color":"var(--ast-global-color-5)","background-image":"","background-repeat":"repeat","background-position":"center center","background-size":"auto","background-attachment":"scroll","background-type":"","background-media":"","overlay-type":"","overlay-color":"","overlay-opacity":"","overlay-gradient":""},"tablet":{"background-color":"var(--ast-global-color-5)","background-image":"","background-repeat":"repeat","background-position":"center center","background-size":"auto","background-attachment":"scroll","background-type":"","background-media":"","overlay-type":"","overlay-color":"","overlay-opacity":"","overlay-gradient":""},"mobile":{"background-color":"var(--ast-global-color-5)","background-image":"","background-repeat":"repeat","background-position":"center center","background-size":"auto","background-attachment":"scroll","background-type":"","background-media":"","overlay-type":"","overlay-color":"","overlay-opacity":"","overlay-gradient":""}},"footnotes":""},"class_list":["post-2459","page","type-page","status-publish","hentry"],"yoast_head":"<!-- This site is optimized with the Yoast SEO plugin v27.1.1 - https:\/\/yoast.com\/product\/yoast-seo-wordpress\/ -->\n<title>Welcher Pass f\u00fcr ESTA, um in die USA zu reisen<\/title>\n<meta name=\"description\" content=\"F\u00fcr eine Reise au\u00dferhalb des Schegen-Raums ben\u00f6tigen Sie einen Reisepass. US-Beh\u00f6rden akzeptieren nur biometrische P\u00e4sse\" \/>\n<meta name=\"robots\" content=\"index, follow, max-snippet:-1, max-image-preview:large, max-video-preview:-1\" \/>\n<link rel=\"canonical\" href=\"https:\/\/123-esta.com\/de\/reisepass-fur-esta-usa\/\" \/>\n<meta property=\"og:locale\" content=\"de_DE\" \/>\n<meta property=\"og:type\" content=\"article\" \/>\n<meta property=\"og:title\" content=\"Welcher Pass f\u00fcr ESTA, um in die USA zu reisen\" \/>\n<meta property=\"og:description\" content=\"F\u00fcr eine Reise au\u00dferhalb des Schegen-Raums ben\u00f6tigen Sie einen Reisepass. US-Beh\u00f6rden akzeptieren nur biometrische P\u00e4sse\" \/>\n<meta property=\"og:url\" content=\"https:\/\/123-esta.com\/de\/reisepass-fur-esta-usa\/\" \/>\n<meta property=\"og:site_name\" content=\"Formulaire ESTA pour les USA\" \/>\n<meta property=\"article:modified_time\" content=\"2022-09-13T20:50:26+00:00\" \/>\n<meta name=\"twitter:card\" content=\"summary_large_image\" \/>\n<meta name=\"twitter:label1\" content=\"Gesch\u00e4tzte Lesezeit\" \/>\n\t<meta name=\"twitter:data1\" content=\"2\u00a0Minuten\" \/>\n<script type=\"application\/ld+json\" class=\"yoast-schema-graph\">{\"@context\":\"https:\/\/schema.org\",\"@graph\":[{\"@type\":\"WebPage\",\"@id\":\"https:\/\/123-esta.com\/de\/reisepass-fur-esta-usa\/\",\"url\":\"https:\/\/123-esta.com\/de\/reisepass-fur-esta-usa\/\",\"name\":\"Welcher Pass f\u00fcr ESTA, um in die USA zu reisen\",\"isPartOf\":{\"@id\":\"https:\/\/123-esta.com\/de\/#website\"},\"datePublished\":\"2022-07-27T19:35:18+00:00\",\"dateModified\":\"2022-09-13T20:50:26+00:00\",\"description\":\"F\u00fcr eine Reise au\u00dferhalb des Schegen-Raums ben\u00f6tigen Sie einen Reisepass. US-Beh\u00f6rden akzeptieren nur biometrische P\u00e4sse\",\"inLanguage\":\"de\",\"potentialAction\":[{\"@type\":\"ReadAction\",\"target\":[\"https:\/\/123-esta.com\/de\/reisepass-fur-esta-usa\/\"]}]},{\"@type\":\"WebSite\",\"@id\":\"https:\/\/123-esta.com\/de\/#website\",\"url\":\"https:\/\/123-esta.com\/de\/\",\"name\":\"Formulaire ESTA pour les USA\",\"description\":\"\",\"publisher\":{\"@id\":\"https:\/\/123-esta.com\/de\/#organization\"},\"potentialAction\":[{\"@type\":\"SearchAction\",\"target\":{\"@type\":\"EntryPoint\",\"urlTemplate\":\"https:\/\/123-esta.com\/de\/?s={search_term_string}\"},\"query-input\":{\"@type\":\"PropertyValueSpecification\",\"valueRequired\":true,\"valueName\":\"search_term_string\"}}],\"inLanguage\":\"de\"},{\"@type\":\"Organization\",\"@id\":\"https:\/\/123-esta.com\/de\/#organization\",\"name\":\"Formulaire ESTA pour les USA\",\"url\":\"https:\/\/123-esta.com\/de\/\",\"logo\":{\"@type\":\"ImageObject\",\"inLanguage\":\"de\",\"@id\":\"https:\/\/123-esta.com\/de\/#\/schema\/logo\/image\/\",\"url\":\"https:\/\/123-esta.com\/wp-content\/uploads\/2018\/03\/logo-123-esta.png\",\"contentUrl\":\"https:\/\/123-esta.com\/wp-content\/uploads\/2018\/03\/logo-123-esta.png\",\"width\":191,\"height\":54,\"caption\":\"Formulaire ESTA pour les USA\"},\"image\":{\"@id\":\"https:\/\/123-esta.com\/de\/#\/schema\/logo\/image\/\"}}]}<\/script>\n<!-- \/ Yoast SEO plugin. -->","yoast_head_json":{"title":"Welcher Pass f\u00fcr ESTA, um in die USA zu reisen","description":"F\u00fcr eine Reise au\u00dferhalb des Schegen-Raums ben\u00f6tigen Sie einen Reisepass. US-Beh\u00f6rden akzeptieren nur biometrische P\u00e4sse","robots":{"index":"index","follow":"follow","max-snippet":"max-snippet:-1","max-image-preview":"max-image-preview:large","max-video-preview":"max-video-preview:-1"},"canonical":"https:\/\/123-esta.com\/de\/reisepass-fur-esta-usa\/","og_locale":"de_DE","og_type":"article","og_title":"Welcher Pass f\u00fcr ESTA, um in die USA zu reisen","og_description":"F\u00fcr eine Reise au\u00dferhalb des Schegen-Raums ben\u00f6tigen Sie einen Reisepass. US-Beh\u00f6rden akzeptieren nur biometrische P\u00e4sse","og_url":"https:\/\/123-esta.com\/de\/reisepass-fur-esta-usa\/","og_site_name":"Formulaire ESTA pour les USA","article_modified_time":"2022-09-13T20:50:26+00:00","twitter_card":"summary_large_image","twitter_misc":{"Gesch\u00e4tzte Lesezeit":"2\u00a0Minuten"},"schema":{"@context":"https:\/\/schema.org","@graph":[{"@type":"WebPage","@id":"https:\/\/123-esta.com\/de\/reisepass-fur-esta-usa\/","url":"https:\/\/123-esta.com\/de\/reisepass-fur-esta-usa\/","name":"Welcher Pass f\u00fcr ESTA, um in die USA zu reisen","isPartOf":{"@id":"https:\/\/123-esta.com\/de\/#website"},"datePublished":"2022-07-27T19:35:18+00:00","dateModified":"2022-09-13T20:50:26+00:00","description":"F\u00fcr eine Reise au\u00dferhalb des Schegen-Raums ben\u00f6tigen Sie einen Reisepass. US-Beh\u00f6rden akzeptieren nur biometrische P\u00e4sse","inLanguage":"de","potentialAction":[{"@type":"ReadAction","target":["https:\/\/123-esta.com\/de\/reisepass-fur-esta-usa\/"]}]},{"@type":"WebSite","@id":"https:\/\/123-esta.com\/de\/#website","url":"https:\/\/123-esta.com\/de\/","name":"Formulaire ESTA pour les USA","description":"","publisher":{"@id":"https:\/\/123-esta.com\/de\/#organization"},"potentialAction":[{"@type":"SearchAction","target":{"@type":"EntryPoint","urlTemplate":"https:\/\/123-esta.com\/de\/?s={search_term_string}"},"query-input":{"@type":"PropertyValueSpecification","valueRequired":true,"valueName":"search_term_string"}}],"inLanguage":"de"},{"@type":"Organization","@id":"https:\/\/123-esta.com\/de\/#organization","name":"Formulaire ESTA pour les USA","url":"https:\/\/123-esta.com\/de\/","logo":{"@type":"ImageObject","inLanguage":"de","@id":"https:\/\/123-esta.com\/de\/#\/schema\/logo\/image\/","url":"https:\/\/123-esta.com\/wp-content\/uploads\/2018\/03\/logo-123-esta.png","contentUrl":"https:\/\/123-esta.com\/wp-content\/uploads\/2018\/03\/logo-123-esta.png","width":191,"height":54,"caption":"Formulaire ESTA pour les USA"},"image":{"@id":"https:\/\/123-esta.com\/de\/#\/schema\/logo\/image\/"}}]}},"_links":{"self":[{"href":"https:\/\/123-esta.com\/de\/wp-json\/wp\/v2\/pages\/2459","targetHints":{"allow":["GET"]}}],"collection":[{"href":"https:\/\/123-esta.com\/de\/wp-json\/wp\/v2\/pages"}],"about":[{"href":"https:\/\/123-esta.com\/de\/wp-json\/wp\/v2\/types\/page"}],"author":[{"embeddable":true,"href":"https:\/\/123-esta.com\/de\/wp-json\/wp\/v2\/users\/1"}],"replies":[{"embeddable":true,"href":"https:\/\/123-esta.com\/de\/wp-json\/wp\/v2\/comments?post=2459"}],"version-history":[{"count":0,"href":"https:\/\/123-esta.com\/de\/wp-json\/wp\/v2\/pages\/2459\/revisions"}],"wp:attachment":[{"href":"https:\/\/123-esta.com\/de\/wp-json\/wp\/v2\/media?parent=2459"}],"curies":[{"name":"wp","href":"https:\/\/api.w.org\/{rel}","templated":true}]}}