{"id":2446,"date":"2022-07-27T21:35:17","date_gmt":"2022-07-27T19:35:17","guid":{"rendered":"https:\/\/123-esta.com\/antrag-auf-visa-usa\/"},"modified":"2022-09-15T09:34:18","modified_gmt":"2022-09-15T07:34:18","slug":"antrag-auf-visum-usa","status":"publish","type":"page","link":"https:\/\/123-esta.com\/de\/antrag-auf-visum-usa\/","title":{"rendered":"Wie man ein USA-Visum beantragt"},"content":{"rendered":"\n<p>Tr\u00e4umen Sie vom Auswandern und dem amerikanischen Traum? M\u00f6chten Sie in den USA leben oder einfach nur als Tourist in die USA reisen? Bevor Sie abreisen und amerikanischen Boden betreten k\u00f6nnen, m\u00fcssen Sie ein <a href=\"https:\/\/123-esta.com\/de\/touristenvisum-vereinigten-staaten\/\">Touristenvisum<\/a> f\u00fcr die <a href=\"https:\/\/123-esta.com\/de\/touristenvisum-vereinigten-staaten\/\">USA<\/a> beantragen.<\/p>\n\n<p>Es gibt fast genauso viele Visa wie Situationen (ein Praktikum machen, an einer amerikanischen Universit\u00e4t studieren, einen Sprachaufenthalt machen&#8230;), aber wir werden in diesem Artikel auf das Verfahren zur Beantragung eines <a href=\"https:\/\/123-esta.com\/de\/braucht-man-ein-visum-fur-die-usa\/\">Visums f\u00fcr die USA<\/a> im Rahmen eines vor\u00fcbergehenden Aufenthalts zur\u00fcckkommen.<\/p>\n\n<h2 class=\"wp-block-heading\">Wer muss ein USA-Visum beantragen?<\/h2>\n\n<p>Die US-Regierung ist sehr streng, wenn es um die Einwanderung geht, selbst wenn sie nur vor\u00fcbergehend ist. Wer in den USA arbeiten oder nur durch die Stra\u00dfen von Miami bummeln will, muss eine Reihe von Zulassungskriterien erf\u00fcllen. Die Eignungskriterien werden w\u00e4hrend des Antragsprozesses f\u00fcr das <a href=\"https:\/\/usa-esta.net\/de\/visum-fur-die-usa\/\">US-Visum<\/a> \u00fcberpr\u00fcft.<\/p>\n\n<p>Man unterscheidet 3 Arten von USA-Visumantr\u00e4gen: die Reisegenehmigung im Rahmen des US-Visa Waiver Program (VWP), das Visum f\u00fcr einen vor\u00fcbergehenden Aufenthalt und das Einwanderungsvisum f\u00fcr einen st\u00e4ndigen Wohnsitz.<\/p>\n\n<p>Die Verfahren und <a href=\"https:\/\/123-esta.com\/de\/was-ist-der-preis-eines-visums-fur-die-usa\/\">Preise f\u00fcr ein USA-Visum<\/a> h\u00e4ngen von der Kategorie des gew\u00fcnschten Dokuments ab, aber jeder, der eine Reise in das Land von Uncle Sam plant, muss eine Reisegenehmigung oder ein USA-Visum haben.<\/p>\n\n<p>Am h\u00e4ufigsten wird der Antrag f\u00fcr Tourismus, Gesch\u00e4ftsreisen, Studien, Austauschprogramme und befristete Besch\u00e4ftigung gestellt.<\/p>\n\n<h2 class=\"wp-block-heading\">Wann sollte man ein Visum f\u00fcr die USA beantragen?<\/h2>\n\n<p>Um allen Entt\u00e4uschungen vorzubeugen, ist die Antwort eindeutig: so fr\u00fch wie m\u00f6glich! Die Bearbeitungsdauer h\u00e4ngt von der Art des Antrags ab, aber auch von dem Konsulat, bei dem Sie Ihr USA-Visum beantragen. Wenn die US-Beh\u00f6rden weitere Ermittlungen f\u00fcr notwendig halten, kann dies auch l\u00e4nger dauern als angegeben.<br\/>Es ist daher ratsam, mit der Buchung von Flugtickets und Hotels in den USA zu warten, bis du dein USA-Visum in der Tasche hast, denn ohne Visum kannst du dich von deiner Reise nach Florida verabschieden.<\/p>\n\n<p>Ganz allgemein &#8211; und diese Information richtet sich insbesondere an Globetrotter &#8211; sollten Sie sich vor der Beantragung eines Visums vergewissern, dass Sie einen g\u00fcltigen elektronischen oder biometrischen Reisepass besitzen und das Ablaufdatum \u00fcberpr\u00fcfen. Ebenso sollten Sie als Vielreisender mit der Beantragung eines USA-Visums warten, bis Sie sich in Ihrem Heimatland befinden, da Sie dort ein physisches Interview absolvieren m\u00fcssen.<\/p>\n\n<h2 class=\"wp-block-heading\">Wie beantrage ich ein Visum f\u00fcr die USA?<\/h2>\n\n<p>Aber <a href=\"https:\/\/123-esta.com\/de\/wie-erhalte-ich-ein-visum-fuer-die-vereinigten-staaten\/\">wie bekommt<\/a> man dann <a href=\"https:\/\/123-esta.com\/de\/wie-erhalte-ich-ein-visum-fuer-die-vereinigten-staaten\/\">ein Visum f\u00fcr die USA<\/a>? Ein USA-Visum wird direkt bei der n\u00e4chstgelegenen US-Botschaft oder dem n\u00e4chstgelegenen US-Konsulat beantragt.<\/p>\n\n<p>Um ein Visum f\u00fcr die USA zu beantragen, m\u00fcssen Sie zun\u00e4chst ein Online-Formular auf der offiziellen Regierungsseite der Botschaft und der Konsulate der Vereinigten Staaten von Amerika ausf\u00fcllen. Beachten Sie, dass Sie bei Fragen zur Beantragung eines USA-Visums in Ihrem Heimatland die Kontaktdaten der Botschaft (Telefonnummer und E-Mail-Adresse) direkt auf der Website finden.<\/p>\n\n<p>Wenn Sie Ihren Antrag online ausgef\u00fcllt, Ihr Foto hochgeladen, die Visumantragsgeb\u00fchr bezahlt und die erforderlichen Unterlagen zusammengestellt haben, erhalten Sie eine Benachrichtigung, in der Ihnen mitgeteilt wird, welche Unterlagen Sie zusammenstellen und bei Ihrem Gespr\u00e4ch mit einem Vertreter der US-Regierung in der US-Botschaft (oder im Konsulat) vorlegen m\u00fcssen. Bei diesem Termin werden Sie aufgefordert, sich vorzustellen und Ihre pers\u00f6nlichen oder beruflichen Pl\u00e4ne f\u00fcr das amerikanische Staatsgebiet zu erl\u00e4utern. Dieser muss nicht bis ins kleinste Detail ausgearbeitet werden, sollte aber in groben Z\u00fcgen festgelegt werden, insbesondere in Bezug auf Ihre Beweggr\u00fcnde und die voraussichtliche Dauer Ihres Aufenthalts.<\/p>\n\n<p>Wenn Sie dieses Interview hinter sich haben, dauert es nicht lange, bis Sie Ihr US-Visum erhalten (3-5 Tage), aber es unterliegt den postalischen Gegebenheiten sowie der Bearbeitungszeit, die von der Anzahl der Visumantr\u00e4ge in Ihrem Land abh\u00e4ngt.<\/p>\n","protected":false},"excerpt":{"rendered":"<p>Tr\u00e4umen Sie vom Auswandern und dem amerikanischen Traum? M\u00f6chten Sie in den USA leben oder einfach nur als Tourist in die USA reisen? Bevor Sie abreisen und amerikanischen Boden betreten k\u00f6nnen, m\u00fcssen Sie ein Touristenvisum f\u00fcr die USA beantragen. Es gibt fast genauso viele Visa wie Situationen (ein Praktikum machen, an einer amerikanischen Universit\u00e4t studieren, [&hellip;]<\/p>\n","protected":false},"author":1,"featured_media":0,"parent":0,"menu_order":0,"comment_status":"closed","ping_status":"closed","template":"","meta":{"site-sidebar-layout":"default","site-content-layout":"default","ast-site-content-layout":"default","site-content-style":"default","site-sidebar-style":"default","ast-global-header-display":"","ast-banner-title-visibility":"","ast-main-header-display":"","ast-hfb-above-header-display":"","ast-hfb-below-header-display":"","ast-hfb-mobile-header-display":"","site-post-title":"","ast-breadcrumbs-content":"","ast-featured-img":"","footer-sml-layout":"","ast-disable-related-posts":"","theme-transparent-header-meta":"default","adv-header-id-meta":"","stick-header-meta":"default","header-above-stick-meta":"","header-main-stick-meta":"","header-below-stick-meta":"","astra-migrate-meta-layouts":"default","ast-page-background-enabled":"default","ast-page-background-meta":{"desktop":{"background-color":"","background-image":"","background-repeat":"repeat","background-position":"center center","background-size":"auto","background-attachment":"scroll","background-type":"","background-media":"","overlay-type":"","overlay-color":"","overlay-opacity":"","overlay-gradient":""},"tablet":{"background-color":"","background-image":"","background-repeat":"repeat","background-position":"center center","background-size":"auto","background-attachment":"scroll","background-type":"","background-media":"","overlay-type":"","overlay-color":"","overlay-opacity":"","overlay-gradient":""},"mobile":{"background-color":"","background-image":"","background-repeat":"repeat","background-position":"center center","background-size":"auto","background-attachment":"scroll","background-type":"","background-media":"","overlay-type":"","overlay-color":"","overlay-opacity":"","overlay-gradient":""}},"ast-content-background-meta":{"desktop":{"background-color":"var(--ast-global-color-5)","background-image":"","background-repeat":"repeat","background-position":"center center","background-size":"auto","background-attachment":"scroll","background-type":"","background-media":"","overlay-type":"","overlay-color":"","overlay-opacity":"","overlay-gradient":""},"tablet":{"background-color":"var(--ast-global-color-5)","background-image":"","background-repeat":"repeat","background-position":"center center","background-size":"auto","background-attachment":"scroll","background-type":"","background-media":"","overlay-type":"","overlay-color":"","overlay-opacity":"","overlay-gradient":""},"mobile":{"background-color":"var(--ast-global-color-5)","background-image":"","background-repeat":"repeat","background-position":"center center","background-size":"auto","background-attachment":"scroll","background-type":"","background-media":"","overlay-type":"","overlay-color":"","overlay-opacity":"","overlay-gradient":""}},"footnotes":""},"class_list":["post-2446","page","type-page","status-publish","hentry"],"yoast_head":"<!-- This site is optimized with the Yoast SEO plugin v27.1.1 - https:\/\/yoast.com\/product\/yoast-seo-wordpress\/ -->\n<title>Wie man ein USA-Visum beantragt<\/title>\n<meta name=\"description\" content=\"Alle Informationen, die Sie f\u00fcr die Beantragung eines Visums bei der US-Botschaft ben\u00f6tigen, finden Sie hier.\" \/>\n<meta name=\"robots\" content=\"index, follow, max-snippet:-1, max-image-preview:large, max-video-preview:-1\" \/>\n<link rel=\"canonical\" href=\"https:\/\/123-esta.com\/de\/antrag-auf-visum-usa\/\" \/>\n<meta property=\"og:locale\" content=\"de_DE\" \/>\n<meta property=\"og:type\" content=\"article\" \/>\n<meta property=\"og:title\" content=\"Wie man ein USA-Visum beantragt\" \/>\n<meta property=\"og:description\" content=\"Alle Informationen, die Sie f\u00fcr die Beantragung eines Visums bei der US-Botschaft ben\u00f6tigen, finden Sie hier.\" \/>\n<meta property=\"og:url\" content=\"https:\/\/123-esta.com\/de\/antrag-auf-visum-usa\/\" \/>\n<meta property=\"og:site_name\" content=\"Formulaire ESTA pour les USA\" \/>\n<meta property=\"article:modified_time\" content=\"2022-09-15T07:34:18+00:00\" \/>\n<meta name=\"twitter:card\" content=\"summary_large_image\" \/>\n<meta name=\"twitter:label1\" content=\"Gesch\u00e4tzte Lesezeit\" \/>\n\t<meta name=\"twitter:data1\" content=\"3\u00a0Minuten\" \/>\n<script type=\"application\/ld+json\" class=\"yoast-schema-graph\">{\"@context\":\"https:\/\/schema.org\",\"@graph\":[{\"@type\":\"WebPage\",\"@id\":\"https:\/\/123-esta.com\/de\/antrag-auf-visum-usa\/\",\"url\":\"https:\/\/123-esta.com\/de\/antrag-auf-visum-usa\/\",\"name\":\"Wie man ein USA-Visum beantragt\",\"isPartOf\":{\"@id\":\"https:\/\/123-esta.com\/de\/#website\"},\"datePublished\":\"2022-07-27T19:35:17+00:00\",\"dateModified\":\"2022-09-15T07:34:18+00:00\",\"description\":\"Alle Informationen, die Sie f\u00fcr die Beantragung eines Visums bei der US-Botschaft ben\u00f6tigen, finden Sie hier.\",\"inLanguage\":\"de\",\"potentialAction\":[{\"@type\":\"ReadAction\",\"target\":[\"https:\/\/123-esta.com\/de\/antrag-auf-visum-usa\/\"]}]},{\"@type\":\"WebSite\",\"@id\":\"https:\/\/123-esta.com\/de\/#website\",\"url\":\"https:\/\/123-esta.com\/de\/\",\"name\":\"Formulaire ESTA pour les USA\",\"description\":\"\",\"publisher\":{\"@id\":\"https:\/\/123-esta.com\/de\/#organization\"},\"potentialAction\":[{\"@type\":\"SearchAction\",\"target\":{\"@type\":\"EntryPoint\",\"urlTemplate\":\"https:\/\/123-esta.com\/de\/?s={search_term_string}\"},\"query-input\":{\"@type\":\"PropertyValueSpecification\",\"valueRequired\":true,\"valueName\":\"search_term_string\"}}],\"inLanguage\":\"de\"},{\"@type\":\"Organization\",\"@id\":\"https:\/\/123-esta.com\/de\/#organization\",\"name\":\"Formulaire ESTA pour les USA\",\"url\":\"https:\/\/123-esta.com\/de\/\",\"logo\":{\"@type\":\"ImageObject\",\"inLanguage\":\"de\",\"@id\":\"https:\/\/123-esta.com\/de\/#\/schema\/logo\/image\/\",\"url\":\"https:\/\/123-esta.com\/wp-content\/uploads\/2018\/03\/logo-123-esta.png\",\"contentUrl\":\"https:\/\/123-esta.com\/wp-content\/uploads\/2018\/03\/logo-123-esta.png\",\"width\":191,\"height\":54,\"caption\":\"Formulaire ESTA pour les USA\"},\"image\":{\"@id\":\"https:\/\/123-esta.com\/de\/#\/schema\/logo\/image\/\"}}]}<\/script>\n<!-- \/ Yoast SEO plugin. -->","yoast_head_json":{"title":"Wie man ein USA-Visum beantragt","description":"Alle Informationen, die Sie f\u00fcr die Beantragung eines Visums bei der US-Botschaft ben\u00f6tigen, finden Sie hier.","robots":{"index":"index","follow":"follow","max-snippet":"max-snippet:-1","max-image-preview":"max-image-preview:large","max-video-preview":"max-video-preview:-1"},"canonical":"https:\/\/123-esta.com\/de\/antrag-auf-visum-usa\/","og_locale":"de_DE","og_type":"article","og_title":"Wie man ein USA-Visum beantragt","og_description":"Alle Informationen, die Sie f\u00fcr die Beantragung eines Visums bei der US-Botschaft ben\u00f6tigen, finden Sie hier.","og_url":"https:\/\/123-esta.com\/de\/antrag-auf-visum-usa\/","og_site_name":"Formulaire ESTA pour les USA","article_modified_time":"2022-09-15T07:34:18+00:00","twitter_card":"summary_large_image","twitter_misc":{"Gesch\u00e4tzte Lesezeit":"3\u00a0Minuten"},"schema":{"@context":"https:\/\/schema.org","@graph":[{"@type":"WebPage","@id":"https:\/\/123-esta.com\/de\/antrag-auf-visum-usa\/","url":"https:\/\/123-esta.com\/de\/antrag-auf-visum-usa\/","name":"Wie man ein USA-Visum beantragt","isPartOf":{"@id":"https:\/\/123-esta.com\/de\/#website"},"datePublished":"2022-07-27T19:35:17+00:00","dateModified":"2022-09-15T07:34:18+00:00","description":"Alle Informationen, die Sie f\u00fcr die Beantragung eines Visums bei der US-Botschaft ben\u00f6tigen, finden Sie hier.","inLanguage":"de","potentialAction":[{"@type":"ReadAction","target":["https:\/\/123-esta.com\/de\/antrag-auf-visum-usa\/"]}]},{"@type":"WebSite","@id":"https:\/\/123-esta.com\/de\/#website","url":"https:\/\/123-esta.com\/de\/","name":"Formulaire ESTA pour les USA","description":"","publisher":{"@id":"https:\/\/123-esta.com\/de\/#organization"},"potentialAction":[{"@type":"SearchAction","target":{"@type":"EntryPoint","urlTemplate":"https:\/\/123-esta.com\/de\/?s={search_term_string}"},"query-input":{"@type":"PropertyValueSpecification","valueRequired":true,"valueName":"search_term_string"}}],"inLanguage":"de"},{"@type":"Organization","@id":"https:\/\/123-esta.com\/de\/#organization","name":"Formulaire ESTA pour les USA","url":"https:\/\/123-esta.com\/de\/","logo":{"@type":"ImageObject","inLanguage":"de","@id":"https:\/\/123-esta.com\/de\/#\/schema\/logo\/image\/","url":"https:\/\/123-esta.com\/wp-content\/uploads\/2018\/03\/logo-123-esta.png","contentUrl":"https:\/\/123-esta.com\/wp-content\/uploads\/2018\/03\/logo-123-esta.png","width":191,"height":54,"caption":"Formulaire ESTA pour les USA"},"image":{"@id":"https:\/\/123-esta.com\/de\/#\/schema\/logo\/image\/"}}]}},"_links":{"self":[{"href":"https:\/\/123-esta.com\/de\/wp-json\/wp\/v2\/pages\/2446","targetHints":{"allow":["GET"]}}],"collection":[{"href":"https:\/\/123-esta.com\/de\/wp-json\/wp\/v2\/pages"}],"about":[{"href":"https:\/\/123-esta.com\/de\/wp-json\/wp\/v2\/types\/page"}],"author":[{"embeddable":true,"href":"https:\/\/123-esta.com\/de\/wp-json\/wp\/v2\/users\/1"}],"replies":[{"embeddable":true,"href":"https:\/\/123-esta.com\/de\/wp-json\/wp\/v2\/comments?post=2446"}],"version-history":[{"count":0,"href":"https:\/\/123-esta.com\/de\/wp-json\/wp\/v2\/pages\/2446\/revisions"}],"wp:attachment":[{"href":"https:\/\/123-esta.com\/de\/wp-json\/wp\/v2\/media?parent=2446"}],"curies":[{"name":"wp","href":"https:\/\/api.w.org\/{rel}","templated":true}]}}