{"id":2443,"date":"2022-07-27T21:35:16","date_gmt":"2022-07-27T19:35:16","guid":{"rendered":"https:\/\/123-esta.com\/formalitaeten-usa\/"},"modified":"2022-08-23T23:43:08","modified_gmt":"2022-08-23T21:43:08","slug":"formalitaten-usa","status":"publish","type":"page","link":"https:\/\/123-esta.com\/de\/formalitaten-usa\/","title":{"rendered":"USA-Formalit\u00e4ten f\u00fcr eine Reise in die USA"},"content":{"rendered":"\n<p>Haben Sie sich entschieden, in die USA zu gehen? Die US-Regierung ist um die Sicherheit ihres Landes besorgt und verlangt von Reisenden, dass sie bestimmte Kriterien erf\u00fcllen und die f\u00fcr die Einreise erforderlichen USA-Formalit\u00e4ten erledigen, bevor sie ausreisen und amerikanischen Boden betreten k\u00f6nnen.<\/p>\n\n<p>Dank des Programms zur Befreiung von der Visumspflicht (Visa Waiver Program) entscheiden sich viele Franzosen daf\u00fcr, ihren Urlaub in den USA zu verbringen.  <a href=\"https:\/\/123-esta.com\/de\/alles-uber-die-gultigkeit-des-esta\/\">ESTA<\/a> ist zwei Jahre lang <a href=\"https:\/\/123-esta.com\/de\/alles-uber-die-gultigkeit-des-esta\/\">g\u00fcltig<\/a> und erm\u00f6glicht in diesem Zeitraum mehrere Aufenthalte in den USA. Dieses Dokument ist zwar einfach zu erhalten, aber es ist dennoch unerl\u00e4sslich, ebenso wie einige andere USA-Formalit\u00e4ten, die vor der Abreise erledigt werden m\u00fcssen.<\/p>\n\n<h2 class=\"wp-block-heading\">Die zu beachtenden AMERIKANISCHEN Formalit\u00e4ten<\/h2>\n\n<p>Ein Urlaub will geplant sein, und das gilt umso mehr f\u00fcr eine Reise in die USA! Die USA-Formalit\u00e4ten m\u00f6gen auf den ersten Blick langwierig und m\u00fchsam erscheinen, aber das ist nicht der Fall. Wir zeigen Ihnen, welche Dokumente Sie zusammenstellen m\u00fcssen und welche Kriterien Sie erf\u00fcllen m\u00fcssen, um in die USA ausreisen zu k\u00f6nnen.<\/p>\n\n<p>Zun\u00e4chst einmal ben\u00f6tigen Sie einen g\u00fcltigen elektronischen oder biometrischen Reisepass, der f\u00fcr die gesamte Dauer Ihres Aufenthalts in den USA (einschlie\u00dflich des R\u00fcckreisedatums) g\u00fcltig ist. Da Frankreich Mitglied des &#8222;Six month club&#8220; ist, ist es f\u00fcr seine Staatsangeh\u00f6rigen nicht erforderlich, dass ihr Reisepass noch sechs Monate nach dem R\u00fcckreisedatum g\u00fcltig ist. Sobald Sie dieses Dokument in der Tasche haben, k\u00f6nnen Sie eine Reisegenehmigung oder ein <a href=\"https:\/\/123-esta.com\/de\/touristenvisum-vereinigten-staaten\/\">Touristenvisum f\u00fcr die USA<\/a> beantragen (je nach Ihrer Situation).<\/p>\n\n<p>Achtung: Wenn Sie einen Notpass haben, m\u00fcssen Sie unbedingt ein USA-Visum beantragen, und zwar unabh\u00e4ngig von der Art der Reise, die Sie unternehmen (als Tourist, Gesch\u00e4ftsreisender oder <a href=\"https:\/\/123-esta.com\/de\/sollte-man-einen-esta-fur-einen-transit-beantragen\/\">Transitreisender<\/a>).<\/p>\n\n<p>Wenn Sie schlie\u00dflich auf dem Landweg in die USA einreisen (aus Kanada oder Mexiko), m\u00fcssen Sie Ihren Reisepass mit sich f\u00fchren und an der Grenze eine Geb\u00fchr von 6 $ entrichten.<\/p>\n\n<p>Wenn Sie diese USA-Formalit\u00e4ten erledigt haben, k\u00f6nnen Sie beruhigt in die USA ausreisen. Die Reise beginnt jedoch erst dann richtig, wenn Sie die amerikanische Einwanderungsbeh\u00f6rde passiert haben.<\/p>\n\n<h2 class=\"wp-block-heading\">Formalit\u00e4ten USA: Gang zur amerikanischen Einwanderungsbeh\u00f6rde<\/h2>\n\n<p>Sie verf\u00fcgen \u00fcber alle erforderlichen Dokumente f\u00fcr Ihren Urlaub in New York und haben alle Reiseformalit\u00e4ten f\u00fcr die USA erledigt? Sehr gut! Bei Ihrer Ankunft in den USA werden Sie durch die amerikanische Einwanderungsbeh\u00f6rde gehen. Der Beamte, bei dem Sie sich melden, wird Sie nach Ihrem Reisepass fragen. Das blaue Blatt 6059B, auch Zollanmeldungsformular genannt (wird im Flugzeug oder auf dem Schiff ausgeh\u00e4ndigt), wird derzeit nicht mehr verlangt.<\/p>\n\n<p>Der Einwanderungsbeamte wird ein Foto von Ihnen machen und einen Scan Ihrer Fingerabdr\u00fccke durchf\u00fchren. Wenn Sie eine Reisegenehmigung haben, sollten Sie daran denken, dass diese nur f\u00fcr Ihre Reise und nicht f\u00fcr Ihre Einreise in die USA gilt. Mit anderen Worten bedeutet dies, dass Sie sich an der US-Grenze melden d\u00fcrfen, ohne eine Garantie zu haben, dass Sie diese auch \u00fcberqueren werden. Aber seien Sie beruhigt: Wenn Sie Ihr Antragsformular korrekt und ehrlich ausgef\u00fcllt haben, gibt es keinen Grund, warum der Beamte Ihnen die Einreise in die USA verweigern sollte.<br\/>\nWenn Sie nur durchreisen, sind Sie nicht von den USA-Formalit\u00e4ten befreit: Sie passieren die gleiche Kontrolle, werden aber in einer eigenen Spur f\u00fcr Transitreisende gef\u00fchrt.<\/p>\n","protected":false},"excerpt":{"rendered":"<p>Haben Sie sich entschieden, in die USA zu gehen? Die US-Regierung ist um die Sicherheit ihres Landes besorgt und verlangt von Reisenden, dass sie bestimmte Kriterien erf\u00fcllen und die f\u00fcr die Einreise erforderlichen USA-Formalit\u00e4ten erledigen, bevor sie ausreisen und amerikanischen Boden betreten k\u00f6nnen. Dank des Programms zur Befreiung von der Visumspflicht (Visa Waiver Program) entscheiden [&hellip;]<\/p>\n","protected":false},"author":1,"featured_media":0,"parent":0,"menu_order":0,"comment_status":"closed","ping_status":"closed","template":"","meta":{"site-sidebar-layout":"default","site-content-layout":"default","ast-site-content-layout":"default","site-content-style":"default","site-sidebar-style":"default","ast-global-header-display":"","ast-banner-title-visibility":"","ast-main-header-display":"","ast-hfb-above-header-display":"","ast-hfb-below-header-display":"","ast-hfb-mobile-header-display":"","site-post-title":"","ast-breadcrumbs-content":"","ast-featured-img":"","footer-sml-layout":"","ast-disable-related-posts":"","theme-transparent-header-meta":"default","adv-header-id-meta":"","stick-header-meta":"default","header-above-stick-meta":"","header-main-stick-meta":"","header-below-stick-meta":"","astra-migrate-meta-layouts":"default","ast-page-background-enabled":"default","ast-page-background-meta":{"desktop":{"background-color":"","background-image":"","background-repeat":"repeat","background-position":"center center","background-size":"auto","background-attachment":"scroll","background-type":"","background-media":"","overlay-type":"","overlay-color":"","overlay-opacity":"","overlay-gradient":""},"tablet":{"background-color":"","background-image":"","background-repeat":"repeat","background-position":"center center","background-size":"auto","background-attachment":"scroll","background-type":"","background-media":"","overlay-type":"","overlay-color":"","overlay-opacity":"","overlay-gradient":""},"mobile":{"background-color":"","background-image":"","background-repeat":"repeat","background-position":"center center","background-size":"auto","background-attachment":"scroll","background-type":"","background-media":"","overlay-type":"","overlay-color":"","overlay-opacity":"","overlay-gradient":""}},"ast-content-background-meta":{"desktop":{"background-color":"var(--ast-global-color-5)","background-image":"","background-repeat":"repeat","background-position":"center center","background-size":"auto","background-attachment":"scroll","background-type":"","background-media":"","overlay-type":"","overlay-color":"","overlay-opacity":"","overlay-gradient":""},"tablet":{"background-color":"var(--ast-global-color-5)","background-image":"","background-repeat":"repeat","background-position":"center center","background-size":"auto","background-attachment":"scroll","background-type":"","background-media":"","overlay-type":"","overlay-color":"","overlay-opacity":"","overlay-gradient":""},"mobile":{"background-color":"var(--ast-global-color-5)","background-image":"","background-repeat":"repeat","background-position":"center center","background-size":"auto","background-attachment":"scroll","background-type":"","background-media":"","overlay-type":"","overlay-color":"","overlay-opacity":"","overlay-gradient":""}},"footnotes":""},"class_list":["post-2443","page","type-page","status-publish","hentry"],"yoast_head":"<!-- This site is optimized with the Yoast SEO plugin v27.1.1 - https:\/\/yoast.com\/product\/yoast-seo-wordpress\/ -->\n<title>Formalit\u00e4ten zur Vorbereitung Ihrer Reise in die USA<\/title>\n<meta name=\"description\" content=\"Ein Umzug in die USA ist eine aufregende Erfahrung, die gut vorbereitet sein will, sonst droht ein Albtraum. Erinnerung an die einzuhaltenden Formalit\u00e4ten USA\" \/>\n<meta name=\"robots\" content=\"index, follow, max-snippet:-1, max-image-preview:large, max-video-preview:-1\" \/>\n<link rel=\"canonical\" href=\"https:\/\/123-esta.com\/de\/formalitaten-usa\/\" \/>\n<meta property=\"og:locale\" content=\"de_DE\" \/>\n<meta property=\"og:type\" content=\"article\" \/>\n<meta property=\"og:title\" content=\"Formalit\u00e4ten zur Vorbereitung Ihrer Reise in die USA\" \/>\n<meta property=\"og:description\" content=\"Ein Umzug in die USA ist eine aufregende Erfahrung, die gut vorbereitet sein will, sonst droht ein Albtraum. Erinnerung an die einzuhaltenden Formalit\u00e4ten USA\" \/>\n<meta property=\"og:url\" content=\"https:\/\/123-esta.com\/de\/formalitaten-usa\/\" \/>\n<meta property=\"og:site_name\" content=\"Formulaire ESTA pour les USA\" \/>\n<meta property=\"article:modified_time\" content=\"2022-08-23T21:43:08+00:00\" \/>\n<meta name=\"twitter:card\" content=\"summary_large_image\" \/>\n<meta name=\"twitter:label1\" content=\"Gesch\u00e4tzte Lesezeit\" \/>\n\t<meta name=\"twitter:data1\" content=\"3\u00a0Minuten\" \/>\n<script type=\"application\/ld+json\" class=\"yoast-schema-graph\">{\"@context\":\"https:\/\/schema.org\",\"@graph\":[{\"@type\":\"WebPage\",\"@id\":\"https:\/\/123-esta.com\/de\/formalitaten-usa\/\",\"url\":\"https:\/\/123-esta.com\/de\/formalitaten-usa\/\",\"name\":\"Formalit\u00e4ten zur Vorbereitung Ihrer Reise in die USA\",\"isPartOf\":{\"@id\":\"https:\/\/123-esta.com\/de\/#website\"},\"datePublished\":\"2022-07-27T19:35:16+00:00\",\"dateModified\":\"2022-08-23T21:43:08+00:00\",\"description\":\"Ein Umzug in die USA ist eine aufregende Erfahrung, die gut vorbereitet sein will, sonst droht ein Albtraum. Erinnerung an die einzuhaltenden Formalit\u00e4ten USA\",\"inLanguage\":\"de\",\"potentialAction\":[{\"@type\":\"ReadAction\",\"target\":[\"https:\/\/123-esta.com\/de\/formalitaten-usa\/\"]}]},{\"@type\":\"WebSite\",\"@id\":\"https:\/\/123-esta.com\/de\/#website\",\"url\":\"https:\/\/123-esta.com\/de\/\",\"name\":\"Formulaire ESTA pour les USA\",\"description\":\"\",\"publisher\":{\"@id\":\"https:\/\/123-esta.com\/de\/#organization\"},\"potentialAction\":[{\"@type\":\"SearchAction\",\"target\":{\"@type\":\"EntryPoint\",\"urlTemplate\":\"https:\/\/123-esta.com\/de\/?s={search_term_string}\"},\"query-input\":{\"@type\":\"PropertyValueSpecification\",\"valueRequired\":true,\"valueName\":\"search_term_string\"}}],\"inLanguage\":\"de\"},{\"@type\":\"Organization\",\"@id\":\"https:\/\/123-esta.com\/de\/#organization\",\"name\":\"Formulaire ESTA pour les USA\",\"url\":\"https:\/\/123-esta.com\/de\/\",\"logo\":{\"@type\":\"ImageObject\",\"inLanguage\":\"de\",\"@id\":\"https:\/\/123-esta.com\/de\/#\/schema\/logo\/image\/\",\"url\":\"https:\/\/123-esta.com\/wp-content\/uploads\/2018\/03\/logo-123-esta.png\",\"contentUrl\":\"https:\/\/123-esta.com\/wp-content\/uploads\/2018\/03\/logo-123-esta.png\",\"width\":191,\"height\":54,\"caption\":\"Formulaire ESTA pour les USA\"},\"image\":{\"@id\":\"https:\/\/123-esta.com\/de\/#\/schema\/logo\/image\/\"}}]}<\/script>\n<!-- \/ Yoast SEO plugin. -->","yoast_head_json":{"title":"Formalit\u00e4ten zur Vorbereitung Ihrer Reise in die USA","description":"Ein Umzug in die USA ist eine aufregende Erfahrung, die gut vorbereitet sein will, sonst droht ein Albtraum. Erinnerung an die einzuhaltenden Formalit\u00e4ten USA","robots":{"index":"index","follow":"follow","max-snippet":"max-snippet:-1","max-image-preview":"max-image-preview:large","max-video-preview":"max-video-preview:-1"},"canonical":"https:\/\/123-esta.com\/de\/formalitaten-usa\/","og_locale":"de_DE","og_type":"article","og_title":"Formalit\u00e4ten zur Vorbereitung Ihrer Reise in die USA","og_description":"Ein Umzug in die USA ist eine aufregende Erfahrung, die gut vorbereitet sein will, sonst droht ein Albtraum. Erinnerung an die einzuhaltenden Formalit\u00e4ten USA","og_url":"https:\/\/123-esta.com\/de\/formalitaten-usa\/","og_site_name":"Formulaire ESTA pour les USA","article_modified_time":"2022-08-23T21:43:08+00:00","twitter_card":"summary_large_image","twitter_misc":{"Gesch\u00e4tzte Lesezeit":"3\u00a0Minuten"},"schema":{"@context":"https:\/\/schema.org","@graph":[{"@type":"WebPage","@id":"https:\/\/123-esta.com\/de\/formalitaten-usa\/","url":"https:\/\/123-esta.com\/de\/formalitaten-usa\/","name":"Formalit\u00e4ten zur Vorbereitung Ihrer Reise in die USA","isPartOf":{"@id":"https:\/\/123-esta.com\/de\/#website"},"datePublished":"2022-07-27T19:35:16+00:00","dateModified":"2022-08-23T21:43:08+00:00","description":"Ein Umzug in die USA ist eine aufregende Erfahrung, die gut vorbereitet sein will, sonst droht ein Albtraum. Erinnerung an die einzuhaltenden Formalit\u00e4ten USA","inLanguage":"de","potentialAction":[{"@type":"ReadAction","target":["https:\/\/123-esta.com\/de\/formalitaten-usa\/"]}]},{"@type":"WebSite","@id":"https:\/\/123-esta.com\/de\/#website","url":"https:\/\/123-esta.com\/de\/","name":"Formulaire ESTA pour les USA","description":"","publisher":{"@id":"https:\/\/123-esta.com\/de\/#organization"},"potentialAction":[{"@type":"SearchAction","target":{"@type":"EntryPoint","urlTemplate":"https:\/\/123-esta.com\/de\/?s={search_term_string}"},"query-input":{"@type":"PropertyValueSpecification","valueRequired":true,"valueName":"search_term_string"}}],"inLanguage":"de"},{"@type":"Organization","@id":"https:\/\/123-esta.com\/de\/#organization","name":"Formulaire ESTA pour les USA","url":"https:\/\/123-esta.com\/de\/","logo":{"@type":"ImageObject","inLanguage":"de","@id":"https:\/\/123-esta.com\/de\/#\/schema\/logo\/image\/","url":"https:\/\/123-esta.com\/wp-content\/uploads\/2018\/03\/logo-123-esta.png","contentUrl":"https:\/\/123-esta.com\/wp-content\/uploads\/2018\/03\/logo-123-esta.png","width":191,"height":54,"caption":"Formulaire ESTA pour les USA"},"image":{"@id":"https:\/\/123-esta.com\/de\/#\/schema\/logo\/image\/"}}]}},"_links":{"self":[{"href":"https:\/\/123-esta.com\/de\/wp-json\/wp\/v2\/pages\/2443","targetHints":{"allow":["GET"]}}],"collection":[{"href":"https:\/\/123-esta.com\/de\/wp-json\/wp\/v2\/pages"}],"about":[{"href":"https:\/\/123-esta.com\/de\/wp-json\/wp\/v2\/types\/page"}],"author":[{"embeddable":true,"href":"https:\/\/123-esta.com\/de\/wp-json\/wp\/v2\/users\/1"}],"replies":[{"embeddable":true,"href":"https:\/\/123-esta.com\/de\/wp-json\/wp\/v2\/comments?post=2443"}],"version-history":[{"count":0,"href":"https:\/\/123-esta.com\/de\/wp-json\/wp\/v2\/pages\/2443\/revisions"}],"wp:attachment":[{"href":"https:\/\/123-esta.com\/de\/wp-json\/wp\/v2\/media?parent=2443"}],"curies":[{"name":"wp","href":"https:\/\/api.w.org\/{rel}","templated":true}]}}