{"id":2442,"date":"2022-07-27T21:35:16","date_gmt":"2022-07-27T19:35:16","guid":{"rendered":"https:\/\/123-esta.com\/wie-erhalte-ich-ein-visum-fuer-die-vereinigten-staaten\/"},"modified":"2022-09-01T10:31:15","modified_gmt":"2022-09-01T08:31:15","slug":"wie-erhalte-ich-ein-visum-fuer-die-vereinigten-staaten","status":"publish","type":"page","link":"https:\/\/123-esta.com\/de\/wie-erhalte-ich-ein-visum-fuer-die-vereinigten-staaten\/","title":{"rendered":"Ein Visum f\u00fcr die USA beantragen"},"content":{"rendered":"\n<p>Die US-Beh\u00f6rden nehmen die Sicherheit ihres Hoheitsgebiets sehr ernst, und seit der \u00dcbernahme der Regierungsgesch\u00e4fte durch Pr\u00e4sident Trump noch mehr. Au\u00dferdem m\u00fcssen alle nicht-amerikanischen Antragsteller sicherstellen, dass sie die Voraussetzungen f\u00fcr ein <a href=\"https:\/\/123-esta.com\/de\/braucht-man-ein-visum-fur-die-usa\/\">US-Visum<\/a> erf\u00fcllen. Das Antragsverfahren und die einzureichenden Unterlagen sind jedoch je nach Kategorie des Visums unterschiedlich. Aber was sind dann die Schritte und konkret, wie bekommt man ein Visum f\u00fcr die USA?<\/p>\n\n<h2 class=\"wp-block-heading\">Bestimmen Sie die Art Ihres Visums f\u00fcr die USA<\/h2>\n\n<p>Um festzustellen, wie Sie ein Visum f\u00fcr die USA erhalten, m\u00fcssen Sie vor allem die Art des ben\u00f6tigten Visums bestimmen, denn es gibt viele davon!<\/p>\n\n<p>Abgesehen vom US-Visa Waiver Program, das nicht jeder in Anspruch nehmen kann, gibt es zwei Kategorien von Visa: das Non-Immigrant-Visum f\u00fcr vor\u00fcbergehende Aufenthalte und im Gegensatz dazu das Immigrant-Visum f\u00fcr Personen, die sich dauerhaft in den USA aufhalten wollen. In jedem Fall ist die <a href=\"https:\/\/123-esta.com\/de\/antrag-auf-visum-usa\/\">Beantragung eines USA-Visums<\/a> f\u00fcr die Einreise in die <a href=\"https:\/\/123-esta.com\/de\/antrag-auf-visum-usa\/\">USA<\/a> unerl\u00e4sslich, unabh\u00e4ngig davon, was der Zweck des Aufenthalts ist.<\/p>\n\n<p>Personen, die f\u00fcr einen vor\u00fcbergehenden Aufenthalt in die USA gehen m\u00f6chten, haben den Status eines Non-Immigrant Applicant. So k\u00f6nnen sie zum Beispiel ein B-Visum f\u00fcr Besucher, ein C-Visum f\u00fcr Transit, ein F-, M- oder J-Visum f\u00fcr Studenten beantragen &#8211; die Liste ist lang! Es gibt auf jeden Fall ein Visum, das dem Grund Ihres Aufenthalts in den USA entspricht.<\/p>\n\n<p>Personen, die dauerhaft in den USA leben m\u00f6chten, m\u00fcssen dagegen ein Einwanderervisum beantragen. Anders als beim Non-Immigrant-Visum kann der Antragsteller den Prozess jedoch nicht selbst einleiten. Die USA \u00f6ffnen trotz ihrer Tradition als gastfreundliches Land ihre T\u00fcren nicht f\u00fcr jeden, der will. Jeder, der sich dauerhaft in den USA niederlassen m\u00f6chte, muss ein Daueraufenthaltsvisum beantragen, f\u00fcr das man gesponsert oder in der Diversity Visa Lotterie (auch bekannt als Green Card Lotterie) ausgew\u00e4hlt werden muss. Befristetes Visum oder Visum f\u00fcr Daueraufenthalter, in allen F\u00e4llen wird ein Teil des Verfahrens online durchgef\u00fchrt.<\/p>\n\n<h2 class=\"wp-block-heading\">Online-Bewerbung f\u00fcr ein Visum f\u00fcr die USA<\/h2>\n\n<p>Wie bereits erw\u00e4hnt, h\u00e4ngt die Beantragung eines <a href=\"https:\/\/123-esta.com\/de\/touristenvisum-vereinigten-staaten\/\">B2-Touristenvisums f\u00fcr die USA<\/a> von der Kategorie des Visums ab. Anders als beim Visa Waiver System (VWP), bei dem der Antrag vollst\u00e4ndig papierlos ist, wird nur ein Teil des Verfahrens online auf der Website der US-Botschaft abgewickelt.<\/p>\n\n<p>Im Allgemeinen m\u00fcssen Sie ein Formular ausf\u00fcllen (DS-160 f\u00fcr Nicht-Immigranten), die erforderlichen Dokumente zusammenstellen (biometrischer oder elektronischer Reisepass, Dokumente, die Ihren Aufenthaltsstatus belegen usw.), ein Online-Konto einrichten und die Antragsgeb\u00fchr bezahlen. Der <a href=\"https:\/\/123-esta.com\/de\/was-ist-der-preis-eines-visums-fur-die-usa\/\">Preis f\u00fcr ein USA-Visum<\/a> unterscheidet sich je nach Art der beantragten Genehmigung.<\/p>\n\n<p>Nachdem Sie Ihren Antrag best\u00e4tigt haben, erhalten Sie schlie\u00dflich eine Nachricht, in der Ihnen die weiteren Schritte f\u00fcr Ihr Gespr\u00e4ch mit einem Konsularbeamten mitgeteilt werden. Beachten Sie, dass die Wartezeit f\u00fcr einen Termin bei der US-Botschaft oder dem Konsulat zur Beantragung eines Visums f\u00fcr die USA je nach Einrichtung unterschiedlich lang ist. Es ist daher sehr ratsam, den Visumantrag so fr\u00fch wie m\u00f6glich zu stellen.<\/p>\n\n<p>Das Gespr\u00e4ch selbst dauert relativ kurz &#8211; etwa zehn Minuten &#8211; und erm\u00f6glicht es Ihrem Gespr\u00e4chspartner, festzustellen, ob Sie berechtigt sind, amerikanischen Boden zu betreten oder nicht.<\/p>\n\n<h2 class=\"wp-block-heading\">Wie lange dauert es, ein USA-Visum zu erhalten?<\/h2>\n\n<p>Nachdem Sie Ihr Interview absolviert haben, teilt Ihnen der Konsularbeamte seine Entscheidung mit. Wenn Ihnen das Visum erteilt wird, beh\u00e4lt der Beamte der US-Beh\u00f6rde Ihren Reisepass, um Ihr USA-Visum einzutragen. Sie gehen also nicht sofort mit Ihrem Sesam in der Tasche nach Hause, sondern erhalten Ihren Reisepass innerhalb von 3 bis 5 Werktagen per Post.<br\/>Wenn Sie noch Fragen dazu haben, wie Sie ein Visum f\u00fcr die USA erhalten, k\u00f6nnen Sie sich an die n\u00e4chstgelegene US-Botschaft oder das n\u00e4chstgelegene US-Konsulat wenden.<\/p>\n","protected":false},"excerpt":{"rendered":"<p>Die US-Beh\u00f6rden nehmen die Sicherheit ihres Hoheitsgebiets sehr ernst, und seit der \u00dcbernahme der Regierungsgesch\u00e4fte durch Pr\u00e4sident Trump noch mehr. Au\u00dferdem m\u00fcssen alle nicht-amerikanischen Antragsteller sicherstellen, dass sie die Voraussetzungen f\u00fcr ein US-Visum erf\u00fcllen. Das Antragsverfahren und die einzureichenden Unterlagen sind jedoch je nach Kategorie des Visums unterschiedlich. Aber was sind dann die Schritte und [&hellip;]<\/p>\n","protected":false},"author":1,"featured_media":0,"parent":0,"menu_order":0,"comment_status":"closed","ping_status":"closed","template":"","meta":{"site-sidebar-layout":"default","site-content-layout":"default","ast-site-content-layout":"default","site-content-style":"default","site-sidebar-style":"default","ast-global-header-display":"","ast-banner-title-visibility":"","ast-main-header-display":"","ast-hfb-above-header-display":"","ast-hfb-below-header-display":"","ast-hfb-mobile-header-display":"","site-post-title":"","ast-breadcrumbs-content":"","ast-featured-img":"","footer-sml-layout":"","ast-disable-related-posts":"","theme-transparent-header-meta":"default","adv-header-id-meta":"","stick-header-meta":"default","header-above-stick-meta":"","header-main-stick-meta":"","header-below-stick-meta":"","astra-migrate-meta-layouts":"default","ast-page-background-enabled":"default","ast-page-background-meta":{"desktop":{"background-color":"","background-image":"","background-repeat":"repeat","background-position":"center center","background-size":"auto","background-attachment":"scroll","background-type":"","background-media":"","overlay-type":"","overlay-color":"","overlay-opacity":"","overlay-gradient":""},"tablet":{"background-color":"","background-image":"","background-repeat":"repeat","background-position":"center center","background-size":"auto","background-attachment":"scroll","background-type":"","background-media":"","overlay-type":"","overlay-color":"","overlay-opacity":"","overlay-gradient":""},"mobile":{"background-color":"","background-image":"","background-repeat":"repeat","background-position":"center center","background-size":"auto","background-attachment":"scroll","background-type":"","background-media":"","overlay-type":"","overlay-color":"","overlay-opacity":"","overlay-gradient":""}},"ast-content-background-meta":{"desktop":{"background-color":"var(--ast-global-color-5)","background-image":"","background-repeat":"repeat","background-position":"center center","background-size":"auto","background-attachment":"scroll","background-type":"","background-media":"","overlay-type":"","overlay-color":"","overlay-opacity":"","overlay-gradient":""},"tablet":{"background-color":"var(--ast-global-color-5)","background-image":"","background-repeat":"repeat","background-position":"center center","background-size":"auto","background-attachment":"scroll","background-type":"","background-media":"","overlay-type":"","overlay-color":"","overlay-opacity":"","overlay-gradient":""},"mobile":{"background-color":"var(--ast-global-color-5)","background-image":"","background-repeat":"repeat","background-position":"center center","background-size":"auto","background-attachment":"scroll","background-type":"","background-media":"","overlay-type":"","overlay-color":"","overlay-opacity":"","overlay-gradient":""}},"footnotes":""},"class_list":["post-2442","page","type-page","status-publish","hentry"],"yoast_head":"<!-- This site is optimized with the Yoast SEO plugin v27.1.1 - https:\/\/yoast.com\/product\/yoast-seo-wordpress\/ -->\n<title>Wie man ein Visum f\u00fcr die Ausreise in die USA erh\u00e4lt<\/title>\n<meta name=\"description\" content=\"Das ESTA ist nicht f\u00fcr alle Arten von Aufenthalten in den USA geeignet und ein Visumantrag kann unvermeidlich sein. Unsere Tipps f\u00fcr einen schnellen Visumantrag.\" \/>\n<meta name=\"robots\" content=\"index, follow, max-snippet:-1, max-image-preview:large, max-video-preview:-1\" \/>\n<link rel=\"canonical\" href=\"https:\/\/123-esta.com\/de\/wie-erhalte-ich-ein-visum-fuer-die-vereinigten-staaten\/\" \/>\n<meta property=\"og:locale\" content=\"de_DE\" \/>\n<meta property=\"og:type\" content=\"article\" \/>\n<meta property=\"og:title\" content=\"Wie man ein Visum f\u00fcr die Ausreise in die USA erh\u00e4lt\" \/>\n<meta property=\"og:description\" content=\"Das ESTA ist nicht f\u00fcr alle Arten von Aufenthalten in den USA geeignet und ein Visumantrag kann unvermeidlich sein. Unsere Tipps f\u00fcr einen schnellen Visumantrag.\" \/>\n<meta property=\"og:url\" content=\"https:\/\/123-esta.com\/de\/wie-erhalte-ich-ein-visum-fuer-die-vereinigten-staaten\/\" \/>\n<meta property=\"og:site_name\" content=\"Formulaire ESTA pour les USA\" \/>\n<meta property=\"article:modified_time\" content=\"2022-09-01T08:31:15+00:00\" \/>\n<meta name=\"twitter:card\" content=\"summary_large_image\" \/>\n<meta name=\"twitter:label1\" content=\"Gesch\u00e4tzte Lesezeit\" \/>\n\t<meta name=\"twitter:data1\" content=\"3\u00a0Minuten\" \/>\n<script type=\"application\/ld+json\" class=\"yoast-schema-graph\">{\"@context\":\"https:\/\/schema.org\",\"@graph\":[{\"@type\":\"WebPage\",\"@id\":\"https:\/\/123-esta.com\/de\/wie-erhalte-ich-ein-visum-fuer-die-vereinigten-staaten\/\",\"url\":\"https:\/\/123-esta.com\/de\/wie-erhalte-ich-ein-visum-fuer-die-vereinigten-staaten\/\",\"name\":\"Wie man ein Visum f\u00fcr die Ausreise in die USA erh\u00e4lt\",\"isPartOf\":{\"@id\":\"https:\/\/123-esta.com\/de\/#website\"},\"datePublished\":\"2022-07-27T19:35:16+00:00\",\"dateModified\":\"2022-09-01T08:31:15+00:00\",\"description\":\"Das ESTA ist nicht f\u00fcr alle Arten von Aufenthalten in den USA geeignet und ein Visumantrag kann unvermeidlich sein. Unsere Tipps f\u00fcr einen schnellen Visumantrag.\",\"inLanguage\":\"de\",\"potentialAction\":[{\"@type\":\"ReadAction\",\"target\":[\"https:\/\/123-esta.com\/de\/wie-erhalte-ich-ein-visum-fuer-die-vereinigten-staaten\/\"]}]},{\"@type\":\"WebSite\",\"@id\":\"https:\/\/123-esta.com\/de\/#website\",\"url\":\"https:\/\/123-esta.com\/de\/\",\"name\":\"Formulaire ESTA pour les USA\",\"description\":\"\",\"publisher\":{\"@id\":\"https:\/\/123-esta.com\/de\/#organization\"},\"potentialAction\":[{\"@type\":\"SearchAction\",\"target\":{\"@type\":\"EntryPoint\",\"urlTemplate\":\"https:\/\/123-esta.com\/de\/?s={search_term_string}\"},\"query-input\":{\"@type\":\"PropertyValueSpecification\",\"valueRequired\":true,\"valueName\":\"search_term_string\"}}],\"inLanguage\":\"de\"},{\"@type\":\"Organization\",\"@id\":\"https:\/\/123-esta.com\/de\/#organization\",\"name\":\"Formulaire ESTA pour les USA\",\"url\":\"https:\/\/123-esta.com\/de\/\",\"logo\":{\"@type\":\"ImageObject\",\"inLanguage\":\"de\",\"@id\":\"https:\/\/123-esta.com\/de\/#\/schema\/logo\/image\/\",\"url\":\"https:\/\/123-esta.com\/wp-content\/uploads\/2018\/03\/logo-123-esta.png\",\"contentUrl\":\"https:\/\/123-esta.com\/wp-content\/uploads\/2018\/03\/logo-123-esta.png\",\"width\":191,\"height\":54,\"caption\":\"Formulaire ESTA pour les USA\"},\"image\":{\"@id\":\"https:\/\/123-esta.com\/de\/#\/schema\/logo\/image\/\"}}]}<\/script>\n<!-- \/ Yoast SEO plugin. -->","yoast_head_json":{"title":"Wie man ein Visum f\u00fcr die Ausreise in die USA erh\u00e4lt","description":"Das ESTA ist nicht f\u00fcr alle Arten von Aufenthalten in den USA geeignet und ein Visumantrag kann unvermeidlich sein. Unsere Tipps f\u00fcr einen schnellen Visumantrag.","robots":{"index":"index","follow":"follow","max-snippet":"max-snippet:-1","max-image-preview":"max-image-preview:large","max-video-preview":"max-video-preview:-1"},"canonical":"https:\/\/123-esta.com\/de\/wie-erhalte-ich-ein-visum-fuer-die-vereinigten-staaten\/","og_locale":"de_DE","og_type":"article","og_title":"Wie man ein Visum f\u00fcr die Ausreise in die USA erh\u00e4lt","og_description":"Das ESTA ist nicht f\u00fcr alle Arten von Aufenthalten in den USA geeignet und ein Visumantrag kann unvermeidlich sein. Unsere Tipps f\u00fcr einen schnellen Visumantrag.","og_url":"https:\/\/123-esta.com\/de\/wie-erhalte-ich-ein-visum-fuer-die-vereinigten-staaten\/","og_site_name":"Formulaire ESTA pour les USA","article_modified_time":"2022-09-01T08:31:15+00:00","twitter_card":"summary_large_image","twitter_misc":{"Gesch\u00e4tzte Lesezeit":"3\u00a0Minuten"},"schema":{"@context":"https:\/\/schema.org","@graph":[{"@type":"WebPage","@id":"https:\/\/123-esta.com\/de\/wie-erhalte-ich-ein-visum-fuer-die-vereinigten-staaten\/","url":"https:\/\/123-esta.com\/de\/wie-erhalte-ich-ein-visum-fuer-die-vereinigten-staaten\/","name":"Wie man ein Visum f\u00fcr die Ausreise in die USA erh\u00e4lt","isPartOf":{"@id":"https:\/\/123-esta.com\/de\/#website"},"datePublished":"2022-07-27T19:35:16+00:00","dateModified":"2022-09-01T08:31:15+00:00","description":"Das ESTA ist nicht f\u00fcr alle Arten von Aufenthalten in den USA geeignet und ein Visumantrag kann unvermeidlich sein. Unsere Tipps f\u00fcr einen schnellen Visumantrag.","inLanguage":"de","potentialAction":[{"@type":"ReadAction","target":["https:\/\/123-esta.com\/de\/wie-erhalte-ich-ein-visum-fuer-die-vereinigten-staaten\/"]}]},{"@type":"WebSite","@id":"https:\/\/123-esta.com\/de\/#website","url":"https:\/\/123-esta.com\/de\/","name":"Formulaire ESTA pour les USA","description":"","publisher":{"@id":"https:\/\/123-esta.com\/de\/#organization"},"potentialAction":[{"@type":"SearchAction","target":{"@type":"EntryPoint","urlTemplate":"https:\/\/123-esta.com\/de\/?s={search_term_string}"},"query-input":{"@type":"PropertyValueSpecification","valueRequired":true,"valueName":"search_term_string"}}],"inLanguage":"de"},{"@type":"Organization","@id":"https:\/\/123-esta.com\/de\/#organization","name":"Formulaire ESTA pour les USA","url":"https:\/\/123-esta.com\/de\/","logo":{"@type":"ImageObject","inLanguage":"de","@id":"https:\/\/123-esta.com\/de\/#\/schema\/logo\/image\/","url":"https:\/\/123-esta.com\/wp-content\/uploads\/2018\/03\/logo-123-esta.png","contentUrl":"https:\/\/123-esta.com\/wp-content\/uploads\/2018\/03\/logo-123-esta.png","width":191,"height":54,"caption":"Formulaire ESTA pour les USA"},"image":{"@id":"https:\/\/123-esta.com\/de\/#\/schema\/logo\/image\/"}}]}},"_links":{"self":[{"href":"https:\/\/123-esta.com\/de\/wp-json\/wp\/v2\/pages\/2442","targetHints":{"allow":["GET"]}}],"collection":[{"href":"https:\/\/123-esta.com\/de\/wp-json\/wp\/v2\/pages"}],"about":[{"href":"https:\/\/123-esta.com\/de\/wp-json\/wp\/v2\/types\/page"}],"author":[{"embeddable":true,"href":"https:\/\/123-esta.com\/de\/wp-json\/wp\/v2\/users\/1"}],"replies":[{"embeddable":true,"href":"https:\/\/123-esta.com\/de\/wp-json\/wp\/v2\/comments?post=2442"}],"version-history":[{"count":0,"href":"https:\/\/123-esta.com\/de\/wp-json\/wp\/v2\/pages\/2442\/revisions"}],"wp:attachment":[{"href":"https:\/\/123-esta.com\/de\/wp-json\/wp\/v2\/media?parent=2442"}],"curies":[{"name":"wp","href":"https:\/\/api.w.org\/{rel}","templated":true}]}}