{"id":2433,"date":"2022-07-27T21:35:15","date_gmt":"2022-07-27T19:35:15","guid":{"rendered":"https:\/\/123-esta.com\/esta-offiziell\/"},"modified":"2022-07-29T15:57:53","modified_gmt":"2022-07-29T13:57:53","slug":"esta-offiziell","status":"publish","type":"page","link":"https:\/\/123-esta.com\/de\/esta-offiziell\/","title":{"rendered":"Mit dem offiziellen ESTA ohne Visum in die USA reisen"},"content":{"rendered":"\n<p><span style=\"font-weight: 400;\">Sind Sie ein Fan der amerikanischen Kultur? Sie sollten wissen, dass es noch nie so einfach war, in die USA zu reisen. Es ist durchaus m\u00f6glich, ohne ein <a href=\"https:\/\/123-esta.com\/de\/touristenvisum-vereinigten-staaten\/\">B2-Touristenvisum<\/a> in die USA zu reisen. Es gen\u00fcgt eine einfache elektronische Reisegenehmigung: das offizielle ESTA. Von der US-Regierung eingef\u00fchrt, soll es die innere Sicherheit st\u00e4rken und gleichzeitig die Einreiseformalit\u00e4ten in die USA erleichtern. Das offizielle ESTA ist jedoch nicht f\u00fcr jeden zug\u00e4nglich. In diesem Artikel werden wir die verschiedenen Bedingungen betrachten, die erf\u00fcllt sein m\u00fcssen, um f\u00fcr ESTA in Frage zu kommen. Wir werden dann detailliert beschreiben, wie Sie vorgehen m\u00fcssen, um einen solchen Antrag zu stellen.  <\/span><\/p>\n\n<h2 class=\"wp-block-heading\"><span style=\"font-weight: 400;\">Die Voraussetzungen f\u00fcr ESTA.<\/span><span style=\"font-weight: 400;\">Offizielles ESTA <\/span><span style=\"font-weight: 400;\">Vereinigte Staaten <\/span> <\/h2>\n\n<h3 class=\"wp-block-heading\"><span style=\"font-weight: 400;\">Die Staatsangeh\u00f6rigkeit des Staatsangeh\u00f6rigen<\/span><\/h3>\n\n<p><span style=\"font-weight: 400;\">Das erste, was Sie vor der Beantragung der offiziellen ESTA-Genehmigung \u00fcberpr\u00fcfen sollten, ist, ob Ihre Nationalit\u00e4t Teil des VWP (Visa Waiver Program) ist. Diese Regelung zur Befreiung von der Visumspflicht betrifft seit 2022 insgesamt 40 Nationen. Zu den Mitgliedsl\u00e4ndern geh\u00f6ren u. a. die EU-L\u00e4nder (Frankreich, Italien, Spanien, Polen usw.), Australien, Neuseeland oder auch Japan.<\/span><\/p>\n\n<p><span style=\"font-weight: 400;\">Europ\u00e4ische Staatsangeh\u00f6rige k\u00f6nnen also ohne Visum in die USA reisen, vorausgesetzt, sie haben nicht die doppelte Staatsb\u00fcrgerschaft von Syrien, Irak, Iran oder Sudan.  <\/span><\/p>\n\n<h3 class=\"wp-block-heading\"><span style=\"font-weight: 400;\">Der Reisepass des Reisenden  <\/span><\/h3>\n\n<p><span style=\"font-weight: 400;\">F\u00fcr die Einreise in das Land muss nat\u00fcrlich immer ein g\u00fcltiger Ausweis mitgef\u00fchrt werden. Die US-Beh\u00f6rden schreiben vor, dass Reisende einen biometrischen Reisepass oder einen elektronischen Reisepass besitzen m\u00fcssen. Diese Bedingung gilt \u00fcbrigens sowohl f\u00fcr das ESTA als auch f\u00fcr das USA-Visum.  <\/span><\/p>\n\n<p><span style=\"font-weight: 400;\">Au\u00dferdem wird ein g\u00fcltiger Reisepass verlangt, der die gesamte Dauer Ihrer Reise in die USA abdeckt. Wenn dieser vor Ihrer Abreise in die USA abl\u00e4uft, m\u00fcssen Sie Ihren Reisepass bei Ihrer Stadtverwaltung verl\u00e4ngern lassen.<\/span><\/p>\n\n<h3 class=\"wp-block-heading\"><span style=\"font-weight: 400;\">Die Art und Weise der Einreise in die USA  <\/span><\/h3>\n\n<p><span style=\"font-weight: 400;\">Das ESTA-Visum berechtigt ausl\u00e4ndische Staatsangeh\u00f6rige zur Einreise auf dem Luft- oder Seeweg. Wenn Sie auf dem Landweg in die USA einreisen, m\u00fcssen Sie k\u00fcnftig auch aus Mexiko oder Kanada einen ESTA-Antrag stellen, da das Formular l94-W seit Mai 2022 nicht mehr ausreicht.  <\/span><\/p>\n\n<h3 class=\"wp-block-heading\"><span style=\"font-weight: 400;\">Der Grund f\u00fcr die Reise in die USA  <\/span><\/h3>\n\n<p><span style=\"font-weight: 400;\">Das offizielle ESTA wird nur f\u00fcr drei Arten von Aufenthalten in den USA ausgestellt:  <\/span><\/p>\n\n<ul class=\"wp-block-list\"><li><span style=\"font-weight: 400;\">eine touristische Reise (Besuch von New York, Camping in den Nationalparks, Roadtrip durch den amerikanischen Westen &#8230;) ;  <\/span><\/li><li><span style=\"font-weight: 400;\">eine Gesch\u00e4ftsreise (Besuch eines Gesch\u00e4ftspartners, Unterzeichnung eines Vertrags, Konferenz usw.). Achtung: Wenn Sie in die USA reisen m\u00f6chten, um ein Praktikum zu absolvieren oder zu arbeiten, k\u00f6nnen Sie kein ESTA erhalten. Sie m\u00fcssen unbedingt ein US-Visum bei der US-Botschaft beantragen;  <\/span><\/li><li><span style=\"font-weight: 400;\">einen <a href=\"https:\/\/123-esta.com\/de\/sollte-man-einen-esta-fur-einen-transit-beantragen\/\">Transit durch die USA<\/a> zu Ihrem Endziel.  <\/span><\/li><\/ul>\n\n<h3 class=\"wp-block-heading\"><span style=\"font-weight: 400;\">Die Dauer des Aufenthalts in den USA  <\/span><\/h3>\n\n<p><span style=\"font-weight: 400;\">Wenn Sie vorhaben, sich bis zu 90 Tage in den USA aufzuhalten, ist es Ihnen eventuell m\u00f6glich, einfach mit einem <\/span><span style=\"font-weight: 400;\">Offizielles ESTA<\/span><span style=\"font-weight: 400;\">. Sie werden aufgefordert, dem Einwanderungsbeamten ein Hin- und R\u00fcckflugticket oder ein Weiterflugticket (Ausreise) vorzulegen.<\/span><\/p>\n\n<p><span style=\"font-weight: 400;\">Wenn Ihr Aufenthalt diese Schwelle auch nur um einen Tag \u00fcberschreitet, ist die Beantragung eines USA-Visums erforderlich. Um <a href=\"https:\/\/123-esta.com\/de\/wie-erhalte-ich-ein-visum-fuer-die-vereinigten-staaten\/\">ein US-Visum<\/a> zu erhalten, m\u00fcssen Sie physisch zur US-Botschaft oder zum US-Konsulat gehen.  <\/span><\/p>\n\n<p><span style=\"font-weight: 400;\">Wenn Sie alle Voraussetzungen erf\u00fcllen, k\u00f6nnen Sie dann offiziell einen Antrag auf eine befristete Aufenthaltsgenehmigung f\u00fcr Reisen in die USA stellen.  <\/span><\/p>\n\n<h2 class=\"wp-block-heading\"><span style=\"font-weight: 400;\">Wie stelle ich einen offiziellen ESTA-Antrag?  <\/span><\/h2>\n\n<p><span style=\"font-weight: 400;\">Das Verfahren zur Beantragung einer offiziellen ESTA-Genehmigung ist einfach: Sie m\u00fcssen nur <a href=\"https:\/\/123-esta.com\/de\/formular-esta\/\">ein Online-Formular<\/a> ausf\u00fcllen. Das Antragsformular finden Sie auf der offiziellen Website der US-Regierung.  <\/span><\/p>\n\n<h3 class=\"wp-block-heading\"><span style=\"font-weight: 400;\">Das Online-Formular auf der offiziellen Website<\/span><\/h3>\n\n<p><span style=\"font-weight: 400;\">Das offizielle ESTA-Formular ist schnell ausgef\u00fcllt. Er erfordert jedoch eine gewisse Sorgfalt, da die elektronischen Systeme der US-Regierung Ihren Antrag m\u00f6glicherweise ablehnen, wenn Sie bei den geforderten Informationen einen Fehler machen. Vorsicht insbesondere bei verheirateten Frauen: Der Nachname, den Sie auf dem ESTA-Formular angeben m\u00fcssen, ist der Name, der in Ihrem Reisepass steht (M\u00e4dchenname oder Ehename).  <\/span><\/p>\n\n<p><span style=\"font-weight: 400;\">Das offizielle ESTA-Formular ist wie folgt aufgebaut:  <\/span><\/p>\n\n<ol class=\"wp-block-list\"><li style=\"font-weight: 400;\"><span style=\"font-weight: 400;\">der erste Teil bezieht sich auf Ihren Lebenslauf und die Gr\u00fcnde f\u00fcr Ihre Reise in die Vereinigten Staaten;  <\/span><\/li><li style=\"font-weight: 400;\"><span style=\"font-weight: 400;\">im zweiten Teil m\u00fcssen Sie die Daten Ihres Reisepasses angeben (Passnummer, Ausstellungsland, Ablaufdatum usw.);  <\/span><\/li><li style=\"font-weight: 400;\"><span style=\"font-weight: 400;\">der letzte Teil hat die Form eines Fragebogens. Sie m\u00fcssen ein Dutzend geschlossener Fragen (mit Ja oder Nein zu beantworten) beantworten. Diese Fragen beziehen sich auf Ihre Vorstrafen, fr\u00fchere Auslandsaufenthalte und Ihren derzeitigen Gesundheitszustand.  <\/span><\/li><\/ol>\n\n<p><span style=\"font-weight: 400;\">Wenn Sie keine Unachtsamkeiten begangen haben, nicht anf\u00e4llig f\u00fcr eine \u00fcbertragbare Krankheit sind und noch nie wegen eines Verbrechens verurteilt wurden, wird die US Customs and Border Protection Ihren Online-Antrag h\u00f6chstwahrscheinlich genehmigen.  <\/span><\/p>\n\n<p><span style=\"font-weight: 400;\">Nachdem Sie Ihren Antrag auf der offiziellen ESTA-Website eingereicht haben, wird eine Wartezeit von bis zu 72 Stunden verlangt, bevor Sie eine Antwort von der Regierung erhalten.  <\/span><\/p>\n\n<h2 class=\"wp-block-heading\"><span style=\"font-weight: 400;\">Offizielle ESTA-Anwendung: Wie viel kostet sie?  <\/span><\/h2>\n\n<p><span style=\"font-weight: 400;\">F\u00fcr den Online-Antrag auf ein offizielles ESTA wird eine Verwaltungsgeb\u00fchr von 21 USD erhoben. Die Geb\u00fchr f\u00fcr das ESTA USA setzt sich wie folgt zusammen:  <\/span><\/p>\n\n<ul class=\"wp-block-list\"><li><span style=\"font-weight: 400;\">4 USD als Bearbeitungsgeb\u00fchr f\u00fcr den Antrag ;  <\/span><\/li><li><span style=\"font-weight: 400;\">17 USD f\u00fcr das Konto der Genehmigungsgeb\u00fchren. Der eingenommene Betrag wird zur F\u00f6rderung des USA-Tourismus auf internationaler Ebene verwendet. Wenn Ihr offizieller ESTA-Antrag von der US-Regierung abgelehnt wird, m\u00fcssen Sie diese Summe nicht zahlen.  <\/span><\/li><\/ul>\n\n<p><span style=\"font-weight: 400;\">Um zu bezahlen, werden Sie lediglich aufgefordert, Ihre Kreditkartendaten (Mastercard, Visa, American Express usw.) anzugeben.<\/span><\/p>\n\n<h2 class=\"wp-block-heading\"><span style=\"font-weight: 400;\">Bedingungen f\u00fcr die Nutzung von ESTA<\/span><span style=\"font-weight: 400;\">Offizielles ESTA USA <\/span> <\/h2>\n\n<p><span style=\"font-weight: 400;\">Wenn es bewilligt wird, ist das Reisedokument<\/span><span style=\"font-weight: 400;\"> Offizielles ESTA USA <\/span> <span style=\"font-weight: 400;\">hat eine G\u00fcltigkeitsdauer von 24 Monaten. Es erm\u00f6glicht den Staatsangeh\u00f6rigen, in diesem Zeitraum mehrere touristische oder gesch\u00e4ftliche Aufenthalte in den USA zu absolvieren. Dennoch gilt diese Bedingung nur, wenn Sie im Besitz eines g\u00fcltigen Reisepasses sind. Wenn das Ausweisdokument vor dem Enddatum Ihres ESTA abl\u00e4uft, wird Ihre Online-Reisegenehmigung unbrauchbar.<\/span><\/p>\n\n<p><span style=\"font-weight: 400;\">Wenn Sie nach Ablauf der zwei Jahre erneut in die USA reisen m\u00f6chten, ist es durchaus m\u00f6glich, das offizielle ESTA USA-Dokument zu erneuern. Das Verfahren ist das gleiche wie bei Ihrem ersten ESTA-Antrag: Gehen Sie einfach auf die Website der US-Regierung und reichen Sie mit Ihrem neuen Reisepass einen neuen Antrag ein.<\/span><\/p>\n\n<p><span style=\"font-weight: 400;\">Beachten Sie, dass es nicht notwendig ist, das ESTA-Formular vor der Einreise in die USA auszudrucken. Um sicherzustellen, dass Sie im Besitz des<\/span><span style=\"font-weight: 400;\">Offizielles ESTA,<\/span><span style=\"font-weight: 400;\">  der Beamte am Grenz\u00fcbergang scannt einfach Ihren Pass. Mithilfe der Informationssysteme der Zoll- und Grenzschutzbeh\u00f6rde der USA kann der Kontrollbeamte sofort sehen, ob Sie \u00fcber eine Aufenthaltsgenehmigung f\u00fcr die USA verf\u00fcgen.<\/span><\/p>\n\n<h2 class=\"wp-block-heading\"><span style=\"font-weight: 400;\">Was k\u00f6nnen Sie tun, wenn Ihr offizielles ESTA abgelehnt wurde?  <\/span><\/h2>\n\n<p><span style=\"font-weight: 400;\">F\u00fcr den Fall, dass die US-Beh\u00f6rden Ihnen die ESTA-Reisegenehmigung verweigern. Stellen Sie zun\u00e4chst sicher, dass die Ablehnung nicht auf einen Fehler im Formular zur\u00fcckzuf\u00fchren ist. Zu diesem Zeitpunkt sind zwei F\u00e4lle denkbar:  <\/span><\/p>\n\n<ul class=\"wp-block-list\"><li style=\"font-weight: 400;\"><span style=\"font-weight: 400;\">ein Fehler auf dem Formular erscheint. Sie m\u00fcssen das Verfahren von der offiziellen ESTA-Website aus von vorne beginnen;  <\/span><\/li><li style=\"font-weight: 400;\"><span style=\"font-weight: 400;\">es gibt keinen Fehler. Die Ablehnung kommt wahrscheinlich daher, dass die notwendigen Voraussetzungen f\u00fcr die Befreiung von der Visumspflicht nicht erf\u00fcllt wurden. Die einzige m\u00f6gliche Alternative ist dann, die US-Botschaft oder die Konsularabteilung zu kontaktieren, um ein Visum zu beantragen.  <\/span><\/li><\/ul>\n\n<p><span style=\"font-weight: 400;\">Bitte beachten Sie, dass die Beantragung eines ESTA-Antrags auf einer privaten, spezialisierten Website kein Hindernis f\u00fcr den Erhalt eines offiziellen ESTA darstellt. Der Wert Ihres ESTA wird dadurch nicht beeintr\u00e4chtigt. Der Unterschied liegt in der pers\u00f6nlichen Unterst\u00fctzung, die Ihnen angeboten wird, um das <a href=\"https:\/\/123-esta.com\/de\/grunde-fur-ein-abgelehntes-esta\/\">Risiko einer Ablehnung<\/a> zu verringern.<\/span><\/p>\n","protected":false},"excerpt":{"rendered":"<p>Sind Sie ein Fan der amerikanischen Kultur? Sie sollten wissen, dass es noch nie so einfach war, in die USA zu reisen. Es ist durchaus m\u00f6glich, ohne ein B2-Touristenvisum in die USA zu reisen. Es gen\u00fcgt eine einfache elektronische Reisegenehmigung: das offizielle ESTA. Von der US-Regierung eingef\u00fchrt, soll es die innere Sicherheit st\u00e4rken und gleichzeitig [&hellip;]<\/p>\n","protected":false},"author":1,"featured_media":0,"parent":0,"menu_order":0,"comment_status":"closed","ping_status":"closed","template":"","meta":{"site-sidebar-layout":"default","site-content-layout":"default","ast-site-content-layout":"default","site-content-style":"default","site-sidebar-style":"default","ast-global-header-display":"","ast-banner-title-visibility":"","ast-main-header-display":"","ast-hfb-above-header-display":"","ast-hfb-below-header-display":"","ast-hfb-mobile-header-display":"","site-post-title":"","ast-breadcrumbs-content":"","ast-featured-img":"","footer-sml-layout":"","ast-disable-related-posts":"","theme-transparent-header-meta":"default","adv-header-id-meta":"","stick-header-meta":"default","header-above-stick-meta":"","header-main-stick-meta":"","header-below-stick-meta":"","astra-migrate-meta-layouts":"default","ast-page-background-enabled":"default","ast-page-background-meta":{"desktop":{"background-color":"","background-image":"","background-repeat":"repeat","background-position":"center center","background-size":"auto","background-attachment":"scroll","background-type":"","background-media":"","overlay-type":"","overlay-color":"","overlay-opacity":"","overlay-gradient":""},"tablet":{"background-color":"","background-image":"","background-repeat":"repeat","background-position":"center center","background-size":"auto","background-attachment":"scroll","background-type":"","background-media":"","overlay-type":"","overlay-color":"","overlay-opacity":"","overlay-gradient":""},"mobile":{"background-color":"","background-image":"","background-repeat":"repeat","background-position":"center center","background-size":"auto","background-attachment":"scroll","background-type":"","background-media":"","overlay-type":"","overlay-color":"","overlay-opacity":"","overlay-gradient":""}},"ast-content-background-meta":{"desktop":{"background-color":"var(--ast-global-color-5)","background-image":"","background-repeat":"repeat","background-position":"center center","background-size":"auto","background-attachment":"scroll","background-type":"","background-media":"","overlay-type":"","overlay-color":"","overlay-opacity":"","overlay-gradient":""},"tablet":{"background-color":"var(--ast-global-color-5)","background-image":"","background-repeat":"repeat","background-position":"center center","background-size":"auto","background-attachment":"scroll","background-type":"","background-media":"","overlay-type":"","overlay-color":"","overlay-opacity":"","overlay-gradient":""},"mobile":{"background-color":"var(--ast-global-color-5)","background-image":"","background-repeat":"repeat","background-position":"center center","background-size":"auto","background-attachment":"scroll","background-type":"","background-media":"","overlay-type":"","overlay-color":"","overlay-opacity":"","overlay-gradient":""}},"footnotes":""},"class_list":["post-2433","page","type-page","status-publish","hentry"],"yoast_head":"<!-- This site is optimized with the Yoast SEO plugin v27.1.1 - https:\/\/yoast.com\/product\/yoast-seo-wordpress\/ -->\n<title>Mit dem offiziellen ESTA eine Reise in die USA antreten<\/title>\n<meta name=\"description\" content=\"Es ist m\u00f6glich, ohne Visum in die USA einzureisen. m\u00fcssen Sie nur ein offizielles ESTA beantragen. Um sie zu erhalten, sind bestimmte Voraussetzungen erforderlich.\" \/>\n<meta name=\"robots\" content=\"index, follow, max-snippet:-1, max-image-preview:large, max-video-preview:-1\" \/>\n<link rel=\"canonical\" href=\"https:\/\/123-esta.com\/de\/esta-offiziell\/\" \/>\n<meta property=\"og:locale\" content=\"de_DE\" \/>\n<meta property=\"og:type\" content=\"article\" \/>\n<meta property=\"og:title\" content=\"Mit dem offiziellen ESTA eine Reise in die USA antreten\" \/>\n<meta property=\"og:description\" content=\"Es ist m\u00f6glich, ohne Visum in die USA einzureisen. m\u00fcssen Sie nur ein offizielles ESTA beantragen. Um sie zu erhalten, sind bestimmte Voraussetzungen erforderlich.\" \/>\n<meta property=\"og:url\" content=\"https:\/\/123-esta.com\/de\/esta-offiziell\/\" \/>\n<meta property=\"og:site_name\" content=\"Formulaire ESTA pour les USA\" \/>\n<meta property=\"article:modified_time\" content=\"2022-07-29T13:57:53+00:00\" \/>\n<meta name=\"twitter:card\" content=\"summary_large_image\" \/>\n<meta name=\"twitter:label1\" content=\"Gesch\u00e4tzte Lesezeit\" \/>\n\t<meta name=\"twitter:data1\" content=\"6\u00a0Minuten\" \/>\n<script type=\"application\/ld+json\" class=\"yoast-schema-graph\">{\"@context\":\"https:\/\/schema.org\",\"@graph\":[{\"@type\":\"WebPage\",\"@id\":\"https:\/\/123-esta.com\/de\/esta-offiziell\/\",\"url\":\"https:\/\/123-esta.com\/de\/esta-offiziell\/\",\"name\":\"Mit dem offiziellen ESTA eine Reise in die USA antreten\",\"isPartOf\":{\"@id\":\"https:\/\/123-esta.com\/de\/#website\"},\"datePublished\":\"2022-07-27T19:35:15+00:00\",\"dateModified\":\"2022-07-29T13:57:53+00:00\",\"description\":\"Es ist m\u00f6glich, ohne Visum in die USA einzureisen. m\u00fcssen Sie nur ein offizielles ESTA beantragen. Um sie zu erhalten, sind bestimmte Voraussetzungen erforderlich.\",\"inLanguage\":\"de\",\"potentialAction\":[{\"@type\":\"ReadAction\",\"target\":[\"https:\/\/123-esta.com\/de\/esta-offiziell\/\"]}]},{\"@type\":\"WebSite\",\"@id\":\"https:\/\/123-esta.com\/de\/#website\",\"url\":\"https:\/\/123-esta.com\/de\/\",\"name\":\"Formulaire ESTA pour les USA\",\"description\":\"\",\"publisher\":{\"@id\":\"https:\/\/123-esta.com\/de\/#organization\"},\"potentialAction\":[{\"@type\":\"SearchAction\",\"target\":{\"@type\":\"EntryPoint\",\"urlTemplate\":\"https:\/\/123-esta.com\/de\/?s={search_term_string}\"},\"query-input\":{\"@type\":\"PropertyValueSpecification\",\"valueRequired\":true,\"valueName\":\"search_term_string\"}}],\"inLanguage\":\"de\"},{\"@type\":\"Organization\",\"@id\":\"https:\/\/123-esta.com\/de\/#organization\",\"name\":\"Formulaire ESTA pour les USA\",\"url\":\"https:\/\/123-esta.com\/de\/\",\"logo\":{\"@type\":\"ImageObject\",\"inLanguage\":\"de\",\"@id\":\"https:\/\/123-esta.com\/de\/#\/schema\/logo\/image\/\",\"url\":\"https:\/\/123-esta.com\/wp-content\/uploads\/2018\/03\/logo-123-esta.png\",\"contentUrl\":\"https:\/\/123-esta.com\/wp-content\/uploads\/2018\/03\/logo-123-esta.png\",\"width\":191,\"height\":54,\"caption\":\"Formulaire ESTA pour les USA\"},\"image\":{\"@id\":\"https:\/\/123-esta.com\/de\/#\/schema\/logo\/image\/\"}}]}<\/script>\n<!-- \/ Yoast SEO plugin. -->","yoast_head_json":{"title":"Mit dem offiziellen ESTA eine Reise in die USA antreten","description":"Es ist m\u00f6glich, ohne Visum in die USA einzureisen. m\u00fcssen Sie nur ein offizielles ESTA beantragen. Um sie zu erhalten, sind bestimmte Voraussetzungen erforderlich.","robots":{"index":"index","follow":"follow","max-snippet":"max-snippet:-1","max-image-preview":"max-image-preview:large","max-video-preview":"max-video-preview:-1"},"canonical":"https:\/\/123-esta.com\/de\/esta-offiziell\/","og_locale":"de_DE","og_type":"article","og_title":"Mit dem offiziellen ESTA eine Reise in die USA antreten","og_description":"Es ist m\u00f6glich, ohne Visum in die USA einzureisen. m\u00fcssen Sie nur ein offizielles ESTA beantragen. Um sie zu erhalten, sind bestimmte Voraussetzungen erforderlich.","og_url":"https:\/\/123-esta.com\/de\/esta-offiziell\/","og_site_name":"Formulaire ESTA pour les USA","article_modified_time":"2022-07-29T13:57:53+00:00","twitter_card":"summary_large_image","twitter_misc":{"Gesch\u00e4tzte Lesezeit":"6\u00a0Minuten"},"schema":{"@context":"https:\/\/schema.org","@graph":[{"@type":"WebPage","@id":"https:\/\/123-esta.com\/de\/esta-offiziell\/","url":"https:\/\/123-esta.com\/de\/esta-offiziell\/","name":"Mit dem offiziellen ESTA eine Reise in die USA antreten","isPartOf":{"@id":"https:\/\/123-esta.com\/de\/#website"},"datePublished":"2022-07-27T19:35:15+00:00","dateModified":"2022-07-29T13:57:53+00:00","description":"Es ist m\u00f6glich, ohne Visum in die USA einzureisen. m\u00fcssen Sie nur ein offizielles ESTA beantragen. Um sie zu erhalten, sind bestimmte Voraussetzungen erforderlich.","inLanguage":"de","potentialAction":[{"@type":"ReadAction","target":["https:\/\/123-esta.com\/de\/esta-offiziell\/"]}]},{"@type":"WebSite","@id":"https:\/\/123-esta.com\/de\/#website","url":"https:\/\/123-esta.com\/de\/","name":"Formulaire ESTA pour les USA","description":"","publisher":{"@id":"https:\/\/123-esta.com\/de\/#organization"},"potentialAction":[{"@type":"SearchAction","target":{"@type":"EntryPoint","urlTemplate":"https:\/\/123-esta.com\/de\/?s={search_term_string}"},"query-input":{"@type":"PropertyValueSpecification","valueRequired":true,"valueName":"search_term_string"}}],"inLanguage":"de"},{"@type":"Organization","@id":"https:\/\/123-esta.com\/de\/#organization","name":"Formulaire ESTA pour les USA","url":"https:\/\/123-esta.com\/de\/","logo":{"@type":"ImageObject","inLanguage":"de","@id":"https:\/\/123-esta.com\/de\/#\/schema\/logo\/image\/","url":"https:\/\/123-esta.com\/wp-content\/uploads\/2018\/03\/logo-123-esta.png","contentUrl":"https:\/\/123-esta.com\/wp-content\/uploads\/2018\/03\/logo-123-esta.png","width":191,"height":54,"caption":"Formulaire ESTA pour les USA"},"image":{"@id":"https:\/\/123-esta.com\/de\/#\/schema\/logo\/image\/"}}]}},"_links":{"self":[{"href":"https:\/\/123-esta.com\/de\/wp-json\/wp\/v2\/pages\/2433","targetHints":{"allow":["GET"]}}],"collection":[{"href":"https:\/\/123-esta.com\/de\/wp-json\/wp\/v2\/pages"}],"about":[{"href":"https:\/\/123-esta.com\/de\/wp-json\/wp\/v2\/types\/page"}],"author":[{"embeddable":true,"href":"https:\/\/123-esta.com\/de\/wp-json\/wp\/v2\/users\/1"}],"replies":[{"embeddable":true,"href":"https:\/\/123-esta.com\/de\/wp-json\/wp\/v2\/comments?post=2433"}],"version-history":[{"count":0,"href":"https:\/\/123-esta.com\/de\/wp-json\/wp\/v2\/pages\/2433\/revisions"}],"wp:attachment":[{"href":"https:\/\/123-esta.com\/de\/wp-json\/wp\/v2\/media?parent=2433"}],"curies":[{"name":"wp","href":"https:\/\/api.w.org\/{rel}","templated":true}]}}