{"id":2420,"date":"2022-07-27T21:34:46","date_gmt":"2022-07-27T19:34:46","guid":{"rendered":"https:\/\/123-esta.com\/braucht-man-ein-visum-fuer-die-usa\/"},"modified":"2022-07-29T17:02:57","modified_gmt":"2022-07-29T15:02:57","slug":"braucht-man-ein-visum-fur-die-usa","status":"publish","type":"page","link":"https:\/\/123-esta.com\/de\/braucht-man-ein-visum-fur-die-usa\/","title":{"rendered":"Antrag auf ein Visum f\u00fcr die USA"},"content":{"rendered":"\n<p>Da t\u00e4glich mehr als 3 Millionen Passagiere in den USA von Bord gehen, sind die US-Zollbeh\u00f6rden darauf bedacht, an ihren Grenzen ein hohes Sicherheitsniveau aufrechtzuerhalten und gleichzeitig einen reibungslosen Verkehr zu gew\u00e4hrleisten.<\/p>\n\n<p>Sofern sie die Zulassungskriterien erf\u00fcllen, k\u00f6nnen franz\u00f6sische Staatsb\u00fcrger das USA Visa Waiver Program (Programm zur Befreiung von der Visumspflicht) in Anspruch nehmen.<\/p>\n\n<p>Um ein <a href=\"https:\/\/123-esta.com\/de\/was-ist-esta\/\">ESTA-Visum<\/a> beantragen zu k\u00f6nnen, m\u00fcssen Sie also in erster Linie Staatsangeh\u00f6riger eines der 40 L\u00e4nder sein, die an dem Programm teilnehmen. Au\u00dferdem darf Ihr Aufenthalt nicht l\u00e4nger als 90 aufeinander folgende Tage dauern, unabh\u00e4ngig davon, ob es sich um einen Tourismus-, Gesch\u00e4fts- (unbezahlter Aufenthalt) oder Transitaufenthalt handelt. Au\u00dferdem m\u00fcssen Sie \u00fcber einen elektronischen oder biometrischen Reisepass verf\u00fcgen.<br\/>Personen, die diese Voraussetzungen nicht erf\u00fcllen, sollten sich hingegen an einen Antrag auf ein <a href=\"https:\/\/123-esta.com\/de\/touristenvisum-vereinigten-staaten\/\">US-Touristenvisum<\/a> wenden.<\/p>\n\n<h2 class=\"wp-block-heading\">Welches USA-Visum beantragen?<\/h2>\n\n<p>Der <a href=\"https:\/\/123-esta.com\/de\/antrag-auf-visum-usa\/\">Antrag auf ein USA-Visum<\/a> betrifft Reisende, die nicht f\u00fcr das Visa Waiver Program in Frage kommen. Dieser Schritt sollte nicht auf die leichte Schulter genommen werden, denn ohne Visum k\u00f6nnen Sie sich von Ihrem amerikanischen Traum verabschieden.<\/p>\n\n<p>Es gibt viele verschiedene USA-Visa, aber wir k\u00f6nnen die am h\u00e4ufigsten beantragten vorstellen:<\/p>\n\n<ul class=\"wp-block-list\"><li>tr\u00e4umen Sie von den Weiten Amerikas, wollen Sie die Wolkenkratzer von New York bestaunen oder einfach nur einen Verwandten besuchen? Sie m\u00fcssen ein <a href=\"https:\/\/usa-esta.net\/de\/visum-fur-die-usa\/visa-b2\/\">Touristenvisum f\u00fcr die USA<\/a> beantragen, das B2-Visum;<\/li><li>Sie Kurse an einer der renommierten amerikanischen Universit\u00e4ten des Landes belegen m\u00f6chten, um Leistungspunkte und sogar einen Abschluss zu erwerben? In diesem Fall m\u00fcssen Sie ein F1-Visum oder ein M1-Visum beantragen;<\/li><li>Wenn Sie ein Praktikum in einem Unternehmen absolvieren m\u00f6chten, um Ihr Englisch zu verbessern und die Arbeitswelt auf der anderen Seite des Atlantiks kennenzulernen, m\u00fcssen Sie ein J1-Visum beantragen.<\/li><\/ul>\n\n<p>Dieser kurze \u00dcberblick ist nat\u00fcrlich nicht ersch\u00f6pfend. Die verschiedenen Arten von USA-Visa sind so vielf\u00e4ltig und unterschiedlich wie die Situationen der einzelnen Antragsteller, aber unabh\u00e4ngig von Ihrem Fall und dem Zweck Ihres Aufenthalts in den USA sollten Sie sich mit der US-Botschaft in Ihrem Wohnsitzland oder dem n\u00e4chstgelegenen US-Konsulat in Verbindung setzen.<\/p>\n\n<h2 class=\"wp-block-heading\">Wie bekomme ich ein Visum f\u00fcr die USA?<\/h2>\n\n<p>Wie bereits erw\u00e4hnt, m\u00fcssen Sie eine Aufenthaltsgenehmigung f\u00fcr die USA beantragen, wenn Ihre Situation nicht den Kriterien des Programms f\u00fcr visumfreies Reisen (Visa Waiver Program) entspricht. Bleibt nun noch die Frage, <a href=\"https:\/\/123-esta.com\/de\/wie-erhalte-ich-ein-visum-fuer-die-vereinigten-staaten\/\">wie Sie ein Visum f\u00fcr die USA erhalten<\/a>.<\/p>\n\n<p>Die Beantragung eines Visums f\u00fcr USA Frankreich erfolgt online auf der Website der US-Botschaft und der US-Konsulate. Wenn Sie ein Touristenvisum f\u00fcr die USA (das am h\u00e4ufigsten beantragte Visum) beantragen m\u00f6chten, m\u00fcssen Sie das Formular DS-160 online ausf\u00fcllen und dann die geforderten Unterlagen zusammenstellen, um sie am Tag Ihres Termins dem US-Beamten in der Botschaft oder im Konsulat vorzulegen, falls dies erforderlich ist. Die Bearbeitungszeit f\u00fcr ein USA-Visum betr\u00e4gt in der Regel 3 bis 5 Arbeitstage.<\/p>\n\n<h2 class=\"wp-block-heading\">Wie sieht es mit den Kosten f\u00fcr ein USA-Visum aus?<\/h2>\n\n<p>Der <a href=\"https:\/\/123-esta.com\/de\/was-ist-der-preis-eines-visums-fur-die-usa\/\">Preis f\u00fcr ein Visum f\u00fcr die USA<\/a> unterscheidet sich je nach Kategorie des Visums. Beispielsweise ist die Geb\u00fchr f\u00fcr ein Visum f\u00fcr Zeitarbeiter oder Praktikanten (H-Visum) h\u00f6her als die f\u00fcr ein Besuchervisum f\u00fcr Tourismus, Unternehmen oder medizinische Versorgung: 190 $ f\u00fcr das erste und 160 $ f\u00fcr das zweite.<\/p>\n\n<p>Die Geb\u00fchren sind bei der Best\u00e4tigung Ihres Antrags auf ein US-Touristenvisum zu entrichten. Es gibt keine R\u00fcckerstattung, wenn Ihr Antrag abgelehnt wird, aber Sie k\u00f6nnen ihn erneuern, wenn er beim ersten Mal nicht erfolgreich war.<\/p>\n","protected":false},"excerpt":{"rendered":"<p>Da t\u00e4glich mehr als 3 Millionen Passagiere in den USA von Bord gehen, sind die US-Zollbeh\u00f6rden darauf bedacht, an ihren Grenzen ein hohes Sicherheitsniveau aufrechtzuerhalten und gleichzeitig einen reibungslosen Verkehr zu gew\u00e4hrleisten. Sofern sie die Zulassungskriterien erf\u00fcllen, k\u00f6nnen franz\u00f6sische Staatsb\u00fcrger das USA Visa Waiver Program (Programm zur Befreiung von der Visumspflicht) in Anspruch nehmen. Um [&hellip;]<\/p>\n","protected":false},"author":1,"featured_media":0,"parent":0,"menu_order":0,"comment_status":"closed","ping_status":"closed","template":"","meta":{"site-sidebar-layout":"default","site-content-layout":"default","ast-site-content-layout":"default","site-content-style":"default","site-sidebar-style":"default","ast-global-header-display":"","ast-banner-title-visibility":"","ast-main-header-display":"","ast-hfb-above-header-display":"","ast-hfb-below-header-display":"","ast-hfb-mobile-header-display":"","site-post-title":"","ast-breadcrumbs-content":"","ast-featured-img":"","footer-sml-layout":"","ast-disable-related-posts":"","theme-transparent-header-meta":"default","adv-header-id-meta":"","stick-header-meta":"default","header-above-stick-meta":"","header-main-stick-meta":"","header-below-stick-meta":"","astra-migrate-meta-layouts":"default","ast-page-background-enabled":"default","ast-page-background-meta":{"desktop":{"background-color":"","background-image":"","background-repeat":"repeat","background-position":"center center","background-size":"auto","background-attachment":"scroll","background-type":"","background-media":"","overlay-type":"","overlay-color":"","overlay-opacity":"","overlay-gradient":""},"tablet":{"background-color":"","background-image":"","background-repeat":"repeat","background-position":"center center","background-size":"auto","background-attachment":"scroll","background-type":"","background-media":"","overlay-type":"","overlay-color":"","overlay-opacity":"","overlay-gradient":""},"mobile":{"background-color":"","background-image":"","background-repeat":"repeat","background-position":"center center","background-size":"auto","background-attachment":"scroll","background-type":"","background-media":"","overlay-type":"","overlay-color":"","overlay-opacity":"","overlay-gradient":""}},"ast-content-background-meta":{"desktop":{"background-color":"var(--ast-global-color-5)","background-image":"","background-repeat":"repeat","background-position":"center center","background-size":"auto","background-attachment":"scroll","background-type":"","background-media":"","overlay-type":"","overlay-color":"","overlay-opacity":"","overlay-gradient":""},"tablet":{"background-color":"var(--ast-global-color-5)","background-image":"","background-repeat":"repeat","background-position":"center center","background-size":"auto","background-attachment":"scroll","background-type":"","background-media":"","overlay-type":"","overlay-color":"","overlay-opacity":"","overlay-gradient":""},"mobile":{"background-color":"var(--ast-global-color-5)","background-image":"","background-repeat":"repeat","background-position":"center center","background-size":"auto","background-attachment":"scroll","background-type":"","background-media":"","overlay-type":"","overlay-color":"","overlay-opacity":"","overlay-gradient":""}},"footnotes":""},"class_list":["post-2420","page","type-page","status-publish","hentry"],"yoast_head":"<!-- This site is optimized with the Yoast SEO plugin v27.1.1 - https:\/\/yoast.com\/product\/yoast-seo-wordpress\/ -->\n<title>Braucht man ein Visum, um in die USA zu reisen<\/title>\n<meta name=\"description\" content=\"Es ist nicht m\u00f6glich, ohne Reisegenehmigung in die USA einzureisen. Wir besch\u00e4ftigen uns hier mit der Beratung zur Beantragung eines USA-Visums.\" \/>\n<meta name=\"robots\" content=\"index, follow, max-snippet:-1, max-image-preview:large, max-video-preview:-1\" \/>\n<link rel=\"canonical\" href=\"https:\/\/123-esta.com\/de\/braucht-man-ein-visum-fur-die-usa\/\" \/>\n<meta property=\"og:locale\" content=\"de_DE\" \/>\n<meta property=\"og:type\" content=\"article\" \/>\n<meta property=\"og:title\" content=\"Braucht man ein Visum, um in die USA zu reisen\" \/>\n<meta property=\"og:description\" content=\"Es ist nicht m\u00f6glich, ohne Reisegenehmigung in die USA einzureisen. Wir besch\u00e4ftigen uns hier mit der Beratung zur Beantragung eines USA-Visums.\" \/>\n<meta property=\"og:url\" content=\"https:\/\/123-esta.com\/de\/braucht-man-ein-visum-fur-die-usa\/\" \/>\n<meta property=\"og:site_name\" content=\"Formulaire ESTA pour les USA\" \/>\n<meta property=\"article:modified_time\" content=\"2022-07-29T15:02:57+00:00\" \/>\n<meta name=\"twitter:card\" content=\"summary_large_image\" \/>\n<meta name=\"twitter:label1\" content=\"Gesch\u00e4tzte Lesezeit\" \/>\n\t<meta name=\"twitter:data1\" content=\"3\u00a0Minuten\" \/>\n<script type=\"application\/ld+json\" class=\"yoast-schema-graph\">{\"@context\":\"https:\/\/schema.org\",\"@graph\":[{\"@type\":\"WebPage\",\"@id\":\"https:\/\/123-esta.com\/de\/braucht-man-ein-visum-fur-die-usa\/\",\"url\":\"https:\/\/123-esta.com\/de\/braucht-man-ein-visum-fur-die-usa\/\",\"name\":\"Braucht man ein Visum, um in die USA zu reisen\",\"isPartOf\":{\"@id\":\"https:\/\/123-esta.com\/de\/#website\"},\"datePublished\":\"2022-07-27T19:34:46+00:00\",\"dateModified\":\"2022-07-29T15:02:57+00:00\",\"description\":\"Es ist nicht m\u00f6glich, ohne Reisegenehmigung in die USA einzureisen. Wir besch\u00e4ftigen uns hier mit der Beratung zur Beantragung eines USA-Visums.\",\"inLanguage\":\"de\",\"potentialAction\":[{\"@type\":\"ReadAction\",\"target\":[\"https:\/\/123-esta.com\/de\/braucht-man-ein-visum-fur-die-usa\/\"]}]},{\"@type\":\"WebSite\",\"@id\":\"https:\/\/123-esta.com\/de\/#website\",\"url\":\"https:\/\/123-esta.com\/de\/\",\"name\":\"Formulaire ESTA pour les USA\",\"description\":\"\",\"publisher\":{\"@id\":\"https:\/\/123-esta.com\/de\/#organization\"},\"potentialAction\":[{\"@type\":\"SearchAction\",\"target\":{\"@type\":\"EntryPoint\",\"urlTemplate\":\"https:\/\/123-esta.com\/de\/?s={search_term_string}\"},\"query-input\":{\"@type\":\"PropertyValueSpecification\",\"valueRequired\":true,\"valueName\":\"search_term_string\"}}],\"inLanguage\":\"de\"},{\"@type\":\"Organization\",\"@id\":\"https:\/\/123-esta.com\/de\/#organization\",\"name\":\"Formulaire ESTA pour les USA\",\"url\":\"https:\/\/123-esta.com\/de\/\",\"logo\":{\"@type\":\"ImageObject\",\"inLanguage\":\"de\",\"@id\":\"https:\/\/123-esta.com\/de\/#\/schema\/logo\/image\/\",\"url\":\"https:\/\/123-esta.com\/wp-content\/uploads\/2018\/03\/logo-123-esta.png\",\"contentUrl\":\"https:\/\/123-esta.com\/wp-content\/uploads\/2018\/03\/logo-123-esta.png\",\"width\":191,\"height\":54,\"caption\":\"Formulaire ESTA pour les USA\"},\"image\":{\"@id\":\"https:\/\/123-esta.com\/de\/#\/schema\/logo\/image\/\"}}]}<\/script>\n<!-- \/ Yoast SEO plugin. -->","yoast_head_json":{"title":"Braucht man ein Visum, um in die USA zu reisen","description":"Es ist nicht m\u00f6glich, ohne Reisegenehmigung in die USA einzureisen. Wir besch\u00e4ftigen uns hier mit der Beratung zur Beantragung eines USA-Visums.","robots":{"index":"index","follow":"follow","max-snippet":"max-snippet:-1","max-image-preview":"max-image-preview:large","max-video-preview":"max-video-preview:-1"},"canonical":"https:\/\/123-esta.com\/de\/braucht-man-ein-visum-fur-die-usa\/","og_locale":"de_DE","og_type":"article","og_title":"Braucht man ein Visum, um in die USA zu reisen","og_description":"Es ist nicht m\u00f6glich, ohne Reisegenehmigung in die USA einzureisen. Wir besch\u00e4ftigen uns hier mit der Beratung zur Beantragung eines USA-Visums.","og_url":"https:\/\/123-esta.com\/de\/braucht-man-ein-visum-fur-die-usa\/","og_site_name":"Formulaire ESTA pour les USA","article_modified_time":"2022-07-29T15:02:57+00:00","twitter_card":"summary_large_image","twitter_misc":{"Gesch\u00e4tzte Lesezeit":"3\u00a0Minuten"},"schema":{"@context":"https:\/\/schema.org","@graph":[{"@type":"WebPage","@id":"https:\/\/123-esta.com\/de\/braucht-man-ein-visum-fur-die-usa\/","url":"https:\/\/123-esta.com\/de\/braucht-man-ein-visum-fur-die-usa\/","name":"Braucht man ein Visum, um in die USA zu reisen","isPartOf":{"@id":"https:\/\/123-esta.com\/de\/#website"},"datePublished":"2022-07-27T19:34:46+00:00","dateModified":"2022-07-29T15:02:57+00:00","description":"Es ist nicht m\u00f6glich, ohne Reisegenehmigung in die USA einzureisen. Wir besch\u00e4ftigen uns hier mit der Beratung zur Beantragung eines USA-Visums.","inLanguage":"de","potentialAction":[{"@type":"ReadAction","target":["https:\/\/123-esta.com\/de\/braucht-man-ein-visum-fur-die-usa\/"]}]},{"@type":"WebSite","@id":"https:\/\/123-esta.com\/de\/#website","url":"https:\/\/123-esta.com\/de\/","name":"Formulaire ESTA pour les USA","description":"","publisher":{"@id":"https:\/\/123-esta.com\/de\/#organization"},"potentialAction":[{"@type":"SearchAction","target":{"@type":"EntryPoint","urlTemplate":"https:\/\/123-esta.com\/de\/?s={search_term_string}"},"query-input":{"@type":"PropertyValueSpecification","valueRequired":true,"valueName":"search_term_string"}}],"inLanguage":"de"},{"@type":"Organization","@id":"https:\/\/123-esta.com\/de\/#organization","name":"Formulaire ESTA pour les USA","url":"https:\/\/123-esta.com\/de\/","logo":{"@type":"ImageObject","inLanguage":"de","@id":"https:\/\/123-esta.com\/de\/#\/schema\/logo\/image\/","url":"https:\/\/123-esta.com\/wp-content\/uploads\/2018\/03\/logo-123-esta.png","contentUrl":"https:\/\/123-esta.com\/wp-content\/uploads\/2018\/03\/logo-123-esta.png","width":191,"height":54,"caption":"Formulaire ESTA pour les USA"},"image":{"@id":"https:\/\/123-esta.com\/de\/#\/schema\/logo\/image\/"}}]}},"_links":{"self":[{"href":"https:\/\/123-esta.com\/de\/wp-json\/wp\/v2\/pages\/2420","targetHints":{"allow":["GET"]}}],"collection":[{"href":"https:\/\/123-esta.com\/de\/wp-json\/wp\/v2\/pages"}],"about":[{"href":"https:\/\/123-esta.com\/de\/wp-json\/wp\/v2\/types\/page"}],"author":[{"embeddable":true,"href":"https:\/\/123-esta.com\/de\/wp-json\/wp\/v2\/users\/1"}],"replies":[{"embeddable":true,"href":"https:\/\/123-esta.com\/de\/wp-json\/wp\/v2\/comments?post=2420"}],"version-history":[{"count":0,"href":"https:\/\/123-esta.com\/de\/wp-json\/wp\/v2\/pages\/2420\/revisions"}],"wp:attachment":[{"href":"https:\/\/123-esta.com\/de\/wp-json\/wp\/v2\/media?parent=2420"}],"curies":[{"name":"wp","href":"https:\/\/api.w.org\/{rel}","templated":true}]}}