{"id":2419,"date":"2022-07-27T21:34:45","date_gmt":"2022-07-27T19:34:45","guid":{"rendered":"https:\/\/123-esta.com\/was-ist-der-preis-eines-visums-fuer-die-usa\/"},"modified":"2022-09-13T21:13:51","modified_gmt":"2022-09-13T19:13:51","slug":"was-ist-der-preis-eines-visums-fur-die-usa","status":"publish","type":"page","link":"https:\/\/123-esta.com\/de\/was-ist-der-preis-eines-visums-fur-die-usa\/","title":{"rendered":"Wie viel kostet ein Visum, mit dem man in die USA reisen kann?"},"content":{"rendered":"\n<p>Alle Personen, die eine Reise in die USA planen, m\u00fcssen sicherstellen, dass sie \u00fcber ein <a href=\"https:\/\/123-esta.com\/de\/braucht-man-ein-visum-fur-die-usa\/\">USA-Visum<\/a> verf\u00fcgen.<\/p>\n\n<p>Neben dem Kauf von Flugtickets und der Buchung einer Unterkunft kommen noch die Geb\u00fchren f\u00fcr das USA-Visum hinzu. Damit Sie Ihr Budget optimal nutzen k\u00f6nnen und bei der Beantragung Ihres Visums keine b\u00f6sen \u00dcberraschungen erleben, gehen wir in diesem Artikel noch einmal auf die Kosten f\u00fcr ein Visum f\u00fcr die USA ein.<\/p>\n\n<h2 class=\"wp-block-heading\">USA-Visum: Ein fester Preis?<\/h2>\n\n<p>Die <a href=\"https:\/\/123-esta.com\/de\/antrag-auf-visum-usa\/\">Beantragung eines USA-Visums<\/a> ist ein obligatorischer Schritt, bevor du in die USA reisen kannst, egal ob es sich um ein <a href=\"https:\/\/123-esta.com\/de\/touristenvisum-vereinigten-staaten\/\">Touristenvisum<\/a> f\u00fcr einen Aufenthalt von einigen Wochen, ein Praktikum, ein Studium oder einen Job handelt.<br\/>Der Preis f\u00fcr ein US-Visum h\u00e4ngt vom Zweck Ihres Aufenthalts ab. Daher m\u00fcssen die Antragsteller sicherstellen, dass sie alle erforderlichen Kriterien erf\u00fcllen, um sich f\u00fcr die gew\u00fcnschte Visumkategorie zu qualifizieren.<br\/>Wer zum Beispiel aus touristischen Gr\u00fcnden, zum Besuch von Familie und Freunden oder zur medizinischen Versorgung in die USA reisen m\u00f6chte, muss ein B-Visum beantragen, das 160 US-Dollar kostet. Das H-Visum f\u00fcr Zeitarbeiter oder Praktikanten kostet 190 USD. Personen, die in die USA reisen, um ihren Verlobten oder Ehepartner mit US-Staatsb\u00fcrgerschaft zu heiraten, m\u00fcssen 265 US-Dollar zahlen.<\/p>\n\n<p>Bitte beachten Sie, dass zum Preis f\u00fcr das USA-Visum noch weitere Geb\u00fchren hinzukommen k\u00f6nnen:<\/p>\n\n<ul class=\"wp-block-list\"><li>SEVIS-Geb\u00fchren: f\u00fcr Studentenvisa M oder F ;<\/li><li>Gegenseitigkeitsgeb\u00fchr: abh\u00e4ngig von der Staatsb\u00fcrgerschaft des Antragstellers und der Art des Visums.<\/li><\/ul>\n\n<p>Hinweis: Wenn Sie sich f\u00fcr das Visa Waiver Program (Programm zur Befreiung von der Visumspflicht) qualifizieren, ist die Geb\u00fchr f\u00fcr diese Aufenthaltserlaubnis wesentlich niedriger als die f\u00fcr ein Visum.<\/p>\n\n<h2 class=\"wp-block-heading\">Wie wird das USA-Visum abgerechnet?<\/h2>\n\n<p>Die Zahlung erfolgt bei der Beantragung des USA-Visums \u00fcber die Website der US-Botschaft und der US-Konsulate.<\/p>\n\n<p>Sie m\u00fcssen zun\u00e4chst ein Online-Konto einrichten und das Formular DS-160 ausf\u00fcllen, bevor Sie die Geb\u00fchren f\u00fcr Ihren Antrag auf ein USA-Visum begleichen k\u00f6nnen.<\/p>\n\n<ul class=\"wp-block-list\"><li>Per Karte: Online- oder Telefonzahlung. In beiden F\u00e4llen ben\u00f6tigen Sie eine Kreditkarte, um den Betrag f\u00fcr das Visum USA zu bezahlen;<\/li><li>Per elektronischer Bank\u00fcberweisung: Rechnen Sie mit 3 Werktagen, bis Ihre Zahlung ber\u00fccksichtigt wird und im System erscheint.<\/li><\/ul>\n\n<h2 class=\"wp-block-heading\">Visum bezahlt, Visum versichert?<\/h2>\n\n<p>Die Zahlung der mit Ihrem Antrag verbundenen Geb\u00fchren ist keine Garantie daf\u00fcr, dass Sie Ihr US-Visum erhalten. Nach der Best\u00e4tigung Ihrer Anfrage erhalten Sie eine E-Mail, in der Ihnen Folgendes mitgeteilt wird  <a href=\"https:\/\/123-esta.com\/de\/wie-erhalte-ich-ein-visum-fuer-die-vereinigten-staaten\/\">wie man ein Visum f\u00fcr die USA erh\u00e4lt<\/a>  Mit anderen Worten, die Dokumente, die Sie zur Vervollst\u00e4ndigung Ihrer Unterlagen (insbesondere Ihres elektronischen oder biometrischen Reisepasses) vor Ihrem Termin mit einem Beamten der US-Regierung in der Botschaft oder im Konsulat zusammenstellen m\u00fcssen.<\/p>\n\n<p>Unabh\u00e4ngig davon, ob Ihr Antrag angenommen oder abgelehnt wurde, werden die Geb\u00fchren f\u00fcr einen Antrag auf ein USA-Visum nicht zur\u00fcckerstattet. Wenn Ihr erster Antrag abgelehnt wurde, k\u00f6nnen Sie ihn verl\u00e4ngern, m\u00fcssen aber die Kosten f\u00fcr das USA-Visum erneut bezahlen.<\/p>\n","protected":false},"excerpt":{"rendered":"<p>Alle Personen, die eine Reise in die USA planen, m\u00fcssen sicherstellen, dass sie \u00fcber ein USA-Visum verf\u00fcgen. Neben dem Kauf von Flugtickets und der Buchung einer Unterkunft kommen noch die Geb\u00fchren f\u00fcr das USA-Visum hinzu. Damit Sie Ihr Budget optimal nutzen k\u00f6nnen und bei der Beantragung Ihres Visums keine b\u00f6sen \u00dcberraschungen erleben, gehen wir in [&hellip;]<\/p>\n","protected":false},"author":1,"featured_media":0,"parent":0,"menu_order":0,"comment_status":"closed","ping_status":"closed","template":"","meta":{"site-sidebar-layout":"default","site-content-layout":"default","ast-site-content-layout":"default","site-content-style":"default","site-sidebar-style":"default","ast-global-header-display":"","ast-banner-title-visibility":"","ast-main-header-display":"","ast-hfb-above-header-display":"","ast-hfb-below-header-display":"","ast-hfb-mobile-header-display":"","site-post-title":"","ast-breadcrumbs-content":"","ast-featured-img":"","footer-sml-layout":"","ast-disable-related-posts":"","theme-transparent-header-meta":"default","adv-header-id-meta":"","stick-header-meta":"default","header-above-stick-meta":"","header-main-stick-meta":"","header-below-stick-meta":"","astra-migrate-meta-layouts":"default","ast-page-background-enabled":"default","ast-page-background-meta":{"desktop":{"background-color":"","background-image":"","background-repeat":"repeat","background-position":"center center","background-size":"auto","background-attachment":"scroll","background-type":"","background-media":"","overlay-type":"","overlay-color":"","overlay-opacity":"","overlay-gradient":""},"tablet":{"background-color":"","background-image":"","background-repeat":"repeat","background-position":"center center","background-size":"auto","background-attachment":"scroll","background-type":"","background-media":"","overlay-type":"","overlay-color":"","overlay-opacity":"","overlay-gradient":""},"mobile":{"background-color":"","background-image":"","background-repeat":"repeat","background-position":"center center","background-size":"auto","background-attachment":"scroll","background-type":"","background-media":"","overlay-type":"","overlay-color":"","overlay-opacity":"","overlay-gradient":""}},"ast-content-background-meta":{"desktop":{"background-color":"var(--ast-global-color-5)","background-image":"","background-repeat":"repeat","background-position":"center center","background-size":"auto","background-attachment":"scroll","background-type":"","background-media":"","overlay-type":"","overlay-color":"","overlay-opacity":"","overlay-gradient":""},"tablet":{"background-color":"var(--ast-global-color-5)","background-image":"","background-repeat":"repeat","background-position":"center center","background-size":"auto","background-attachment":"scroll","background-type":"","background-media":"","overlay-type":"","overlay-color":"","overlay-opacity":"","overlay-gradient":""},"mobile":{"background-color":"var(--ast-global-color-5)","background-image":"","background-repeat":"repeat","background-position":"center center","background-size":"auto","background-attachment":"scroll","background-type":"","background-media":"","overlay-type":"","overlay-color":"","overlay-opacity":"","overlay-gradient":""}},"footnotes":""},"class_list":["post-2419","page","type-page","status-publish","hentry"],"yoast_head":"<!-- This site is optimized with the Yoast SEO plugin v27.1.1 - https:\/\/yoast.com\/product\/yoast-seo-wordpress\/ -->\n<title>Wie viel kostet ein Visum, mit dem man in die USA reisen kann?<\/title>\n<meta name=\"description\" content=\"Die Beschaffung eines ESTA ist ein einfacher Vorgang, f\u00fcr den nur wenige Euro ben\u00f6tigt werden. Wie sieht es mit der Beantragung eines Visums aus? Ist das USA-Visum kostenlos?\" \/>\n<meta name=\"robots\" content=\"index, follow, max-snippet:-1, max-image-preview:large, max-video-preview:-1\" \/>\n<link rel=\"canonical\" href=\"https:\/\/123-esta.com\/de\/was-ist-der-preis-eines-visums-fur-die-usa\/\" \/>\n<meta property=\"og:locale\" content=\"de_DE\" \/>\n<meta property=\"og:type\" content=\"article\" \/>\n<meta property=\"og:title\" content=\"Wie viel kostet ein Visum, mit dem man in die USA reisen kann?\" \/>\n<meta property=\"og:description\" content=\"Die Beschaffung eines ESTA ist ein einfacher Vorgang, f\u00fcr den nur wenige Euro ben\u00f6tigt werden. Wie sieht es mit der Beantragung eines Visums aus? Ist das USA-Visum kostenlos?\" \/>\n<meta property=\"og:url\" content=\"https:\/\/123-esta.com\/de\/was-ist-der-preis-eines-visums-fur-die-usa\/\" \/>\n<meta property=\"og:site_name\" content=\"Formulaire ESTA pour les USA\" \/>\n<meta property=\"article:modified_time\" content=\"2022-09-13T19:13:51+00:00\" \/>\n<meta name=\"twitter:card\" content=\"summary_large_image\" \/>\n<meta name=\"twitter:label1\" content=\"Gesch\u00e4tzte Lesezeit\" \/>\n\t<meta name=\"twitter:data1\" content=\"3\u00a0Minuten\" \/>\n<script type=\"application\/ld+json\" class=\"yoast-schema-graph\">{\"@context\":\"https:\/\/schema.org\",\"@graph\":[{\"@type\":\"WebPage\",\"@id\":\"https:\/\/123-esta.com\/de\/was-ist-der-preis-eines-visums-fur-die-usa\/\",\"url\":\"https:\/\/123-esta.com\/de\/was-ist-der-preis-eines-visums-fur-die-usa\/\",\"name\":\"Wie viel kostet ein Visum, mit dem man in die USA reisen kann?\",\"isPartOf\":{\"@id\":\"https:\/\/123-esta.com\/de\/#website\"},\"datePublished\":\"2022-07-27T19:34:45+00:00\",\"dateModified\":\"2022-09-13T19:13:51+00:00\",\"description\":\"Die Beschaffung eines ESTA ist ein einfacher Vorgang, f\u00fcr den nur wenige Euro ben\u00f6tigt werden. Wie sieht es mit der Beantragung eines Visums aus? Ist das USA-Visum kostenlos?\",\"inLanguage\":\"de\",\"potentialAction\":[{\"@type\":\"ReadAction\",\"target\":[\"https:\/\/123-esta.com\/de\/was-ist-der-preis-eines-visums-fur-die-usa\/\"]}]},{\"@type\":\"WebSite\",\"@id\":\"https:\/\/123-esta.com\/de\/#website\",\"url\":\"https:\/\/123-esta.com\/de\/\",\"name\":\"Formulaire ESTA pour les USA\",\"description\":\"\",\"publisher\":{\"@id\":\"https:\/\/123-esta.com\/de\/#organization\"},\"potentialAction\":[{\"@type\":\"SearchAction\",\"target\":{\"@type\":\"EntryPoint\",\"urlTemplate\":\"https:\/\/123-esta.com\/de\/?s={search_term_string}\"},\"query-input\":{\"@type\":\"PropertyValueSpecification\",\"valueRequired\":true,\"valueName\":\"search_term_string\"}}],\"inLanguage\":\"de\"},{\"@type\":\"Organization\",\"@id\":\"https:\/\/123-esta.com\/de\/#organization\",\"name\":\"Formulaire ESTA pour les USA\",\"url\":\"https:\/\/123-esta.com\/de\/\",\"logo\":{\"@type\":\"ImageObject\",\"inLanguage\":\"de\",\"@id\":\"https:\/\/123-esta.com\/de\/#\/schema\/logo\/image\/\",\"url\":\"https:\/\/123-esta.com\/wp-content\/uploads\/2018\/03\/logo-123-esta.png\",\"contentUrl\":\"https:\/\/123-esta.com\/wp-content\/uploads\/2018\/03\/logo-123-esta.png\",\"width\":191,\"height\":54,\"caption\":\"Formulaire ESTA pour les USA\"},\"image\":{\"@id\":\"https:\/\/123-esta.com\/de\/#\/schema\/logo\/image\/\"}}]}<\/script>\n<!-- \/ Yoast SEO plugin. -->","yoast_head_json":{"title":"Wie viel kostet ein Visum, mit dem man in die USA reisen kann?","description":"Die Beschaffung eines ESTA ist ein einfacher Vorgang, f\u00fcr den nur wenige Euro ben\u00f6tigt werden. Wie sieht es mit der Beantragung eines Visums aus? Ist das USA-Visum kostenlos?","robots":{"index":"index","follow":"follow","max-snippet":"max-snippet:-1","max-image-preview":"max-image-preview:large","max-video-preview":"max-video-preview:-1"},"canonical":"https:\/\/123-esta.com\/de\/was-ist-der-preis-eines-visums-fur-die-usa\/","og_locale":"de_DE","og_type":"article","og_title":"Wie viel kostet ein Visum, mit dem man in die USA reisen kann?","og_description":"Die Beschaffung eines ESTA ist ein einfacher Vorgang, f\u00fcr den nur wenige Euro ben\u00f6tigt werden. Wie sieht es mit der Beantragung eines Visums aus? Ist das USA-Visum kostenlos?","og_url":"https:\/\/123-esta.com\/de\/was-ist-der-preis-eines-visums-fur-die-usa\/","og_site_name":"Formulaire ESTA pour les USA","article_modified_time":"2022-09-13T19:13:51+00:00","twitter_card":"summary_large_image","twitter_misc":{"Gesch\u00e4tzte Lesezeit":"3\u00a0Minuten"},"schema":{"@context":"https:\/\/schema.org","@graph":[{"@type":"WebPage","@id":"https:\/\/123-esta.com\/de\/was-ist-der-preis-eines-visums-fur-die-usa\/","url":"https:\/\/123-esta.com\/de\/was-ist-der-preis-eines-visums-fur-die-usa\/","name":"Wie viel kostet ein Visum, mit dem man in die USA reisen kann?","isPartOf":{"@id":"https:\/\/123-esta.com\/de\/#website"},"datePublished":"2022-07-27T19:34:45+00:00","dateModified":"2022-09-13T19:13:51+00:00","description":"Die Beschaffung eines ESTA ist ein einfacher Vorgang, f\u00fcr den nur wenige Euro ben\u00f6tigt werden. Wie sieht es mit der Beantragung eines Visums aus? Ist das USA-Visum kostenlos?","inLanguage":"de","potentialAction":[{"@type":"ReadAction","target":["https:\/\/123-esta.com\/de\/was-ist-der-preis-eines-visums-fur-die-usa\/"]}]},{"@type":"WebSite","@id":"https:\/\/123-esta.com\/de\/#website","url":"https:\/\/123-esta.com\/de\/","name":"Formulaire ESTA pour les USA","description":"","publisher":{"@id":"https:\/\/123-esta.com\/de\/#organization"},"potentialAction":[{"@type":"SearchAction","target":{"@type":"EntryPoint","urlTemplate":"https:\/\/123-esta.com\/de\/?s={search_term_string}"},"query-input":{"@type":"PropertyValueSpecification","valueRequired":true,"valueName":"search_term_string"}}],"inLanguage":"de"},{"@type":"Organization","@id":"https:\/\/123-esta.com\/de\/#organization","name":"Formulaire ESTA pour les USA","url":"https:\/\/123-esta.com\/de\/","logo":{"@type":"ImageObject","inLanguage":"de","@id":"https:\/\/123-esta.com\/de\/#\/schema\/logo\/image\/","url":"https:\/\/123-esta.com\/wp-content\/uploads\/2018\/03\/logo-123-esta.png","contentUrl":"https:\/\/123-esta.com\/wp-content\/uploads\/2018\/03\/logo-123-esta.png","width":191,"height":54,"caption":"Formulaire ESTA pour les USA"},"image":{"@id":"https:\/\/123-esta.com\/de\/#\/schema\/logo\/image\/"}}]}},"_links":{"self":[{"href":"https:\/\/123-esta.com\/de\/wp-json\/wp\/v2\/pages\/2419","targetHints":{"allow":["GET"]}}],"collection":[{"href":"https:\/\/123-esta.com\/de\/wp-json\/wp\/v2\/pages"}],"about":[{"href":"https:\/\/123-esta.com\/de\/wp-json\/wp\/v2\/types\/page"}],"author":[{"embeddable":true,"href":"https:\/\/123-esta.com\/de\/wp-json\/wp\/v2\/users\/1"}],"replies":[{"embeddable":true,"href":"https:\/\/123-esta.com\/de\/wp-json\/wp\/v2\/comments?post=2419"}],"version-history":[{"count":0,"href":"https:\/\/123-esta.com\/de\/wp-json\/wp\/v2\/pages\/2419\/revisions"}],"wp:attachment":[{"href":"https:\/\/123-esta.com\/de\/wp-json\/wp\/v2\/media?parent=2419"}],"curies":[{"name":"wp","href":"https:\/\/api.w.org\/{rel}","templated":true}]}}