{"id":2409,"date":"2022-07-27T21:34:44","date_gmt":"2022-07-27T19:34:44","guid":{"rendered":"https:\/\/123-esta.com\/fragen-esta-vor-dem-kauf-eines-flugtickets\/"},"modified":"2022-08-23T22:43:40","modified_gmt":"2022-08-23T20:43:40","slug":"fragen-esta-vor-dem-kauf-eines-flugtickets","status":"publish","type":"page","link":"https:\/\/123-esta.com\/de\/fragen-esta-vor-dem-kauf-eines-flugtickets\/","title":{"rendered":"ESTA vor der Buchung eines Flugtickets beantragen"},"content":{"rendered":"<p>Sie k\u00f6nnen jederzeit einen ESTA-Antrag stellen, sobald <a href=\"https:\/\/123-esta.com\/de\/die-transporte-zu-usa\/\">Sie eine Reise in die USA<\/a> unternehmen. Es ist jedoch ratsam, dies mindestens 72 Stunden vor dem Einsteigen zu tun.<\/p>\n<p>In der Regel wird Ihre Antwort schnell nach der Einreichung Ihrer Anfrage eintreffen. In diesem Fall kann es bis zu 72 Stunden dauern, bis Sie eine endg\u00fcltige Antwort erhalten.<\/p>\n<p>Wenn die Antwort negativ ausf\u00e4llt, bleibt Ihnen nur die M\u00f6glichkeit, ein <a href=\"https:\/\/123-esta.com\/de\/touristenvisum-vereinigten-staaten\/\">B2-Touristenvisum<\/a> zu beantragen. Obwohl ein negativer Bescheid sehr selten ist, kann es bis zu drei Wochen dauern, bis du ein Visum erh\u00e4ltst.<\/p>\n<p>Wenn Ihr ESTA-Antrag genehmigt wird, ist er zwei Jahre lang g\u00fcltig und Sie m\u00fcssen bei der Beantragung kein Datum f\u00fcr die Abreise angeben. Die beg\u00fcnstigte Person kann innerhalb dieser zwei Jahre mehrmals f\u00fcr Aufenthalte von bis zu 90 Tagen in die USA reisen, ohne f\u00fcr jede Reise eine neue Genehmigung beantragen zu m\u00fcssen. Die Genehmigung erlischt, wenn das G\u00fcltigkeitsdatum abl\u00e4uft. Beachten Sie, dass logischerweise, wenn Ihr Reisepass vor dem Ende der G\u00fcltigkeit Ihrer ESTA-Genehmigung abl\u00e4uft, das Ablaufdatum Ihres Reisepasses zugrunde gelegt werden muss.<\/p>\n<p><em>Ein letzter Tipp: Es wird empfohlen, den ESTA-Antrag bereits vor dem Kauf eines <a href=\"https:\/\/123-esta.com\/de\/esta-flugticket-hin-und-zuruck-obligatorisch-fur-die-vereinigten-staaten\/\">Flugtickets in die USA<\/a> zu stellen. Und darauf achten, dass Sie auf dem Flugticket und auf der ESTA-Reisegenehmigung denselben Namen haben.<\/em><\/p>\n<h2>Unvergessliche Aufenthalte in den USA nach einem individuellen Programm<\/h2>\n<p>F\u00fcr viele Menschen ist es eine Erfahrung, die sie mindestens einmal im Leben machen m\u00fcssen. Zu wandern und Orte zu entdecken, die man sonst nur aus Filmen oder Serien kennt, ist etwas ziemlich Einzigartiges!<\/p>\n<p>Mehrere Agenturen bieten gef\u00fchrte Reisen zu Preisen an, die f\u00fcr diejenigen, die \u00fcber das n\u00f6tige Budget verf\u00fcgen, akzeptabel sind. Wenn dies nicht der Fall ist, k\u00f6nnen Sie ein Budget unter Ber\u00fccksichtigung eines genau festgelegten, pers\u00f6nlichen Programms aufstellen.<\/p>\n<p>Wenn man bedenkt, dass die USA aus mehr als 50 Staaten mit einer Fl\u00e4che von \u00fcber 9 Millionen Quadratkilometern und mehr als 350 Millionen Einwohnern bestehen, kann man sich leicht vorstellen, dass es nicht einfach ist, jeden Winkel des Landes zu besichtigen. Man muss ein wenig w\u00e4hlerisch sein.<\/p>\n<h2>W\u00e4hlen Sie die Sehensw\u00fcrdigkeiten, die Sie besuchen m\u00f6chten<\/h2>\n<p>Viele erfahrene Reisende werden Ihnen immer empfehlen, Ihren Reiseplan vor der Abreise gut auszuarbeiten. Mit diesem Trick k\u00f6nnen Sie sich besser auf das Wesentliche Ihres Besichtigungsplans konzentrieren, anstatt Ihre Zeit und Energie damit zu verschwenden, zu entscheiden, welchen Ort Sie als N\u00e4chstes besuchen m\u00f6chten.<\/p>\n<p>Die meisten Besucher der Vereinigten Staaten suchen sich Orte am Meer, weil es dort k\u00fchler ist als in der Sonne, aber auch, weil viele interessante St\u00e4dte an der K\u00fcste liegen: New York, Boston, Miami, Los Angeles, etc.<\/p>\n<p>Wenn Sie keine Lust haben, sich &#8218;an dieses Schema zu halten&#8216;, k\u00f6nnen Sie sich einen Besuch in Nevada, in Las Vegas, g\u00f6nnen, wo Poker- und andere Casinospiele in einer geselligen Atmosph\u00e4re auf Sie warten. Nat\u00fcrlich in Ma\u00dfen!<\/p>\n","protected":false},"excerpt":{"rendered":"<p>Sie k\u00f6nnen jederzeit einen ESTA-Antrag stellen, sobald Sie eine Reise in die USA unternehmen. Es ist jedoch ratsam, dies mindestens 72 Stunden vor dem Einsteigen zu tun. In der Regel wird Ihre Antwort schnell nach der Einreichung Ihrer Anfrage eintreffen. In diesem Fall kann es bis zu 72 Stunden dauern, bis Sie eine endg\u00fcltige Antwort [&hellip;]<\/p>\n","protected":false},"author":1,"featured_media":0,"parent":0,"menu_order":0,"comment_status":"closed","ping_status":"closed","template":"","meta":{"site-sidebar-layout":"default","site-content-layout":"default","ast-site-content-layout":"default","site-content-style":"default","site-sidebar-style":"default","ast-global-header-display":"","ast-banner-title-visibility":"","ast-main-header-display":"","ast-hfb-above-header-display":"","ast-hfb-below-header-display":"","ast-hfb-mobile-header-display":"","site-post-title":"","ast-breadcrumbs-content":"","ast-featured-img":"","footer-sml-layout":"","ast-disable-related-posts":"","theme-transparent-header-meta":"default","adv-header-id-meta":"","stick-header-meta":"default","header-above-stick-meta":"","header-main-stick-meta":"","header-below-stick-meta":"","astra-migrate-meta-layouts":"default","ast-page-background-enabled":"default","ast-page-background-meta":{"desktop":{"background-color":"","background-image":"","background-repeat":"repeat","background-position":"center center","background-size":"auto","background-attachment":"scroll","background-type":"","background-media":"","overlay-type":"","overlay-color":"","overlay-opacity":"","overlay-gradient":""},"tablet":{"background-color":"","background-image":"","background-repeat":"repeat","background-position":"center center","background-size":"auto","background-attachment":"scroll","background-type":"","background-media":"","overlay-type":"","overlay-color":"","overlay-opacity":"","overlay-gradient":""},"mobile":{"background-color":"","background-image":"","background-repeat":"repeat","background-position":"center center","background-size":"auto","background-attachment":"scroll","background-type":"","background-media":"","overlay-type":"","overlay-color":"","overlay-opacity":"","overlay-gradient":""}},"ast-content-background-meta":{"desktop":{"background-color":"var(--ast-global-color-5)","background-image":"","background-repeat":"repeat","background-position":"center center","background-size":"auto","background-attachment":"scroll","background-type":"","background-media":"","overlay-type":"","overlay-color":"","overlay-opacity":"","overlay-gradient":""},"tablet":{"background-color":"var(--ast-global-color-5)","background-image":"","background-repeat":"repeat","background-position":"center center","background-size":"auto","background-attachment":"scroll","background-type":"","background-media":"","overlay-type":"","overlay-color":"","overlay-opacity":"","overlay-gradient":""},"mobile":{"background-color":"var(--ast-global-color-5)","background-image":"","background-repeat":"repeat","background-position":"center center","background-size":"auto","background-attachment":"scroll","background-type":"","background-media":"","overlay-type":"","overlay-color":"","overlay-opacity":"","overlay-gradient":""}},"footnotes":""},"class_list":["post-2409","page","type-page","status-publish","hentry"],"yoast_head":"<!-- This site is optimized with the Yoast SEO plugin v27.1.1 - https:\/\/yoast.com\/product\/yoast-seo-wordpress\/ -->\n<title>ESTA vor der Buchung eines Flugtickets beantragen<\/title>\n<meta name=\"description\" content=\"ESTA hat eine G\u00fcltigkeitsdauer von zwei Jahren, sodass Sie den Antrag nicht in letzter Minute stellen m\u00fcssen. Dies gilt umso mehr, als das Risiko einer Ablehnung bestehen bleibt.\" \/>\n<meta name=\"robots\" content=\"index, follow, max-snippet:-1, max-image-preview:large, max-video-preview:-1\" \/>\n<link rel=\"canonical\" href=\"https:\/\/123-esta.com\/de\/fragen-esta-vor-dem-kauf-eines-flugtickets\/\" \/>\n<meta property=\"og:locale\" content=\"de_DE\" \/>\n<meta property=\"og:type\" content=\"article\" \/>\n<meta property=\"og:title\" content=\"ESTA vor der Buchung eines Flugtickets beantragen\" \/>\n<meta property=\"og:description\" content=\"ESTA hat eine G\u00fcltigkeitsdauer von zwei Jahren, sodass Sie den Antrag nicht in letzter Minute stellen m\u00fcssen. Dies gilt umso mehr, als das Risiko einer Ablehnung bestehen bleibt.\" \/>\n<meta property=\"og:url\" content=\"https:\/\/123-esta.com\/de\/fragen-esta-vor-dem-kauf-eines-flugtickets\/\" \/>\n<meta property=\"og:site_name\" content=\"Formulaire ESTA pour les USA\" \/>\n<meta property=\"article:modified_time\" content=\"2022-08-23T20:43:40+00:00\" \/>\n<meta name=\"twitter:card\" content=\"summary_large_image\" \/>\n<meta name=\"twitter:label1\" content=\"Gesch\u00e4tzte Lesezeit\" \/>\n\t<meta name=\"twitter:data1\" content=\"2\u00a0Minuten\" \/>\n<script type=\"application\/ld+json\" class=\"yoast-schema-graph\">{\"@context\":\"https:\/\/schema.org\",\"@graph\":[{\"@type\":\"WebPage\",\"@id\":\"https:\/\/123-esta.com\/de\/fragen-esta-vor-dem-kauf-eines-flugtickets\/\",\"url\":\"https:\/\/123-esta.com\/de\/fragen-esta-vor-dem-kauf-eines-flugtickets\/\",\"name\":\"ESTA vor der Buchung eines Flugtickets beantragen\",\"isPartOf\":{\"@id\":\"https:\/\/123-esta.com\/de\/#website\"},\"datePublished\":\"2022-07-27T19:34:44+00:00\",\"dateModified\":\"2022-08-23T20:43:40+00:00\",\"description\":\"ESTA hat eine G\u00fcltigkeitsdauer von zwei Jahren, sodass Sie den Antrag nicht in letzter Minute stellen m\u00fcssen. Dies gilt umso mehr, als das Risiko einer Ablehnung bestehen bleibt.\",\"inLanguage\":\"de\",\"potentialAction\":[{\"@type\":\"ReadAction\",\"target\":[\"https:\/\/123-esta.com\/de\/fragen-esta-vor-dem-kauf-eines-flugtickets\/\"]}]},{\"@type\":\"WebSite\",\"@id\":\"https:\/\/123-esta.com\/de\/#website\",\"url\":\"https:\/\/123-esta.com\/de\/\",\"name\":\"Formulaire ESTA pour les USA\",\"description\":\"\",\"publisher\":{\"@id\":\"https:\/\/123-esta.com\/de\/#organization\"},\"potentialAction\":[{\"@type\":\"SearchAction\",\"target\":{\"@type\":\"EntryPoint\",\"urlTemplate\":\"https:\/\/123-esta.com\/de\/?s={search_term_string}\"},\"query-input\":{\"@type\":\"PropertyValueSpecification\",\"valueRequired\":true,\"valueName\":\"search_term_string\"}}],\"inLanguage\":\"de\"},{\"@type\":\"Organization\",\"@id\":\"https:\/\/123-esta.com\/de\/#organization\",\"name\":\"Formulaire ESTA pour les USA\",\"url\":\"https:\/\/123-esta.com\/de\/\",\"logo\":{\"@type\":\"ImageObject\",\"inLanguage\":\"de\",\"@id\":\"https:\/\/123-esta.com\/de\/#\/schema\/logo\/image\/\",\"url\":\"https:\/\/123-esta.com\/wp-content\/uploads\/2018\/03\/logo-123-esta.png\",\"contentUrl\":\"https:\/\/123-esta.com\/wp-content\/uploads\/2018\/03\/logo-123-esta.png\",\"width\":191,\"height\":54,\"caption\":\"Formulaire ESTA pour les USA\"},\"image\":{\"@id\":\"https:\/\/123-esta.com\/de\/#\/schema\/logo\/image\/\"}}]}<\/script>\n<!-- \/ Yoast SEO plugin. -->","yoast_head_json":{"title":"ESTA vor der Buchung eines Flugtickets beantragen","description":"ESTA hat eine G\u00fcltigkeitsdauer von zwei Jahren, sodass Sie den Antrag nicht in letzter Minute stellen m\u00fcssen. Dies gilt umso mehr, als das Risiko einer Ablehnung bestehen bleibt.","robots":{"index":"index","follow":"follow","max-snippet":"max-snippet:-1","max-image-preview":"max-image-preview:large","max-video-preview":"max-video-preview:-1"},"canonical":"https:\/\/123-esta.com\/de\/fragen-esta-vor-dem-kauf-eines-flugtickets\/","og_locale":"de_DE","og_type":"article","og_title":"ESTA vor der Buchung eines Flugtickets beantragen","og_description":"ESTA hat eine G\u00fcltigkeitsdauer von zwei Jahren, sodass Sie den Antrag nicht in letzter Minute stellen m\u00fcssen. Dies gilt umso mehr, als das Risiko einer Ablehnung bestehen bleibt.","og_url":"https:\/\/123-esta.com\/de\/fragen-esta-vor-dem-kauf-eines-flugtickets\/","og_site_name":"Formulaire ESTA pour les USA","article_modified_time":"2022-08-23T20:43:40+00:00","twitter_card":"summary_large_image","twitter_misc":{"Gesch\u00e4tzte Lesezeit":"2\u00a0Minuten"},"schema":{"@context":"https:\/\/schema.org","@graph":[{"@type":"WebPage","@id":"https:\/\/123-esta.com\/de\/fragen-esta-vor-dem-kauf-eines-flugtickets\/","url":"https:\/\/123-esta.com\/de\/fragen-esta-vor-dem-kauf-eines-flugtickets\/","name":"ESTA vor der Buchung eines Flugtickets beantragen","isPartOf":{"@id":"https:\/\/123-esta.com\/de\/#website"},"datePublished":"2022-07-27T19:34:44+00:00","dateModified":"2022-08-23T20:43:40+00:00","description":"ESTA hat eine G\u00fcltigkeitsdauer von zwei Jahren, sodass Sie den Antrag nicht in letzter Minute stellen m\u00fcssen. Dies gilt umso mehr, als das Risiko einer Ablehnung bestehen bleibt.","inLanguage":"de","potentialAction":[{"@type":"ReadAction","target":["https:\/\/123-esta.com\/de\/fragen-esta-vor-dem-kauf-eines-flugtickets\/"]}]},{"@type":"WebSite","@id":"https:\/\/123-esta.com\/de\/#website","url":"https:\/\/123-esta.com\/de\/","name":"Formulaire ESTA pour les USA","description":"","publisher":{"@id":"https:\/\/123-esta.com\/de\/#organization"},"potentialAction":[{"@type":"SearchAction","target":{"@type":"EntryPoint","urlTemplate":"https:\/\/123-esta.com\/de\/?s={search_term_string}"},"query-input":{"@type":"PropertyValueSpecification","valueRequired":true,"valueName":"search_term_string"}}],"inLanguage":"de"},{"@type":"Organization","@id":"https:\/\/123-esta.com\/de\/#organization","name":"Formulaire ESTA pour les USA","url":"https:\/\/123-esta.com\/de\/","logo":{"@type":"ImageObject","inLanguage":"de","@id":"https:\/\/123-esta.com\/de\/#\/schema\/logo\/image\/","url":"https:\/\/123-esta.com\/wp-content\/uploads\/2018\/03\/logo-123-esta.png","contentUrl":"https:\/\/123-esta.com\/wp-content\/uploads\/2018\/03\/logo-123-esta.png","width":191,"height":54,"caption":"Formulaire ESTA pour les USA"},"image":{"@id":"https:\/\/123-esta.com\/de\/#\/schema\/logo\/image\/"}}]}},"_links":{"self":[{"href":"https:\/\/123-esta.com\/de\/wp-json\/wp\/v2\/pages\/2409","targetHints":{"allow":["GET"]}}],"collection":[{"href":"https:\/\/123-esta.com\/de\/wp-json\/wp\/v2\/pages"}],"about":[{"href":"https:\/\/123-esta.com\/de\/wp-json\/wp\/v2\/types\/page"}],"author":[{"embeddable":true,"href":"https:\/\/123-esta.com\/de\/wp-json\/wp\/v2\/users\/1"}],"replies":[{"embeddable":true,"href":"https:\/\/123-esta.com\/de\/wp-json\/wp\/v2\/comments?post=2409"}],"version-history":[{"count":0,"href":"https:\/\/123-esta.com\/de\/wp-json\/wp\/v2\/pages\/2409\/revisions"}],"wp:attachment":[{"href":"https:\/\/123-esta.com\/de\/wp-json\/wp\/v2\/media?parent=2409"}],"curies":[{"name":"wp","href":"https:\/\/api.w.org\/{rel}","templated":true}]}}