{"id":2406,"date":"2022-07-27T21:34:44","date_gmt":"2022-07-27T19:34:44","guid":{"rendered":"https:\/\/123-esta.com\/wie-man-den-esta-fragebogen-ausfuellt\/"},"modified":"2022-08-23T22:22:32","modified_gmt":"2022-08-23T20:22:32","slug":"wie-man-den-esta-fragebogen-ausfullt","status":"publish","type":"page","link":"https:\/\/123-esta.com\/de\/wie-man-den-esta-fragebogen-ausfullt\/","title":{"rendered":"Wie f\u00fclle ich den ESTA-Fragebogen richtig aus?"},"content":{"rendered":"\n<p>Bereiten Sie sich darauf vor, Ihren n\u00e4chsten Urlaub in \u00dcbersee zu verbringen und die USA zu besuchen? Egal, ob Sie eine Reise nach New York oder einen Roadtrip durch den Westen der USA unternehmen, Sie m\u00fcssen einige Formalit\u00e4ten erledigen, bevor Sie aufbrechen und sich in Ihr Abenteuer st\u00fcrzen k\u00f6nnen.<\/p>\n\n<p>Unter anderem m\u00fcssen Sie ein <a href=\"https:\/\/123-esta.com\/de\/was-ist-esta\/\">USA ESTA-Visum<\/a>, auch ESTA-Genehmigung genannt, beantragen! Wenn Sie sich f\u00fcr dieses Programm qualifizieren, das das Reisen ohne Visum erm\u00f6glicht, m\u00fcssen Sie den <a href=\"https:\/\/123-esta.com\/de\/berechtigungsfragen-fur-das-esta-formular\/\">ESTA-Fragebogen<\/a> ausf\u00fcllen. Im Idealfall so fr\u00fch wie m\u00f6glich und sp\u00e4testens 72 Stunden vor Ihrer Abreise. Ablehnungen sind selten, aber wenn Ihre Genehmigung nicht erteilt wird, m\u00fcssen Sie 10 Tage nach der Ablehnung einen neuen Antrag stellen oder sich an die US-Botschaft wenden, um ein Visum zu beantragen.<\/p>\n\n<p>Der Antrag auf Genehmigung wird in Form eines Online-Formulars gestellt, das nur im Internet verf\u00fcgbar ist. Um Ihnen Entt\u00e4uschungen zu ersparen, stellen wir Ihnen diesen Fragebogen f\u00fcr die USA im Detail vor.<\/p>\n\n<p>Das <a href=\"https:\/\/123-esta.com\/de\/formular-esta\/\">Ausf\u00fcllen des Online-Antragsformulars<\/a> ist keine Hexerei. Auf der Website der US-Regierung hei\u00dft es jedoch, dass das Ausf\u00fcllen des ESTA-Fragebogens etwa 20 Minuten dauert. Achten Sie darauf, dass Sie einen Reisepass zur Hand haben. Sind Sie bereit? Los geht&#8217;s!<\/p>\n\n<h2 class=\"wp-block-heading\">An wen richtet sich der Fragebogen f\u00fcr die USA?<\/h2>\n\n<p>Bevor Sie sich daran machen, den Fragebogen f\u00fcr die USA auszuf\u00fcllen, sollten Sie sich noch einmal die Voraussetzungen f\u00fcr das Visa Waiver Program (VWP) vor Augen f\u00fchren:<\/p>\n\n<ul class=\"wp-block-list\"><li>einen g\u00fcltigen biometrischen oder elektronischen Reisepass besitzen, der f\u00fcr die gesamte Dauer des Aufenthalts in den USA g\u00fcltig ist;<\/li><li>sich nicht l\u00e4nger als maximal 90 aufeinanderfolgende Tage aufhalten ;<\/li><li>auf dem Luft- oder Seeweg \u00fcber eine von den US-Beh\u00f6rden zugelassene Fluggesellschaft in die USA reisen;<\/li><li>Staatsangeh\u00f6rige eines der 40 L\u00e4nder sein, die am Visa Waiver Program (VWP) f\u00fcr die USA teilnehmen ;<\/li><li>Reise zu touristischen oder beruflichen Zwecken oder eine Durchreise.<\/li><\/ul>\n\n<p>Kreuzen Sie alle diese Kriterien an? Warten Sie nicht l\u00e4nger, um Ihren ESTA-Fragebogen auszuf\u00fcllen!<\/p>\n\n<h2 class=\"wp-block-heading\">Der ESTA-Fragebogen und sein mehrteiliges Formular<\/h2>\n\n<p>Ob Sie Ihren Antrag auf der offiziellen Website der US-Regierung oder auf einer privaten Website stellen, die gestellten Fragen sind im Wesentlichen dieselben. Das ESTA-Formular besteht aus vier verschiedenen Teilen. Englisch ist nicht Ihre St\u00e4rke? Keine Sorge, f\u00fcr Ihren ESTA-Antrag sind die Fragen auf Deutsch.<\/p>\n\n<p>Die erste betrifft Ihre pers\u00f6nlichen Informationen, die in Ihrem Reisepass stehen: Nachname, Vorname, Geschlecht, Geburtsdatum und -ort, Herkunftsland, Staatsangeh\u00f6rigkeit und Kontaktinformationen. All diese Informationen erm\u00f6glichen es dem Ministerium f\u00fcr Innere Sicherheit, die Identit\u00e4t von Personen zu ermitteln, die in die USA reisen m\u00f6chten.<\/p>\n\n<p>Hinweis f\u00fcr verheiratete Frauen: Ihr Nachname auf Ihrem ESTA muss mit dem Nachnamen in Ihrem Reisepass \u00fcbereinstimmen. Wenn Sie Ihren Reisepass nicht haben erneuern lassen, seit Sie verheiratet sind, m\u00fcssen Sie in diesem Fall Ihren M\u00e4dchennamen angeben. Die Nachnamen m\u00fcssen auf beiden Dokumenten unbedingt \u00fcbereinstimmen.<\/p>\n\n<p>Danach folgt der zweite Teil mit den spezifischen Informationen zu Ihrem Reisepass. Sie werden unter anderem nach der Nummer des Reisepasses, dem Ausstellungsdatum und dem Ablaufdatum gefragt.<br\/>Diesem Abschnitt folgt ein dritter Teil, in dem Sie nach Informationen \u00fcber Ihren Aufenthalt in den USA gefragt werden (Adresse und Kontakt vor Ort). Wenn Sie Ihr Hotel noch nicht gebucht haben oder einen Roadtrip planen, ist das kein Problem, denn diese Felder sind f\u00fcr die Einreise in die USA nicht erforderlich.<\/p>\n\n<p>Schlie\u00dflich wird Ihnen eine Reihe von &#8222;Ja-oder-Nein&#8220;-Fragen zu Ihrem Gesundheitszustand und Ihrer Vorstrafe gestellt. Mithilfe dieser Fragen kann die US-Regierung feststellen, ob Sie eine Bedrohung f\u00fcr die innere Sicherheit des Landes darstellen oder nicht. Es ist ratsam, alle diese Fragen mit &#8222;Nein&#8220; zu beantworten, aber in jedem Fall sollten Sie beim Ausf\u00fcllen des ESTA-Fragebogens so ehrlich wie m\u00f6glich sein. Die \u00dcbermittlung einer falschen Erkl\u00e4rung k\u00f6nnte Ihnen schaden und die USA k\u00f6nnten Ihnen lebenslang den Zugang zu ihrem Hoheitsgebiet verwehren.<br\/>Sobald Sie das Formular ausgef\u00fcllt haben, m\u00fcssen Sie anschlie\u00dfend eine Bearbeitungsgeb\u00fchr entrichten. Der <a href=\"https:\/\/123-esta.com\/de\/erlauterungen-zu-den-verschiedenen-esta-status\/\">Status Ihres ESTA<\/a> wird innerhalb von maximal 72 Stunden \u00fcbermittelt (ESTA bewilligt, <a href=\"https:\/\/123-esta.com\/de\/was-zu-tun-wenn-der-esta-antrag-aussteht\/\">ESTA<\/a> ausstehend oder ESTA abgelehnt).<\/p>\n\n<h2 class=\"wp-block-heading\">Kann eine dritte Person ein ESTA-Formular ausf\u00fcllen?<\/h2>\n\n<p>Jede Person, die in die USA reisen m\u00f6chte, muss \u00fcber eine vorherige Reisegenehmigung verf\u00fcgen. Diese Verpflichtung gilt sowohl f\u00fcr Erwachsene als auch f\u00fcr Kinder. Genauso wie ein Minderj\u00e4hriger seinen eigenen g\u00fcltigen Reisepass haben muss, muss ein Baby oder Kind einen ESTA auf seinen Namen haben, auch wenn es nicht in der Lage ist, ihn selbst zu beantragen.<\/p>\n\n<p>Das amerikanische System ist gut erprobt, da das ESTA-Formular mehrere Antr\u00e4ge in einem erlaubt! Bei einer Reise mit einer vierk\u00f6pfigen Familie zum Beispiel k\u00f6nnen die Eltern dann zusammen mit ihrem <a href=\"https:\/\/123-esta.com\/de\/esta-fur-kleinkinder\/\">Kind<\/a> einen <a href=\"https:\/\/123-esta.com\/de\/esta-fur-kleinkinder\/\">ESTA-Antrag f\u00fcr Kinder<\/a> stellen. Das ist eine besonders willkommene Zeitersparnis, die mehr Zeit f\u00fcr die Vorbereitung und Organisation der Reise in die USA l\u00e4sst.<br\/>Ebenso sind Reisende mit psychischen Problemen nicht immer in der Lage, den Fragebogen selbst auszuf\u00fcllen, und k\u00f6nnen sich von einer dritten Person helfen lassen. Die verantwortliche Person muss dann das daf\u00fcr vorgesehene Feld ankreuzen.<\/p>\n\n<p>Denken Sie daran, dass Sie <a href=\"https:\/\/123-esta.com\/de\/drucken-esta-formular\/\">Ihr ESTA durchaus ausdrucken<\/a> k\u00f6nnen, wenn Sie sichergehen wollen, dass Sie bei der US-Einwanderungsbeh\u00f6rde keine Probleme haben werden.<\/p>\n","protected":false},"excerpt":{"rendered":"<p>Bereiten Sie sich darauf vor, Ihren n\u00e4chsten Urlaub in \u00dcbersee zu verbringen und die USA zu besuchen? Egal, ob Sie eine Reise nach New York oder einen Roadtrip durch den Westen der USA unternehmen, Sie m\u00fcssen einige Formalit\u00e4ten erledigen, bevor Sie aufbrechen und sich in Ihr Abenteuer st\u00fcrzen k\u00f6nnen. Unter anderem m\u00fcssen Sie ein USA [&hellip;]<\/p>\n","protected":false},"author":1,"featured_media":0,"parent":0,"menu_order":0,"comment_status":"closed","ping_status":"closed","template":"","meta":{"site-sidebar-layout":"default","site-content-layout":"default","ast-site-content-layout":"default","site-content-style":"default","site-sidebar-style":"default","ast-global-header-display":"","ast-banner-title-visibility":"","ast-main-header-display":"","ast-hfb-above-header-display":"","ast-hfb-below-header-display":"","ast-hfb-mobile-header-display":"","site-post-title":"","ast-breadcrumbs-content":"","ast-featured-img":"","footer-sml-layout":"","ast-disable-related-posts":"","theme-transparent-header-meta":"default","adv-header-id-meta":"","stick-header-meta":"default","header-above-stick-meta":"","header-main-stick-meta":"","header-below-stick-meta":"","astra-migrate-meta-layouts":"default","ast-page-background-enabled":"default","ast-page-background-meta":{"desktop":{"background-color":"","background-image":"","background-repeat":"repeat","background-position":"center center","background-size":"auto","background-attachment":"scroll","background-type":"","background-media":"","overlay-type":"","overlay-color":"","overlay-opacity":"","overlay-gradient":""},"tablet":{"background-color":"","background-image":"","background-repeat":"repeat","background-position":"center center","background-size":"auto","background-attachment":"scroll","background-type":"","background-media":"","overlay-type":"","overlay-color":"","overlay-opacity":"","overlay-gradient":""},"mobile":{"background-color":"","background-image":"","background-repeat":"repeat","background-position":"center center","background-size":"auto","background-attachment":"scroll","background-type":"","background-media":"","overlay-type":"","overlay-color":"","overlay-opacity":"","overlay-gradient":""}},"ast-content-background-meta":{"desktop":{"background-color":"var(--ast-global-color-5)","background-image":"","background-repeat":"repeat","background-position":"center center","background-size":"auto","background-attachment":"scroll","background-type":"","background-media":"","overlay-type":"","overlay-color":"","overlay-opacity":"","overlay-gradient":""},"tablet":{"background-color":"var(--ast-global-color-5)","background-image":"","background-repeat":"repeat","background-position":"center center","background-size":"auto","background-attachment":"scroll","background-type":"","background-media":"","overlay-type":"","overlay-color":"","overlay-opacity":"","overlay-gradient":""},"mobile":{"background-color":"var(--ast-global-color-5)","background-image":"","background-repeat":"repeat","background-position":"center center","background-size":"auto","background-attachment":"scroll","background-type":"","background-media":"","overlay-type":"","overlay-color":"","overlay-opacity":"","overlay-gradient":""}},"footnotes":""},"class_list":["post-2406","page","type-page","status-publish","hentry"],"yoast_head":"<!-- This site is optimized with the Yoast SEO plugin v27.1.1 - https:\/\/yoast.com\/product\/yoast-seo-wordpress\/ -->\n<title>Wie f\u00fclle ich den ESTA-Fragebogen richtig aus?<\/title>\n<meta name=\"description\" content=\"Hilfe beim Ausf\u00fcllen des ESTA-Fragebogens: Welche Informationen \u00fcber den Reisenden und den Reisepass werden auf dem Formular abgefragt?\" \/>\n<meta name=\"robots\" content=\"index, follow, max-snippet:-1, max-image-preview:large, max-video-preview:-1\" \/>\n<link rel=\"canonical\" href=\"https:\/\/123-esta.com\/de\/wie-man-den-esta-fragebogen-ausfullt\/\" \/>\n<meta property=\"og:locale\" content=\"de_DE\" \/>\n<meta property=\"og:type\" content=\"article\" \/>\n<meta property=\"og:title\" content=\"Wie f\u00fclle ich den ESTA-Fragebogen richtig aus?\" \/>\n<meta property=\"og:description\" content=\"Hilfe beim Ausf\u00fcllen des ESTA-Fragebogens: Welche Informationen \u00fcber den Reisenden und den Reisepass werden auf dem Formular abgefragt?\" \/>\n<meta property=\"og:url\" content=\"https:\/\/123-esta.com\/de\/wie-man-den-esta-fragebogen-ausfullt\/\" \/>\n<meta property=\"og:site_name\" content=\"Formulaire ESTA pour les USA\" \/>\n<meta property=\"article:modified_time\" content=\"2022-08-23T20:22:32+00:00\" \/>\n<meta name=\"twitter:card\" content=\"summary_large_image\" \/>\n<meta name=\"twitter:label1\" content=\"Gesch\u00e4tzte Lesezeit\" \/>\n\t<meta name=\"twitter:data1\" content=\"4\u00a0Minuten\" \/>\n<script type=\"application\/ld+json\" class=\"yoast-schema-graph\">{\"@context\":\"https:\/\/schema.org\",\"@graph\":[{\"@type\":\"WebPage\",\"@id\":\"https:\/\/123-esta.com\/de\/wie-man-den-esta-fragebogen-ausfullt\/\",\"url\":\"https:\/\/123-esta.com\/de\/wie-man-den-esta-fragebogen-ausfullt\/\",\"name\":\"Wie f\u00fclle ich den ESTA-Fragebogen richtig aus?\",\"isPartOf\":{\"@id\":\"https:\/\/123-esta.com\/de\/#website\"},\"datePublished\":\"2022-07-27T19:34:44+00:00\",\"dateModified\":\"2022-08-23T20:22:32+00:00\",\"description\":\"Hilfe beim Ausf\u00fcllen des ESTA-Fragebogens: Welche Informationen \u00fcber den Reisenden und den Reisepass werden auf dem Formular abgefragt?\",\"inLanguage\":\"de\",\"potentialAction\":[{\"@type\":\"ReadAction\",\"target\":[\"https:\/\/123-esta.com\/de\/wie-man-den-esta-fragebogen-ausfullt\/\"]}]},{\"@type\":\"WebSite\",\"@id\":\"https:\/\/123-esta.com\/de\/#website\",\"url\":\"https:\/\/123-esta.com\/de\/\",\"name\":\"Formulaire ESTA pour les USA\",\"description\":\"\",\"publisher\":{\"@id\":\"https:\/\/123-esta.com\/de\/#organization\"},\"potentialAction\":[{\"@type\":\"SearchAction\",\"target\":{\"@type\":\"EntryPoint\",\"urlTemplate\":\"https:\/\/123-esta.com\/de\/?s={search_term_string}\"},\"query-input\":{\"@type\":\"PropertyValueSpecification\",\"valueRequired\":true,\"valueName\":\"search_term_string\"}}],\"inLanguage\":\"de\"},{\"@type\":\"Organization\",\"@id\":\"https:\/\/123-esta.com\/de\/#organization\",\"name\":\"Formulaire ESTA pour les USA\",\"url\":\"https:\/\/123-esta.com\/de\/\",\"logo\":{\"@type\":\"ImageObject\",\"inLanguage\":\"de\",\"@id\":\"https:\/\/123-esta.com\/de\/#\/schema\/logo\/image\/\",\"url\":\"https:\/\/123-esta.com\/wp-content\/uploads\/2018\/03\/logo-123-esta.png\",\"contentUrl\":\"https:\/\/123-esta.com\/wp-content\/uploads\/2018\/03\/logo-123-esta.png\",\"width\":191,\"height\":54,\"caption\":\"Formulaire ESTA pour les USA\"},\"image\":{\"@id\":\"https:\/\/123-esta.com\/de\/#\/schema\/logo\/image\/\"}}]}<\/script>\n<!-- \/ Yoast SEO plugin. -->","yoast_head_json":{"title":"Wie f\u00fclle ich den ESTA-Fragebogen richtig aus?","description":"Hilfe beim Ausf\u00fcllen des ESTA-Fragebogens: Welche Informationen \u00fcber den Reisenden und den Reisepass werden auf dem Formular abgefragt?","robots":{"index":"index","follow":"follow","max-snippet":"max-snippet:-1","max-image-preview":"max-image-preview:large","max-video-preview":"max-video-preview:-1"},"canonical":"https:\/\/123-esta.com\/de\/wie-man-den-esta-fragebogen-ausfullt\/","og_locale":"de_DE","og_type":"article","og_title":"Wie f\u00fclle ich den ESTA-Fragebogen richtig aus?","og_description":"Hilfe beim Ausf\u00fcllen des ESTA-Fragebogens: Welche Informationen \u00fcber den Reisenden und den Reisepass werden auf dem Formular abgefragt?","og_url":"https:\/\/123-esta.com\/de\/wie-man-den-esta-fragebogen-ausfullt\/","og_site_name":"Formulaire ESTA pour les USA","article_modified_time":"2022-08-23T20:22:32+00:00","twitter_card":"summary_large_image","twitter_misc":{"Gesch\u00e4tzte Lesezeit":"4\u00a0Minuten"},"schema":{"@context":"https:\/\/schema.org","@graph":[{"@type":"WebPage","@id":"https:\/\/123-esta.com\/de\/wie-man-den-esta-fragebogen-ausfullt\/","url":"https:\/\/123-esta.com\/de\/wie-man-den-esta-fragebogen-ausfullt\/","name":"Wie f\u00fclle ich den ESTA-Fragebogen richtig aus?","isPartOf":{"@id":"https:\/\/123-esta.com\/de\/#website"},"datePublished":"2022-07-27T19:34:44+00:00","dateModified":"2022-08-23T20:22:32+00:00","description":"Hilfe beim Ausf\u00fcllen des ESTA-Fragebogens: Welche Informationen \u00fcber den Reisenden und den Reisepass werden auf dem Formular abgefragt?","inLanguage":"de","potentialAction":[{"@type":"ReadAction","target":["https:\/\/123-esta.com\/de\/wie-man-den-esta-fragebogen-ausfullt\/"]}]},{"@type":"WebSite","@id":"https:\/\/123-esta.com\/de\/#website","url":"https:\/\/123-esta.com\/de\/","name":"Formulaire ESTA pour les USA","description":"","publisher":{"@id":"https:\/\/123-esta.com\/de\/#organization"},"potentialAction":[{"@type":"SearchAction","target":{"@type":"EntryPoint","urlTemplate":"https:\/\/123-esta.com\/de\/?s={search_term_string}"},"query-input":{"@type":"PropertyValueSpecification","valueRequired":true,"valueName":"search_term_string"}}],"inLanguage":"de"},{"@type":"Organization","@id":"https:\/\/123-esta.com\/de\/#organization","name":"Formulaire ESTA pour les USA","url":"https:\/\/123-esta.com\/de\/","logo":{"@type":"ImageObject","inLanguage":"de","@id":"https:\/\/123-esta.com\/de\/#\/schema\/logo\/image\/","url":"https:\/\/123-esta.com\/wp-content\/uploads\/2018\/03\/logo-123-esta.png","contentUrl":"https:\/\/123-esta.com\/wp-content\/uploads\/2018\/03\/logo-123-esta.png","width":191,"height":54,"caption":"Formulaire ESTA pour les USA"},"image":{"@id":"https:\/\/123-esta.com\/de\/#\/schema\/logo\/image\/"}}]}},"_links":{"self":[{"href":"https:\/\/123-esta.com\/de\/wp-json\/wp\/v2\/pages\/2406","targetHints":{"allow":["GET"]}}],"collection":[{"href":"https:\/\/123-esta.com\/de\/wp-json\/wp\/v2\/pages"}],"about":[{"href":"https:\/\/123-esta.com\/de\/wp-json\/wp\/v2\/types\/page"}],"author":[{"embeddable":true,"href":"https:\/\/123-esta.com\/de\/wp-json\/wp\/v2\/users\/1"}],"replies":[{"embeddable":true,"href":"https:\/\/123-esta.com\/de\/wp-json\/wp\/v2\/comments?post=2406"}],"version-history":[{"count":0,"href":"https:\/\/123-esta.com\/de\/wp-json\/wp\/v2\/pages\/2406\/revisions"}],"wp:attachment":[{"href":"https:\/\/123-esta.com\/de\/wp-json\/wp\/v2\/media?parent=2406"}],"curies":[{"name":"wp","href":"https:\/\/api.w.org\/{rel}","templated":true}]}}