{"id":2405,"date":"2022-07-27T21:34:44","date_gmt":"2022-07-27T19:34:44","guid":{"rendered":"https:\/\/123-esta.com\/was-ist-lesta\/"},"modified":"2022-09-06T20:50:52","modified_gmt":"2022-09-06T18:50:52","slug":"was-ist-esta","status":"publish","type":"page","link":"https:\/\/123-esta.com\/de\/was-ist-esta\/","title":{"rendered":"Was ist die ESTA-Reisegenehmigung?"},"content":{"rendered":"\n<p>Jedes Jahr kommen mehrere Millionen Reisende mit ihrer <a href=\"https:\/\/123-esta.com\/de\/\">ESTA-Genehmigung<\/a> an die Grenzen der USA. Denn wie viele andere L\u00e4nder auf der Welt nehmen auch die USA die Sicherheit ihres Landes sehr ernst und \u00fcberwachen die legale Einwanderung sehr genau. Und um ein ESTA-Visum zu erhalten, m\u00fcssen Sie bestimmte Voraussetzungen erf\u00fcllen.<\/p>\n\n<h2 class=\"wp-block-heading\">Wozu dient das ESTA-Visum f\u00fcr die USA?<\/h2>\n\n<p>Das ESTA-Visum f\u00fcr die USA ist eine Genehmigung, die Sie einholen m\u00fcssen, bevor Sie das Land von Uncle Sam betreten d\u00fcrfen. Obwohl der Begriff ESTA-Visum h\u00e4ufig vorkommt, handelt es sich dabei um einen Missbrauch der Sprache, denn das ESTA ist eben ein Dokument, mit dem man auf ein Visum verzichten kann.<\/p>\n\n<p>Das Electronic System for Travel Authorization, kurz ESTA, wurde geschaffen, um Personen, die in die USA reisen m\u00f6chten, das Leben zu erleichtern. Tats\u00e4chlich ist seine Beantragung sehr schnell und die <a href=\"https:\/\/123-esta.com\/de\/preise-und-zahlungen-esta\/\">Kosten f\u00fcr das ESTA<\/a> sind sehr viel niedriger als die <a href=\"https:\/\/123-esta.com\/de\/preise-und-zahlungen-esta\/\">Kosten<\/a> f\u00fcr ein herk\u00f6mmliches Visum. Ihr T\u00e4tigkeitsbereich beschr\u00e4nkt sich jedoch auf unbezahlte Gesch\u00e4ftsreisen und Tourismus. Es ist nicht empfehlenswert, ein ESTA-Visum zu beantragen, wenn der Ausflug ins Land der unbegrenzten M\u00f6glichkeiten nicht unter diese Kriterien f\u00e4llt. Denn wenn es vor Ort zu Problemen kommt, gehen die Polizei- und Zollbeh\u00f6rden \u00e4u\u00dferst streng mit illegalen Einwanderern um.<\/p>\n\n<h2 class=\"wp-block-heading\">Was sind die Voraussetzungen f\u00fcr ein ESTA-Visum f\u00fcr die USA?<\/h2>\n\n<p>Es ist wichtig, die Bedingungen f\u00fcr ein ESTA-Visum f\u00fcr die USA zu kennen, da nicht jeder daf\u00fcr in Frage kommt. Nur Staatsangeh\u00f6rige der 40 L\u00e4nder, die am Visa Waiver Program teilnehmen, d\u00fcrfen ein ESTA-Visum beantragen. Au\u00dferdem m\u00fcssen Sie sicherstellen, dass Sie die folgenden Kriterien erf\u00fcllen:<\/p>\n\n<ul class=\"wp-block-list\"><li>Wie bereits zuvor angesprochen, muss die Reise zu touristischen oder gesch\u00e4ftlichen Zwecken erfolgen, jedoch ohne finanzielle Gegenleistung;<\/li><li>Der f\u00fcr die Reise verwendete Reisepass muss elektronisch oder biometrisch sein. Seine G\u00fcltigkeitsdauer muss die gesamte Dauer des Aufenthalts abdecken ;<\/li><li>Die Reise darf nicht l\u00e4nger als 90 Tage dauern ;<\/li><li>Schlie\u00dflich ist es wichtig, dass Sie in der Lage sind, Online-Zahlungen zu leisten, da ein <a href=\"https:\/\/123-esta.com\/de\/esta-offiziell\/\">offizielles ESTA<\/a> nur \u00fcber das Internet beantragt werden kann.<\/li><\/ul>\n\n<h2 class=\"wp-block-heading\">Wie erhalte ich ein ESTA-Visum?<\/h2>\n\n<p>Nachdem Sie nun sichergestellt haben, dass Sie alle Voraussetzungen erf\u00fcllen, ist es an der Zeit, mit dem Ausf\u00fcllen des <a href=\"https:\/\/123-esta.com\/de\/wie-man-den-esta-fragebogen-ausfullt\/\">ESTA-Fragebogens<\/a> zu beginnen. Dieser Fragebogen besteht aus drei Teilen, in denen Sie zahlreiche Fragen zu Ihren pers\u00f6nlichen Daten (Name, Vorname, Geburtsdatum und -ort usw.), zum Grund Ihrer Reise oder zu den Angaben in Ihrem Reisepass beantworten m\u00fcssen. Er endet mit einer Reihe von Fragen, die mit &#8222;Ja&#8220; oder &#8222;Nein&#8220; beantwortet werden m\u00fcssen. Sie betreffen Ihren Gesundheitszustand, Ihre Vorstrafen, ob Sie planen, die innere Sicherheit des Landes zu gef\u00e4hrden (wir raten Ihnen dringend, diese Frage mit &#8222;Nein&#8220; zu beantworten)&#8230;<\/p>\n\n<p>Sobald der Fragebogen ausgef\u00fcllt ist, k\u00fcmmern wir uns darum, dass er an die zust\u00e4ndigen Beh\u00f6rden weitergeleitet wird. Wenn Sie diesen Schritt direkt auf der offiziellen Website durchgef\u00fchrt haben, m\u00fcssen Sie nur die Bearbeitungsgeb\u00fchr bezahlen und es wird direkt an die mit der \u00dcberpr\u00fcfung beauftragten Beamten weitergeleitet. Wenn die Antwort positiv ist, sollten Sie wissen, dass <a href=\"https:\/\/123-esta.com\/de\/alles-uber-die-gultigkeit-des-esta\/\">ESTA<\/a> zwei Jahre lang <a href=\"https:\/\/123-esta.com\/de\/alles-uber-die-gultigkeit-des-esta\/\">g\u00fcltig<\/a> ist, es sei denn, in der Zwischenzeit \u00e4ndern sich wichtige Informationen (z. B. \u00c4nderung des Reisepasses). Andernfalls muss er innerhalb dieser Frist nicht erneuert werden.<\/p>\n\n<p>Die Frage, ob Sie <a href=\"https:\/\/123-esta.com\/de\/braucht-man-ein-visum-fur-die-usa\/\">ein Visum f\u00fcr die USA ben\u00f6tigen<\/a>, k\u00f6nnen wir aufgrund seiner Art und seines Nutzens mit einem klaren JA beantworten. Wenn Sie noch Fragen zum ESTA-Visum haben? Z\u00f6gern Sie nicht, unsere <a href=\"https:\/\/123-esta.com\/de\/faq-esta\/\">ESTA FAQs<\/a> zu lesen.<\/p>\n","protected":false},"excerpt":{"rendered":"<p>Jedes Jahr kommen mehrere Millionen Reisende mit ihrer ESTA-Genehmigung an die Grenzen der USA. Denn wie viele andere L\u00e4nder auf der Welt nehmen auch die USA die Sicherheit ihres Landes sehr ernst und \u00fcberwachen die legale Einwanderung sehr genau. Und um ein ESTA-Visum zu erhalten, m\u00fcssen Sie bestimmte Voraussetzungen erf\u00fcllen. Wozu dient das ESTA-Visum f\u00fcr [&hellip;]<\/p>\n","protected":false},"author":1,"featured_media":0,"parent":0,"menu_order":0,"comment_status":"closed","ping_status":"closed","template":"","meta":{"site-sidebar-layout":"default","site-content-layout":"default","ast-site-content-layout":"default","site-content-style":"default","site-sidebar-style":"default","ast-global-header-display":"","ast-banner-title-visibility":"","ast-main-header-display":"","ast-hfb-above-header-display":"","ast-hfb-below-header-display":"","ast-hfb-mobile-header-display":"","site-post-title":"","ast-breadcrumbs-content":"","ast-featured-img":"","footer-sml-layout":"","ast-disable-related-posts":"","theme-transparent-header-meta":"default","adv-header-id-meta":"","stick-header-meta":"default","header-above-stick-meta":"","header-main-stick-meta":"","header-below-stick-meta":"","astra-migrate-meta-layouts":"default","ast-page-background-enabled":"default","ast-page-background-meta":{"desktop":{"background-color":"","background-image":"","background-repeat":"repeat","background-position":"center center","background-size":"auto","background-attachment":"scroll","background-type":"","background-media":"","overlay-type":"","overlay-color":"","overlay-opacity":"","overlay-gradient":""},"tablet":{"background-color":"","background-image":"","background-repeat":"repeat","background-position":"center center","background-size":"auto","background-attachment":"scroll","background-type":"","background-media":"","overlay-type":"","overlay-color":"","overlay-opacity":"","overlay-gradient":""},"mobile":{"background-color":"","background-image":"","background-repeat":"repeat","background-position":"center center","background-size":"auto","background-attachment":"scroll","background-type":"","background-media":"","overlay-type":"","overlay-color":"","overlay-opacity":"","overlay-gradient":""}},"ast-content-background-meta":{"desktop":{"background-color":"var(--ast-global-color-5)","background-image":"","background-repeat":"repeat","background-position":"center center","background-size":"auto","background-attachment":"scroll","background-type":"","background-media":"","overlay-type":"","overlay-color":"","overlay-opacity":"","overlay-gradient":""},"tablet":{"background-color":"var(--ast-global-color-5)","background-image":"","background-repeat":"repeat","background-position":"center center","background-size":"auto","background-attachment":"scroll","background-type":"","background-media":"","overlay-type":"","overlay-color":"","overlay-opacity":"","overlay-gradient":""},"mobile":{"background-color":"var(--ast-global-color-5)","background-image":"","background-repeat":"repeat","background-position":"center center","background-size":"auto","background-attachment":"scroll","background-type":"","background-media":"","overlay-type":"","overlay-color":"","overlay-opacity":"","overlay-gradient":""}},"footnotes":""},"class_list":["post-2405","page","type-page","status-publish","hentry"],"yoast_head":"<!-- This site is optimized with the Yoast SEO plugin v27.1.1 - https:\/\/yoast.com\/product\/yoast-seo-wordpress\/ -->\n<title>Was ist die ESTA-Reisegenehmigung?<\/title>\n<meta name=\"description\" content=\"Die ESTA-Reisegenehmigung ist zu einem wichtigen Schritt bei der Vorbereitung einer Kurzreise in die USA geworden. Wir sagen Ihnen alles.\" \/>\n<meta name=\"robots\" content=\"index, follow, max-snippet:-1, max-image-preview:large, max-video-preview:-1\" \/>\n<link rel=\"canonical\" href=\"https:\/\/123-esta.com\/de\/was-ist-esta\/\" \/>\n<meta property=\"og:locale\" content=\"de_DE\" \/>\n<meta property=\"og:type\" content=\"article\" \/>\n<meta property=\"og:title\" content=\"Was ist die ESTA-Reisegenehmigung?\" \/>\n<meta property=\"og:description\" content=\"Die ESTA-Reisegenehmigung ist zu einem wichtigen Schritt bei der Vorbereitung einer Kurzreise in die USA geworden. Wir sagen Ihnen alles.\" \/>\n<meta property=\"og:url\" content=\"https:\/\/123-esta.com\/de\/was-ist-esta\/\" \/>\n<meta property=\"og:site_name\" content=\"Formulaire ESTA pour les USA\" \/>\n<meta property=\"article:modified_time\" content=\"2022-09-06T18:50:52+00:00\" \/>\n<meta name=\"twitter:card\" content=\"summary_large_image\" \/>\n<meta name=\"twitter:label1\" content=\"Gesch\u00e4tzte Lesezeit\" \/>\n\t<meta name=\"twitter:data1\" content=\"3\u00a0Minuten\" \/>\n<script type=\"application\/ld+json\" class=\"yoast-schema-graph\">{\"@context\":\"https:\/\/schema.org\",\"@graph\":[{\"@type\":\"WebPage\",\"@id\":\"https:\/\/123-esta.com\/de\/was-ist-esta\/\",\"url\":\"https:\/\/123-esta.com\/de\/was-ist-esta\/\",\"name\":\"Was ist die ESTA-Reisegenehmigung?\",\"isPartOf\":{\"@id\":\"https:\/\/123-esta.com\/de\/#website\"},\"datePublished\":\"2022-07-27T19:34:44+00:00\",\"dateModified\":\"2022-09-06T18:50:52+00:00\",\"description\":\"Die ESTA-Reisegenehmigung ist zu einem wichtigen Schritt bei der Vorbereitung einer Kurzreise in die USA geworden. Wir sagen Ihnen alles.\",\"inLanguage\":\"de\",\"potentialAction\":[{\"@type\":\"ReadAction\",\"target\":[\"https:\/\/123-esta.com\/de\/was-ist-esta\/\"]}]},{\"@type\":\"WebSite\",\"@id\":\"https:\/\/123-esta.com\/de\/#website\",\"url\":\"https:\/\/123-esta.com\/de\/\",\"name\":\"Formulaire ESTA pour les USA\",\"description\":\"\",\"publisher\":{\"@id\":\"https:\/\/123-esta.com\/de\/#organization\"},\"potentialAction\":[{\"@type\":\"SearchAction\",\"target\":{\"@type\":\"EntryPoint\",\"urlTemplate\":\"https:\/\/123-esta.com\/de\/?s={search_term_string}\"},\"query-input\":{\"@type\":\"PropertyValueSpecification\",\"valueRequired\":true,\"valueName\":\"search_term_string\"}}],\"inLanguage\":\"de\"},{\"@type\":\"Organization\",\"@id\":\"https:\/\/123-esta.com\/de\/#organization\",\"name\":\"Formulaire ESTA pour les USA\",\"url\":\"https:\/\/123-esta.com\/de\/\",\"logo\":{\"@type\":\"ImageObject\",\"inLanguage\":\"de\",\"@id\":\"https:\/\/123-esta.com\/de\/#\/schema\/logo\/image\/\",\"url\":\"https:\/\/123-esta.com\/wp-content\/uploads\/2018\/03\/logo-123-esta.png\",\"contentUrl\":\"https:\/\/123-esta.com\/wp-content\/uploads\/2018\/03\/logo-123-esta.png\",\"width\":191,\"height\":54,\"caption\":\"Formulaire ESTA pour les USA\"},\"image\":{\"@id\":\"https:\/\/123-esta.com\/de\/#\/schema\/logo\/image\/\"}}]}<\/script>\n<!-- \/ Yoast SEO plugin. -->","yoast_head_json":{"title":"Was ist die ESTA-Reisegenehmigung?","description":"Die ESTA-Reisegenehmigung ist zu einem wichtigen Schritt bei der Vorbereitung einer Kurzreise in die USA geworden. Wir sagen Ihnen alles.","robots":{"index":"index","follow":"follow","max-snippet":"max-snippet:-1","max-image-preview":"max-image-preview:large","max-video-preview":"max-video-preview:-1"},"canonical":"https:\/\/123-esta.com\/de\/was-ist-esta\/","og_locale":"de_DE","og_type":"article","og_title":"Was ist die ESTA-Reisegenehmigung?","og_description":"Die ESTA-Reisegenehmigung ist zu einem wichtigen Schritt bei der Vorbereitung einer Kurzreise in die USA geworden. Wir sagen Ihnen alles.","og_url":"https:\/\/123-esta.com\/de\/was-ist-esta\/","og_site_name":"Formulaire ESTA pour les USA","article_modified_time":"2022-09-06T18:50:52+00:00","twitter_card":"summary_large_image","twitter_misc":{"Gesch\u00e4tzte Lesezeit":"3\u00a0Minuten"},"schema":{"@context":"https:\/\/schema.org","@graph":[{"@type":"WebPage","@id":"https:\/\/123-esta.com\/de\/was-ist-esta\/","url":"https:\/\/123-esta.com\/de\/was-ist-esta\/","name":"Was ist die ESTA-Reisegenehmigung?","isPartOf":{"@id":"https:\/\/123-esta.com\/de\/#website"},"datePublished":"2022-07-27T19:34:44+00:00","dateModified":"2022-09-06T18:50:52+00:00","description":"Die ESTA-Reisegenehmigung ist zu einem wichtigen Schritt bei der Vorbereitung einer Kurzreise in die USA geworden. Wir sagen Ihnen alles.","inLanguage":"de","potentialAction":[{"@type":"ReadAction","target":["https:\/\/123-esta.com\/de\/was-ist-esta\/"]}]},{"@type":"WebSite","@id":"https:\/\/123-esta.com\/de\/#website","url":"https:\/\/123-esta.com\/de\/","name":"Formulaire ESTA pour les USA","description":"","publisher":{"@id":"https:\/\/123-esta.com\/de\/#organization"},"potentialAction":[{"@type":"SearchAction","target":{"@type":"EntryPoint","urlTemplate":"https:\/\/123-esta.com\/de\/?s={search_term_string}"},"query-input":{"@type":"PropertyValueSpecification","valueRequired":true,"valueName":"search_term_string"}}],"inLanguage":"de"},{"@type":"Organization","@id":"https:\/\/123-esta.com\/de\/#organization","name":"Formulaire ESTA pour les USA","url":"https:\/\/123-esta.com\/de\/","logo":{"@type":"ImageObject","inLanguage":"de","@id":"https:\/\/123-esta.com\/de\/#\/schema\/logo\/image\/","url":"https:\/\/123-esta.com\/wp-content\/uploads\/2018\/03\/logo-123-esta.png","contentUrl":"https:\/\/123-esta.com\/wp-content\/uploads\/2018\/03\/logo-123-esta.png","width":191,"height":54,"caption":"Formulaire ESTA pour les USA"},"image":{"@id":"https:\/\/123-esta.com\/de\/#\/schema\/logo\/image\/"}}]}},"_links":{"self":[{"href":"https:\/\/123-esta.com\/de\/wp-json\/wp\/v2\/pages\/2405","targetHints":{"allow":["GET"]}}],"collection":[{"href":"https:\/\/123-esta.com\/de\/wp-json\/wp\/v2\/pages"}],"about":[{"href":"https:\/\/123-esta.com\/de\/wp-json\/wp\/v2\/types\/page"}],"author":[{"embeddable":true,"href":"https:\/\/123-esta.com\/de\/wp-json\/wp\/v2\/users\/1"}],"replies":[{"embeddable":true,"href":"https:\/\/123-esta.com\/de\/wp-json\/wp\/v2\/comments?post=2405"}],"version-history":[{"count":0,"href":"https:\/\/123-esta.com\/de\/wp-json\/wp\/v2\/pages\/2405\/revisions"}],"wp:attachment":[{"href":"https:\/\/123-esta.com\/de\/wp-json\/wp\/v2\/media?parent=2405"}],"curies":[{"name":"wp","href":"https:\/\/api.w.org\/{rel}","templated":true}]}}