{"id":2398,"date":"2022-07-27T21:34:43","date_gmt":"2022-07-27T19:34:43","guid":{"rendered":"https:\/\/123-esta.com\/esta-et-enfant-bas-age\/"},"modified":"2022-08-23T23:35:10","modified_gmt":"2022-08-23T21:35:10","slug":"esta-fur-kleinkinder","status":"publish","type":"page","link":"https:\/\/123-esta.com\/de\/esta-fur-kleinkinder\/","title":{"rendered":"Ist der ESTA-Antrag auch f\u00fcr Kinder und Minderj\u00e4hrige erforderlich?"},"content":{"rendered":"\n<p>Jeder, der in die USA reisen m\u00f6chte, darf nicht ohne ein Visum oder eine Reisegenehmigung vor der Abreise in die USA reisen.<\/p>\n\n<p>Viele Eltern, die einen Urlaub in den USA verbringen m\u00f6chten und unter das Visa Waiver Program fallen, fragen sich, ob sie f\u00fcr ihre Kinder ein ESTA beantragen m\u00fcssen.<\/p>\n\n<p>Diese Frage ist durchaus berechtigt, insbesondere wenn man mit einem Baby reist. Das US-Ministerium f\u00fcr Innere Sicherheit \u00fcberpr\u00fcft die Identit\u00e4t aller Reisenden vor der Einreise in die USA, sowohl von vollj\u00e4hrigen als auch von minderj\u00e4hrigen Personen. Bevor Sie Ihren <a href=\"https:\/\/123-esta.com\/de\/wie-man-den-esta-fragebogen-ausfullt\/\">ESTA-Fragebogen<\/a> ausf\u00fcllen, finden Sie hier alle unsere Reisehinweise zu den Formalit\u00e4ten, die Sie vor der Reise in die USA mit einem Kind erledigen m\u00fcssen, damit Sie nicht auf dem Rollfeld stehen, wenn Sie an Bord gehen.<\/p>\n\n<h2 class=\"wp-block-heading\">Welche Voraussetzungen m\u00fcssen erf\u00fcllt sein, um ein ESTA f\u00fcr Kinder zu beantragen?<\/h2>\n\n<p>Unabh\u00e4ngig davon, ob es sich um ein ESTA f\u00fcr ein Kind oder einen Erwachsenen handelt, sind die zu erf\u00fcllenden Bedingungen genau dieselben (Staatsangeh\u00f6rigkeit eines der vom VWP betroffenen L\u00e4nder, Aufenthalt von h\u00f6chstens 90 Tagen, Reise zu touristischen Zwecken oder als Transit, usw.).<\/p>\n\n<p>Wie bei jeder Auslandsreise au\u00dferhalb der Europ\u00e4ischen Union muss jede Person zwingend einen g\u00fcltigen Reisepass besitzen, der auf ihren Namen ausgestellt ist. Bei einer Reise in die USA wird das ESTA an die Nummer des Reisepasses gekn\u00fcpft. Ein Minderj\u00e4hriger muss daher einen biometrischen Reisepass oder einen elektronischen Reisepass sowie sein ESTA f\u00fcr Kinder haben.<\/p>\n\n<p>Bei Kindern aus unverheirateten oder geschiedenen Paaren, bei denen die Mutter ihren M\u00e4dchennamen wieder angenommen hat, tr\u00e4gt das Kind nicht immer denselben Namen wie sein Elternteil. Sie braucht also einen eigenen Ausweis und das Familienstammbuch ist bei einem Aufenthalt in den USA kein zul\u00e4ssiges Dokument.<\/p>\n\n<p>Wenn Ihr Kind noch kein Reisedokument besitzt und Sie einen Urlaub in den USA planen, gehen Sie mit Ihrem Kind zu Ihrem Rathaus, um einen Reisepass zu beantragen. Rechnen Sie mit einem Monat, bis Sie es erhalten.<\/p>\n\n<h2 class=\"wp-block-heading\">Wie beantrage ich ein ESTA f\u00fcr einen Minderj\u00e4hrigen?<\/h2>\n\n<p><a href=\"https:\/\/123-esta.com\/de\/warum-machen-wir-einen-esta-antrag-fur-die-usa\/\">Der ESTA-Antrag<\/a> f\u00fcr Minderj\u00e4hrige ist derselbe wie f\u00fcr Erwachsene. Dazu muss ein Online-Formular ausgef\u00fcllt werden, das auf der offiziellen Website der US-Regierung oder auf einer speziellen Website zu finden ist.<br\/>Der Vorteil besteht darin, dass Sie einen Online-Gruppenantrag stellen k\u00f6nnen. Vergewissern Sie sich also vorher, dass Sie die P\u00e4sse aller Personen, die mit Ihnen reisen, haben, damit Ihr Antrag erfolgreich ist. Der Vorgang ist schneller, als wenn Sie f\u00fcr jede Person einzeln ein ESTA-Formular ausf\u00fcllen m\u00fcssten.<\/p>\n\n<p>Mit einer G\u00fcltigkeitsdauer von zwei Jahren erm\u00f6glicht das ESTA f\u00fcr Kinder mehrere Aufenthalte in den USA w\u00e4hrend dieser Zeit und muss bei einer n\u00e4chsten Reise nicht mehr gemacht werden.<\/p>\n\n<p>Die Bearbeitungsgeb\u00fchr f\u00fcr die Beantragung einer Reisegenehmigung f\u00fcr einen Minderj\u00e4hrigen ist ebenso wie die f\u00fcr einen Erwachsenen kostenpflichtig, und der Betrag, den Sie zahlen m\u00fcssen, ist derselbe, egal ob es sich um einen Erwachsenen oder ein Kind handelt &#8211; die US-Beh\u00f6rden gew\u00e4hren hier keine Vorzugstarife!<\/p>\n\n<p><em><strong>Wichtiger Hinweis :<\/strong>  Der einzige Unterschied zwischen einem ESTA-Antrag f\u00fcr Kinder und einem f\u00fcr Erwachsene besteht im Ausf\u00fcllen des Formulars: Die Eltern oder Erziehungsberechtigten k\u00f6nnen den ESTA-Antrag f\u00fcr den Minderj\u00e4hrigen ausf\u00fcllen, m\u00fcssen jedoch sicherstellen, dass sie das K\u00e4stchen &#8222;Antrag durch eine dritte Person&#8220; ankreuzen, um zu best\u00e4tigen, dass ein Erwachsener den Antrag im Namen des Kindes gestellt hat. Es ist n\u00e4mlich zu beachten, dass ein Minderj\u00e4hriger den Antrag nicht selbst stellen kann und daher auf eine dritte Person angewiesen ist. Auch wenn das Kind die gestellten Fragen nicht selbst beantwortet, m\u00fcssen die vom Elternteil oder gesetzlichen Vertreter gemachten Angaben wahrheitsgem\u00e4\u00df sein.<\/em><\/p>\n\n<h2 class=\"wp-block-heading\">Andere Dokumente, die Kinder f\u00fcr eine Reise in die USA ben\u00f6tigen<\/h2>\n\n<p>Wenn ein Minderj\u00e4hriger in die USA reist, um ein Auslandspraktikum zu absolvieren, einen Sprachaufenthalt zu machen oder einfach nur Verwandte zu besuchen und die USA zu besichtigen, kann er in Begleitung eines Elternteils oder ohne Begleitung reisen. Er muss hingegen unbedingt \u00fcber eine Genehmigung zur Ausreise aus dem Hoheitsgebiet (AST) verf\u00fcgen. Dieses seit dem 15. Januar 2017 wieder eingef\u00fchrte Dekret betrifft alle minderj\u00e4hrigen Personen, die in Frankreich leben und ohne Begleitung beider Elternteile ins Ausland reisen, um insbesondere die Entf\u00fchrung minderj\u00e4hriger Kinder zu verhindern. Das mag \u00fcbertrieben klingen, kommt aber in Scheidungsf\u00e4llen vor.<\/p>\n\n<p>Zusammenfassend l\u00e4sst sich sagen, dass ein Minderj\u00e4hriger f\u00fcr die Einreise in die USA die folgenden Dokumente haben muss, die von den Zollbeamten am Grenz\u00fcbergang m\u00f6glicherweise verlangt werden:<\/p>\n\n<ul class=\"wp-block-list\"><li>eine auf ihren Namen ausgestellte ESTA-Genehmigung f\u00fcr Minderj\u00e4hrige ;<\/li><li>einen g\u00fcltigen franz\u00f6sischen Reisepass, der auf seinen Namen ausgestellt ist ;<\/li><li>ein auf seinen Namen ausgestelltes Flug- oder Kreuzfahrtticket ;<\/li><li>das Originalformular der von einem Elternteil (oder dem gesetzlichen Vertreter) unterschriebenen Ausreisegenehmigung ;<\/li><li>eine Fotokopie des Personalausweises des Unterzeichners.<\/li><\/ul>\n\n<p>Das Reisen mit einem Baby oder Kind ist nicht immer einfach! Mit diesen wertvollen Tipps ausger\u00fcstet, sind Sie nun bereit, in aller Ruhe eine Reisegenehmigung f\u00fcr sich und\/oder Ihre Kinder zu beantragen. Wir m\u00f6chten Sie daran erinnern, dass der ESTA-Antrag so fr\u00fch wie m\u00f6glich beantragt werden sollte, damit Sie bei Bedarf einen neuen Antrag stellen oder im Falle einer Ablehnung ein Visum bei der US-Botschaft beantragen k\u00f6nnen.<\/p>\n","protected":false},"excerpt":{"rendered":"<p>Jeder, der in die USA reisen m\u00f6chte, darf nicht ohne ein Visum oder eine Reisegenehmigung vor der Abreise in die USA reisen. Viele Eltern, die einen Urlaub in den USA verbringen m\u00f6chten und unter das Visa Waiver Program fallen, fragen sich, ob sie f\u00fcr ihre Kinder ein ESTA beantragen m\u00fcssen. Diese Frage ist durchaus berechtigt, [&hellip;]<\/p>\n","protected":false},"author":1,"featured_media":0,"parent":0,"menu_order":0,"comment_status":"closed","ping_status":"closed","template":"","meta":{"site-sidebar-layout":"default","site-content-layout":"default","ast-site-content-layout":"default","site-content-style":"default","site-sidebar-style":"default","ast-global-header-display":"","ast-banner-title-visibility":"","ast-main-header-display":"","ast-hfb-above-header-display":"","ast-hfb-below-header-display":"","ast-hfb-mobile-header-display":"","site-post-title":"","ast-breadcrumbs-content":"","ast-featured-img":"","footer-sml-layout":"","ast-disable-related-posts":"","theme-transparent-header-meta":"default","adv-header-id-meta":"","stick-header-meta":"default","header-above-stick-meta":"","header-main-stick-meta":"","header-below-stick-meta":"","astra-migrate-meta-layouts":"default","ast-page-background-enabled":"default","ast-page-background-meta":{"desktop":{"background-color":"","background-image":"","background-repeat":"repeat","background-position":"center center","background-size":"auto","background-attachment":"scroll","background-type":"","background-media":"","overlay-type":"","overlay-color":"","overlay-opacity":"","overlay-gradient":""},"tablet":{"background-color":"","background-image":"","background-repeat":"repeat","background-position":"center center","background-size":"auto","background-attachment":"scroll","background-type":"","background-media":"","overlay-type":"","overlay-color":"","overlay-opacity":"","overlay-gradient":""},"mobile":{"background-color":"","background-image":"","background-repeat":"repeat","background-position":"center center","background-size":"auto","background-attachment":"scroll","background-type":"","background-media":"","overlay-type":"","overlay-color":"","overlay-opacity":"","overlay-gradient":""}},"ast-content-background-meta":{"desktop":{"background-color":"var(--ast-global-color-5)","background-image":"","background-repeat":"repeat","background-position":"center center","background-size":"auto","background-attachment":"scroll","background-type":"","background-media":"","overlay-type":"","overlay-color":"","overlay-opacity":"","overlay-gradient":""},"tablet":{"background-color":"var(--ast-global-color-5)","background-image":"","background-repeat":"repeat","background-position":"center center","background-size":"auto","background-attachment":"scroll","background-type":"","background-media":"","overlay-type":"","overlay-color":"","overlay-opacity":"","overlay-gradient":""},"mobile":{"background-color":"var(--ast-global-color-5)","background-image":"","background-repeat":"repeat","background-position":"center center","background-size":"auto","background-attachment":"scroll","background-type":"","background-media":"","overlay-type":"","overlay-color":"","overlay-opacity":"","overlay-gradient":""}},"footnotes":""},"class_list":["post-2398","page","type-page","status-publish","hentry"],"yoast_head":"<!-- This site is optimized with the Yoast SEO plugin v27.1.1 - https:\/\/yoast.com\/product\/yoast-seo-wordpress\/ -->\n<title>Ist der ESTA-Antrag auch f\u00fcr Kinder und Minderj\u00e4hrige erforderlich?<\/title>\n<meta name=\"description\" content=\"Muss ich f\u00fcr ein Baby oder Kleinkind einen ESTA-Antrag stellen? Informationen \u00fcber das Programm f\u00fcr visumfreies Reisen in die USA.\" \/>\n<meta name=\"robots\" content=\"index, follow, max-snippet:-1, max-image-preview:large, max-video-preview:-1\" \/>\n<link rel=\"canonical\" href=\"https:\/\/123-esta.com\/de\/esta-fur-kleinkinder\/\" \/>\n<meta property=\"og:locale\" content=\"de_DE\" \/>\n<meta property=\"og:type\" content=\"article\" \/>\n<meta property=\"og:title\" content=\"Ist der ESTA-Antrag auch f\u00fcr Kinder und Minderj\u00e4hrige erforderlich?\" \/>\n<meta property=\"og:description\" content=\"Muss ich f\u00fcr ein Baby oder Kleinkind einen ESTA-Antrag stellen? Informationen \u00fcber das Programm f\u00fcr visumfreies Reisen in die USA.\" \/>\n<meta property=\"og:url\" content=\"https:\/\/123-esta.com\/de\/esta-fur-kleinkinder\/\" \/>\n<meta property=\"og:site_name\" content=\"Formulaire ESTA pour les USA\" \/>\n<meta property=\"article:modified_time\" content=\"2022-08-23T21:35:10+00:00\" \/>\n<meta name=\"twitter:card\" content=\"summary_large_image\" \/>\n<meta name=\"twitter:label1\" content=\"Gesch\u00e4tzte Lesezeit\" \/>\n\t<meta name=\"twitter:data1\" content=\"5\u00a0Minuten\" \/>\n<script type=\"application\/ld+json\" class=\"yoast-schema-graph\">{\"@context\":\"https:\/\/schema.org\",\"@graph\":[{\"@type\":\"WebPage\",\"@id\":\"https:\/\/123-esta.com\/de\/esta-fur-kleinkinder\/\",\"url\":\"https:\/\/123-esta.com\/de\/esta-fur-kleinkinder\/\",\"name\":\"Ist der ESTA-Antrag auch f\u00fcr Kinder und Minderj\u00e4hrige erforderlich?\",\"isPartOf\":{\"@id\":\"https:\/\/123-esta.com\/de\/#website\"},\"datePublished\":\"2022-07-27T19:34:43+00:00\",\"dateModified\":\"2022-08-23T21:35:10+00:00\",\"description\":\"Muss ich f\u00fcr ein Baby oder Kleinkind einen ESTA-Antrag stellen? Informationen \u00fcber das Programm f\u00fcr visumfreies Reisen in die USA.\",\"inLanguage\":\"de\",\"potentialAction\":[{\"@type\":\"ReadAction\",\"target\":[\"https:\/\/123-esta.com\/de\/esta-fur-kleinkinder\/\"]}]},{\"@type\":\"WebSite\",\"@id\":\"https:\/\/123-esta.com\/de\/#website\",\"url\":\"https:\/\/123-esta.com\/de\/\",\"name\":\"Formulaire ESTA pour les USA\",\"description\":\"\",\"publisher\":{\"@id\":\"https:\/\/123-esta.com\/de\/#organization\"},\"potentialAction\":[{\"@type\":\"SearchAction\",\"target\":{\"@type\":\"EntryPoint\",\"urlTemplate\":\"https:\/\/123-esta.com\/de\/?s={search_term_string}\"},\"query-input\":{\"@type\":\"PropertyValueSpecification\",\"valueRequired\":true,\"valueName\":\"search_term_string\"}}],\"inLanguage\":\"de\"},{\"@type\":\"Organization\",\"@id\":\"https:\/\/123-esta.com\/de\/#organization\",\"name\":\"Formulaire ESTA pour les USA\",\"url\":\"https:\/\/123-esta.com\/de\/\",\"logo\":{\"@type\":\"ImageObject\",\"inLanguage\":\"de\",\"@id\":\"https:\/\/123-esta.com\/de\/#\/schema\/logo\/image\/\",\"url\":\"https:\/\/123-esta.com\/wp-content\/uploads\/2018\/03\/logo-123-esta.png\",\"contentUrl\":\"https:\/\/123-esta.com\/wp-content\/uploads\/2018\/03\/logo-123-esta.png\",\"width\":191,\"height\":54,\"caption\":\"Formulaire ESTA pour les USA\"},\"image\":{\"@id\":\"https:\/\/123-esta.com\/de\/#\/schema\/logo\/image\/\"}}]}<\/script>\n<!-- \/ Yoast SEO plugin. -->","yoast_head_json":{"title":"Ist der ESTA-Antrag auch f\u00fcr Kinder und Minderj\u00e4hrige erforderlich?","description":"Muss ich f\u00fcr ein Baby oder Kleinkind einen ESTA-Antrag stellen? Informationen \u00fcber das Programm f\u00fcr visumfreies Reisen in die USA.","robots":{"index":"index","follow":"follow","max-snippet":"max-snippet:-1","max-image-preview":"max-image-preview:large","max-video-preview":"max-video-preview:-1"},"canonical":"https:\/\/123-esta.com\/de\/esta-fur-kleinkinder\/","og_locale":"de_DE","og_type":"article","og_title":"Ist der ESTA-Antrag auch f\u00fcr Kinder und Minderj\u00e4hrige erforderlich?","og_description":"Muss ich f\u00fcr ein Baby oder Kleinkind einen ESTA-Antrag stellen? Informationen \u00fcber das Programm f\u00fcr visumfreies Reisen in die USA.","og_url":"https:\/\/123-esta.com\/de\/esta-fur-kleinkinder\/","og_site_name":"Formulaire ESTA pour les USA","article_modified_time":"2022-08-23T21:35:10+00:00","twitter_card":"summary_large_image","twitter_misc":{"Gesch\u00e4tzte Lesezeit":"5\u00a0Minuten"},"schema":{"@context":"https:\/\/schema.org","@graph":[{"@type":"WebPage","@id":"https:\/\/123-esta.com\/de\/esta-fur-kleinkinder\/","url":"https:\/\/123-esta.com\/de\/esta-fur-kleinkinder\/","name":"Ist der ESTA-Antrag auch f\u00fcr Kinder und Minderj\u00e4hrige erforderlich?","isPartOf":{"@id":"https:\/\/123-esta.com\/de\/#website"},"datePublished":"2022-07-27T19:34:43+00:00","dateModified":"2022-08-23T21:35:10+00:00","description":"Muss ich f\u00fcr ein Baby oder Kleinkind einen ESTA-Antrag stellen? Informationen \u00fcber das Programm f\u00fcr visumfreies Reisen in die USA.","inLanguage":"de","potentialAction":[{"@type":"ReadAction","target":["https:\/\/123-esta.com\/de\/esta-fur-kleinkinder\/"]}]},{"@type":"WebSite","@id":"https:\/\/123-esta.com\/de\/#website","url":"https:\/\/123-esta.com\/de\/","name":"Formulaire ESTA pour les USA","description":"","publisher":{"@id":"https:\/\/123-esta.com\/de\/#organization"},"potentialAction":[{"@type":"SearchAction","target":{"@type":"EntryPoint","urlTemplate":"https:\/\/123-esta.com\/de\/?s={search_term_string}"},"query-input":{"@type":"PropertyValueSpecification","valueRequired":true,"valueName":"search_term_string"}}],"inLanguage":"de"},{"@type":"Organization","@id":"https:\/\/123-esta.com\/de\/#organization","name":"Formulaire ESTA pour les USA","url":"https:\/\/123-esta.com\/de\/","logo":{"@type":"ImageObject","inLanguage":"de","@id":"https:\/\/123-esta.com\/de\/#\/schema\/logo\/image\/","url":"https:\/\/123-esta.com\/wp-content\/uploads\/2018\/03\/logo-123-esta.png","contentUrl":"https:\/\/123-esta.com\/wp-content\/uploads\/2018\/03\/logo-123-esta.png","width":191,"height":54,"caption":"Formulaire ESTA pour les USA"},"image":{"@id":"https:\/\/123-esta.com\/de\/#\/schema\/logo\/image\/"}}]}},"_links":{"self":[{"href":"https:\/\/123-esta.com\/de\/wp-json\/wp\/v2\/pages\/2398","targetHints":{"allow":["GET"]}}],"collection":[{"href":"https:\/\/123-esta.com\/de\/wp-json\/wp\/v2\/pages"}],"about":[{"href":"https:\/\/123-esta.com\/de\/wp-json\/wp\/v2\/types\/page"}],"author":[{"embeddable":true,"href":"https:\/\/123-esta.com\/de\/wp-json\/wp\/v2\/users\/1"}],"replies":[{"embeddable":true,"href":"https:\/\/123-esta.com\/de\/wp-json\/wp\/v2\/comments?post=2398"}],"version-history":[{"count":0,"href":"https:\/\/123-esta.com\/de\/wp-json\/wp\/v2\/pages\/2398\/revisions"}],"wp:attachment":[{"href":"https:\/\/123-esta.com\/de\/wp-json\/wp\/v2\/media?parent=2398"}],"curies":[{"name":"wp","href":"https:\/\/api.w.org\/{rel}","templated":true}]}}