{"id":2384,"date":"2022-07-27T21:34:40","date_gmt":"2022-07-27T19:34:40","guid":{"rendered":"https:\/\/123-esta.com\/eine-um-die-vereinigten-staaten-fahren-ist-es-moeglich\/"},"modified":"2022-09-19T17:10:48","modified_gmt":"2022-09-19T15:10:48","slug":"fahrradtour-durch-die-usa","status":"publish","type":"page","link":"https:\/\/123-esta.com\/de\/fahrradtour-durch-die-usa\/","title":{"rendered":"Ist eine Fahrradtour durch die USA m\u00f6glich oder ist sie verr\u00fcckt?"},"content":{"rendered":"\n<p>Es ist schwierig, sich in den USA ohne privates Fortbewegungsmittel frei zu bewegen. Au\u00dferdem gibt es viele Autovermietungen, und auch Fahrr\u00e4der werden h\u00e4ufig vermietet, was in <a href=\"https:\/\/123-esta.com\/de\/die-transporte-zu-usa\/\">den USA<\/a> ein Trend ist.<\/p>\n\n<p>In den USA werden Sie \u00fcberall, wo Sie hinkommen, problemlos ein Fahrrad mieten k\u00f6nnen, und Sie werden auf Radtouren sto\u00dfen. Die Erfahrung ist anders und das garantiert eine bessere M\u00f6glichkeit, die Landschaft vollst\u00e4ndig zu erkunden, ein bisschen wie bei einem kleinen Spaziergang.<\/p>\n\n<h2 class=\"wp-block-heading\">Welche Orte kann man mit dem Fahrrad bereisen?<\/h2>\n\n<p>Es ist unm\u00f6glich, die sch\u00f6nen Orte in den USA aufzuz\u00e4hlen, die man mit dem Fahrrad erkunden kann. Alles ist sch\u00f6n, von den gro\u00dfen St\u00e4dten \u00fcber das Land bis hin zu den bekannten Parks wie dem Grand Canyon.<\/p>\n\n<p>Um nur New York zu nennen: Ein Spaziergang durch Manhattan, ein Gang \u00fcber die Brooklyn Bridge oder die Erkundung des Central Parks mit dem Fahrrad verspricht ein episches Erlebnis. Fast alle Stra\u00dfen in den St\u00e4dten der USA enthalten eine Fahrradspur. Es kommt vor, dass sich Fahrrad und Auto vermischen, aber die amerikanischen Fahrer sind sehr r\u00fccksichtsvoll im Verkehr. Dennoch ist Vorsicht geboten.<\/p>\n\n<p>Au\u00dferhalb der gro\u00dfen St\u00e4dte gibt es touristische Radtouren. Im Internet gibt es zahlreiche Websites mit &#8222;Bike Trails&#8220;, wie sie auch genannt werden, auf denen verschiedene Fahrradrouten angeboten werden, allein oder in der Gruppe, wobei Map, Entfernung und Schwierigkeitsgrad zur Verf\u00fcgung gestellt werden. Reisende haben eine vielf\u00e4ltige Auswahl an Landschaften, die es zu erkunden gilt: gr\u00fcne Ebenen, W\u00e4lder, gr\u00fcne oder felsige Berge; alles kann mit dem Fahrrad erkundet werden.<\/p>\n\n<p>Die Vereinigten Staaten sind ein gro\u00dfes Land mit vielen sch\u00f6nen Orten, an denen man tolle Shows sehen kann. Es gibt nicht wirklich eine Stadt oder Sehensw\u00fcrdigkeit, die man priorisieren sollte, der Unterschied liegt in der Art und Weise, wie die Erkundung stattfindet. Mit dem Fahrrad statt mit dem Auto unterwegs zu sein, kann alles ver\u00e4ndern und verspricht eine tolle Entdeckung.<\/p>\n\n<h2 class=\"wp-block-heading\">Und die Tour durch die USA?<\/h2>\n\n<p>Die Idee hat viele Menschen begeistert. Einige begeben sich auf eine lange Reise vom Atlantik zum Pazifik, andere entscheiden sich f\u00fcr eine eher weiche Tour wie eine Fahrradtour durch Los Angeles, Chicago oder Washington.<\/p>\n\n<p>Die Mutigsten machen den ultimativen Roadtrip von San Francisco nach New York in nur 90 Tagen. Es ist unm\u00f6glich, das Gef\u00fchl eines solchen Trips zu beschreiben, ohne ihn selbst ausprobiert zu haben. Eine Fahrradtour oder ein riesiger Roadtrip durch die USA erfordert immer eine gute und gr\u00fcndliche Vorbereitung. Hotels, Reiserouten, Kosten und Ausgaben; alles muss im Voraus geplant werden.<\/p>\n","protected":false},"excerpt":{"rendered":"<p>Es ist schwierig, sich in den USA ohne privates Fortbewegungsmittel frei zu bewegen. Au\u00dferdem gibt es viele Autovermietungen, und auch Fahrr\u00e4der werden h\u00e4ufig vermietet, was in den USA ein Trend ist. In den USA werden Sie \u00fcberall, wo Sie hinkommen, problemlos ein Fahrrad mieten k\u00f6nnen, und Sie werden auf Radtouren sto\u00dfen. Die Erfahrung ist anders [&hellip;]<\/p>\n","protected":false},"author":1,"featured_media":0,"parent":0,"menu_order":0,"comment_status":"closed","ping_status":"closed","template":"","meta":{"site-sidebar-layout":"default","site-content-layout":"default","ast-site-content-layout":"default","site-content-style":"default","site-sidebar-style":"default","ast-global-header-display":"","ast-banner-title-visibility":"","ast-main-header-display":"","ast-hfb-above-header-display":"","ast-hfb-below-header-display":"","ast-hfb-mobile-header-display":"","site-post-title":"","ast-breadcrumbs-content":"","ast-featured-img":"","footer-sml-layout":"","ast-disable-related-posts":"","theme-transparent-header-meta":"default","adv-header-id-meta":"","stick-header-meta":"default","header-above-stick-meta":"","header-main-stick-meta":"","header-below-stick-meta":"","astra-migrate-meta-layouts":"default","ast-page-background-enabled":"default","ast-page-background-meta":{"desktop":{"background-color":"","background-image":"","background-repeat":"repeat","background-position":"center center","background-size":"auto","background-attachment":"scroll","background-type":"","background-media":"","overlay-type":"","overlay-color":"","overlay-opacity":"","overlay-gradient":""},"tablet":{"background-color":"","background-image":"","background-repeat":"repeat","background-position":"center center","background-size":"auto","background-attachment":"scroll","background-type":"","background-media":"","overlay-type":"","overlay-color":"","overlay-opacity":"","overlay-gradient":""},"mobile":{"background-color":"","background-image":"","background-repeat":"repeat","background-position":"center center","background-size":"auto","background-attachment":"scroll","background-type":"","background-media":"","overlay-type":"","overlay-color":"","overlay-opacity":"","overlay-gradient":""}},"ast-content-background-meta":{"desktop":{"background-color":"var(--ast-global-color-5)","background-image":"","background-repeat":"repeat","background-position":"center center","background-size":"auto","background-attachment":"scroll","background-type":"","background-media":"","overlay-type":"","overlay-color":"","overlay-opacity":"","overlay-gradient":""},"tablet":{"background-color":"var(--ast-global-color-5)","background-image":"","background-repeat":"repeat","background-position":"center center","background-size":"auto","background-attachment":"scroll","background-type":"","background-media":"","overlay-type":"","overlay-color":"","overlay-opacity":"","overlay-gradient":""},"mobile":{"background-color":"var(--ast-global-color-5)","background-image":"","background-repeat":"repeat","background-position":"center center","background-size":"auto","background-attachment":"scroll","background-type":"","background-media":"","overlay-type":"","overlay-color":"","overlay-opacity":"","overlay-gradient":""}},"footnotes":""},"class_list":["post-2384","page","type-page","status-publish","hentry"],"yoast_head":"<!-- This site is optimized with the Yoast SEO plugin v27.1.1 - https:\/\/yoast.com\/product\/yoast-seo-wordpress\/ -->\n<title>Ist eine Fahrradtour durch die USA m\u00f6glich oder ist sie verr\u00fcckt?<\/title>\n<meta name=\"description\" content=\"Haben Sie schon einmal daran gedacht, die USA mit dem Fahrrad zu erkunden? Das ist durchaus m\u00f6glich, erfordert aber eine gewisse Vorbereitung.\" \/>\n<meta name=\"robots\" content=\"index, follow, max-snippet:-1, max-image-preview:large, max-video-preview:-1\" \/>\n<link rel=\"canonical\" href=\"https:\/\/123-esta.com\/de\/fahrradtour-durch-die-usa\/\" \/>\n<meta property=\"og:locale\" content=\"de_DE\" \/>\n<meta property=\"og:type\" content=\"article\" \/>\n<meta property=\"og:title\" content=\"Ist eine Fahrradtour durch die USA m\u00f6glich oder ist sie verr\u00fcckt?\" \/>\n<meta property=\"og:description\" content=\"Haben Sie schon einmal daran gedacht, die USA mit dem Fahrrad zu erkunden? Das ist durchaus m\u00f6glich, erfordert aber eine gewisse Vorbereitung.\" \/>\n<meta property=\"og:url\" content=\"https:\/\/123-esta.com\/de\/fahrradtour-durch-die-usa\/\" \/>\n<meta property=\"og:site_name\" content=\"Formulaire ESTA pour les USA\" \/>\n<meta property=\"article:modified_time\" content=\"2022-09-19T15:10:48+00:00\" \/>\n<meta name=\"twitter:card\" content=\"summary_large_image\" \/>\n<meta name=\"twitter:label1\" content=\"Gesch\u00e4tzte Lesezeit\" \/>\n\t<meta name=\"twitter:data1\" content=\"2\u00a0Minuten\" \/>\n<script type=\"application\/ld+json\" class=\"yoast-schema-graph\">{\"@context\":\"https:\/\/schema.org\",\"@graph\":[{\"@type\":\"WebPage\",\"@id\":\"https:\/\/123-esta.com\/de\/fahrradtour-durch-die-usa\/\",\"url\":\"https:\/\/123-esta.com\/de\/fahrradtour-durch-die-usa\/\",\"name\":\"Ist eine Fahrradtour durch die USA m\u00f6glich oder ist sie verr\u00fcckt?\",\"isPartOf\":{\"@id\":\"https:\/\/123-esta.com\/de\/#website\"},\"datePublished\":\"2022-07-27T19:34:40+00:00\",\"dateModified\":\"2022-09-19T15:10:48+00:00\",\"description\":\"Haben Sie schon einmal daran gedacht, die USA mit dem Fahrrad zu erkunden? Das ist durchaus m\u00f6glich, erfordert aber eine gewisse Vorbereitung.\",\"inLanguage\":\"de\",\"potentialAction\":[{\"@type\":\"ReadAction\",\"target\":[\"https:\/\/123-esta.com\/de\/fahrradtour-durch-die-usa\/\"]}]},{\"@type\":\"WebSite\",\"@id\":\"https:\/\/123-esta.com\/de\/#website\",\"url\":\"https:\/\/123-esta.com\/de\/\",\"name\":\"Formulaire ESTA pour les USA\",\"description\":\"\",\"publisher\":{\"@id\":\"https:\/\/123-esta.com\/de\/#organization\"},\"potentialAction\":[{\"@type\":\"SearchAction\",\"target\":{\"@type\":\"EntryPoint\",\"urlTemplate\":\"https:\/\/123-esta.com\/de\/?s={search_term_string}\"},\"query-input\":{\"@type\":\"PropertyValueSpecification\",\"valueRequired\":true,\"valueName\":\"search_term_string\"}}],\"inLanguage\":\"de\"},{\"@type\":\"Organization\",\"@id\":\"https:\/\/123-esta.com\/de\/#organization\",\"name\":\"Formulaire ESTA pour les USA\",\"url\":\"https:\/\/123-esta.com\/de\/\",\"logo\":{\"@type\":\"ImageObject\",\"inLanguage\":\"de\",\"@id\":\"https:\/\/123-esta.com\/de\/#\/schema\/logo\/image\/\",\"url\":\"https:\/\/123-esta.com\/wp-content\/uploads\/2018\/03\/logo-123-esta.png\",\"contentUrl\":\"https:\/\/123-esta.com\/wp-content\/uploads\/2018\/03\/logo-123-esta.png\",\"width\":191,\"height\":54,\"caption\":\"Formulaire ESTA pour les USA\"},\"image\":{\"@id\":\"https:\/\/123-esta.com\/de\/#\/schema\/logo\/image\/\"}}]}<\/script>\n<!-- \/ Yoast SEO plugin. -->","yoast_head_json":{"title":"Ist eine Fahrradtour durch die USA m\u00f6glich oder ist sie verr\u00fcckt?","description":"Haben Sie schon einmal daran gedacht, die USA mit dem Fahrrad zu erkunden? Das ist durchaus m\u00f6glich, erfordert aber eine gewisse Vorbereitung.","robots":{"index":"index","follow":"follow","max-snippet":"max-snippet:-1","max-image-preview":"max-image-preview:large","max-video-preview":"max-video-preview:-1"},"canonical":"https:\/\/123-esta.com\/de\/fahrradtour-durch-die-usa\/","og_locale":"de_DE","og_type":"article","og_title":"Ist eine Fahrradtour durch die USA m\u00f6glich oder ist sie verr\u00fcckt?","og_description":"Haben Sie schon einmal daran gedacht, die USA mit dem Fahrrad zu erkunden? Das ist durchaus m\u00f6glich, erfordert aber eine gewisse Vorbereitung.","og_url":"https:\/\/123-esta.com\/de\/fahrradtour-durch-die-usa\/","og_site_name":"Formulaire ESTA pour les USA","article_modified_time":"2022-09-19T15:10:48+00:00","twitter_card":"summary_large_image","twitter_misc":{"Gesch\u00e4tzte Lesezeit":"2\u00a0Minuten"},"schema":{"@context":"https:\/\/schema.org","@graph":[{"@type":"WebPage","@id":"https:\/\/123-esta.com\/de\/fahrradtour-durch-die-usa\/","url":"https:\/\/123-esta.com\/de\/fahrradtour-durch-die-usa\/","name":"Ist eine Fahrradtour durch die USA m\u00f6glich oder ist sie verr\u00fcckt?","isPartOf":{"@id":"https:\/\/123-esta.com\/de\/#website"},"datePublished":"2022-07-27T19:34:40+00:00","dateModified":"2022-09-19T15:10:48+00:00","description":"Haben Sie schon einmal daran gedacht, die USA mit dem Fahrrad zu erkunden? Das ist durchaus m\u00f6glich, erfordert aber eine gewisse Vorbereitung.","inLanguage":"de","potentialAction":[{"@type":"ReadAction","target":["https:\/\/123-esta.com\/de\/fahrradtour-durch-die-usa\/"]}]},{"@type":"WebSite","@id":"https:\/\/123-esta.com\/de\/#website","url":"https:\/\/123-esta.com\/de\/","name":"Formulaire ESTA pour les USA","description":"","publisher":{"@id":"https:\/\/123-esta.com\/de\/#organization"},"potentialAction":[{"@type":"SearchAction","target":{"@type":"EntryPoint","urlTemplate":"https:\/\/123-esta.com\/de\/?s={search_term_string}"},"query-input":{"@type":"PropertyValueSpecification","valueRequired":true,"valueName":"search_term_string"}}],"inLanguage":"de"},{"@type":"Organization","@id":"https:\/\/123-esta.com\/de\/#organization","name":"Formulaire ESTA pour les USA","url":"https:\/\/123-esta.com\/de\/","logo":{"@type":"ImageObject","inLanguage":"de","@id":"https:\/\/123-esta.com\/de\/#\/schema\/logo\/image\/","url":"https:\/\/123-esta.com\/wp-content\/uploads\/2018\/03\/logo-123-esta.png","contentUrl":"https:\/\/123-esta.com\/wp-content\/uploads\/2018\/03\/logo-123-esta.png","width":191,"height":54,"caption":"Formulaire ESTA pour les USA"},"image":{"@id":"https:\/\/123-esta.com\/de\/#\/schema\/logo\/image\/"}}]}},"_links":{"self":[{"href":"https:\/\/123-esta.com\/de\/wp-json\/wp\/v2\/pages\/2384","targetHints":{"allow":["GET"]}}],"collection":[{"href":"https:\/\/123-esta.com\/de\/wp-json\/wp\/v2\/pages"}],"about":[{"href":"https:\/\/123-esta.com\/de\/wp-json\/wp\/v2\/types\/page"}],"author":[{"embeddable":true,"href":"https:\/\/123-esta.com\/de\/wp-json\/wp\/v2\/users\/1"}],"replies":[{"embeddable":true,"href":"https:\/\/123-esta.com\/de\/wp-json\/wp\/v2\/comments?post=2384"}],"version-history":[{"count":0,"href":"https:\/\/123-esta.com\/de\/wp-json\/wp\/v2\/pages\/2384\/revisions"}],"wp:attachment":[{"href":"https:\/\/123-esta.com\/de\/wp-json\/wp\/v2\/media?parent=2384"}],"curies":[{"name":"wp","href":"https:\/\/api.w.org\/{rel}","templated":true}]}}