{"id":2382,"date":"2022-07-27T21:34:40","date_gmt":"2022-07-27T19:34:40","guid":{"rendered":"https:\/\/123-esta.com\/preise-und-zahlungen-esta\/"},"modified":"2022-07-28T13:59:45","modified_gmt":"2022-07-28T11:59:45","slug":"preise-und-zahlungen-esta","status":"publish","type":"page","link":"https:\/\/123-esta.com\/de\/preise-und-zahlungen-esta\/","title":{"rendered":"Preis und Bezahlung von ESTA"},"content":{"rendered":"\n<p>Der ESTA-Antrag wird \u00fcber ein Online-Formular unter Verwendung Ihres g\u00fcltigen Reisepasses gestellt.<\/p>\n\n<h2 class=\"wp-block-heading\">preis-fur-esta<\/h2>\n\n<p>Die US-Beh\u00f6rden haben eine einheitliche Geb\u00fchr von 21 $ festgelegt, die seit Mai 2022 pro Antrag zu entrichten ist. Dies ist also der grundlegende ESTA-Preis.<\/p>\n\n<p>Dazu k\u00f6nnen noch Geb\u00fchren f\u00fcr Dienstleistungen privater Unternehmen kommen, die ein professionelles Team zur Verf\u00fcgung stellen, das die im ESTA-Fragebogen \u00fcbermittelten Informationen \u00fcberpr\u00fcft, bei Bedarf \u00c4nderungen vornimmt, Ihre Fragen beantwortet und Ihre Unterlagen f\u00fcr einen Zeitraum von zwei Jahren aufbewahrt.<\/p>\n\n<h2 class=\"wp-block-heading\">Zahlungsweise f\u00fcr ESTA<\/h2>\n\n<p>Die Registrierung des Antragsformulars und die Bezahlung des ESTA erfolgen beide \u00fcber eine sichere Website. Die Zahlung des ESTA-Antrags ist per Kreditkarte zu leisten.<\/p>\n\n<h2 class=\"wp-block-heading\">ASSISTENZDIENSTLEISTUNGEN VON PRIVATEN FIRMEN<\/h2>\n\n<p>Die US-Regierung ist unnachgiebig, wenn es um die innere Sicherheit der Vereinigten Staaten geht. Es versteht sich daher von selbst, dass die Grenzkontrollen versch\u00e4rft werden. Jede Reise in die USA geht notwendigerweise mit einer Reisegenehmigung einher: ESTA oder Visum. Sicherlich ist die Beantragung eines ESTA einfacher und kosteng\u00fcnstiger als die Beantragung eines Visums. Es ist jedoch gef\u00e4hrlich zu glauben, dass Ihnen das ESTA zwangsl\u00e4ufig ausgeh\u00e4ndigt wird, weil Sie die Voraussetzungen daf\u00fcr erf\u00fcllen. Ein einfacher Eingabefehler in dem auszuf\u00fcllenden Formular und das ESTA kann Ihnen verweigert werden.<\/p>\n\n<p>Wenn Sie einen privaten Helpdesk beauftragen, stellen Sie sicher, dass alle Angaben korrekt sind, was das Risiko einer Ablehnung deutlich verringert. Au\u00dferdem steht Ihnen h\u00e4ufig ein Online-Support zur Verf\u00fcgung, der alle Ihre Fragen beantwortet.<\/p>\n","protected":false},"excerpt":{"rendered":"<p>Der ESTA-Antrag wird \u00fcber ein Online-Formular unter Verwendung Ihres g\u00fcltigen Reisepasses gestellt. preis-fur-esta Die US-Beh\u00f6rden haben eine einheitliche Geb\u00fchr von 21 $ festgelegt, die seit Mai 2022 pro Antrag zu entrichten ist. Dies ist also der grundlegende ESTA-Preis. Dazu k\u00f6nnen noch Geb\u00fchren f\u00fcr Dienstleistungen privater Unternehmen kommen, die ein professionelles Team zur Verf\u00fcgung stellen, das [&hellip;]<\/p>\n","protected":false},"author":1,"featured_media":0,"parent":0,"menu_order":0,"comment_status":"closed","ping_status":"closed","template":"","meta":{"site-sidebar-layout":"default","site-content-layout":"default","ast-site-content-layout":"default","site-content-style":"default","site-sidebar-style":"default","ast-global-header-display":"","ast-banner-title-visibility":"","ast-main-header-display":"","ast-hfb-above-header-display":"","ast-hfb-below-header-display":"","ast-hfb-mobile-header-display":"","site-post-title":"","ast-breadcrumbs-content":"","ast-featured-img":"","footer-sml-layout":"","ast-disable-related-posts":"","theme-transparent-header-meta":"default","adv-header-id-meta":"","stick-header-meta":"default","header-above-stick-meta":"","header-main-stick-meta":"","header-below-stick-meta":"","astra-migrate-meta-layouts":"default","ast-page-background-enabled":"default","ast-page-background-meta":{"desktop":{"background-color":"","background-image":"","background-repeat":"repeat","background-position":"center center","background-size":"auto","background-attachment":"scroll","background-type":"","background-media":"","overlay-type":"","overlay-color":"","overlay-opacity":"","overlay-gradient":""},"tablet":{"background-color":"","background-image":"","background-repeat":"repeat","background-position":"center center","background-size":"auto","background-attachment":"scroll","background-type":"","background-media":"","overlay-type":"","overlay-color":"","overlay-opacity":"","overlay-gradient":""},"mobile":{"background-color":"","background-image":"","background-repeat":"repeat","background-position":"center center","background-size":"auto","background-attachment":"scroll","background-type":"","background-media":"","overlay-type":"","overlay-color":"","overlay-opacity":"","overlay-gradient":""}},"ast-content-background-meta":{"desktop":{"background-color":"var(--ast-global-color-5)","background-image":"","background-repeat":"repeat","background-position":"center center","background-size":"auto","background-attachment":"scroll","background-type":"","background-media":"","overlay-type":"","overlay-color":"","overlay-opacity":"","overlay-gradient":""},"tablet":{"background-color":"var(--ast-global-color-5)","background-image":"","background-repeat":"repeat","background-position":"center center","background-size":"auto","background-attachment":"scroll","background-type":"","background-media":"","overlay-type":"","overlay-color":"","overlay-opacity":"","overlay-gradient":""},"mobile":{"background-color":"var(--ast-global-color-5)","background-image":"","background-repeat":"repeat","background-position":"center center","background-size":"auto","background-attachment":"scroll","background-type":"","background-media":"","overlay-type":"","overlay-color":"","overlay-opacity":"","overlay-gradient":""}},"footnotes":""},"class_list":["post-2382","page","type-page","status-publish","hentry"],"yoast_head":"<!-- This site is optimized with the Yoast SEO plugin v27.1.1 - https:\/\/yoast.com\/product\/yoast-seo-wordpress\/ -->\n<title>Preis und Bezahlung von ESTA<\/title>\n<meta name=\"description\" content=\"Informationen \u00fcber die Zahlungsm\u00f6glichkeiten f\u00fcr den Erhalt des ESTA sowie die Preise f\u00fcr die Dienstleistungen, die f\u00fcr den Erhalt des ESTA angeboten werden.\" \/>\n<meta name=\"robots\" content=\"index, follow, max-snippet:-1, max-image-preview:large, max-video-preview:-1\" \/>\n<link rel=\"canonical\" href=\"https:\/\/123-esta.com\/de\/preise-und-zahlungen-esta\/\" \/>\n<meta property=\"og:locale\" content=\"de_DE\" \/>\n<meta property=\"og:type\" content=\"article\" \/>\n<meta property=\"og:title\" content=\"Preis und Bezahlung von ESTA\" \/>\n<meta property=\"og:description\" content=\"Informationen \u00fcber die Zahlungsm\u00f6glichkeiten f\u00fcr den Erhalt des ESTA sowie die Preise f\u00fcr die Dienstleistungen, die f\u00fcr den Erhalt des ESTA angeboten werden.\" \/>\n<meta property=\"og:url\" content=\"https:\/\/123-esta.com\/de\/preise-und-zahlungen-esta\/\" \/>\n<meta property=\"og:site_name\" content=\"Formulaire ESTA pour les USA\" \/>\n<meta property=\"article:modified_time\" content=\"2022-07-28T11:59:45+00:00\" \/>\n<meta name=\"twitter:card\" content=\"summary_large_image\" \/>\n<meta name=\"twitter:label1\" content=\"Gesch\u00e4tzte Lesezeit\" \/>\n\t<meta name=\"twitter:data1\" content=\"1\u00a0Minute\" \/>\n<script type=\"application\/ld+json\" class=\"yoast-schema-graph\">{\"@context\":\"https:\/\/schema.org\",\"@graph\":[{\"@type\":\"WebPage\",\"@id\":\"https:\/\/123-esta.com\/de\/preise-und-zahlungen-esta\/\",\"url\":\"https:\/\/123-esta.com\/de\/preise-und-zahlungen-esta\/\",\"name\":\"Preis und Bezahlung von ESTA\",\"isPartOf\":{\"@id\":\"https:\/\/123-esta.com\/de\/#website\"},\"datePublished\":\"2022-07-27T19:34:40+00:00\",\"dateModified\":\"2022-07-28T11:59:45+00:00\",\"description\":\"Informationen \u00fcber die Zahlungsm\u00f6glichkeiten f\u00fcr den Erhalt des ESTA sowie die Preise f\u00fcr die Dienstleistungen, die f\u00fcr den Erhalt des ESTA angeboten werden.\",\"inLanguage\":\"de\",\"potentialAction\":[{\"@type\":\"ReadAction\",\"target\":[\"https:\/\/123-esta.com\/de\/preise-und-zahlungen-esta\/\"]}]},{\"@type\":\"WebSite\",\"@id\":\"https:\/\/123-esta.com\/de\/#website\",\"url\":\"https:\/\/123-esta.com\/de\/\",\"name\":\"Formulaire ESTA pour les USA\",\"description\":\"\",\"publisher\":{\"@id\":\"https:\/\/123-esta.com\/de\/#organization\"},\"potentialAction\":[{\"@type\":\"SearchAction\",\"target\":{\"@type\":\"EntryPoint\",\"urlTemplate\":\"https:\/\/123-esta.com\/de\/?s={search_term_string}\"},\"query-input\":{\"@type\":\"PropertyValueSpecification\",\"valueRequired\":true,\"valueName\":\"search_term_string\"}}],\"inLanguage\":\"de\"},{\"@type\":\"Organization\",\"@id\":\"https:\/\/123-esta.com\/de\/#organization\",\"name\":\"Formulaire ESTA pour les USA\",\"url\":\"https:\/\/123-esta.com\/de\/\",\"logo\":{\"@type\":\"ImageObject\",\"inLanguage\":\"de\",\"@id\":\"https:\/\/123-esta.com\/de\/#\/schema\/logo\/image\/\",\"url\":\"https:\/\/123-esta.com\/wp-content\/uploads\/2018\/03\/logo-123-esta.png\",\"contentUrl\":\"https:\/\/123-esta.com\/wp-content\/uploads\/2018\/03\/logo-123-esta.png\",\"width\":191,\"height\":54,\"caption\":\"Formulaire ESTA pour les USA\"},\"image\":{\"@id\":\"https:\/\/123-esta.com\/de\/#\/schema\/logo\/image\/\"}}]}<\/script>\n<!-- \/ Yoast SEO plugin. -->","yoast_head_json":{"title":"Preis und Bezahlung von ESTA","description":"Informationen \u00fcber die Zahlungsm\u00f6glichkeiten f\u00fcr den Erhalt des ESTA sowie die Preise f\u00fcr die Dienstleistungen, die f\u00fcr den Erhalt des ESTA angeboten werden.","robots":{"index":"index","follow":"follow","max-snippet":"max-snippet:-1","max-image-preview":"max-image-preview:large","max-video-preview":"max-video-preview:-1"},"canonical":"https:\/\/123-esta.com\/de\/preise-und-zahlungen-esta\/","og_locale":"de_DE","og_type":"article","og_title":"Preis und Bezahlung von ESTA","og_description":"Informationen \u00fcber die Zahlungsm\u00f6glichkeiten f\u00fcr den Erhalt des ESTA sowie die Preise f\u00fcr die Dienstleistungen, die f\u00fcr den Erhalt des ESTA angeboten werden.","og_url":"https:\/\/123-esta.com\/de\/preise-und-zahlungen-esta\/","og_site_name":"Formulaire ESTA pour les USA","article_modified_time":"2022-07-28T11:59:45+00:00","twitter_card":"summary_large_image","twitter_misc":{"Gesch\u00e4tzte Lesezeit":"1\u00a0Minute"},"schema":{"@context":"https:\/\/schema.org","@graph":[{"@type":"WebPage","@id":"https:\/\/123-esta.com\/de\/preise-und-zahlungen-esta\/","url":"https:\/\/123-esta.com\/de\/preise-und-zahlungen-esta\/","name":"Preis und Bezahlung von ESTA","isPartOf":{"@id":"https:\/\/123-esta.com\/de\/#website"},"datePublished":"2022-07-27T19:34:40+00:00","dateModified":"2022-07-28T11:59:45+00:00","description":"Informationen \u00fcber die Zahlungsm\u00f6glichkeiten f\u00fcr den Erhalt des ESTA sowie die Preise f\u00fcr die Dienstleistungen, die f\u00fcr den Erhalt des ESTA angeboten werden.","inLanguage":"de","potentialAction":[{"@type":"ReadAction","target":["https:\/\/123-esta.com\/de\/preise-und-zahlungen-esta\/"]}]},{"@type":"WebSite","@id":"https:\/\/123-esta.com\/de\/#website","url":"https:\/\/123-esta.com\/de\/","name":"Formulaire ESTA pour les USA","description":"","publisher":{"@id":"https:\/\/123-esta.com\/de\/#organization"},"potentialAction":[{"@type":"SearchAction","target":{"@type":"EntryPoint","urlTemplate":"https:\/\/123-esta.com\/de\/?s={search_term_string}"},"query-input":{"@type":"PropertyValueSpecification","valueRequired":true,"valueName":"search_term_string"}}],"inLanguage":"de"},{"@type":"Organization","@id":"https:\/\/123-esta.com\/de\/#organization","name":"Formulaire ESTA pour les USA","url":"https:\/\/123-esta.com\/de\/","logo":{"@type":"ImageObject","inLanguage":"de","@id":"https:\/\/123-esta.com\/de\/#\/schema\/logo\/image\/","url":"https:\/\/123-esta.com\/wp-content\/uploads\/2018\/03\/logo-123-esta.png","contentUrl":"https:\/\/123-esta.com\/wp-content\/uploads\/2018\/03\/logo-123-esta.png","width":191,"height":54,"caption":"Formulaire ESTA pour les USA"},"image":{"@id":"https:\/\/123-esta.com\/de\/#\/schema\/logo\/image\/"}}]}},"_links":{"self":[{"href":"https:\/\/123-esta.com\/de\/wp-json\/wp\/v2\/pages\/2382","targetHints":{"allow":["GET"]}}],"collection":[{"href":"https:\/\/123-esta.com\/de\/wp-json\/wp\/v2\/pages"}],"about":[{"href":"https:\/\/123-esta.com\/de\/wp-json\/wp\/v2\/types\/page"}],"author":[{"embeddable":true,"href":"https:\/\/123-esta.com\/de\/wp-json\/wp\/v2\/users\/1"}],"replies":[{"embeddable":true,"href":"https:\/\/123-esta.com\/de\/wp-json\/wp\/v2\/comments?post=2382"}],"version-history":[{"count":0,"href":"https:\/\/123-esta.com\/de\/wp-json\/wp\/v2\/pages\/2382\/revisions"}],"wp:attachment":[{"href":"https:\/\/123-esta.com\/de\/wp-json\/wp\/v2\/media?parent=2382"}],"curies":[{"name":"wp","href":"https:\/\/api.w.org\/{rel}","templated":true}]}}