{"id":2374,"date":"2022-07-27T21:34:36","date_gmt":"2022-07-27T19:34:36","guid":{"rendered":"https:\/\/123-esta.com\/was-zu-tun-an-las-vegas\/"},"modified":"2022-09-08T20:06:44","modified_gmt":"2022-09-08T18:06:44","slug":"was-zu-tun-an-las-vegas","status":"publish","type":"page","link":"https:\/\/123-esta.com\/de\/was-zu-tun-an-las-vegas\/","title":{"rendered":"Was kann man bei einem Besuch in Las Vegas sehen und unternehmen?"},"content":{"rendered":"\n<p>Einem alten Sprichwort zufolge l\u00e4sst es sich in Las Vegas gut leben. Aber wann ist die beste Zeit, um dorthin zu reisen?<\/p>\n\n<p>Um diese Frage zu beantworten, sollte man sich einen \u00dcberblick \u00fcber die Stadt Las Vegas und ihre Umgebung verschaffen und die Veranstaltungen, Seminare und Partys ber\u00fccksichtigen, die sich aneinanderreihen und die Preise in die H\u00f6he treiben. Wir d\u00fcrfen einen wichtigen Punkt nicht vergessen: Ihre Widerstandsf\u00e4higkeit oder Nichtwiderstandsf\u00e4higkeit gegen die im Sommer sehr gro\u00dfe Hitze.<\/p>\n\n<h2 class=\"wp-block-heading\">Das Klima in Las Vegas<\/h2>\n\n<p>Trotz seines W\u00fcstenklimas ist Las Vegas eine Stadt, die unz\u00e4hlige Besucher aus der ganzen Welt anzieht. Das ganze Jahr \u00fcber sind die Temperaturen recht unterschiedlich: Von Juni bis September liegen sie um die 37 \u00b0C, mit Spitzenwerten im Juli und August (\u00fcber 40 \u00b0C), aber von Dezember bis Januar k\u00f6nnen sie auf durchschnittlich 13 \u00b0C fallen.<\/p>\n\n<p>In Las Vegas regnet es selten, wobei die meiste Zeit die Sonne scheint (300 Sonnentage). Im Winter kann es zu Gewittern kommen, auf die relativ starke \u00dcberschwemmungen folgen. Wer je nach Klima nach Las Vegas reisen m\u00f6chte, wird den Fr\u00fchling und die Monate April bis Juni sowie den Herbst um September und Oktober herum bevorzugen.<\/p>\n\n<h2 class=\"wp-block-heading\">Zeiten gro\u00dfer Menschenansammlungen<\/h2>\n\n<p>Die Zeiten, in denen Sin City am vollsten mit Touristen ist, sind die Schulferien, aber auch Feiertage, Veranstaltungen, Kongresse und verschiedene Seminare, die j\u00e4hrlich um Februar und M\u00e4rz stattfinden. Die Pokerturniere, die etwa in den Monaten Juni und Juli stattfinden, geh\u00f6ren ebenfalls zu den Zeiten, die die meisten Menschen nach Las Vegas locken.<\/p>\n\n<p>Die Folge: Die Preise f\u00fcr Hotelzimmer sind zu bestimmten Zeiten in die H\u00f6he geschnellt. F\u00fcr Silvester und Weihnachten werden Sie keine Hotelzimmer mit Preisen unter 600 $ pro Nacht finden. In den klassischeren Zeiten von August bis Mitte September und von Mitte November bis Mitte Dezember k\u00f6nnen Sie Zimmer um die 150 $ finden.<\/p>\n\n<p>Wie dem auch sei, in Las Vegas ist immer was los. Ein ber\u00fchmtes Sprichwort sagt uns \u00fcbrigens, dass die Party hier nie aufh\u00f6rt!<\/p>\n\n<h2 class=\"wp-block-heading\">Das Vergn\u00fcgen, Las Vegas zu besuchen<\/h2>\n\n<p>Es ist m\u00f6glich, Las Vegas mit Ihrem ESTA-Dokument zu besuchen. Wenn Sie Ihr Antragsformular f\u00fcr eine Reisegenehmigung im Internet ausf\u00fcllen, haben Sie n\u00e4mlich die M\u00f6glichkeit, ohne Visum in Richtung USA zu reisen.<\/p>\n\n<p>Bei einer Dauer von maximal 90 Tagen haben Sie das Vergn\u00fcgen, durch die W\u00fcste von <a href=\"https:\/\/123-esta.com\/de\/besuch-nevada-und-die-vereinigten-staaten\/\">Nevada<\/a> zu reisen, in einem der vielen Pools der Luxushotels zu baden und nicht zu vergessen, eine der vielen Attraktionen der Stadt Las Vegas zu besuchen.<\/p>\n\n<p>Es besteht auch kein Zweifel daran, dass Sie Ihr Gl\u00fcck bei den verschiedenen Spielen versuchen wollen, die in den zahlreichen Kasinos der Stadt angeboten werden! Aber Vorsicht: In Ma\u00dfen genie\u00dfen. Auch wenn es immer m\u00f6glich ist, Gl\u00fcck zu haben, sollten Sie nicht vergessen, dass Kasinos auf lange Sicht fast immer Gewinner sind.<\/p>\n\n<p>Wenn Sie schlie\u00dflich Lust haben, Ihre Anwesenheit in Las Vegas zu feiern, k\u00f6nnen Sie die Bar The Mix Lounge auf dem Dach des Delano besuchen. Spa\u00df und G\u00e4nsehaut garantiert!<\/p>\n","protected":false},"excerpt":{"rendered":"<p>Einem alten Sprichwort zufolge l\u00e4sst es sich in Las Vegas gut leben. Aber wann ist die beste Zeit, um dorthin zu reisen? Um diese Frage zu beantworten, sollte man sich einen \u00dcberblick \u00fcber die Stadt Las Vegas und ihre Umgebung verschaffen und die Veranstaltungen, Seminare und Partys ber\u00fccksichtigen, die sich aneinanderreihen und die Preise in [&hellip;]<\/p>\n","protected":false},"author":1,"featured_media":0,"parent":0,"menu_order":0,"comment_status":"closed","ping_status":"closed","template":"","meta":{"site-sidebar-layout":"default","site-content-layout":"default","ast-site-content-layout":"default","site-content-style":"default","site-sidebar-style":"default","ast-global-header-display":"","ast-banner-title-visibility":"","ast-main-header-display":"","ast-hfb-above-header-display":"","ast-hfb-below-header-display":"","ast-hfb-mobile-header-display":"","site-post-title":"","ast-breadcrumbs-content":"","ast-featured-img":"","footer-sml-layout":"","ast-disable-related-posts":"","theme-transparent-header-meta":"default","adv-header-id-meta":"","stick-header-meta":"default","header-above-stick-meta":"","header-main-stick-meta":"","header-below-stick-meta":"","astra-migrate-meta-layouts":"default","ast-page-background-enabled":"default","ast-page-background-meta":{"desktop":{"background-color":"","background-image":"","background-repeat":"repeat","background-position":"center center","background-size":"auto","background-attachment":"scroll","background-type":"","background-media":"","overlay-type":"","overlay-color":"","overlay-opacity":"","overlay-gradient":""},"tablet":{"background-color":"","background-image":"","background-repeat":"repeat","background-position":"center center","background-size":"auto","background-attachment":"scroll","background-type":"","background-media":"","overlay-type":"","overlay-color":"","overlay-opacity":"","overlay-gradient":""},"mobile":{"background-color":"","background-image":"","background-repeat":"repeat","background-position":"center center","background-size":"auto","background-attachment":"scroll","background-type":"","background-media":"","overlay-type":"","overlay-color":"","overlay-opacity":"","overlay-gradient":""}},"ast-content-background-meta":{"desktop":{"background-color":"var(--ast-global-color-5)","background-image":"","background-repeat":"repeat","background-position":"center center","background-size":"auto","background-attachment":"scroll","background-type":"","background-media":"","overlay-type":"","overlay-color":"","overlay-opacity":"","overlay-gradient":""},"tablet":{"background-color":"var(--ast-global-color-5)","background-image":"","background-repeat":"repeat","background-position":"center center","background-size":"auto","background-attachment":"scroll","background-type":"","background-media":"","overlay-type":"","overlay-color":"","overlay-opacity":"","overlay-gradient":""},"mobile":{"background-color":"var(--ast-global-color-5)","background-image":"","background-repeat":"repeat","background-position":"center center","background-size":"auto","background-attachment":"scroll","background-type":"","background-media":"","overlay-type":"","overlay-color":"","overlay-opacity":"","overlay-gradient":""}},"footnotes":""},"class_list":["post-2374","page","type-page","status-publish","hentry"],"yoast_head":"<!-- This site is optimized with the Yoast SEO plugin v27.1.1 - https:\/\/yoast.com\/product\/yoast-seo-wordpress\/ -->\n<title>Was kann man bei einem Besuch in Las Vegas sehen und unternehmen?<\/title>\n<meta name=\"description\" content=\"Las Vegas muss man nicht mehr vorstellen, aber wussten Sie, dass man es mit nur wenigen Klicks erreichen kann? Wir verraten Ihnen alles in unserem Artikel.\" \/>\n<meta name=\"robots\" content=\"index, follow, max-snippet:-1, max-image-preview:large, max-video-preview:-1\" \/>\n<link rel=\"canonical\" href=\"https:\/\/123-esta.com\/de\/was-zu-tun-an-las-vegas\/\" \/>\n<meta property=\"og:locale\" content=\"de_DE\" \/>\n<meta property=\"og:type\" content=\"article\" \/>\n<meta property=\"og:title\" content=\"Was kann man bei einem Besuch in Las Vegas sehen und unternehmen?\" \/>\n<meta property=\"og:description\" content=\"Las Vegas muss man nicht mehr vorstellen, aber wussten Sie, dass man es mit nur wenigen Klicks erreichen kann? Wir verraten Ihnen alles in unserem Artikel.\" \/>\n<meta property=\"og:url\" content=\"https:\/\/123-esta.com\/de\/was-zu-tun-an-las-vegas\/\" \/>\n<meta property=\"og:site_name\" content=\"Formulaire ESTA pour les USA\" \/>\n<meta property=\"article:modified_time\" content=\"2022-09-08T18:06:44+00:00\" \/>\n<meta name=\"twitter:card\" content=\"summary_large_image\" \/>\n<meta name=\"twitter:label1\" content=\"Gesch\u00e4tzte Lesezeit\" \/>\n\t<meta name=\"twitter:data1\" content=\"3\u00a0Minuten\" \/>\n<script type=\"application\/ld+json\" class=\"yoast-schema-graph\">{\"@context\":\"https:\/\/schema.org\",\"@graph\":[{\"@type\":\"WebPage\",\"@id\":\"https:\/\/123-esta.com\/de\/was-zu-tun-an-las-vegas\/\",\"url\":\"https:\/\/123-esta.com\/de\/was-zu-tun-an-las-vegas\/\",\"name\":\"Was kann man bei einem Besuch in Las Vegas sehen und unternehmen?\",\"isPartOf\":{\"@id\":\"https:\/\/123-esta.com\/de\/#website\"},\"datePublished\":\"2022-07-27T19:34:36+00:00\",\"dateModified\":\"2022-09-08T18:06:44+00:00\",\"description\":\"Las Vegas muss man nicht mehr vorstellen, aber wussten Sie, dass man es mit nur wenigen Klicks erreichen kann? Wir verraten Ihnen alles in unserem Artikel.\",\"inLanguage\":\"de\",\"potentialAction\":[{\"@type\":\"ReadAction\",\"target\":[\"https:\/\/123-esta.com\/de\/was-zu-tun-an-las-vegas\/\"]}]},{\"@type\":\"WebSite\",\"@id\":\"https:\/\/123-esta.com\/de\/#website\",\"url\":\"https:\/\/123-esta.com\/de\/\",\"name\":\"Formulaire ESTA pour les USA\",\"description\":\"\",\"publisher\":{\"@id\":\"https:\/\/123-esta.com\/de\/#organization\"},\"potentialAction\":[{\"@type\":\"SearchAction\",\"target\":{\"@type\":\"EntryPoint\",\"urlTemplate\":\"https:\/\/123-esta.com\/de\/?s={search_term_string}\"},\"query-input\":{\"@type\":\"PropertyValueSpecification\",\"valueRequired\":true,\"valueName\":\"search_term_string\"}}],\"inLanguage\":\"de\"},{\"@type\":\"Organization\",\"@id\":\"https:\/\/123-esta.com\/de\/#organization\",\"name\":\"Formulaire ESTA pour les USA\",\"url\":\"https:\/\/123-esta.com\/de\/\",\"logo\":{\"@type\":\"ImageObject\",\"inLanguage\":\"de\",\"@id\":\"https:\/\/123-esta.com\/de\/#\/schema\/logo\/image\/\",\"url\":\"https:\/\/123-esta.com\/wp-content\/uploads\/2018\/03\/logo-123-esta.png\",\"contentUrl\":\"https:\/\/123-esta.com\/wp-content\/uploads\/2018\/03\/logo-123-esta.png\",\"width\":191,\"height\":54,\"caption\":\"Formulaire ESTA pour les USA\"},\"image\":{\"@id\":\"https:\/\/123-esta.com\/de\/#\/schema\/logo\/image\/\"}}]}<\/script>\n<!-- \/ Yoast SEO plugin. -->","yoast_head_json":{"title":"Was kann man bei einem Besuch in Las Vegas sehen und unternehmen?","description":"Las Vegas muss man nicht mehr vorstellen, aber wussten Sie, dass man es mit nur wenigen Klicks erreichen kann? Wir verraten Ihnen alles in unserem Artikel.","robots":{"index":"index","follow":"follow","max-snippet":"max-snippet:-1","max-image-preview":"max-image-preview:large","max-video-preview":"max-video-preview:-1"},"canonical":"https:\/\/123-esta.com\/de\/was-zu-tun-an-las-vegas\/","og_locale":"de_DE","og_type":"article","og_title":"Was kann man bei einem Besuch in Las Vegas sehen und unternehmen?","og_description":"Las Vegas muss man nicht mehr vorstellen, aber wussten Sie, dass man es mit nur wenigen Klicks erreichen kann? Wir verraten Ihnen alles in unserem Artikel.","og_url":"https:\/\/123-esta.com\/de\/was-zu-tun-an-las-vegas\/","og_site_name":"Formulaire ESTA pour les USA","article_modified_time":"2022-09-08T18:06:44+00:00","twitter_card":"summary_large_image","twitter_misc":{"Gesch\u00e4tzte Lesezeit":"3\u00a0Minuten"},"schema":{"@context":"https:\/\/schema.org","@graph":[{"@type":"WebPage","@id":"https:\/\/123-esta.com\/de\/was-zu-tun-an-las-vegas\/","url":"https:\/\/123-esta.com\/de\/was-zu-tun-an-las-vegas\/","name":"Was kann man bei einem Besuch in Las Vegas sehen und unternehmen?","isPartOf":{"@id":"https:\/\/123-esta.com\/de\/#website"},"datePublished":"2022-07-27T19:34:36+00:00","dateModified":"2022-09-08T18:06:44+00:00","description":"Las Vegas muss man nicht mehr vorstellen, aber wussten Sie, dass man es mit nur wenigen Klicks erreichen kann? Wir verraten Ihnen alles in unserem Artikel.","inLanguage":"de","potentialAction":[{"@type":"ReadAction","target":["https:\/\/123-esta.com\/de\/was-zu-tun-an-las-vegas\/"]}]},{"@type":"WebSite","@id":"https:\/\/123-esta.com\/de\/#website","url":"https:\/\/123-esta.com\/de\/","name":"Formulaire ESTA pour les USA","description":"","publisher":{"@id":"https:\/\/123-esta.com\/de\/#organization"},"potentialAction":[{"@type":"SearchAction","target":{"@type":"EntryPoint","urlTemplate":"https:\/\/123-esta.com\/de\/?s={search_term_string}"},"query-input":{"@type":"PropertyValueSpecification","valueRequired":true,"valueName":"search_term_string"}}],"inLanguage":"de"},{"@type":"Organization","@id":"https:\/\/123-esta.com\/de\/#organization","name":"Formulaire ESTA pour les USA","url":"https:\/\/123-esta.com\/de\/","logo":{"@type":"ImageObject","inLanguage":"de","@id":"https:\/\/123-esta.com\/de\/#\/schema\/logo\/image\/","url":"https:\/\/123-esta.com\/wp-content\/uploads\/2018\/03\/logo-123-esta.png","contentUrl":"https:\/\/123-esta.com\/wp-content\/uploads\/2018\/03\/logo-123-esta.png","width":191,"height":54,"caption":"Formulaire ESTA pour les USA"},"image":{"@id":"https:\/\/123-esta.com\/de\/#\/schema\/logo\/image\/"}}]}},"_links":{"self":[{"href":"https:\/\/123-esta.com\/de\/wp-json\/wp\/v2\/pages\/2374","targetHints":{"allow":["GET"]}}],"collection":[{"href":"https:\/\/123-esta.com\/de\/wp-json\/wp\/v2\/pages"}],"about":[{"href":"https:\/\/123-esta.com\/de\/wp-json\/wp\/v2\/types\/page"}],"author":[{"embeddable":true,"href":"https:\/\/123-esta.com\/de\/wp-json\/wp\/v2\/users\/1"}],"replies":[{"embeddable":true,"href":"https:\/\/123-esta.com\/de\/wp-json\/wp\/v2\/comments?post=2374"}],"version-history":[{"count":0,"href":"https:\/\/123-esta.com\/de\/wp-json\/wp\/v2\/pages\/2374\/revisions"}],"wp:attachment":[{"href":"https:\/\/123-esta.com\/de\/wp-json\/wp\/v2\/media?parent=2374"}],"curies":[{"name":"wp","href":"https:\/\/api.w.org\/{rel}","templated":true}]}}