{"id":2370,"date":"2022-07-27T21:34:35","date_gmt":"2022-07-27T19:34:35","guid":{"rendered":"https:\/\/123-esta.com\/krankenversicherung-fuer-eine-reise-in-die-staaten\/"},"modified":"2022-08-23T22:04:04","modified_gmt":"2022-08-23T20:04:04","slug":"krankenversicherung-fur-eine-reise-in-die-staaten","status":"publish","type":"page","link":"https:\/\/123-esta.com\/de\/krankenversicherung-fur-eine-reise-in-die-staaten\/","title":{"rendered":"Krankenversicherung: Wie kann ich in den USA versichert sein?"},"content":{"rendered":"\n<p>Eine Reise ins Ausland, insbesondere in die USA, sollte nie auf die leichte Schulter genommen werden, insbesondere was die Wahl einer guten Krankenversicherung betrifft. Die Kosten f\u00fcr medizinische Versorgung k\u00f6nnen schnell steigen, und die Erstattung der Kosten ist je nach Versicherungsgesellschaft oder Krankenkasse sehr unterschiedlich.<\/p>\n\n<p>Verlassen Sie sich nicht darauf, wie die Krankenversicherung in Ihrem Heimatland funktioniert: In manchen L\u00e4ndern gibt es nicht die gleichen Vorteile wie in anderen. In den USA werden Sie die franz\u00f6sische Sozialversicherung sicher vermissen, ebenso wie die Europ\u00e4ische Krankenversicherungskarte! In diesem Artikel finden Sie unsere <a href=\"https:\/\/123-esta.com\/de\/tipps-fuer-reisen-in-die-usa\/\">Tipps, bevor Sie in die USA reisen<\/a>, sei es f\u00fcr einen kurzen oder langen Aufenthalt in <a href=\"https:\/\/123-esta.com\/de\/tipps-fuer-reisen-in-die-usa\/\">den USA<\/a>. Planen Sie dieses Verfahren lange vor Ihrer Abreise, denn das Thema ist umfangreich und komplex, sicherlich mehr als bei Ausl\u00e4ndern in Frankreich.<\/p>\n\n<h2 class=\"wp-block-heading\">Haftpflichtversicherung, Expat-Versicherung, Multirisk-Versicherung &#8230;: schwer, den \u00dcberblick zu behalten!<\/h2>\n\n<p>Es ist besser, etwas Zeit mit einem Versicherungsvergleich zu verbringen, bevor Sie \u00fcbereilt einen Vertrag abschlie\u00dfen und eine Versicherung abschlie\u00dfen, die zu teuer ist und nicht zu Ihrem Vorhaben passt. In den USA wird das Gesundheitssystem als &#8222;mutualistisch&#8220; bezeichnet, d. h. es ist privat (mit Ausnahme des <a href=\"https:\/\/fr.wikipedia.org\/wiki\/Medicaid\">MEDICAID<\/a> und des <a href=\"https:\/\/www.medicare.gov\/\">MEDICARE<\/a>). Vergessen Sie also die solidarischen Beitr\u00e4ge in Frankreich zur Erstattung von Krankheitskosten: Es gilt eher das Prinzip &#8222;jeder f\u00fcr sich selbst&#8220;!<\/p>\n\n<p>Genauso wie es f\u00fcr jedes Profil (ausl\u00e4ndische Studenten, K\u00fcnstler, Praktikanten, Weltenbummler usw.) ein USA-Visum gibt, passen sich auch die medizinische Hilfe und die Krankenversicherung f\u00fcr die USA an den Antragsteller, sein Budget und seine Bed\u00fcrfnisse an. Vor 2014 und Obamacare war ein Amerikaner nicht verpflichtet, eine Krankenversicherung zu besitzen. Von nun an muss sich jeder \u00fcber ein abgeschlossenes Angebot sch\u00fctzen. Am besten ist es, sich mit verschiedenen Versicherern in Verbindung zu setzen, um die am besten geeignete Versicherung zu bestimmen.<\/p>\n\n<p>Zur Veranschaulichung: Laut einer Studie aus dem Jahr 2015 kostete eine Krankenversicherung eine vierk\u00f6pfige Familie 17 454 $ pro Jahr; 5000 $ davon waren abzugsf\u00e4hig, d. h. die Familie musste diesen Betrag vor einer R\u00fcckerstattung bezahlen. Der absetzbare Betrag f\u00fcr Krankenhauskosten ist ziemlich hoch, daher ist es wichtig, dass Sie jederzeit verf\u00fcgbares Geld auf Ihrem Bankkonto haben.<\/p>\n\n<p>Auch wenn es ein heikles Thema ist, dar\u00fcber zu sprechen, sollten Sie die Versicherung f\u00fcr die R\u00fcckf\u00fchrung des Leichnams im Falle des Todes eines Familienmitglieds nicht vernachl\u00e4ssigen. Au\u00dferdem sollten Sie wissen, dass das Prinzip des Todesfallkapitals der franz\u00f6sischen Krankenversicherung in den USA nicht gilt.<\/p>\n\n<p>Hinweis: Werfen Sie vor Ihrer Auswanderung einen Blick auf Ihre Bankkarte (z. B. Visa premier oder Gold Mastercard). Diese kann einen Krankenr\u00fccktransport oder sogar eine Privathaftpflichtversicherung umfassen, die sich auch auf das Ausland erstreckt.<\/p>\n\n<h2 class=\"wp-block-heading\">Studieren Sie die Krankenversicherungsvertr\u00e4ge genau, um die tats\u00e4chlich anfallenden Kosten zu kennen<\/h2>\n\n<p>Viele Vertragsbestandteile bestimmen, welche Kosten f\u00fcr medizinische Leistungen im Ausland Sie zu tragen haben. Achten Sie in den USA auf die Angaben &#8222;Copay&#8220; (Summe, die auf jeden Fall zu zahlen ist), &#8222;Out of pocket maximum&#8220; (Obergrenze), &#8222;Deductible&#8220; (Selbstbehalt), &#8222;Exclusions&#8220; (Ausschl\u00fcsse) oder &#8222;Network&#8220; (\u00c4rztenetzwerk). All dies wird Ihnen helfen, Ihren Versicherungsschutz im Falle eines Unfalls im Leben besser einzusch\u00e4tzen.<\/p>\n\n<p>Um das Risiko zu begrenzen, empfehlen wir, einen umfassenden Versicherungsschutz (Pflege, Medikamente, R\u00fcckf\u00fchrung, Krankenhausaufenthalt) zu w\u00e4hlen. Manchmal ist es sogar finanziell g\u00fcnstiger, nach Frankreich zur\u00fcckgebracht zu werden, um sich dort behandeln zu lassen.<\/p>\n\n<p>Andererseits sollten Sie bei allen Versicherungen f\u00fcr Expats vorsichtig sein: Seit der Einf\u00fchrung von Obamacare m\u00fcssen Sie pr\u00fcfen, ob eine internationale Versicherung mit dem neuen amerikanischen System kompatibel ist, da sonst Strafzahlungen f\u00e4llig werden. Diese Vereinbarkeit ist jedoch alles andere als systematisch.<\/p>\n\n<p>Informieren Sie sich parallel zur Krankenversicherung in den USA und f\u00fcr Ihren Auslandsaufenthalt im Allgemeinen auch \u00fcber eine Hausratversicherung, Rechtshilfe und Reiseassistenz, die Ihre pers\u00f6nlichen Gegenst\u00e4nde sch\u00fctzen kann. Denken Sie schlie\u00dflich f\u00fcr den Fall der F\u00e4lle an eine Reiser\u00fccktrittsversicherung. Einige Strukturen, wie Chapka Versicherungen oder Mondial Assistance (jetzt Allianz travel), bieten B\u00fcndelangebote an. Nehmen Sie Kontakt mit ihnen auf oder lassen Sie sich von einem Versicherungsmakler begleiten. Es ist besser, sich beraten zu lassen, bevor du z. B. ein Praktikum im Ausland oder ein Studiensemester beginnst.<\/p>\n\n<p>Z\u00f6gern Sie nicht, im Internet zu recherchieren, wenn Ihre Weltreise nicht durch die USA f\u00fchrt. Jedes Land hat seine Besonderheiten in Bezug auf Unfallversicherung, Transportkosten oder Expat-Versicherung!<\/p>\n","protected":false},"excerpt":{"rendered":"<p>Eine Reise ins Ausland, insbesondere in die USA, sollte nie auf die leichte Schulter genommen werden, insbesondere was die Wahl einer guten Krankenversicherung betrifft. Die Kosten f\u00fcr medizinische Versorgung k\u00f6nnen schnell steigen, und die Erstattung der Kosten ist je nach Versicherungsgesellschaft oder Krankenkasse sehr unterschiedlich. Verlassen Sie sich nicht darauf, wie die Krankenversicherung in Ihrem [&hellip;]<\/p>\n","protected":false},"author":1,"featured_media":0,"parent":0,"menu_order":0,"comment_status":"closed","ping_status":"closed","template":"","meta":{"site-sidebar-layout":"default","site-content-layout":"default","ast-site-content-layout":"default","site-content-style":"default","site-sidebar-style":"default","ast-global-header-display":"","ast-banner-title-visibility":"","ast-main-header-display":"","ast-hfb-above-header-display":"","ast-hfb-below-header-display":"","ast-hfb-mobile-header-display":"","site-post-title":"","ast-breadcrumbs-content":"","ast-featured-img":"","footer-sml-layout":"","ast-disable-related-posts":"","theme-transparent-header-meta":"default","adv-header-id-meta":"","stick-header-meta":"default","header-above-stick-meta":"","header-main-stick-meta":"","header-below-stick-meta":"","astra-migrate-meta-layouts":"default","ast-page-background-enabled":"default","ast-page-background-meta":{"desktop":{"background-color":"","background-image":"","background-repeat":"repeat","background-position":"center center","background-size":"auto","background-attachment":"scroll","background-type":"","background-media":"","overlay-type":"","overlay-color":"","overlay-opacity":"","overlay-gradient":""},"tablet":{"background-color":"","background-image":"","background-repeat":"repeat","background-position":"center center","background-size":"auto","background-attachment":"scroll","background-type":"","background-media":"","overlay-type":"","overlay-color":"","overlay-opacity":"","overlay-gradient":""},"mobile":{"background-color":"","background-image":"","background-repeat":"repeat","background-position":"center center","background-size":"auto","background-attachment":"scroll","background-type":"","background-media":"","overlay-type":"","overlay-color":"","overlay-opacity":"","overlay-gradient":""}},"ast-content-background-meta":{"desktop":{"background-color":"var(--ast-global-color-5)","background-image":"","background-repeat":"repeat","background-position":"center center","background-size":"auto","background-attachment":"scroll","background-type":"","background-media":"","overlay-type":"","overlay-color":"","overlay-opacity":"","overlay-gradient":""},"tablet":{"background-color":"var(--ast-global-color-5)","background-image":"","background-repeat":"repeat","background-position":"center center","background-size":"auto","background-attachment":"scroll","background-type":"","background-media":"","overlay-type":"","overlay-color":"","overlay-opacity":"","overlay-gradient":""},"mobile":{"background-color":"var(--ast-global-color-5)","background-image":"","background-repeat":"repeat","background-position":"center center","background-size":"auto","background-attachment":"scroll","background-type":"","background-media":"","overlay-type":"","overlay-color":"","overlay-opacity":"","overlay-gradient":""}},"footnotes":""},"class_list":["post-2370","page","type-page","status-publish","hentry"],"yoast_head":"<!-- This site is optimized with the Yoast SEO plugin v27.1.1 - https:\/\/yoast.com\/product\/yoast-seo-wordpress\/ -->\n<title>Denken Sie an Ihre Krankenversicherung f\u00fcr Ihre Reise in die USA<\/title>\n<meta name=\"description\" content=\"Um sich gut auf die Abreise in die USA vorzubereiten, ist der Abschluss einer Krankenversicherung vor der Reise die beste L\u00f6sung f\u00fcr eine sorgenfreie Reise.\" \/>\n<meta name=\"robots\" content=\"index, follow, max-snippet:-1, max-image-preview:large, max-video-preview:-1\" \/>\n<link rel=\"canonical\" href=\"https:\/\/123-esta.com\/de\/krankenversicherung-fur-eine-reise-in-die-staaten\/\" \/>\n<meta property=\"og:locale\" content=\"de_DE\" \/>\n<meta property=\"og:type\" content=\"article\" \/>\n<meta property=\"og:title\" content=\"Denken Sie an Ihre Krankenversicherung f\u00fcr Ihre Reise in die USA\" \/>\n<meta property=\"og:description\" content=\"Um sich gut auf die Abreise in die USA vorzubereiten, ist der Abschluss einer Krankenversicherung vor der Reise die beste L\u00f6sung f\u00fcr eine sorgenfreie Reise.\" \/>\n<meta property=\"og:url\" content=\"https:\/\/123-esta.com\/de\/krankenversicherung-fur-eine-reise-in-die-staaten\/\" \/>\n<meta property=\"og:site_name\" content=\"Formulaire ESTA pour les USA\" \/>\n<meta property=\"article:modified_time\" content=\"2022-08-23T20:04:04+00:00\" \/>\n<meta name=\"twitter:card\" content=\"summary_large_image\" \/>\n<meta name=\"twitter:label1\" content=\"Gesch\u00e4tzte Lesezeit\" \/>\n\t<meta name=\"twitter:data1\" content=\"4\u00a0Minuten\" \/>\n<script type=\"application\/ld+json\" class=\"yoast-schema-graph\">{\"@context\":\"https:\/\/schema.org\",\"@graph\":[{\"@type\":\"WebPage\",\"@id\":\"https:\/\/123-esta.com\/de\/krankenversicherung-fur-eine-reise-in-die-staaten\/\",\"url\":\"https:\/\/123-esta.com\/de\/krankenversicherung-fur-eine-reise-in-die-staaten\/\",\"name\":\"Denken Sie an Ihre Krankenversicherung f\u00fcr Ihre Reise in die USA\",\"isPartOf\":{\"@id\":\"https:\/\/123-esta.com\/de\/#website\"},\"datePublished\":\"2022-07-27T19:34:35+00:00\",\"dateModified\":\"2022-08-23T20:04:04+00:00\",\"description\":\"Um sich gut auf die Abreise in die USA vorzubereiten, ist der Abschluss einer Krankenversicherung vor der Reise die beste L\u00f6sung f\u00fcr eine sorgenfreie Reise.\",\"inLanguage\":\"de\",\"potentialAction\":[{\"@type\":\"ReadAction\",\"target\":[\"https:\/\/123-esta.com\/de\/krankenversicherung-fur-eine-reise-in-die-staaten\/\"]}]},{\"@type\":\"WebSite\",\"@id\":\"https:\/\/123-esta.com\/de\/#website\",\"url\":\"https:\/\/123-esta.com\/de\/\",\"name\":\"Formulaire ESTA pour les USA\",\"description\":\"\",\"publisher\":{\"@id\":\"https:\/\/123-esta.com\/de\/#organization\"},\"potentialAction\":[{\"@type\":\"SearchAction\",\"target\":{\"@type\":\"EntryPoint\",\"urlTemplate\":\"https:\/\/123-esta.com\/de\/?s={search_term_string}\"},\"query-input\":{\"@type\":\"PropertyValueSpecification\",\"valueRequired\":true,\"valueName\":\"search_term_string\"}}],\"inLanguage\":\"de\"},{\"@type\":\"Organization\",\"@id\":\"https:\/\/123-esta.com\/de\/#organization\",\"name\":\"Formulaire ESTA pour les USA\",\"url\":\"https:\/\/123-esta.com\/de\/\",\"logo\":{\"@type\":\"ImageObject\",\"inLanguage\":\"de\",\"@id\":\"https:\/\/123-esta.com\/de\/#\/schema\/logo\/image\/\",\"url\":\"https:\/\/123-esta.com\/wp-content\/uploads\/2018\/03\/logo-123-esta.png\",\"contentUrl\":\"https:\/\/123-esta.com\/wp-content\/uploads\/2018\/03\/logo-123-esta.png\",\"width\":191,\"height\":54,\"caption\":\"Formulaire ESTA pour les USA\"},\"image\":{\"@id\":\"https:\/\/123-esta.com\/de\/#\/schema\/logo\/image\/\"}}]}<\/script>\n<!-- \/ Yoast SEO plugin. -->","yoast_head_json":{"title":"Denken Sie an Ihre Krankenversicherung f\u00fcr Ihre Reise in die USA","description":"Um sich gut auf die Abreise in die USA vorzubereiten, ist der Abschluss einer Krankenversicherung vor der Reise die beste L\u00f6sung f\u00fcr eine sorgenfreie Reise.","robots":{"index":"index","follow":"follow","max-snippet":"max-snippet:-1","max-image-preview":"max-image-preview:large","max-video-preview":"max-video-preview:-1"},"canonical":"https:\/\/123-esta.com\/de\/krankenversicherung-fur-eine-reise-in-die-staaten\/","og_locale":"de_DE","og_type":"article","og_title":"Denken Sie an Ihre Krankenversicherung f\u00fcr Ihre Reise in die USA","og_description":"Um sich gut auf die Abreise in die USA vorzubereiten, ist der Abschluss einer Krankenversicherung vor der Reise die beste L\u00f6sung f\u00fcr eine sorgenfreie Reise.","og_url":"https:\/\/123-esta.com\/de\/krankenversicherung-fur-eine-reise-in-die-staaten\/","og_site_name":"Formulaire ESTA pour les USA","article_modified_time":"2022-08-23T20:04:04+00:00","twitter_card":"summary_large_image","twitter_misc":{"Gesch\u00e4tzte Lesezeit":"4\u00a0Minuten"},"schema":{"@context":"https:\/\/schema.org","@graph":[{"@type":"WebPage","@id":"https:\/\/123-esta.com\/de\/krankenversicherung-fur-eine-reise-in-die-staaten\/","url":"https:\/\/123-esta.com\/de\/krankenversicherung-fur-eine-reise-in-die-staaten\/","name":"Denken Sie an Ihre Krankenversicherung f\u00fcr Ihre Reise in die USA","isPartOf":{"@id":"https:\/\/123-esta.com\/de\/#website"},"datePublished":"2022-07-27T19:34:35+00:00","dateModified":"2022-08-23T20:04:04+00:00","description":"Um sich gut auf die Abreise in die USA vorzubereiten, ist der Abschluss einer Krankenversicherung vor der Reise die beste L\u00f6sung f\u00fcr eine sorgenfreie Reise.","inLanguage":"de","potentialAction":[{"@type":"ReadAction","target":["https:\/\/123-esta.com\/de\/krankenversicherung-fur-eine-reise-in-die-staaten\/"]}]},{"@type":"WebSite","@id":"https:\/\/123-esta.com\/de\/#website","url":"https:\/\/123-esta.com\/de\/","name":"Formulaire ESTA pour les USA","description":"","publisher":{"@id":"https:\/\/123-esta.com\/de\/#organization"},"potentialAction":[{"@type":"SearchAction","target":{"@type":"EntryPoint","urlTemplate":"https:\/\/123-esta.com\/de\/?s={search_term_string}"},"query-input":{"@type":"PropertyValueSpecification","valueRequired":true,"valueName":"search_term_string"}}],"inLanguage":"de"},{"@type":"Organization","@id":"https:\/\/123-esta.com\/de\/#organization","name":"Formulaire ESTA pour les USA","url":"https:\/\/123-esta.com\/de\/","logo":{"@type":"ImageObject","inLanguage":"de","@id":"https:\/\/123-esta.com\/de\/#\/schema\/logo\/image\/","url":"https:\/\/123-esta.com\/wp-content\/uploads\/2018\/03\/logo-123-esta.png","contentUrl":"https:\/\/123-esta.com\/wp-content\/uploads\/2018\/03\/logo-123-esta.png","width":191,"height":54,"caption":"Formulaire ESTA pour les USA"},"image":{"@id":"https:\/\/123-esta.com\/de\/#\/schema\/logo\/image\/"}}]}},"_links":{"self":[{"href":"https:\/\/123-esta.com\/de\/wp-json\/wp\/v2\/pages\/2370","targetHints":{"allow":["GET"]}}],"collection":[{"href":"https:\/\/123-esta.com\/de\/wp-json\/wp\/v2\/pages"}],"about":[{"href":"https:\/\/123-esta.com\/de\/wp-json\/wp\/v2\/types\/page"}],"author":[{"embeddable":true,"href":"https:\/\/123-esta.com\/de\/wp-json\/wp\/v2\/users\/1"}],"replies":[{"embeddable":true,"href":"https:\/\/123-esta.com\/de\/wp-json\/wp\/v2\/comments?post=2370"}],"version-history":[{"count":0,"href":"https:\/\/123-esta.com\/de\/wp-json\/wp\/v2\/pages\/2370\/revisions"}],"wp:attachment":[{"href":"https:\/\/123-esta.com\/de\/wp-json\/wp\/v2\/media?parent=2370"}],"curies":[{"name":"wp","href":"https:\/\/api.w.org\/{rel}","templated":true}]}}