{"id":2367,"date":"2022-07-27T21:34:35","date_gmt":"2022-07-27T19:34:35","guid":{"rendered":"https:\/\/123-esta.com\/die-transporte-zu-usa\/"},"modified":"2022-08-31T11:11:59","modified_gmt":"2022-08-31T09:11:59","slug":"die-transporte-zu-usa","status":"publish","type":"page","link":"https:\/\/123-esta.com\/de\/die-transporte-zu-usa\/","title":{"rendered":"Transportmittel, um die USA zu besuchen"},"content":{"rendered":"<p>Die USA von Nord nach S\u00fcd, von Ost nach West und durch die Mitte zu bereisen, ist aufgrund der enormen Gr\u00f6\u00dfe des Landes eine Herausforderung. Befolgen Sie unsere <a href=\"https:\/\/123-esta.com\/de\/tipps-fuer-reisen-in-die-usa\/\">Tipps zu den USA<\/a>, um sich das Leben leichter zu machen.<\/p>\n<p>Mit einer Fl\u00e4che von 9 370 000 Quadratkilometern und einer Bev\u00f6lkerung von fast 322 Millionen Menschen ist das Land eines der gr\u00f6\u00dften der Welt. Nur drei L\u00e4nder sind gr\u00f6\u00dfer: Russland mit 17.090.000 km2, Kanada mit 9.980.000 km2 und China mit 9.680.000 km2.<\/p>\n<p>Wie auch immer, es gibt dennoch zahlreiche Transportmittel, mit denen man die USA von einem Ende zum anderen bereisen kann.<\/p>\n<h2>Wie bewegt man sich in den USA?<\/h2>\n<p>In den USA ist es trotz des riesigen Territoriums oft m\u00f6glich, mit verschiedenen Verkehrsmitteln von einer Stadt zur anderen zu gelangen: mit dem Auto, dem Bus, dem Flugzeug und in einigen F\u00e4llen auch mit dem Schiff oder dem Zug. Das Land ist durch zahlreiche Autobahnen sehr gut erschlossen und moderne Flugh\u00e4fen verbinden sowohl die gr\u00f6\u00dften St\u00e4dte als auch die kleinsten Weiler.<\/p>\n<p>Reisen ist gut, aber Vorbereitung ist noch besser, und wie das Sprichwort sagt: Wer weit reisen will, schont sein Pferd. Daher ist es wichtig, dass Sie Ihr Budget mit Ihren Verkehrsmitteln abstimmen.<\/p>\n<h2>Zug, Auto, Flugzeug, Wohnmobil, Boot usw.<\/h2>\n<p>Wie in Europa ist es auch in den USA m\u00f6glich, sich mit dem Zug fortzubewegen. Es ist ein modernes und sehr bequemes Transportmittel zu oft unschlagbaren Preisen. Sobald Sie an Bord sind, k\u00f6nnen Sie dort ein Restaurant mit relativ g\u00fcnstigen Preisen finden.<\/p>\n<p>Eine andere M\u00f6glichkeit ist es, mit einem Busunternehmen wie Greyhound zu reisen. Im Vergleich zu Z\u00fcgen wird dieses Verkehrsmittel oft schneller sein und Ihnen mehr Optionen f\u00fcr Reiseziele und Fahrpl\u00e4ne bieten. Wenn Sie vorhaben, sehr lange Strecken zu fahren, sind Busse eine echte Alternative. Nachtbusse k\u00f6nnen insbesondere f\u00fcr Reisende, die eine Hotel\u00fcbernachtung einsparen m\u00f6chten, eine hervorragende Option sein.<\/p>\n<p>Wenn Sie es sich leisten k\u00f6nnen, bringt <a href=\"https:\/\/123-esta.com\/de\/fragen-esta-vor-dem-kauf-eines-flugtickets\/\">Sie das Flugzeug auf Fernreisen nat\u00fcrlich noch schneller<\/a> voran. Alle gr\u00f6\u00dferen St\u00e4dte in den USA verf\u00fcgen \u00fcber Flugh\u00e4fen mit moderner Infrastruktur.<\/p>\n<p>F\u00fcr diejenigen unter Ihnen, die <a href=\"https:\/\/123-esta.com\/de\/fahren-und-die-vereinigten-staaten-mit-deutschen-fuehrerschein\/\">ein Nutz<\/a> fahrzeug <a href=\"https:\/\/123-esta.com\/de\/fahren-und-die-vereinigten-staaten-mit-deutschen-fuehrerschein\/\">mieten<\/a> m\u00f6chten, gibt es in den USA viele M\u00f6glichkeiten. An Flugh\u00e4fen gibt es oft viele Autovermietungen. \u00dcber einige Websites ist es sogar m\u00f6glich, ein Auto gegen eine oft g\u00fcnstige Geb\u00fchr an Privatpersonen zu vermieten.<\/p>\n<p>Ein letztes Transportmittel, das wir Ihnen empfehlen k\u00f6nnen, sind die Wohnmobile. De facto ist die Nachfrage gr\u00f6\u00dfer als das Angebot! Mit der Familie oder zu zweit geh\u00f6rt er zu den bevorzugten Transportmitteln f\u00fcr Ihre Reise durch amerikanische L\u00e4nder an legend\u00e4re Orte wie New York, Florida usw.<\/p>\n<p>Eine letzte, originelle Art zu reisen ist das Fahrrad. Die <a href=\"https:\/\/123-esta.com\/de\/fahrradtour-durch-die-usa\/\">USA mit dem Fahrrad<\/a> zu erkunden, kann eine gro\u00dfartige Erfahrung sein.<\/p>\n","protected":false},"excerpt":{"rendered":"<p>Die USA von Nord nach S\u00fcd, von Ost nach West und durch die Mitte zu bereisen, ist aufgrund der enormen Gr\u00f6\u00dfe des Landes eine Herausforderung. Befolgen Sie unsere Tipps zu den USA, um sich das Leben leichter zu machen. Mit einer Fl\u00e4che von 9 370 000 Quadratkilometern und einer Bev\u00f6lkerung von fast 322 Millionen Menschen [&hellip;]<\/p>\n","protected":false},"author":1,"featured_media":0,"parent":0,"menu_order":0,"comment_status":"closed","ping_status":"closed","template":"","meta":{"site-sidebar-layout":"default","site-content-layout":"default","ast-site-content-layout":"default","site-content-style":"default","site-sidebar-style":"default","ast-global-header-display":"","ast-banner-title-visibility":"","ast-main-header-display":"","ast-hfb-above-header-display":"","ast-hfb-below-header-display":"","ast-hfb-mobile-header-display":"","site-post-title":"","ast-breadcrumbs-content":"","ast-featured-img":"","footer-sml-layout":"","ast-disable-related-posts":"","theme-transparent-header-meta":"default","adv-header-id-meta":"","stick-header-meta":"default","header-above-stick-meta":"","header-main-stick-meta":"","header-below-stick-meta":"","astra-migrate-meta-layouts":"default","ast-page-background-enabled":"default","ast-page-background-meta":{"desktop":{"background-color":"","background-image":"","background-repeat":"repeat","background-position":"center center","background-size":"auto","background-attachment":"scroll","background-type":"","background-media":"","overlay-type":"","overlay-color":"","overlay-opacity":"","overlay-gradient":""},"tablet":{"background-color":"","background-image":"","background-repeat":"repeat","background-position":"center center","background-size":"auto","background-attachment":"scroll","background-type":"","background-media":"","overlay-type":"","overlay-color":"","overlay-opacity":"","overlay-gradient":""},"mobile":{"background-color":"","background-image":"","background-repeat":"repeat","background-position":"center center","background-size":"auto","background-attachment":"scroll","background-type":"","background-media":"","overlay-type":"","overlay-color":"","overlay-opacity":"","overlay-gradient":""}},"ast-content-background-meta":{"desktop":{"background-color":"var(--ast-global-color-5)","background-image":"","background-repeat":"repeat","background-position":"center center","background-size":"auto","background-attachment":"scroll","background-type":"","background-media":"","overlay-type":"","overlay-color":"","overlay-opacity":"","overlay-gradient":""},"tablet":{"background-color":"var(--ast-global-color-5)","background-image":"","background-repeat":"repeat","background-position":"center center","background-size":"auto","background-attachment":"scroll","background-type":"","background-media":"","overlay-type":"","overlay-color":"","overlay-opacity":"","overlay-gradient":""},"mobile":{"background-color":"var(--ast-global-color-5)","background-image":"","background-repeat":"repeat","background-position":"center center","background-size":"auto","background-attachment":"scroll","background-type":"","background-media":"","overlay-type":"","overlay-color":"","overlay-opacity":"","overlay-gradient":""}},"footnotes":""},"class_list":["post-2367","page","type-page","status-publish","hentry"],"yoast_head":"<!-- This site is optimized with the Yoast SEO plugin v27.1.1 - https:\/\/yoast.com\/product\/yoast-seo-wordpress\/ -->\n<title>Welches sind die besten Transportmittel, um die USA zu bereisen?<\/title>\n<meta name=\"description\" content=\"Die USA ist ein sehr gro\u00dfes Land, aber das sollte dich nicht abschrecken, denn es ist sehr einfach, sich in den USA zu bewegen. Liste der Verkehrsmittel.\" \/>\n<meta name=\"robots\" content=\"index, follow, max-snippet:-1, max-image-preview:large, max-video-preview:-1\" \/>\n<link rel=\"canonical\" href=\"https:\/\/123-esta.com\/de\/die-transporte-zu-usa\/\" \/>\n<meta property=\"og:locale\" content=\"de_DE\" \/>\n<meta property=\"og:type\" content=\"article\" \/>\n<meta property=\"og:title\" content=\"Welches sind die besten Transportmittel, um die USA zu bereisen?\" \/>\n<meta property=\"og:description\" content=\"Die USA ist ein sehr gro\u00dfes Land, aber das sollte dich nicht abschrecken, denn es ist sehr einfach, sich in den USA zu bewegen. Liste der Verkehrsmittel.\" \/>\n<meta property=\"og:url\" content=\"https:\/\/123-esta.com\/de\/die-transporte-zu-usa\/\" \/>\n<meta property=\"og:site_name\" content=\"Formulaire ESTA pour les USA\" \/>\n<meta property=\"article:modified_time\" content=\"2022-08-31T09:11:59+00:00\" \/>\n<meta name=\"twitter:card\" content=\"summary_large_image\" \/>\n<meta name=\"twitter:label1\" content=\"Gesch\u00e4tzte Lesezeit\" \/>\n\t<meta name=\"twitter:data1\" content=\"2\u00a0Minuten\" \/>\n<script type=\"application\/ld+json\" class=\"yoast-schema-graph\">{\"@context\":\"https:\/\/schema.org\",\"@graph\":[{\"@type\":\"WebPage\",\"@id\":\"https:\/\/123-esta.com\/de\/die-transporte-zu-usa\/\",\"url\":\"https:\/\/123-esta.com\/de\/die-transporte-zu-usa\/\",\"name\":\"Welches sind die besten Transportmittel, um die USA zu bereisen?\",\"isPartOf\":{\"@id\":\"https:\/\/123-esta.com\/de\/#website\"},\"datePublished\":\"2022-07-27T19:34:35+00:00\",\"dateModified\":\"2022-08-31T09:11:59+00:00\",\"description\":\"Die USA ist ein sehr gro\u00dfes Land, aber das sollte dich nicht abschrecken, denn es ist sehr einfach, sich in den USA zu bewegen. Liste der Verkehrsmittel.\",\"inLanguage\":\"de\",\"potentialAction\":[{\"@type\":\"ReadAction\",\"target\":[\"https:\/\/123-esta.com\/de\/die-transporte-zu-usa\/\"]}]},{\"@type\":\"WebSite\",\"@id\":\"https:\/\/123-esta.com\/de\/#website\",\"url\":\"https:\/\/123-esta.com\/de\/\",\"name\":\"Formulaire ESTA pour les USA\",\"description\":\"\",\"publisher\":{\"@id\":\"https:\/\/123-esta.com\/de\/#organization\"},\"potentialAction\":[{\"@type\":\"SearchAction\",\"target\":{\"@type\":\"EntryPoint\",\"urlTemplate\":\"https:\/\/123-esta.com\/de\/?s={search_term_string}\"},\"query-input\":{\"@type\":\"PropertyValueSpecification\",\"valueRequired\":true,\"valueName\":\"search_term_string\"}}],\"inLanguage\":\"de\"},{\"@type\":\"Organization\",\"@id\":\"https:\/\/123-esta.com\/de\/#organization\",\"name\":\"Formulaire ESTA pour les USA\",\"url\":\"https:\/\/123-esta.com\/de\/\",\"logo\":{\"@type\":\"ImageObject\",\"inLanguage\":\"de\",\"@id\":\"https:\/\/123-esta.com\/de\/#\/schema\/logo\/image\/\",\"url\":\"https:\/\/123-esta.com\/wp-content\/uploads\/2018\/03\/logo-123-esta.png\",\"contentUrl\":\"https:\/\/123-esta.com\/wp-content\/uploads\/2018\/03\/logo-123-esta.png\",\"width\":191,\"height\":54,\"caption\":\"Formulaire ESTA pour les USA\"},\"image\":{\"@id\":\"https:\/\/123-esta.com\/de\/#\/schema\/logo\/image\/\"}}]}<\/script>\n<!-- \/ Yoast SEO plugin. -->","yoast_head_json":{"title":"Welches sind die besten Transportmittel, um die USA zu bereisen?","description":"Die USA ist ein sehr gro\u00dfes Land, aber das sollte dich nicht abschrecken, denn es ist sehr einfach, sich in den USA zu bewegen. Liste der Verkehrsmittel.","robots":{"index":"index","follow":"follow","max-snippet":"max-snippet:-1","max-image-preview":"max-image-preview:large","max-video-preview":"max-video-preview:-1"},"canonical":"https:\/\/123-esta.com\/de\/die-transporte-zu-usa\/","og_locale":"de_DE","og_type":"article","og_title":"Welches sind die besten Transportmittel, um die USA zu bereisen?","og_description":"Die USA ist ein sehr gro\u00dfes Land, aber das sollte dich nicht abschrecken, denn es ist sehr einfach, sich in den USA zu bewegen. Liste der Verkehrsmittel.","og_url":"https:\/\/123-esta.com\/de\/die-transporte-zu-usa\/","og_site_name":"Formulaire ESTA pour les USA","article_modified_time":"2022-08-31T09:11:59+00:00","twitter_card":"summary_large_image","twitter_misc":{"Gesch\u00e4tzte Lesezeit":"2\u00a0Minuten"},"schema":{"@context":"https:\/\/schema.org","@graph":[{"@type":"WebPage","@id":"https:\/\/123-esta.com\/de\/die-transporte-zu-usa\/","url":"https:\/\/123-esta.com\/de\/die-transporte-zu-usa\/","name":"Welches sind die besten Transportmittel, um die USA zu bereisen?","isPartOf":{"@id":"https:\/\/123-esta.com\/de\/#website"},"datePublished":"2022-07-27T19:34:35+00:00","dateModified":"2022-08-31T09:11:59+00:00","description":"Die USA ist ein sehr gro\u00dfes Land, aber das sollte dich nicht abschrecken, denn es ist sehr einfach, sich in den USA zu bewegen. Liste der Verkehrsmittel.","inLanguage":"de","potentialAction":[{"@type":"ReadAction","target":["https:\/\/123-esta.com\/de\/die-transporte-zu-usa\/"]}]},{"@type":"WebSite","@id":"https:\/\/123-esta.com\/de\/#website","url":"https:\/\/123-esta.com\/de\/","name":"Formulaire ESTA pour les USA","description":"","publisher":{"@id":"https:\/\/123-esta.com\/de\/#organization"},"potentialAction":[{"@type":"SearchAction","target":{"@type":"EntryPoint","urlTemplate":"https:\/\/123-esta.com\/de\/?s={search_term_string}"},"query-input":{"@type":"PropertyValueSpecification","valueRequired":true,"valueName":"search_term_string"}}],"inLanguage":"de"},{"@type":"Organization","@id":"https:\/\/123-esta.com\/de\/#organization","name":"Formulaire ESTA pour les USA","url":"https:\/\/123-esta.com\/de\/","logo":{"@type":"ImageObject","inLanguage":"de","@id":"https:\/\/123-esta.com\/de\/#\/schema\/logo\/image\/","url":"https:\/\/123-esta.com\/wp-content\/uploads\/2018\/03\/logo-123-esta.png","contentUrl":"https:\/\/123-esta.com\/wp-content\/uploads\/2018\/03\/logo-123-esta.png","width":191,"height":54,"caption":"Formulaire ESTA pour les USA"},"image":{"@id":"https:\/\/123-esta.com\/de\/#\/schema\/logo\/image\/"}}]}},"_links":{"self":[{"href":"https:\/\/123-esta.com\/de\/wp-json\/wp\/v2\/pages\/2367","targetHints":{"allow":["GET"]}}],"collection":[{"href":"https:\/\/123-esta.com\/de\/wp-json\/wp\/v2\/pages"}],"about":[{"href":"https:\/\/123-esta.com\/de\/wp-json\/wp\/v2\/types\/page"}],"author":[{"embeddable":true,"href":"https:\/\/123-esta.com\/de\/wp-json\/wp\/v2\/users\/1"}],"replies":[{"embeddable":true,"href":"https:\/\/123-esta.com\/de\/wp-json\/wp\/v2\/comments?post=2367"}],"version-history":[{"count":0,"href":"https:\/\/123-esta.com\/de\/wp-json\/wp\/v2\/pages\/2367\/revisions"}],"wp:attachment":[{"href":"https:\/\/123-esta.com\/de\/wp-json\/wp\/v2\/media?parent=2367"}],"curies":[{"name":"wp","href":"https:\/\/api.w.org\/{rel}","templated":true}]}}