{"id":2360,"date":"2022-07-27T21:34:34","date_gmt":"2022-07-27T19:34:34","guid":{"rendered":"https:\/\/123-esta.com\/fahren-und-die-vereinigten-staaten-mit-deutschem-fuehrerschein\/"},"modified":"2022-08-23T22:32:40","modified_gmt":"2022-08-23T20:32:40","slug":"fahren-und-die-vereinigten-staaten-mit-deutschen-fuehrerschein","status":"publish","type":"page","link":"https:\/\/123-esta.com\/de\/fahren-und-die-vereinigten-staaten-mit-deutschen-fuehrerschein\/","title":{"rendered":"in den USA mit seinem deutschen F\u00fchrerschein fahren"},"content":{"rendered":"\n<p>Wer hat nicht schon einmal davon getr\u00e4umt, in den USA auf so legend\u00e4ren Stra\u00dfen wie der Route 66 zu fahren? Das Auto ist das <a href=\"https:\/\/123-esta.com\/de\/die-transporte-zu-usa\/\">wichtigste Verkehrsmittel in den USA<\/a>.<\/p>\n\n<p>Um sich den Traum von einem Roadtrip in die USA erf\u00fcllen zu k\u00f6nnen, ist es wichtig, die elektronische Reisegenehmigung ESTA online zu beantragen. Au\u00dferdem muss der Reisende nat\u00fcrlich einen g\u00fcltigen F\u00fchrerschein besitzen, um sich in den USA unbeschwert bewegen zu k\u00f6nnen.<\/p>\n\n<p>Unter welchen Bedingungen ist der deutschen F\u00fchrerschein g\u00fcltig, um in Uncle Sam zu fahren?<\/p>\n\n<h2 class=\"wp-block-heading\">Welchen F\u00fchrerschein brauche ich f\u00fcr einen Kurzaufenthalt in den USA?<\/h2>\n\n<p>Bei einem Aufenthalt in den USA von weniger als drei Monaten sollte der deutschen F\u00fchrerschein ausreichen. Tats\u00e4chlich reichen die F\u00fchrerscheinmodelle aus Deutschland mit einem oder drei Abschnitten aus, um in den verschiedenen US-Bundesstaaten herumfahren zu k\u00f6nnen.<\/p>\n\n<p>Weitere Voraussetzungen, um Ihren deutschen F\u00fchrerschein zum Autofahren in den USA zu verwenden :<\/p>\n\n<ul class=\"wp-block-list\"><li>Der Fahrer muss mindestens 21 Jahre alt sein;<\/li><li>Einige lokale Autovermietungen verlangen, dass der Kunde sogar mindestens 25 Jahre alt ist, wenn er ein Auto mieten m\u00f6chte;<\/li><li>f\u00fcr die Zulassung der Fahrbescheinigung ist es unbedingt erforderlich, dass das Dokument \u00e4lter als ein Jahr ist.<\/li><\/ul>\n\n<h2 class=\"wp-block-heading\">Was passiert, wenn die Aufenthaltsdauer l\u00e4nger ist?<\/h2>\n\n<p>Der deutschen F\u00fchrerschein ist nicht mehr g\u00fcltig, wenn Ihr Aufenthalt in den USA l\u00e4nger als drei Monate dauert. In diesem Fall wird es oft unerl\u00e4sslich sein, den F\u00fchrerschein des Wohnsitzstaates zu machen. Da die Gesetze je nach Region unterschiedlich sind, sollten Sie sich an die deutschen Konsulate der betreffenden Staaten wenden, um weitere Informationen zu erhalten. Beachten Sie, dass es in einigen F\u00e4llen nicht notwendig ist, die Fahrpr\u00fcfung zu wiederholen.<\/p>\n\n<p>In jedem Fall m\u00fcssen Reisende, die sich l\u00e4nger als 90 Tage in den USA aufhalten wollen, einen internationalen F\u00fchrerschein verwenden. Die Genehmigungen sind ein Jahr lang g\u00fcltig.<\/p>\n\n<h2 class=\"wp-block-heading\">Die Vorteile eines internationalen F\u00fchrerscheins zum Fahren in den USA<\/h2>\n\n<p>Um einen internationalen F\u00fchrerschein zu erhalten, m\u00fcssen Sie nur einen Antrag bei Ihrer Pr\u00e4fektur stellen. Dieser kostenlose Schritt vereinfacht die Anmietung eines Autos an den Stationen in den meisten ausl\u00e4ndischen L\u00e4ndern, zu denen auch die USA geh\u00f6ren.<\/p>\n\n<p>Zwar kann ein deutschen F\u00fchrerschein ausreichen, um die Formulare f\u00fcr die Autovermietung auszuf\u00fcllen, aber vorausschauende Touristen werden besser daran tun, einen internationalen F\u00fchrerschein zu erwerben, um bei den Beh\u00f6rdeng\u00e4ngen Zeit zu sparen.<\/p>\n\n<p>Ein letzter Tipp f\u00fcr Reisende, die das Land zum ersten Mal erkunden: Investieren Sie zus\u00e4tzlich zur Miete Ihres Fahrzeugs in ein GPS-Ger\u00e4t. Letzteres k\u00f6nnte Ihnen enorm viel Zeit sparen und Sie vor unangenehmen Situationen bewahren.<\/p>\n","protected":false},"excerpt":{"rendered":"<p>Wer hat nicht schon einmal davon getr\u00e4umt, in den USA auf so legend\u00e4ren Stra\u00dfen wie der Route 66 zu fahren? Das Auto ist das wichtigste Verkehrsmittel in den USA. Um sich den Traum von einem Roadtrip in die USA erf\u00fcllen zu k\u00f6nnen, ist es wichtig, die elektronische Reisegenehmigung ESTA online zu beantragen. Au\u00dferdem muss der [&hellip;]<\/p>\n","protected":false},"author":1,"featured_media":0,"parent":0,"menu_order":0,"comment_status":"closed","ping_status":"closed","template":"","meta":{"site-sidebar-layout":"default","site-content-layout":"default","ast-site-content-layout":"default","site-content-style":"default","site-sidebar-style":"default","ast-global-header-display":"","ast-banner-title-visibility":"","ast-main-header-display":"","ast-hfb-above-header-display":"","ast-hfb-below-header-display":"","ast-hfb-mobile-header-display":"","site-post-title":"","ast-breadcrumbs-content":"","ast-featured-img":"","footer-sml-layout":"","ast-disable-related-posts":"","theme-transparent-header-meta":"default","adv-header-id-meta":"","stick-header-meta":"default","header-above-stick-meta":"","header-main-stick-meta":"","header-below-stick-meta":"","astra-migrate-meta-layouts":"default","ast-page-background-enabled":"default","ast-page-background-meta":{"desktop":{"background-color":"","background-image":"","background-repeat":"repeat","background-position":"center center","background-size":"auto","background-attachment":"scroll","background-type":"","background-media":"","overlay-type":"","overlay-color":"","overlay-opacity":"","overlay-gradient":""},"tablet":{"background-color":"","background-image":"","background-repeat":"repeat","background-position":"center center","background-size":"auto","background-attachment":"scroll","background-type":"","background-media":"","overlay-type":"","overlay-color":"","overlay-opacity":"","overlay-gradient":""},"mobile":{"background-color":"","background-image":"","background-repeat":"repeat","background-position":"center center","background-size":"auto","background-attachment":"scroll","background-type":"","background-media":"","overlay-type":"","overlay-color":"","overlay-opacity":"","overlay-gradient":""}},"ast-content-background-meta":{"desktop":{"background-color":"var(--ast-global-color-5)","background-image":"","background-repeat":"repeat","background-position":"center center","background-size":"auto","background-attachment":"scroll","background-type":"","background-media":"","overlay-type":"","overlay-color":"","overlay-opacity":"","overlay-gradient":""},"tablet":{"background-color":"var(--ast-global-color-5)","background-image":"","background-repeat":"repeat","background-position":"center center","background-size":"auto","background-attachment":"scroll","background-type":"","background-media":"","overlay-type":"","overlay-color":"","overlay-opacity":"","overlay-gradient":""},"mobile":{"background-color":"var(--ast-global-color-5)","background-image":"","background-repeat":"repeat","background-position":"center center","background-size":"auto","background-attachment":"scroll","background-type":"","background-media":"","overlay-type":"","overlay-color":"","overlay-opacity":"","overlay-gradient":""}},"footnotes":""},"class_list":["post-2360","page","type-page","status-publish","hentry"],"yoast_head":"<!-- This site is optimized with the Yoast SEO plugin v27.1.1 - https:\/\/yoast.com\/product\/yoast-seo-wordpress\/ -->\n<title>Kann man in den USA mit seinem deutschen F\u00fchrerschein fahren<\/title>\n<meta name=\"description\" content=\"Mit einem deutschen F\u00fchrerschein in den USA zu fahren, h\u00e4ngt davon ab, wie lange Sie sich in den USA aufhalten. Alles, was es hier zu wissen gibt.\" \/>\n<meta name=\"robots\" content=\"index, follow, max-snippet:-1, max-image-preview:large, max-video-preview:-1\" \/>\n<link rel=\"canonical\" href=\"https:\/\/123-esta.com\/de\/fahren-und-die-vereinigten-staaten-mit-deutschen-fuehrerschein\/\" \/>\n<meta property=\"og:locale\" content=\"de_DE\" \/>\n<meta property=\"og:type\" content=\"article\" \/>\n<meta property=\"og:title\" content=\"Kann man in den USA mit seinem deutschen F\u00fchrerschein fahren\" \/>\n<meta property=\"og:description\" content=\"Mit einem deutschen F\u00fchrerschein in den USA zu fahren, h\u00e4ngt davon ab, wie lange Sie sich in den USA aufhalten. Alles, was es hier zu wissen gibt.\" \/>\n<meta property=\"og:url\" content=\"https:\/\/123-esta.com\/de\/fahren-und-die-vereinigten-staaten-mit-deutschen-fuehrerschein\/\" \/>\n<meta property=\"og:site_name\" content=\"Formulaire ESTA pour les USA\" \/>\n<meta property=\"article:modified_time\" content=\"2022-08-23T20:32:40+00:00\" \/>\n<meta name=\"twitter:card\" content=\"summary_large_image\" \/>\n<meta name=\"twitter:label1\" content=\"Gesch\u00e4tzte Lesezeit\" \/>\n\t<meta name=\"twitter:data1\" content=\"2\u00a0Minuten\" \/>\n<script type=\"application\/ld+json\" class=\"yoast-schema-graph\">{\"@context\":\"https:\/\/schema.org\",\"@graph\":[{\"@type\":\"WebPage\",\"@id\":\"https:\/\/123-esta.com\/de\/fahren-und-die-vereinigten-staaten-mit-deutschen-fuehrerschein\/\",\"url\":\"https:\/\/123-esta.com\/de\/fahren-und-die-vereinigten-staaten-mit-deutschen-fuehrerschein\/\",\"name\":\"Kann man in den USA mit seinem deutschen F\u00fchrerschein fahren\",\"isPartOf\":{\"@id\":\"https:\/\/123-esta.com\/de\/#website\"},\"datePublished\":\"2022-07-27T19:34:34+00:00\",\"dateModified\":\"2022-08-23T20:32:40+00:00\",\"description\":\"Mit einem deutschen F\u00fchrerschein in den USA zu fahren, h\u00e4ngt davon ab, wie lange Sie sich in den USA aufhalten. Alles, was es hier zu wissen gibt.\",\"inLanguage\":\"de\",\"potentialAction\":[{\"@type\":\"ReadAction\",\"target\":[\"https:\/\/123-esta.com\/de\/fahren-und-die-vereinigten-staaten-mit-deutschen-fuehrerschein\/\"]}]},{\"@type\":\"WebSite\",\"@id\":\"https:\/\/123-esta.com\/de\/#website\",\"url\":\"https:\/\/123-esta.com\/de\/\",\"name\":\"Formulaire ESTA pour les USA\",\"description\":\"\",\"publisher\":{\"@id\":\"https:\/\/123-esta.com\/de\/#organization\"},\"potentialAction\":[{\"@type\":\"SearchAction\",\"target\":{\"@type\":\"EntryPoint\",\"urlTemplate\":\"https:\/\/123-esta.com\/de\/?s={search_term_string}\"},\"query-input\":{\"@type\":\"PropertyValueSpecification\",\"valueRequired\":true,\"valueName\":\"search_term_string\"}}],\"inLanguage\":\"de\"},{\"@type\":\"Organization\",\"@id\":\"https:\/\/123-esta.com\/de\/#organization\",\"name\":\"Formulaire ESTA pour les USA\",\"url\":\"https:\/\/123-esta.com\/de\/\",\"logo\":{\"@type\":\"ImageObject\",\"inLanguage\":\"de\",\"@id\":\"https:\/\/123-esta.com\/de\/#\/schema\/logo\/image\/\",\"url\":\"https:\/\/123-esta.com\/wp-content\/uploads\/2018\/03\/logo-123-esta.png\",\"contentUrl\":\"https:\/\/123-esta.com\/wp-content\/uploads\/2018\/03\/logo-123-esta.png\",\"width\":191,\"height\":54,\"caption\":\"Formulaire ESTA pour les USA\"},\"image\":{\"@id\":\"https:\/\/123-esta.com\/de\/#\/schema\/logo\/image\/\"}}]}<\/script>\n<!-- \/ Yoast SEO plugin. -->","yoast_head_json":{"title":"Kann man in den USA mit seinem deutschen F\u00fchrerschein fahren","description":"Mit einem deutschen F\u00fchrerschein in den USA zu fahren, h\u00e4ngt davon ab, wie lange Sie sich in den USA aufhalten. Alles, was es hier zu wissen gibt.","robots":{"index":"index","follow":"follow","max-snippet":"max-snippet:-1","max-image-preview":"max-image-preview:large","max-video-preview":"max-video-preview:-1"},"canonical":"https:\/\/123-esta.com\/de\/fahren-und-die-vereinigten-staaten-mit-deutschen-fuehrerschein\/","og_locale":"de_DE","og_type":"article","og_title":"Kann man in den USA mit seinem deutschen F\u00fchrerschein fahren","og_description":"Mit einem deutschen F\u00fchrerschein in den USA zu fahren, h\u00e4ngt davon ab, wie lange Sie sich in den USA aufhalten. Alles, was es hier zu wissen gibt.","og_url":"https:\/\/123-esta.com\/de\/fahren-und-die-vereinigten-staaten-mit-deutschen-fuehrerschein\/","og_site_name":"Formulaire ESTA pour les USA","article_modified_time":"2022-08-23T20:32:40+00:00","twitter_card":"summary_large_image","twitter_misc":{"Gesch\u00e4tzte Lesezeit":"2\u00a0Minuten"},"schema":{"@context":"https:\/\/schema.org","@graph":[{"@type":"WebPage","@id":"https:\/\/123-esta.com\/de\/fahren-und-die-vereinigten-staaten-mit-deutschen-fuehrerschein\/","url":"https:\/\/123-esta.com\/de\/fahren-und-die-vereinigten-staaten-mit-deutschen-fuehrerschein\/","name":"Kann man in den USA mit seinem deutschen F\u00fchrerschein fahren","isPartOf":{"@id":"https:\/\/123-esta.com\/de\/#website"},"datePublished":"2022-07-27T19:34:34+00:00","dateModified":"2022-08-23T20:32:40+00:00","description":"Mit einem deutschen F\u00fchrerschein in den USA zu fahren, h\u00e4ngt davon ab, wie lange Sie sich in den USA aufhalten. Alles, was es hier zu wissen gibt.","inLanguage":"de","potentialAction":[{"@type":"ReadAction","target":["https:\/\/123-esta.com\/de\/fahren-und-die-vereinigten-staaten-mit-deutschen-fuehrerschein\/"]}]},{"@type":"WebSite","@id":"https:\/\/123-esta.com\/de\/#website","url":"https:\/\/123-esta.com\/de\/","name":"Formulaire ESTA pour les USA","description":"","publisher":{"@id":"https:\/\/123-esta.com\/de\/#organization"},"potentialAction":[{"@type":"SearchAction","target":{"@type":"EntryPoint","urlTemplate":"https:\/\/123-esta.com\/de\/?s={search_term_string}"},"query-input":{"@type":"PropertyValueSpecification","valueRequired":true,"valueName":"search_term_string"}}],"inLanguage":"de"},{"@type":"Organization","@id":"https:\/\/123-esta.com\/de\/#organization","name":"Formulaire ESTA pour les USA","url":"https:\/\/123-esta.com\/de\/","logo":{"@type":"ImageObject","inLanguage":"de","@id":"https:\/\/123-esta.com\/de\/#\/schema\/logo\/image\/","url":"https:\/\/123-esta.com\/wp-content\/uploads\/2018\/03\/logo-123-esta.png","contentUrl":"https:\/\/123-esta.com\/wp-content\/uploads\/2018\/03\/logo-123-esta.png","width":191,"height":54,"caption":"Formulaire ESTA pour les USA"},"image":{"@id":"https:\/\/123-esta.com\/de\/#\/schema\/logo\/image\/"}}]}},"_links":{"self":[{"href":"https:\/\/123-esta.com\/de\/wp-json\/wp\/v2\/pages\/2360","targetHints":{"allow":["GET"]}}],"collection":[{"href":"https:\/\/123-esta.com\/de\/wp-json\/wp\/v2\/pages"}],"about":[{"href":"https:\/\/123-esta.com\/de\/wp-json\/wp\/v2\/types\/page"}],"author":[{"embeddable":true,"href":"https:\/\/123-esta.com\/de\/wp-json\/wp\/v2\/users\/1"}],"replies":[{"embeddable":true,"href":"https:\/\/123-esta.com\/de\/wp-json\/wp\/v2\/comments?post=2360"}],"version-history":[{"count":0,"href":"https:\/\/123-esta.com\/de\/wp-json\/wp\/v2\/pages\/2360\/revisions"}],"wp:attachment":[{"href":"https:\/\/123-esta.com\/de\/wp-json\/wp\/v2\/media?parent=2360"}],"curies":[{"name":"wp","href":"https:\/\/api.w.org\/{rel}","templated":true}]}}