{"id":2354,"date":"2022-07-27T21:34:33","date_gmt":"2022-07-27T19:34:33","guid":{"rendered":"https:\/\/123-esta.com\/besuch-nevada-und-die-vereinigten-staaten\/"},"modified":"2022-09-19T17:28:21","modified_gmt":"2022-09-19T15:28:21","slug":"besuch-nevada-und-die-vereinigten-staaten","status":"publish","type":"page","link":"https:\/\/123-esta.com\/de\/besuch-nevada-und-die-vereinigten-staaten\/","title":{"rendered":"Ein Besuch in Nevada &#8211; eine absolut au\u00dfergew\u00f6hnliche Erfahrung"},"content":{"rendered":"\n<p>Es gibt viele interessante Orte, die Sie auf Ihrer Reise durch die USA besuchen sollten. Nevada geh\u00f6rt <a href=\"https:\/\/123-esta.com\/de\/stadte-und-regionen-zu-besuchen-in-den-vereinigten-staaten\/\">zu den Top 10 der meistbesuchten Staaten der USA<\/a> und hat Reisenden, die auf der Suche nach Neuem, Sch\u00f6nheit und Nervenkitzel sind, enorm viel zu bieten.<\/p>\n\n<p>Wie Sie wissen, ist Nevada ein trockener Bundesstaat, der einen tiefgreifenden Wandel durchgemacht hat und Traumorte hervorgebracht hat, von denen der ber\u00fchmteste Las Vegas ist.<\/p>\n\n<h2 class=\"wp-block-heading\">Die unumg\u00e4nglichen Orte in Nevada<\/h2>\n\n<p>Es gibt viele Orte, die man in Nevada gesehen haben muss. Es ist ein Staat, der tolle Entdeckungen und Abenteuer aller Art verspricht. Beschr\u00e4nken wir uns in diesem Artikel darauf, nur die bekanntesten Orte aufzuz\u00e4hlen.<\/p>\n\n<p>Ein <a href=\"https:\/\/123-esta.com\/de\/was-zu-tun-an-las-vegas\/\">Besuch in Las Vegas<\/a> steht ganz oben auf der Liste. Die Stadt wurde 1855 von den Mormonen gegr\u00fcndet und ist die gr\u00f6\u00dfte in Nevada. Sie allein bietet ein Paket an Unterhaltung und Orten, die f\u00fcr einen ausgef\u00fcllten Tag v\u00f6llig ausreichend sind. Auf der Speisekarte stehen Kasinos, Schwimmb\u00e4der aller Art, Achterbahnen, Rennstrecken mit der M\u00f6glichkeit, Rennwagen zu fahren, und die Paris-Las Vegas.<\/p>\n\n<p>Nach Las Vegas sind auch Lake Mead und der Hoover-Staudamm in Nevada einen Besuch wert. Es handelt sich um das gr\u00f6\u00dfte Reservoir der USA, dessen Plattform einen au\u00dfergew\u00f6hnlichen Anblick bietet. Es ist dieses prestigetr\u00e4chtige Reservoir, das Kalifornien, Las Vegas und ganz Nevada mit Wasser versorgt. Rund um den See werden verschiedene Aktivit\u00e4ten angeboten.<\/p>\n\n<p>Wer auf der Suche nach einem Adrenalinschub ist, kann einen Abstecher nach Reno machen. In dieser Stadt in Nevada werden alle Arten von Rennen angeboten: Autorennen, Flugzeugrennen und sogar Ballonrennen.<\/p>\n\n<p>Zu guter Letzt sei noch der Grand Bassin Nationalpark erw\u00e4hnt, der aus trockenen Bergen und unz\u00e4hligen alten H\u00f6hlen besteht, die \u00fcber 500 Millionen Jahre alt sind. Trotz seiner W\u00fcstenlandschaft bietet er dennoch einiges, um Sie zu beeindrucken.<\/p>\n\n<h2 class=\"wp-block-heading\">Wann sollte man Nevada besuchen?<\/h2>\n\n<p>Dies h\u00e4ngt von mehreren Kriterien ab. Diejenigen, die mit den Kindern verreisen wollen, m\u00fcssen sicherlich bis zu den Ferien warten. Wer allein oder zu zweit in die USA reist, kann die Nebensaison abwarten, in der die Preise f\u00fcr Hotels g\u00fcnstiger sind. Die beste Zeit ist der Herbst, von September bis Oktober, wenn es warm ist und die Preise niedriger sind. Es sei daran erinnert, dass das ESTA-Dokument f\u00fcr Reisen in die USA unerl\u00e4sslich ist.<\/p>\n","protected":false},"excerpt":{"rendered":"<p>Es gibt viele interessante Orte, die Sie auf Ihrer Reise durch die USA besuchen sollten. Nevada geh\u00f6rt zu den Top 10 der meistbesuchten Staaten der USA und hat Reisenden, die auf der Suche nach Neuem, Sch\u00f6nheit und Nervenkitzel sind, enorm viel zu bieten. Wie Sie wissen, ist Nevada ein trockener Bundesstaat, der einen tiefgreifenden Wandel [&hellip;]<\/p>\n","protected":false},"author":1,"featured_media":0,"parent":0,"menu_order":0,"comment_status":"closed","ping_status":"closed","template":"","meta":{"site-sidebar-layout":"default","site-content-layout":"default","ast-site-content-layout":"default","site-content-style":"default","site-sidebar-style":"default","ast-global-header-display":"","ast-banner-title-visibility":"","ast-main-header-display":"","ast-hfb-above-header-display":"","ast-hfb-below-header-display":"","ast-hfb-mobile-header-display":"","site-post-title":"","ast-breadcrumbs-content":"","ast-featured-img":"","footer-sml-layout":"","ast-disable-related-posts":"","theme-transparent-header-meta":"default","adv-header-id-meta":"","stick-header-meta":"default","header-above-stick-meta":"","header-main-stick-meta":"","header-below-stick-meta":"","astra-migrate-meta-layouts":"default","ast-page-background-enabled":"default","ast-page-background-meta":{"desktop":{"background-color":"","background-image":"","background-repeat":"repeat","background-position":"center center","background-size":"auto","background-attachment":"scroll","background-type":"","background-media":"","overlay-type":"","overlay-color":"","overlay-opacity":"","overlay-gradient":""},"tablet":{"background-color":"","background-image":"","background-repeat":"repeat","background-position":"center center","background-size":"auto","background-attachment":"scroll","background-type":"","background-media":"","overlay-type":"","overlay-color":"","overlay-opacity":"","overlay-gradient":""},"mobile":{"background-color":"","background-image":"","background-repeat":"repeat","background-position":"center center","background-size":"auto","background-attachment":"scroll","background-type":"","background-media":"","overlay-type":"","overlay-color":"","overlay-opacity":"","overlay-gradient":""}},"ast-content-background-meta":{"desktop":{"background-color":"var(--ast-global-color-5)","background-image":"","background-repeat":"repeat","background-position":"center center","background-size":"auto","background-attachment":"scroll","background-type":"","background-media":"","overlay-type":"","overlay-color":"","overlay-opacity":"","overlay-gradient":""},"tablet":{"background-color":"var(--ast-global-color-5)","background-image":"","background-repeat":"repeat","background-position":"center center","background-size":"auto","background-attachment":"scroll","background-type":"","background-media":"","overlay-type":"","overlay-color":"","overlay-opacity":"","overlay-gradient":""},"mobile":{"background-color":"var(--ast-global-color-5)","background-image":"","background-repeat":"repeat","background-position":"center center","background-size":"auto","background-attachment":"scroll","background-type":"","background-media":"","overlay-type":"","overlay-color":"","overlay-opacity":"","overlay-gradient":""}},"footnotes":""},"class_list":["post-2354","page","type-page","status-publish","hentry"],"yoast_head":"<!-- This site is optimized with the Yoast SEO plugin v27.1.1 - https:\/\/yoast.com\/product\/yoast-seo-wordpress\/ -->\n<title>Besuchen Sie Nevada f\u00fcr Ihren n\u00e4chsten Aufenthalt in den USA<\/title>\n<meta name=\"description\" content=\"Ein Besuch in Nevada h\u00e4lt viele \u00dcberraschungen bereit, wie zum Beispiel die Hauptstadt Las Vegas. Lassen Sie sich mit dem ESTA in der Tasche verf\u00fchren!\" \/>\n<meta name=\"robots\" content=\"index, follow, max-snippet:-1, max-image-preview:large, max-video-preview:-1\" \/>\n<link rel=\"canonical\" href=\"https:\/\/123-esta.com\/de\/besuch-nevada-und-die-vereinigten-staaten\/\" \/>\n<meta property=\"og:locale\" content=\"de_DE\" \/>\n<meta property=\"og:type\" content=\"article\" \/>\n<meta property=\"og:title\" content=\"Besuchen Sie Nevada f\u00fcr Ihren n\u00e4chsten Aufenthalt in den USA\" \/>\n<meta property=\"og:description\" content=\"Ein Besuch in Nevada h\u00e4lt viele \u00dcberraschungen bereit, wie zum Beispiel die Hauptstadt Las Vegas. Lassen Sie sich mit dem ESTA in der Tasche verf\u00fchren!\" \/>\n<meta property=\"og:url\" content=\"https:\/\/123-esta.com\/de\/besuch-nevada-und-die-vereinigten-staaten\/\" \/>\n<meta property=\"og:site_name\" content=\"Formulaire ESTA pour les USA\" \/>\n<meta property=\"article:modified_time\" content=\"2022-09-19T15:28:21+00:00\" \/>\n<meta name=\"twitter:card\" content=\"summary_large_image\" \/>\n<meta name=\"twitter:label1\" content=\"Gesch\u00e4tzte Lesezeit\" \/>\n\t<meta name=\"twitter:data1\" content=\"2\u00a0Minuten\" \/>\n<script type=\"application\/ld+json\" class=\"yoast-schema-graph\">{\"@context\":\"https:\/\/schema.org\",\"@graph\":[{\"@type\":\"WebPage\",\"@id\":\"https:\/\/123-esta.com\/de\/besuch-nevada-und-die-vereinigten-staaten\/\",\"url\":\"https:\/\/123-esta.com\/de\/besuch-nevada-und-die-vereinigten-staaten\/\",\"name\":\"Besuchen Sie Nevada f\u00fcr Ihren n\u00e4chsten Aufenthalt in den USA\",\"isPartOf\":{\"@id\":\"https:\/\/123-esta.com\/de\/#website\"},\"datePublished\":\"2022-07-27T19:34:33+00:00\",\"dateModified\":\"2022-09-19T15:28:21+00:00\",\"description\":\"Ein Besuch in Nevada h\u00e4lt viele \u00dcberraschungen bereit, wie zum Beispiel die Hauptstadt Las Vegas. Lassen Sie sich mit dem ESTA in der Tasche verf\u00fchren!\",\"inLanguage\":\"de\",\"potentialAction\":[{\"@type\":\"ReadAction\",\"target\":[\"https:\/\/123-esta.com\/de\/besuch-nevada-und-die-vereinigten-staaten\/\"]}]},{\"@type\":\"WebSite\",\"@id\":\"https:\/\/123-esta.com\/de\/#website\",\"url\":\"https:\/\/123-esta.com\/de\/\",\"name\":\"Formulaire ESTA pour les USA\",\"description\":\"\",\"publisher\":{\"@id\":\"https:\/\/123-esta.com\/de\/#organization\"},\"potentialAction\":[{\"@type\":\"SearchAction\",\"target\":{\"@type\":\"EntryPoint\",\"urlTemplate\":\"https:\/\/123-esta.com\/de\/?s={search_term_string}\"},\"query-input\":{\"@type\":\"PropertyValueSpecification\",\"valueRequired\":true,\"valueName\":\"search_term_string\"}}],\"inLanguage\":\"de\"},{\"@type\":\"Organization\",\"@id\":\"https:\/\/123-esta.com\/de\/#organization\",\"name\":\"Formulaire ESTA pour les USA\",\"url\":\"https:\/\/123-esta.com\/de\/\",\"logo\":{\"@type\":\"ImageObject\",\"inLanguage\":\"de\",\"@id\":\"https:\/\/123-esta.com\/de\/#\/schema\/logo\/image\/\",\"url\":\"https:\/\/123-esta.com\/wp-content\/uploads\/2018\/03\/logo-123-esta.png\",\"contentUrl\":\"https:\/\/123-esta.com\/wp-content\/uploads\/2018\/03\/logo-123-esta.png\",\"width\":191,\"height\":54,\"caption\":\"Formulaire ESTA pour les USA\"},\"image\":{\"@id\":\"https:\/\/123-esta.com\/de\/#\/schema\/logo\/image\/\"}}]}<\/script>\n<!-- \/ Yoast SEO plugin. -->","yoast_head_json":{"title":"Besuchen Sie Nevada f\u00fcr Ihren n\u00e4chsten Aufenthalt in den USA","description":"Ein Besuch in Nevada h\u00e4lt viele \u00dcberraschungen bereit, wie zum Beispiel die Hauptstadt Las Vegas. Lassen Sie sich mit dem ESTA in der Tasche verf\u00fchren!","robots":{"index":"index","follow":"follow","max-snippet":"max-snippet:-1","max-image-preview":"max-image-preview:large","max-video-preview":"max-video-preview:-1"},"canonical":"https:\/\/123-esta.com\/de\/besuch-nevada-und-die-vereinigten-staaten\/","og_locale":"de_DE","og_type":"article","og_title":"Besuchen Sie Nevada f\u00fcr Ihren n\u00e4chsten Aufenthalt in den USA","og_description":"Ein Besuch in Nevada h\u00e4lt viele \u00dcberraschungen bereit, wie zum Beispiel die Hauptstadt Las Vegas. Lassen Sie sich mit dem ESTA in der Tasche verf\u00fchren!","og_url":"https:\/\/123-esta.com\/de\/besuch-nevada-und-die-vereinigten-staaten\/","og_site_name":"Formulaire ESTA pour les USA","article_modified_time":"2022-09-19T15:28:21+00:00","twitter_card":"summary_large_image","twitter_misc":{"Gesch\u00e4tzte Lesezeit":"2\u00a0Minuten"},"schema":{"@context":"https:\/\/schema.org","@graph":[{"@type":"WebPage","@id":"https:\/\/123-esta.com\/de\/besuch-nevada-und-die-vereinigten-staaten\/","url":"https:\/\/123-esta.com\/de\/besuch-nevada-und-die-vereinigten-staaten\/","name":"Besuchen Sie Nevada f\u00fcr Ihren n\u00e4chsten Aufenthalt in den USA","isPartOf":{"@id":"https:\/\/123-esta.com\/de\/#website"},"datePublished":"2022-07-27T19:34:33+00:00","dateModified":"2022-09-19T15:28:21+00:00","description":"Ein Besuch in Nevada h\u00e4lt viele \u00dcberraschungen bereit, wie zum Beispiel die Hauptstadt Las Vegas. Lassen Sie sich mit dem ESTA in der Tasche verf\u00fchren!","inLanguage":"de","potentialAction":[{"@type":"ReadAction","target":["https:\/\/123-esta.com\/de\/besuch-nevada-und-die-vereinigten-staaten\/"]}]},{"@type":"WebSite","@id":"https:\/\/123-esta.com\/de\/#website","url":"https:\/\/123-esta.com\/de\/","name":"Formulaire ESTA pour les USA","description":"","publisher":{"@id":"https:\/\/123-esta.com\/de\/#organization"},"potentialAction":[{"@type":"SearchAction","target":{"@type":"EntryPoint","urlTemplate":"https:\/\/123-esta.com\/de\/?s={search_term_string}"},"query-input":{"@type":"PropertyValueSpecification","valueRequired":true,"valueName":"search_term_string"}}],"inLanguage":"de"},{"@type":"Organization","@id":"https:\/\/123-esta.com\/de\/#organization","name":"Formulaire ESTA pour les USA","url":"https:\/\/123-esta.com\/de\/","logo":{"@type":"ImageObject","inLanguage":"de","@id":"https:\/\/123-esta.com\/de\/#\/schema\/logo\/image\/","url":"https:\/\/123-esta.com\/wp-content\/uploads\/2018\/03\/logo-123-esta.png","contentUrl":"https:\/\/123-esta.com\/wp-content\/uploads\/2018\/03\/logo-123-esta.png","width":191,"height":54,"caption":"Formulaire ESTA pour les USA"},"image":{"@id":"https:\/\/123-esta.com\/de\/#\/schema\/logo\/image\/"}}]}},"_links":{"self":[{"href":"https:\/\/123-esta.com\/de\/wp-json\/wp\/v2\/pages\/2354","targetHints":{"allow":["GET"]}}],"collection":[{"href":"https:\/\/123-esta.com\/de\/wp-json\/wp\/v2\/pages"}],"about":[{"href":"https:\/\/123-esta.com\/de\/wp-json\/wp\/v2\/types\/page"}],"author":[{"embeddable":true,"href":"https:\/\/123-esta.com\/de\/wp-json\/wp\/v2\/users\/1"}],"replies":[{"embeddable":true,"href":"https:\/\/123-esta.com\/de\/wp-json\/wp\/v2\/comments?post=2354"}],"version-history":[{"count":0,"href":"https:\/\/123-esta.com\/de\/wp-json\/wp\/v2\/pages\/2354\/revisions"}],"wp:attachment":[{"href":"https:\/\/123-esta.com\/de\/wp-json\/wp\/v2\/media?parent=2354"}],"curies":[{"name":"wp","href":"https:\/\/api.w.org\/{rel}","templated":true}]}}