{"id":2348,"date":"2022-07-27T21:34:31","date_gmt":"2022-07-27T19:34:31","guid":{"rendered":"https:\/\/123-esta.com\/was-wird-man-in-chicago-sehen\/"},"modified":"2022-09-06T23:22:45","modified_gmt":"2022-09-06T21:22:45","slug":"was-tun-in-chicago","status":"publish","type":"page","link":"https:\/\/123-esta.com\/de\/was-tun-in-chicago\/","title":{"rendered":"Was kann man in Chicago sehen und unternehmen?"},"content":{"rendered":"\n<p>Chicago hat manchmal einen schlechten Ruf und ist dennoch eine der St\u00e4dte, die man bei einem Aufenthalt im <a href=\"https:\/\/123-esta.com\/de\/was-zu-tun-im-nordosten-der-vereinigten-staaten\/\">Nordosten der USA<\/a> unbedingt gesehen haben sollte.<\/p>\n\n<p>Bevor wir Ihnen f\u00fcnf Gr\u00fcnde nennen, warum Sie die Stadt besuchen sollten, die Al Capone so am Herzen lag, m\u00f6chten wir Sie nat\u00fcrlich daran erinnern, dass Sie eine ESTA-Genehmigung ben\u00f6tigen, um sich auf amerikanischem Boden aufhalten zu k\u00f6nnen. Sie k\u00f6nnen den Antrag auf unserer Website stellen und Chicago sicher erkunden, sobald Sie die Genehmigung erhalten haben!<\/p>\n\n<h2 class=\"wp-block-heading\">Mieten Sie sich ein Fahrrad und erobern Sie die Weite der Stadt!<\/h2>\n\n<p>Mit einer Karte oder einem GPS-Ger\u00e4t ausgestattet, ist das Mieten eines Fahrrads eine hervorragende Option, um den drittgr\u00f6\u00dften Ballungsraum der USA mit knapp 10 Millionen Einwohnern zu erkunden.<\/p>\n\n<p>Um Ihr Abenteuer zu erleichtern, empfehlen wir Ihnen, eine der vielen Tourismusfirmen zu beauftragen, die gegen eine geringe Geb\u00fchr eine &#8220;Fahrradtour&#8220; anbieten. In Begleitung eines Fremdenf\u00fchrers k\u00f6nnen Sie so Teile Chicagos entdecken, die Touristen weniger bekannt sind. Im \u00dcbrigen ist der Gro\u00dfteil der Stadt zwar ungef\u00e4hrlich, aber einige Armenviertel sind dennoch gef\u00e4hrlich und sollten gemieden werden.<\/p>\n\n<h2 class=\"wp-block-heading\">Machen Sie einen Luxuseinkauf auf der &#8218;Magnificent Mile&#8216;.<\/h2>\n\n<p>Die<a href=\"https:\/\/www.themagnificentmile.com\/\">&#8218;Magnificent Mile<\/a>&#8218; ist der Spitzname f\u00fcr einen Teil der gr\u00f6\u00dften Stra\u00dfe der Stadt, der Michigan Avenue, die nach dem See benannt ist, der die Stadt umgibt. Diese &#8218;Prachtmeile&#8216; stellt DEN Teil der Stadt dar, der f\u00fcr seine vielen Luxusboutiquen, aber auch f\u00fcr seine vielen Nachtclubs bekannt ist. Hier finden Sie unter anderem das John Hancock Center, \u00fcber das wir weiter unten berichten.<\/p>\n\n<h2 class=\"wp-block-heading\">Besuchen Sie das weltber\u00fchmte Kunstinstitut<\/h2>\n\n<p>Das &#8218; <a href=\"http:\/\/www.artic.edu\/\">Art Institute of Chicago<\/a>&#8218; ist DAS Museum, das Sie bei Ihrem Aufenthalt in Chicago unbedingt sehen sollten. Es handelt sich um das zweitgr\u00f6\u00dfte Kunstmuseum des Landes mit zahlreichen Werken, die vor allem aus Frankreich stammen: Gem\u00e4lde von Renoir und Monet, Skulpturen von Renoir, Henri Matisse, Auguste Rodin und anderen.<\/p>\n\n<p>Um nichts zu verderben, verf\u00fcgt das Museum \u00fcber zahlreiche Sammlungen verschiedener Kunstgegenst\u00e4nde aus der ganzen Welt (Afrika, Asien, Ozeanien, Europa usw.), die es Ihnen erm\u00f6glichen, an einem einzigen Tag eine echte kleine Weltreise zu unternehmen. Ein Pflichtstopp, wenn Sie ein Minimum an Zeit haben.<\/p>\n\n<h2 class=\"wp-block-heading\">Durch den futuristischen Millennium Park schlendern<\/h2>\n\n<p>Der 2004 er\u00f6ffnete Millennium Park ist ein Ort, den man in der Stadt im Norden der USA nicht verpassen sollte! Es bietet n\u00e4mlich kostenlos die M\u00f6glichkeit, verschiedene monumentale zeitgen\u00f6ssische und futuristische Werke zu sehen.<\/p>\n\n<p>Neben zahlreichen Skulpturen k\u00f6nnen Sie sich an einem Theater (dem Harris Theather), einem riesigen &#8218;Musikpavillon&#8216; (dem Jay Pritzker Pavillon), aber auch an vielen Brunnen erfreuen.<\/p>\n\n<h2 class=\"wp-block-heading\">Einen Drink auf der Spitze des John Hancock Center nehmen<\/h2>\n\n<p>Wenn die Sonne kurz vor dem Untergang steht und der Himmel klar ist, empfehlen wir Ihnen mehr denn je, dem John Hancock Center an der Michigan Avenue einen Besuch abzustatten.<\/p>\n\n<p>Dieser 344 m hohe Wolkenkratzer, der 1969 fertiggestellt wurde, verf\u00fcgt n\u00e4mlich \u00fcber eine Lounge-Bar, die sich im obersten Stockwerk des Geb\u00e4udes befindet. Die Aussicht ist absolut unglaublich und Sie k\u00f6nnen die Stadt sowohl bei Tag als auch bei Nacht bewundern. Am besten kommen Sie in der Abendd\u00e4mmerung, um die Sonne am Horizont verschwinden zu sehen.<\/p>\n","protected":false},"excerpt":{"rendered":"<p>Chicago hat manchmal einen schlechten Ruf und ist dennoch eine der St\u00e4dte, die man bei einem Aufenthalt im Nordosten der USA unbedingt gesehen haben sollte. Bevor wir Ihnen f\u00fcnf Gr\u00fcnde nennen, warum Sie die Stadt besuchen sollten, die Al Capone so am Herzen lag, m\u00f6chten wir Sie nat\u00fcrlich daran erinnern, dass Sie eine ESTA-Genehmigung ben\u00f6tigen, [&hellip;]<\/p>\n","protected":false},"author":1,"featured_media":0,"parent":0,"menu_order":0,"comment_status":"closed","ping_status":"closed","template":"","meta":{"site-sidebar-layout":"default","site-content-layout":"default","ast-site-content-layout":"default","site-content-style":"default","site-sidebar-style":"default","ast-global-header-display":"","ast-banner-title-visibility":"","ast-main-header-display":"","ast-hfb-above-header-display":"","ast-hfb-below-header-display":"","ast-hfb-mobile-header-display":"","site-post-title":"","ast-breadcrumbs-content":"","ast-featured-img":"","footer-sml-layout":"","ast-disable-related-posts":"","theme-transparent-header-meta":"default","adv-header-id-meta":"","stick-header-meta":"default","header-above-stick-meta":"","header-main-stick-meta":"","header-below-stick-meta":"","astra-migrate-meta-layouts":"default","ast-page-background-enabled":"default","ast-page-background-meta":{"desktop":{"background-color":"","background-image":"","background-repeat":"repeat","background-position":"center center","background-size":"auto","background-attachment":"scroll","background-type":"","background-media":"","overlay-type":"","overlay-color":"","overlay-opacity":"","overlay-gradient":""},"tablet":{"background-color":"","background-image":"","background-repeat":"repeat","background-position":"center center","background-size":"auto","background-attachment":"scroll","background-type":"","background-media":"","overlay-type":"","overlay-color":"","overlay-opacity":"","overlay-gradient":""},"mobile":{"background-color":"","background-image":"","background-repeat":"repeat","background-position":"center center","background-size":"auto","background-attachment":"scroll","background-type":"","background-media":"","overlay-type":"","overlay-color":"","overlay-opacity":"","overlay-gradient":""}},"ast-content-background-meta":{"desktop":{"background-color":"var(--ast-global-color-5)","background-image":"","background-repeat":"repeat","background-position":"center center","background-size":"auto","background-attachment":"scroll","background-type":"","background-media":"","overlay-type":"","overlay-color":"","overlay-opacity":"","overlay-gradient":""},"tablet":{"background-color":"var(--ast-global-color-5)","background-image":"","background-repeat":"repeat","background-position":"center center","background-size":"auto","background-attachment":"scroll","background-type":"","background-media":"","overlay-type":"","overlay-color":"","overlay-opacity":"","overlay-gradient":""},"mobile":{"background-color":"var(--ast-global-color-5)","background-image":"","background-repeat":"repeat","background-position":"center center","background-size":"auto","background-attachment":"scroll","background-type":"","background-media":"","overlay-type":"","overlay-color":"","overlay-opacity":"","overlay-gradient":""}},"footnotes":""},"class_list":["post-2348","page","type-page","status-publish","hentry"],"yoast_head":"<!-- This site is optimized with the Yoast SEO plugin v27.1.1 - https:\/\/yoast.com\/product\/yoast-seo-wordpress\/ -->\n<title>Was muss man in Chicago unbedingt gesehen haben?<\/title>\n<meta name=\"description\" content=\"Chicago, eine Stadt voller \u00dcberraschungen, die dennoch nicht von Touristen bevorzugt wird. Machen Sie nicht den Fehler, sich dar\u00fcber hinwegzusetzen!\" \/>\n<meta name=\"robots\" content=\"index, follow, max-snippet:-1, max-image-preview:large, max-video-preview:-1\" \/>\n<link rel=\"canonical\" href=\"https:\/\/123-esta.com\/de\/was-tun-in-chicago\/\" \/>\n<meta property=\"og:locale\" content=\"de_DE\" \/>\n<meta property=\"og:type\" content=\"article\" \/>\n<meta property=\"og:title\" content=\"Was muss man in Chicago unbedingt gesehen haben?\" \/>\n<meta property=\"og:description\" content=\"Chicago, eine Stadt voller \u00dcberraschungen, die dennoch nicht von Touristen bevorzugt wird. Machen Sie nicht den Fehler, sich dar\u00fcber hinwegzusetzen!\" \/>\n<meta property=\"og:url\" content=\"https:\/\/123-esta.com\/de\/was-tun-in-chicago\/\" \/>\n<meta property=\"og:site_name\" content=\"Formulaire ESTA pour les USA\" \/>\n<meta property=\"article:modified_time\" content=\"2022-09-06T21:22:45+00:00\" \/>\n<meta name=\"twitter:card\" content=\"summary_large_image\" \/>\n<meta name=\"twitter:label1\" content=\"Gesch\u00e4tzte Lesezeit\" \/>\n\t<meta name=\"twitter:data1\" content=\"3\u00a0Minuten\" \/>\n<script type=\"application\/ld+json\" class=\"yoast-schema-graph\">{\"@context\":\"https:\/\/schema.org\",\"@graph\":[{\"@type\":\"WebPage\",\"@id\":\"https:\/\/123-esta.com\/de\/was-tun-in-chicago\/\",\"url\":\"https:\/\/123-esta.com\/de\/was-tun-in-chicago\/\",\"name\":\"Was muss man in Chicago unbedingt gesehen haben?\",\"isPartOf\":{\"@id\":\"https:\/\/123-esta.com\/de\/#website\"},\"datePublished\":\"2022-07-27T19:34:31+00:00\",\"dateModified\":\"2022-09-06T21:22:45+00:00\",\"description\":\"Chicago, eine Stadt voller \u00dcberraschungen, die dennoch nicht von Touristen bevorzugt wird. Machen Sie nicht den Fehler, sich dar\u00fcber hinwegzusetzen!\",\"inLanguage\":\"de\",\"potentialAction\":[{\"@type\":\"ReadAction\",\"target\":[\"https:\/\/123-esta.com\/de\/was-tun-in-chicago\/\"]}]},{\"@type\":\"WebSite\",\"@id\":\"https:\/\/123-esta.com\/de\/#website\",\"url\":\"https:\/\/123-esta.com\/de\/\",\"name\":\"Formulaire ESTA pour les USA\",\"description\":\"\",\"publisher\":{\"@id\":\"https:\/\/123-esta.com\/de\/#organization\"},\"potentialAction\":[{\"@type\":\"SearchAction\",\"target\":{\"@type\":\"EntryPoint\",\"urlTemplate\":\"https:\/\/123-esta.com\/de\/?s={search_term_string}\"},\"query-input\":{\"@type\":\"PropertyValueSpecification\",\"valueRequired\":true,\"valueName\":\"search_term_string\"}}],\"inLanguage\":\"de\"},{\"@type\":\"Organization\",\"@id\":\"https:\/\/123-esta.com\/de\/#organization\",\"name\":\"Formulaire ESTA pour les USA\",\"url\":\"https:\/\/123-esta.com\/de\/\",\"logo\":{\"@type\":\"ImageObject\",\"inLanguage\":\"de\",\"@id\":\"https:\/\/123-esta.com\/de\/#\/schema\/logo\/image\/\",\"url\":\"https:\/\/123-esta.com\/wp-content\/uploads\/2018\/03\/logo-123-esta.png\",\"contentUrl\":\"https:\/\/123-esta.com\/wp-content\/uploads\/2018\/03\/logo-123-esta.png\",\"width\":191,\"height\":54,\"caption\":\"Formulaire ESTA pour les USA\"},\"image\":{\"@id\":\"https:\/\/123-esta.com\/de\/#\/schema\/logo\/image\/\"}}]}<\/script>\n<!-- \/ Yoast SEO plugin. -->","yoast_head_json":{"title":"Was muss man in Chicago unbedingt gesehen haben?","description":"Chicago, eine Stadt voller \u00dcberraschungen, die dennoch nicht von Touristen bevorzugt wird. Machen Sie nicht den Fehler, sich dar\u00fcber hinwegzusetzen!","robots":{"index":"index","follow":"follow","max-snippet":"max-snippet:-1","max-image-preview":"max-image-preview:large","max-video-preview":"max-video-preview:-1"},"canonical":"https:\/\/123-esta.com\/de\/was-tun-in-chicago\/","og_locale":"de_DE","og_type":"article","og_title":"Was muss man in Chicago unbedingt gesehen haben?","og_description":"Chicago, eine Stadt voller \u00dcberraschungen, die dennoch nicht von Touristen bevorzugt wird. Machen Sie nicht den Fehler, sich dar\u00fcber hinwegzusetzen!","og_url":"https:\/\/123-esta.com\/de\/was-tun-in-chicago\/","og_site_name":"Formulaire ESTA pour les USA","article_modified_time":"2022-09-06T21:22:45+00:00","twitter_card":"summary_large_image","twitter_misc":{"Gesch\u00e4tzte Lesezeit":"3\u00a0Minuten"},"schema":{"@context":"https:\/\/schema.org","@graph":[{"@type":"WebPage","@id":"https:\/\/123-esta.com\/de\/was-tun-in-chicago\/","url":"https:\/\/123-esta.com\/de\/was-tun-in-chicago\/","name":"Was muss man in Chicago unbedingt gesehen haben?","isPartOf":{"@id":"https:\/\/123-esta.com\/de\/#website"},"datePublished":"2022-07-27T19:34:31+00:00","dateModified":"2022-09-06T21:22:45+00:00","description":"Chicago, eine Stadt voller \u00dcberraschungen, die dennoch nicht von Touristen bevorzugt wird. Machen Sie nicht den Fehler, sich dar\u00fcber hinwegzusetzen!","inLanguage":"de","potentialAction":[{"@type":"ReadAction","target":["https:\/\/123-esta.com\/de\/was-tun-in-chicago\/"]}]},{"@type":"WebSite","@id":"https:\/\/123-esta.com\/de\/#website","url":"https:\/\/123-esta.com\/de\/","name":"Formulaire ESTA pour les USA","description":"","publisher":{"@id":"https:\/\/123-esta.com\/de\/#organization"},"potentialAction":[{"@type":"SearchAction","target":{"@type":"EntryPoint","urlTemplate":"https:\/\/123-esta.com\/de\/?s={search_term_string}"},"query-input":{"@type":"PropertyValueSpecification","valueRequired":true,"valueName":"search_term_string"}}],"inLanguage":"de"},{"@type":"Organization","@id":"https:\/\/123-esta.com\/de\/#organization","name":"Formulaire ESTA pour les USA","url":"https:\/\/123-esta.com\/de\/","logo":{"@type":"ImageObject","inLanguage":"de","@id":"https:\/\/123-esta.com\/de\/#\/schema\/logo\/image\/","url":"https:\/\/123-esta.com\/wp-content\/uploads\/2018\/03\/logo-123-esta.png","contentUrl":"https:\/\/123-esta.com\/wp-content\/uploads\/2018\/03\/logo-123-esta.png","width":191,"height":54,"caption":"Formulaire ESTA pour les USA"},"image":{"@id":"https:\/\/123-esta.com\/de\/#\/schema\/logo\/image\/"}}]}},"_links":{"self":[{"href":"https:\/\/123-esta.com\/de\/wp-json\/wp\/v2\/pages\/2348","targetHints":{"allow":["GET"]}}],"collection":[{"href":"https:\/\/123-esta.com\/de\/wp-json\/wp\/v2\/pages"}],"about":[{"href":"https:\/\/123-esta.com\/de\/wp-json\/wp\/v2\/types\/page"}],"author":[{"embeddable":true,"href":"https:\/\/123-esta.com\/de\/wp-json\/wp\/v2\/users\/1"}],"replies":[{"embeddable":true,"href":"https:\/\/123-esta.com\/de\/wp-json\/wp\/v2\/comments?post=2348"}],"version-history":[{"count":0,"href":"https:\/\/123-esta.com\/de\/wp-json\/wp\/v2\/pages\/2348\/revisions"}],"wp:attachment":[{"href":"https:\/\/123-esta.com\/de\/wp-json\/wp\/v2\/media?parent=2348"}],"curies":[{"name":"wp","href":"https:\/\/api.w.org\/{rel}","templated":true}]}}