{"id":2338,"date":"2022-07-27T21:34:29","date_gmt":"2022-07-27T19:34:29","guid":{"rendered":"https:\/\/123-esta.com\/was-tun-im-nordosten-der-vereinigten-staaten\/"},"modified":"2022-09-01T23:11:27","modified_gmt":"2022-09-01T21:11:27","slug":"was-zu-tun-im-nordosten-der-vereinigten-staaten","status":"publish","type":"page","link":"https:\/\/123-esta.com\/de\/was-zu-tun-im-nordosten-der-vereinigten-staaten\/","title":{"rendered":"Ein Abenteuer im Nordosten der USA erleben"},"content":{"rendered":"\n<p>Entdecken Sie die <a href=\"https:\/\/123-esta.com\/de\/stadte-und-regionen-zu-besuchen-in-den-vereinigten-staaten\/\">gro\u00dfen St\u00e4dte und Regionen der USA<\/a>, indem Sie Ihre Reise im Nordosten der USA beginnen. Diese Gebiete eignen sich hervorragend f\u00fcr einen Roadtrip mit dem Auto und bieten Reisenden zudem ein unvergessliches Erlebnis. Mit seinen attraktiven, f\u00fcr Neuengland typischen kleinen D\u00f6rfern, den W\u00e4ldern, die im Laufe der Jahreszeiten ihre Farbe und Form \u00e4ndern, oder der wilden K\u00fcste und den langen Naturstr\u00e4nden ist f\u00fcr jeden Geschmack etwas dabei.<\/p>\n\n<h2 class=\"wp-block-heading\">Chicago oder die &#8222;ehemalige Hauptstadt des Verbrechens&#8220;.<\/h2>\n\n<p> <a href=\"https:\/\/123-esta.com\/de\/was-tun-in-chicago\/\">Chicago<\/a> hat es zwar geschafft, seinen schlechten Ruf aus der Zeit der Prohibition abzulegen, ist aber dennoch die Stadt, in der der ber\u00fcchtigte Al Capone durch sein Schmugglernetzwerk ber\u00fchmt wurde. Aber abgesehen von einigen Stadtvierteln, die Sie in den dunkelsten Stunden der Nacht meiden sollten, brauchen Sie sich bei Ihren Spazierg\u00e4ngen keine Sorgen zu machen!<\/p>\n\n<p>Die Stadt ist auch daf\u00fcr bekannt, eine unwahrscheinliche Anzahl an Museen mit \u00fcber 70 verschiedenen Einrichtungen zu beherbergen, die fast ebenso viele Themenbereiche abdecken: Kunst, Geschichte, Wissenschaft&#8230; Chicago ist au\u00dferdem die Stadt mit den zweitmeisten Parks und Gr\u00fcnfl\u00e4chen in den gesamten USA und wird damit seinem Motto &#8222;Urbs in Horto&#8220; gerecht, was so viel bedeutet wie &#8222;die Stadt ein Garten&#8220;. Und schlie\u00dflich w\u00e4re es eine Schande, nicht die lokale Spezialit\u00e4t Deep-Dish-Pizza oder den Chicago-Style Hot Dog zu probieren, die dem klassischen Junkfood einen breiten gr\u00fcnen Touch verleihen.<\/p>\n\n<h2 class=\"wp-block-heading\">Boston, die historische Stadt<\/h2>\n\n<p>Etwas weiter n\u00f6rdlich befindet sich die Hauptstadt von Massachusetts, <a href=\"https:\/\/123-esta.com\/de\/was-tun-in-boston\/\">Boston<\/a>! Die Stadt liegt direkt am Meer und zieht neugierige Geschichtsinteressierte an. Diese Metropole wurde im 17. Jahrhundert von englischen Siedlern gegr\u00fcndet und ist damit einer der \u00e4ltesten Orte auf dem Kontinent. In diesem Zusammenhang wird Boston oft als die historische und kulturelle Wiege der Vereinigten Staaten bezeichnet. Heutzutage ist sie zum perfekten Beispiel f\u00fcr eine Stadt geworden, die Altes mit Neuem vermischt. In der Tat ist jede Stra\u00dfe, jedes Pflaster und jedes Geb\u00e4ude mit alter Geschichte belastet, aber die Metropole bleibt dennoch in der Gegenwart und Zukunft verankert, insbesondere mit ihrem Seehafen, aber auch mit ihrer international anerkannten Universit\u00e4t: Harvard. Boston ist daher das perfekte Reiseziel f\u00fcr jeden Reisenden, der auf der Suche nach Geschichte, Kultur und Wissen ist.<\/p>\n\n<h2 class=\"wp-block-heading\">Kanada, wundersch\u00f6ne Landschaften<\/h2>\n\n<p>Obwohl <a href=\"https:\/\/123-esta.com\/de\/reisen-in-kanada-aus-usa\/\">Kanada<\/a> ein eigenes Land ist, bleibt es an seinen n\u00f6rdlichen Grenzen der direkte Nachbar der USA, und es w\u00e4re eine Schande, unseren Freunden in Qu\u00e9bec keinen Besuch abzustatten. F\u00fcr Englischsprachige sind Montreal oder Qu\u00e9bec St\u00e4dte, in denen die Mehrheit der Bev\u00f6lkerung Franz\u00f6sisch mit diesem so&#8230; besonderen Akzent spricht! So wird es f\u00fcr uns einfacher sein, eine ber\u00fchmte Poutine zu bestellen, um die manchmal bei\u00dfende K\u00e4lte im Land zu bek\u00e4mpfen. Kanada hat auch atemberaubende Landschaften zu bieten, zum Beispiel im BANFF-Nationalpark. Zwischen den Bergen mit ihrem ewigen Schnee, den Thermalquellen mit Temperaturen von bis zu 38\u00b0C oder den Wanderungen im Johnston Canyon, der mit kleinen Wasserf\u00e4llen \u00fcbers\u00e4t ist, muss man dem Ort Zeit widmen, um ihn in vollen Z\u00fcgen genie\u00dfen zu k\u00f6nnen. Und wenn Sie wirklich Gl\u00fcck haben, k\u00f6nnen Sie die legend\u00e4ren Nordlichter beobachten, die den Sternenhimmel in tausend Farben erstrahlen lassen.<\/p>\n\n<p>F\u00fcr die Einreise nach Kanada auf dem Landweg ist ein Antrag auf ein<a href=\"https:\/\/ave-eta-canada.com\/de\/\">AVE Kanada<\/a> nicht erforderlich. Bei einer Einreise auf dem Luftweg hingegen wird sie es sein.<\/p>\n","protected":false},"excerpt":{"rendered":"<p>Entdecken Sie die gro\u00dfen St\u00e4dte und Regionen der USA, indem Sie Ihre Reise im Nordosten der USA beginnen. Diese Gebiete eignen sich hervorragend f\u00fcr einen Roadtrip mit dem Auto und bieten Reisenden zudem ein unvergessliches Erlebnis. Mit seinen attraktiven, f\u00fcr Neuengland typischen kleinen D\u00f6rfern, den W\u00e4ldern, die im Laufe der Jahreszeiten ihre Farbe und Form [&hellip;]<\/p>\n","protected":false},"author":1,"featured_media":0,"parent":0,"menu_order":0,"comment_status":"closed","ping_status":"closed","template":"","meta":{"site-sidebar-layout":"default","site-content-layout":"default","ast-site-content-layout":"default","site-content-style":"default","site-sidebar-style":"default","ast-global-header-display":"","ast-banner-title-visibility":"","ast-main-header-display":"","ast-hfb-above-header-display":"","ast-hfb-below-header-display":"","ast-hfb-mobile-header-display":"","site-post-title":"","ast-breadcrumbs-content":"","ast-featured-img":"","footer-sml-layout":"","ast-disable-related-posts":"","theme-transparent-header-meta":"default","adv-header-id-meta":"","stick-header-meta":"default","header-above-stick-meta":"","header-main-stick-meta":"","header-below-stick-meta":"","astra-migrate-meta-layouts":"default","ast-page-background-enabled":"default","ast-page-background-meta":{"desktop":{"background-color":"","background-image":"","background-repeat":"repeat","background-position":"center center","background-size":"auto","background-attachment":"scroll","background-type":"","background-media":"","overlay-type":"","overlay-color":"","overlay-opacity":"","overlay-gradient":""},"tablet":{"background-color":"","background-image":"","background-repeat":"repeat","background-position":"center center","background-size":"auto","background-attachment":"scroll","background-type":"","background-media":"","overlay-type":"","overlay-color":"","overlay-opacity":"","overlay-gradient":""},"mobile":{"background-color":"","background-image":"","background-repeat":"repeat","background-position":"center center","background-size":"auto","background-attachment":"scroll","background-type":"","background-media":"","overlay-type":"","overlay-color":"","overlay-opacity":"","overlay-gradient":""}},"ast-content-background-meta":{"desktop":{"background-color":"var(--ast-global-color-5)","background-image":"","background-repeat":"repeat","background-position":"center center","background-size":"auto","background-attachment":"scroll","background-type":"","background-media":"","overlay-type":"","overlay-color":"","overlay-opacity":"","overlay-gradient":""},"tablet":{"background-color":"var(--ast-global-color-5)","background-image":"","background-repeat":"repeat","background-position":"center center","background-size":"auto","background-attachment":"scroll","background-type":"","background-media":"","overlay-type":"","overlay-color":"","overlay-opacity":"","overlay-gradient":""},"mobile":{"background-color":"var(--ast-global-color-5)","background-image":"","background-repeat":"repeat","background-position":"center center","background-size":"auto","background-attachment":"scroll","background-type":"","background-media":"","overlay-type":"","overlay-color":"","overlay-opacity":"","overlay-gradient":""}},"footnotes":""},"class_list":["post-2338","page","type-page","status-publish","hentry"],"yoast_head":"<!-- This site is optimized with the Yoast SEO plugin v27.1.1 - https:\/\/yoast.com\/product\/yoast-seo-wordpress\/ -->\n<title>Was kann man im Nordosten der USA unternehmen? Unsere Tipps<\/title>\n<meta name=\"description\" content=\"Der Nordosten der USA ist f\u00fcr Kultur- und Architekturliebhaber zu empfehlen. Auch Naturliebhaber kommen hier auf ihre Kosten.\" \/>\n<meta name=\"robots\" content=\"index, follow, max-snippet:-1, max-image-preview:large, max-video-preview:-1\" \/>\n<link rel=\"canonical\" href=\"https:\/\/123-esta.com\/de\/was-zu-tun-im-nordosten-der-vereinigten-staaten\/\" \/>\n<meta property=\"og:locale\" content=\"de_DE\" \/>\n<meta property=\"og:type\" content=\"article\" \/>\n<meta property=\"og:title\" content=\"Was kann man im Nordosten der USA unternehmen? Unsere Tipps\" \/>\n<meta property=\"og:description\" content=\"Der Nordosten der USA ist f\u00fcr Kultur- und Architekturliebhaber zu empfehlen. Auch Naturliebhaber kommen hier auf ihre Kosten.\" \/>\n<meta property=\"og:url\" content=\"https:\/\/123-esta.com\/de\/was-zu-tun-im-nordosten-der-vereinigten-staaten\/\" \/>\n<meta property=\"og:site_name\" content=\"Formulaire ESTA pour les USA\" \/>\n<meta property=\"article:modified_time\" content=\"2022-09-01T21:11:27+00:00\" \/>\n<meta name=\"twitter:card\" content=\"summary_large_image\" \/>\n<meta name=\"twitter:label1\" content=\"Gesch\u00e4tzte Lesezeit\" \/>\n\t<meta name=\"twitter:data1\" content=\"3\u00a0Minuten\" \/>\n<script type=\"application\/ld+json\" class=\"yoast-schema-graph\">{\"@context\":\"https:\/\/schema.org\",\"@graph\":[{\"@type\":\"WebPage\",\"@id\":\"https:\/\/123-esta.com\/de\/was-zu-tun-im-nordosten-der-vereinigten-staaten\/\",\"url\":\"https:\/\/123-esta.com\/de\/was-zu-tun-im-nordosten-der-vereinigten-staaten\/\",\"name\":\"Was kann man im Nordosten der USA unternehmen? Unsere Tipps\",\"isPartOf\":{\"@id\":\"https:\/\/123-esta.com\/de\/#website\"},\"datePublished\":\"2022-07-27T19:34:29+00:00\",\"dateModified\":\"2022-09-01T21:11:27+00:00\",\"description\":\"Der Nordosten der USA ist f\u00fcr Kultur- und Architekturliebhaber zu empfehlen. Auch Naturliebhaber kommen hier auf ihre Kosten.\",\"inLanguage\":\"de\",\"potentialAction\":[{\"@type\":\"ReadAction\",\"target\":[\"https:\/\/123-esta.com\/de\/was-zu-tun-im-nordosten-der-vereinigten-staaten\/\"]}]},{\"@type\":\"WebSite\",\"@id\":\"https:\/\/123-esta.com\/de\/#website\",\"url\":\"https:\/\/123-esta.com\/de\/\",\"name\":\"Formulaire ESTA pour les USA\",\"description\":\"\",\"publisher\":{\"@id\":\"https:\/\/123-esta.com\/de\/#organization\"},\"potentialAction\":[{\"@type\":\"SearchAction\",\"target\":{\"@type\":\"EntryPoint\",\"urlTemplate\":\"https:\/\/123-esta.com\/de\/?s={search_term_string}\"},\"query-input\":{\"@type\":\"PropertyValueSpecification\",\"valueRequired\":true,\"valueName\":\"search_term_string\"}}],\"inLanguage\":\"de\"},{\"@type\":\"Organization\",\"@id\":\"https:\/\/123-esta.com\/de\/#organization\",\"name\":\"Formulaire ESTA pour les USA\",\"url\":\"https:\/\/123-esta.com\/de\/\",\"logo\":{\"@type\":\"ImageObject\",\"inLanguage\":\"de\",\"@id\":\"https:\/\/123-esta.com\/de\/#\/schema\/logo\/image\/\",\"url\":\"https:\/\/123-esta.com\/wp-content\/uploads\/2018\/03\/logo-123-esta.png\",\"contentUrl\":\"https:\/\/123-esta.com\/wp-content\/uploads\/2018\/03\/logo-123-esta.png\",\"width\":191,\"height\":54,\"caption\":\"Formulaire ESTA pour les USA\"},\"image\":{\"@id\":\"https:\/\/123-esta.com\/de\/#\/schema\/logo\/image\/\"}}]}<\/script>\n<!-- \/ Yoast SEO plugin. -->","yoast_head_json":{"title":"Was kann man im Nordosten der USA unternehmen? Unsere Tipps","description":"Der Nordosten der USA ist f\u00fcr Kultur- und Architekturliebhaber zu empfehlen. Auch Naturliebhaber kommen hier auf ihre Kosten.","robots":{"index":"index","follow":"follow","max-snippet":"max-snippet:-1","max-image-preview":"max-image-preview:large","max-video-preview":"max-video-preview:-1"},"canonical":"https:\/\/123-esta.com\/de\/was-zu-tun-im-nordosten-der-vereinigten-staaten\/","og_locale":"de_DE","og_type":"article","og_title":"Was kann man im Nordosten der USA unternehmen? Unsere Tipps","og_description":"Der Nordosten der USA ist f\u00fcr Kultur- und Architekturliebhaber zu empfehlen. Auch Naturliebhaber kommen hier auf ihre Kosten.","og_url":"https:\/\/123-esta.com\/de\/was-zu-tun-im-nordosten-der-vereinigten-staaten\/","og_site_name":"Formulaire ESTA pour les USA","article_modified_time":"2022-09-01T21:11:27+00:00","twitter_card":"summary_large_image","twitter_misc":{"Gesch\u00e4tzte Lesezeit":"3\u00a0Minuten"},"schema":{"@context":"https:\/\/schema.org","@graph":[{"@type":"WebPage","@id":"https:\/\/123-esta.com\/de\/was-zu-tun-im-nordosten-der-vereinigten-staaten\/","url":"https:\/\/123-esta.com\/de\/was-zu-tun-im-nordosten-der-vereinigten-staaten\/","name":"Was kann man im Nordosten der USA unternehmen? Unsere Tipps","isPartOf":{"@id":"https:\/\/123-esta.com\/de\/#website"},"datePublished":"2022-07-27T19:34:29+00:00","dateModified":"2022-09-01T21:11:27+00:00","description":"Der Nordosten der USA ist f\u00fcr Kultur- und Architekturliebhaber zu empfehlen. Auch Naturliebhaber kommen hier auf ihre Kosten.","inLanguage":"de","potentialAction":[{"@type":"ReadAction","target":["https:\/\/123-esta.com\/de\/was-zu-tun-im-nordosten-der-vereinigten-staaten\/"]}]},{"@type":"WebSite","@id":"https:\/\/123-esta.com\/de\/#website","url":"https:\/\/123-esta.com\/de\/","name":"Formulaire ESTA pour les USA","description":"","publisher":{"@id":"https:\/\/123-esta.com\/de\/#organization"},"potentialAction":[{"@type":"SearchAction","target":{"@type":"EntryPoint","urlTemplate":"https:\/\/123-esta.com\/de\/?s={search_term_string}"},"query-input":{"@type":"PropertyValueSpecification","valueRequired":true,"valueName":"search_term_string"}}],"inLanguage":"de"},{"@type":"Organization","@id":"https:\/\/123-esta.com\/de\/#organization","name":"Formulaire ESTA pour les USA","url":"https:\/\/123-esta.com\/de\/","logo":{"@type":"ImageObject","inLanguage":"de","@id":"https:\/\/123-esta.com\/de\/#\/schema\/logo\/image\/","url":"https:\/\/123-esta.com\/wp-content\/uploads\/2018\/03\/logo-123-esta.png","contentUrl":"https:\/\/123-esta.com\/wp-content\/uploads\/2018\/03\/logo-123-esta.png","width":191,"height":54,"caption":"Formulaire ESTA pour les USA"},"image":{"@id":"https:\/\/123-esta.com\/de\/#\/schema\/logo\/image\/"}}]}},"_links":{"self":[{"href":"https:\/\/123-esta.com\/de\/wp-json\/wp\/v2\/pages\/2338","targetHints":{"allow":["GET"]}}],"collection":[{"href":"https:\/\/123-esta.com\/de\/wp-json\/wp\/v2\/pages"}],"about":[{"href":"https:\/\/123-esta.com\/de\/wp-json\/wp\/v2\/types\/page"}],"author":[{"embeddable":true,"href":"https:\/\/123-esta.com\/de\/wp-json\/wp\/v2\/users\/1"}],"replies":[{"embeddable":true,"href":"https:\/\/123-esta.com\/de\/wp-json\/wp\/v2\/comments?post=2338"}],"version-history":[{"count":0,"href":"https:\/\/123-esta.com\/de\/wp-json\/wp\/v2\/pages\/2338\/revisions"}],"wp:attachment":[{"href":"https:\/\/123-esta.com\/de\/wp-json\/wp\/v2\/media?parent=2338"}],"curies":[{"name":"wp","href":"https:\/\/api.w.org\/{rel}","templated":true}]}}