{"id":2337,"date":"2022-07-27T21:34:29","date_gmt":"2022-07-27T19:34:29","guid":{"rendered":"https:\/\/123-esta.com\/reisen-in-kanada-aus-usa\/"},"modified":"2022-09-19T17:55:28","modified_gmt":"2022-09-19T15:55:28","slug":"reisen-in-kanada-aus-usa","status":"publish","type":"page","link":"https:\/\/123-esta.com\/de\/reisen-in-kanada-aus-usa\/","title":{"rendered":"Besuchen Sie Kanada w\u00e4hrend Ihres Aufenthalts in den USA"},"content":{"rendered":"\n<p>Kanada ist ein Land, das genauso gro\u00df ist wie die USA. Dieses Land bietet Besuchern, die in seinem Land ankommen, ein enormes touristisches Potenzial. Mit einer Fl\u00e4che von 9 984 670 km2 und einer gesch\u00e4tzten Bev\u00f6lkerung von 35 540 400 Einwohnern bietet Ihnen Kanada riesige, menschenleere Gebiete. Es ist einfacher, Kanada zu genie\u00dfen, wenn man \u00fcber den <a href=\"https:\/\/123-esta.com\/de\/was-zu-tun-im-nordosten-der-vereinigten-staaten\/\">Nordosten der USA<\/a> dorthin reist.<\/p>\n\n<p>Sein Klima ist je nach Region unterschiedlich und zeichnet sich durch kalte Winter und k\u00fchle oder gem\u00e4\u00dfigt feuchte Sommer aus. Die Vegetation besteht aus verschiedenen Waldtypen, die &#8211; sofern das Klima es zul\u00e4sst &#8211; ber\u00fchmte Trekking- und Abenteuertouren &#8222;into the wild&#8220; anbieten.<\/p>\n\n<p>Bei Ihren Abenteuern in einem der vielen kanadischen Naturparks k\u00f6nnen Sie vielen Tieren begegnen, z. B. Bibern, B\u00e4ren und zahlreichen Fischarten.<\/p>\n\n<p>Im Winter \u00fcberziehen Schnee und ein relativ kaltes Klima den Gro\u00dfteil des Landes. Wintersportarten k\u00f6nnen hier nach Herzenslust ausge\u00fcbt werden. Zur Erinnerung: 2012 fanden dort die Olympischen Winterspiele in der Stadt Vancouver statt.<\/p>\n\n<h2 class=\"wp-block-heading\">Mit welchen Dokumenten kann man nach Kanada einreisen?<\/h2>\n\n<p>Ausl\u00e4ndische Reisende, die nach Kanada zur\u00fcckkehren m\u00f6chten, m\u00fcssen einen g\u00fcltigen Reisepass besitzen.<\/p>\n\n<p>B\u00fcrger aus Frankreich, Gro\u00dfbritannien, Deutschland, Japan, S\u00fcdkorea, Australien und der Mehrheit der europ\u00e4ischen L\u00e4nder ben\u00f6tigen kein Visum, um nach Kanada einzureisen. Je nach Art der Einreise in Kanada kann eine elektronische Reisegenehmigung <a href=\"https:\/\/ave-eta-canada.com\/de\/\">eTA Kanada<\/a> beantragt werden.<\/p>\n\n<p>Wenn Sie als franz\u00f6sischer Reisender die USA mit einem Linienflug oder mit dem Auto von Kanada aus besuchen m\u00f6chten, k\u00f6nnen Sie in den USA einen Zwischenstopp einlegen, sofern Sie die Voraussetzungen f\u00fcr eine Reise in die USA erf\u00fcllen und online einen Antrag auf ESTA-Genehmigung gestellt haben.<\/p>\n\n<h2 class=\"wp-block-heading\">Hotels, Restaurants, Transport in Kanada<\/h2>\n\n<p>Das Land verf\u00fcgt \u00fcber verschiedene Arten von Hoteleinrichtungen. In Kanada schl\u00e4ft man nicht unter freiem Himmel und hat immer genug zu essen. Das h\u00e4ngt von Ihren Erwartungen ab. Es ist zu beachten, dass die Lebenshaltungskosten in Paris oder Toronto in etwa gleich hoch sind. Mit anderen Worten: Ein bestimmtes Budget ist erforderlich.<\/p>\n\n<p>\u00dcberall im Land gibt es Hotels, Jugendherbergen und Mietwohnungen in verschiedenen Preisklassen.<\/p>\n\n<p>Was die Restaurants betrifft, so bieten sie alles, was Sie auch in Deutschland finden k\u00f6nnen. Die Einwanderung nach Kanada ist noch nicht lange her, und viele europ\u00e4ische Einwanderer der ersten oder zweiten Generation lassen sich in ihren Restaurants von den besten Restaurants auf dem alten Kontinent inspirieren.<\/p>\n\n<p>In den gro\u00dfen St\u00e4dten Kanadas bewegt man sich wie in Berlin: Taxi, Bus, U-Bahn, Mietwagen, nicht zu vergessen die Campingwagen etc. Um von einer Provinz in eine andere zu gelangen, gibt es unz\u00e4hlige Transportmittel (Flugzeug, Mietwagen, Bus und Zug), die Ihnen verschiedene Tarife f\u00fcr unterschiedliche Ziele und Zeiten anbieten.<\/p>\n\n<h2 class=\"wp-block-heading\">Sehensw\u00fcrdigkeiten in Kanada<\/h2>\n\n<p>An Sehensw\u00fcrdigkeiten und Regionen, die es zu entdecken gilt, mangelt es in einem so gro\u00dfen Land wie Kanada nicht. Hier ist eine nicht ersch\u00f6pfende Liste von Orten, die wir Ihnen empfehlen:<\/p>\n\n<ul class=\"wp-block-list\"><li>Niagaraf\u00e4lle ;<\/li><li>Banff-Nationalpark ;<\/li><li>Vancouver Island und die gleichnamige Stadt ;<\/li><li>Naturausfl\u00fcge nach Lake Louise oder in die Provinz Yukon ;<\/li><li>Die riesige Stadt Toronto (drittgr\u00f6\u00dfte Stadt Nordamerikas) ;<\/li><li>Die 2 gro\u00dfen franz\u00f6sischsprachigen St\u00e4dte Qu\u00e9becs, Qu\u00e9bec City und Montr\u00e9al.<\/li><\/ul>\n\n<p>All diese Regionen, St\u00e4dte und Naturschaupl\u00e4tze lohnen sich, wenn man plant, von den Vereinigten Staaten von Amerika aus einen Abstecher nach Kanada zu machen.<\/p>\n","protected":false},"excerpt":{"rendered":"<p>Kanada ist ein Land, das genauso gro\u00df ist wie die USA. Dieses Land bietet Besuchern, die in seinem Land ankommen, ein enormes touristisches Potenzial. Mit einer Fl\u00e4che von 9 984 670 km2 und einer gesch\u00e4tzten Bev\u00f6lkerung von 35 540 400 Einwohnern bietet Ihnen Kanada riesige, menschenleere Gebiete. Es ist einfacher, Kanada zu genie\u00dfen, wenn man [&hellip;]<\/p>\n","protected":false},"author":1,"featured_media":0,"parent":0,"menu_order":0,"comment_status":"closed","ping_status":"closed","template":"","meta":{"site-sidebar-layout":"default","site-content-layout":"default","ast-site-content-layout":"default","site-content-style":"default","site-sidebar-style":"default","ast-global-header-display":"","ast-banner-title-visibility":"","ast-main-header-display":"","ast-hfb-above-header-display":"","ast-hfb-below-header-display":"","ast-hfb-mobile-header-display":"","site-post-title":"","ast-breadcrumbs-content":"","ast-featured-img":"","footer-sml-layout":"","ast-disable-related-posts":"","theme-transparent-header-meta":"default","adv-header-id-meta":"","stick-header-meta":"default","header-above-stick-meta":"","header-main-stick-meta":"","header-below-stick-meta":"","astra-migrate-meta-layouts":"default","ast-page-background-enabled":"default","ast-page-background-meta":{"desktop":{"background-color":"","background-image":"","background-repeat":"repeat","background-position":"center center","background-size":"auto","background-attachment":"scroll","background-type":"","background-media":"","overlay-type":"","overlay-color":"","overlay-opacity":"","overlay-gradient":""},"tablet":{"background-color":"","background-image":"","background-repeat":"repeat","background-position":"center center","background-size":"auto","background-attachment":"scroll","background-type":"","background-media":"","overlay-type":"","overlay-color":"","overlay-opacity":"","overlay-gradient":""},"mobile":{"background-color":"","background-image":"","background-repeat":"repeat","background-position":"center center","background-size":"auto","background-attachment":"scroll","background-type":"","background-media":"","overlay-type":"","overlay-color":"","overlay-opacity":"","overlay-gradient":""}},"ast-content-background-meta":{"desktop":{"background-color":"var(--ast-global-color-5)","background-image":"","background-repeat":"repeat","background-position":"center center","background-size":"auto","background-attachment":"scroll","background-type":"","background-media":"","overlay-type":"","overlay-color":"","overlay-opacity":"","overlay-gradient":""},"tablet":{"background-color":"var(--ast-global-color-5)","background-image":"","background-repeat":"repeat","background-position":"center center","background-size":"auto","background-attachment":"scroll","background-type":"","background-media":"","overlay-type":"","overlay-color":"","overlay-opacity":"","overlay-gradient":""},"mobile":{"background-color":"var(--ast-global-color-5)","background-image":"","background-repeat":"repeat","background-position":"center center","background-size":"auto","background-attachment":"scroll","background-type":"","background-media":"","overlay-type":"","overlay-color":"","overlay-opacity":"","overlay-gradient":""}},"footnotes":""},"class_list":["post-2337","page","type-page","status-publish","hentry"],"yoast_head":"<!-- This site is optimized with the Yoast SEO plugin v27.1.1 - https:\/\/yoast.com\/product\/yoast-seo-wordpress\/ -->\n<title>Von den USA nach Kanada zu reisen ist m\u00f6glich und ratsam<\/title>\n<meta name=\"description\" content=\"Die Kombination von USA und Kanada ist durchaus m\u00f6glich, sowohl in die eine als auch in die andere Richtung. Diese beiden L\u00e4nder erg\u00e4nzen sich gegenseitig.\" \/>\n<meta name=\"robots\" content=\"index, follow, max-snippet:-1, max-image-preview:large, max-video-preview:-1\" \/>\n<link rel=\"canonical\" href=\"https:\/\/123-esta.com\/de\/reisen-in-kanada-aus-usa\/\" \/>\n<meta property=\"og:locale\" content=\"de_DE\" \/>\n<meta property=\"og:type\" content=\"article\" \/>\n<meta property=\"og:title\" content=\"Von den USA nach Kanada zu reisen ist m\u00f6glich und ratsam\" \/>\n<meta property=\"og:description\" content=\"Die Kombination von USA und Kanada ist durchaus m\u00f6glich, sowohl in die eine als auch in die andere Richtung. Diese beiden L\u00e4nder erg\u00e4nzen sich gegenseitig.\" \/>\n<meta property=\"og:url\" content=\"https:\/\/123-esta.com\/de\/reisen-in-kanada-aus-usa\/\" \/>\n<meta property=\"og:site_name\" content=\"Formulaire ESTA pour les USA\" \/>\n<meta property=\"article:modified_time\" content=\"2022-09-19T15:55:28+00:00\" \/>\n<meta name=\"twitter:card\" content=\"summary_large_image\" \/>\n<meta name=\"twitter:label1\" content=\"Gesch\u00e4tzte Lesezeit\" \/>\n\t<meta name=\"twitter:data1\" content=\"3\u00a0Minuten\" \/>\n<script type=\"application\/ld+json\" class=\"yoast-schema-graph\">{\"@context\":\"https:\/\/schema.org\",\"@graph\":[{\"@type\":\"WebPage\",\"@id\":\"https:\/\/123-esta.com\/de\/reisen-in-kanada-aus-usa\/\",\"url\":\"https:\/\/123-esta.com\/de\/reisen-in-kanada-aus-usa\/\",\"name\":\"Von den USA nach Kanada zu reisen ist m\u00f6glich und ratsam\",\"isPartOf\":{\"@id\":\"https:\/\/123-esta.com\/de\/#website\"},\"datePublished\":\"2022-07-27T19:34:29+00:00\",\"dateModified\":\"2022-09-19T15:55:28+00:00\",\"description\":\"Die Kombination von USA und Kanada ist durchaus m\u00f6glich, sowohl in die eine als auch in die andere Richtung. Diese beiden L\u00e4nder erg\u00e4nzen sich gegenseitig.\",\"inLanguage\":\"de\",\"potentialAction\":[{\"@type\":\"ReadAction\",\"target\":[\"https:\/\/123-esta.com\/de\/reisen-in-kanada-aus-usa\/\"]}]},{\"@type\":\"WebSite\",\"@id\":\"https:\/\/123-esta.com\/de\/#website\",\"url\":\"https:\/\/123-esta.com\/de\/\",\"name\":\"Formulaire ESTA pour les USA\",\"description\":\"\",\"publisher\":{\"@id\":\"https:\/\/123-esta.com\/de\/#organization\"},\"potentialAction\":[{\"@type\":\"SearchAction\",\"target\":{\"@type\":\"EntryPoint\",\"urlTemplate\":\"https:\/\/123-esta.com\/de\/?s={search_term_string}\"},\"query-input\":{\"@type\":\"PropertyValueSpecification\",\"valueRequired\":true,\"valueName\":\"search_term_string\"}}],\"inLanguage\":\"de\"},{\"@type\":\"Organization\",\"@id\":\"https:\/\/123-esta.com\/de\/#organization\",\"name\":\"Formulaire ESTA pour les USA\",\"url\":\"https:\/\/123-esta.com\/de\/\",\"logo\":{\"@type\":\"ImageObject\",\"inLanguage\":\"de\",\"@id\":\"https:\/\/123-esta.com\/de\/#\/schema\/logo\/image\/\",\"url\":\"https:\/\/123-esta.com\/wp-content\/uploads\/2018\/03\/logo-123-esta.png\",\"contentUrl\":\"https:\/\/123-esta.com\/wp-content\/uploads\/2018\/03\/logo-123-esta.png\",\"width\":191,\"height\":54,\"caption\":\"Formulaire ESTA pour les USA\"},\"image\":{\"@id\":\"https:\/\/123-esta.com\/de\/#\/schema\/logo\/image\/\"}}]}<\/script>\n<!-- \/ Yoast SEO plugin. -->","yoast_head_json":{"title":"Von den USA nach Kanada zu reisen ist m\u00f6glich und ratsam","description":"Die Kombination von USA und Kanada ist durchaus m\u00f6glich, sowohl in die eine als auch in die andere Richtung. Diese beiden L\u00e4nder erg\u00e4nzen sich gegenseitig.","robots":{"index":"index","follow":"follow","max-snippet":"max-snippet:-1","max-image-preview":"max-image-preview:large","max-video-preview":"max-video-preview:-1"},"canonical":"https:\/\/123-esta.com\/de\/reisen-in-kanada-aus-usa\/","og_locale":"de_DE","og_type":"article","og_title":"Von den USA nach Kanada zu reisen ist m\u00f6glich und ratsam","og_description":"Die Kombination von USA und Kanada ist durchaus m\u00f6glich, sowohl in die eine als auch in die andere Richtung. Diese beiden L\u00e4nder erg\u00e4nzen sich gegenseitig.","og_url":"https:\/\/123-esta.com\/de\/reisen-in-kanada-aus-usa\/","og_site_name":"Formulaire ESTA pour les USA","article_modified_time":"2022-09-19T15:55:28+00:00","twitter_card":"summary_large_image","twitter_misc":{"Gesch\u00e4tzte Lesezeit":"3\u00a0Minuten"},"schema":{"@context":"https:\/\/schema.org","@graph":[{"@type":"WebPage","@id":"https:\/\/123-esta.com\/de\/reisen-in-kanada-aus-usa\/","url":"https:\/\/123-esta.com\/de\/reisen-in-kanada-aus-usa\/","name":"Von den USA nach Kanada zu reisen ist m\u00f6glich und ratsam","isPartOf":{"@id":"https:\/\/123-esta.com\/de\/#website"},"datePublished":"2022-07-27T19:34:29+00:00","dateModified":"2022-09-19T15:55:28+00:00","description":"Die Kombination von USA und Kanada ist durchaus m\u00f6glich, sowohl in die eine als auch in die andere Richtung. Diese beiden L\u00e4nder erg\u00e4nzen sich gegenseitig.","inLanguage":"de","potentialAction":[{"@type":"ReadAction","target":["https:\/\/123-esta.com\/de\/reisen-in-kanada-aus-usa\/"]}]},{"@type":"WebSite","@id":"https:\/\/123-esta.com\/de\/#website","url":"https:\/\/123-esta.com\/de\/","name":"Formulaire ESTA pour les USA","description":"","publisher":{"@id":"https:\/\/123-esta.com\/de\/#organization"},"potentialAction":[{"@type":"SearchAction","target":{"@type":"EntryPoint","urlTemplate":"https:\/\/123-esta.com\/de\/?s={search_term_string}"},"query-input":{"@type":"PropertyValueSpecification","valueRequired":true,"valueName":"search_term_string"}}],"inLanguage":"de"},{"@type":"Organization","@id":"https:\/\/123-esta.com\/de\/#organization","name":"Formulaire ESTA pour les USA","url":"https:\/\/123-esta.com\/de\/","logo":{"@type":"ImageObject","inLanguage":"de","@id":"https:\/\/123-esta.com\/de\/#\/schema\/logo\/image\/","url":"https:\/\/123-esta.com\/wp-content\/uploads\/2018\/03\/logo-123-esta.png","contentUrl":"https:\/\/123-esta.com\/wp-content\/uploads\/2018\/03\/logo-123-esta.png","width":191,"height":54,"caption":"Formulaire ESTA pour les USA"},"image":{"@id":"https:\/\/123-esta.com\/de\/#\/schema\/logo\/image\/"}}]}},"_links":{"self":[{"href":"https:\/\/123-esta.com\/de\/wp-json\/wp\/v2\/pages\/2337","targetHints":{"allow":["GET"]}}],"collection":[{"href":"https:\/\/123-esta.com\/de\/wp-json\/wp\/v2\/pages"}],"about":[{"href":"https:\/\/123-esta.com\/de\/wp-json\/wp\/v2\/types\/page"}],"author":[{"embeddable":true,"href":"https:\/\/123-esta.com\/de\/wp-json\/wp\/v2\/users\/1"}],"replies":[{"embeddable":true,"href":"https:\/\/123-esta.com\/de\/wp-json\/wp\/v2\/comments?post=2337"}],"version-history":[{"count":0,"href":"https:\/\/123-esta.com\/de\/wp-json\/wp\/v2\/pages\/2337\/revisions"}],"wp:attachment":[{"href":"https:\/\/123-esta.com\/de\/wp-json\/wp\/v2\/media?parent=2337"}],"curies":[{"name":"wp","href":"https:\/\/api.w.org\/{rel}","templated":true}]}}