{"id":2330,"date":"2022-07-27T21:34:29","date_gmt":"2022-07-27T19:34:29","guid":{"rendered":"https:\/\/123-esta.com\/was-zu-sehen-und-zu-besuchen-in-kalifornien\/"},"modified":"2022-09-15T19:33:23","modified_gmt":"2022-09-15T17:33:23","slug":"was-zu-sehen-und-zu-besuchen-in-kalifornien","status":"publish","type":"page","link":"https:\/\/123-esta.com\/de\/was-zu-sehen-und-zu-besuchen-in-kalifornien\/","title":{"rendered":"Was gibt es in Kalifornien zu sehen und zu tun?"},"content":{"rendered":"\n<p>Die Planung einer Reiseroute in einem Land, das so gro\u00df wie die USA ist, kann eine komplizierte Aufgabe sein, da es so viele  <a href=\"\/\/123-esta.com\/les-grandes-villes-et-regions-a-visiter-aux-etats-unis\/\">gro\u00dfe St\u00e4dte und Regionen, die man in den USA besuchen sollte<\/a>  ! Um Ihnen zu helfen, haben unsere Experten f\u00fcr Reisen in die USA einen Reisef\u00fchrer \u00fcber Kalifornien zusammengestellt &#8211; die Definition des amerikanischen Traums!<\/p>\n\n<p>Dieser US-Bundesstaat erinnert automatisch an den &#8222;American Way of Life&#8220;, einen entspannten Lebensstil an sonnigen Str\u00e4nden und eine einladende multiethnische Kultur, die jedes Jahr Millionen von Reisenden anzieht. Dieses Ziel bietet viele M\u00f6glichkeiten f\u00fcr alle Arten von Reisenden:<\/p>\n\n<ul class=\"wp-block-list\"><li>Beginnen Sie einen Roadtrip auf den legend\u00e4rsten Stra\u00dfen wie der Route 66, der US1 oder der Tioga Road ;<\/li><li>Skifahren in den Bergen von Saint Gabriel im Winter ;<\/li><li>Nehmen Sie an einer Kanu-Expedition entlang des 82 Kilometer langen Flusses &#8222;Los Angeles&#8220; teil;<\/li><li>Besuchen Sie die Weing\u00fcter in den H\u00fcgeln des Napa Valley und probieren Sie den lokalen Wein ;<\/li><li>Sonnenbaden an den unz\u00e4hligen Str\u00e4nden entlang der kalifornischen K\u00fcste ;<\/li><li>Baden im Pazifischen Ozean ;<\/li><li>Genie\u00dfen Sie die unglaubliche Naturkulisse in Nationalparks wie Yosemite, Death Valley oder Sequoia ;<\/li><li>Sie k\u00f6nnen sich allein oder mit der Familie in den ber\u00fchmtesten Vergn\u00fcgungsparks der Welt vergn\u00fcgen, wie Magic Kingdom (Disney), Lego land, Six Flag oder Universal f\u00fcr Filmfans;<\/li><li>Genie\u00dfen Sie die besten Surfspots in den gesamten USA.<\/li><\/ul>\n\n<p>Kalifornien, das auch als Golden State bezeichnet wird, ist genau so, wie man es in Filmen oder im Fernsehen sieht: \u00fcberschw\u00e4nglich, lebenslustig, unkonventionell, sonnig und nie langweilig! Es ist auch der Bundesstaat, in dem sich einige der renommiertesten Metropolen der USA befinden.<\/p>\n\n<p>Die Stadt der Engel ist in der ganzen Welt bekannt, sei es durch Kinofilme, Fernsehserien oder auch in der Literatur. F\u00fcr viele ist L.A. sowohl eine bescheidene Grenzstadt als auch eine glitzernde urbane Metropole mit vielen Attraktionen. Als wahre Welthauptstadt der Unterhaltung bringt Los Angeles jedes Jahr viele Reisende zum Tr\u00e4umen, aufgrund seiner Film- und Musikatmosph\u00e4re, der Studios, der ber\u00fchmten Schauspieler und Produzenten! Es ist undenkbar, in Kalifornien zu bleiben, ohne <a href=\"https:\/\/123-esta.com\/de\/was-es-in-los-angeles-zu-sehen-gibt\/\">Los Angeles zu besuchen<\/a>, und sei es nur f\u00fcr einen Tag.<\/p>\n\n<p>San Francisco steht dem in nichts nach, eine ikonische Stadt, die niemanden unber\u00fchrt l\u00e4sst. Zu den beliebtesten Sehensw\u00fcrdigkeiten geh\u00f6ren das ber\u00fchmte Gef\u00e4ngnis Alcatraz oder die gigantische &#8222;Golden Gate Bridge&#8220;. Die &#8222;City of the Bay&#8220;, wie sie in den USA genannt wird, ist eine Stadt mit europ\u00e4ischem Einfluss, <a href=\"https:\/\/123-esta.com\/de\/top10-attraktionen-san-fransisco\/\">was San Francisco zu einem der beliebtesten Reiseziele f\u00fcr Franzosen macht, die Kalifornien besuchen<\/a>. Erfahrene Reisende beschreiben SF als exzentrisch, traditionell und doch modern, dynamisch und umweltfreundlich, und wie Los Angeles erfreut es sich einer Bev\u00f6lkerung unterschiedlichster Herkunft.<\/p>\n\n<p>Kalifornien liegt an der Westk\u00fcste der USA und ist daher ein beliebtes Reiseziel f\u00fcr alle, die den Nervenkitzel suchen, aber auch ein Eldorado f\u00fcr diejenigen, die f\u00fcr eine Woche oder l\u00e4nger in den Hollywood-Lifestyle eintauchen m\u00f6chten.<\/p>\n","protected":false},"excerpt":{"rendered":"<p>Die Planung einer Reiseroute in einem Land, das so gro\u00df wie die USA ist, kann eine komplizierte Aufgabe sein, da es so viele gro\u00dfe St\u00e4dte und Regionen, die man in den USA besuchen sollte ! Um Ihnen zu helfen, haben unsere Experten f\u00fcr Reisen in die USA einen Reisef\u00fchrer \u00fcber Kalifornien zusammengestellt &#8211; die Definition [&hellip;]<\/p>\n","protected":false},"author":1,"featured_media":0,"parent":0,"menu_order":0,"comment_status":"closed","ping_status":"closed","template":"","meta":{"site-sidebar-layout":"default","site-content-layout":"default","ast-site-content-layout":"default","site-content-style":"default","site-sidebar-style":"default","ast-global-header-display":"","ast-banner-title-visibility":"","ast-main-header-display":"","ast-hfb-above-header-display":"","ast-hfb-below-header-display":"","ast-hfb-mobile-header-display":"","site-post-title":"","ast-breadcrumbs-content":"","ast-featured-img":"","footer-sml-layout":"","ast-disable-related-posts":"","theme-transparent-header-meta":"default","adv-header-id-meta":"","stick-header-meta":"default","header-above-stick-meta":"","header-main-stick-meta":"","header-below-stick-meta":"","astra-migrate-meta-layouts":"default","ast-page-background-enabled":"default","ast-page-background-meta":{"desktop":{"background-color":"","background-image":"","background-repeat":"repeat","background-position":"center center","background-size":"auto","background-attachment":"scroll","background-type":"","background-media":"","overlay-type":"","overlay-color":"","overlay-opacity":"","overlay-gradient":""},"tablet":{"background-color":"","background-image":"","background-repeat":"repeat","background-position":"center center","background-size":"auto","background-attachment":"scroll","background-type":"","background-media":"","overlay-type":"","overlay-color":"","overlay-opacity":"","overlay-gradient":""},"mobile":{"background-color":"","background-image":"","background-repeat":"repeat","background-position":"center center","background-size":"auto","background-attachment":"scroll","background-type":"","background-media":"","overlay-type":"","overlay-color":"","overlay-opacity":"","overlay-gradient":""}},"ast-content-background-meta":{"desktop":{"background-color":"var(--ast-global-color-5)","background-image":"","background-repeat":"repeat","background-position":"center center","background-size":"auto","background-attachment":"scroll","background-type":"","background-media":"","overlay-type":"","overlay-color":"","overlay-opacity":"","overlay-gradient":""},"tablet":{"background-color":"var(--ast-global-color-5)","background-image":"","background-repeat":"repeat","background-position":"center center","background-size":"auto","background-attachment":"scroll","background-type":"","background-media":"","overlay-type":"","overlay-color":"","overlay-opacity":"","overlay-gradient":""},"mobile":{"background-color":"var(--ast-global-color-5)","background-image":"","background-repeat":"repeat","background-position":"center center","background-size":"auto","background-attachment":"scroll","background-type":"","background-media":"","overlay-type":"","overlay-color":"","overlay-opacity":"","overlay-gradient":""}},"footnotes":""},"class_list":["post-2330","page","type-page","status-publish","hentry"],"yoast_head":"<!-- This site is optimized with the Yoast SEO plugin v27.1.1 - https:\/\/yoast.com\/product\/yoast-seo-wordpress\/ -->\n<title>Was kann man bei einem Urlaub in Kalifornien sehen und besichtigen?<\/title>\n<meta name=\"description\" content=\"Kalifornien muss man nicht mehr vorstellen: das europ\u00e4ische San Francisco, das ber\u00fchmte Los Angeles, atemberaubende Nationalparks - worauf warten Sie noch?\" \/>\n<meta name=\"robots\" content=\"index, follow, max-snippet:-1, max-image-preview:large, max-video-preview:-1\" \/>\n<link rel=\"canonical\" href=\"https:\/\/123-esta.com\/de\/was-zu-sehen-und-zu-besuchen-in-kalifornien\/\" \/>\n<meta property=\"og:locale\" content=\"de_DE\" \/>\n<meta property=\"og:type\" content=\"article\" \/>\n<meta property=\"og:title\" content=\"Was kann man bei einem Urlaub in Kalifornien sehen und besichtigen?\" \/>\n<meta property=\"og:description\" content=\"Kalifornien muss man nicht mehr vorstellen: das europ\u00e4ische San Francisco, das ber\u00fchmte Los Angeles, atemberaubende Nationalparks - worauf warten Sie noch?\" \/>\n<meta property=\"og:url\" content=\"https:\/\/123-esta.com\/de\/was-zu-sehen-und-zu-besuchen-in-kalifornien\/\" \/>\n<meta property=\"og:site_name\" content=\"Formulaire ESTA pour les USA\" \/>\n<meta property=\"article:modified_time\" content=\"2022-09-15T17:33:23+00:00\" \/>\n<meta name=\"twitter:card\" content=\"summary_large_image\" \/>\n<meta name=\"twitter:label1\" content=\"Gesch\u00e4tzte Lesezeit\" \/>\n\t<meta name=\"twitter:data1\" content=\"3\u00a0Minuten\" \/>\n<script type=\"application\/ld+json\" class=\"yoast-schema-graph\">{\"@context\":\"https:\/\/schema.org\",\"@graph\":[{\"@type\":\"WebPage\",\"@id\":\"https:\/\/123-esta.com\/de\/was-zu-sehen-und-zu-besuchen-in-kalifornien\/\",\"url\":\"https:\/\/123-esta.com\/de\/was-zu-sehen-und-zu-besuchen-in-kalifornien\/\",\"name\":\"Was kann man bei einem Urlaub in Kalifornien sehen und besichtigen?\",\"isPartOf\":{\"@id\":\"https:\/\/123-esta.com\/de\/#website\"},\"datePublished\":\"2022-07-27T19:34:29+00:00\",\"dateModified\":\"2022-09-15T17:33:23+00:00\",\"description\":\"Kalifornien muss man nicht mehr vorstellen: das europ\u00e4ische San Francisco, das ber\u00fchmte Los Angeles, atemberaubende Nationalparks - worauf warten Sie noch?\",\"inLanguage\":\"de\",\"potentialAction\":[{\"@type\":\"ReadAction\",\"target\":[\"https:\/\/123-esta.com\/de\/was-zu-sehen-und-zu-besuchen-in-kalifornien\/\"]}]},{\"@type\":\"WebSite\",\"@id\":\"https:\/\/123-esta.com\/de\/#website\",\"url\":\"https:\/\/123-esta.com\/de\/\",\"name\":\"Formulaire ESTA pour les USA\",\"description\":\"\",\"publisher\":{\"@id\":\"https:\/\/123-esta.com\/de\/#organization\"},\"potentialAction\":[{\"@type\":\"SearchAction\",\"target\":{\"@type\":\"EntryPoint\",\"urlTemplate\":\"https:\/\/123-esta.com\/de\/?s={search_term_string}\"},\"query-input\":{\"@type\":\"PropertyValueSpecification\",\"valueRequired\":true,\"valueName\":\"search_term_string\"}}],\"inLanguage\":\"de\"},{\"@type\":\"Organization\",\"@id\":\"https:\/\/123-esta.com\/de\/#organization\",\"name\":\"Formulaire ESTA pour les USA\",\"url\":\"https:\/\/123-esta.com\/de\/\",\"logo\":{\"@type\":\"ImageObject\",\"inLanguage\":\"de\",\"@id\":\"https:\/\/123-esta.com\/de\/#\/schema\/logo\/image\/\",\"url\":\"https:\/\/123-esta.com\/wp-content\/uploads\/2018\/03\/logo-123-esta.png\",\"contentUrl\":\"https:\/\/123-esta.com\/wp-content\/uploads\/2018\/03\/logo-123-esta.png\",\"width\":191,\"height\":54,\"caption\":\"Formulaire ESTA pour les USA\"},\"image\":{\"@id\":\"https:\/\/123-esta.com\/de\/#\/schema\/logo\/image\/\"}}]}<\/script>\n<!-- \/ Yoast SEO plugin. -->","yoast_head_json":{"title":"Was kann man bei einem Urlaub in Kalifornien sehen und besichtigen?","description":"Kalifornien muss man nicht mehr vorstellen: das europ\u00e4ische San Francisco, das ber\u00fchmte Los Angeles, atemberaubende Nationalparks - worauf warten Sie noch?","robots":{"index":"index","follow":"follow","max-snippet":"max-snippet:-1","max-image-preview":"max-image-preview:large","max-video-preview":"max-video-preview:-1"},"canonical":"https:\/\/123-esta.com\/de\/was-zu-sehen-und-zu-besuchen-in-kalifornien\/","og_locale":"de_DE","og_type":"article","og_title":"Was kann man bei einem Urlaub in Kalifornien sehen und besichtigen?","og_description":"Kalifornien muss man nicht mehr vorstellen: das europ\u00e4ische San Francisco, das ber\u00fchmte Los Angeles, atemberaubende Nationalparks - worauf warten Sie noch?","og_url":"https:\/\/123-esta.com\/de\/was-zu-sehen-und-zu-besuchen-in-kalifornien\/","og_site_name":"Formulaire ESTA pour les USA","article_modified_time":"2022-09-15T17:33:23+00:00","twitter_card":"summary_large_image","twitter_misc":{"Gesch\u00e4tzte Lesezeit":"3\u00a0Minuten"},"schema":{"@context":"https:\/\/schema.org","@graph":[{"@type":"WebPage","@id":"https:\/\/123-esta.com\/de\/was-zu-sehen-und-zu-besuchen-in-kalifornien\/","url":"https:\/\/123-esta.com\/de\/was-zu-sehen-und-zu-besuchen-in-kalifornien\/","name":"Was kann man bei einem Urlaub in Kalifornien sehen und besichtigen?","isPartOf":{"@id":"https:\/\/123-esta.com\/de\/#website"},"datePublished":"2022-07-27T19:34:29+00:00","dateModified":"2022-09-15T17:33:23+00:00","description":"Kalifornien muss man nicht mehr vorstellen: das europ\u00e4ische San Francisco, das ber\u00fchmte Los Angeles, atemberaubende Nationalparks - worauf warten Sie noch?","inLanguage":"de","potentialAction":[{"@type":"ReadAction","target":["https:\/\/123-esta.com\/de\/was-zu-sehen-und-zu-besuchen-in-kalifornien\/"]}]},{"@type":"WebSite","@id":"https:\/\/123-esta.com\/de\/#website","url":"https:\/\/123-esta.com\/de\/","name":"Formulaire ESTA pour les USA","description":"","publisher":{"@id":"https:\/\/123-esta.com\/de\/#organization"},"potentialAction":[{"@type":"SearchAction","target":{"@type":"EntryPoint","urlTemplate":"https:\/\/123-esta.com\/de\/?s={search_term_string}"},"query-input":{"@type":"PropertyValueSpecification","valueRequired":true,"valueName":"search_term_string"}}],"inLanguage":"de"},{"@type":"Organization","@id":"https:\/\/123-esta.com\/de\/#organization","name":"Formulaire ESTA pour les USA","url":"https:\/\/123-esta.com\/de\/","logo":{"@type":"ImageObject","inLanguage":"de","@id":"https:\/\/123-esta.com\/de\/#\/schema\/logo\/image\/","url":"https:\/\/123-esta.com\/wp-content\/uploads\/2018\/03\/logo-123-esta.png","contentUrl":"https:\/\/123-esta.com\/wp-content\/uploads\/2018\/03\/logo-123-esta.png","width":191,"height":54,"caption":"Formulaire ESTA pour les USA"},"image":{"@id":"https:\/\/123-esta.com\/de\/#\/schema\/logo\/image\/"}}]}},"_links":{"self":[{"href":"https:\/\/123-esta.com\/de\/wp-json\/wp\/v2\/pages\/2330","targetHints":{"allow":["GET"]}}],"collection":[{"href":"https:\/\/123-esta.com\/de\/wp-json\/wp\/v2\/pages"}],"about":[{"href":"https:\/\/123-esta.com\/de\/wp-json\/wp\/v2\/types\/page"}],"author":[{"embeddable":true,"href":"https:\/\/123-esta.com\/de\/wp-json\/wp\/v2\/users\/1"}],"replies":[{"embeddable":true,"href":"https:\/\/123-esta.com\/de\/wp-json\/wp\/v2\/comments?post=2330"}],"version-history":[{"count":0,"href":"https:\/\/123-esta.com\/de\/wp-json\/wp\/v2\/pages\/2330\/revisions"}],"wp:attachment":[{"href":"https:\/\/123-esta.com\/de\/wp-json\/wp\/v2\/media?parent=2330"}],"curies":[{"name":"wp","href":"https:\/\/api.w.org\/{rel}","templated":true}]}}