{"id":2327,"date":"2022-07-27T21:34:28","date_gmt":"2022-07-27T19:34:28","guid":{"rendered":"https:\/\/123-esta.com\/que-faire-a-boston\/"},"modified":"2022-09-15T19:38:57","modified_gmt":"2022-09-15T17:38:57","slug":"was-tun-in-boston","status":"publish","type":"page","link":"https:\/\/123-esta.com\/de\/was-tun-in-boston\/","title":{"rendered":"Was kann man bei einem Aufenthalt in Boston besichtigen?"},"content":{"rendered":"\n<p>Boston ist eine US-amerikanische Stadt im Bundesstaat Massachusetts im <a href=\"https:\/\/123-esta.com\/de\/was-zu-tun-im-nordosten-der-vereinigten-staaten\/\">Nordosten der USA<\/a> und liegt 300 km n\u00f6rdlich von New York City. Sie ist von den Marktst\u00e4dten Chelsea, Quincy und Winthrop umgeben.<\/p>\n\n<p>Aufgrund ihrer im Vergleich zu anderen St\u00e4dten des Bundesstaates immensen Gr\u00f6\u00dfe ist sie die Hauptstadt und das kulturelle Zentrum der Region Neuengland. Sie ist au\u00dferdem die Hauptstadt des Bundesstaates Massachusetts.<\/p>\n\n<p>Boston ist auf dem Seeweg \u00fcber seinen Hafen Boston Harbor erreichbar. Letzteres ist der Heimathafen von Kreuzfahrtschiffen, die auf Rundreisen die USA und Kanada erkunden.<\/p>\n\n<h2 class=\"wp-block-heading\">Boston auf einen Blick<\/h2>\n\n<p>Boston ist eine der \u00e4ltesten St\u00e4dte der USA und reich an Geschichte und Tradition. In der Tat kamen viele europ\u00e4ische Einwanderer nach Boston, bevor sie sich ein wenig im ganzen Land ausbreiteten.<\/p>\n\n<p>Boston ist mit seinem bemerkenswerten historischen Zentrum, in dem man auf eine Vielzahl von Kolonialgeb\u00e4uden, Kopfsteinpflasterstra\u00dfen und andere Relikte der Vergangenheit trifft, keiner anderen amerikanischen Stadt \u00e4hnlich. Unterteilt in zahlreiche Stadtteile, trifft man hier auf eine Vielzahl von Sehensw\u00fcrdigkeiten. Boston ist jedoch mit der Zeit gegangen und bietet auch eine sehr moderne Seite.<\/p>\n\n<p>Boston ist auch f\u00fcr seine Universit\u00e4ten ber\u00fchmt. Die Stadt beherbergt auf ihrem Grund und Boden die ber\u00fchmten Institutionen <a href=\"https:\/\/www.harvard.edu\/\">Harvard<\/a> und <a href=\"http:\/\/web.mit.edu\/\">MIT<\/a>. Um sie zu entdecken, werden den Besuchern mehrere Spazierg\u00e4nge angeboten.<\/p>\n\n<h2 class=\"wp-block-heading\">Auf Entdeckungsreise in Boston<\/h2>\n\n<p>Eine gute M\u00f6glichkeit, mehr \u00fcber die Geschichte Bostons zu erfahren, ist die rote Linie des Touristenrundwegs &#8218;Freedom Trail&#8216;. Auf einer etwa 4 km langen Stra\u00dfe k\u00f6nnen Sie wichtige Sehensw\u00fcrdigkeiten wie die<a href=\"http:\/\/oldnorth.com\/\">Old North Ch<\/a>urch, das <a href=\"http:\/\/www.office-tourisme-usa.com\/etat\/massachusetts\/massachusetts-state-house\">Massachusetts State House<\/a>, die Statue von Benjamin Franklin, das italienische Viertel, das Old Meeting House und das Haus von Paul Revere entdecken.<\/p>\n\n<p>Wenn Sie durch das Wohnviertel &#8218;Beacon Hill&#8216; fahren, k\u00f6nnen Sie die reizvollen gepflasterten Wege, die Architektur der H\u00e4user mit ihren h\u00fcbschen G\u00e4rten usw. bewundern. Es ist auch m\u00f6glich, in den Vintage-L\u00e4den auf der gro\u00dfen Hauptstra\u00dfe ein paar alte Souvenirs zu kaufen.<\/p>\n\n<p>Im Stadtteil &#8218;Back Bay&#8216; auf dem Copley Square haben Sie vielleicht die Gelegenheit, an den dort \u00fcblichen Festivals, M\u00e4rkten und anderen Veranstaltungen teilzunehmen. Meistens reicht es v\u00f6llig aus, einfach nur durch den Park zu schlendern, um gl\u00fccklich zu sein.<\/p>\n\n<p>Die historische Tour f\u00fchrt weiter zu den Campus der ber\u00fchmten Universit\u00e4ten Harvard und MIT, die als eine der besten der Welt gelten. In den umliegenden Vierteln gibt es einige Museen f\u00fcr Kunst, Naturgeschichte und Arch\u00e4ologie, die einen Besuch wert sind.<\/p>\n\n<p>\u00dcber Fu\u00dfg\u00e4ngerbr\u00fccken, wie die in der Arlington Street, gelangt man schnell zur Esplanade. Ein erfrischender Spaziergang am Charles River geh\u00f6rt ebenfalls zum Programm. F\u00fcr Baseballfans und einfach nur Neugierige ist auch Bostons legend\u00e4res Stadion, der Fenway Park, einen Besuch wert. Ein Museum, das den Red Sox gewidmet ist, kann dort besichtigt werden.<\/p>\n\n<p>Mehr als je zuvor ist ein Besuch in Boston ein einzigartiges Erlebnis, das mit keiner anderen Stadt, die Sie in den USA sehen k\u00f6nnen, vergleichbar ist.<\/p>\n","protected":false},"excerpt":{"rendered":"<p>Boston ist eine US-amerikanische Stadt im Bundesstaat Massachusetts im Nordosten der USA und liegt 300 km n\u00f6rdlich von New York City. Sie ist von den Marktst\u00e4dten Chelsea, Quincy und Winthrop umgeben. Aufgrund ihrer im Vergleich zu anderen St\u00e4dten des Bundesstaates immensen Gr\u00f6\u00dfe ist sie die Hauptstadt und das kulturelle Zentrum der Region Neuengland. Sie ist [&hellip;]<\/p>\n","protected":false},"author":1,"featured_media":0,"parent":0,"menu_order":0,"comment_status":"closed","ping_status":"closed","template":"","meta":{"site-sidebar-layout":"default","site-content-layout":"default","ast-site-content-layout":"default","site-content-style":"default","site-sidebar-style":"default","ast-global-header-display":"","ast-banner-title-visibility":"","ast-main-header-display":"","ast-hfb-above-header-display":"","ast-hfb-below-header-display":"","ast-hfb-mobile-header-display":"","site-post-title":"","ast-breadcrumbs-content":"","ast-featured-img":"","footer-sml-layout":"","ast-disable-related-posts":"","theme-transparent-header-meta":"default","adv-header-id-meta":"","stick-header-meta":"default","header-above-stick-meta":"","header-main-stick-meta":"","header-below-stick-meta":"","astra-migrate-meta-layouts":"default","ast-page-background-enabled":"default","ast-page-background-meta":{"desktop":{"background-color":"","background-image":"","background-repeat":"repeat","background-position":"center center","background-size":"auto","background-attachment":"scroll","background-type":"","background-media":"","overlay-type":"","overlay-color":"","overlay-opacity":"","overlay-gradient":""},"tablet":{"background-color":"","background-image":"","background-repeat":"repeat","background-position":"center center","background-size":"auto","background-attachment":"scroll","background-type":"","background-media":"","overlay-type":"","overlay-color":"","overlay-opacity":"","overlay-gradient":""},"mobile":{"background-color":"","background-image":"","background-repeat":"repeat","background-position":"center center","background-size":"auto","background-attachment":"scroll","background-type":"","background-media":"","overlay-type":"","overlay-color":"","overlay-opacity":"","overlay-gradient":""}},"ast-content-background-meta":{"desktop":{"background-color":"var(--ast-global-color-5)","background-image":"","background-repeat":"repeat","background-position":"center center","background-size":"auto","background-attachment":"scroll","background-type":"","background-media":"","overlay-type":"","overlay-color":"","overlay-opacity":"","overlay-gradient":""},"tablet":{"background-color":"var(--ast-global-color-5)","background-image":"","background-repeat":"repeat","background-position":"center center","background-size":"auto","background-attachment":"scroll","background-type":"","background-media":"","overlay-type":"","overlay-color":"","overlay-opacity":"","overlay-gradient":""},"mobile":{"background-color":"var(--ast-global-color-5)","background-image":"","background-repeat":"repeat","background-position":"center center","background-size":"auto","background-attachment":"scroll","background-type":"","background-media":"","overlay-type":"","overlay-color":"","overlay-opacity":"","overlay-gradient":""}},"footnotes":""},"class_list":["post-2327","page","type-page","status-publish","hentry"],"yoast_head":"<!-- This site is optimized with the Yoast SEO plugin v27.1.1 - https:\/\/yoast.com\/product\/yoast-seo-wordpress\/ -->\n<title>Was kann man bei einem Aufenthalt in Boston unternehmen und sehen?<\/title>\n<meta name=\"description\" content=\"Boston, die historische und kulturelle Wiege, ist einen Besuch wert. Diese Stadt im Nordosten der USA l\u00e4sst sich gut mit einer Reise nach New York kombinieren.\" \/>\n<meta name=\"robots\" content=\"index, follow, max-snippet:-1, max-image-preview:large, max-video-preview:-1\" \/>\n<link rel=\"canonical\" href=\"https:\/\/123-esta.com\/de\/was-tun-in-boston\/\" \/>\n<meta property=\"og:locale\" content=\"de_DE\" \/>\n<meta property=\"og:type\" content=\"article\" \/>\n<meta property=\"og:title\" content=\"Was kann man bei einem Aufenthalt in Boston unternehmen und sehen?\" \/>\n<meta property=\"og:description\" content=\"Boston, die historische und kulturelle Wiege, ist einen Besuch wert. Diese Stadt im Nordosten der USA l\u00e4sst sich gut mit einer Reise nach New York kombinieren.\" \/>\n<meta property=\"og:url\" content=\"https:\/\/123-esta.com\/de\/was-tun-in-boston\/\" \/>\n<meta property=\"og:site_name\" content=\"Formulaire ESTA pour les USA\" \/>\n<meta property=\"article:modified_time\" content=\"2022-09-15T17:38:57+00:00\" \/>\n<meta name=\"twitter:card\" content=\"summary_large_image\" \/>\n<meta name=\"twitter:label1\" content=\"Gesch\u00e4tzte Lesezeit\" \/>\n\t<meta name=\"twitter:data1\" content=\"3\u00a0Minuten\" \/>\n<script type=\"application\/ld+json\" class=\"yoast-schema-graph\">{\"@context\":\"https:\/\/schema.org\",\"@graph\":[{\"@type\":\"WebPage\",\"@id\":\"https:\/\/123-esta.com\/de\/was-tun-in-boston\/\",\"url\":\"https:\/\/123-esta.com\/de\/was-tun-in-boston\/\",\"name\":\"Was kann man bei einem Aufenthalt in Boston unternehmen und sehen?\",\"isPartOf\":{\"@id\":\"https:\/\/123-esta.com\/de\/#website\"},\"datePublished\":\"2022-07-27T19:34:28+00:00\",\"dateModified\":\"2022-09-15T17:38:57+00:00\",\"description\":\"Boston, die historische und kulturelle Wiege, ist einen Besuch wert. Diese Stadt im Nordosten der USA l\u00e4sst sich gut mit einer Reise nach New York kombinieren.\",\"inLanguage\":\"de\",\"potentialAction\":[{\"@type\":\"ReadAction\",\"target\":[\"https:\/\/123-esta.com\/de\/was-tun-in-boston\/\"]}]},{\"@type\":\"WebSite\",\"@id\":\"https:\/\/123-esta.com\/de\/#website\",\"url\":\"https:\/\/123-esta.com\/de\/\",\"name\":\"Formulaire ESTA pour les USA\",\"description\":\"\",\"publisher\":{\"@id\":\"https:\/\/123-esta.com\/de\/#organization\"},\"potentialAction\":[{\"@type\":\"SearchAction\",\"target\":{\"@type\":\"EntryPoint\",\"urlTemplate\":\"https:\/\/123-esta.com\/de\/?s={search_term_string}\"},\"query-input\":{\"@type\":\"PropertyValueSpecification\",\"valueRequired\":true,\"valueName\":\"search_term_string\"}}],\"inLanguage\":\"de\"},{\"@type\":\"Organization\",\"@id\":\"https:\/\/123-esta.com\/de\/#organization\",\"name\":\"Formulaire ESTA pour les USA\",\"url\":\"https:\/\/123-esta.com\/de\/\",\"logo\":{\"@type\":\"ImageObject\",\"inLanguage\":\"de\",\"@id\":\"https:\/\/123-esta.com\/de\/#\/schema\/logo\/image\/\",\"url\":\"https:\/\/123-esta.com\/wp-content\/uploads\/2018\/03\/logo-123-esta.png\",\"contentUrl\":\"https:\/\/123-esta.com\/wp-content\/uploads\/2018\/03\/logo-123-esta.png\",\"width\":191,\"height\":54,\"caption\":\"Formulaire ESTA pour les USA\"},\"image\":{\"@id\":\"https:\/\/123-esta.com\/de\/#\/schema\/logo\/image\/\"}}]}<\/script>\n<!-- \/ Yoast SEO plugin. -->","yoast_head_json":{"title":"Was kann man bei einem Aufenthalt in Boston unternehmen und sehen?","description":"Boston, die historische und kulturelle Wiege, ist einen Besuch wert. Diese Stadt im Nordosten der USA l\u00e4sst sich gut mit einer Reise nach New York kombinieren.","robots":{"index":"index","follow":"follow","max-snippet":"max-snippet:-1","max-image-preview":"max-image-preview:large","max-video-preview":"max-video-preview:-1"},"canonical":"https:\/\/123-esta.com\/de\/was-tun-in-boston\/","og_locale":"de_DE","og_type":"article","og_title":"Was kann man bei einem Aufenthalt in Boston unternehmen und sehen?","og_description":"Boston, die historische und kulturelle Wiege, ist einen Besuch wert. Diese Stadt im Nordosten der USA l\u00e4sst sich gut mit einer Reise nach New York kombinieren.","og_url":"https:\/\/123-esta.com\/de\/was-tun-in-boston\/","og_site_name":"Formulaire ESTA pour les USA","article_modified_time":"2022-09-15T17:38:57+00:00","twitter_card":"summary_large_image","twitter_misc":{"Gesch\u00e4tzte Lesezeit":"3\u00a0Minuten"},"schema":{"@context":"https:\/\/schema.org","@graph":[{"@type":"WebPage","@id":"https:\/\/123-esta.com\/de\/was-tun-in-boston\/","url":"https:\/\/123-esta.com\/de\/was-tun-in-boston\/","name":"Was kann man bei einem Aufenthalt in Boston unternehmen und sehen?","isPartOf":{"@id":"https:\/\/123-esta.com\/de\/#website"},"datePublished":"2022-07-27T19:34:28+00:00","dateModified":"2022-09-15T17:38:57+00:00","description":"Boston, die historische und kulturelle Wiege, ist einen Besuch wert. Diese Stadt im Nordosten der USA l\u00e4sst sich gut mit einer Reise nach New York kombinieren.","inLanguage":"de","potentialAction":[{"@type":"ReadAction","target":["https:\/\/123-esta.com\/de\/was-tun-in-boston\/"]}]},{"@type":"WebSite","@id":"https:\/\/123-esta.com\/de\/#website","url":"https:\/\/123-esta.com\/de\/","name":"Formulaire ESTA pour les USA","description":"","publisher":{"@id":"https:\/\/123-esta.com\/de\/#organization"},"potentialAction":[{"@type":"SearchAction","target":{"@type":"EntryPoint","urlTemplate":"https:\/\/123-esta.com\/de\/?s={search_term_string}"},"query-input":{"@type":"PropertyValueSpecification","valueRequired":true,"valueName":"search_term_string"}}],"inLanguage":"de"},{"@type":"Organization","@id":"https:\/\/123-esta.com\/de\/#organization","name":"Formulaire ESTA pour les USA","url":"https:\/\/123-esta.com\/de\/","logo":{"@type":"ImageObject","inLanguage":"de","@id":"https:\/\/123-esta.com\/de\/#\/schema\/logo\/image\/","url":"https:\/\/123-esta.com\/wp-content\/uploads\/2018\/03\/logo-123-esta.png","contentUrl":"https:\/\/123-esta.com\/wp-content\/uploads\/2018\/03\/logo-123-esta.png","width":191,"height":54,"caption":"Formulaire ESTA pour les USA"},"image":{"@id":"https:\/\/123-esta.com\/de\/#\/schema\/logo\/image\/"}}]}},"_links":{"self":[{"href":"https:\/\/123-esta.com\/de\/wp-json\/wp\/v2\/pages\/2327","targetHints":{"allow":["GET"]}}],"collection":[{"href":"https:\/\/123-esta.com\/de\/wp-json\/wp\/v2\/pages"}],"about":[{"href":"https:\/\/123-esta.com\/de\/wp-json\/wp\/v2\/types\/page"}],"author":[{"embeddable":true,"href":"https:\/\/123-esta.com\/de\/wp-json\/wp\/v2\/users\/1"}],"replies":[{"embeddable":true,"href":"https:\/\/123-esta.com\/de\/wp-json\/wp\/v2\/comments?post=2327"}],"version-history":[{"count":0,"href":"https:\/\/123-esta.com\/de\/wp-json\/wp\/v2\/pages\/2327\/revisions"}],"wp:attachment":[{"href":"https:\/\/123-esta.com\/de\/wp-json\/wp\/v2\/media?parent=2327"}],"curies":[{"name":"wp","href":"https:\/\/api.w.org\/{rel}","templated":true}]}}