{"id":2325,"date":"2022-07-27T21:34:28","date_gmt":"2022-07-27T19:34:28","guid":{"rendered":"https:\/\/123-esta.com\/was-zu-sehen-von-den-engeln\/"},"modified":"2022-09-23T11:16:37","modified_gmt":"2022-09-23T09:16:37","slug":"was-es-in-los-angeles-zu-sehen-gibt","status":"publish","type":"page","link":"https:\/\/123-esta.com\/de\/was-es-in-los-angeles-zu-sehen-gibt\/","title":{"rendered":"Die besten Attraktionen in Los Angeles"},"content":{"rendered":"\n<p>F\u00fcr viele Menschen verk\u00f6rpert Los Angeles &#8211; oder &#8222;L.A.&#8220; &#8211; den amerikanischen Traum. Die Stadt liegt an der <a href=\"https:\/\/123-esta.com\/de\/was-zu-sehen-und-zu-besuchen-in-kalifornien\/\">kalifornischen K\u00fcste<\/a> und verf\u00fcgt \u00fcber ein mildes Klima, sch\u00f6ne Str\u00e4nde und eine warme und einladende Atmosph\u00e4re. Die blo\u00dfe Erw\u00e4hnung von &#8222;Los Angeles&#8220; l\u00e4sst uns tr\u00e4umen!<\/p>\n\n<p>Die Stadt der Engel (die \u00dcbersetzung von Los Angeles aus dem Spanischen ins Franz\u00f6sische) erinnert auch an Hollywood, Stars und eine unvergleichliche Lebensfreude. L.A. ist auch f\u00fcr seine Stadtteile wie Beverly Hills, Bel Air oder Malibu bekannt. So viele Namen, die durch einige Serien der 90er Jahre ber\u00fchmt geworden sind! Und das ist noch nicht alles: Die Stadt ist auch als &#8222;Weltstadt des Films&#8220; bekannt: mit ihren zahlreichen Studios, ber\u00fchmten Schauspielern und Produzenten. Reizt dich ein ungew\u00f6hnliches Abenteuer im Herzen der zweitgr\u00f6\u00dften Stadt der USA?<\/p>\n\n<h2 class=\"wp-block-heading\">Rodeo Drive<\/h2>\n\n<p>Der Rodeo Drive ist ein Muss f\u00fcr alle, die gehobene Einkaufsm\u00f6glichkeiten suchen.<\/p>\n\n<p>Es handelt sich um eine Einkaufsstra\u00dfe, die sich zwischen dem Wilshire Boulevard und dem Santa Monica Boulevard befindet. Tiffany &amp; Co, Dior, Armani, Chanel, Christian Dior, Gucci&#8230; alle gro\u00dfen Marken sind dabei! Mit etwas Gl\u00fcck treffen Sie direkt auf einen Hollywoodstar, der gerade seine Eink\u00e4ufe erledigt.<\/p>\n\n<p>Als Anhaltspunkt sollten Sie wissen, dass sich am Rodeo Drive das teuerste Gesch\u00e4ft der Welt befindet: das Schmuck- und Parf\u00fcmgesch\u00e4ft Bijan.<\/p>\n\n<h2 class=\"wp-block-heading\">Sunset Boulevard<\/h2>\n\n<p>Der Sunset Boulevard ist weltber\u00fchmt f\u00fcr sein Nachtleben! Lust, sich auszutoben? M\u00f6gen Sie Nachtclubs? Machen Sie einen kleinen Abstecher zum Sunset Boulevard!<\/p>\n\n<p>Ges\u00e4umt von Tanzbars und Nachtclubs verspricht der Sunset Boulevard eine unvergessliche Nacht. Liebhaber der n\u00e4chtlichen Atmosph\u00e4re werden auf dieser ungew\u00f6hnlichen Reise nach Los Angeles auf ihre Kosten kommen.<\/p>\n\n<h2 class=\"wp-block-heading\">Hollywood<\/h2>\n\n<p>Wer hat nicht schon einmal davon getr\u00e4umt, <a href=\"https:\/\/en.wikipedia.org\/wiki\/Hollywood_Walk_of_Fame\">den &#8222;Walk of Fame&#8220; auf dem Hollywood Boulevard<\/a> zu betreten? Wandeln Sie auf den Spuren der gr\u00f6\u00dften Hollywoodstars und besuchen Sie das &#8222;Grauman&#8217;s Chinese Theater&#8220;, wo Sie die ber\u00fchmten Hand- und Fu\u00dfabdr\u00fccke von \u00fcber 100 Ber\u00fchmtheiten sehen k\u00f6nnen.<\/p>\n\n<p>Au\u00dferdem w\u00e4re es undenkbar, nach Los Angeles zu reisen, ohne zumindest die ber\u00fchmten Hollywood-Studios zu besuchen. Es werden zahlreiche organisierte Touren durch die Hollywoodstudios angeboten. Sie geben Ihnen einen Einblick in das Geschehen hinter der Kamera. Ein neuartiger und unvergesslicher Moment, der Sie f\u00fcr immer pr\u00e4gen wird.<\/p>\n\n<h2 class=\"wp-block-heading\">Disneyland und seine vielen Attraktionen!<\/h2>\n\n<p>In Los Angeles gibt es zahlreiche Themenparks. Wenn Sie nur eines davon sehen d\u00fcrften, w\u00e4re es sicherlich das \u00f6rtliche Disneyland!<\/p>\n\n<p>Fahren Sie nach Anaheim, um den ber\u00fchmten Walt Disney Park zu entdecken! Mickey und seine Freunde laden Sie dort zu einer Reise in das K\u00f6nigreich Ihrer Kindheit ein. Dieser Vergn\u00fcgungspark ist zweifellos der ber\u00fchmteste an der gesamten Westk\u00fcste, zwischen seinen ber\u00fchmten Rollercoastern (die Achterbahn in der franz\u00f6sischen Version) und seinen Riesenr\u00e4dern.<\/p>\n\n<p>Verpassen Sie bei Ihrem Besuch nicht die Hauptattraktionen des Parks wie das Eporium (ein Basar voller Disney-Souvenirs aller Art), Fantasyland (wo Sie alle Disney-Figuren in Fleisch und Blut wiederfinden), Tomorrowland (ein Raketen- und Weltraumforschungsprogramm) etc.<\/p>\n","protected":false},"excerpt":{"rendered":"<p>F\u00fcr viele Menschen verk\u00f6rpert Los Angeles &#8211; oder &#8222;L.A.&#8220; &#8211; den amerikanischen Traum. Die Stadt liegt an der kalifornischen K\u00fcste und verf\u00fcgt \u00fcber ein mildes Klima, sch\u00f6ne Str\u00e4nde und eine warme und einladende Atmosph\u00e4re. Die blo\u00dfe Erw\u00e4hnung von &#8222;Los Angeles&#8220; l\u00e4sst uns tr\u00e4umen! Die Stadt der Engel (die \u00dcbersetzung von Los Angeles aus dem Spanischen [&hellip;]<\/p>\n","protected":false},"author":1,"featured_media":0,"parent":0,"menu_order":0,"comment_status":"closed","ping_status":"closed","template":"","meta":{"site-sidebar-layout":"default","site-content-layout":"default","ast-site-content-layout":"default","site-content-style":"default","site-sidebar-style":"default","ast-global-header-display":"","ast-banner-title-visibility":"","ast-main-header-display":"","ast-hfb-above-header-display":"","ast-hfb-below-header-display":"","ast-hfb-mobile-header-display":"","site-post-title":"","ast-breadcrumbs-content":"","ast-featured-img":"","footer-sml-layout":"","ast-disable-related-posts":"","theme-transparent-header-meta":"default","adv-header-id-meta":"","stick-header-meta":"default","header-above-stick-meta":"","header-main-stick-meta":"","header-below-stick-meta":"","astra-migrate-meta-layouts":"default","ast-page-background-enabled":"default","ast-page-background-meta":{"desktop":{"background-color":"","background-image":"","background-repeat":"repeat","background-position":"center center","background-size":"auto","background-attachment":"scroll","background-type":"","background-media":"","overlay-type":"","overlay-color":"","overlay-opacity":"","overlay-gradient":""},"tablet":{"background-color":"","background-image":"","background-repeat":"repeat","background-position":"center center","background-size":"auto","background-attachment":"scroll","background-type":"","background-media":"","overlay-type":"","overlay-color":"","overlay-opacity":"","overlay-gradient":""},"mobile":{"background-color":"","background-image":"","background-repeat":"repeat","background-position":"center center","background-size":"auto","background-attachment":"scroll","background-type":"","background-media":"","overlay-type":"","overlay-color":"","overlay-opacity":"","overlay-gradient":""}},"ast-content-background-meta":{"desktop":{"background-color":"var(--ast-global-color-5)","background-image":"","background-repeat":"repeat","background-position":"center center","background-size":"auto","background-attachment":"scroll","background-type":"","background-media":"","overlay-type":"","overlay-color":"","overlay-opacity":"","overlay-gradient":""},"tablet":{"background-color":"var(--ast-global-color-5)","background-image":"","background-repeat":"repeat","background-position":"center center","background-size":"auto","background-attachment":"scroll","background-type":"","background-media":"","overlay-type":"","overlay-color":"","overlay-opacity":"","overlay-gradient":""},"mobile":{"background-color":"var(--ast-global-color-5)","background-image":"","background-repeat":"repeat","background-position":"center center","background-size":"auto","background-attachment":"scroll","background-type":"","background-media":"","overlay-type":"","overlay-color":"","overlay-opacity":"","overlay-gradient":""}},"footnotes":""},"class_list":["post-2325","page","type-page","status-publish","hentry"],"yoast_head":"<!-- This site is optimized with the Yoast SEO plugin v27.1.1 - https:\/\/yoast.com\/product\/yoast-seo-wordpress\/ -->\n<title>Was kann man w\u00e4hrend eines Aufenthalts in Los Angeles, USA, sehen und unternehmen?<\/title>\n<meta name=\"description\" content=\"Informationen \u00fcber die sch\u00f6nsten Ecken, die man in Los Angeles besuchen kann: Rodeo Drive, Sunset Boulevard, Hollywood oder Disneyland.\" \/>\n<meta name=\"robots\" content=\"index, follow, max-snippet:-1, max-image-preview:large, max-video-preview:-1\" \/>\n<link rel=\"canonical\" href=\"https:\/\/123-esta.com\/de\/was-es-in-los-angeles-zu-sehen-gibt\/\" \/>\n<meta property=\"og:locale\" content=\"de_DE\" \/>\n<meta property=\"og:type\" content=\"article\" \/>\n<meta property=\"og:title\" content=\"Was kann man w\u00e4hrend eines Aufenthalts in Los Angeles, USA, sehen und unternehmen?\" \/>\n<meta property=\"og:description\" content=\"Informationen \u00fcber die sch\u00f6nsten Ecken, die man in Los Angeles besuchen kann: Rodeo Drive, Sunset Boulevard, Hollywood oder Disneyland.\" \/>\n<meta property=\"og:url\" content=\"https:\/\/123-esta.com\/de\/was-es-in-los-angeles-zu-sehen-gibt\/\" \/>\n<meta property=\"og:site_name\" content=\"Formulaire ESTA pour les USA\" \/>\n<meta property=\"article:modified_time\" content=\"2022-09-23T09:16:37+00:00\" \/>\n<meta name=\"twitter:card\" content=\"summary_large_image\" \/>\n<meta name=\"twitter:label1\" content=\"Gesch\u00e4tzte Lesezeit\" \/>\n\t<meta name=\"twitter:data1\" content=\"3\u00a0Minuten\" \/>\n<script type=\"application\/ld+json\" class=\"yoast-schema-graph\">{\"@context\":\"https:\/\/schema.org\",\"@graph\":[{\"@type\":\"WebPage\",\"@id\":\"https:\/\/123-esta.com\/de\/was-es-in-los-angeles-zu-sehen-gibt\/\",\"url\":\"https:\/\/123-esta.com\/de\/was-es-in-los-angeles-zu-sehen-gibt\/\",\"name\":\"Was kann man w\u00e4hrend eines Aufenthalts in Los Angeles, USA, sehen und unternehmen?\",\"isPartOf\":{\"@id\":\"https:\/\/123-esta.com\/de\/#website\"},\"datePublished\":\"2022-07-27T19:34:28+00:00\",\"dateModified\":\"2022-09-23T09:16:37+00:00\",\"description\":\"Informationen \u00fcber die sch\u00f6nsten Ecken, die man in Los Angeles besuchen kann: Rodeo Drive, Sunset Boulevard, Hollywood oder Disneyland.\",\"inLanguage\":\"de\",\"potentialAction\":[{\"@type\":\"ReadAction\",\"target\":[\"https:\/\/123-esta.com\/de\/was-es-in-los-angeles-zu-sehen-gibt\/\"]}]},{\"@type\":\"WebSite\",\"@id\":\"https:\/\/123-esta.com\/de\/#website\",\"url\":\"https:\/\/123-esta.com\/de\/\",\"name\":\"Formulaire ESTA pour les USA\",\"description\":\"\",\"publisher\":{\"@id\":\"https:\/\/123-esta.com\/de\/#organization\"},\"potentialAction\":[{\"@type\":\"SearchAction\",\"target\":{\"@type\":\"EntryPoint\",\"urlTemplate\":\"https:\/\/123-esta.com\/de\/?s={search_term_string}\"},\"query-input\":{\"@type\":\"PropertyValueSpecification\",\"valueRequired\":true,\"valueName\":\"search_term_string\"}}],\"inLanguage\":\"de\"},{\"@type\":\"Organization\",\"@id\":\"https:\/\/123-esta.com\/de\/#organization\",\"name\":\"Formulaire ESTA pour les USA\",\"url\":\"https:\/\/123-esta.com\/de\/\",\"logo\":{\"@type\":\"ImageObject\",\"inLanguage\":\"de\",\"@id\":\"https:\/\/123-esta.com\/de\/#\/schema\/logo\/image\/\",\"url\":\"https:\/\/123-esta.com\/wp-content\/uploads\/2018\/03\/logo-123-esta.png\",\"contentUrl\":\"https:\/\/123-esta.com\/wp-content\/uploads\/2018\/03\/logo-123-esta.png\",\"width\":191,\"height\":54,\"caption\":\"Formulaire ESTA pour les USA\"},\"image\":{\"@id\":\"https:\/\/123-esta.com\/de\/#\/schema\/logo\/image\/\"}}]}<\/script>\n<!-- \/ Yoast SEO plugin. -->","yoast_head_json":{"title":"Was kann man w\u00e4hrend eines Aufenthalts in Los Angeles, USA, sehen und unternehmen?","description":"Informationen \u00fcber die sch\u00f6nsten Ecken, die man in Los Angeles besuchen kann: Rodeo Drive, Sunset Boulevard, Hollywood oder Disneyland.","robots":{"index":"index","follow":"follow","max-snippet":"max-snippet:-1","max-image-preview":"max-image-preview:large","max-video-preview":"max-video-preview:-1"},"canonical":"https:\/\/123-esta.com\/de\/was-es-in-los-angeles-zu-sehen-gibt\/","og_locale":"de_DE","og_type":"article","og_title":"Was kann man w\u00e4hrend eines Aufenthalts in Los Angeles, USA, sehen und unternehmen?","og_description":"Informationen \u00fcber die sch\u00f6nsten Ecken, die man in Los Angeles besuchen kann: Rodeo Drive, Sunset Boulevard, Hollywood oder Disneyland.","og_url":"https:\/\/123-esta.com\/de\/was-es-in-los-angeles-zu-sehen-gibt\/","og_site_name":"Formulaire ESTA pour les USA","article_modified_time":"2022-09-23T09:16:37+00:00","twitter_card":"summary_large_image","twitter_misc":{"Gesch\u00e4tzte Lesezeit":"3\u00a0Minuten"},"schema":{"@context":"https:\/\/schema.org","@graph":[{"@type":"WebPage","@id":"https:\/\/123-esta.com\/de\/was-es-in-los-angeles-zu-sehen-gibt\/","url":"https:\/\/123-esta.com\/de\/was-es-in-los-angeles-zu-sehen-gibt\/","name":"Was kann man w\u00e4hrend eines Aufenthalts in Los Angeles, USA, sehen und unternehmen?","isPartOf":{"@id":"https:\/\/123-esta.com\/de\/#website"},"datePublished":"2022-07-27T19:34:28+00:00","dateModified":"2022-09-23T09:16:37+00:00","description":"Informationen \u00fcber die sch\u00f6nsten Ecken, die man in Los Angeles besuchen kann: Rodeo Drive, Sunset Boulevard, Hollywood oder Disneyland.","inLanguage":"de","potentialAction":[{"@type":"ReadAction","target":["https:\/\/123-esta.com\/de\/was-es-in-los-angeles-zu-sehen-gibt\/"]}]},{"@type":"WebSite","@id":"https:\/\/123-esta.com\/de\/#website","url":"https:\/\/123-esta.com\/de\/","name":"Formulaire ESTA pour les USA","description":"","publisher":{"@id":"https:\/\/123-esta.com\/de\/#organization"},"potentialAction":[{"@type":"SearchAction","target":{"@type":"EntryPoint","urlTemplate":"https:\/\/123-esta.com\/de\/?s={search_term_string}"},"query-input":{"@type":"PropertyValueSpecification","valueRequired":true,"valueName":"search_term_string"}}],"inLanguage":"de"},{"@type":"Organization","@id":"https:\/\/123-esta.com\/de\/#organization","name":"Formulaire ESTA pour les USA","url":"https:\/\/123-esta.com\/de\/","logo":{"@type":"ImageObject","inLanguage":"de","@id":"https:\/\/123-esta.com\/de\/#\/schema\/logo\/image\/","url":"https:\/\/123-esta.com\/wp-content\/uploads\/2018\/03\/logo-123-esta.png","contentUrl":"https:\/\/123-esta.com\/wp-content\/uploads\/2018\/03\/logo-123-esta.png","width":191,"height":54,"caption":"Formulaire ESTA pour les USA"},"image":{"@id":"https:\/\/123-esta.com\/de\/#\/schema\/logo\/image\/"}}]}},"_links":{"self":[{"href":"https:\/\/123-esta.com\/de\/wp-json\/wp\/v2\/pages\/2325","targetHints":{"allow":["GET"]}}],"collection":[{"href":"https:\/\/123-esta.com\/de\/wp-json\/wp\/v2\/pages"}],"about":[{"href":"https:\/\/123-esta.com\/de\/wp-json\/wp\/v2\/types\/page"}],"author":[{"embeddable":true,"href":"https:\/\/123-esta.com\/de\/wp-json\/wp\/v2\/users\/1"}],"replies":[{"embeddable":true,"href":"https:\/\/123-esta.com\/de\/wp-json\/wp\/v2\/comments?post=2325"}],"version-history":[{"count":0,"href":"https:\/\/123-esta.com\/de\/wp-json\/wp\/v2\/pages\/2325\/revisions"}],"wp:attachment":[{"href":"https:\/\/123-esta.com\/de\/wp-json\/wp\/v2\/media?parent=2325"}],"curies":[{"name":"wp","href":"https:\/\/api.w.org\/{rel}","templated":true}]}}