{"id":2315,"date":"2022-07-27T21:34:26","date_gmt":"2022-07-27T19:34:26","guid":{"rendered":"https:\/\/123-esta.com\/top10-attraktionen-san-fransisco\/"},"modified":"2022-08-23T23:39:41","modified_gmt":"2022-08-23T21:39:41","slug":"top10-attraktionen-san-fransisco","status":"publish","type":"page","link":"https:\/\/123-esta.com\/de\/top10-attraktionen-san-fransisco\/","title":{"rendered":"Die Top 10 der Dinge, die Sie in San Francisco nicht verpassen sollten"},"content":{"rendered":"<p>Wer hat nicht schon einmal davon getr\u00e4umt, nach San Fransisco zu reisen und die legend\u00e4re Golden Gate Bridge mit eigenen Augen zu sehen oder das ber\u00fchmteste Gef\u00e4ngnis der Welt, Alcatraz, zu besuchen? Ein <a href=\"https:\/\/123-esta.com\/de\/was-zu-sehen-und-zu-besuchen-in-kalifornien\/\">Besuch in Kalifornien<\/a> erfordert Zeit, da die St\u00e4dte, die Sie besuchen, die Phantasie anregen.<\/p>\n<p>Wenn Sie nach &#8218;The City of the Bay&#8216; reisen m\u00f6chten, ben\u00f6tigen Sie unbedingt eine ESTA-Genehmigung, wenn Ihr Aufenthalt nicht l\u00e4nger als drei Monate dauert. Wir laden Sie ein, Ihren Antrag direkt auf unserer Website zu stellen. Die gute Nachricht ist, dass die Schritte sehr einfach und schnell sind. Die \u00fcberwiegende Mehrheit der Antr\u00e4ge wird innerhalb von drei Tagen bewilligt, vorausgesetzt, man f\u00fcllt das Formular gut aus und hilft dabei unter anderem mit seinem Reisepass.<\/p>\n<p>Sobald du deine Genehmigung erhalten hast, steht es dir mehr denn je frei, SF zu erkunden, eine Stadt mit vielf\u00e4ltigen und nahezu unendlichen Attraktionen! Da man eine Auswahl treffen muss, haben wir Ihnen drei unverzichtbare Besuche zusammengestellt.<\/p>\n<h2>Die ber\u00fchmte Golden Gate Bridge<\/h2>\n<p> <a href=\"http:\/\/www.goldengatebridge.org\/\">Die ber\u00fchmte Br\u00fccke \u00fcber der Bucht von San Francisco ist einer der mythischsten Orte in den USA<\/a>, den jeder kennt.<\/p>\n<p>Mit einer L\u00e4nge von 2737 Metern wurde er zwischen 1933 und 1937 erbaut und gilt heute als eines der sieben modernen Weltwunder! Sein Erbauer, der Deutsch-Amerikaner Joseph Strauss, ist \u00fcbrigens eine Legende der amerikanischen Geschichte.<\/p>\n<p>Ein Spaziergang ist ein einzigartiges Erlebnis, aber Vorsicht vor H\u00f6henangst: Bei einer H\u00f6he von 67 Metern sp\u00fcrt man, wie es einem in den Bauch f\u00e4hrt, wenn man nach unten schaut!<\/p>\n<h2>Das Gef\u00e4ngnis von Alcatraz<\/h2>\n<p>Das weltweit bekannte Gef\u00e4ngnis Alcatraz, Star von Filmen wie dem legend\u00e4ren &#8218;The Alcatraz Escaped&#8216; mit Clint Eastwood, liegt auf einer kleinen, 2,4 km langen Insel in der Bucht von San Fransisco.<\/p>\n<p>Er ist ein Muss f\u00fcr jeden Touristen, der nach San Francisco reist. Bis 1963 aktiv, war Alcatraz das Gef\u00e4ngnis mit der h\u00f6chsten Sicherheitsstufe im ganzen Land. Der Legende nach ist noch nie ein Gefangener daraus entkommen. Wahrscheinlich wurden deshalb auch sehr bekannte H\u00e4ftlinge wie Al Capone, Henry Young oder Robert Stroud (siehe den gro\u00dfartigen Film &#8218;Birdman of Alcatraz&#8216;) dort eingesperrt.<\/p>\n<p>Alcatraz wird jedes Jahr von mehr als einer Million Touristen besucht. Ein Besuch auf Alcatraz gibt Ihnen einen Einblick in die damaligen Lebensbedingungen der Gefangenen, das Leben der W\u00e4rter etc. Ein unvergesslicher Besuch!<\/p>\n<h2>Das Viertel Chinatown<\/h2>\n<p>Wenn Sie mit Hilfe Ihrer ESTA-Genehmigung schon seit mehreren Wochen in den USA sind, verspricht ein Spaziergang durch Chinatown in San Fransisco einen ber\u00fchmten Kulturschock!<\/p>\n<p>Es ist n\u00e4mlich das gr\u00f6\u00dfte Chinatown der Welt au\u00dferhalb Asiens und hat eine Bev\u00f6lkerung von etwas mehr als 100.000 Menschen aus China und ganz Asien. Bei einem Spaziergang k\u00f6nnen Sie die vielen lokalen Spezialit\u00e4ten probieren, aber Vorsicht: Es kommt oft vor, dass die Einheimischen kein einziges Wort Englisch sprechen! Mandarinkenntnisse w\u00e4ren dort von gro\u00dfem Vorteil!<\/p>\n<h2>Aber auch<\/h2>\n<p>San Fransisco an drei Orten zusammenzufassen ist nat\u00fcrlich ein extremes Minimum! Je nach Geschmack werden sich einige von Ihnen zweifellos von der Fisherman&#8217;s Wharf (dem Fischerkai), dem erhabenen Wolkenkratzer der Transamerica Pyramid, den vielen viktorianischen H\u00e4usern der Stadt usw. angezogen f\u00fchlen.<\/p>\n<p>Angef\u00fchrt von mehreren Sportmannschaften, die in den USA auf h\u00f6chstem Niveau spielen (die 49ers im American Football, die Giants im Baseball und die Warriors im Basketball), ist San Fransisco auch als Stadt mit einer der gr\u00f6\u00dften Schwulengemeinschaften der Welt bekannt, insbesondere in den Stadtteilen Haight-Ashbury und Castro. Kurz gesagt: Es ist f\u00fcr jeden etwas dabei!<\/p>\n","protected":false},"excerpt":{"rendered":"<p>Wer hat nicht schon einmal davon getr\u00e4umt, nach San Fransisco zu reisen und die legend\u00e4re Golden Gate Bridge mit eigenen Augen zu sehen oder das ber\u00fchmteste Gef\u00e4ngnis der Welt, Alcatraz, zu besuchen? Ein Besuch in Kalifornien erfordert Zeit, da die St\u00e4dte, die Sie besuchen, die Phantasie anregen. Wenn Sie nach &#8218;The City of the Bay&#8216; [&hellip;]<\/p>\n","protected":false},"author":1,"featured_media":0,"parent":0,"menu_order":0,"comment_status":"closed","ping_status":"closed","template":"","meta":{"site-sidebar-layout":"default","site-content-layout":"default","ast-site-content-layout":"default","site-content-style":"default","site-sidebar-style":"default","ast-global-header-display":"","ast-banner-title-visibility":"","ast-main-header-display":"","ast-hfb-above-header-display":"","ast-hfb-below-header-display":"","ast-hfb-mobile-header-display":"","site-post-title":"","ast-breadcrumbs-content":"","ast-featured-img":"","footer-sml-layout":"","ast-disable-related-posts":"","theme-transparent-header-meta":"default","adv-header-id-meta":"","stick-header-meta":"default","header-above-stick-meta":"","header-main-stick-meta":"","header-below-stick-meta":"","astra-migrate-meta-layouts":"default","ast-page-background-enabled":"default","ast-page-background-meta":{"desktop":{"background-color":"","background-image":"","background-repeat":"repeat","background-position":"center center","background-size":"auto","background-attachment":"scroll","background-type":"","background-media":"","overlay-type":"","overlay-color":"","overlay-opacity":"","overlay-gradient":""},"tablet":{"background-color":"","background-image":"","background-repeat":"repeat","background-position":"center center","background-size":"auto","background-attachment":"scroll","background-type":"","background-media":"","overlay-type":"","overlay-color":"","overlay-opacity":"","overlay-gradient":""},"mobile":{"background-color":"","background-image":"","background-repeat":"repeat","background-position":"center center","background-size":"auto","background-attachment":"scroll","background-type":"","background-media":"","overlay-type":"","overlay-color":"","overlay-opacity":"","overlay-gradient":""}},"ast-content-background-meta":{"desktop":{"background-color":"var(--ast-global-color-5)","background-image":"","background-repeat":"repeat","background-position":"center center","background-size":"auto","background-attachment":"scroll","background-type":"","background-media":"","overlay-type":"","overlay-color":"","overlay-opacity":"","overlay-gradient":""},"tablet":{"background-color":"var(--ast-global-color-5)","background-image":"","background-repeat":"repeat","background-position":"center center","background-size":"auto","background-attachment":"scroll","background-type":"","background-media":"","overlay-type":"","overlay-color":"","overlay-opacity":"","overlay-gradient":""},"mobile":{"background-color":"var(--ast-global-color-5)","background-image":"","background-repeat":"repeat","background-position":"center center","background-size":"auto","background-attachment":"scroll","background-type":"","background-media":"","overlay-type":"","overlay-color":"","overlay-opacity":"","overlay-gradient":""}},"footnotes":""},"class_list":["post-2315","page","type-page","status-publish","hentry"],"yoast_head":"<!-- This site is optimized with the Yoast SEO plugin v27.1.1 - https:\/\/yoast.com\/product\/yoast-seo-wordpress\/ -->\n<title>Top 10 der Top-Attraktionen in San Francisco<\/title>\n<meta name=\"description\" content=\"San Francisco, eine traumhafte Stadt an der kalifornischen K\u00fcste. M\u00fcssen wir sie noch vorstellen? Golden Gate Bridge, Alcatraz, Fisherman&#039;s Wharf usw.\" \/>\n<meta name=\"robots\" content=\"index, follow, max-snippet:-1, max-image-preview:large, max-video-preview:-1\" \/>\n<link rel=\"canonical\" href=\"https:\/\/123-esta.com\/de\/top10-attraktionen-san-fransisco\/\" \/>\n<meta property=\"og:locale\" content=\"de_DE\" \/>\n<meta property=\"og:type\" content=\"article\" \/>\n<meta property=\"og:title\" content=\"Top 10 der Top-Attraktionen in San Francisco\" \/>\n<meta property=\"og:description\" content=\"San Francisco, eine traumhafte Stadt an der kalifornischen K\u00fcste. M\u00fcssen wir sie noch vorstellen? Golden Gate Bridge, Alcatraz, Fisherman&#039;s Wharf usw.\" \/>\n<meta property=\"og:url\" content=\"https:\/\/123-esta.com\/de\/top10-attraktionen-san-fransisco\/\" \/>\n<meta property=\"og:site_name\" content=\"Formulaire ESTA pour les USA\" \/>\n<meta property=\"article:modified_time\" content=\"2022-08-23T21:39:41+00:00\" \/>\n<meta name=\"twitter:card\" content=\"summary_large_image\" \/>\n<meta name=\"twitter:label1\" content=\"Gesch\u00e4tzte Lesezeit\" \/>\n\t<meta name=\"twitter:data1\" content=\"3\u00a0Minuten\" \/>\n<script type=\"application\/ld+json\" class=\"yoast-schema-graph\">{\"@context\":\"https:\/\/schema.org\",\"@graph\":[{\"@type\":\"WebPage\",\"@id\":\"https:\/\/123-esta.com\/de\/top10-attraktionen-san-fransisco\/\",\"url\":\"https:\/\/123-esta.com\/de\/top10-attraktionen-san-fransisco\/\",\"name\":\"Top 10 der Top-Attraktionen in San Francisco\",\"isPartOf\":{\"@id\":\"https:\/\/123-esta.com\/de\/#website\"},\"datePublished\":\"2022-07-27T19:34:26+00:00\",\"dateModified\":\"2022-08-23T21:39:41+00:00\",\"description\":\"San Francisco, eine traumhafte Stadt an der kalifornischen K\u00fcste. M\u00fcssen wir sie noch vorstellen? Golden Gate Bridge, Alcatraz, Fisherman's Wharf usw.\",\"inLanguage\":\"de\",\"potentialAction\":[{\"@type\":\"ReadAction\",\"target\":[\"https:\/\/123-esta.com\/de\/top10-attraktionen-san-fransisco\/\"]}]},{\"@type\":\"WebSite\",\"@id\":\"https:\/\/123-esta.com\/de\/#website\",\"url\":\"https:\/\/123-esta.com\/de\/\",\"name\":\"Formulaire ESTA pour les USA\",\"description\":\"\",\"publisher\":{\"@id\":\"https:\/\/123-esta.com\/de\/#organization\"},\"potentialAction\":[{\"@type\":\"SearchAction\",\"target\":{\"@type\":\"EntryPoint\",\"urlTemplate\":\"https:\/\/123-esta.com\/de\/?s={search_term_string}\"},\"query-input\":{\"@type\":\"PropertyValueSpecification\",\"valueRequired\":true,\"valueName\":\"search_term_string\"}}],\"inLanguage\":\"de\"},{\"@type\":\"Organization\",\"@id\":\"https:\/\/123-esta.com\/de\/#organization\",\"name\":\"Formulaire ESTA pour les USA\",\"url\":\"https:\/\/123-esta.com\/de\/\",\"logo\":{\"@type\":\"ImageObject\",\"inLanguage\":\"de\",\"@id\":\"https:\/\/123-esta.com\/de\/#\/schema\/logo\/image\/\",\"url\":\"https:\/\/123-esta.com\/wp-content\/uploads\/2018\/03\/logo-123-esta.png\",\"contentUrl\":\"https:\/\/123-esta.com\/wp-content\/uploads\/2018\/03\/logo-123-esta.png\",\"width\":191,\"height\":54,\"caption\":\"Formulaire ESTA pour les USA\"},\"image\":{\"@id\":\"https:\/\/123-esta.com\/de\/#\/schema\/logo\/image\/\"}}]}<\/script>\n<!-- \/ Yoast SEO plugin. -->","yoast_head_json":{"title":"Top 10 der Top-Attraktionen in San Francisco","description":"San Francisco, eine traumhafte Stadt an der kalifornischen K\u00fcste. M\u00fcssen wir sie noch vorstellen? Golden Gate Bridge, Alcatraz, Fisherman's Wharf usw.","robots":{"index":"index","follow":"follow","max-snippet":"max-snippet:-1","max-image-preview":"max-image-preview:large","max-video-preview":"max-video-preview:-1"},"canonical":"https:\/\/123-esta.com\/de\/top10-attraktionen-san-fransisco\/","og_locale":"de_DE","og_type":"article","og_title":"Top 10 der Top-Attraktionen in San Francisco","og_description":"San Francisco, eine traumhafte Stadt an der kalifornischen K\u00fcste. M\u00fcssen wir sie noch vorstellen? Golden Gate Bridge, Alcatraz, Fisherman's Wharf usw.","og_url":"https:\/\/123-esta.com\/de\/top10-attraktionen-san-fransisco\/","og_site_name":"Formulaire ESTA pour les USA","article_modified_time":"2022-08-23T21:39:41+00:00","twitter_card":"summary_large_image","twitter_misc":{"Gesch\u00e4tzte Lesezeit":"3\u00a0Minuten"},"schema":{"@context":"https:\/\/schema.org","@graph":[{"@type":"WebPage","@id":"https:\/\/123-esta.com\/de\/top10-attraktionen-san-fransisco\/","url":"https:\/\/123-esta.com\/de\/top10-attraktionen-san-fransisco\/","name":"Top 10 der Top-Attraktionen in San Francisco","isPartOf":{"@id":"https:\/\/123-esta.com\/de\/#website"},"datePublished":"2022-07-27T19:34:26+00:00","dateModified":"2022-08-23T21:39:41+00:00","description":"San Francisco, eine traumhafte Stadt an der kalifornischen K\u00fcste. M\u00fcssen wir sie noch vorstellen? Golden Gate Bridge, Alcatraz, Fisherman's Wharf usw.","inLanguage":"de","potentialAction":[{"@type":"ReadAction","target":["https:\/\/123-esta.com\/de\/top10-attraktionen-san-fransisco\/"]}]},{"@type":"WebSite","@id":"https:\/\/123-esta.com\/de\/#website","url":"https:\/\/123-esta.com\/de\/","name":"Formulaire ESTA pour les USA","description":"","publisher":{"@id":"https:\/\/123-esta.com\/de\/#organization"},"potentialAction":[{"@type":"SearchAction","target":{"@type":"EntryPoint","urlTemplate":"https:\/\/123-esta.com\/de\/?s={search_term_string}"},"query-input":{"@type":"PropertyValueSpecification","valueRequired":true,"valueName":"search_term_string"}}],"inLanguage":"de"},{"@type":"Organization","@id":"https:\/\/123-esta.com\/de\/#organization","name":"Formulaire ESTA pour les USA","url":"https:\/\/123-esta.com\/de\/","logo":{"@type":"ImageObject","inLanguage":"de","@id":"https:\/\/123-esta.com\/de\/#\/schema\/logo\/image\/","url":"https:\/\/123-esta.com\/wp-content\/uploads\/2018\/03\/logo-123-esta.png","contentUrl":"https:\/\/123-esta.com\/wp-content\/uploads\/2018\/03\/logo-123-esta.png","width":191,"height":54,"caption":"Formulaire ESTA pour les USA"},"image":{"@id":"https:\/\/123-esta.com\/de\/#\/schema\/logo\/image\/"}}]}},"_links":{"self":[{"href":"https:\/\/123-esta.com\/de\/wp-json\/wp\/v2\/pages\/2315","targetHints":{"allow":["GET"]}}],"collection":[{"href":"https:\/\/123-esta.com\/de\/wp-json\/wp\/v2\/pages"}],"about":[{"href":"https:\/\/123-esta.com\/de\/wp-json\/wp\/v2\/types\/page"}],"author":[{"embeddable":true,"href":"https:\/\/123-esta.com\/de\/wp-json\/wp\/v2\/users\/1"}],"replies":[{"embeddable":true,"href":"https:\/\/123-esta.com\/de\/wp-json\/wp\/v2\/comments?post=2315"}],"version-history":[{"count":0,"href":"https:\/\/123-esta.com\/de\/wp-json\/wp\/v2\/pages\/2315\/revisions"}],"wp:attachment":[{"href":"https:\/\/123-esta.com\/de\/wp-json\/wp\/v2\/media?parent=2315"}],"curies":[{"name":"wp","href":"https:\/\/api.w.org\/{rel}","templated":true}]}}