{"id":2311,"date":"2022-07-27T21:34:23","date_gmt":"2022-07-27T19:34:23","guid":{"rendered":"https:\/\/123-esta.com\/top10-besichtigungen-new-york\/"},"modified":"2022-09-19T16:23:13","modified_gmt":"2022-09-19T14:23:13","slug":"top10-besichtigungen-new-york","status":"publish","type":"page","link":"https:\/\/123-esta.com\/de\/top10-besichtigungen-new-york\/","title":{"rendered":"Top 10 Sehensw\u00fcrdigkeiten in New York, die Sie nicht verpassen sollten"},"content":{"rendered":"\n<p>Um in die USA zu reisen, k\u00f6nnen Sie ein Flugzeug oder ein Schiff nehmen und die mythische Stadt New York besuchen!<\/p>\n\n<p>Dazu m\u00fcssen Sie nur einen einfachen elektronischen Antrag auf Genehmigung im Internet stellen, der ESTA genannt wird. Nach der Erteilung des ESTA k\u00f6nnen Sie sich einen unvergesslichen Trip in den Big Apple g\u00f6nnen, und zwar f\u00fcr eine legale Dauer von bis zu 90 Tagen. New York ist mit Abstand die meistbesuchte Stadt der USA und geh\u00f6rt zu den <a href=\"https:\/\/123-esta.com\/de\/besuchen-central-park\/\">Top-Sehensw\u00fcrdigkeiten der USA<\/a>, die jedes Jahr Millionen von Besuchern aus der ganzen Welt anzieht. Werden Sie der N\u00e4chste sein?<\/p>\n\n<h2 class=\"wp-block-heading\">Sehensw\u00fcrdigkeiten in New York: Geheimtipps<\/h2>\n\n<p>Wenn Sie zum ersten Mal nach New York reisen, k\u00f6nnte die Vorbereitung Ihres Besuchsplans sehr wichtig sein, da es so viele Sehensw\u00fcrdigkeiten zu sehen gibt. Es ist daher ratsam, vor der Abreise einen Zeitplan mit den zu besuchenden Orten zu erstellen, um unn\u00f6tige Zeitverluste zu vermeiden.<\/p>\n\n<p>Auf dem empfohlenen Besichtigungsprogramm stehen viele Aktivit\u00e4ten, wie z. B. die Stadt selbst, ihre Museen, Shopping oder Ausfl\u00fcge in Bars oder Nachtclubs. Wenn Sie die Zeit haben, sollten Sie sich unbedingt in der Stadt verlaufen, denn jede Stra\u00dfe kann \u00dcberraschungen bereithalten.<\/p>\n\n<h2 class=\"wp-block-heading\">Gef\u00fchrte Tour durch New York<\/h2>\n\n<p>In New York gibt es so viele interessante Orte, dass es ewig dauern w\u00fcrde, jeden einzelnen davon zu sehen. Besuche von Denkm\u00e4lern, Wassersportaktivit\u00e4ten und Kreuzfahrten, Auff\u00fchrungen, Sportveranstaltungen usw. New York bietet Ihnen eine Vielzahl von Aktivit\u00e4ten. Um Ihnen bei der Auswahl zu helfen, hier einige Ideen:<\/p>\n\n<ul class=\"wp-block-list\"><li>die wichtigsten Sehensw\u00fcrdigkeiten sind die Freiheitsstatue und die Brooklyn Bridge.<\/li><li>eine Helikoptertour bietet Ihnen einen weiten Blick auf die Landschaft Manhattans mit einem ma\u00dfgeschneiderten Budget. Entgegen der landl\u00e4ufigen Meinung sind die Geb\u00fchren nicht so teuer. \u00dcber die Stadt zu fliegen ist ein unvergessliches Erlebnis!<\/li><li>das Rockefeller Center ist ein Komplex aus 19 Gesch\u00e4ftsgeb\u00e4uden, der sich zwischen der 48th und der 51th Street in Manhattan erstreckt. Auf der Spitze des Geb\u00e4udes haben Sie einen unglaublichen Blick \u00fcber die ganze Stadt!<\/li><li>Eines der Wunder von New York City ist Ellis Island, der Ort, an dem viele europ\u00e4ische Einwanderer auf der Suche nach einem besseren Leben in den USA landeten.<\/li><li>wie kann man \u00fcber New York sprechen, ohne den <a href=\"https:\/\/123-esta.com\/de\/besuchen-central-park\/\">Central Park <\/a> zu erw\u00e4hnen?<\/li><\/ul>\n\n<h2 class=\"wp-block-heading\">New York und seine legend\u00e4ren Stra\u00dfen<\/h2>\n\n<p>Die Stra\u00dfen von New York City sind immer bev\u00f6lkert und lebendig, wie der ber\u00fchmte Platz im Herzen von Manhattan, der auch als Cross Road of the World bezeichnet wird. Dieser Ort bietet den Besuchern v\u00f6llig kostenlos ein wahres Licht- und Architekturspektakel.<\/p>\n\n<p>In New York City finden Sie leicht luxuri\u00f6se Hotels und Restaurants mit k\u00f6stlichen Speisen. Eine Aktivit\u00e4t, die wir im November empfehlen, ist die Macy&#8217;s Thanksgiving Day Parade. Es ist ein j\u00e4hrliches Ereignis, das mehr als drei Millionen Besucher anzieht, die von der Parade angezogen werden, die zu diesem Anlass veranstaltet wird.<\/p>\n","protected":false},"excerpt":{"rendered":"<p>Um in die USA zu reisen, k\u00f6nnen Sie ein Flugzeug oder ein Schiff nehmen und die mythische Stadt New York besuchen! Dazu m\u00fcssen Sie nur einen einfachen elektronischen Antrag auf Genehmigung im Internet stellen, der ESTA genannt wird. Nach der Erteilung des ESTA k\u00f6nnen Sie sich einen unvergesslichen Trip in den Big Apple g\u00f6nnen, und [&hellip;]<\/p>\n","protected":false},"author":1,"featured_media":0,"parent":0,"menu_order":0,"comment_status":"closed","ping_status":"closed","template":"","meta":{"site-sidebar-layout":"default","site-content-layout":"default","ast-site-content-layout":"default","site-content-style":"default","site-sidebar-style":"default","ast-global-header-display":"","ast-banner-title-visibility":"","ast-main-header-display":"","ast-hfb-above-header-display":"","ast-hfb-below-header-display":"","ast-hfb-mobile-header-display":"","site-post-title":"","ast-breadcrumbs-content":"","ast-featured-img":"","footer-sml-layout":"","ast-disable-related-posts":"","theme-transparent-header-meta":"default","adv-header-id-meta":"","stick-header-meta":"default","header-above-stick-meta":"","header-main-stick-meta":"","header-below-stick-meta":"","astra-migrate-meta-layouts":"default","ast-page-background-enabled":"default","ast-page-background-meta":{"desktop":{"background-color":"","background-image":"","background-repeat":"repeat","background-position":"center center","background-size":"auto","background-attachment":"scroll","background-type":"","background-media":"","overlay-type":"","overlay-color":"","overlay-opacity":"","overlay-gradient":""},"tablet":{"background-color":"","background-image":"","background-repeat":"repeat","background-position":"center center","background-size":"auto","background-attachment":"scroll","background-type":"","background-media":"","overlay-type":"","overlay-color":"","overlay-opacity":"","overlay-gradient":""},"mobile":{"background-color":"","background-image":"","background-repeat":"repeat","background-position":"center center","background-size":"auto","background-attachment":"scroll","background-type":"","background-media":"","overlay-type":"","overlay-color":"","overlay-opacity":"","overlay-gradient":""}},"ast-content-background-meta":{"desktop":{"background-color":"var(--ast-global-color-5)","background-image":"","background-repeat":"repeat","background-position":"center center","background-size":"auto","background-attachment":"scroll","background-type":"","background-media":"","overlay-type":"","overlay-color":"","overlay-opacity":"","overlay-gradient":""},"tablet":{"background-color":"var(--ast-global-color-5)","background-image":"","background-repeat":"repeat","background-position":"center center","background-size":"auto","background-attachment":"scroll","background-type":"","background-media":"","overlay-type":"","overlay-color":"","overlay-opacity":"","overlay-gradient":""},"mobile":{"background-color":"var(--ast-global-color-5)","background-image":"","background-repeat":"repeat","background-position":"center center","background-size":"auto","background-attachment":"scroll","background-type":"","background-media":"","overlay-type":"","overlay-color":"","overlay-opacity":"","overlay-gradient":""}},"footnotes":""},"class_list":["post-2311","page","type-page","status-publish","hentry"],"yoast_head":"<!-- This site is optimized with the Yoast SEO plugin v27.1.1 - https:\/\/yoast.com\/product\/yoast-seo-wordpress\/ -->\n<title>Unsere Top 10 der Sehensw\u00fcrdigkeiten in New York City<\/title>\n<meta name=\"description\" content=\"Sobald du das ESTA-Formular \u00fcber das Internet erhalten hast, kannst du nach New York und \u00fcberall in den USA reisen.\" \/>\n<meta name=\"robots\" content=\"index, follow, max-snippet:-1, max-image-preview:large, max-video-preview:-1\" \/>\n<link rel=\"canonical\" href=\"https:\/\/123-esta.com\/de\/top10-besichtigungen-new-york\/\" \/>\n<meta property=\"og:locale\" content=\"de_DE\" \/>\n<meta property=\"og:type\" content=\"article\" \/>\n<meta property=\"og:title\" content=\"Unsere Top 10 der Sehensw\u00fcrdigkeiten in New York City\" \/>\n<meta property=\"og:description\" content=\"Sobald du das ESTA-Formular \u00fcber das Internet erhalten hast, kannst du nach New York und \u00fcberall in den USA reisen.\" \/>\n<meta property=\"og:url\" content=\"https:\/\/123-esta.com\/de\/top10-besichtigungen-new-york\/\" \/>\n<meta property=\"og:site_name\" content=\"Formulaire ESTA pour les USA\" \/>\n<meta property=\"article:modified_time\" content=\"2022-09-19T14:23:13+00:00\" \/>\n<meta name=\"twitter:card\" content=\"summary_large_image\" \/>\n<meta name=\"twitter:label1\" content=\"Gesch\u00e4tzte Lesezeit\" \/>\n\t<meta name=\"twitter:data1\" content=\"2\u00a0Minuten\" \/>\n<script type=\"application\/ld+json\" class=\"yoast-schema-graph\">{\"@context\":\"https:\/\/schema.org\",\"@graph\":[{\"@type\":\"WebPage\",\"@id\":\"https:\/\/123-esta.com\/de\/top10-besichtigungen-new-york\/\",\"url\":\"https:\/\/123-esta.com\/de\/top10-besichtigungen-new-york\/\",\"name\":\"Unsere Top 10 der Sehensw\u00fcrdigkeiten in New York City\",\"isPartOf\":{\"@id\":\"https:\/\/123-esta.com\/de\/#website\"},\"datePublished\":\"2022-07-27T19:34:23+00:00\",\"dateModified\":\"2022-09-19T14:23:13+00:00\",\"description\":\"Sobald du das ESTA-Formular \u00fcber das Internet erhalten hast, kannst du nach New York und \u00fcberall in den USA reisen.\",\"inLanguage\":\"de\",\"potentialAction\":[{\"@type\":\"ReadAction\",\"target\":[\"https:\/\/123-esta.com\/de\/top10-besichtigungen-new-york\/\"]}]},{\"@type\":\"WebSite\",\"@id\":\"https:\/\/123-esta.com\/de\/#website\",\"url\":\"https:\/\/123-esta.com\/de\/\",\"name\":\"Formulaire ESTA pour les USA\",\"description\":\"\",\"publisher\":{\"@id\":\"https:\/\/123-esta.com\/de\/#organization\"},\"potentialAction\":[{\"@type\":\"SearchAction\",\"target\":{\"@type\":\"EntryPoint\",\"urlTemplate\":\"https:\/\/123-esta.com\/de\/?s={search_term_string}\"},\"query-input\":{\"@type\":\"PropertyValueSpecification\",\"valueRequired\":true,\"valueName\":\"search_term_string\"}}],\"inLanguage\":\"de\"},{\"@type\":\"Organization\",\"@id\":\"https:\/\/123-esta.com\/de\/#organization\",\"name\":\"Formulaire ESTA pour les USA\",\"url\":\"https:\/\/123-esta.com\/de\/\",\"logo\":{\"@type\":\"ImageObject\",\"inLanguage\":\"de\",\"@id\":\"https:\/\/123-esta.com\/de\/#\/schema\/logo\/image\/\",\"url\":\"https:\/\/123-esta.com\/wp-content\/uploads\/2018\/03\/logo-123-esta.png\",\"contentUrl\":\"https:\/\/123-esta.com\/wp-content\/uploads\/2018\/03\/logo-123-esta.png\",\"width\":191,\"height\":54,\"caption\":\"Formulaire ESTA pour les USA\"},\"image\":{\"@id\":\"https:\/\/123-esta.com\/de\/#\/schema\/logo\/image\/\"}}]}<\/script>\n<!-- \/ Yoast SEO plugin. -->","yoast_head_json":{"title":"Unsere Top 10 der Sehensw\u00fcrdigkeiten in New York City","description":"Sobald du das ESTA-Formular \u00fcber das Internet erhalten hast, kannst du nach New York und \u00fcberall in den USA reisen.","robots":{"index":"index","follow":"follow","max-snippet":"max-snippet:-1","max-image-preview":"max-image-preview:large","max-video-preview":"max-video-preview:-1"},"canonical":"https:\/\/123-esta.com\/de\/top10-besichtigungen-new-york\/","og_locale":"de_DE","og_type":"article","og_title":"Unsere Top 10 der Sehensw\u00fcrdigkeiten in New York City","og_description":"Sobald du das ESTA-Formular \u00fcber das Internet erhalten hast, kannst du nach New York und \u00fcberall in den USA reisen.","og_url":"https:\/\/123-esta.com\/de\/top10-besichtigungen-new-york\/","og_site_name":"Formulaire ESTA pour les USA","article_modified_time":"2022-09-19T14:23:13+00:00","twitter_card":"summary_large_image","twitter_misc":{"Gesch\u00e4tzte Lesezeit":"2\u00a0Minuten"},"schema":{"@context":"https:\/\/schema.org","@graph":[{"@type":"WebPage","@id":"https:\/\/123-esta.com\/de\/top10-besichtigungen-new-york\/","url":"https:\/\/123-esta.com\/de\/top10-besichtigungen-new-york\/","name":"Unsere Top 10 der Sehensw\u00fcrdigkeiten in New York City","isPartOf":{"@id":"https:\/\/123-esta.com\/de\/#website"},"datePublished":"2022-07-27T19:34:23+00:00","dateModified":"2022-09-19T14:23:13+00:00","description":"Sobald du das ESTA-Formular \u00fcber das Internet erhalten hast, kannst du nach New York und \u00fcberall in den USA reisen.","inLanguage":"de","potentialAction":[{"@type":"ReadAction","target":["https:\/\/123-esta.com\/de\/top10-besichtigungen-new-york\/"]}]},{"@type":"WebSite","@id":"https:\/\/123-esta.com\/de\/#website","url":"https:\/\/123-esta.com\/de\/","name":"Formulaire ESTA pour les USA","description":"","publisher":{"@id":"https:\/\/123-esta.com\/de\/#organization"},"potentialAction":[{"@type":"SearchAction","target":{"@type":"EntryPoint","urlTemplate":"https:\/\/123-esta.com\/de\/?s={search_term_string}"},"query-input":{"@type":"PropertyValueSpecification","valueRequired":true,"valueName":"search_term_string"}}],"inLanguage":"de"},{"@type":"Organization","@id":"https:\/\/123-esta.com\/de\/#organization","name":"Formulaire ESTA pour les USA","url":"https:\/\/123-esta.com\/de\/","logo":{"@type":"ImageObject","inLanguage":"de","@id":"https:\/\/123-esta.com\/de\/#\/schema\/logo\/image\/","url":"https:\/\/123-esta.com\/wp-content\/uploads\/2018\/03\/logo-123-esta.png","contentUrl":"https:\/\/123-esta.com\/wp-content\/uploads\/2018\/03\/logo-123-esta.png","width":191,"height":54,"caption":"Formulaire ESTA pour les USA"},"image":{"@id":"https:\/\/123-esta.com\/de\/#\/schema\/logo\/image\/"}}]}},"_links":{"self":[{"href":"https:\/\/123-esta.com\/de\/wp-json\/wp\/v2\/pages\/2311","targetHints":{"allow":["GET"]}}],"collection":[{"href":"https:\/\/123-esta.com\/de\/wp-json\/wp\/v2\/pages"}],"about":[{"href":"https:\/\/123-esta.com\/de\/wp-json\/wp\/v2\/types\/page"}],"author":[{"embeddable":true,"href":"https:\/\/123-esta.com\/de\/wp-json\/wp\/v2\/users\/1"}],"replies":[{"embeddable":true,"href":"https:\/\/123-esta.com\/de\/wp-json\/wp\/v2\/comments?post=2311"}],"version-history":[{"count":0,"href":"https:\/\/123-esta.com\/de\/wp-json\/wp\/v2\/pages\/2311\/revisions"}],"wp:attachment":[{"href":"https:\/\/123-esta.com\/de\/wp-json\/wp\/v2\/media?parent=2311"}],"curies":[{"name":"wp","href":"https:\/\/api.w.org\/{rel}","templated":true}]}}