{"id":2305,"date":"2022-07-27T21:34:22","date_gmt":"2022-07-27T19:34:22","guid":{"rendered":"https:\/\/123-esta.com\/besuchen-central-park\/"},"modified":"2022-09-19T17:24:31","modified_gmt":"2022-09-19T15:24:31","slug":"besuchen-central-park","status":"publish","type":"page","link":"https:\/\/123-esta.com\/de\/besuchen-central-park\/","title":{"rendered":"Besuchen Sie den Central Park &#8211; die Lunge New Yorks"},"content":{"rendered":"\n<p><a href=\"https:\/\/123-esta.com\/de\/top10-besichtigungen-new-york\/\">New York<\/a> ist f\u00fcr so viele Dinge ber\u00fchmt. Sie ist als die meistbesuchte Stadt der Welt bekannt und fasziniert durch ihre Modernit\u00e4t und die kulturelle Vielfalt, die sie bietet. Ihre riesigen Wolkenkratzer beeindrucken und ihre gr\u00f6\u00dfte Gr\u00fcnfl\u00e4che, der Central Parc in Manhattan, hat sich in das Ged\u00e4chtnis und die Herzen derjenigen gebrannt, die sie besucht haben.<\/p>\n\n<p>Von den Parks in den f\u00fcnf Stadtbezirken New Yorks ist der Central Parc der gr\u00f6\u00dfte und bekannteste. Er erstreckt sich \u00fcber eine Fl\u00e4che von 341 Hektar und ist das Ergebnis von 13 Jahren harter Arbeit von Fachleuten und passionierten Landschaftsgestaltern.<\/p>\n\n<p>Der Central Park besteht aus mehreren Elementen, darunter gro\u00dfe Rasenfl\u00e4chen, die bei New Yorker Familien sehr beliebt sind, bunte G\u00e4rten, Wald- und Wildnisgebiete, in denen \u00fcber 280 Vogelarten und ein Dutzend S\u00e4ugetierarten leben, sowie eine Wasserfl\u00e4che, die von einfachen Teichen bis zu gro\u00dfen k\u00fcnstlichen Seen reicht. So wird dieser wundersch\u00f6ne Ort zu Recht als &#8222;Lunge von New York&#8220; bezeichnet.<\/p>\n\n<h2 class=\"wp-block-heading\">Zu welcher Jahreszeit man den Central Park besuchen sollte<\/h2>\n\n<p>Der Central Park ist der Familie, den Sportlern, den Naturliebhabern und allen, die sich nach Ruhe sehnen, gewidmet. Es bietet je nach Jahreszeit verschiedene Auff\u00fchrungen an. Der Park ist w\u00e4hrend des Sommers in Aufruhr, wenn die meisten New Yorker hierher kommen, um sich in der Sonne zu br\u00e4unen oder im Schatten der B\u00e4ume zu entspannen.<\/p>\n\n<p>Die Atmosph\u00e4re ist im Herbst und im Fr\u00fchling fast gleich, au\u00dfer bei der Dekoration, die durch das Farbenspiel der bl\u00fchenden Pflanzen im Fr\u00fchling und der sich im Herbst verf\u00e4rbenden Bl\u00e4tter der B\u00e4ume gepr\u00e4gt ist. Und im Winter, wenn der Schnee es zul\u00e4sst, verwandelt sich der Central Parc in ein echtes Skigebiet, das bei New Yorker Familien beliebt ist. Von Rodeln \u00fcber Langlauf bis hin zum Eislaufen ist alles dabei<\/p>\n\n<h2 class=\"wp-block-heading\">Wie man den Central Park besucht<\/h2>\n\n<p>Ein Besuch zu Fu\u00df oder mit dem Fahrrad ist empfehlenswert. Fahrradverleih ist in den USA allgegenw\u00e4rtig, besonders in den gro\u00dfen St\u00e4dten und touristischen Hotspots des Landes. Wenn Sie den Central Park mit dem Fahrrad durchqueren, k\u00f6nnen Sie die Landschaft besser genie\u00dfen und so viele Orte im Park wie m\u00f6glich erreichen. Man darf nicht vergessen, dass der Central Park riesig ist und sich bis zu 4 km auf einer Fl\u00e4che von 800 m\u00b2 erstreckt.<\/p>\n\n<p>F\u00fcr Paare ist es in der Regel attraktiv, ein Ruderboot zu mieten. Dies ist eine romantischere und originellere Art, den Park zu besuchen und eine sch\u00f6ne Zeit zu zweit zu genie\u00dfen.<\/p>\n\n<p>Man kann leicht Streetfood finden, wo man sich k\u00fchle Getr\u00e4nke kaufen und einen guten Hotdog genie\u00dfen kann. Es gibt sch\u00f6ne Restaurants, in denen man bei einem Getr\u00e4nk sitzen und die sch\u00f6ne Landschaft genie\u00dfen kann. Central Parc ist einfach wundersch\u00f6n.<\/p>\n","protected":false},"excerpt":{"rendered":"<p>New York ist f\u00fcr so viele Dinge ber\u00fchmt. Sie ist als die meistbesuchte Stadt der Welt bekannt und fasziniert durch ihre Modernit\u00e4t und die kulturelle Vielfalt, die sie bietet. Ihre riesigen Wolkenkratzer beeindrucken und ihre gr\u00f6\u00dfte Gr\u00fcnfl\u00e4che, der Central Parc in Manhattan, hat sich in das Ged\u00e4chtnis und die Herzen derjenigen gebrannt, die sie besucht [&hellip;]<\/p>\n","protected":false},"author":1,"featured_media":0,"parent":0,"menu_order":0,"comment_status":"closed","ping_status":"closed","template":"","meta":{"site-sidebar-layout":"default","site-content-layout":"default","ast-site-content-layout":"default","site-content-style":"default","site-sidebar-style":"default","ast-global-header-display":"","ast-banner-title-visibility":"","ast-main-header-display":"","ast-hfb-above-header-display":"","ast-hfb-below-header-display":"","ast-hfb-mobile-header-display":"","site-post-title":"","ast-breadcrumbs-content":"","ast-featured-img":"","footer-sml-layout":"","ast-disable-related-posts":"","theme-transparent-header-meta":"default","adv-header-id-meta":"","stick-header-meta":"default","header-above-stick-meta":"","header-main-stick-meta":"","header-below-stick-meta":"","astra-migrate-meta-layouts":"default","ast-page-background-enabled":"default","ast-page-background-meta":{"desktop":{"background-color":"","background-image":"","background-repeat":"repeat","background-position":"center center","background-size":"auto","background-attachment":"scroll","background-type":"","background-media":"","overlay-type":"","overlay-color":"","overlay-opacity":"","overlay-gradient":""},"tablet":{"background-color":"","background-image":"","background-repeat":"repeat","background-position":"center center","background-size":"auto","background-attachment":"scroll","background-type":"","background-media":"","overlay-type":"","overlay-color":"","overlay-opacity":"","overlay-gradient":""},"mobile":{"background-color":"","background-image":"","background-repeat":"repeat","background-position":"center center","background-size":"auto","background-attachment":"scroll","background-type":"","background-media":"","overlay-type":"","overlay-color":"","overlay-opacity":"","overlay-gradient":""}},"ast-content-background-meta":{"desktop":{"background-color":"var(--ast-global-color-5)","background-image":"","background-repeat":"repeat","background-position":"center center","background-size":"auto","background-attachment":"scroll","background-type":"","background-media":"","overlay-type":"","overlay-color":"","overlay-opacity":"","overlay-gradient":""},"tablet":{"background-color":"var(--ast-global-color-5)","background-image":"","background-repeat":"repeat","background-position":"center center","background-size":"auto","background-attachment":"scroll","background-type":"","background-media":"","overlay-type":"","overlay-color":"","overlay-opacity":"","overlay-gradient":""},"mobile":{"background-color":"var(--ast-global-color-5)","background-image":"","background-repeat":"repeat","background-position":"center center","background-size":"auto","background-attachment":"scroll","background-type":"","background-media":"","overlay-type":"","overlay-color":"","overlay-opacity":"","overlay-gradient":""}},"footnotes":""},"class_list":["post-2305","page","type-page","status-publish","hentry"],"yoast_head":"<!-- This site is optimized with the Yoast SEO plugin v27.1.1 - https:\/\/yoast.com\/product\/yoast-seo-wordpress\/ -->\n<title>Besuchen Sie den Central Park - New Yorks Wahrzeichen<\/title>\n<meta name=\"description\" content=\"Central Park, die Lunge New Yorks. Au\u00dfergew\u00f6hnlicher Ort im Herzen der Stadt, die niemals schl\u00e4ft. Auf keinen Fall verpassen.\" \/>\n<meta name=\"robots\" content=\"index, follow, max-snippet:-1, max-image-preview:large, max-video-preview:-1\" \/>\n<link rel=\"canonical\" href=\"https:\/\/123-esta.com\/de\/besuchen-central-park\/\" \/>\n<meta property=\"og:locale\" content=\"de_DE\" \/>\n<meta property=\"og:type\" content=\"article\" \/>\n<meta property=\"og:title\" content=\"Besuchen Sie den Central Park - New Yorks Wahrzeichen\" \/>\n<meta property=\"og:description\" content=\"Central Park, die Lunge New Yorks. Au\u00dfergew\u00f6hnlicher Ort im Herzen der Stadt, die niemals schl\u00e4ft. Auf keinen Fall verpassen.\" \/>\n<meta property=\"og:url\" content=\"https:\/\/123-esta.com\/de\/besuchen-central-park\/\" \/>\n<meta property=\"og:site_name\" content=\"Formulaire ESTA pour les USA\" \/>\n<meta property=\"article:modified_time\" content=\"2022-09-19T15:24:31+00:00\" \/>\n<meta name=\"twitter:card\" content=\"summary_large_image\" \/>\n<meta name=\"twitter:label1\" content=\"Gesch\u00e4tzte Lesezeit\" \/>\n\t<meta name=\"twitter:data1\" content=\"2\u00a0Minuten\" \/>\n<script type=\"application\/ld+json\" class=\"yoast-schema-graph\">{\"@context\":\"https:\/\/schema.org\",\"@graph\":[{\"@type\":\"WebPage\",\"@id\":\"https:\/\/123-esta.com\/de\/besuchen-central-park\/\",\"url\":\"https:\/\/123-esta.com\/de\/besuchen-central-park\/\",\"name\":\"Besuchen Sie den Central Park - New Yorks Wahrzeichen\",\"isPartOf\":{\"@id\":\"https:\/\/123-esta.com\/de\/#website\"},\"datePublished\":\"2022-07-27T19:34:22+00:00\",\"dateModified\":\"2022-09-19T15:24:31+00:00\",\"description\":\"Central Park, die Lunge New Yorks. Au\u00dfergew\u00f6hnlicher Ort im Herzen der Stadt, die niemals schl\u00e4ft. Auf keinen Fall verpassen.\",\"inLanguage\":\"de\",\"potentialAction\":[{\"@type\":\"ReadAction\",\"target\":[\"https:\/\/123-esta.com\/de\/besuchen-central-park\/\"]}]},{\"@type\":\"WebSite\",\"@id\":\"https:\/\/123-esta.com\/de\/#website\",\"url\":\"https:\/\/123-esta.com\/de\/\",\"name\":\"Formulaire ESTA pour les USA\",\"description\":\"\",\"publisher\":{\"@id\":\"https:\/\/123-esta.com\/de\/#organization\"},\"potentialAction\":[{\"@type\":\"SearchAction\",\"target\":{\"@type\":\"EntryPoint\",\"urlTemplate\":\"https:\/\/123-esta.com\/de\/?s={search_term_string}\"},\"query-input\":{\"@type\":\"PropertyValueSpecification\",\"valueRequired\":true,\"valueName\":\"search_term_string\"}}],\"inLanguage\":\"de\"},{\"@type\":\"Organization\",\"@id\":\"https:\/\/123-esta.com\/de\/#organization\",\"name\":\"Formulaire ESTA pour les USA\",\"url\":\"https:\/\/123-esta.com\/de\/\",\"logo\":{\"@type\":\"ImageObject\",\"inLanguage\":\"de\",\"@id\":\"https:\/\/123-esta.com\/de\/#\/schema\/logo\/image\/\",\"url\":\"https:\/\/123-esta.com\/wp-content\/uploads\/2018\/03\/logo-123-esta.png\",\"contentUrl\":\"https:\/\/123-esta.com\/wp-content\/uploads\/2018\/03\/logo-123-esta.png\",\"width\":191,\"height\":54,\"caption\":\"Formulaire ESTA pour les USA\"},\"image\":{\"@id\":\"https:\/\/123-esta.com\/de\/#\/schema\/logo\/image\/\"}}]}<\/script>\n<!-- \/ Yoast SEO plugin. -->","yoast_head_json":{"title":"Besuchen Sie den Central Park - New Yorks Wahrzeichen","description":"Central Park, die Lunge New Yorks. Au\u00dfergew\u00f6hnlicher Ort im Herzen der Stadt, die niemals schl\u00e4ft. Auf keinen Fall verpassen.","robots":{"index":"index","follow":"follow","max-snippet":"max-snippet:-1","max-image-preview":"max-image-preview:large","max-video-preview":"max-video-preview:-1"},"canonical":"https:\/\/123-esta.com\/de\/besuchen-central-park\/","og_locale":"de_DE","og_type":"article","og_title":"Besuchen Sie den Central Park - New Yorks Wahrzeichen","og_description":"Central Park, die Lunge New Yorks. Au\u00dfergew\u00f6hnlicher Ort im Herzen der Stadt, die niemals schl\u00e4ft. Auf keinen Fall verpassen.","og_url":"https:\/\/123-esta.com\/de\/besuchen-central-park\/","og_site_name":"Formulaire ESTA pour les USA","article_modified_time":"2022-09-19T15:24:31+00:00","twitter_card":"summary_large_image","twitter_misc":{"Gesch\u00e4tzte Lesezeit":"2\u00a0Minuten"},"schema":{"@context":"https:\/\/schema.org","@graph":[{"@type":"WebPage","@id":"https:\/\/123-esta.com\/de\/besuchen-central-park\/","url":"https:\/\/123-esta.com\/de\/besuchen-central-park\/","name":"Besuchen Sie den Central Park - New Yorks Wahrzeichen","isPartOf":{"@id":"https:\/\/123-esta.com\/de\/#website"},"datePublished":"2022-07-27T19:34:22+00:00","dateModified":"2022-09-19T15:24:31+00:00","description":"Central Park, die Lunge New Yorks. Au\u00dfergew\u00f6hnlicher Ort im Herzen der Stadt, die niemals schl\u00e4ft. Auf keinen Fall verpassen.","inLanguage":"de","potentialAction":[{"@type":"ReadAction","target":["https:\/\/123-esta.com\/de\/besuchen-central-park\/"]}]},{"@type":"WebSite","@id":"https:\/\/123-esta.com\/de\/#website","url":"https:\/\/123-esta.com\/de\/","name":"Formulaire ESTA pour les USA","description":"","publisher":{"@id":"https:\/\/123-esta.com\/de\/#organization"},"potentialAction":[{"@type":"SearchAction","target":{"@type":"EntryPoint","urlTemplate":"https:\/\/123-esta.com\/de\/?s={search_term_string}"},"query-input":{"@type":"PropertyValueSpecification","valueRequired":true,"valueName":"search_term_string"}}],"inLanguage":"de"},{"@type":"Organization","@id":"https:\/\/123-esta.com\/de\/#organization","name":"Formulaire ESTA pour les USA","url":"https:\/\/123-esta.com\/de\/","logo":{"@type":"ImageObject","inLanguage":"de","@id":"https:\/\/123-esta.com\/de\/#\/schema\/logo\/image\/","url":"https:\/\/123-esta.com\/wp-content\/uploads\/2018\/03\/logo-123-esta.png","contentUrl":"https:\/\/123-esta.com\/wp-content\/uploads\/2018\/03\/logo-123-esta.png","width":191,"height":54,"caption":"Formulaire ESTA pour les USA"},"image":{"@id":"https:\/\/123-esta.com\/de\/#\/schema\/logo\/image\/"}}]}},"_links":{"self":[{"href":"https:\/\/123-esta.com\/de\/wp-json\/wp\/v2\/pages\/2305","targetHints":{"allow":["GET"]}}],"collection":[{"href":"https:\/\/123-esta.com\/de\/wp-json\/wp\/v2\/pages"}],"about":[{"href":"https:\/\/123-esta.com\/de\/wp-json\/wp\/v2\/types\/page"}],"author":[{"embeddable":true,"href":"https:\/\/123-esta.com\/de\/wp-json\/wp\/v2\/users\/1"}],"replies":[{"embeddable":true,"href":"https:\/\/123-esta.com\/de\/wp-json\/wp\/v2\/comments?post=2305"}],"version-history":[{"count":0,"href":"https:\/\/123-esta.com\/de\/wp-json\/wp\/v2\/pages\/2305\/revisions"}],"wp:attachment":[{"href":"https:\/\/123-esta.com\/de\/wp-json\/wp\/v2\/media?parent=2305"}],"curies":[{"name":"wp","href":"https:\/\/api.w.org\/{rel}","templated":true}]}}