{"id":2300,"date":"2022-07-27T21:34:21","date_gmt":"2022-07-27T19:34:21","guid":{"rendered":"https:\/\/123-esta.com\/luxuskreuzfahrt-in-den-usa\/"},"modified":"2022-09-13T21:03:58","modified_gmt":"2022-09-13T19:03:58","slug":"luxuskreuzfahrt-in-den-usa","status":"publish","type":"page","link":"https:\/\/123-esta.com\/de\/luxuskreuzfahrt-in-den-usa\/","title":{"rendered":"Welche Luxuskreuzfahrt ab den USA ist die richtige Wahl?"},"content":{"rendered":"\n<p>Wenn Sie die M\u00f6glichkeit haben, kann eine Luxuskreuzfahrt ein au\u00dfergew\u00f6hnliches Erlebnis sein! Die meisten Kreuzfahrten dieser Art bieten Ihnen Spa\u00df, viel Abwechslung, Entdeckungen, zahlreiche Zwischenstopps und traumhafte H\u00e4fen. Wenn Sie <a href=\"https:\/\/123-esta.com\/de\/was-in-florida-zu-tun-ist\/\">Florida besuchen<\/a>, haben Sie die Qual der Wahl, was Luxuskreuzfahrten anbelangt.<\/p>\n\n<p>Sie k\u00f6nnen eine Prestigekreuzfahrt mit der Familie, in der Gruppe und\/oder als Liebespaar unternehmen. Viele Unternehmen bieten Luxuskreuzfahrten mit den besten Schiffen, erstklassigen Dienstleistungen und hochmodernen Besatzungen an, um die Reisenden so zufrieden wie m\u00f6glich zu stellen.<\/p>\n\n<p>Es ist heutzutage ein wachsender Markt, der trotz seiner teuren Preise viele Menschen ansprechen kann.<\/p>\n\n<h2 class=\"wp-block-heading\">G\u00fcnstige Angebote und interessante Statistiken<\/h2>\n\n<p>Wenn Sie sich f\u00fcr eine Luxuskreuzfahrt entscheiden, wissen Sie bereits im Voraus, dass Sie zahlreiche Vorteile\/Unterhaltung nach Belieben genie\u00dfen werden.<\/p>\n\n<p>Die Leistungen einer Prestigekreuzfahrt sind hoch qualifiziert. Sie garantieren den Frieden, das Wohlbefinden und den Komfort jedes Passagiers. Es gibt einen Pool, ein Spa, eine unvergleichliche Gastronomie, abwechslungsreiche Speisen und zahlreiche Entspannungsangebote, die es schaffen, selbst die anspruchsvollsten G\u00e4ste zufrieden zu stellen.<\/p>\n\n<p>Laut Zahlen und Studien verschiedener Verb\u00e4nde und spezialisierter Reiseb\u00fcros sind bereits mehr als eine Million Menschen zur Tat geschritten. Die Amerikaner sind die h\u00e4ufigsten Kunden f\u00fcr diese Art von Aktivit\u00e4ten. Sie machen n\u00e4mlich 62% des derzeitigen Marktes aus. Gleichzeitig machen die Europ\u00e4er &#8222;nur&#8220; 27% des Marktes aus. Bleibt noch der Fall der asiatischen Kreuzfahrtschiffe. Noch in einer begrenzten Anzahl vertreten, lassen sich immer mehr von ihnen von einer Luxuskreuzfahrt verf\u00fchren. In einigen Jahren k\u00f6nnte ihre Zahl auf bis zu 30 % des Marktes ansteigen.<\/p>\n\n<h2 class=\"wp-block-heading\">Begeisterung und Lust auf eine erneute Reise mit einer Luxuskreuzfahrt<\/h2>\n\n<p>Wenn Kunden mit ihrer Reise zufrieden sind, m\u00f6chten sie eine neue Erfahrung machen. In vielen F\u00e4llen buchen manche Menschen gleich nach ihrer R\u00fcckkehr auf das Festland ein anderes Reiseziel neu!<\/p>\n\n<p>Meistens kehren sie begeistert von den Angeboten, Dienstleistungen und der Vielfalt der Freizeitm\u00f6glichkeiten zur\u00fcck. Ein Beispiel von vielen: Einige sind begeistert, dass sie ihren Lieblingssport aus\u00fcben k\u00f6nnen, wie zum Beispiel &#8230; Golf! W\u00e4hrend andere von der Vorstellung angezogen werden, noch einen entspannten Abend mit einer hochwertigen internationalen Show erleben zu k\u00f6nnen.<\/p>\n","protected":false},"excerpt":{"rendered":"<p>Wenn Sie die M\u00f6glichkeit haben, kann eine Luxuskreuzfahrt ein au\u00dfergew\u00f6hnliches Erlebnis sein! Die meisten Kreuzfahrten dieser Art bieten Ihnen Spa\u00df, viel Abwechslung, Entdeckungen, zahlreiche Zwischenstopps und traumhafte H\u00e4fen. Wenn Sie Florida besuchen, haben Sie die Qual der Wahl, was Luxuskreuzfahrten anbelangt. Sie k\u00f6nnen eine Prestigekreuzfahrt mit der Familie, in der Gruppe und\/oder als Liebespaar unternehmen. [&hellip;]<\/p>\n","protected":false},"author":1,"featured_media":0,"parent":0,"menu_order":0,"comment_status":"closed","ping_status":"closed","template":"","meta":{"site-sidebar-layout":"default","site-content-layout":"default","ast-site-content-layout":"default","site-content-style":"default","site-sidebar-style":"default","ast-global-header-display":"","ast-banner-title-visibility":"","ast-main-header-display":"","ast-hfb-above-header-display":"","ast-hfb-below-header-display":"","ast-hfb-mobile-header-display":"","site-post-title":"","ast-breadcrumbs-content":"","ast-featured-img":"","footer-sml-layout":"","ast-disable-related-posts":"","theme-transparent-header-meta":"default","adv-header-id-meta":"","stick-header-meta":"default","header-above-stick-meta":"","header-main-stick-meta":"","header-below-stick-meta":"","astra-migrate-meta-layouts":"default","ast-page-background-enabled":"default","ast-page-background-meta":{"desktop":{"background-color":"","background-image":"","background-repeat":"repeat","background-position":"center center","background-size":"auto","background-attachment":"scroll","background-type":"","background-media":"","overlay-type":"","overlay-color":"","overlay-opacity":"","overlay-gradient":""},"tablet":{"background-color":"","background-image":"","background-repeat":"repeat","background-position":"center center","background-size":"auto","background-attachment":"scroll","background-type":"","background-media":"","overlay-type":"","overlay-color":"","overlay-opacity":"","overlay-gradient":""},"mobile":{"background-color":"","background-image":"","background-repeat":"repeat","background-position":"center center","background-size":"auto","background-attachment":"scroll","background-type":"","background-media":"","overlay-type":"","overlay-color":"","overlay-opacity":"","overlay-gradient":""}},"ast-content-background-meta":{"desktop":{"background-color":"var(--ast-global-color-5)","background-image":"","background-repeat":"repeat","background-position":"center center","background-size":"auto","background-attachment":"scroll","background-type":"","background-media":"","overlay-type":"","overlay-color":"","overlay-opacity":"","overlay-gradient":""},"tablet":{"background-color":"var(--ast-global-color-5)","background-image":"","background-repeat":"repeat","background-position":"center center","background-size":"auto","background-attachment":"scroll","background-type":"","background-media":"","overlay-type":"","overlay-color":"","overlay-opacity":"","overlay-gradient":""},"mobile":{"background-color":"var(--ast-global-color-5)","background-image":"","background-repeat":"repeat","background-position":"center center","background-size":"auto","background-attachment":"scroll","background-type":"","background-media":"","overlay-type":"","overlay-color":"","overlay-opacity":"","overlay-gradient":""}},"footnotes":""},"class_list":["post-2300","page","type-page","status-publish","hentry"],"yoast_head":"<!-- This site is optimized with the Yoast SEO plugin v27.1.1 - https:\/\/yoast.com\/product\/yoast-seo-wordpress\/ -->\n<title>Lust auf eine Luxuskreuzfahrt in den USA? Unsere Tipps<\/title>\n<meta name=\"description\" content=\"Eine Luxuskreuzfahrt ist eine au\u00dfergew\u00f6hnliche Art des Reisens. Sie sorgt f\u00fcr viel Abwechslung, Entdeckungen und zahlreiche Zwischenstopps.\" \/>\n<meta name=\"robots\" content=\"index, follow, max-snippet:-1, max-image-preview:large, max-video-preview:-1\" \/>\n<link rel=\"canonical\" href=\"https:\/\/123-esta.com\/de\/luxuskreuzfahrt-in-den-usa\/\" \/>\n<meta property=\"og:locale\" content=\"de_DE\" \/>\n<meta property=\"og:type\" content=\"article\" \/>\n<meta property=\"og:title\" content=\"Lust auf eine Luxuskreuzfahrt in den USA? Unsere Tipps\" \/>\n<meta property=\"og:description\" content=\"Eine Luxuskreuzfahrt ist eine au\u00dfergew\u00f6hnliche Art des Reisens. Sie sorgt f\u00fcr viel Abwechslung, Entdeckungen und zahlreiche Zwischenstopps.\" \/>\n<meta property=\"og:url\" content=\"https:\/\/123-esta.com\/de\/luxuskreuzfahrt-in-den-usa\/\" \/>\n<meta property=\"og:site_name\" content=\"Formulaire ESTA pour les USA\" \/>\n<meta property=\"article:modified_time\" content=\"2022-09-13T19:03:58+00:00\" \/>\n<meta name=\"twitter:card\" content=\"summary_large_image\" \/>\n<meta name=\"twitter:label1\" content=\"Gesch\u00e4tzte Lesezeit\" \/>\n\t<meta name=\"twitter:data1\" content=\"2\u00a0Minuten\" \/>\n<script type=\"application\/ld+json\" class=\"yoast-schema-graph\">{\"@context\":\"https:\/\/schema.org\",\"@graph\":[{\"@type\":\"WebPage\",\"@id\":\"https:\/\/123-esta.com\/de\/luxuskreuzfahrt-in-den-usa\/\",\"url\":\"https:\/\/123-esta.com\/de\/luxuskreuzfahrt-in-den-usa\/\",\"name\":\"Lust auf eine Luxuskreuzfahrt in den USA? Unsere Tipps\",\"isPartOf\":{\"@id\":\"https:\/\/123-esta.com\/de\/#website\"},\"datePublished\":\"2022-07-27T19:34:21+00:00\",\"dateModified\":\"2022-09-13T19:03:58+00:00\",\"description\":\"Eine Luxuskreuzfahrt ist eine au\u00dfergew\u00f6hnliche Art des Reisens. Sie sorgt f\u00fcr viel Abwechslung, Entdeckungen und zahlreiche Zwischenstopps.\",\"inLanguage\":\"de\",\"potentialAction\":[{\"@type\":\"ReadAction\",\"target\":[\"https:\/\/123-esta.com\/de\/luxuskreuzfahrt-in-den-usa\/\"]}]},{\"@type\":\"WebSite\",\"@id\":\"https:\/\/123-esta.com\/de\/#website\",\"url\":\"https:\/\/123-esta.com\/de\/\",\"name\":\"Formulaire ESTA pour les USA\",\"description\":\"\",\"publisher\":{\"@id\":\"https:\/\/123-esta.com\/de\/#organization\"},\"potentialAction\":[{\"@type\":\"SearchAction\",\"target\":{\"@type\":\"EntryPoint\",\"urlTemplate\":\"https:\/\/123-esta.com\/de\/?s={search_term_string}\"},\"query-input\":{\"@type\":\"PropertyValueSpecification\",\"valueRequired\":true,\"valueName\":\"search_term_string\"}}],\"inLanguage\":\"de\"},{\"@type\":\"Organization\",\"@id\":\"https:\/\/123-esta.com\/de\/#organization\",\"name\":\"Formulaire ESTA pour les USA\",\"url\":\"https:\/\/123-esta.com\/de\/\",\"logo\":{\"@type\":\"ImageObject\",\"inLanguage\":\"de\",\"@id\":\"https:\/\/123-esta.com\/de\/#\/schema\/logo\/image\/\",\"url\":\"https:\/\/123-esta.com\/wp-content\/uploads\/2018\/03\/logo-123-esta.png\",\"contentUrl\":\"https:\/\/123-esta.com\/wp-content\/uploads\/2018\/03\/logo-123-esta.png\",\"width\":191,\"height\":54,\"caption\":\"Formulaire ESTA pour les USA\"},\"image\":{\"@id\":\"https:\/\/123-esta.com\/de\/#\/schema\/logo\/image\/\"}}]}<\/script>\n<!-- \/ Yoast SEO plugin. -->","yoast_head_json":{"title":"Lust auf eine Luxuskreuzfahrt in den USA? Unsere Tipps","description":"Eine Luxuskreuzfahrt ist eine au\u00dfergew\u00f6hnliche Art des Reisens. Sie sorgt f\u00fcr viel Abwechslung, Entdeckungen und zahlreiche Zwischenstopps.","robots":{"index":"index","follow":"follow","max-snippet":"max-snippet:-1","max-image-preview":"max-image-preview:large","max-video-preview":"max-video-preview:-1"},"canonical":"https:\/\/123-esta.com\/de\/luxuskreuzfahrt-in-den-usa\/","og_locale":"de_DE","og_type":"article","og_title":"Lust auf eine Luxuskreuzfahrt in den USA? Unsere Tipps","og_description":"Eine Luxuskreuzfahrt ist eine au\u00dfergew\u00f6hnliche Art des Reisens. Sie sorgt f\u00fcr viel Abwechslung, Entdeckungen und zahlreiche Zwischenstopps.","og_url":"https:\/\/123-esta.com\/de\/luxuskreuzfahrt-in-den-usa\/","og_site_name":"Formulaire ESTA pour les USA","article_modified_time":"2022-09-13T19:03:58+00:00","twitter_card":"summary_large_image","twitter_misc":{"Gesch\u00e4tzte Lesezeit":"2\u00a0Minuten"},"schema":{"@context":"https:\/\/schema.org","@graph":[{"@type":"WebPage","@id":"https:\/\/123-esta.com\/de\/luxuskreuzfahrt-in-den-usa\/","url":"https:\/\/123-esta.com\/de\/luxuskreuzfahrt-in-den-usa\/","name":"Lust auf eine Luxuskreuzfahrt in den USA? Unsere Tipps","isPartOf":{"@id":"https:\/\/123-esta.com\/de\/#website"},"datePublished":"2022-07-27T19:34:21+00:00","dateModified":"2022-09-13T19:03:58+00:00","description":"Eine Luxuskreuzfahrt ist eine au\u00dfergew\u00f6hnliche Art des Reisens. Sie sorgt f\u00fcr viel Abwechslung, Entdeckungen und zahlreiche Zwischenstopps.","inLanguage":"de","potentialAction":[{"@type":"ReadAction","target":["https:\/\/123-esta.com\/de\/luxuskreuzfahrt-in-den-usa\/"]}]},{"@type":"WebSite","@id":"https:\/\/123-esta.com\/de\/#website","url":"https:\/\/123-esta.com\/de\/","name":"Formulaire ESTA pour les USA","description":"","publisher":{"@id":"https:\/\/123-esta.com\/de\/#organization"},"potentialAction":[{"@type":"SearchAction","target":{"@type":"EntryPoint","urlTemplate":"https:\/\/123-esta.com\/de\/?s={search_term_string}"},"query-input":{"@type":"PropertyValueSpecification","valueRequired":true,"valueName":"search_term_string"}}],"inLanguage":"de"},{"@type":"Organization","@id":"https:\/\/123-esta.com\/de\/#organization","name":"Formulaire ESTA pour les USA","url":"https:\/\/123-esta.com\/de\/","logo":{"@type":"ImageObject","inLanguage":"de","@id":"https:\/\/123-esta.com\/de\/#\/schema\/logo\/image\/","url":"https:\/\/123-esta.com\/wp-content\/uploads\/2018\/03\/logo-123-esta.png","contentUrl":"https:\/\/123-esta.com\/wp-content\/uploads\/2018\/03\/logo-123-esta.png","width":191,"height":54,"caption":"Formulaire ESTA pour les USA"},"image":{"@id":"https:\/\/123-esta.com\/de\/#\/schema\/logo\/image\/"}}]}},"_links":{"self":[{"href":"https:\/\/123-esta.com\/de\/wp-json\/wp\/v2\/pages\/2300","targetHints":{"allow":["GET"]}}],"collection":[{"href":"https:\/\/123-esta.com\/de\/wp-json\/wp\/v2\/pages"}],"about":[{"href":"https:\/\/123-esta.com\/de\/wp-json\/wp\/v2\/types\/page"}],"author":[{"embeddable":true,"href":"https:\/\/123-esta.com\/de\/wp-json\/wp\/v2\/users\/1"}],"replies":[{"embeddable":true,"href":"https:\/\/123-esta.com\/de\/wp-json\/wp\/v2\/comments?post=2300"}],"version-history":[{"count":0,"href":"https:\/\/123-esta.com\/de\/wp-json\/wp\/v2\/pages\/2300\/revisions"}],"wp:attachment":[{"href":"https:\/\/123-esta.com\/de\/wp-json\/wp\/v2\/media?parent=2300"}],"curies":[{"name":"wp","href":"https:\/\/api.w.org\/{rel}","templated":true}]}}