{"id":2299,"date":"2022-07-27T21:34:21","date_gmt":"2022-07-27T19:34:21","guid":{"rendered":"https:\/\/123-esta.com\/fort-lauderdale-kreuzfahrt\/"},"modified":"2022-08-23T23:20:54","modified_gmt":"2022-08-23T21:20:54","slug":"fort-lauderdale-kreuzfahrt","status":"publish","type":"page","link":"https:\/\/123-esta.com\/de\/fort-lauderdale-kreuzfahrt\/","title":{"rendered":"Fort Lauderdale, Ausgangspunkt f\u00fcr Kreuzfahrten in die Karibik"},"content":{"rendered":"\n<p>Fort Lauderdale liegt im S\u00fcdosten des <a href=\"https:\/\/123-esta.com\/de\/was-in-florida-zu-tun-ist\/\">Bundesstaates Florida<\/a> und ist ein Touristenort mit vielen Sehensw\u00fcrdigkeiten, ideal f\u00fcr den perfekten Start Ihrer Karibik-Kreuzfahrt. Die Stadt, die auch als Venedig Amerikas bezeichnet wird, hat viele Vorteile.<\/p>\n\n<h2 class=\"wp-block-heading\">Die wichtigsten St\u00e4rken der Stadt<\/h2>\n\n<p>Einer der gr\u00f6\u00dften Vorteile dieser Stadt ist ihre Offenheit gegen\u00fcber der Karibik, was sie zu einem beliebten Ausgangspunkt f\u00fcr viele Kreuzfahrten macht. Fort-Lauderdale ist au\u00dferdem weniger als eine Autostunde von Miami mit seinen unglaublichen Str\u00e4nden, dem Latino-Flair und den ber\u00fchmten Partys entfernt. Dennoch sollten Sie sich nicht speziell au\u00dferhalb der Stadt bewegen. Es gibt viele Sehensw\u00fcrdigkeiten vor Ort, die Sie sich ansehen k\u00f6nnen. Wir geben Ihnen unten eine nicht ersch\u00f6pfende Liste.<\/p>\n\n<h2 class=\"wp-block-heading\">Die Kan\u00e4le von Fort Lauderdale<\/h2>\n\n<p>Die Stadt unterscheidet sich von anderen durch zahlreiche Wasserwege auf einer L\u00e4nge von \u00fcber 400 Kilometern. Diese Kan\u00e4le wurden Anfang des 20. Jahrhunderts entworfen, um die urspr\u00fcnglichen Sumpfgebiete zu entw\u00e4ssern und die Stadtentwicklung zu erm\u00f6glichen.<\/p>\n\n<p>Die Kan\u00e4le sind Verkehrswege, die von &#8218;Wasserbussen&#8216; befahren werden, mit denen du eine Stadtrundfahrt machen kannst. Sie k\u00f6nnen vor allem die h\u00fcbschen H\u00e4user und ihre Jachten bewundern. Tats\u00e4chlich liegen in Fort Lauderdale bei einer Bev\u00f6lkerung von knapp 165.000 Einwohnern fast 50.000 Boote in den \u00fcber 100 verf\u00fcgbaren H\u00e4fen vor Anker.<\/p>\n\n<h2 class=\"wp-block-heading\">Das Bonnet House<\/h2>\n\n<p>Das Bonnet House ist eines der historischen H\u00e4user der Stadt, das komplett aus Korallen gebaut wurde und eine einzigartige Sammlung postimpressionistischer Gem\u00e4lde beherbergt. Es ist von einem wundersch\u00f6nen, 14 Hektar gro\u00dfen Park umgeben.<\/p>\n\n<p>Ein Orchideengew\u00e4chshaus und sehr originelle Skulpturen geh\u00f6ren ebenfalls zu den touristischen Highlights dieses Ortes. Von den Freiwilligen des \u00f6rtlichen Vereins werden st\u00e4ndig F\u00fchrungen organisiert.<\/p>\n\n<h2 class=\"wp-block-heading\">Der Strip<\/h2>\n\n<p>Diese lange Allee am Meer liegt zwischen dem Las Olas Boulevard und dem Sunrise Boulevard. Sie ist bekannt f\u00fcr ihre Caf\u00e9s, Hotels und Restaurants, die aufgrund der N\u00e4he zu den sch\u00f6nen Str\u00e4nden der Stadt bei Touristen sehr beliebt sind.<\/p>\n\n<p>Das Bonnet House befindet sich in der N\u00e4he des Strips, wo Sie auch die International Swimming Hall of Fame besuchen k\u00f6nnen, einen Schwimmkomplex, in dem hochrangige Wettk\u00e4mpfe stattfinden und der auch ein Museum enth\u00e4lt, das dem von Michael Phelps geliebten Sport gewidmet ist.<\/p>\n\n<h2 class=\"wp-block-heading\">Die n\u00e4chtliche Atmosph\u00e4re in Fort Lauderdale<\/h2>\n\n<p>Als Hochburg des floridianischen Nachtlebens bietet Ihnen die Stadt die M\u00f6glichkeit, verschiedene Festivit\u00e4ten und andere endlose Abende zu genie\u00dfen.<\/p>\n\n<p>Besonders empfehlenswert ist das Blue Martini, das bei der \u00f6rtlichen trendigen Jugend sehr beliebt ist. Diese Lounge-Bar-Kette ist in ganz Florida vertreten und bietet einen trendigen Stil und ein perfektes Ambiente f\u00fcr diejenigen unter Ihnen, die sich bis in die Nacht hinein austoben m\u00fcssen.<\/p>\n\n<p>Das Smoke Caf\u00e9 ist hingegen f\u00fcr Weinliebhaber geeignet. Mit seinem ged\u00e4mpften Ambiente pr\u00e4sentiert dieser Weinkeller zahlreiche Rebsorten verschiedener Provenienzen sowie ausgezeichnete Zigarren aus Kuba.<\/p>\n","protected":false},"excerpt":{"rendered":"<p>Fort Lauderdale liegt im S\u00fcdosten des Bundesstaates Florida und ist ein Touristenort mit vielen Sehensw\u00fcrdigkeiten, ideal f\u00fcr den perfekten Start Ihrer Karibik-Kreuzfahrt. Die Stadt, die auch als Venedig Amerikas bezeichnet wird, hat viele Vorteile. Die wichtigsten St\u00e4rken der Stadt Einer der gr\u00f6\u00dften Vorteile dieser Stadt ist ihre Offenheit gegen\u00fcber der Karibik, was sie zu einem [&hellip;]<\/p>\n","protected":false},"author":1,"featured_media":0,"parent":0,"menu_order":0,"comment_status":"closed","ping_status":"closed","template":"","meta":{"site-sidebar-layout":"default","site-content-layout":"default","ast-site-content-layout":"default","site-content-style":"default","site-sidebar-style":"default","ast-global-header-display":"","ast-banner-title-visibility":"","ast-main-header-display":"","ast-hfb-above-header-display":"","ast-hfb-below-header-display":"","ast-hfb-mobile-header-display":"","site-post-title":"","ast-breadcrumbs-content":"","ast-featured-img":"","footer-sml-layout":"","ast-disable-related-posts":"","theme-transparent-header-meta":"default","adv-header-id-meta":"","stick-header-meta":"default","header-above-stick-meta":"","header-main-stick-meta":"","header-below-stick-meta":"","astra-migrate-meta-layouts":"default","ast-page-background-enabled":"default","ast-page-background-meta":{"desktop":{"background-color":"","background-image":"","background-repeat":"repeat","background-position":"center center","background-size":"auto","background-attachment":"scroll","background-type":"","background-media":"","overlay-type":"","overlay-color":"","overlay-opacity":"","overlay-gradient":""},"tablet":{"background-color":"","background-image":"","background-repeat":"repeat","background-position":"center center","background-size":"auto","background-attachment":"scroll","background-type":"","background-media":"","overlay-type":"","overlay-color":"","overlay-opacity":"","overlay-gradient":""},"mobile":{"background-color":"","background-image":"","background-repeat":"repeat","background-position":"center center","background-size":"auto","background-attachment":"scroll","background-type":"","background-media":"","overlay-type":"","overlay-color":"","overlay-opacity":"","overlay-gradient":""}},"ast-content-background-meta":{"desktop":{"background-color":"var(--ast-global-color-5)","background-image":"","background-repeat":"repeat","background-position":"center center","background-size":"auto","background-attachment":"scroll","background-type":"","background-media":"","overlay-type":"","overlay-color":"","overlay-opacity":"","overlay-gradient":""},"tablet":{"background-color":"var(--ast-global-color-5)","background-image":"","background-repeat":"repeat","background-position":"center center","background-size":"auto","background-attachment":"scroll","background-type":"","background-media":"","overlay-type":"","overlay-color":"","overlay-opacity":"","overlay-gradient":""},"mobile":{"background-color":"var(--ast-global-color-5)","background-image":"","background-repeat":"repeat","background-position":"center center","background-size":"auto","background-attachment":"scroll","background-type":"","background-media":"","overlay-type":"","overlay-color":"","overlay-opacity":"","overlay-gradient":""}},"footnotes":""},"class_list":["post-2299","page","type-page","status-publish","hentry"],"yoast_head":"<!-- This site is optimized with the Yoast SEO plugin v27.1.1 - https:\/\/yoast.com\/product\/yoast-seo-wordpress\/ -->\n<title>Fort Lauderdale, Ausgangshafen Ihrer Karibikkreuzfahrt<\/title>\n<meta name=\"description\" content=\"Fort Lauderdale, das Venedig Amerikas, ist ein Touristenort mit vielen Attraktionen. Sie ist auch der Ausgangspunkt f\u00fcr Kreuzfahrten.\" \/>\n<meta name=\"robots\" content=\"index, follow, max-snippet:-1, max-image-preview:large, max-video-preview:-1\" \/>\n<link rel=\"canonical\" href=\"https:\/\/123-esta.com\/de\/fort-lauderdale-kreuzfahrt\/\" \/>\n<meta property=\"og:locale\" content=\"de_DE\" \/>\n<meta property=\"og:type\" content=\"article\" \/>\n<meta property=\"og:title\" content=\"Fort Lauderdale, Ausgangshafen Ihrer Karibikkreuzfahrt\" \/>\n<meta property=\"og:description\" content=\"Fort Lauderdale, das Venedig Amerikas, ist ein Touristenort mit vielen Attraktionen. Sie ist auch der Ausgangspunkt f\u00fcr Kreuzfahrten.\" \/>\n<meta property=\"og:url\" content=\"https:\/\/123-esta.com\/de\/fort-lauderdale-kreuzfahrt\/\" \/>\n<meta property=\"og:site_name\" content=\"Formulaire ESTA pour les USA\" \/>\n<meta property=\"article:modified_time\" content=\"2022-08-23T21:20:54+00:00\" \/>\n<meta name=\"twitter:card\" content=\"summary_large_image\" \/>\n<meta name=\"twitter:label1\" content=\"Gesch\u00e4tzte Lesezeit\" \/>\n\t<meta name=\"twitter:data1\" content=\"2\u00a0Minuten\" \/>\n<script type=\"application\/ld+json\" class=\"yoast-schema-graph\">{\"@context\":\"https:\/\/schema.org\",\"@graph\":[{\"@type\":\"WebPage\",\"@id\":\"https:\/\/123-esta.com\/de\/fort-lauderdale-kreuzfahrt\/\",\"url\":\"https:\/\/123-esta.com\/de\/fort-lauderdale-kreuzfahrt\/\",\"name\":\"Fort Lauderdale, Ausgangshafen Ihrer Karibikkreuzfahrt\",\"isPartOf\":{\"@id\":\"https:\/\/123-esta.com\/de\/#website\"},\"datePublished\":\"2022-07-27T19:34:21+00:00\",\"dateModified\":\"2022-08-23T21:20:54+00:00\",\"description\":\"Fort Lauderdale, das Venedig Amerikas, ist ein Touristenort mit vielen Attraktionen. Sie ist auch der Ausgangspunkt f\u00fcr Kreuzfahrten.\",\"inLanguage\":\"de\",\"potentialAction\":[{\"@type\":\"ReadAction\",\"target\":[\"https:\/\/123-esta.com\/de\/fort-lauderdale-kreuzfahrt\/\"]}]},{\"@type\":\"WebSite\",\"@id\":\"https:\/\/123-esta.com\/de\/#website\",\"url\":\"https:\/\/123-esta.com\/de\/\",\"name\":\"Formulaire ESTA pour les USA\",\"description\":\"\",\"publisher\":{\"@id\":\"https:\/\/123-esta.com\/de\/#organization\"},\"potentialAction\":[{\"@type\":\"SearchAction\",\"target\":{\"@type\":\"EntryPoint\",\"urlTemplate\":\"https:\/\/123-esta.com\/de\/?s={search_term_string}\"},\"query-input\":{\"@type\":\"PropertyValueSpecification\",\"valueRequired\":true,\"valueName\":\"search_term_string\"}}],\"inLanguage\":\"de\"},{\"@type\":\"Organization\",\"@id\":\"https:\/\/123-esta.com\/de\/#organization\",\"name\":\"Formulaire ESTA pour les USA\",\"url\":\"https:\/\/123-esta.com\/de\/\",\"logo\":{\"@type\":\"ImageObject\",\"inLanguage\":\"de\",\"@id\":\"https:\/\/123-esta.com\/de\/#\/schema\/logo\/image\/\",\"url\":\"https:\/\/123-esta.com\/wp-content\/uploads\/2018\/03\/logo-123-esta.png\",\"contentUrl\":\"https:\/\/123-esta.com\/wp-content\/uploads\/2018\/03\/logo-123-esta.png\",\"width\":191,\"height\":54,\"caption\":\"Formulaire ESTA pour les USA\"},\"image\":{\"@id\":\"https:\/\/123-esta.com\/de\/#\/schema\/logo\/image\/\"}}]}<\/script>\n<!-- \/ Yoast SEO plugin. -->","yoast_head_json":{"title":"Fort Lauderdale, Ausgangshafen Ihrer Karibikkreuzfahrt","description":"Fort Lauderdale, das Venedig Amerikas, ist ein Touristenort mit vielen Attraktionen. Sie ist auch der Ausgangspunkt f\u00fcr Kreuzfahrten.","robots":{"index":"index","follow":"follow","max-snippet":"max-snippet:-1","max-image-preview":"max-image-preview:large","max-video-preview":"max-video-preview:-1"},"canonical":"https:\/\/123-esta.com\/de\/fort-lauderdale-kreuzfahrt\/","og_locale":"de_DE","og_type":"article","og_title":"Fort Lauderdale, Ausgangshafen Ihrer Karibikkreuzfahrt","og_description":"Fort Lauderdale, das Venedig Amerikas, ist ein Touristenort mit vielen Attraktionen. Sie ist auch der Ausgangspunkt f\u00fcr Kreuzfahrten.","og_url":"https:\/\/123-esta.com\/de\/fort-lauderdale-kreuzfahrt\/","og_site_name":"Formulaire ESTA pour les USA","article_modified_time":"2022-08-23T21:20:54+00:00","twitter_card":"summary_large_image","twitter_misc":{"Gesch\u00e4tzte Lesezeit":"2\u00a0Minuten"},"schema":{"@context":"https:\/\/schema.org","@graph":[{"@type":"WebPage","@id":"https:\/\/123-esta.com\/de\/fort-lauderdale-kreuzfahrt\/","url":"https:\/\/123-esta.com\/de\/fort-lauderdale-kreuzfahrt\/","name":"Fort Lauderdale, Ausgangshafen Ihrer Karibikkreuzfahrt","isPartOf":{"@id":"https:\/\/123-esta.com\/de\/#website"},"datePublished":"2022-07-27T19:34:21+00:00","dateModified":"2022-08-23T21:20:54+00:00","description":"Fort Lauderdale, das Venedig Amerikas, ist ein Touristenort mit vielen Attraktionen. Sie ist auch der Ausgangspunkt f\u00fcr Kreuzfahrten.","inLanguage":"de","potentialAction":[{"@type":"ReadAction","target":["https:\/\/123-esta.com\/de\/fort-lauderdale-kreuzfahrt\/"]}]},{"@type":"WebSite","@id":"https:\/\/123-esta.com\/de\/#website","url":"https:\/\/123-esta.com\/de\/","name":"Formulaire ESTA pour les USA","description":"","publisher":{"@id":"https:\/\/123-esta.com\/de\/#organization"},"potentialAction":[{"@type":"SearchAction","target":{"@type":"EntryPoint","urlTemplate":"https:\/\/123-esta.com\/de\/?s={search_term_string}"},"query-input":{"@type":"PropertyValueSpecification","valueRequired":true,"valueName":"search_term_string"}}],"inLanguage":"de"},{"@type":"Organization","@id":"https:\/\/123-esta.com\/de\/#organization","name":"Formulaire ESTA pour les USA","url":"https:\/\/123-esta.com\/de\/","logo":{"@type":"ImageObject","inLanguage":"de","@id":"https:\/\/123-esta.com\/de\/#\/schema\/logo\/image\/","url":"https:\/\/123-esta.com\/wp-content\/uploads\/2018\/03\/logo-123-esta.png","contentUrl":"https:\/\/123-esta.com\/wp-content\/uploads\/2018\/03\/logo-123-esta.png","width":191,"height":54,"caption":"Formulaire ESTA pour les USA"},"image":{"@id":"https:\/\/123-esta.com\/de\/#\/schema\/logo\/image\/"}}]}},"_links":{"self":[{"href":"https:\/\/123-esta.com\/de\/wp-json\/wp\/v2\/pages\/2299","targetHints":{"allow":["GET"]}}],"collection":[{"href":"https:\/\/123-esta.com\/de\/wp-json\/wp\/v2\/pages"}],"about":[{"href":"https:\/\/123-esta.com\/de\/wp-json\/wp\/v2\/types\/page"}],"author":[{"embeddable":true,"href":"https:\/\/123-esta.com\/de\/wp-json\/wp\/v2\/users\/1"}],"replies":[{"embeddable":true,"href":"https:\/\/123-esta.com\/de\/wp-json\/wp\/v2\/comments?post=2299"}],"version-history":[{"count":0,"href":"https:\/\/123-esta.com\/de\/wp-json\/wp\/v2\/pages\/2299\/revisions"}],"wp:attachment":[{"href":"https:\/\/123-esta.com\/de\/wp-json\/wp\/v2\/media?parent=2299"}],"curies":[{"name":"wp","href":"https:\/\/api.w.org\/{rel}","templated":true}]}}