{"id":2293,"date":"2022-07-27T21:34:19","date_gmt":"2022-07-27T19:34:19","guid":{"rendered":"https:\/\/123-esta.com\/top10-besuche-miami\/"},"modified":"2022-09-01T09:39:58","modified_gmt":"2022-09-01T07:39:58","slug":"top10-besuche-miami","status":"publish","type":"page","link":"https:\/\/123-esta.com\/de\/top10-besuche-miami\/","title":{"rendered":"Unsere Top 10 der Sehensw\u00fcrdigkeiten in Miami"},"content":{"rendered":"\n<p>Wenn Sie zum ersten Mal in Miami sind, werden Sie schnell das enorme touristische Potenzial dieser Stadt erkennen, die untrennbar mit Ihrem <a href=\"https:\/\/123-esta.com\/de\/was-in-florida-zu-tun-ist\/\">Besuch in Florida<\/a> verbunden ist.<\/p>\n\n<p>Mit Ihrem ESTA-Dokument in der Tasche k\u00f6nnen Sie bis zu 90 Tage lang alles, was Miami zu bieten hat, erkunden. Ein Spaziergang am Strand von Miami am Morgen in guter Gesellschaft, ein Museumsbesuch am Nachmittag, ein \u00fcppiges Essen in einem kubanischen Restaurant am Abend und ein n\u00e4chtlicher Ausflug in einen Club. Es gibt unz\u00e4hlige Aktivit\u00e4ten und jeder sollte etwas f\u00fcr sich finden!<\/p>\n\n<h2 class=\"wp-block-heading\">Wo soll Ihr Besuch beginnen?<\/h2>\n\n<p>Ihr Besuch in Miami kann mit der Erkundung von Miami Beach beginnen, das einer der interessantesten und beliebtesten Besuchermagneten ist. In diesem Viertel finden Sie einen palmenges\u00e4umten Strand, der sich \u00fcber mehrere Kilometer erstreckt und zu den ber\u00fchmtesten Orten seiner Art auf der Welt geh\u00f6rt.<\/p>\n\n<p>In der Umgebung finden Sie Terrassenrestaurants mit atemberaubendem Blick auf die Strandpromenade, sehr saubere Parks und nicht zu vergessen die vielen Nachtclubs. Sie k\u00f6nnen auch eine Bootsfahrt vom \u00f6rtlichen Hafen aus genie\u00dfen, Wassersportaktivit\u00e4ten in der Bucht unternehmen oder an einer gef\u00fchrten Tour mit Amphibienfahrzeugen teilnehmen.<\/p>\n\n<h2 class=\"wp-block-heading\">Die f\u00fcnf wichtigsten Sehensw\u00fcrdigkeiten in Miami<\/h2>\n\n<p>Laut den Reisef\u00fchrern hat Miami f\u00fcnf Hauptattraktionen f\u00fcr Touristen zu bieten:<\/p>\n\n<ul class=\"wp-block-list\"><li>Die Art Deco und die n\u00e4chtlichen Beleuchtungen, die Miami Beach zum Funkeln bringen, sowie die hohen Geb\u00e4ude und die vielen Hotels lassen den Besucher nicht gleichg\u00fcltig;<\/li><li>Der legend\u00e4re Ocean Drive am Meer entlang ;<\/li><li>Das World Erotic Art Museum, ein Museum, das Ihnen von Erotik und Kunst erz\u00e4hlt und auch die wichtigsten Aspekte der kulturellen Vielfalt Miamis aufzeigt;<\/li><li>Das New World Center , ein Ort, der durch seine international bekannten Shows ber\u00fchmt geworden ist;<\/li><li>Der Strand von South Beach, ein Ort, an den jedes Jahr Tausende von Besuchern aus aller Herren L\u00e4nder str\u00f6men.<\/li><\/ul>\n\n<h2 class=\"wp-block-heading\">Ein wenig mehr \u00fcber die Stadt Miami und ihre Umgebung<\/h2>\n\n<p>Die Stadt Miami hat insgesamt drei Millionen Einwohner, die sich eine Fl\u00e4che von 6297 km2 teilen. Die oft spanischsprachige Bev\u00f6lkerung lebt in einem der unz\u00e4hligen Viertel von Miami: Coral Gables, Little Havana, Overtown, Coconut Grove, Miami Beach und viele andere. Bemerkenswert ist, dass sich viele dieser Stadtteile auf Inseln befinden, die durch Br\u00fccken miteinander verbunden sind.<\/p>\n\n<p>Miami ist eine lateinamerikanische Stadt (die meisten Hinweise werden immer auf Englisch und Spanisch sein), die f\u00fcr ihre Sandstr\u00e4nde, aber auch f\u00fcr zahlreiche moderne Geb\u00e4ude, soweit das Auge reicht, und ihre kontrastreiche Bev\u00f6lkerung bekannt ist.<\/p>\n\n<p>Mit zahlreichen schicken Hotels und Restaurants, deren Architektur aus einer fast vergessenen Vergangenheit stammt, ist Miami ein beliebtes Gebiet f\u00fcr die amerikanische Film- und Fernsehindustrie. Vielleicht sto\u00dfen Sie bei Ihrem Besuch in Florida auf die Dreharbeiten des einen oder anderen lokalen Blockbusters!<\/p>\n","protected":false},"excerpt":{"rendered":"<p>Wenn Sie zum ersten Mal in Miami sind, werden Sie schnell das enorme touristische Potenzial dieser Stadt erkennen, die untrennbar mit Ihrem Besuch in Florida verbunden ist. Mit Ihrem ESTA-Dokument in der Tasche k\u00f6nnen Sie bis zu 90 Tage lang alles, was Miami zu bieten hat, erkunden. Ein Spaziergang am Strand von Miami am Morgen [&hellip;]<\/p>\n","protected":false},"author":1,"featured_media":0,"parent":0,"menu_order":0,"comment_status":"closed","ping_status":"closed","template":"","meta":{"site-sidebar-layout":"default","site-content-layout":"default","ast-site-content-layout":"default","site-content-style":"default","site-sidebar-style":"default","ast-global-header-display":"","ast-banner-title-visibility":"","ast-main-header-display":"","ast-hfb-above-header-display":"","ast-hfb-below-header-display":"","ast-hfb-mobile-header-display":"","site-post-title":"","ast-breadcrumbs-content":"","ast-featured-img":"","footer-sml-layout":"","ast-disable-related-posts":"","theme-transparent-header-meta":"default","adv-header-id-meta":"","stick-header-meta":"default","header-above-stick-meta":"","header-main-stick-meta":"","header-below-stick-meta":"","astra-migrate-meta-layouts":"default","ast-page-background-enabled":"default","ast-page-background-meta":{"desktop":{"background-color":"","background-image":"","background-repeat":"repeat","background-position":"center center","background-size":"auto","background-attachment":"scroll","background-type":"","background-media":"","overlay-type":"","overlay-color":"","overlay-opacity":"","overlay-gradient":""},"tablet":{"background-color":"","background-image":"","background-repeat":"repeat","background-position":"center center","background-size":"auto","background-attachment":"scroll","background-type":"","background-media":"","overlay-type":"","overlay-color":"","overlay-opacity":"","overlay-gradient":""},"mobile":{"background-color":"","background-image":"","background-repeat":"repeat","background-position":"center center","background-size":"auto","background-attachment":"scroll","background-type":"","background-media":"","overlay-type":"","overlay-color":"","overlay-opacity":"","overlay-gradient":""}},"ast-content-background-meta":{"desktop":{"background-color":"var(--ast-global-color-5)","background-image":"","background-repeat":"repeat","background-position":"center center","background-size":"auto","background-attachment":"scroll","background-type":"","background-media":"","overlay-type":"","overlay-color":"","overlay-opacity":"","overlay-gradient":""},"tablet":{"background-color":"var(--ast-global-color-5)","background-image":"","background-repeat":"repeat","background-position":"center center","background-size":"auto","background-attachment":"scroll","background-type":"","background-media":"","overlay-type":"","overlay-color":"","overlay-opacity":"","overlay-gradient":""},"mobile":{"background-color":"var(--ast-global-color-5)","background-image":"","background-repeat":"repeat","background-position":"center center","background-size":"auto","background-attachment":"scroll","background-type":"","background-media":"","overlay-type":"","overlay-color":"","overlay-opacity":"","overlay-gradient":""}},"footnotes":""},"class_list":["post-2293","page","type-page","status-publish","hentry"],"yoast_head":"<!-- This site is optimized with the Yoast SEO plugin v27.1.1 - https:\/\/yoast.com\/product\/yoast-seo-wordpress\/ -->\n<title>Unsere Top 10 der wichtigsten Sehensw\u00fcrdigkeiten in Miami<\/title>\n<meta name=\"description\" content=\"Vorstellung der 10 Orte, die Sie in Miami nicht verpassen sollten. Vergessen Sie nicht, Ihren ESTA-Antrag zu stellen, damit Sie diese magische Stadt genie\u00dfen k\u00f6nnen.\" \/>\n<meta name=\"robots\" content=\"index, follow, max-snippet:-1, max-image-preview:large, max-video-preview:-1\" \/>\n<link rel=\"canonical\" href=\"https:\/\/123-esta.com\/de\/top10-besuche-miami\/\" \/>\n<meta property=\"og:locale\" content=\"de_DE\" \/>\n<meta property=\"og:type\" content=\"article\" \/>\n<meta property=\"og:title\" content=\"Unsere Top 10 der wichtigsten Sehensw\u00fcrdigkeiten in Miami\" \/>\n<meta property=\"og:description\" content=\"Vorstellung der 10 Orte, die Sie in Miami nicht verpassen sollten. Vergessen Sie nicht, Ihren ESTA-Antrag zu stellen, damit Sie diese magische Stadt genie\u00dfen k\u00f6nnen.\" \/>\n<meta property=\"og:url\" content=\"https:\/\/123-esta.com\/de\/top10-besuche-miami\/\" \/>\n<meta property=\"og:site_name\" content=\"Formulaire ESTA pour les USA\" \/>\n<meta property=\"article:modified_time\" content=\"2022-09-01T07:39:58+00:00\" \/>\n<meta name=\"twitter:card\" content=\"summary_large_image\" \/>\n<meta name=\"twitter:label1\" content=\"Gesch\u00e4tzte Lesezeit\" \/>\n\t<meta name=\"twitter:data1\" content=\"2\u00a0Minuten\" \/>\n<script type=\"application\/ld+json\" class=\"yoast-schema-graph\">{\"@context\":\"https:\/\/schema.org\",\"@graph\":[{\"@type\":\"WebPage\",\"@id\":\"https:\/\/123-esta.com\/de\/top10-besuche-miami\/\",\"url\":\"https:\/\/123-esta.com\/de\/top10-besuche-miami\/\",\"name\":\"Unsere Top 10 der wichtigsten Sehensw\u00fcrdigkeiten in Miami\",\"isPartOf\":{\"@id\":\"https:\/\/123-esta.com\/de\/#website\"},\"datePublished\":\"2022-07-27T19:34:19+00:00\",\"dateModified\":\"2022-09-01T07:39:58+00:00\",\"description\":\"Vorstellung der 10 Orte, die Sie in Miami nicht verpassen sollten. Vergessen Sie nicht, Ihren ESTA-Antrag zu stellen, damit Sie diese magische Stadt genie\u00dfen k\u00f6nnen.\",\"inLanguage\":\"de\",\"potentialAction\":[{\"@type\":\"ReadAction\",\"target\":[\"https:\/\/123-esta.com\/de\/top10-besuche-miami\/\"]}]},{\"@type\":\"WebSite\",\"@id\":\"https:\/\/123-esta.com\/de\/#website\",\"url\":\"https:\/\/123-esta.com\/de\/\",\"name\":\"Formulaire ESTA pour les USA\",\"description\":\"\",\"publisher\":{\"@id\":\"https:\/\/123-esta.com\/de\/#organization\"},\"potentialAction\":[{\"@type\":\"SearchAction\",\"target\":{\"@type\":\"EntryPoint\",\"urlTemplate\":\"https:\/\/123-esta.com\/de\/?s={search_term_string}\"},\"query-input\":{\"@type\":\"PropertyValueSpecification\",\"valueRequired\":true,\"valueName\":\"search_term_string\"}}],\"inLanguage\":\"de\"},{\"@type\":\"Organization\",\"@id\":\"https:\/\/123-esta.com\/de\/#organization\",\"name\":\"Formulaire ESTA pour les USA\",\"url\":\"https:\/\/123-esta.com\/de\/\",\"logo\":{\"@type\":\"ImageObject\",\"inLanguage\":\"de\",\"@id\":\"https:\/\/123-esta.com\/de\/#\/schema\/logo\/image\/\",\"url\":\"https:\/\/123-esta.com\/wp-content\/uploads\/2018\/03\/logo-123-esta.png\",\"contentUrl\":\"https:\/\/123-esta.com\/wp-content\/uploads\/2018\/03\/logo-123-esta.png\",\"width\":191,\"height\":54,\"caption\":\"Formulaire ESTA pour les USA\"},\"image\":{\"@id\":\"https:\/\/123-esta.com\/de\/#\/schema\/logo\/image\/\"}}]}<\/script>\n<!-- \/ Yoast SEO plugin. -->","yoast_head_json":{"title":"Unsere Top 10 der wichtigsten Sehensw\u00fcrdigkeiten in Miami","description":"Vorstellung der 10 Orte, die Sie in Miami nicht verpassen sollten. Vergessen Sie nicht, Ihren ESTA-Antrag zu stellen, damit Sie diese magische Stadt genie\u00dfen k\u00f6nnen.","robots":{"index":"index","follow":"follow","max-snippet":"max-snippet:-1","max-image-preview":"max-image-preview:large","max-video-preview":"max-video-preview:-1"},"canonical":"https:\/\/123-esta.com\/de\/top10-besuche-miami\/","og_locale":"de_DE","og_type":"article","og_title":"Unsere Top 10 der wichtigsten Sehensw\u00fcrdigkeiten in Miami","og_description":"Vorstellung der 10 Orte, die Sie in Miami nicht verpassen sollten. Vergessen Sie nicht, Ihren ESTA-Antrag zu stellen, damit Sie diese magische Stadt genie\u00dfen k\u00f6nnen.","og_url":"https:\/\/123-esta.com\/de\/top10-besuche-miami\/","og_site_name":"Formulaire ESTA pour les USA","article_modified_time":"2022-09-01T07:39:58+00:00","twitter_card":"summary_large_image","twitter_misc":{"Gesch\u00e4tzte Lesezeit":"2\u00a0Minuten"},"schema":{"@context":"https:\/\/schema.org","@graph":[{"@type":"WebPage","@id":"https:\/\/123-esta.com\/de\/top10-besuche-miami\/","url":"https:\/\/123-esta.com\/de\/top10-besuche-miami\/","name":"Unsere Top 10 der wichtigsten Sehensw\u00fcrdigkeiten in Miami","isPartOf":{"@id":"https:\/\/123-esta.com\/de\/#website"},"datePublished":"2022-07-27T19:34:19+00:00","dateModified":"2022-09-01T07:39:58+00:00","description":"Vorstellung der 10 Orte, die Sie in Miami nicht verpassen sollten. Vergessen Sie nicht, Ihren ESTA-Antrag zu stellen, damit Sie diese magische Stadt genie\u00dfen k\u00f6nnen.","inLanguage":"de","potentialAction":[{"@type":"ReadAction","target":["https:\/\/123-esta.com\/de\/top10-besuche-miami\/"]}]},{"@type":"WebSite","@id":"https:\/\/123-esta.com\/de\/#website","url":"https:\/\/123-esta.com\/de\/","name":"Formulaire ESTA pour les USA","description":"","publisher":{"@id":"https:\/\/123-esta.com\/de\/#organization"},"potentialAction":[{"@type":"SearchAction","target":{"@type":"EntryPoint","urlTemplate":"https:\/\/123-esta.com\/de\/?s={search_term_string}"},"query-input":{"@type":"PropertyValueSpecification","valueRequired":true,"valueName":"search_term_string"}}],"inLanguage":"de"},{"@type":"Organization","@id":"https:\/\/123-esta.com\/de\/#organization","name":"Formulaire ESTA pour les USA","url":"https:\/\/123-esta.com\/de\/","logo":{"@type":"ImageObject","inLanguage":"de","@id":"https:\/\/123-esta.com\/de\/#\/schema\/logo\/image\/","url":"https:\/\/123-esta.com\/wp-content\/uploads\/2018\/03\/logo-123-esta.png","contentUrl":"https:\/\/123-esta.com\/wp-content\/uploads\/2018\/03\/logo-123-esta.png","width":191,"height":54,"caption":"Formulaire ESTA pour les USA"},"image":{"@id":"https:\/\/123-esta.com\/de\/#\/schema\/logo\/image\/"}}]}},"_links":{"self":[{"href":"https:\/\/123-esta.com\/de\/wp-json\/wp\/v2\/pages\/2293","targetHints":{"allow":["GET"]}}],"collection":[{"href":"https:\/\/123-esta.com\/de\/wp-json\/wp\/v2\/pages"}],"about":[{"href":"https:\/\/123-esta.com\/de\/wp-json\/wp\/v2\/types\/page"}],"author":[{"embeddable":true,"href":"https:\/\/123-esta.com\/de\/wp-json\/wp\/v2\/users\/1"}],"replies":[{"embeddable":true,"href":"https:\/\/123-esta.com\/de\/wp-json\/wp\/v2\/comments?post=2293"}],"version-history":[{"count":0,"href":"https:\/\/123-esta.com\/de\/wp-json\/wp\/v2\/pages\/2293\/revisions"}],"wp:attachment":[{"href":"https:\/\/123-esta.com\/de\/wp-json\/wp\/v2\/media?parent=2293"}],"curies":[{"name":"wp","href":"https:\/\/api.w.org\/{rel}","templated":true}]}}