{"id":2284,"date":"2022-07-27T21:34:16","date_gmt":"2022-07-27T19:34:16","guid":{"rendered":"https:\/\/123-esta.com\/das-weisse-haus-besuchen\/"},"modified":"2022-09-19T17:46:13","modified_gmt":"2022-09-19T15:46:13","slug":"besuchen-sie-das-weibe-haus-usa","status":"publish","type":"page","link":"https:\/\/123-esta.com\/de\/besuchen-sie-das-weibe-haus-usa\/","title":{"rendered":"Besuchen Sie das Wei\u00dfe Haus, Washington DC"},"content":{"rendered":"\n<p>F\u00fcr diejenigen, die es reizt, ist ein Besuch des Wei\u00dfen Hauses m\u00f6glich und geh\u00f6rt zu den <a href=\"https:\/\/123-esta.com\/de\/stadte-und-regionen-zu-besuchen-in-den-vereinigten-staaten\/\">Sehensw\u00fcrdigkeiten, die man in den USA besichtigen sollte<\/a>. Diese Praxis ist seit Thomas Jefferson im Jahr 1805 erlaubt, als der US-Pr\u00e4sident beschloss, die T\u00fcren des Pr\u00e4sidentenpalastes f\u00fcr die \u00d6ffentlichkeit zu \u00f6ffnen.<\/p>\n\n<h2 class=\"wp-block-heading\">Bereiten Sie Ihre Reise vor und planen Sie einen Besuch<\/h2>\n\n<p>Zun\u00e4chst beginnen Sie mit der Beantragung Ihrer ESTA-Reisegenehmigung. Dieses Dokument ersetzt das normale Visum und ist f\u00fcr diejenigen erforderlich, die f\u00fcr weniger als 90 Tage in die USA einreisen oder durch die USA reisen m\u00f6chten.<\/p>\n\n<p>Planen Sie danach Ihren Besuch in den USA und speziell im Wei\u00dfen Haus. Sie m\u00fcssen mit einer Vorlaufzeit von drei Wochen bis zu f\u00fcnf oder sogar sechs Monaten rechnen, um eine Besuchserlaubnis zu erhalten. Der Antrag wird beim franz\u00f6sischen Konsulat in Washington gestellt. Die Antragsteller werden strengen Ermittlungen unterzogen, die bei den US-Beh\u00f6rden durchgef\u00fchrt werden, um die Antr\u00e4ge zu best\u00e4tigen (was die langwierigen Verfahren erkl\u00e4rt). Die Verfahren sind f\u00fcr alle gleich, und es gibt keine Ausnahmen f\u00fcr US-B\u00fcrger.<\/p>\n\n<h2 class=\"wp-block-heading\">Der Besuch des Wei\u00dfen Hauses<\/h2>\n\n<p>Nach der Ankunft m\u00fcssen die Besucherinnen und Besucher ihren Reisepass mitbringen. W\u00e4hrend des Besuchs sind keine pers\u00f6nlichen Gegenst\u00e4nde erlaubt. Aus Sicherheitsgr\u00fcnden sind auch Telefone und Kameras vom Besuch auszuschlie\u00dfen.<\/p>\n\n<p>Nur wenige R\u00e4ume des Wei\u00dfen Hauses sind f\u00fcr die \u00d6ffentlichkeit zug\u00e4nglich. In der Regel dauert ein Besuch durchschnittlich eine halbe Stunde. W\u00e4hrend des Ausflugs hat der Besucher das Privileg, den Blueroom, den Greenroom, das ber\u00fchmte Oval Office, die East Lounge, in der die im Wei\u00dfen Haus abgehaltenen Pressekonferenzen stattfinden, den Roosevelt Room, den schicken Vermeil Room usw. zu besichtigen. Besuche werden seit den Anschl\u00e4gen vom 11. September nur noch in Gruppen durchgef\u00fchrt.<\/p>\n\n<p>Der vorherige Pr\u00e4sident der Vereinigten Staaten, Barack Obama, erm\u00f6glichte einen virtuellen 360\u00b0-Rundgang durch zwei sch\u00f6ne R\u00e4ume des Wei\u00dfen Hauses. Es handelt sich um sein ehemaliges B\u00fcro, das Oval Office, und den Situation Room, einen der wichtigsten R\u00e4ume, in dem alle wichtigen Fragen der US-Strategie entschieden werden.<\/p>\n\n<p>Ein Besuch im Wei\u00dfen Haus ist eine lohnende Erfahrung, die Sie bei Ihrem Aufenthalt in den USA machen sollten.<\/p>\n","protected":false},"excerpt":{"rendered":"<p>F\u00fcr diejenigen, die es reizt, ist ein Besuch des Wei\u00dfen Hauses m\u00f6glich und geh\u00f6rt zu den Sehensw\u00fcrdigkeiten, die man in den USA besichtigen sollte. Diese Praxis ist seit Thomas Jefferson im Jahr 1805 erlaubt, als der US-Pr\u00e4sident beschloss, die T\u00fcren des Pr\u00e4sidentenpalastes f\u00fcr die \u00d6ffentlichkeit zu \u00f6ffnen. Bereiten Sie Ihre Reise vor und planen Sie [&hellip;]<\/p>\n","protected":false},"author":1,"featured_media":0,"parent":0,"menu_order":0,"comment_status":"closed","ping_status":"closed","template":"","meta":{"site-sidebar-layout":"default","site-content-layout":"default","ast-site-content-layout":"default","site-content-style":"default","site-sidebar-style":"default","ast-global-header-display":"","ast-banner-title-visibility":"","ast-main-header-display":"","ast-hfb-above-header-display":"","ast-hfb-below-header-display":"","ast-hfb-mobile-header-display":"","site-post-title":"","ast-breadcrumbs-content":"","ast-featured-img":"","footer-sml-layout":"","ast-disable-related-posts":"","theme-transparent-header-meta":"default","adv-header-id-meta":"","stick-header-meta":"default","header-above-stick-meta":"","header-main-stick-meta":"","header-below-stick-meta":"","astra-migrate-meta-layouts":"default","ast-page-background-enabled":"default","ast-page-background-meta":{"desktop":{"background-color":"","background-image":"","background-repeat":"repeat","background-position":"center center","background-size":"auto","background-attachment":"scroll","background-type":"","background-media":"","overlay-type":"","overlay-color":"","overlay-opacity":"","overlay-gradient":""},"tablet":{"background-color":"","background-image":"","background-repeat":"repeat","background-position":"center center","background-size":"auto","background-attachment":"scroll","background-type":"","background-media":"","overlay-type":"","overlay-color":"","overlay-opacity":"","overlay-gradient":""},"mobile":{"background-color":"","background-image":"","background-repeat":"repeat","background-position":"center center","background-size":"auto","background-attachment":"scroll","background-type":"","background-media":"","overlay-type":"","overlay-color":"","overlay-opacity":"","overlay-gradient":""}},"ast-content-background-meta":{"desktop":{"background-color":"var(--ast-global-color-5)","background-image":"","background-repeat":"repeat","background-position":"center center","background-size":"auto","background-attachment":"scroll","background-type":"","background-media":"","overlay-type":"","overlay-color":"","overlay-opacity":"","overlay-gradient":""},"tablet":{"background-color":"var(--ast-global-color-5)","background-image":"","background-repeat":"repeat","background-position":"center center","background-size":"auto","background-attachment":"scroll","background-type":"","background-media":"","overlay-type":"","overlay-color":"","overlay-opacity":"","overlay-gradient":""},"mobile":{"background-color":"var(--ast-global-color-5)","background-image":"","background-repeat":"repeat","background-position":"center center","background-size":"auto","background-attachment":"scroll","background-type":"","background-media":"","overlay-type":"","overlay-color":"","overlay-opacity":"","overlay-gradient":""}},"footnotes":""},"class_list":["post-2284","page","type-page","status-publish","hentry"],"yoast_head":"<!-- This site is optimized with the Yoast SEO plugin v27.1.1 - https:\/\/yoast.com\/product\/yoast-seo-wordpress\/ -->\n<title>Besuchen Sie bei Ihrem Aufenthalt in Washington das Wei\u00dfe Haus<\/title>\n<meta name=\"description\" content=\"Das Wei\u00dfe Haus, das Symbol der Vereinigten Staaten, ist unter bestimmten Bedingungen f\u00fcr die \u00d6ffentlichkeit zug\u00e4nglich. Hier finden Sie alle unsere Informationen f\u00fcr einen unvergesslichen Besuch.\" \/>\n<meta name=\"robots\" content=\"index, follow, max-snippet:-1, max-image-preview:large, max-video-preview:-1\" \/>\n<link rel=\"canonical\" href=\"https:\/\/123-esta.com\/de\/besuchen-sie-das-weibe-haus-usa\/\" \/>\n<meta property=\"og:locale\" content=\"de_DE\" \/>\n<meta property=\"og:type\" content=\"article\" \/>\n<meta property=\"og:title\" content=\"Besuchen Sie bei Ihrem Aufenthalt in Washington das Wei\u00dfe Haus\" \/>\n<meta property=\"og:description\" content=\"Das Wei\u00dfe Haus, das Symbol der Vereinigten Staaten, ist unter bestimmten Bedingungen f\u00fcr die \u00d6ffentlichkeit zug\u00e4nglich. Hier finden Sie alle unsere Informationen f\u00fcr einen unvergesslichen Besuch.\" \/>\n<meta property=\"og:url\" content=\"https:\/\/123-esta.com\/de\/besuchen-sie-das-weibe-haus-usa\/\" \/>\n<meta property=\"og:site_name\" content=\"Formulaire ESTA pour les USA\" \/>\n<meta property=\"article:modified_time\" content=\"2022-09-19T15:46:13+00:00\" \/>\n<meta name=\"twitter:card\" content=\"summary_large_image\" \/>\n<meta name=\"twitter:label1\" content=\"Gesch\u00e4tzte Lesezeit\" \/>\n\t<meta name=\"twitter:data1\" content=\"2\u00a0Minuten\" \/>\n<script type=\"application\/ld+json\" class=\"yoast-schema-graph\">{\"@context\":\"https:\/\/schema.org\",\"@graph\":[{\"@type\":\"WebPage\",\"@id\":\"https:\/\/123-esta.com\/de\/besuchen-sie-das-weibe-haus-usa\/\",\"url\":\"https:\/\/123-esta.com\/de\/besuchen-sie-das-weibe-haus-usa\/\",\"name\":\"Besuchen Sie bei Ihrem Aufenthalt in Washington das Wei\u00dfe Haus\",\"isPartOf\":{\"@id\":\"https:\/\/123-esta.com\/de\/#website\"},\"datePublished\":\"2022-07-27T19:34:16+00:00\",\"dateModified\":\"2022-09-19T15:46:13+00:00\",\"description\":\"Das Wei\u00dfe Haus, das Symbol der Vereinigten Staaten, ist unter bestimmten Bedingungen f\u00fcr die \u00d6ffentlichkeit zug\u00e4nglich. Hier finden Sie alle unsere Informationen f\u00fcr einen unvergesslichen Besuch.\",\"inLanguage\":\"de\",\"potentialAction\":[{\"@type\":\"ReadAction\",\"target\":[\"https:\/\/123-esta.com\/de\/besuchen-sie-das-weibe-haus-usa\/\"]}]},{\"@type\":\"WebSite\",\"@id\":\"https:\/\/123-esta.com\/de\/#website\",\"url\":\"https:\/\/123-esta.com\/de\/\",\"name\":\"Formulaire ESTA pour les USA\",\"description\":\"\",\"publisher\":{\"@id\":\"https:\/\/123-esta.com\/de\/#organization\"},\"potentialAction\":[{\"@type\":\"SearchAction\",\"target\":{\"@type\":\"EntryPoint\",\"urlTemplate\":\"https:\/\/123-esta.com\/de\/?s={search_term_string}\"},\"query-input\":{\"@type\":\"PropertyValueSpecification\",\"valueRequired\":true,\"valueName\":\"search_term_string\"}}],\"inLanguage\":\"de\"},{\"@type\":\"Organization\",\"@id\":\"https:\/\/123-esta.com\/de\/#organization\",\"name\":\"Formulaire ESTA pour les USA\",\"url\":\"https:\/\/123-esta.com\/de\/\",\"logo\":{\"@type\":\"ImageObject\",\"inLanguage\":\"de\",\"@id\":\"https:\/\/123-esta.com\/de\/#\/schema\/logo\/image\/\",\"url\":\"https:\/\/123-esta.com\/wp-content\/uploads\/2018\/03\/logo-123-esta.png\",\"contentUrl\":\"https:\/\/123-esta.com\/wp-content\/uploads\/2018\/03\/logo-123-esta.png\",\"width\":191,\"height\":54,\"caption\":\"Formulaire ESTA pour les USA\"},\"image\":{\"@id\":\"https:\/\/123-esta.com\/de\/#\/schema\/logo\/image\/\"}}]}<\/script>\n<!-- \/ Yoast SEO plugin. -->","yoast_head_json":{"title":"Besuchen Sie bei Ihrem Aufenthalt in Washington das Wei\u00dfe Haus","description":"Das Wei\u00dfe Haus, das Symbol der Vereinigten Staaten, ist unter bestimmten Bedingungen f\u00fcr die \u00d6ffentlichkeit zug\u00e4nglich. Hier finden Sie alle unsere Informationen f\u00fcr einen unvergesslichen Besuch.","robots":{"index":"index","follow":"follow","max-snippet":"max-snippet:-1","max-image-preview":"max-image-preview:large","max-video-preview":"max-video-preview:-1"},"canonical":"https:\/\/123-esta.com\/de\/besuchen-sie-das-weibe-haus-usa\/","og_locale":"de_DE","og_type":"article","og_title":"Besuchen Sie bei Ihrem Aufenthalt in Washington das Wei\u00dfe Haus","og_description":"Das Wei\u00dfe Haus, das Symbol der Vereinigten Staaten, ist unter bestimmten Bedingungen f\u00fcr die \u00d6ffentlichkeit zug\u00e4nglich. Hier finden Sie alle unsere Informationen f\u00fcr einen unvergesslichen Besuch.","og_url":"https:\/\/123-esta.com\/de\/besuchen-sie-das-weibe-haus-usa\/","og_site_name":"Formulaire ESTA pour les USA","article_modified_time":"2022-09-19T15:46:13+00:00","twitter_card":"summary_large_image","twitter_misc":{"Gesch\u00e4tzte Lesezeit":"2\u00a0Minuten"},"schema":{"@context":"https:\/\/schema.org","@graph":[{"@type":"WebPage","@id":"https:\/\/123-esta.com\/de\/besuchen-sie-das-weibe-haus-usa\/","url":"https:\/\/123-esta.com\/de\/besuchen-sie-das-weibe-haus-usa\/","name":"Besuchen Sie bei Ihrem Aufenthalt in Washington das Wei\u00dfe Haus","isPartOf":{"@id":"https:\/\/123-esta.com\/de\/#website"},"datePublished":"2022-07-27T19:34:16+00:00","dateModified":"2022-09-19T15:46:13+00:00","description":"Das Wei\u00dfe Haus, das Symbol der Vereinigten Staaten, ist unter bestimmten Bedingungen f\u00fcr die \u00d6ffentlichkeit zug\u00e4nglich. Hier finden Sie alle unsere Informationen f\u00fcr einen unvergesslichen Besuch.","inLanguage":"de","potentialAction":[{"@type":"ReadAction","target":["https:\/\/123-esta.com\/de\/besuchen-sie-das-weibe-haus-usa\/"]}]},{"@type":"WebSite","@id":"https:\/\/123-esta.com\/de\/#website","url":"https:\/\/123-esta.com\/de\/","name":"Formulaire ESTA pour les USA","description":"","publisher":{"@id":"https:\/\/123-esta.com\/de\/#organization"},"potentialAction":[{"@type":"SearchAction","target":{"@type":"EntryPoint","urlTemplate":"https:\/\/123-esta.com\/de\/?s={search_term_string}"},"query-input":{"@type":"PropertyValueSpecification","valueRequired":true,"valueName":"search_term_string"}}],"inLanguage":"de"},{"@type":"Organization","@id":"https:\/\/123-esta.com\/de\/#organization","name":"Formulaire ESTA pour les USA","url":"https:\/\/123-esta.com\/de\/","logo":{"@type":"ImageObject","inLanguage":"de","@id":"https:\/\/123-esta.com\/de\/#\/schema\/logo\/image\/","url":"https:\/\/123-esta.com\/wp-content\/uploads\/2018\/03\/logo-123-esta.png","contentUrl":"https:\/\/123-esta.com\/wp-content\/uploads\/2018\/03\/logo-123-esta.png","width":191,"height":54,"caption":"Formulaire ESTA pour les USA"},"image":{"@id":"https:\/\/123-esta.com\/de\/#\/schema\/logo\/image\/"}}]}},"_links":{"self":[{"href":"https:\/\/123-esta.com\/de\/wp-json\/wp\/v2\/pages\/2284","targetHints":{"allow":["GET"]}}],"collection":[{"href":"https:\/\/123-esta.com\/de\/wp-json\/wp\/v2\/pages"}],"about":[{"href":"https:\/\/123-esta.com\/de\/wp-json\/wp\/v2\/types\/page"}],"author":[{"embeddable":true,"href":"https:\/\/123-esta.com\/de\/wp-json\/wp\/v2\/users\/1"}],"replies":[{"embeddable":true,"href":"https:\/\/123-esta.com\/de\/wp-json\/wp\/v2\/comments?post=2284"}],"version-history":[{"count":0,"href":"https:\/\/123-esta.com\/de\/wp-json\/wp\/v2\/pages\/2284\/revisions"}],"wp:attachment":[{"href":"https:\/\/123-esta.com\/de\/wp-json\/wp\/v2\/media?parent=2284"}],"curies":[{"name":"wp","href":"https:\/\/api.w.org\/{rel}","templated":true}]}}