{"id":2281,"date":"2022-07-27T21:34:16","date_gmt":"2022-07-27T19:34:16","guid":{"rendered":"https:\/\/123-esta.com\/straende-united-states\/"},"modified":"2022-09-13T23:24:35","modified_gmt":"2022-09-13T21:24:35","slug":"die-strande-der-vereinigten-staaten","status":"publish","type":"page","link":"https:\/\/123-esta.com\/de\/die-strande-der-vereinigten-staaten\/","title":{"rendered":"Welches sind die sch\u00f6nsten Str\u00e4nde der USA?"},"content":{"rendered":"\n<p>Es ist schwierig, eine vollst\u00e4ndige Liste der amerikanischen Str\u00e4nde zu erstellen, so <a href=\"https:\/\/123-esta.com\/de\/was-zu-sehen-und-zu-besuchen-in-den-vereinigten-staaten\/\">viele Orte gibt es in den USA zu besuchen<\/a>. In diesem Artikel wollen wir lediglich versuchen, Ihnen einen \u00dcberblick \u00fcber die bekanntesten Str\u00e4nde zu geben, in der Hoffnung, dass Sie sich dadurch eine zeitraubende Suche ersparen k\u00f6nnen.<\/p>\n\n<p>An &#8222;sch\u00f6nen&#8220; Str\u00e4nden mangelt es in den USA nicht. Nicht weniger als 19.000 km K\u00fcste mit Str\u00e4nden, die zum Baden geeignet sind, und solchen, die es nicht sind. Man k\u00f6nnte sogar eine Top-10-Liste der besten Str\u00e4nde in jedem Bundesstaat der USA aufstellen (die, die nicht an der K\u00fcste liegen, nat\u00fcrlich).<\/p>\n\n<p>Die Amerikaner haben einen Experten namens Stephen P. Leatherman, genannt Dr. Beach, der die sch\u00f6nsten Str\u00e4nde im ganzen Land nach verschiedenen Kriterien wie Sch\u00f6nheit des Strandes, Sand, Temperatur, Qualit\u00e4t der Infrastruktur usw. bewertet. Ja, bei ihnen ist nicht zu spa\u00dfen!<\/p>\n\n<h2 class=\"wp-block-heading\">Die ber\u00fchmtesten Str\u00e4nde der USA<\/h2>\n\n<p>Unter den 50 Bundesstaaten der USA steht Hawaii an erster Stelle, wenn es darum geht, die sch\u00f6nsten Str\u00e4nde des Landes zusammenzutragen. Der Hanauma Bay Beach Park auf der Insel Oahu wurde sogar zum &#8222;besten Strand&#8220; der USA f\u00fcr das Jahr 2016 gew\u00e4hlt.<\/p>\n\n<p>Hier gibt es alles, was das Herz begehrt: blauer Himmel, wei\u00dfer Sand, Kokospalmen und ruhiges Meer; und das alles in einer nat\u00fcrlichen und gr\u00fcnen Umgebung. Tauchen und Schnorcheln sind hier aufgrund der Qualit\u00e4t und Klarheit des Meeres sowie des von bunten Fischen bev\u00f6lkerten Korallenriffs sehr beliebt. Auch in Hawaii gibt es einige ehrenvolle Erw\u00e4hnungen wie die Kapalua Bay und North Shore Oahu, die einen Besuch wert sind.<\/p>\n\n<p>In Florida gibt es drei interessante Str\u00e4nde, darunter der Caladesi Island State Park, der Siesta Beach und der Langdon Beach. Dort zeichnen sich die Str\u00e4nde durch kristallklares Meer sowie weichen wei\u00dfen Sand aus. Sie sind ideal zum Baden.<\/p>\n\n<p>In Kalifornien gibt es auch viele ber\u00fchmte Str\u00e4nde, wie den ber\u00fchmten Malibu Beach, Venice Beach, Laguna Beach und andere.<\/p>\n\n<h2 class=\"wp-block-heading\">Wann sollte man dorthin gehen?<\/h2>\n\n<p>Ideal ist eine Reise von Juli bis September. Die Str\u00e4nde sind wegen des guten Wetters viel st\u00e4rker besucht. In den USA f\u00e4llt diese Zeit in die touristische Hochsaison und Sie sollten aufgrund der steigenden Preise ein Mindestbudget einplanen.<\/p>\n","protected":false},"excerpt":{"rendered":"<p>Es ist schwierig, eine vollst\u00e4ndige Liste der amerikanischen Str\u00e4nde zu erstellen, so viele Orte gibt es in den USA zu besuchen. In diesem Artikel wollen wir lediglich versuchen, Ihnen einen \u00dcberblick \u00fcber die bekanntesten Str\u00e4nde zu geben, in der Hoffnung, dass Sie sich dadurch eine zeitraubende Suche ersparen k\u00f6nnen. An &#8222;sch\u00f6nen&#8220; Str\u00e4nden mangelt es in [&hellip;]<\/p>\n","protected":false},"author":1,"featured_media":0,"parent":0,"menu_order":0,"comment_status":"closed","ping_status":"closed","template":"","meta":{"site-sidebar-layout":"default","site-content-layout":"default","ast-site-content-layout":"default","site-content-style":"default","site-sidebar-style":"default","ast-global-header-display":"","ast-banner-title-visibility":"","ast-main-header-display":"","ast-hfb-above-header-display":"","ast-hfb-below-header-display":"","ast-hfb-mobile-header-display":"","site-post-title":"","ast-breadcrumbs-content":"","ast-featured-img":"","footer-sml-layout":"","ast-disable-related-posts":"","theme-transparent-header-meta":"default","adv-header-id-meta":"","stick-header-meta":"default","header-above-stick-meta":"","header-main-stick-meta":"","header-below-stick-meta":"","astra-migrate-meta-layouts":"default","ast-page-background-enabled":"default","ast-page-background-meta":{"desktop":{"background-color":"","background-image":"","background-repeat":"repeat","background-position":"center center","background-size":"auto","background-attachment":"scroll","background-type":"","background-media":"","overlay-type":"","overlay-color":"","overlay-opacity":"","overlay-gradient":""},"tablet":{"background-color":"","background-image":"","background-repeat":"repeat","background-position":"center center","background-size":"auto","background-attachment":"scroll","background-type":"","background-media":"","overlay-type":"","overlay-color":"","overlay-opacity":"","overlay-gradient":""},"mobile":{"background-color":"","background-image":"","background-repeat":"repeat","background-position":"center center","background-size":"auto","background-attachment":"scroll","background-type":"","background-media":"","overlay-type":"","overlay-color":"","overlay-opacity":"","overlay-gradient":""}},"ast-content-background-meta":{"desktop":{"background-color":"var(--ast-global-color-5)","background-image":"","background-repeat":"repeat","background-position":"center center","background-size":"auto","background-attachment":"scroll","background-type":"","background-media":"","overlay-type":"","overlay-color":"","overlay-opacity":"","overlay-gradient":""},"tablet":{"background-color":"var(--ast-global-color-5)","background-image":"","background-repeat":"repeat","background-position":"center center","background-size":"auto","background-attachment":"scroll","background-type":"","background-media":"","overlay-type":"","overlay-color":"","overlay-opacity":"","overlay-gradient":""},"mobile":{"background-color":"var(--ast-global-color-5)","background-image":"","background-repeat":"repeat","background-position":"center center","background-size":"auto","background-attachment":"scroll","background-type":"","background-media":"","overlay-type":"","overlay-color":"","overlay-opacity":"","overlay-gradient":""}},"footnotes":""},"class_list":["post-2281","page","type-page","status-publish","hentry"],"yoast_head":"<!-- This site is optimized with the Yoast SEO plugin v27.1.1 - https:\/\/yoast.com\/product\/yoast-seo-wordpress\/ -->\n<title>Hervorhebung der sch\u00f6nsten Str\u00e4nde der USA<\/title>\n<meta name=\"description\" content=\"Die USA sind nicht nur f\u00fcr ihre Nationalpars und Gro\u00dfst\u00e4dte bekannt. Wir empfehlen Ihnen auch die amerikanischen Str\u00e4nde.\" \/>\n<meta name=\"robots\" content=\"index, follow, max-snippet:-1, max-image-preview:large, max-video-preview:-1\" \/>\n<link rel=\"canonical\" href=\"https:\/\/123-esta.com\/de\/die-strande-der-vereinigten-staaten\/\" \/>\n<meta property=\"og:locale\" content=\"de_DE\" \/>\n<meta property=\"og:type\" content=\"article\" \/>\n<meta property=\"og:title\" content=\"Hervorhebung der sch\u00f6nsten Str\u00e4nde der USA\" \/>\n<meta property=\"og:description\" content=\"Die USA sind nicht nur f\u00fcr ihre Nationalpars und Gro\u00dfst\u00e4dte bekannt. Wir empfehlen Ihnen auch die amerikanischen Str\u00e4nde.\" \/>\n<meta property=\"og:url\" content=\"https:\/\/123-esta.com\/de\/die-strande-der-vereinigten-staaten\/\" \/>\n<meta property=\"og:site_name\" content=\"Formulaire ESTA pour les USA\" \/>\n<meta property=\"article:modified_time\" content=\"2022-09-13T21:24:35+00:00\" \/>\n<meta name=\"twitter:card\" content=\"summary_large_image\" \/>\n<meta name=\"twitter:label1\" content=\"Gesch\u00e4tzte Lesezeit\" \/>\n\t<meta name=\"twitter:data1\" content=\"2\u00a0Minuten\" \/>\n<script type=\"application\/ld+json\" class=\"yoast-schema-graph\">{\"@context\":\"https:\/\/schema.org\",\"@graph\":[{\"@type\":\"WebPage\",\"@id\":\"https:\/\/123-esta.com\/de\/die-strande-der-vereinigten-staaten\/\",\"url\":\"https:\/\/123-esta.com\/de\/die-strande-der-vereinigten-staaten\/\",\"name\":\"Hervorhebung der sch\u00f6nsten Str\u00e4nde der USA\",\"isPartOf\":{\"@id\":\"https:\/\/123-esta.com\/de\/#website\"},\"datePublished\":\"2022-07-27T19:34:16+00:00\",\"dateModified\":\"2022-09-13T21:24:35+00:00\",\"description\":\"Die USA sind nicht nur f\u00fcr ihre Nationalpars und Gro\u00dfst\u00e4dte bekannt. Wir empfehlen Ihnen auch die amerikanischen Str\u00e4nde.\",\"inLanguage\":\"de\",\"potentialAction\":[{\"@type\":\"ReadAction\",\"target\":[\"https:\/\/123-esta.com\/de\/die-strande-der-vereinigten-staaten\/\"]}]},{\"@type\":\"WebSite\",\"@id\":\"https:\/\/123-esta.com\/de\/#website\",\"url\":\"https:\/\/123-esta.com\/de\/\",\"name\":\"Formulaire ESTA pour les USA\",\"description\":\"\",\"publisher\":{\"@id\":\"https:\/\/123-esta.com\/de\/#organization\"},\"potentialAction\":[{\"@type\":\"SearchAction\",\"target\":{\"@type\":\"EntryPoint\",\"urlTemplate\":\"https:\/\/123-esta.com\/de\/?s={search_term_string}\"},\"query-input\":{\"@type\":\"PropertyValueSpecification\",\"valueRequired\":true,\"valueName\":\"search_term_string\"}}],\"inLanguage\":\"de\"},{\"@type\":\"Organization\",\"@id\":\"https:\/\/123-esta.com\/de\/#organization\",\"name\":\"Formulaire ESTA pour les USA\",\"url\":\"https:\/\/123-esta.com\/de\/\",\"logo\":{\"@type\":\"ImageObject\",\"inLanguage\":\"de\",\"@id\":\"https:\/\/123-esta.com\/de\/#\/schema\/logo\/image\/\",\"url\":\"https:\/\/123-esta.com\/wp-content\/uploads\/2018\/03\/logo-123-esta.png\",\"contentUrl\":\"https:\/\/123-esta.com\/wp-content\/uploads\/2018\/03\/logo-123-esta.png\",\"width\":191,\"height\":54,\"caption\":\"Formulaire ESTA pour les USA\"},\"image\":{\"@id\":\"https:\/\/123-esta.com\/de\/#\/schema\/logo\/image\/\"}}]}<\/script>\n<!-- \/ Yoast SEO plugin. -->","yoast_head_json":{"title":"Hervorhebung der sch\u00f6nsten Str\u00e4nde der USA","description":"Die USA sind nicht nur f\u00fcr ihre Nationalpars und Gro\u00dfst\u00e4dte bekannt. Wir empfehlen Ihnen auch die amerikanischen Str\u00e4nde.","robots":{"index":"index","follow":"follow","max-snippet":"max-snippet:-1","max-image-preview":"max-image-preview:large","max-video-preview":"max-video-preview:-1"},"canonical":"https:\/\/123-esta.com\/de\/die-strande-der-vereinigten-staaten\/","og_locale":"de_DE","og_type":"article","og_title":"Hervorhebung der sch\u00f6nsten Str\u00e4nde der USA","og_description":"Die USA sind nicht nur f\u00fcr ihre Nationalpars und Gro\u00dfst\u00e4dte bekannt. Wir empfehlen Ihnen auch die amerikanischen Str\u00e4nde.","og_url":"https:\/\/123-esta.com\/de\/die-strande-der-vereinigten-staaten\/","og_site_name":"Formulaire ESTA pour les USA","article_modified_time":"2022-09-13T21:24:35+00:00","twitter_card":"summary_large_image","twitter_misc":{"Gesch\u00e4tzte Lesezeit":"2\u00a0Minuten"},"schema":{"@context":"https:\/\/schema.org","@graph":[{"@type":"WebPage","@id":"https:\/\/123-esta.com\/de\/die-strande-der-vereinigten-staaten\/","url":"https:\/\/123-esta.com\/de\/die-strande-der-vereinigten-staaten\/","name":"Hervorhebung der sch\u00f6nsten Str\u00e4nde der USA","isPartOf":{"@id":"https:\/\/123-esta.com\/de\/#website"},"datePublished":"2022-07-27T19:34:16+00:00","dateModified":"2022-09-13T21:24:35+00:00","description":"Die USA sind nicht nur f\u00fcr ihre Nationalpars und Gro\u00dfst\u00e4dte bekannt. Wir empfehlen Ihnen auch die amerikanischen Str\u00e4nde.","inLanguage":"de","potentialAction":[{"@type":"ReadAction","target":["https:\/\/123-esta.com\/de\/die-strande-der-vereinigten-staaten\/"]}]},{"@type":"WebSite","@id":"https:\/\/123-esta.com\/de\/#website","url":"https:\/\/123-esta.com\/de\/","name":"Formulaire ESTA pour les USA","description":"","publisher":{"@id":"https:\/\/123-esta.com\/de\/#organization"},"potentialAction":[{"@type":"SearchAction","target":{"@type":"EntryPoint","urlTemplate":"https:\/\/123-esta.com\/de\/?s={search_term_string}"},"query-input":{"@type":"PropertyValueSpecification","valueRequired":true,"valueName":"search_term_string"}}],"inLanguage":"de"},{"@type":"Organization","@id":"https:\/\/123-esta.com\/de\/#organization","name":"Formulaire ESTA pour les USA","url":"https:\/\/123-esta.com\/de\/","logo":{"@type":"ImageObject","inLanguage":"de","@id":"https:\/\/123-esta.com\/de\/#\/schema\/logo\/image\/","url":"https:\/\/123-esta.com\/wp-content\/uploads\/2018\/03\/logo-123-esta.png","contentUrl":"https:\/\/123-esta.com\/wp-content\/uploads\/2018\/03\/logo-123-esta.png","width":191,"height":54,"caption":"Formulaire ESTA pour les USA"},"image":{"@id":"https:\/\/123-esta.com\/de\/#\/schema\/logo\/image\/"}}]}},"_links":{"self":[{"href":"https:\/\/123-esta.com\/de\/wp-json\/wp\/v2\/pages\/2281","targetHints":{"allow":["GET"]}}],"collection":[{"href":"https:\/\/123-esta.com\/de\/wp-json\/wp\/v2\/pages"}],"about":[{"href":"https:\/\/123-esta.com\/de\/wp-json\/wp\/v2\/types\/page"}],"author":[{"embeddable":true,"href":"https:\/\/123-esta.com\/de\/wp-json\/wp\/v2\/users\/1"}],"replies":[{"embeddable":true,"href":"https:\/\/123-esta.com\/de\/wp-json\/wp\/v2\/comments?post=2281"}],"version-history":[{"count":0,"href":"https:\/\/123-esta.com\/de\/wp-json\/wp\/v2\/pages\/2281\/revisions"}],"wp:attachment":[{"href":"https:\/\/123-esta.com\/de\/wp-json\/wp\/v2\/media?parent=2281"}],"curies":[{"name":"wp","href":"https:\/\/api.w.org\/{rel}","templated":true}]}}