{"id":2278,"date":"2022-07-27T21:34:15","date_gmt":"2022-07-27T19:34:15","guid":{"rendered":"https:\/\/123-esta.com\/was-tun-in-florida\/"},"modified":"2022-09-19T16:49:12","modified_gmt":"2022-09-19T14:49:12","slug":"was-in-florida-zu-tun-ist","status":"publish","type":"page","link":"https:\/\/123-esta.com\/de\/was-in-florida-zu-tun-ist\/","title":{"rendered":"Welche Sehensw\u00fcrdigkeiten in Florida sollte man sich nicht entgehen lassen?"},"content":{"rendered":"\n<p>Die Halbinsel Florida mit einer Fl\u00e4che von 151.940 km2 ist 700 km lang und wird im S\u00fcden und Osten vom Atlantischen Ozean und im Westen vom Golf von Mexiko begrenzt. Seine \u00fcber 1930 km lange K\u00fcste bietet endlose Str\u00e4nde mit h\u00fcbschen Buchten und viele Orte, die man besuchen kann. Mit einer K\u00fcste, die fast 4000 Inseln umfasst, wird Florida auch als Heimat des blauen Wassers bezeichnet. Es ist eine der <a href=\"https:\/\/123-esta.com\/de\/stadte-und-regionen-zu-besuchen-in-den-vereinigten-staaten\/\">wichtigsten Tourismusregionen der USA<\/a>.<\/p>\n\n<p>Um nichts zu verderben, besteht Florida bei weitem nicht nur aus seinen Str\u00e4nden. Abgesehen von der unvergleichlichen Natur gibt es in Florida viele Sehensw\u00fcrdigkeiten, die Sie mit Freude entdecken werden, wie z. B. Disney World, ein Vergn\u00fcgungspark, der von den meisten Florida-Besuchern als ein Muss angesehen wird.<\/p>\n\n<h2 class=\"wp-block-heading\">Auf Entdeckungsreise in Miami<\/h2>\n\n<p>Mit fast f\u00fcnf Millionen Einwohnern sind Miami und seine Umgebung eine wirtschaftliche und touristische Hochburg, die es zu entdecken gilt. Die Stadt ist auch das Tor f\u00fcr Kreuzfahrten in die Karibik und ist f\u00fcr eine Flucht im Winter oder ein unvergessliches Wochenende leicht zu erreichen.<br\/><a href=\"https:\/\/123-esta.com\/de\/top10-besuche-miami\/\">Ein Besuch in Miami<\/a> bedeutet auch South Beach, ein unvergleichliches Nachtleben, Bodybuilder und den Strand. Aber auch Little Havana, ein kleines St\u00fcck Kuba mitten in der Stadt. An Hotels mangelt es in Florida nicht und Sie k\u00f6nnen leicht eine Option finden, die Ihren Anspr\u00fcchen gen\u00fcgt. Wenn Sie nach <a href=\"https:\/\/123-esta.com\/de\/fort-lauderdale-kreuzfahrt\/\">Fort Lauderdale<\/a> reisen, k\u00f6nnen Sie auch eine der vielen <a href=\"https:\/\/123-esta.com\/de\/luxuskreuzfahrt-in-den-usa\/\">amerikanischen Luxuskreuzfahrten<\/a> vor Ort genie\u00dfen.<\/p>\n\n<h2 class=\"wp-block-heading\">Mit der elektronischen Reisegenehmigung ESTA nach Florida reisen<\/h2>\n\n<p>Jeder, der Florida von Frankreich aus entdecken m\u00f6chte, muss vor seinem Flug eine ESTA-Reisegenehmigung einholen.<\/p>\n\n<p>Um diese Genehmigung zu erhalten, musst du online einen Antrag stellen, indem du ein Formular ausf\u00fcllst und die Geb\u00fchren daf\u00fcr bezahlst. Es ist gut, daran zu erinnern, dass die Genehmigung nicht de facto erteilt wird. Sie kann sowohl abgelehnt als auch ohne weiteres gew\u00e4hrt werden. Aber seien Sie beruhigt: Ablehnungen sind trotzdem selten.<\/p>\n\n<h2 class=\"wp-block-heading\">Was k\u00f6nnen Sie tun, wenn Sie die Voraussetzungen nicht erf\u00fcllen?<\/h2>\n\n<p>Wenn Sie aus irgendeinem Grund die Kriterien f\u00fcr eine ESTA-Reisegenehmigung nicht erf\u00fcllen, bleibt Ihnen noch eine zweite M\u00f6glichkeit: Sie k\u00f6nnen bei der US-Botschaft <a href=\"https:\/\/123-esta.com\/de\/touristenvisum-vereinigten-staaten\/\">ein Touristenvisum beantragen<\/a>.<\/p>\n\n<p>Achtung: Selbst wenn Sie die Kriterien erf\u00fcllen und die Ablehnung Ihres ESTA-Antrags auf einen Fehler oder ein Missverst\u00e4ndnis zur\u00fcckzuf\u00fchren ist, k\u00f6nnen Sie das Antragsformular nicht ein zweites Mal hintereinander ausf\u00fcllen. Sie m\u00fcssen zehn Tage warten, bevor Sie erneut einen Antrag auf Zulassung stellen k\u00f6nnen. Die Antwort darauf h\u00e4ngt immer von dem Ministerium ab, das f\u00fcr die Steuerung der Zuwanderung zust\u00e4ndig ist.<\/p>\n","protected":false},"excerpt":{"rendered":"<p>Die Halbinsel Florida mit einer Fl\u00e4che von 151.940 km2 ist 700 km lang und wird im S\u00fcden und Osten vom Atlantischen Ozean und im Westen vom Golf von Mexiko begrenzt. Seine \u00fcber 1930 km lange K\u00fcste bietet endlose Str\u00e4nde mit h\u00fcbschen Buchten und viele Orte, die man besuchen kann. Mit einer K\u00fcste, die fast 4000 [&hellip;]<\/p>\n","protected":false},"author":1,"featured_media":0,"parent":0,"menu_order":0,"comment_status":"closed","ping_status":"closed","template":"","meta":{"site-sidebar-layout":"default","site-content-layout":"default","ast-site-content-layout":"default","site-content-style":"default","site-sidebar-style":"default","ast-global-header-display":"","ast-banner-title-visibility":"","ast-main-header-display":"","ast-hfb-above-header-display":"","ast-hfb-below-header-display":"","ast-hfb-mobile-header-display":"","site-post-title":"","ast-breadcrumbs-content":"","ast-featured-img":"","footer-sml-layout":"","ast-disable-related-posts":"","theme-transparent-header-meta":"default","adv-header-id-meta":"","stick-header-meta":"default","header-above-stick-meta":"","header-main-stick-meta":"","header-below-stick-meta":"","astra-migrate-meta-layouts":"default","ast-page-background-enabled":"default","ast-page-background-meta":{"desktop":{"background-color":"","background-image":"","background-repeat":"repeat","background-position":"center center","background-size":"auto","background-attachment":"scroll","background-type":"","background-media":"","overlay-type":"","overlay-color":"","overlay-opacity":"","overlay-gradient":""},"tablet":{"background-color":"","background-image":"","background-repeat":"repeat","background-position":"center center","background-size":"auto","background-attachment":"scroll","background-type":"","background-media":"","overlay-type":"","overlay-color":"","overlay-opacity":"","overlay-gradient":""},"mobile":{"background-color":"","background-image":"","background-repeat":"repeat","background-position":"center center","background-size":"auto","background-attachment":"scroll","background-type":"","background-media":"","overlay-type":"","overlay-color":"","overlay-opacity":"","overlay-gradient":""}},"ast-content-background-meta":{"desktop":{"background-color":"var(--ast-global-color-5)","background-image":"","background-repeat":"repeat","background-position":"center center","background-size":"auto","background-attachment":"scroll","background-type":"","background-media":"","overlay-type":"","overlay-color":"","overlay-opacity":"","overlay-gradient":""},"tablet":{"background-color":"var(--ast-global-color-5)","background-image":"","background-repeat":"repeat","background-position":"center center","background-size":"auto","background-attachment":"scroll","background-type":"","background-media":"","overlay-type":"","overlay-color":"","overlay-opacity":"","overlay-gradient":""},"mobile":{"background-color":"var(--ast-global-color-5)","background-image":"","background-repeat":"repeat","background-position":"center center","background-size":"auto","background-attachment":"scroll","background-type":"","background-media":"","overlay-type":"","overlay-color":"","overlay-opacity":"","overlay-gradient":""}},"footnotes":""},"class_list":["post-2278","page","type-page","status-publish","hentry"],"yoast_head":"<!-- This site is optimized with the Yoast SEO plugin v27.1.1 - https:\/\/yoast.com\/product\/yoast-seo-wordpress\/ -->\n<title>Welche Besichtigungen Sie bei Ihrem Urlaub in Florida machen sollten<\/title>\n<meta name=\"description\" content=\"Ein Besuch in Florida wird wegen der Sonne, des Strandes, der Einkaufsm\u00f6glichkeiten und des Nachtlebens empfohlen. Mit einem ESTA nach Florida reisen\" \/>\n<meta name=\"robots\" content=\"index, follow, max-snippet:-1, max-image-preview:large, max-video-preview:-1\" \/>\n<link rel=\"canonical\" href=\"https:\/\/123-esta.com\/de\/was-in-florida-zu-tun-ist\/\" \/>\n<meta property=\"og:locale\" content=\"de_DE\" \/>\n<meta property=\"og:type\" content=\"article\" \/>\n<meta property=\"og:title\" content=\"Welche Besichtigungen Sie bei Ihrem Urlaub in Florida machen sollten\" \/>\n<meta property=\"og:description\" content=\"Ein Besuch in Florida wird wegen der Sonne, des Strandes, der Einkaufsm\u00f6glichkeiten und des Nachtlebens empfohlen. Mit einem ESTA nach Florida reisen\" \/>\n<meta property=\"og:url\" content=\"https:\/\/123-esta.com\/de\/was-in-florida-zu-tun-ist\/\" \/>\n<meta property=\"og:site_name\" content=\"Formulaire ESTA pour les USA\" \/>\n<meta property=\"article:modified_time\" content=\"2022-09-19T14:49:12+00:00\" \/>\n<meta name=\"twitter:card\" content=\"summary_large_image\" \/>\n<meta name=\"twitter:label1\" content=\"Gesch\u00e4tzte Lesezeit\" \/>\n\t<meta name=\"twitter:data1\" content=\"2\u00a0Minuten\" \/>\n<script type=\"application\/ld+json\" class=\"yoast-schema-graph\">{\"@context\":\"https:\/\/schema.org\",\"@graph\":[{\"@type\":\"WebPage\",\"@id\":\"https:\/\/123-esta.com\/de\/was-in-florida-zu-tun-ist\/\",\"url\":\"https:\/\/123-esta.com\/de\/was-in-florida-zu-tun-ist\/\",\"name\":\"Welche Besichtigungen Sie bei Ihrem Urlaub in Florida machen sollten\",\"isPartOf\":{\"@id\":\"https:\/\/123-esta.com\/de\/#website\"},\"datePublished\":\"2022-07-27T19:34:15+00:00\",\"dateModified\":\"2022-09-19T14:49:12+00:00\",\"description\":\"Ein Besuch in Florida wird wegen der Sonne, des Strandes, der Einkaufsm\u00f6glichkeiten und des Nachtlebens empfohlen. Mit einem ESTA nach Florida reisen\",\"inLanguage\":\"de\",\"potentialAction\":[{\"@type\":\"ReadAction\",\"target\":[\"https:\/\/123-esta.com\/de\/was-in-florida-zu-tun-ist\/\"]}]},{\"@type\":\"WebSite\",\"@id\":\"https:\/\/123-esta.com\/de\/#website\",\"url\":\"https:\/\/123-esta.com\/de\/\",\"name\":\"Formulaire ESTA pour les USA\",\"description\":\"\",\"publisher\":{\"@id\":\"https:\/\/123-esta.com\/de\/#organization\"},\"potentialAction\":[{\"@type\":\"SearchAction\",\"target\":{\"@type\":\"EntryPoint\",\"urlTemplate\":\"https:\/\/123-esta.com\/de\/?s={search_term_string}\"},\"query-input\":{\"@type\":\"PropertyValueSpecification\",\"valueRequired\":true,\"valueName\":\"search_term_string\"}}],\"inLanguage\":\"de\"},{\"@type\":\"Organization\",\"@id\":\"https:\/\/123-esta.com\/de\/#organization\",\"name\":\"Formulaire ESTA pour les USA\",\"url\":\"https:\/\/123-esta.com\/de\/\",\"logo\":{\"@type\":\"ImageObject\",\"inLanguage\":\"de\",\"@id\":\"https:\/\/123-esta.com\/de\/#\/schema\/logo\/image\/\",\"url\":\"https:\/\/123-esta.com\/wp-content\/uploads\/2018\/03\/logo-123-esta.png\",\"contentUrl\":\"https:\/\/123-esta.com\/wp-content\/uploads\/2018\/03\/logo-123-esta.png\",\"width\":191,\"height\":54,\"caption\":\"Formulaire ESTA pour les USA\"},\"image\":{\"@id\":\"https:\/\/123-esta.com\/de\/#\/schema\/logo\/image\/\"}}]}<\/script>\n<!-- \/ Yoast SEO plugin. -->","yoast_head_json":{"title":"Welche Besichtigungen Sie bei Ihrem Urlaub in Florida machen sollten","description":"Ein Besuch in Florida wird wegen der Sonne, des Strandes, der Einkaufsm\u00f6glichkeiten und des Nachtlebens empfohlen. Mit einem ESTA nach Florida reisen","robots":{"index":"index","follow":"follow","max-snippet":"max-snippet:-1","max-image-preview":"max-image-preview:large","max-video-preview":"max-video-preview:-1"},"canonical":"https:\/\/123-esta.com\/de\/was-in-florida-zu-tun-ist\/","og_locale":"de_DE","og_type":"article","og_title":"Welche Besichtigungen Sie bei Ihrem Urlaub in Florida machen sollten","og_description":"Ein Besuch in Florida wird wegen der Sonne, des Strandes, der Einkaufsm\u00f6glichkeiten und des Nachtlebens empfohlen. Mit einem ESTA nach Florida reisen","og_url":"https:\/\/123-esta.com\/de\/was-in-florida-zu-tun-ist\/","og_site_name":"Formulaire ESTA pour les USA","article_modified_time":"2022-09-19T14:49:12+00:00","twitter_card":"summary_large_image","twitter_misc":{"Gesch\u00e4tzte Lesezeit":"2\u00a0Minuten"},"schema":{"@context":"https:\/\/schema.org","@graph":[{"@type":"WebPage","@id":"https:\/\/123-esta.com\/de\/was-in-florida-zu-tun-ist\/","url":"https:\/\/123-esta.com\/de\/was-in-florida-zu-tun-ist\/","name":"Welche Besichtigungen Sie bei Ihrem Urlaub in Florida machen sollten","isPartOf":{"@id":"https:\/\/123-esta.com\/de\/#website"},"datePublished":"2022-07-27T19:34:15+00:00","dateModified":"2022-09-19T14:49:12+00:00","description":"Ein Besuch in Florida wird wegen der Sonne, des Strandes, der Einkaufsm\u00f6glichkeiten und des Nachtlebens empfohlen. Mit einem ESTA nach Florida reisen","inLanguage":"de","potentialAction":[{"@type":"ReadAction","target":["https:\/\/123-esta.com\/de\/was-in-florida-zu-tun-ist\/"]}]},{"@type":"WebSite","@id":"https:\/\/123-esta.com\/de\/#website","url":"https:\/\/123-esta.com\/de\/","name":"Formulaire ESTA pour les USA","description":"","publisher":{"@id":"https:\/\/123-esta.com\/de\/#organization"},"potentialAction":[{"@type":"SearchAction","target":{"@type":"EntryPoint","urlTemplate":"https:\/\/123-esta.com\/de\/?s={search_term_string}"},"query-input":{"@type":"PropertyValueSpecification","valueRequired":true,"valueName":"search_term_string"}}],"inLanguage":"de"},{"@type":"Organization","@id":"https:\/\/123-esta.com\/de\/#organization","name":"Formulaire ESTA pour les USA","url":"https:\/\/123-esta.com\/de\/","logo":{"@type":"ImageObject","inLanguage":"de","@id":"https:\/\/123-esta.com\/de\/#\/schema\/logo\/image\/","url":"https:\/\/123-esta.com\/wp-content\/uploads\/2018\/03\/logo-123-esta.png","contentUrl":"https:\/\/123-esta.com\/wp-content\/uploads\/2018\/03\/logo-123-esta.png","width":191,"height":54,"caption":"Formulaire ESTA pour les USA"},"image":{"@id":"https:\/\/123-esta.com\/de\/#\/schema\/logo\/image\/"}}]}},"_links":{"self":[{"href":"https:\/\/123-esta.com\/de\/wp-json\/wp\/v2\/pages\/2278","targetHints":{"allow":["GET"]}}],"collection":[{"href":"https:\/\/123-esta.com\/de\/wp-json\/wp\/v2\/pages"}],"about":[{"href":"https:\/\/123-esta.com\/de\/wp-json\/wp\/v2\/types\/page"}],"author":[{"embeddable":true,"href":"https:\/\/123-esta.com\/de\/wp-json\/wp\/v2\/users\/1"}],"replies":[{"embeddable":true,"href":"https:\/\/123-esta.com\/de\/wp-json\/wp\/v2\/comments?post=2278"}],"version-history":[{"count":0,"href":"https:\/\/123-esta.com\/de\/wp-json\/wp\/v2\/pages\/2278\/revisions"}],"wp:attachment":[{"href":"https:\/\/123-esta.com\/de\/wp-json\/wp\/v2\/media?parent=2278"}],"curies":[{"name":"wp","href":"https:\/\/api.w.org\/{rel}","templated":true}]}}