{"id":2276,"date":"2022-07-27T21:34:15","date_gmt":"2022-07-27T19:34:15","guid":{"rendered":"https:\/\/123-esta.com\/welches-hotel-aus-usa-waehlen\/"},"modified":"2022-08-23T22:29:40","modified_gmt":"2022-08-23T20:29:40","slug":"welches-hotel-aus-usa-waehlen","status":"publish","type":"page","link":"https:\/\/123-esta.com\/de\/welches-hotel-aus-usa-waehlen\/","title":{"rendered":"Wie finden Sie eine Unterkunft oder ein Hotel f\u00fcr Ihren Aufenthalt in den USA?"},"content":{"rendered":"<p>Die Amerikaner sind daf\u00fcr bekannt, dass sie einen gro\u00dfen Sinn f\u00fcr Gastfreundschaft haben.<\/p>\n<p>Dennoch m\u00fcssen Sie, wenn Sie mit ESTA <a href=\"https:\/\/123-esta.com\/de\/was-zu-sehen-und-zu-besuchen-in-den-vereinigten-staaten\/\">in die USA reisen<\/a>, immer nach einer Unterkunft suchen. Eine beliebte Option ist Couchsurfing, eine Gemeinschaft, bei der du kostenlos bei anderen Leuten \u00fcbernachten kannst, wenn du daf\u00fcr gute Laune hast. Es gibt viele verschiedene M\u00f6glichkeiten, in den USA zu wohnen, je nachdem, wie viel Geld Sie zur Verf\u00fcgung haben. Hier ist eine nicht ersch\u00f6pfende Liste.<\/p>\n<h2>Die Wahl der richtigen Unterkunft bei einem Trip in die USA<\/h2>\n<p>F\u00fcr den schmaleren Geldbeutel gelten Motels mit 24-Stunden-Betreuung, Wi-Fi-Zugang sowie Fr\u00fchst\u00fcck als Referenz. Diese kleinen Hotels gibt es zahlreich entlang der Hauptstra\u00dfen und an den Ein-\/Ausg\u00e4ngen der St\u00e4dte. Die Preise f\u00fcr diese unabh\u00e4ngigen oder kettengef\u00fchrten Unterk\u00fcnfte (Quality Inn, Confort Inn, Red Roof) liegen zwischen 30 und 90 $ pro Nacht.<\/p>\n<p>Hotels sind empfehlenswerte Unterk\u00fcnfte f\u00fcr diejenigen, die mehrere Tage in einer Gro\u00dfstadt bleiben m\u00f6chten. In diesem Fall sind auch Motels m\u00f6glich, die Ihnen aber m\u00f6glicherweise nicht den n\u00f6tigen Komfort bieten. Die Wahl sollte nach Ihrem Budget getroffen werden.<\/p>\n<p>Auch in den USA gibt es verschiedene Kategorien von Gastronomiebetrieben, um die vielen durchreisenden Touristen angemessen zu bewirten. Wir empfehlen insbesondere eine interessante Alternative f\u00fcr Rucksacktouristen: sich in einem Bed &amp; Breakfast auszuruhen.<\/p>\n<p>Schlie\u00dflich gibt es eine ganze Reihe von mehr oder weniger akzeptablen Alternativen mit unterschiedlichen Budgets, z. B. Jugendherbergen, Couchsurfing, Airbnb, Lodges, Beach Rentals, Cabins, Condos etc.<\/p>\n<p>F\u00fcr diejenigen mit dem knappsten Budget ist ein weiterer Spartipp, im Auto zu schlafen. Tats\u00e4chlich gibt es auf einigen Autobahnen, insbesondere auf Highways und Interstates, eigens eingerichtete Rastpl\u00e4tze, auf denen man sich im Auto ausruhen kann. F\u00fcr mehr Komfort und wenn Ihr Budget es zul\u00e4sst, ist es dennoch besser, einen Zeltplatz zu mieten. Auf diese Weise k\u00f6nnen Sie sicher schlafen und die Dusche und Toilette nutzen, die in der Regel von dieser Art von Einrichtung angeboten werden.<\/p>\n<h2>Wie man in den USA sehr billig wohnen kann<\/h2>\n<p>F\u00fcr die kontaktfreudigsten und aufgeschlossensten Menschen gibt es zwei sehr g\u00fcnstige M\u00f6glichkeiten: Couchsurfing und Schlafs\u00e4le in Jugendherbergen.<\/p>\n<p>Das Prinzip von Couchsurfing ist recht einfach: Jede Person, die sich auf der Website registriert, bietet einem Reisenden an, ihn von Zeit zu Zeit kostenlos bei sich zu Hause aufzunehmen. Wenn du selbst reist, kannst du im Gegenzug <a href=\"https:\/\/123-esta.com\/de\/so-finden-sie-eine-kostenlose-unterkunft-in-den-vereinigten-staaten\/\">kostenlos bei einem Einheimischen \u00fcbernachten<\/a>. Die Couchsurfing-Community in den USA ist riesig, und es werden dir viele M\u00f6glichkeiten geboten.<\/p>\n<p>Was die Jugendherbergen betrifft, so bieten sie oft die Option, in Schlafs\u00e4len zu schlafen, die man sich mit anderen Reisenden teilt. Dies sind fast immer die preiswertesten Wohnm\u00f6glichkeiten.<\/p>\n<p>F\u00fcr diejenigen unter Ihnen, die mit Hilfe eines Visums l\u00e4nger als drei Monate in den USA bleiben wollen, empfiehlt es sich schlie\u00dflich, eine Unterkunft \u00fcber Kleinanzeigen zu finden, die oft in den lokalen Zeitungen zu finden sind. Eine Seite wie craiglist, die in den USA sehr bekannt ist, ist ebenfalls empfehlenswert. Sie k\u00f6nnen unter anderem einen &#8218;Roomate&#8216; finden und in einer Wohngemeinschaft leben.<\/p>\n","protected":false},"excerpt":{"rendered":"<p>Die Amerikaner sind daf\u00fcr bekannt, dass sie einen gro\u00dfen Sinn f\u00fcr Gastfreundschaft haben. Dennoch m\u00fcssen Sie, wenn Sie mit ESTA in die USA reisen, immer nach einer Unterkunft suchen. Eine beliebte Option ist Couchsurfing, eine Gemeinschaft, bei der du kostenlos bei anderen Leuten \u00fcbernachten kannst, wenn du daf\u00fcr gute Laune hast. Es gibt viele verschiedene [&hellip;]<\/p>\n","protected":false},"author":1,"featured_media":0,"parent":0,"menu_order":0,"comment_status":"closed","ping_status":"closed","template":"","meta":{"site-sidebar-layout":"default","site-content-layout":"default","ast-site-content-layout":"default","site-content-style":"default","site-sidebar-style":"default","ast-global-header-display":"","ast-banner-title-visibility":"","ast-main-header-display":"","ast-hfb-above-header-display":"","ast-hfb-below-header-display":"","ast-hfb-mobile-header-display":"","site-post-title":"","ast-breadcrumbs-content":"","ast-featured-img":"","footer-sml-layout":"","ast-disable-related-posts":"","theme-transparent-header-meta":"default","adv-header-id-meta":"","stick-header-meta":"default","header-above-stick-meta":"","header-main-stick-meta":"","header-below-stick-meta":"","astra-migrate-meta-layouts":"default","ast-page-background-enabled":"default","ast-page-background-meta":{"desktop":{"background-color":"","background-image":"","background-repeat":"repeat","background-position":"center center","background-size":"auto","background-attachment":"scroll","background-type":"","background-media":"","overlay-type":"","overlay-color":"","overlay-opacity":"","overlay-gradient":""},"tablet":{"background-color":"","background-image":"","background-repeat":"repeat","background-position":"center center","background-size":"auto","background-attachment":"scroll","background-type":"","background-media":"","overlay-type":"","overlay-color":"","overlay-opacity":"","overlay-gradient":""},"mobile":{"background-color":"","background-image":"","background-repeat":"repeat","background-position":"center center","background-size":"auto","background-attachment":"scroll","background-type":"","background-media":"","overlay-type":"","overlay-color":"","overlay-opacity":"","overlay-gradient":""}},"ast-content-background-meta":{"desktop":{"background-color":"var(--ast-global-color-5)","background-image":"","background-repeat":"repeat","background-position":"center center","background-size":"auto","background-attachment":"scroll","background-type":"","background-media":"","overlay-type":"","overlay-color":"","overlay-opacity":"","overlay-gradient":""},"tablet":{"background-color":"var(--ast-global-color-5)","background-image":"","background-repeat":"repeat","background-position":"center center","background-size":"auto","background-attachment":"scroll","background-type":"","background-media":"","overlay-type":"","overlay-color":"","overlay-opacity":"","overlay-gradient":""},"mobile":{"background-color":"var(--ast-global-color-5)","background-image":"","background-repeat":"repeat","background-position":"center center","background-size":"auto","background-attachment":"scroll","background-type":"","background-media":"","overlay-type":"","overlay-color":"","overlay-opacity":"","overlay-gradient":""}},"footnotes":""},"class_list":["post-2276","page","type-page","status-publish","hentry"],"yoast_head":"<!-- This site is optimized with the Yoast SEO plugin v27.1.1 - https:\/\/yoast.com\/product\/yoast-seo-wordpress\/ -->\n<title>Unsere Tipps, um das beste Hotel in den USA zu finden<\/title>\n<meta name=\"description\" content=\"In den USA gibt es eine F\u00fclle an m\u00f6glichen Unterk\u00fcnften: vom Guesthouse \u00fcber das traditionelle Motel bis hin zum Luxushotel.... Die Wahl liegt bei Ihnen!\" \/>\n<meta name=\"robots\" content=\"index, follow, max-snippet:-1, max-image-preview:large, max-video-preview:-1\" \/>\n<link rel=\"canonical\" href=\"https:\/\/123-esta.com\/de\/welches-hotel-aus-usa-waehlen\/\" \/>\n<meta property=\"og:locale\" content=\"de_DE\" \/>\n<meta property=\"og:type\" content=\"article\" \/>\n<meta property=\"og:title\" content=\"Unsere Tipps, um das beste Hotel in den USA zu finden\" \/>\n<meta property=\"og:description\" content=\"In den USA gibt es eine F\u00fclle an m\u00f6glichen Unterk\u00fcnften: vom Guesthouse \u00fcber das traditionelle Motel bis hin zum Luxushotel.... Die Wahl liegt bei Ihnen!\" \/>\n<meta property=\"og:url\" content=\"https:\/\/123-esta.com\/de\/welches-hotel-aus-usa-waehlen\/\" \/>\n<meta property=\"og:site_name\" content=\"Formulaire ESTA pour les USA\" \/>\n<meta property=\"article:modified_time\" content=\"2022-08-23T20:29:40+00:00\" \/>\n<meta name=\"twitter:card\" content=\"summary_large_image\" \/>\n<meta name=\"twitter:label1\" content=\"Gesch\u00e4tzte Lesezeit\" \/>\n\t<meta name=\"twitter:data1\" content=\"3\u00a0Minuten\" \/>\n<script type=\"application\/ld+json\" class=\"yoast-schema-graph\">{\"@context\":\"https:\/\/schema.org\",\"@graph\":[{\"@type\":\"WebPage\",\"@id\":\"https:\/\/123-esta.com\/de\/welches-hotel-aus-usa-waehlen\/\",\"url\":\"https:\/\/123-esta.com\/de\/welches-hotel-aus-usa-waehlen\/\",\"name\":\"Unsere Tipps, um das beste Hotel in den USA zu finden\",\"isPartOf\":{\"@id\":\"https:\/\/123-esta.com\/de\/#website\"},\"datePublished\":\"2022-07-27T19:34:15+00:00\",\"dateModified\":\"2022-08-23T20:29:40+00:00\",\"description\":\"In den USA gibt es eine F\u00fclle an m\u00f6glichen Unterk\u00fcnften: vom Guesthouse \u00fcber das traditionelle Motel bis hin zum Luxushotel.... Die Wahl liegt bei Ihnen!\",\"inLanguage\":\"de\",\"potentialAction\":[{\"@type\":\"ReadAction\",\"target\":[\"https:\/\/123-esta.com\/de\/welches-hotel-aus-usa-waehlen\/\"]}]},{\"@type\":\"WebSite\",\"@id\":\"https:\/\/123-esta.com\/de\/#website\",\"url\":\"https:\/\/123-esta.com\/de\/\",\"name\":\"Formulaire ESTA pour les USA\",\"description\":\"\",\"publisher\":{\"@id\":\"https:\/\/123-esta.com\/de\/#organization\"},\"potentialAction\":[{\"@type\":\"SearchAction\",\"target\":{\"@type\":\"EntryPoint\",\"urlTemplate\":\"https:\/\/123-esta.com\/de\/?s={search_term_string}\"},\"query-input\":{\"@type\":\"PropertyValueSpecification\",\"valueRequired\":true,\"valueName\":\"search_term_string\"}}],\"inLanguage\":\"de\"},{\"@type\":\"Organization\",\"@id\":\"https:\/\/123-esta.com\/de\/#organization\",\"name\":\"Formulaire ESTA pour les USA\",\"url\":\"https:\/\/123-esta.com\/de\/\",\"logo\":{\"@type\":\"ImageObject\",\"inLanguage\":\"de\",\"@id\":\"https:\/\/123-esta.com\/de\/#\/schema\/logo\/image\/\",\"url\":\"https:\/\/123-esta.com\/wp-content\/uploads\/2018\/03\/logo-123-esta.png\",\"contentUrl\":\"https:\/\/123-esta.com\/wp-content\/uploads\/2018\/03\/logo-123-esta.png\",\"width\":191,\"height\":54,\"caption\":\"Formulaire ESTA pour les USA\"},\"image\":{\"@id\":\"https:\/\/123-esta.com\/de\/#\/schema\/logo\/image\/\"}}]}<\/script>\n<!-- \/ Yoast SEO plugin. -->","yoast_head_json":{"title":"Unsere Tipps, um das beste Hotel in den USA zu finden","description":"In den USA gibt es eine F\u00fclle an m\u00f6glichen Unterk\u00fcnften: vom Guesthouse \u00fcber das traditionelle Motel bis hin zum Luxushotel.... Die Wahl liegt bei Ihnen!","robots":{"index":"index","follow":"follow","max-snippet":"max-snippet:-1","max-image-preview":"max-image-preview:large","max-video-preview":"max-video-preview:-1"},"canonical":"https:\/\/123-esta.com\/de\/welches-hotel-aus-usa-waehlen\/","og_locale":"de_DE","og_type":"article","og_title":"Unsere Tipps, um das beste Hotel in den USA zu finden","og_description":"In den USA gibt es eine F\u00fclle an m\u00f6glichen Unterk\u00fcnften: vom Guesthouse \u00fcber das traditionelle Motel bis hin zum Luxushotel.... Die Wahl liegt bei Ihnen!","og_url":"https:\/\/123-esta.com\/de\/welches-hotel-aus-usa-waehlen\/","og_site_name":"Formulaire ESTA pour les USA","article_modified_time":"2022-08-23T20:29:40+00:00","twitter_card":"summary_large_image","twitter_misc":{"Gesch\u00e4tzte Lesezeit":"3\u00a0Minuten"},"schema":{"@context":"https:\/\/schema.org","@graph":[{"@type":"WebPage","@id":"https:\/\/123-esta.com\/de\/welches-hotel-aus-usa-waehlen\/","url":"https:\/\/123-esta.com\/de\/welches-hotel-aus-usa-waehlen\/","name":"Unsere Tipps, um das beste Hotel in den USA zu finden","isPartOf":{"@id":"https:\/\/123-esta.com\/de\/#website"},"datePublished":"2022-07-27T19:34:15+00:00","dateModified":"2022-08-23T20:29:40+00:00","description":"In den USA gibt es eine F\u00fclle an m\u00f6glichen Unterk\u00fcnften: vom Guesthouse \u00fcber das traditionelle Motel bis hin zum Luxushotel.... Die Wahl liegt bei Ihnen!","inLanguage":"de","potentialAction":[{"@type":"ReadAction","target":["https:\/\/123-esta.com\/de\/welches-hotel-aus-usa-waehlen\/"]}]},{"@type":"WebSite","@id":"https:\/\/123-esta.com\/de\/#website","url":"https:\/\/123-esta.com\/de\/","name":"Formulaire ESTA pour les USA","description":"","publisher":{"@id":"https:\/\/123-esta.com\/de\/#organization"},"potentialAction":[{"@type":"SearchAction","target":{"@type":"EntryPoint","urlTemplate":"https:\/\/123-esta.com\/de\/?s={search_term_string}"},"query-input":{"@type":"PropertyValueSpecification","valueRequired":true,"valueName":"search_term_string"}}],"inLanguage":"de"},{"@type":"Organization","@id":"https:\/\/123-esta.com\/de\/#organization","name":"Formulaire ESTA pour les USA","url":"https:\/\/123-esta.com\/de\/","logo":{"@type":"ImageObject","inLanguage":"de","@id":"https:\/\/123-esta.com\/de\/#\/schema\/logo\/image\/","url":"https:\/\/123-esta.com\/wp-content\/uploads\/2018\/03\/logo-123-esta.png","contentUrl":"https:\/\/123-esta.com\/wp-content\/uploads\/2018\/03\/logo-123-esta.png","width":191,"height":54,"caption":"Formulaire ESTA pour les USA"},"image":{"@id":"https:\/\/123-esta.com\/de\/#\/schema\/logo\/image\/"}}]}},"_links":{"self":[{"href":"https:\/\/123-esta.com\/de\/wp-json\/wp\/v2\/pages\/2276","targetHints":{"allow":["GET"]}}],"collection":[{"href":"https:\/\/123-esta.com\/de\/wp-json\/wp\/v2\/pages"}],"about":[{"href":"https:\/\/123-esta.com\/de\/wp-json\/wp\/v2\/types\/page"}],"author":[{"embeddable":true,"href":"https:\/\/123-esta.com\/de\/wp-json\/wp\/v2\/users\/1"}],"replies":[{"embeddable":true,"href":"https:\/\/123-esta.com\/de\/wp-json\/wp\/v2\/comments?post=2276"}],"version-history":[{"count":0,"href":"https:\/\/123-esta.com\/de\/wp-json\/wp\/v2\/pages\/2276\/revisions"}],"wp:attachment":[{"href":"https:\/\/123-esta.com\/de\/wp-json\/wp\/v2\/media?parent=2276"}],"curies":[{"name":"wp","href":"https:\/\/api.w.org\/{rel}","templated":true}]}}