{"id":2274,"date":"2022-07-27T21:34:15","date_gmt":"2022-07-27T19:34:15","guid":{"rendered":"https:\/\/123-esta.com\/wie-loggen-kostenlos-bei-usa\/"},"modified":"2022-08-23T22:16:00","modified_gmt":"2022-08-23T20:16:00","slug":"so-finden-sie-eine-kostenlose-unterkunft-in-den-vereinigten-staaten","status":"publish","type":"page","link":"https:\/\/123-esta.com\/de\/so-finden-sie-eine-kostenlose-unterkunft-in-den-vereinigten-staaten\/","title":{"rendered":"Wie kann man in den USA kostenlos wohnen?"},"content":{"rendered":"<p>In einem fr\u00fcheren Artikel unseres Blogs haben wir dir verschiedene <a href=\"https:\/\/123-esta.com\/de\/welches-hotel-aus-usa-waehlen\/\">Tipps<\/a> gegeben, <a href=\"https:\/\/123-esta.com\/de\/welches-hotel-aus-usa-waehlen\/\">wie du in den USA deinem Budget entsprechend unterkommen<\/a> kannst. In diesem neuen Artikel wollen wir noch einen Schritt weiter gehen und dir 3 M\u00f6glichkeiten aufzeigen, wie du deine N\u00e4chte in den USA v\u00f6llig kostenlos verbringen kannst!<\/p>\n<p>Zur Erinnerung: Bevor Sie ein Abenteuer im Land von Uncle Sam planen, m\u00fcssen Sie unbedingt ein ESTA beantragen. Damit k\u00f6nnen Sie sich legal und ohne Probleme 90 Tage lang in den USA aufhalten.<\/p>\n<h2>Couchsurfing<\/h2>\n<p>Um am besten zu veranschaulichen, wie toll Couchsurfing in den USA sein kann und dass es zu 100 % kostenlos ist, erscheint es uns angebracht, das Beispiel eines unserer Leiter anzuf\u00fchren.<\/p>\n<p>Im Jahr 2013 hat einer von uns insgesamt 40 Tage auf amerikanischem Boden verbracht. In diesen 40 Tagen wurden mehr als 80 % der N\u00e4chte kostenlos \u00fcber Couchsurfing bei Einheimischen verbracht! Chicago, Boston, New York, Nashville, New Orleans, Las Vegas,&#8230; &#8211; alles St\u00e4dte, in denen unser Partner von einem Einheimischen mit offenen Armen empfangen wurde, von einer Nacht bis zu fast einer Woche!<\/p>\n<p>So kann Couchsurfing nat\u00fcrlich nicht nur in eine Richtung gehen. Mehrere Tipps sind unerl\u00e4sslich:<\/p>\n<ul>\n<li>Wenn Sie in Ihrer Wohnung\/Ihrem Haus in Frankreich etwas Platz haben, w\u00e4re es nett, wenn auch Sie dem einen oder anderen Reisenden eine Unterkunft anbieten k\u00f6nnten, vor allem, wenn Sie in einer Touristenregion wohnen. Das Geben und Nehmen ist das, was das Konzept des Couchsurfing m\u00f6glich macht. Dadurch k\u00f6nnen Sie auch anfangen, Referenzen zu haben, die sehr wichtig sind, um von anderen Mitgliedern akzeptiert zu werden.<\/li>\n<li>F\u00fclle dein Couchsurfing-Profil so vollst\u00e4ndig wie m\u00f6glich aus. Die meisten leeren Profile erhalten nie eine positive Antwort &#8230; au\u00dfer in F\u00e4llen, in denen Ihr einziges Foto eine h\u00fcbsche Dame zeigt, aber &#8230; w\u00fcrden Sie aus sexistischen Gr\u00fcnden untergebracht werden wollen?<\/li>\n<li>Wenn Sie Ihre Antr\u00e4ge stellen, passen Sie sie m\u00f6glichst wenig an! Zeigen Sie, dass Sie die Profile der Personen, an die Sie eine Anfrage richten, zumindest gelesen haben. Dies wird Ihre Chancen erheblich verbessern!<\/li>\n<li>Nehmen Sie kleine Geschenke &#8218;Made in France&#8216; mit, die Sie den Menschen, die Sie kostenlos beherbergen, schenken k\u00f6nnen&#8230; Das macht immer Freude!<\/li>\n<\/ul>\n<h2>Nachtbusse<\/h2>\n<p>Eine weitere tolle M\u00f6glichkeit, viel Geld zu sparen und kostenlos zu schlafen, ist, wenn du f\u00fcr deine Reisen so oft wie m\u00f6glich Nachtbusse nimmst! Dann m\u00fcssen Sie nat\u00fcrlich Ihre Fahrkarten bezahlen, aber es ist eine Win-Win-Situation! Sie verlieren keine Zeit auf Reisen und k\u00f6nnen w\u00e4hrend der Busfahrten schlafen.<\/p>\n<p>Die Busse von Unternehmen wie Greyhound sind sehr komfortabel und verf\u00fcgen \u00fcber viele Annehmlichkeiten, die im Fahrpreis inbegriffen sind: Verpflegung w\u00e4hrend der Fahrt, Telefonanschluss (etc.), WLAN, Luxus-Sitze etc.<\/p>\n<p>Der einzige Nachteil: Menschen, die gr\u00f6\u00dfer als 1,90 m sind, werden sich schnell eingeengt f\u00fchlen. Wenn Sie Pech haben, hat ein Baby in der Nachbarreihe gro\u00dfe Schwierigkeiten zu schlafen. Dazu kommt noch das m\u00f6gliche Schnarchen. Eine positive Einstellung und Ohrst\u00f6psel sollten Ihnen dennoch helfen.<\/p>\n<h2>Schlafen am Flughafen<\/h2>\n<p>Im Falle von Reisen, die aufgrund langer Entfernungen nicht mit dem Bus m\u00f6glich sind, werden die Abenteuerlustigen unter Ihnen nicht z\u00f6gern, Fl\u00fcge so fr\u00fch wie m\u00f6glich am Morgen zu bestellen!<\/p>\n<p>Angenommen, Ihr Flug geht um 6 Uhr morgens &#8230; z\u00f6gern Sie nicht, am Flughafen zu \u00fcbernachten. Viele Reisende w\u00e4hlen diese Option, ohne dass dies f\u00fcr die US-Beh\u00f6rden ein Problem darstellt. Mit einem Minimum an Organisation (ein Kissen und etwas, um Ihre Augen vor dem Licht zu sch\u00fctzen) k\u00f6nnten Sie sogar eine ausgezeichnete, wenn auch kurze Nacht verbringen.<\/p>\n","protected":false},"excerpt":{"rendered":"<p>In einem fr\u00fcheren Artikel unseres Blogs haben wir dir verschiedene Tipps gegeben, wie du in den USA deinem Budget entsprechend unterkommen kannst. In diesem neuen Artikel wollen wir noch einen Schritt weiter gehen und dir 3 M\u00f6glichkeiten aufzeigen, wie du deine N\u00e4chte in den USA v\u00f6llig kostenlos verbringen kannst! Zur Erinnerung: Bevor Sie ein Abenteuer [&hellip;]<\/p>\n","protected":false},"author":1,"featured_media":0,"parent":0,"menu_order":0,"comment_status":"closed","ping_status":"closed","template":"","meta":{"site-sidebar-layout":"default","site-content-layout":"default","ast-site-content-layout":"default","site-content-style":"default","site-sidebar-style":"default","ast-global-header-display":"","ast-banner-title-visibility":"","ast-main-header-display":"","ast-hfb-above-header-display":"","ast-hfb-below-header-display":"","ast-hfb-mobile-header-display":"","site-post-title":"","ast-breadcrumbs-content":"","ast-featured-img":"","footer-sml-layout":"","ast-disable-related-posts":"","theme-transparent-header-meta":"default","adv-header-id-meta":"","stick-header-meta":"default","header-above-stick-meta":"","header-main-stick-meta":"","header-below-stick-meta":"","astra-migrate-meta-layouts":"default","ast-page-background-enabled":"default","ast-page-background-meta":{"desktop":{"background-color":"","background-image":"","background-repeat":"repeat","background-position":"center center","background-size":"auto","background-attachment":"scroll","background-type":"","background-media":"","overlay-type":"","overlay-color":"","overlay-opacity":"","overlay-gradient":""},"tablet":{"background-color":"","background-image":"","background-repeat":"repeat","background-position":"center center","background-size":"auto","background-attachment":"scroll","background-type":"","background-media":"","overlay-type":"","overlay-color":"","overlay-opacity":"","overlay-gradient":""},"mobile":{"background-color":"","background-image":"","background-repeat":"repeat","background-position":"center center","background-size":"auto","background-attachment":"scroll","background-type":"","background-media":"","overlay-type":"","overlay-color":"","overlay-opacity":"","overlay-gradient":""}},"ast-content-background-meta":{"desktop":{"background-color":"var(--ast-global-color-5)","background-image":"","background-repeat":"repeat","background-position":"center center","background-size":"auto","background-attachment":"scroll","background-type":"","background-media":"","overlay-type":"","overlay-color":"","overlay-opacity":"","overlay-gradient":""},"tablet":{"background-color":"var(--ast-global-color-5)","background-image":"","background-repeat":"repeat","background-position":"center center","background-size":"auto","background-attachment":"scroll","background-type":"","background-media":"","overlay-type":"","overlay-color":"","overlay-opacity":"","overlay-gradient":""},"mobile":{"background-color":"var(--ast-global-color-5)","background-image":"","background-repeat":"repeat","background-position":"center center","background-size":"auto","background-attachment":"scroll","background-type":"","background-media":"","overlay-type":"","overlay-color":"","overlay-opacity":"","overlay-gradient":""}},"footnotes":""},"class_list":["post-2274","page","type-page","status-publish","hentry"],"yoast_head":"<!-- This site is optimized with the Yoast SEO plugin v27.1.1 - https:\/\/yoast.com\/product\/yoast-seo-wordpress\/ -->\n<title>Unsere Tipps f\u00fcr kostenloses Wohnen in den USA<\/title>\n<meta name=\"description\" content=\"Tipps f\u00fcr kostenloses Wohnen in den USA und \u00dcbernachten bei Einheimischen. wie man in den USA Couchsurfing betreibt oder mit dem Bus reist.\" \/>\n<meta name=\"robots\" content=\"index, follow, max-snippet:-1, max-image-preview:large, max-video-preview:-1\" \/>\n<link rel=\"canonical\" href=\"https:\/\/123-esta.com\/de\/so-finden-sie-eine-kostenlose-unterkunft-in-den-vereinigten-staaten\/\" \/>\n<meta property=\"og:locale\" content=\"de_DE\" \/>\n<meta property=\"og:type\" content=\"article\" \/>\n<meta property=\"og:title\" content=\"Unsere Tipps f\u00fcr kostenloses Wohnen in den USA\" \/>\n<meta property=\"og:description\" content=\"Tipps f\u00fcr kostenloses Wohnen in den USA und \u00dcbernachten bei Einheimischen. wie man in den USA Couchsurfing betreibt oder mit dem Bus reist.\" \/>\n<meta property=\"og:url\" content=\"https:\/\/123-esta.com\/de\/so-finden-sie-eine-kostenlose-unterkunft-in-den-vereinigten-staaten\/\" \/>\n<meta property=\"og:site_name\" content=\"Formulaire ESTA pour les USA\" \/>\n<meta property=\"article:modified_time\" content=\"2022-08-23T20:16:00+00:00\" \/>\n<meta name=\"twitter:card\" content=\"summary_large_image\" \/>\n<meta name=\"twitter:label1\" content=\"Gesch\u00e4tzte Lesezeit\" \/>\n\t<meta name=\"twitter:data1\" content=\"3\u00a0Minuten\" \/>\n<script type=\"application\/ld+json\" class=\"yoast-schema-graph\">{\"@context\":\"https:\/\/schema.org\",\"@graph\":[{\"@type\":\"WebPage\",\"@id\":\"https:\/\/123-esta.com\/de\/so-finden-sie-eine-kostenlose-unterkunft-in-den-vereinigten-staaten\/\",\"url\":\"https:\/\/123-esta.com\/de\/so-finden-sie-eine-kostenlose-unterkunft-in-den-vereinigten-staaten\/\",\"name\":\"Unsere Tipps f\u00fcr kostenloses Wohnen in den USA\",\"isPartOf\":{\"@id\":\"https:\/\/123-esta.com\/de\/#website\"},\"datePublished\":\"2022-07-27T19:34:15+00:00\",\"dateModified\":\"2022-08-23T20:16:00+00:00\",\"description\":\"Tipps f\u00fcr kostenloses Wohnen in den USA und \u00dcbernachten bei Einheimischen. wie man in den USA Couchsurfing betreibt oder mit dem Bus reist.\",\"inLanguage\":\"de\",\"potentialAction\":[{\"@type\":\"ReadAction\",\"target\":[\"https:\/\/123-esta.com\/de\/so-finden-sie-eine-kostenlose-unterkunft-in-den-vereinigten-staaten\/\"]}]},{\"@type\":\"WebSite\",\"@id\":\"https:\/\/123-esta.com\/de\/#website\",\"url\":\"https:\/\/123-esta.com\/de\/\",\"name\":\"Formulaire ESTA pour les USA\",\"description\":\"\",\"publisher\":{\"@id\":\"https:\/\/123-esta.com\/de\/#organization\"},\"potentialAction\":[{\"@type\":\"SearchAction\",\"target\":{\"@type\":\"EntryPoint\",\"urlTemplate\":\"https:\/\/123-esta.com\/de\/?s={search_term_string}\"},\"query-input\":{\"@type\":\"PropertyValueSpecification\",\"valueRequired\":true,\"valueName\":\"search_term_string\"}}],\"inLanguage\":\"de\"},{\"@type\":\"Organization\",\"@id\":\"https:\/\/123-esta.com\/de\/#organization\",\"name\":\"Formulaire ESTA pour les USA\",\"url\":\"https:\/\/123-esta.com\/de\/\",\"logo\":{\"@type\":\"ImageObject\",\"inLanguage\":\"de\",\"@id\":\"https:\/\/123-esta.com\/de\/#\/schema\/logo\/image\/\",\"url\":\"https:\/\/123-esta.com\/wp-content\/uploads\/2018\/03\/logo-123-esta.png\",\"contentUrl\":\"https:\/\/123-esta.com\/wp-content\/uploads\/2018\/03\/logo-123-esta.png\",\"width\":191,\"height\":54,\"caption\":\"Formulaire ESTA pour les USA\"},\"image\":{\"@id\":\"https:\/\/123-esta.com\/de\/#\/schema\/logo\/image\/\"}}]}<\/script>\n<!-- \/ Yoast SEO plugin. -->","yoast_head_json":{"title":"Unsere Tipps f\u00fcr kostenloses Wohnen in den USA","description":"Tipps f\u00fcr kostenloses Wohnen in den USA und \u00dcbernachten bei Einheimischen. wie man in den USA Couchsurfing betreibt oder mit dem Bus reist.","robots":{"index":"index","follow":"follow","max-snippet":"max-snippet:-1","max-image-preview":"max-image-preview:large","max-video-preview":"max-video-preview:-1"},"canonical":"https:\/\/123-esta.com\/de\/so-finden-sie-eine-kostenlose-unterkunft-in-den-vereinigten-staaten\/","og_locale":"de_DE","og_type":"article","og_title":"Unsere Tipps f\u00fcr kostenloses Wohnen in den USA","og_description":"Tipps f\u00fcr kostenloses Wohnen in den USA und \u00dcbernachten bei Einheimischen. wie man in den USA Couchsurfing betreibt oder mit dem Bus reist.","og_url":"https:\/\/123-esta.com\/de\/so-finden-sie-eine-kostenlose-unterkunft-in-den-vereinigten-staaten\/","og_site_name":"Formulaire ESTA pour les USA","article_modified_time":"2022-08-23T20:16:00+00:00","twitter_card":"summary_large_image","twitter_misc":{"Gesch\u00e4tzte Lesezeit":"3\u00a0Minuten"},"schema":{"@context":"https:\/\/schema.org","@graph":[{"@type":"WebPage","@id":"https:\/\/123-esta.com\/de\/so-finden-sie-eine-kostenlose-unterkunft-in-den-vereinigten-staaten\/","url":"https:\/\/123-esta.com\/de\/so-finden-sie-eine-kostenlose-unterkunft-in-den-vereinigten-staaten\/","name":"Unsere Tipps f\u00fcr kostenloses Wohnen in den USA","isPartOf":{"@id":"https:\/\/123-esta.com\/de\/#website"},"datePublished":"2022-07-27T19:34:15+00:00","dateModified":"2022-08-23T20:16:00+00:00","description":"Tipps f\u00fcr kostenloses Wohnen in den USA und \u00dcbernachten bei Einheimischen. wie man in den USA Couchsurfing betreibt oder mit dem Bus reist.","inLanguage":"de","potentialAction":[{"@type":"ReadAction","target":["https:\/\/123-esta.com\/de\/so-finden-sie-eine-kostenlose-unterkunft-in-den-vereinigten-staaten\/"]}]},{"@type":"WebSite","@id":"https:\/\/123-esta.com\/de\/#website","url":"https:\/\/123-esta.com\/de\/","name":"Formulaire ESTA pour les USA","description":"","publisher":{"@id":"https:\/\/123-esta.com\/de\/#organization"},"potentialAction":[{"@type":"SearchAction","target":{"@type":"EntryPoint","urlTemplate":"https:\/\/123-esta.com\/de\/?s={search_term_string}"},"query-input":{"@type":"PropertyValueSpecification","valueRequired":true,"valueName":"search_term_string"}}],"inLanguage":"de"},{"@type":"Organization","@id":"https:\/\/123-esta.com\/de\/#organization","name":"Formulaire ESTA pour les USA","url":"https:\/\/123-esta.com\/de\/","logo":{"@type":"ImageObject","inLanguage":"de","@id":"https:\/\/123-esta.com\/de\/#\/schema\/logo\/image\/","url":"https:\/\/123-esta.com\/wp-content\/uploads\/2018\/03\/logo-123-esta.png","contentUrl":"https:\/\/123-esta.com\/wp-content\/uploads\/2018\/03\/logo-123-esta.png","width":191,"height":54,"caption":"Formulaire ESTA pour les USA"},"image":{"@id":"https:\/\/123-esta.com\/de\/#\/schema\/logo\/image\/"}}]}},"_links":{"self":[{"href":"https:\/\/123-esta.com\/de\/wp-json\/wp\/v2\/pages\/2274","targetHints":{"allow":["GET"]}}],"collection":[{"href":"https:\/\/123-esta.com\/de\/wp-json\/wp\/v2\/pages"}],"about":[{"href":"https:\/\/123-esta.com\/de\/wp-json\/wp\/v2\/types\/page"}],"author":[{"embeddable":true,"href":"https:\/\/123-esta.com\/de\/wp-json\/wp\/v2\/users\/1"}],"replies":[{"embeddable":true,"href":"https:\/\/123-esta.com\/de\/wp-json\/wp\/v2\/comments?post=2274"}],"version-history":[{"count":0,"href":"https:\/\/123-esta.com\/de\/wp-json\/wp\/v2\/pages\/2274\/revisions"}],"wp:attachment":[{"href":"https:\/\/123-esta.com\/de\/wp-json\/wp\/v2\/media?parent=2274"}],"curies":[{"name":"wp","href":"https:\/\/api.w.org\/{rel}","templated":true}]}}