{"id":2266,"date":"2022-07-27T21:34:14","date_gmt":"2022-07-27T19:34:14","guid":{"rendered":"https:\/\/123-esta.com\/die-groessten-staedte-und-regionen-zu-besuchen-in-den-vereinigten-staaten\/"},"modified":"2022-08-23T23:51:58","modified_gmt":"2022-08-23T21:51:58","slug":"stadte-und-regionen-zu-besuchen-in-den-vereinigten-staaten","status":"publish","type":"page","link":"https:\/\/123-esta.com\/de\/stadte-und-regionen-zu-besuchen-in-den-vereinigten-staaten\/","title":{"rendered":"Die wichtigsten St\u00e4dte und Regionen, die Sie auf Ihrer Reise durch die USA besuchen sollten"},"content":{"rendered":"\n<p>Von Ost nach West und von Nord nach S\u00fcd haben die USA viel zu bieten, von wundersch\u00f6nen K\u00fcsten bis hin zu majest\u00e4tischen Bergketten, hochmoderne Metropolen, aber auch unglaubliche Naturkulissen. Es ist zweifellos f\u00fcr jeden Geschmack etwas dabei! Wenn Sie sich noch nicht sicher sind, was Sie <a href=\"https:\/\/123-esta.com\/de\/was-zu-sehen-und-zu-besuchen-in-den-vereinigten-staaten\/\">in den USA sehen und besuchen<\/a> sollen, hier sind unsere Empfehlungen!<\/p>\n\n<h2 class=\"wp-block-heading\">New York<\/h2>\n\n<p><a href=\"https:\/\/123-esta.com\/de\/top10-besichtigungen-new-york\/\">New York<\/a>, der Big Apple, ist ein Muss f\u00fcr alle Reisenden, besonders wenn Sie zum ersten Mal in den USA sind. Die Stadt ist nicht zuletzt dank der ber\u00fchmten gelben Taxis beliebt, die Tag und Nacht durch die Stadt fahren. Vom Rockefeller Center \u00fcber den Times Square und das Metropolitan Museum of Art bis hin zum Broadway und Manhattan &#8211; die Stadt, die niemals schl\u00e4ft, h\u00e4lt Sie rund um die Uhr auf Trab.<\/p>\n\n<h2 class=\"wp-block-heading\">Der Nordosten der USA<\/h2>\n\n<p>Zu den beliebtesten Reiserouten geh\u00f6rt auch der <a href=\"https:\/\/123-esta.com\/de\/was-zu-tun-im-nordosten-der-vereinigten-staaten\/\">Nordosten der USA<\/a>. Und das aus gutem Grund, denn in dieser Region der USA befinden sich drei der interessantesten St\u00e4dte des Landes: New York, Boston und Philadelphia. Ob Sie nun auf der Suche nach Modernit\u00e4t sind oder einen unstillbaren Hunger nach Geschichte und Kultur haben, Sie werden auf Ihre Kosten kommen, denn der Nordosten der USA ist die perfekte Mischung aus Alt und Neu. Sie werden es nicht glauben!<\/p>\n\n<h2 class=\"wp-block-heading\">Florida<\/h2>\n\n<p>Dieser Staat ist DAS perfekte Ziel f\u00fcr eine Familienreise: Das Wetter ist angenehm und die meiste Zeit des Jahres sonnig, so dass man lustige und aufregende Abenteuer f\u00fcr Gro\u00df und Klein unternehmen kann!  <a href=\"https:\/\/123-esta.com\/de\/was-in-florida-zu-tun-ist\/\">Florida<\/a> ist die Heimat zahlreicher Vergn\u00fcgungsparks wie Disney World oder Universal Studios.<\/p>\n\n<h2 class=\"wp-block-heading\">Kalifornien<\/h2>\n\n<p>M\u00f6chten Sie am Venice Beach spazieren gehen, die Cocktails im Beverley Hills Hotel probieren oder einen Schaufensterbummel durch die Einkaufsviertel von Los Angeles machen? Dann ist <a href=\"https:\/\/123-esta.com\/de\/was-zu-sehen-und-zu-besuchen-in-kalifornien\/\">Kalifornien<\/a> genau das Richtige f\u00fcr Sie! Sie k\u00f6nnen sogar Bustouren nutzen, um zu sehen, wo Ihre Lieblingsstars in Hollywood wohnen!<\/p>\n\n<h2 class=\"wp-block-heading\">New Orleans<\/h2>\n\n<p> <a href=\"https:\/\/123-esta.com\/de\/was-tun-new-orleans\/\">New Orleans<\/a> ist f\u00fcr seine bunten Festivals und sein Nachtleben mit verr\u00fcckten und lustigen Unterhaltungsangeboten bekannt und gilt als &#8222;Spezialist&#8220; f\u00fcr Partys. Auch die K\u00fcche kommt bei Liebhabern von Mahlzeiten mit kreolischem Einfluss nicht zu kurz. New Orleans ist eines der beliebtesten Reiseziele der Franzosen, was sich durch die historische Verbindung zwischen Louisiana und Frankreich erkl\u00e4ren l\u00e4sst.<\/p>\n\n<h2 class=\"wp-block-heading\">Nevada<\/h2>\n\n<p> <a href=\"https:\/\/123-esta.com\/de\/besuch-nevada-und-die-vereinigten-staaten\/\">Nevada<\/a> ist die Wiege der Stadt des Vergn\u00fcgens! Las Vegas liegt in der W\u00fcste und ist dennoch kein Ort, an dem es nichts zu tun gibt, ganz im Gegenteil: luxuri\u00f6se Hotels, riesige Kasinos, hervorragende K\u00fcche, erstklassige Einkaufsm\u00f6glichkeiten und atemberaubende Shows &#8211; in Las Vegas wird es nie langweilig!<\/p>\n\n<h2 class=\"wp-block-heading\">Das Wei\u00dfe Haus<\/h2>\n\n<p>Mit nicht weniger als 132 R\u00e4umen, 35 Badezimmern, 6 Stockwerken, 412 T\u00fcren, 147 Fenstern, 28 Kaminen, 8 Treppen und 3 Aufz\u00fcgen ist das <a href=\"https:\/\/123-esta.com\/de\/besuchen-sie-das-weibe-haus-usa\/\">Wei\u00dfe Haus<\/a> das Symbol der US-Regierung in der ganzen Welt. Teile dieses makellosen Geb\u00e4udes sind an jedem Tag des Jahres f\u00fcr die \u00d6ffentlichkeit zug\u00e4nglich, um die legend\u00e4re Einrichtung und die Gem\u00e4lde der ehemaligen Pr\u00e4sidenten zu bewundern. Als Ausl\u00e4nder sollten Sie sich fr\u00fchzeitig an Ihre Botschaft in Washington D.C. wenden, um Ihren Besuch zu arrangieren.<\/p>\n","protected":false},"excerpt":{"rendered":"<p>Von Ost nach West und von Nord nach S\u00fcd haben die USA viel zu bieten, von wundersch\u00f6nen K\u00fcsten bis hin zu majest\u00e4tischen Bergketten, hochmoderne Metropolen, aber auch unglaubliche Naturkulissen. Es ist zweifellos f\u00fcr jeden Geschmack etwas dabei! Wenn Sie sich noch nicht sicher sind, was Sie in den USA sehen und besuchen sollen, hier sind [&hellip;]<\/p>\n","protected":false},"author":1,"featured_media":0,"parent":0,"menu_order":0,"comment_status":"closed","ping_status":"closed","template":"","meta":{"site-sidebar-layout":"default","site-content-layout":"default","ast-site-content-layout":"default","site-content-style":"default","site-sidebar-style":"default","ast-global-header-display":"","ast-banner-title-visibility":"","ast-main-header-display":"","ast-hfb-above-header-display":"","ast-hfb-below-header-display":"","ast-hfb-mobile-header-display":"","site-post-title":"","ast-breadcrumbs-content":"","ast-featured-img":"","footer-sml-layout":"","ast-disable-related-posts":"","theme-transparent-header-meta":"default","adv-header-id-meta":"","stick-header-meta":"default","header-above-stick-meta":"","header-main-stick-meta":"","header-below-stick-meta":"","astra-migrate-meta-layouts":"default","ast-page-background-enabled":"default","ast-page-background-meta":{"desktop":{"background-color":"","background-image":"","background-repeat":"repeat","background-position":"center center","background-size":"auto","background-attachment":"scroll","background-type":"","background-media":"","overlay-type":"","overlay-color":"","overlay-opacity":"","overlay-gradient":""},"tablet":{"background-color":"","background-image":"","background-repeat":"repeat","background-position":"center center","background-size":"auto","background-attachment":"scroll","background-type":"","background-media":"","overlay-type":"","overlay-color":"","overlay-opacity":"","overlay-gradient":""},"mobile":{"background-color":"","background-image":"","background-repeat":"repeat","background-position":"center center","background-size":"auto","background-attachment":"scroll","background-type":"","background-media":"","overlay-type":"","overlay-color":"","overlay-opacity":"","overlay-gradient":""}},"ast-content-background-meta":{"desktop":{"background-color":"var(--ast-global-color-5)","background-image":"","background-repeat":"repeat","background-position":"center center","background-size":"auto","background-attachment":"scroll","background-type":"","background-media":"","overlay-type":"","overlay-color":"","overlay-opacity":"","overlay-gradient":""},"tablet":{"background-color":"var(--ast-global-color-5)","background-image":"","background-repeat":"repeat","background-position":"center center","background-size":"auto","background-attachment":"scroll","background-type":"","background-media":"","overlay-type":"","overlay-color":"","overlay-opacity":"","overlay-gradient":""},"mobile":{"background-color":"var(--ast-global-color-5)","background-image":"","background-repeat":"repeat","background-position":"center center","background-size":"auto","background-attachment":"scroll","background-type":"","background-media":"","overlay-type":"","overlay-color":"","overlay-opacity":"","overlay-gradient":""}},"footnotes":""},"class_list":["post-2266","page","type-page","status-publish","hentry"],"yoast_head":"<!-- This site is optimized with the Yoast SEO plugin v27.1.1 - https:\/\/yoast.com\/product\/yoast-seo-wordpress\/ -->\n<title>Reise USA: Die wichtigsten St\u00e4dte und Regionen, die Sie besuchen sollten<\/title>\n<meta name=\"description\" content=\"Welche gro\u00dfen St\u00e4dte und Regionen sollte man in den USA besuchen?\" \/>\n<meta name=\"robots\" content=\"index, follow, max-snippet:-1, max-image-preview:large, max-video-preview:-1\" \/>\n<link rel=\"canonical\" href=\"https:\/\/123-esta.com\/de\/stadte-und-regionen-zu-besuchen-in-den-vereinigten-staaten\/\" \/>\n<meta property=\"og:locale\" content=\"de_DE\" \/>\n<meta property=\"og:type\" content=\"article\" \/>\n<meta property=\"og:title\" content=\"Reise USA: Die wichtigsten St\u00e4dte und Regionen, die Sie besuchen sollten\" \/>\n<meta property=\"og:description\" content=\"Welche gro\u00dfen St\u00e4dte und Regionen sollte man in den USA besuchen?\" \/>\n<meta property=\"og:url\" content=\"https:\/\/123-esta.com\/de\/stadte-und-regionen-zu-besuchen-in-den-vereinigten-staaten\/\" \/>\n<meta property=\"og:site_name\" content=\"Formulaire ESTA pour les USA\" \/>\n<meta property=\"article:modified_time\" content=\"2022-08-23T21:51:58+00:00\" \/>\n<meta name=\"twitter:card\" content=\"summary_large_image\" \/>\n<meta name=\"twitter:label1\" content=\"Gesch\u00e4tzte Lesezeit\" \/>\n\t<meta name=\"twitter:data1\" content=\"3\u00a0Minuten\" \/>\n<script type=\"application\/ld+json\" class=\"yoast-schema-graph\">{\"@context\":\"https:\/\/schema.org\",\"@graph\":[{\"@type\":\"WebPage\",\"@id\":\"https:\/\/123-esta.com\/de\/stadte-und-regionen-zu-besuchen-in-den-vereinigten-staaten\/\",\"url\":\"https:\/\/123-esta.com\/de\/stadte-und-regionen-zu-besuchen-in-den-vereinigten-staaten\/\",\"name\":\"Reise USA: Die wichtigsten St\u00e4dte und Regionen, die Sie besuchen sollten\",\"isPartOf\":{\"@id\":\"https:\/\/123-esta.com\/de\/#website\"},\"datePublished\":\"2022-07-27T19:34:14+00:00\",\"dateModified\":\"2022-08-23T21:51:58+00:00\",\"description\":\"Welche gro\u00dfen St\u00e4dte und Regionen sollte man in den USA besuchen?\",\"inLanguage\":\"de\",\"potentialAction\":[{\"@type\":\"ReadAction\",\"target\":[\"https:\/\/123-esta.com\/de\/stadte-und-regionen-zu-besuchen-in-den-vereinigten-staaten\/\"]}]},{\"@type\":\"WebSite\",\"@id\":\"https:\/\/123-esta.com\/de\/#website\",\"url\":\"https:\/\/123-esta.com\/de\/\",\"name\":\"Formulaire ESTA pour les USA\",\"description\":\"\",\"publisher\":{\"@id\":\"https:\/\/123-esta.com\/de\/#organization\"},\"potentialAction\":[{\"@type\":\"SearchAction\",\"target\":{\"@type\":\"EntryPoint\",\"urlTemplate\":\"https:\/\/123-esta.com\/de\/?s={search_term_string}\"},\"query-input\":{\"@type\":\"PropertyValueSpecification\",\"valueRequired\":true,\"valueName\":\"search_term_string\"}}],\"inLanguage\":\"de\"},{\"@type\":\"Organization\",\"@id\":\"https:\/\/123-esta.com\/de\/#organization\",\"name\":\"Formulaire ESTA pour les USA\",\"url\":\"https:\/\/123-esta.com\/de\/\",\"logo\":{\"@type\":\"ImageObject\",\"inLanguage\":\"de\",\"@id\":\"https:\/\/123-esta.com\/de\/#\/schema\/logo\/image\/\",\"url\":\"https:\/\/123-esta.com\/wp-content\/uploads\/2018\/03\/logo-123-esta.png\",\"contentUrl\":\"https:\/\/123-esta.com\/wp-content\/uploads\/2018\/03\/logo-123-esta.png\",\"width\":191,\"height\":54,\"caption\":\"Formulaire ESTA pour les USA\"},\"image\":{\"@id\":\"https:\/\/123-esta.com\/de\/#\/schema\/logo\/image\/\"}}]}<\/script>\n<!-- \/ Yoast SEO plugin. -->","yoast_head_json":{"title":"Reise USA: Die wichtigsten St\u00e4dte und Regionen, die Sie besuchen sollten","description":"Welche gro\u00dfen St\u00e4dte und Regionen sollte man in den USA besuchen?","robots":{"index":"index","follow":"follow","max-snippet":"max-snippet:-1","max-image-preview":"max-image-preview:large","max-video-preview":"max-video-preview:-1"},"canonical":"https:\/\/123-esta.com\/de\/stadte-und-regionen-zu-besuchen-in-den-vereinigten-staaten\/","og_locale":"de_DE","og_type":"article","og_title":"Reise USA: Die wichtigsten St\u00e4dte und Regionen, die Sie besuchen sollten","og_description":"Welche gro\u00dfen St\u00e4dte und Regionen sollte man in den USA besuchen?","og_url":"https:\/\/123-esta.com\/de\/stadte-und-regionen-zu-besuchen-in-den-vereinigten-staaten\/","og_site_name":"Formulaire ESTA pour les USA","article_modified_time":"2022-08-23T21:51:58+00:00","twitter_card":"summary_large_image","twitter_misc":{"Gesch\u00e4tzte Lesezeit":"3\u00a0Minuten"},"schema":{"@context":"https:\/\/schema.org","@graph":[{"@type":"WebPage","@id":"https:\/\/123-esta.com\/de\/stadte-und-regionen-zu-besuchen-in-den-vereinigten-staaten\/","url":"https:\/\/123-esta.com\/de\/stadte-und-regionen-zu-besuchen-in-den-vereinigten-staaten\/","name":"Reise USA: Die wichtigsten St\u00e4dte und Regionen, die Sie besuchen sollten","isPartOf":{"@id":"https:\/\/123-esta.com\/de\/#website"},"datePublished":"2022-07-27T19:34:14+00:00","dateModified":"2022-08-23T21:51:58+00:00","description":"Welche gro\u00dfen St\u00e4dte und Regionen sollte man in den USA besuchen?","inLanguage":"de","potentialAction":[{"@type":"ReadAction","target":["https:\/\/123-esta.com\/de\/stadte-und-regionen-zu-besuchen-in-den-vereinigten-staaten\/"]}]},{"@type":"WebSite","@id":"https:\/\/123-esta.com\/de\/#website","url":"https:\/\/123-esta.com\/de\/","name":"Formulaire ESTA pour les USA","description":"","publisher":{"@id":"https:\/\/123-esta.com\/de\/#organization"},"potentialAction":[{"@type":"SearchAction","target":{"@type":"EntryPoint","urlTemplate":"https:\/\/123-esta.com\/de\/?s={search_term_string}"},"query-input":{"@type":"PropertyValueSpecification","valueRequired":true,"valueName":"search_term_string"}}],"inLanguage":"de"},{"@type":"Organization","@id":"https:\/\/123-esta.com\/de\/#organization","name":"Formulaire ESTA pour les USA","url":"https:\/\/123-esta.com\/de\/","logo":{"@type":"ImageObject","inLanguage":"de","@id":"https:\/\/123-esta.com\/de\/#\/schema\/logo\/image\/","url":"https:\/\/123-esta.com\/wp-content\/uploads\/2018\/03\/logo-123-esta.png","contentUrl":"https:\/\/123-esta.com\/wp-content\/uploads\/2018\/03\/logo-123-esta.png","width":191,"height":54,"caption":"Formulaire ESTA pour les USA"},"image":{"@id":"https:\/\/123-esta.com\/de\/#\/schema\/logo\/image\/"}}]}},"_links":{"self":[{"href":"https:\/\/123-esta.com\/de\/wp-json\/wp\/v2\/pages\/2266","targetHints":{"allow":["GET"]}}],"collection":[{"href":"https:\/\/123-esta.com\/de\/wp-json\/wp\/v2\/pages"}],"about":[{"href":"https:\/\/123-esta.com\/de\/wp-json\/wp\/v2\/types\/page"}],"author":[{"embeddable":true,"href":"https:\/\/123-esta.com\/de\/wp-json\/wp\/v2\/users\/1"}],"replies":[{"embeddable":true,"href":"https:\/\/123-esta.com\/de\/wp-json\/wp\/v2\/comments?post=2266"}],"version-history":[{"count":0,"href":"https:\/\/123-esta.com\/de\/wp-json\/wp\/v2\/pages\/2266\/revisions"}],"wp:attachment":[{"href":"https:\/\/123-esta.com\/de\/wp-json\/wp\/v2\/media?parent=2266"}],"curies":[{"name":"wp","href":"https:\/\/api.w.org\/{rel}","templated":true}]}}