{"id":2260,"date":"2022-07-27T21:34:13","date_gmt":"2022-07-27T19:34:13","guid":{"rendered":"https:\/\/123-esta.com\/was-tun-new-orleans\/"},"modified":"2022-09-16T10:37:44","modified_gmt":"2022-09-16T08:37:44","slug":"was-tun-new-orleans","status":"publish","type":"page","link":"https:\/\/123-esta.com\/de\/was-tun-new-orleans\/","title":{"rendered":"Was kann man in New Orleans sehen und unternehmen?"},"content":{"rendered":"\n<p>Wenn Sie franz\u00f6sischsprachig sind, gute Musik m\u00f6gen und schon immer davon getr\u00e4umt haben, die USA zu entdecken, k\u00f6nnen wir Ihnen nur raten, einen Ausflug nach Louisiana, New Orleans, zu machen! Eine der <a href=\"\/\/123-esta.com\/les-grandes-villes-et-regions-a-visiter-aux-etats-unis\/\">symboltr\u00e4chtigen Hochburgen der USA<\/a>.<\/p>\n\n<p>Mit einer Bev\u00f6lkerung von etwas mehr als 1.240.000 Einwohnern ist New Orleans die gr\u00f6\u00dfte Stadt eines Staates, der mit etwas Gl\u00fcck oder Verstand zu Frankreich h\u00e4tte geh\u00f6ren k\u00f6nnen! Tats\u00e4chlich wurde die Stadt 1803 von Napoleon Bonaparte zusammen mit Louisiana endg\u00fcltig an die Vereinigten Staaten verkauft.<\/p>\n\n<p>Diese Zeit liegt zwar lange zur\u00fcck, aber sie macht die Stadt zu einem einzigartigen Ort in den USA, mit einer f\u00fcr die Stadt typischen Kolonialarchitektur, einer unglaublich hochwertigen schwarz-amerikanischen Musikszene und einem ber\u00fchmten Viertel, das zu Ehren Frankreichs benannt wurde: dem French Quarter.<\/p>\n\n<p>Wenn Sie die unglaubliche Kultur Louisianas kennenlernen m\u00f6chten, sollten Sie nicht vergessen, eine ESTA-Genehmigung zu beantragen, die es Ihnen erm\u00f6glicht, die ehemalige franz\u00f6sische Stadt bis zu drei Monate lang legal zu besuchen. Wenn Sie Ihre Erlaubnis erhalten haben, steht es Ihnen frei, die verschiedenen Anziehungspunkte zu entdecken, die wir im Folgenden nennen werden.<\/p>\n\n<h2 class=\"wp-block-heading\">New Orleans und sein ber\u00fchmtes French Quarter!<\/h2>\n\n<p>Das &#8218;French Quarter&#8216; (oder Vieux Carr\u00e9 Fran\u00e7ais in VF) ist das historische Zentrum einer Stadt, die 1718 von Jean-Baptiste Le Moyne de Bienville gegr\u00fcndet wurde. Es ist in den gesamten USA einzigartig, da es die Architektur erhalten hat, die bereits vor \u00fcber 200 Jahren \u00fcblich war, was im Land von Uncle Sam \u00e4u\u00dferst selten vorkommt.<\/p>\n\n<p>Alle H\u00e4user in der Gegend stehen unter Denkmalschutz und werden von ihren oftmals wohlhabenden Besitzern verh\u00e4tschelt. W\u00e4hrend des B\u00fcrgerkriegs wurde dieser Teil der Stadt gl\u00fccklicherweise von der Zerst\u00f6rung verschont, da die Einheimischen beschlossen, nicht zu k\u00e4mpfen. Das Viertel wurde 1,5 Meter \u00fcber dem Meeresspiegel gebaut, so dass nur die tiefer gelegenen, oft armen Viertel wirklich betroffen waren.<\/p>\n\n<p>Bei einem Besuch im French Quarter k\u00f6nnen Sie die St. Louis Cathedral of New Orleans, die \u00e4lteste noch stehende Kirche in den USA (gegr\u00fcndet 1718), die Bourbon Street mit ihren typischen H\u00e4usern, aber auch die Royal Street, einen Hotspot f\u00fcr n\u00e4chtliche Feierlichkeiten von Touristen aus aller Welt, bewundern.<\/p>\n\n<h2 class=\"wp-block-heading\">Jazz, Blues, New Orleans und seine musikliebende Seite<\/h2>\n\n<p>Ein Besuch in New Orleans w\u00e4re nicht vollst\u00e4ndig, ohne sich mit der musikliebenden Seite dieser wundersch\u00f6nen Stadt zu befassen. Viele ber\u00fchmte K\u00fcnstler wie Louis Armstrong, Fats Domino, King Oliver und andere stammen aus dieser Region. Die Liste ist lang!<\/p>\n\n<p>Wenn Sie eine nicht zu touristische Erfahrung machen wollen, die Ihnen n\u00e4her bringt, wie die verr\u00fcckten Musikabende in New Orleans zu Beginn des Jazz und Blues gewesen sein m\u00fcssen, empfehlen wir Ihnen mehr denn je, die Spotted Cat zu besuchen! Diese legend\u00e4re Jazz-Musik-Bar in der Frenchmen Street bietet Ihnen k\u00f6stliche handwerklich gebraute Biere, die Sie (in Ma\u00dfen) vor einer der vielen Musikshows genie\u00dfen k\u00f6nnen, die jeden Tag vor Ort aufgef\u00fchrt werden. Unvergesslich!<\/p>\n\n<h2 class=\"wp-block-heading\">Wann sollte man New Orleans besuchen?<\/h2>\n\n<p>Wenn Sie Ihre ESTA-Genehmigung f\u00fcr die legale Einreise in die USA erhalten haben, k\u00f6nnen Sie endlich die Stadt erkunden, die von den Einheimischen NoLa genannt wird. Hierf\u00fcr empfehlen wir Ihnen dringend, zwischen Oktober und Mai zu kommen, da dies nicht die regenreichsten und windigsten Monate sind.<\/p>\n\n<p>Au\u00dferhalb dieser Zeit ist die Stadt leider daf\u00fcr bekannt, sehr empfindlich gegen\u00fcber den Angriffen von Mutter Natur zu sein. Im Laufe ihrer Geschichte wurde die Stadt 27 Mal (!) durch Wetterkatastrophen verw\u00fcstet. Wetten, dass Sie au\u00dferhalb der Monate Juni, Juli, August und September absolut kein Risiko eingehen?<\/p>\n","protected":false},"excerpt":{"rendered":"<p>Wenn Sie franz\u00f6sischsprachig sind, gute Musik m\u00f6gen und schon immer davon getr\u00e4umt haben, die USA zu entdecken, k\u00f6nnen wir Ihnen nur raten, einen Ausflug nach Louisiana, New Orleans, zu machen! Eine der symboltr\u00e4chtigen Hochburgen der USA. Mit einer Bev\u00f6lkerung von etwas mehr als 1.240.000 Einwohnern ist New Orleans die gr\u00f6\u00dfte Stadt eines Staates, der mit [&hellip;]<\/p>\n","protected":false},"author":1,"featured_media":0,"parent":0,"menu_order":0,"comment_status":"closed","ping_status":"closed","template":"","meta":{"site-sidebar-layout":"default","site-content-layout":"default","ast-site-content-layout":"default","site-content-style":"default","site-sidebar-style":"default","ast-global-header-display":"","ast-banner-title-visibility":"","ast-main-header-display":"","ast-hfb-above-header-display":"","ast-hfb-below-header-display":"","ast-hfb-mobile-header-display":"","site-post-title":"","ast-breadcrumbs-content":"","ast-featured-img":"","footer-sml-layout":"","ast-disable-related-posts":"","theme-transparent-header-meta":"default","adv-header-id-meta":"","stick-header-meta":"default","header-above-stick-meta":"","header-main-stick-meta":"","header-below-stick-meta":"","astra-migrate-meta-layouts":"default","ast-page-background-enabled":"default","ast-page-background-meta":{"desktop":{"background-color":"","background-image":"","background-repeat":"repeat","background-position":"center center","background-size":"auto","background-attachment":"scroll","background-type":"","background-media":"","overlay-type":"","overlay-color":"","overlay-opacity":"","overlay-gradient":""},"tablet":{"background-color":"","background-image":"","background-repeat":"repeat","background-position":"center center","background-size":"auto","background-attachment":"scroll","background-type":"","background-media":"","overlay-type":"","overlay-color":"","overlay-opacity":"","overlay-gradient":""},"mobile":{"background-color":"","background-image":"","background-repeat":"repeat","background-position":"center center","background-size":"auto","background-attachment":"scroll","background-type":"","background-media":"","overlay-type":"","overlay-color":"","overlay-opacity":"","overlay-gradient":""}},"ast-content-background-meta":{"desktop":{"background-color":"var(--ast-global-color-5)","background-image":"","background-repeat":"repeat","background-position":"center center","background-size":"auto","background-attachment":"scroll","background-type":"","background-media":"","overlay-type":"","overlay-color":"","overlay-opacity":"","overlay-gradient":""},"tablet":{"background-color":"var(--ast-global-color-5)","background-image":"","background-repeat":"repeat","background-position":"center center","background-size":"auto","background-attachment":"scroll","background-type":"","background-media":"","overlay-type":"","overlay-color":"","overlay-opacity":"","overlay-gradient":""},"mobile":{"background-color":"var(--ast-global-color-5)","background-image":"","background-repeat":"repeat","background-position":"center center","background-size":"auto","background-attachment":"scroll","background-type":"","background-media":"","overlay-type":"","overlay-color":"","overlay-opacity":"","overlay-gradient":""}},"footnotes":""},"class_list":["post-2260","page","type-page","status-publish","hentry"],"yoast_head":"<!-- This site is optimized with the Yoast SEO plugin v27.1.1 - https:\/\/yoast.com\/product\/yoast-seo-wordpress\/ -->\n<title>Was kann man in New Orleans sehen und unternehmen?<\/title>\n<meta name=\"description\" content=\"La Nouvelles Orl\u00e9ans, seine franz\u00f6sischen Wurzeln, Jazz und kreolische Spezialit\u00e4ten sind mit dem ESTA in greifbare N\u00e4he ger\u00fcckt. Z\u00f6gern Sie nicht l\u00e4nger!\" \/>\n<meta name=\"robots\" content=\"index, follow, max-snippet:-1, max-image-preview:large, max-video-preview:-1\" \/>\n<link rel=\"canonical\" href=\"https:\/\/123-esta.com\/de\/was-tun-new-orleans\/\" \/>\n<meta property=\"og:locale\" content=\"de_DE\" \/>\n<meta property=\"og:type\" content=\"article\" \/>\n<meta property=\"og:title\" content=\"Was kann man in New Orleans sehen und unternehmen?\" \/>\n<meta property=\"og:description\" content=\"La Nouvelles Orl\u00e9ans, seine franz\u00f6sischen Wurzeln, Jazz und kreolische Spezialit\u00e4ten sind mit dem ESTA in greifbare N\u00e4he ger\u00fcckt. Z\u00f6gern Sie nicht l\u00e4nger!\" \/>\n<meta property=\"og:url\" content=\"https:\/\/123-esta.com\/de\/was-tun-new-orleans\/\" \/>\n<meta property=\"og:site_name\" content=\"Formulaire ESTA pour les USA\" \/>\n<meta property=\"article:modified_time\" content=\"2022-09-16T08:37:44+00:00\" \/>\n<meta name=\"twitter:card\" content=\"summary_large_image\" \/>\n<meta name=\"twitter:label1\" content=\"Gesch\u00e4tzte Lesezeit\" \/>\n\t<meta name=\"twitter:data1\" content=\"3\u00a0Minuten\" \/>\n<script type=\"application\/ld+json\" class=\"yoast-schema-graph\">{\"@context\":\"https:\/\/schema.org\",\"@graph\":[{\"@type\":\"WebPage\",\"@id\":\"https:\/\/123-esta.com\/de\/was-tun-new-orleans\/\",\"url\":\"https:\/\/123-esta.com\/de\/was-tun-new-orleans\/\",\"name\":\"Was kann man in New Orleans sehen und unternehmen?\",\"isPartOf\":{\"@id\":\"https:\/\/123-esta.com\/de\/#website\"},\"datePublished\":\"2022-07-27T19:34:13+00:00\",\"dateModified\":\"2022-09-16T08:37:44+00:00\",\"description\":\"La Nouvelles Orl\u00e9ans, seine franz\u00f6sischen Wurzeln, Jazz und kreolische Spezialit\u00e4ten sind mit dem ESTA in greifbare N\u00e4he ger\u00fcckt. Z\u00f6gern Sie nicht l\u00e4nger!\",\"inLanguage\":\"de\",\"potentialAction\":[{\"@type\":\"ReadAction\",\"target\":[\"https:\/\/123-esta.com\/de\/was-tun-new-orleans\/\"]}]},{\"@type\":\"WebSite\",\"@id\":\"https:\/\/123-esta.com\/de\/#website\",\"url\":\"https:\/\/123-esta.com\/de\/\",\"name\":\"Formulaire ESTA pour les USA\",\"description\":\"\",\"publisher\":{\"@id\":\"https:\/\/123-esta.com\/de\/#organization\"},\"potentialAction\":[{\"@type\":\"SearchAction\",\"target\":{\"@type\":\"EntryPoint\",\"urlTemplate\":\"https:\/\/123-esta.com\/de\/?s={search_term_string}\"},\"query-input\":{\"@type\":\"PropertyValueSpecification\",\"valueRequired\":true,\"valueName\":\"search_term_string\"}}],\"inLanguage\":\"de\"},{\"@type\":\"Organization\",\"@id\":\"https:\/\/123-esta.com\/de\/#organization\",\"name\":\"Formulaire ESTA pour les USA\",\"url\":\"https:\/\/123-esta.com\/de\/\",\"logo\":{\"@type\":\"ImageObject\",\"inLanguage\":\"de\",\"@id\":\"https:\/\/123-esta.com\/de\/#\/schema\/logo\/image\/\",\"url\":\"https:\/\/123-esta.com\/wp-content\/uploads\/2018\/03\/logo-123-esta.png\",\"contentUrl\":\"https:\/\/123-esta.com\/wp-content\/uploads\/2018\/03\/logo-123-esta.png\",\"width\":191,\"height\":54,\"caption\":\"Formulaire ESTA pour les USA\"},\"image\":{\"@id\":\"https:\/\/123-esta.com\/de\/#\/schema\/logo\/image\/\"}}]}<\/script>\n<!-- \/ Yoast SEO plugin. -->","yoast_head_json":{"title":"Was kann man in New Orleans sehen und unternehmen?","description":"La Nouvelles Orl\u00e9ans, seine franz\u00f6sischen Wurzeln, Jazz und kreolische Spezialit\u00e4ten sind mit dem ESTA in greifbare N\u00e4he ger\u00fcckt. Z\u00f6gern Sie nicht l\u00e4nger!","robots":{"index":"index","follow":"follow","max-snippet":"max-snippet:-1","max-image-preview":"max-image-preview:large","max-video-preview":"max-video-preview:-1"},"canonical":"https:\/\/123-esta.com\/de\/was-tun-new-orleans\/","og_locale":"de_DE","og_type":"article","og_title":"Was kann man in New Orleans sehen und unternehmen?","og_description":"La Nouvelles Orl\u00e9ans, seine franz\u00f6sischen Wurzeln, Jazz und kreolische Spezialit\u00e4ten sind mit dem ESTA in greifbare N\u00e4he ger\u00fcckt. Z\u00f6gern Sie nicht l\u00e4nger!","og_url":"https:\/\/123-esta.com\/de\/was-tun-new-orleans\/","og_site_name":"Formulaire ESTA pour les USA","article_modified_time":"2022-09-16T08:37:44+00:00","twitter_card":"summary_large_image","twitter_misc":{"Gesch\u00e4tzte Lesezeit":"3\u00a0Minuten"},"schema":{"@context":"https:\/\/schema.org","@graph":[{"@type":"WebPage","@id":"https:\/\/123-esta.com\/de\/was-tun-new-orleans\/","url":"https:\/\/123-esta.com\/de\/was-tun-new-orleans\/","name":"Was kann man in New Orleans sehen und unternehmen?","isPartOf":{"@id":"https:\/\/123-esta.com\/de\/#website"},"datePublished":"2022-07-27T19:34:13+00:00","dateModified":"2022-09-16T08:37:44+00:00","description":"La Nouvelles Orl\u00e9ans, seine franz\u00f6sischen Wurzeln, Jazz und kreolische Spezialit\u00e4ten sind mit dem ESTA in greifbare N\u00e4he ger\u00fcckt. Z\u00f6gern Sie nicht l\u00e4nger!","inLanguage":"de","potentialAction":[{"@type":"ReadAction","target":["https:\/\/123-esta.com\/de\/was-tun-new-orleans\/"]}]},{"@type":"WebSite","@id":"https:\/\/123-esta.com\/de\/#website","url":"https:\/\/123-esta.com\/de\/","name":"Formulaire ESTA pour les USA","description":"","publisher":{"@id":"https:\/\/123-esta.com\/de\/#organization"},"potentialAction":[{"@type":"SearchAction","target":{"@type":"EntryPoint","urlTemplate":"https:\/\/123-esta.com\/de\/?s={search_term_string}"},"query-input":{"@type":"PropertyValueSpecification","valueRequired":true,"valueName":"search_term_string"}}],"inLanguage":"de"},{"@type":"Organization","@id":"https:\/\/123-esta.com\/de\/#organization","name":"Formulaire ESTA pour les USA","url":"https:\/\/123-esta.com\/de\/","logo":{"@type":"ImageObject","inLanguage":"de","@id":"https:\/\/123-esta.com\/de\/#\/schema\/logo\/image\/","url":"https:\/\/123-esta.com\/wp-content\/uploads\/2018\/03\/logo-123-esta.png","contentUrl":"https:\/\/123-esta.com\/wp-content\/uploads\/2018\/03\/logo-123-esta.png","width":191,"height":54,"caption":"Formulaire ESTA pour les USA"},"image":{"@id":"https:\/\/123-esta.com\/de\/#\/schema\/logo\/image\/"}}]}},"_links":{"self":[{"href":"https:\/\/123-esta.com\/de\/wp-json\/wp\/v2\/pages\/2260","targetHints":{"allow":["GET"]}}],"collection":[{"href":"https:\/\/123-esta.com\/de\/wp-json\/wp\/v2\/pages"}],"about":[{"href":"https:\/\/123-esta.com\/de\/wp-json\/wp\/v2\/types\/page"}],"author":[{"embeddable":true,"href":"https:\/\/123-esta.com\/de\/wp-json\/wp\/v2\/users\/1"}],"replies":[{"embeddable":true,"href":"https:\/\/123-esta.com\/de\/wp-json\/wp\/v2\/comments?post=2260"}],"version-history":[{"count":0,"href":"https:\/\/123-esta.com\/de\/wp-json\/wp\/v2\/pages\/2260\/revisions"}],"wp:attachment":[{"href":"https:\/\/123-esta.com\/de\/wp-json\/wp\/v2\/media?parent=2260"}],"curies":[{"name":"wp","href":"https:\/\/api.w.org\/{rel}","templated":true}]}}