{"id":2258,"date":"2022-07-27T21:34:13","date_gmt":"2022-07-27T19:34:13","guid":{"rendered":"https:\/\/123-esta.com\/was-zu-sehen-und-zu-besuchen-in-den-vereinigten-staaten\/"},"modified":"2022-09-13T20:55:03","modified_gmt":"2022-09-13T18:55:03","slug":"was-zu-sehen-und-zu-besuchen-in-den-vereinigten-staaten","status":"publish","type":"page","link":"https:\/\/123-esta.com\/de\/was-zu-sehen-und-zu-besuchen-in-den-vereinigten-staaten\/","title":{"rendered":"Was kann man in den USA sehen und besuchen?"},"content":{"rendered":"\n<p>In die Vereinigten Staaten zu reisen, kann manchmal einem wahren Hindernislauf gleichen. Ein <a href=\"https:\/\/123-esta.com\/de\/tipps-fuer-reisen-in-die-usa\/\">Ratschlag vor der Abreise in die USA<\/a>, um Unannehmlichkeiten so weit wie m\u00f6glich zu vermeiden: Bereiten Sie sich auf Ihren Aufenthalt vor, indem Sie insbesondere Ihr Englisch auffrischen und alle notwendigen Dokumente bereithalten. Und um sicherzugehen, dass du keine Zeit verlierst, definiere am besten die Orte, die du in den USA besuchen m\u00f6chtest, denn es gibt so viele davon, dass du eine Auswahl treffen musst! Apropos: Wissen Sie, was Sie auf einer Reise in die USA sehen sollten?<\/p>\n\n<h2 class=\"wp-block-heading\">Unverzichtbare Orte, die man in den USA gesehen haben muss<\/h2>\n\n<p>Mit einer Fl\u00e4che von fast einer Million Quadratmetern rangieren die USA auf Platz 3 der gr\u00f6\u00dften L\u00e4nder der Welt. Die Liste <a href=\"https:\/\/123-esta.com\/de\/stadte-und-regionen-zu-besuchen-in-den-vereinigten-staaten\/\">der gro\u00dfen St\u00e4dte und Regionen, die man in den USA besuchen<\/a> kann, k\u00f6nnte ein Leben lang dauern. Widmen wir uns also den unumg\u00e4nglichen Orten, die den Ruf der USA ausmachen und Lust auf eine Reise in die Vereinigten Staaten machen.<\/p>\n\n<p>Wie kann man nicht \u00fcber New York sprechen? So bekannt, dass die Stadt oft als Hauptstadt des Landes angesehen wird. Als kosmopolitische Stadt par excellence, die niemals schl\u00e4ft, hat sie Attraktionen f\u00fcr jeden Geschmack zu bieten. F\u00fcr Naturliebhaber ist ein Ausflug zum Grand Canyon sehr empfehlenswert, dessen Entstehungsgeschichte \u00fcber 1,7 Millionen Jahre zur\u00fcckreicht. Die Zocker unter Ihnen werden sicher alle ihre Chips in Las Vegas auf Rot setzen, der Stadt aller Laster, wo der Jackpot auf seinen n\u00e4chsten Besitzer wartet.<\/p>\n\n<p>Wenn Sie Kinder haben oder selbst noch eine kindliche Seele besitzen, ist jeder Grund gut genug, um in Disney World mit seinem riesigen Vergn\u00fcgungspark zu staunen. Keine Sorge wegen der Unterkunft: Es wird Ihnen m\u00f6glich sein, <a href=\"https:\/\/123-esta.com\/de\/welches-hotel-aus-usa-waehlen\/\">ein Hotel zu finden<\/a>, in dem Sie eine Nacht in einer unwirklichen Landschaft verbringen k\u00f6nnen. Halten wir schlie\u00dflich in San Francisco und seiner ber\u00fchmten Golden Gate Bridge an. Die Stadt h\u00f6rt jedoch nicht bei der Br\u00fccke auf, sondern bietet viele typische Gesch\u00e4fte und hoch angesehene Restaurants. In ihren Vierteln entwickelte sich auch die Hippie-Bewegung f\u00fcr diejenigen, die sich f\u00fcr eine R\u00fcckkehr zu den Wurzeln des Summer of Love von 1967 interessieren.<\/p>\n\n<h2 class=\"wp-block-heading\">Wo kann man sich auf einer Reise durch die USA erholen?<\/h2>\n\n<p>F\u00fcr alle, die den Trubel der touristischen Hotspots vermeiden m\u00f6chten, gibt es in den USA auch weniger bekannte Orte, die man besuchen kann, die aber genauso interessant sind, vor allem, wenn es um Erholung geht.<\/p>\n\n<p>Warum nicht einen der Badeorte besuchen? Oder Skigebiete? Das Snowmass Resort in Colorado ist zum Beispiel eines der bekanntesten des Landes und im Winter genauso sch\u00f6n wie im Sommer. Wenn Sie sich f\u00fcr eine Weile von der Au\u00dfenwelt abschotten m\u00f6chten, sollten Sie sich auf die Insel Saint Simon in Georgia begeben: Mehr als 45k m\u00b2 Natur in v\u00f6lliger Ruhe warten auf Sie.<\/p>\n\n<p>Was <a href=\"https:\/\/123-esta.com\/de\/die-strande-der-vereinigten-staaten\/\">die Str\u00e4nde in den USA<\/a> betrifft, so gibt es auch hier jede Menge Reiseziele. Der Wallis Sands State Beach in Rye, New Hampshire, bietet einen 30 km langen, wundersch\u00f6nen K\u00fcstenstreifen, der von vielen Familien zum Wandern genutzt wird. Miami Beach bietet die M\u00f6glichkeit, die Begeisterung einer gro\u00dfen K\u00fcstenstadt mit einem ber\u00fchmten Strand zu kombinieren. Trotzdem ist es empfehlenswert, nicht w\u00e4hrend der Zeiten gro\u00dfer Einfl\u00fcsse dorthin zu reisen, um die Umgebung in vollen Z\u00fcgen genie\u00dfen zu k\u00f6nnen.<\/p>\n","protected":false},"excerpt":{"rendered":"<p>In die Vereinigten Staaten zu reisen, kann manchmal einem wahren Hindernislauf gleichen. Ein Ratschlag vor der Abreise in die USA, um Unannehmlichkeiten so weit wie m\u00f6glich zu vermeiden: Bereiten Sie sich auf Ihren Aufenthalt vor, indem Sie insbesondere Ihr Englisch auffrischen und alle notwendigen Dokumente bereithalten. Und um sicherzugehen, dass du keine Zeit verlierst, definiere [&hellip;]<\/p>\n","protected":false},"author":1,"featured_media":0,"parent":0,"menu_order":0,"comment_status":"closed","ping_status":"closed","template":"","meta":{"site-sidebar-layout":"default","site-content-layout":"default","ast-site-content-layout":"default","site-content-style":"default","site-sidebar-style":"default","ast-global-header-display":"","ast-banner-title-visibility":"","ast-main-header-display":"","ast-hfb-above-header-display":"","ast-hfb-below-header-display":"","ast-hfb-mobile-header-display":"","site-post-title":"","ast-breadcrumbs-content":"","ast-featured-img":"","footer-sml-layout":"","ast-disable-related-posts":"","theme-transparent-header-meta":"default","adv-header-id-meta":"","stick-header-meta":"default","header-above-stick-meta":"","header-main-stick-meta":"","header-below-stick-meta":"","astra-migrate-meta-layouts":"default","ast-page-background-enabled":"default","ast-page-background-meta":{"desktop":{"background-color":"","background-image":"","background-repeat":"repeat","background-position":"center center","background-size":"auto","background-attachment":"scroll","background-type":"","background-media":"","overlay-type":"","overlay-color":"","overlay-opacity":"","overlay-gradient":""},"tablet":{"background-color":"","background-image":"","background-repeat":"repeat","background-position":"center center","background-size":"auto","background-attachment":"scroll","background-type":"","background-media":"","overlay-type":"","overlay-color":"","overlay-opacity":"","overlay-gradient":""},"mobile":{"background-color":"","background-image":"","background-repeat":"repeat","background-position":"center center","background-size":"auto","background-attachment":"scroll","background-type":"","background-media":"","overlay-type":"","overlay-color":"","overlay-opacity":"","overlay-gradient":""}},"ast-content-background-meta":{"desktop":{"background-color":"var(--ast-global-color-5)","background-image":"","background-repeat":"repeat","background-position":"center center","background-size":"auto","background-attachment":"scroll","background-type":"","background-media":"","overlay-type":"","overlay-color":"","overlay-opacity":"","overlay-gradient":""},"tablet":{"background-color":"var(--ast-global-color-5)","background-image":"","background-repeat":"repeat","background-position":"center center","background-size":"auto","background-attachment":"scroll","background-type":"","background-media":"","overlay-type":"","overlay-color":"","overlay-opacity":"","overlay-gradient":""},"mobile":{"background-color":"var(--ast-global-color-5)","background-image":"","background-repeat":"repeat","background-position":"center center","background-size":"auto","background-attachment":"scroll","background-type":"","background-media":"","overlay-type":"","overlay-color":"","overlay-opacity":"","overlay-gradient":""}},"footnotes":""},"class_list":["post-2258","page","type-page","status-publish","hentry"],"yoast_head":"<!-- This site is optimized with the Yoast SEO plugin v27.1.1 - https:\/\/yoast.com\/product\/yoast-seo-wordpress\/ -->\n<title>Unsere Besichtigungstipps f\u00fcr Ihre Reise in die USA<\/title>\n<meta name=\"description\" content=\"Viele Menschen wollen in die USA reisen. Dank des ESTA ist dies nun einfacher. Wir empfehlen Ihnen einige Orte, die Sie auf keinen Fall verpassen sollten.\" \/>\n<meta name=\"robots\" content=\"index, follow, max-snippet:-1, max-image-preview:large, max-video-preview:-1\" \/>\n<link rel=\"canonical\" href=\"https:\/\/123-esta.com\/de\/was-zu-sehen-und-zu-besuchen-in-den-vereinigten-staaten\/\" \/>\n<meta property=\"og:locale\" content=\"de_DE\" \/>\n<meta property=\"og:type\" content=\"article\" \/>\n<meta property=\"og:title\" content=\"Unsere Besichtigungstipps f\u00fcr Ihre Reise in die USA\" \/>\n<meta property=\"og:description\" content=\"Viele Menschen wollen in die USA reisen. Dank des ESTA ist dies nun einfacher. Wir empfehlen Ihnen einige Orte, die Sie auf keinen Fall verpassen sollten.\" \/>\n<meta property=\"og:url\" content=\"https:\/\/123-esta.com\/de\/was-zu-sehen-und-zu-besuchen-in-den-vereinigten-staaten\/\" \/>\n<meta property=\"og:site_name\" content=\"Formulaire ESTA pour les USA\" \/>\n<meta property=\"article:modified_time\" content=\"2022-09-13T18:55:03+00:00\" \/>\n<meta name=\"twitter:card\" content=\"summary_large_image\" \/>\n<meta name=\"twitter:label1\" content=\"Gesch\u00e4tzte Lesezeit\" \/>\n\t<meta name=\"twitter:data1\" content=\"3\u00a0Minuten\" \/>\n<script type=\"application\/ld+json\" class=\"yoast-schema-graph\">{\"@context\":\"https:\/\/schema.org\",\"@graph\":[{\"@type\":\"WebPage\",\"@id\":\"https:\/\/123-esta.com\/de\/was-zu-sehen-und-zu-besuchen-in-den-vereinigten-staaten\/\",\"url\":\"https:\/\/123-esta.com\/de\/was-zu-sehen-und-zu-besuchen-in-den-vereinigten-staaten\/\",\"name\":\"Unsere Besichtigungstipps f\u00fcr Ihre Reise in die USA\",\"isPartOf\":{\"@id\":\"https:\/\/123-esta.com\/de\/#website\"},\"datePublished\":\"2022-07-27T19:34:13+00:00\",\"dateModified\":\"2022-09-13T18:55:03+00:00\",\"description\":\"Viele Menschen wollen in die USA reisen. Dank des ESTA ist dies nun einfacher. Wir empfehlen Ihnen einige Orte, die Sie auf keinen Fall verpassen sollten.\",\"inLanguage\":\"de\",\"potentialAction\":[{\"@type\":\"ReadAction\",\"target\":[\"https:\/\/123-esta.com\/de\/was-zu-sehen-und-zu-besuchen-in-den-vereinigten-staaten\/\"]}]},{\"@type\":\"WebSite\",\"@id\":\"https:\/\/123-esta.com\/de\/#website\",\"url\":\"https:\/\/123-esta.com\/de\/\",\"name\":\"Formulaire ESTA pour les USA\",\"description\":\"\",\"publisher\":{\"@id\":\"https:\/\/123-esta.com\/de\/#organization\"},\"potentialAction\":[{\"@type\":\"SearchAction\",\"target\":{\"@type\":\"EntryPoint\",\"urlTemplate\":\"https:\/\/123-esta.com\/de\/?s={search_term_string}\"},\"query-input\":{\"@type\":\"PropertyValueSpecification\",\"valueRequired\":true,\"valueName\":\"search_term_string\"}}],\"inLanguage\":\"de\"},{\"@type\":\"Organization\",\"@id\":\"https:\/\/123-esta.com\/de\/#organization\",\"name\":\"Formulaire ESTA pour les USA\",\"url\":\"https:\/\/123-esta.com\/de\/\",\"logo\":{\"@type\":\"ImageObject\",\"inLanguage\":\"de\",\"@id\":\"https:\/\/123-esta.com\/de\/#\/schema\/logo\/image\/\",\"url\":\"https:\/\/123-esta.com\/wp-content\/uploads\/2018\/03\/logo-123-esta.png\",\"contentUrl\":\"https:\/\/123-esta.com\/wp-content\/uploads\/2018\/03\/logo-123-esta.png\",\"width\":191,\"height\":54,\"caption\":\"Formulaire ESTA pour les USA\"},\"image\":{\"@id\":\"https:\/\/123-esta.com\/de\/#\/schema\/logo\/image\/\"}}]}<\/script>\n<!-- \/ Yoast SEO plugin. -->","yoast_head_json":{"title":"Unsere Besichtigungstipps f\u00fcr Ihre Reise in die USA","description":"Viele Menschen wollen in die USA reisen. Dank des ESTA ist dies nun einfacher. Wir empfehlen Ihnen einige Orte, die Sie auf keinen Fall verpassen sollten.","robots":{"index":"index","follow":"follow","max-snippet":"max-snippet:-1","max-image-preview":"max-image-preview:large","max-video-preview":"max-video-preview:-1"},"canonical":"https:\/\/123-esta.com\/de\/was-zu-sehen-und-zu-besuchen-in-den-vereinigten-staaten\/","og_locale":"de_DE","og_type":"article","og_title":"Unsere Besichtigungstipps f\u00fcr Ihre Reise in die USA","og_description":"Viele Menschen wollen in die USA reisen. Dank des ESTA ist dies nun einfacher. Wir empfehlen Ihnen einige Orte, die Sie auf keinen Fall verpassen sollten.","og_url":"https:\/\/123-esta.com\/de\/was-zu-sehen-und-zu-besuchen-in-den-vereinigten-staaten\/","og_site_name":"Formulaire ESTA pour les USA","article_modified_time":"2022-09-13T18:55:03+00:00","twitter_card":"summary_large_image","twitter_misc":{"Gesch\u00e4tzte Lesezeit":"3\u00a0Minuten"},"schema":{"@context":"https:\/\/schema.org","@graph":[{"@type":"WebPage","@id":"https:\/\/123-esta.com\/de\/was-zu-sehen-und-zu-besuchen-in-den-vereinigten-staaten\/","url":"https:\/\/123-esta.com\/de\/was-zu-sehen-und-zu-besuchen-in-den-vereinigten-staaten\/","name":"Unsere Besichtigungstipps f\u00fcr Ihre Reise in die USA","isPartOf":{"@id":"https:\/\/123-esta.com\/de\/#website"},"datePublished":"2022-07-27T19:34:13+00:00","dateModified":"2022-09-13T18:55:03+00:00","description":"Viele Menschen wollen in die USA reisen. Dank des ESTA ist dies nun einfacher. Wir empfehlen Ihnen einige Orte, die Sie auf keinen Fall verpassen sollten.","inLanguage":"de","potentialAction":[{"@type":"ReadAction","target":["https:\/\/123-esta.com\/de\/was-zu-sehen-und-zu-besuchen-in-den-vereinigten-staaten\/"]}]},{"@type":"WebSite","@id":"https:\/\/123-esta.com\/de\/#website","url":"https:\/\/123-esta.com\/de\/","name":"Formulaire ESTA pour les USA","description":"","publisher":{"@id":"https:\/\/123-esta.com\/de\/#organization"},"potentialAction":[{"@type":"SearchAction","target":{"@type":"EntryPoint","urlTemplate":"https:\/\/123-esta.com\/de\/?s={search_term_string}"},"query-input":{"@type":"PropertyValueSpecification","valueRequired":true,"valueName":"search_term_string"}}],"inLanguage":"de"},{"@type":"Organization","@id":"https:\/\/123-esta.com\/de\/#organization","name":"Formulaire ESTA pour les USA","url":"https:\/\/123-esta.com\/de\/","logo":{"@type":"ImageObject","inLanguage":"de","@id":"https:\/\/123-esta.com\/de\/#\/schema\/logo\/image\/","url":"https:\/\/123-esta.com\/wp-content\/uploads\/2018\/03\/logo-123-esta.png","contentUrl":"https:\/\/123-esta.com\/wp-content\/uploads\/2018\/03\/logo-123-esta.png","width":191,"height":54,"caption":"Formulaire ESTA pour les USA"},"image":{"@id":"https:\/\/123-esta.com\/de\/#\/schema\/logo\/image\/"}}]}},"_links":{"self":[{"href":"https:\/\/123-esta.com\/de\/wp-json\/wp\/v2\/pages\/2258","targetHints":{"allow":["GET"]}}],"collection":[{"href":"https:\/\/123-esta.com\/de\/wp-json\/wp\/v2\/pages"}],"about":[{"href":"https:\/\/123-esta.com\/de\/wp-json\/wp\/v2\/types\/page"}],"author":[{"embeddable":true,"href":"https:\/\/123-esta.com\/de\/wp-json\/wp\/v2\/users\/1"}],"replies":[{"embeddable":true,"href":"https:\/\/123-esta.com\/de\/wp-json\/wp\/v2\/comments?post=2258"}],"version-history":[{"count":0,"href":"https:\/\/123-esta.com\/de\/wp-json\/wp\/v2\/pages\/2258\/revisions"}],"wp:attachment":[{"href":"https:\/\/123-esta.com\/de\/wp-json\/wp\/v2\/media?parent=2258"}],"curies":[{"name":"wp","href":"https:\/\/api.w.org\/{rel}","templated":true}]}}