{"id":2252,"date":"2022-07-27T21:33:32","date_gmt":"2022-07-27T19:33:32","guid":{"rendered":"https:\/\/123-esta.com\/formular-esta\/"},"modified":"2023-08-24T11:49:57","modified_gmt":"2023-08-24T09:49:57","slug":"formular-esta","status":"publish","type":"page","link":"https:\/\/123-esta.com\/de\/formular-esta\/","title":{"rendered":"ESTA-Formular online"},"content":{"rendered":"\t\t<div data-elementor-type=\"wp-page\" data-elementor-id=\"2252\" class=\"elementor elementor-2252 elementor-715\" data-elementor-post-type=\"page\">\n\t\t\t\t\t\t<section class=\"elementor-section elementor-top-section elementor-element elementor-element-feebf82 elementor-section-boxed elementor-section-height-default elementor-section-height-default\" data-id=\"feebf82\" data-element_type=\"section\" data-e-type=\"section\">\n\t\t\t\t\t\t<div class=\"elementor-container elementor-column-gap-default\">\n\t\t\t\t\t<div class=\"elementor-column elementor-col-100 elementor-top-column elementor-element elementor-element-652c94f\" data-id=\"652c94f\" data-element_type=\"column\" data-e-type=\"column\">\n\t\t\t<div class=\"elementor-widget-wrap elementor-element-populated\">\n\t\t\t\t\t\t<div class=\"elementor-element elementor-element-cc3db0a elementor-widget elementor-widget-spacer\" data-id=\"cc3db0a\" data-element_type=\"widget\" data-e-type=\"widget\" data-widget_type=\"spacer.default\">\n\t\t\t\t<div class=\"elementor-widget-container\">\n\t\t\t\t\t\t\t<div class=\"elementor-spacer\">\n\t\t\t<div class=\"elementor-spacer-inner\"><\/div>\n\t\t<\/div>\n\t\t\t\t\t\t<\/div>\n\t\t\t\t<\/div>\n\t\t\t\t\t<\/div>\n\t\t<\/div>\n\t\t\t\t\t<\/div>\n\t\t<\/section>\n\t\t\t\t<section class=\"elementor-section elementor-top-section elementor-element elementor-element-32a9414 elementor-section-boxed elementor-section-height-default elementor-section-height-default\" data-id=\"32a9414\" data-element_type=\"section\" data-e-type=\"section\">\n\t\t\t\t\t\t<div class=\"elementor-container elementor-column-gap-default\">\n\t\t\t\t\t<div class=\"elementor-column elementor-col-50 elementor-top-column elementor-element elementor-element-102f3fe\" data-id=\"102f3fe\" data-element_type=\"column\" data-e-type=\"column\">\n\t\t\t<div class=\"elementor-widget-wrap elementor-element-populated\">\n\t\t\t\t\t\t<div class=\"elementor-element elementor-element-a9cd3d3 elementor-button-danger elementor-widget elementor-widget-button\" data-id=\"a9cd3d3\" data-element_type=\"widget\" data-e-type=\"widget\" data-widget_type=\"button.default\">\n\t\t\t\t<div class=\"elementor-widget-container\">\n\t\t\t\t\t\t\t\t\t<div class=\"elementor-button-wrapper\">\n\t\t\t\t\t<a class=\"elementor-button elementor-button-link elementor-size-sm\" href=\"https:\/\/offiziell-esta.de\/esta-antrag\/?aid=1\">\n\t\t\t\t\t\t<span class=\"elementor-button-content-wrapper\">\n\t\t\t\t\t\t\t\t\t<span class=\"elementor-button-text\">Klick hier<\/span>\n\t\t\t\t\t<\/span>\n\t\t\t\t\t<\/a>\n\t\t\t\t<\/div>\n\t\t\t\t\t\t\t\t<\/div>\n\t\t\t\t<\/div>\n\t\t\t\t\t<\/div>\n\t\t<\/div>\n\t\t\t\t<div class=\"elementor-column elementor-col-50 elementor-top-column elementor-element elementor-element-a00866f\" data-id=\"a00866f\" data-element_type=\"column\" data-e-type=\"column\">\n\t\t\t<div class=\"elementor-widget-wrap elementor-element-populated\">\n\t\t\t\t\t\t<div class=\"elementor-element elementor-element-42ac55a elementor-widget elementor-widget-text-editor\" data-id=\"42ac55a\" data-element_type=\"widget\" data-e-type=\"widget\" data-widget_type=\"text-editor.default\">\n\t\t\t\t<div class=\"elementor-widget-container\">\n\t\t\t\t\t\t\t\t\t<p>Die Beantragung der ESTA-Reisegenehmigung erfolgt vollst\u00e4ndig online \u00fcber das Internet.<br \/>\nWenn Sie Ihre Reisedokumente dabei haben, k\u00f6nnen Sie das Formular ausf\u00fcllen, um Ihr ESTA in wenigen Minuten zu erhalten. <\/p>\n\t\t\t\t\t\t\t\t<\/div>\n\t\t\t\t<\/div>\n\t\t\t\t\t<\/div>\n\t\t<\/div>\n\t\t\t\t\t<\/div>\n\t\t<\/section>\n\t\t\t\t<section class=\"elementor-section elementor-top-section elementor-element elementor-element-8f1c345 elementor-section-boxed elementor-section-height-default elementor-section-height-default\" data-id=\"8f1c345\" data-element_type=\"section\" data-e-type=\"section\">\n\t\t\t\t\t\t<div class=\"elementor-container elementor-column-gap-default\">\n\t\t\t\t\t<div class=\"elementor-column elementor-col-100 elementor-top-column elementor-element elementor-element-3d0cb0b\" data-id=\"3d0cb0b\" data-element_type=\"column\" data-e-type=\"column\">\n\t\t\t<div class=\"elementor-widget-wrap elementor-element-populated\">\n\t\t\t\t\t\t<div class=\"elementor-element elementor-element-27f2ed2 elementor-widget elementor-widget-spacer\" data-id=\"27f2ed2\" data-element_type=\"widget\" data-e-type=\"widget\" data-widget_type=\"spacer.default\">\n\t\t\t\t<div class=\"elementor-widget-container\">\n\t\t\t\t\t\t\t<div class=\"elementor-spacer\">\n\t\t\t<div class=\"elementor-spacer-inner\"><\/div>\n\t\t<\/div>\n\t\t\t\t\t\t<\/div>\n\t\t\t\t<\/div>\n\t\t\t\t\t<\/div>\n\t\t<\/div>\n\t\t\t\t\t<\/div>\n\t\t<\/section>\n\t\t\t\t<section class=\"elementor-section elementor-top-section elementor-element elementor-element-7b0fc160 elementor-section-boxed elementor-section-height-default elementor-section-height-default\" data-id=\"7b0fc160\" data-element_type=\"section\" data-e-type=\"section\">\n\t\t\t\t\t\t<div class=\"elementor-container elementor-column-gap-default\">\n\t\t\t\t\t<div class=\"elementor-column elementor-col-100 elementor-top-column elementor-element elementor-element-68f20d73\" data-id=\"68f20d73\" data-element_type=\"column\" data-e-type=\"column\">\n\t\t\t<div class=\"elementor-widget-wrap elementor-element-populated\">\n\t\t\t\t\t\t<div class=\"elementor-element elementor-element-c383530 elementor-widget elementor-widget-text-editor\" data-id=\"c383530\" data-element_type=\"widget\" data-e-type=\"widget\" data-widget_type=\"text-editor.default\">\n\t\t\t\t<div class=\"elementor-widget-container\">\n\t\t\t\t\t\t\t\t\t<p><strong>Wichtiger Hinweis: <\/strong>Seit Mai 2023 ist es nicht mehr notwendig, gegen das Coronavirus (COVID 19) geimpft zu sein, um in die USA zu reisen.<\/p>\n<h2>Der Fragebogen zum Erhalt von ESTA<\/h2>\nDer Prozess der Online-Einreichung eines ESTA-Antrags ist in mehrere Schritte unterteilt, die wie folgt ablaufen:\n<ul>\n \t<li>Gehen Sie auf die Website des <a href=\"https:\/\/esta.cbp.dhs.gov\/\">Department Homeland Security<\/a>, um einen neuen Antrag zu stellen ;<\/li>\n \t<li>Best\u00e4tigen Sie den Zugang zum Formular, indem Sie die Verzichtserkl\u00e4rungen und die Allgemeinen Gesch\u00e4ftsbedingungen akzeptieren ;<\/li>\n \t<li>F\u00fcllen Sie die Daten des Antragstellers aus und \u00fcberpr\u00fcfen Sie Ihr E-Mail-Postfach, um die Kontakt-E-Mail zu best\u00e4tigen ;<\/li>\n \t<li>F\u00fcllen Sie die pers\u00f6nlichen Identit\u00e4tsinformationen aus (Name, Vorname, Geschlecht, Ihr Geburtsort und -datum, Identit\u00e4t der Eltern, Adresse, Besch\u00e4ftigung, soziale Profile ;<\/li>\n \t<li>Sie m\u00fcssen einen Notfallkontakt und eine Adresse angeben, an der Sie w\u00e4hrend Ihres Aufenthalts in den USA wohnen werden;<\/li>\n \t<li>Beantworten Sie die Zul\u00e4ssigkeitsfragen, Sie k\u00f6nnen nur mit Ja oder Nein antworten. Es geht darum, Fragen zu Ihrem Gesundheitszustand und andere Fragen im Zusammenhang mit Ihrer Vorgeschichte mit dem Gesetz wahrheitsgem\u00e4\u00df zu beantworten;<\/li>\n \t<li>Um dieses ESTA-Formular abzuschlie\u00dfen, m\u00fcssen Sie Ihre verschiedenen Informationen noch einmal durchlesen und dann die Einreichung des Antrags durch Zahlung des geforderten Betrags per Kreditkarte oder Paypal best\u00e4tigen.<\/li>\n<\/ul>\n<h2>Was tun, wenn Ihr ESTA-Antrag EST abgelehnt wurde?<\/h2>\nEin Visum bei der US-Botschaft zu beantragen, ist immer noch eine M\u00f6glichkeit, wenn Sie vor Ihrer Abreise in die Vereinigten Staaten von Amerika noch Zeit haben. Wenn die US-Beh\u00f6rden Ihren ESTA-Antrag ablehnen, k\u00f6nnen Sie 10 Tage sp\u00e4ter einen neuen Antrag stellen, allerdings nur, wenn die Ablehnung auf einen Tippfehler bei dem urspr\u00fcnglich abgelehnten Online-Antrag zur\u00fcckzuf\u00fchren ist.\n<h2>Was ist der Unterschied zwischen einem ESTA und einem Visum?<\/h2>\nAuch wenn das ESTA wie ein US-Visum aussieht, ist dies nicht der Fall.\nESTA ist eine elektronische Genehmigung vor der Einreise in die USA, w\u00e4hrend ein Visum eine Aufenthaltserlaubnis ist, die von der US-Botschaft nach einem bestimmten Verfahren ausgestellt wird. \n\nBevor Sie das ESTA-Formular online ausf\u00fcllen, sollten Sie sich vergewissern, dass Sie alle erforderlichen Voraussetzungen erf\u00fcllen:\n<ol>\n \t<li>Sie sind Staatsangeh\u00f6rige\/r eines der L\u00e4nder, die unter das US-Visa Waiver Program (VWP) fallen;<\/li>\n \t<li>Sie besitzen einen g\u00fcltigen elektronischen oder biometrischen Reisepass ;<\/li>\n \t<li>Sie m\u00f6chten sich in den USA als Tourist, Gesch\u00e4ftsreisender oder <a href=\"https:\/\/123-esta.com\/de\/sollte-man-einen-esta-fur-einen-transit-beantragen\/\">Transitreisender<\/a> bis zu 90 Tage lang aufhalten;<\/li>\n<\/ol>\n&nbsp;\t\t\t\t\t\t\t\t<\/div>\n\t\t\t\t<\/div>\n\t\t\t\t\t<\/div>\n\t\t<\/div>\n\t\t\t\t\t<\/div>\n\t\t<\/section>\n\t\t\t\t<\/div>\n\t\t","protected":false},"excerpt":{"rendered":"<p>Klick hier Die Beantragung der ESTA-Reisegenehmigung erfolgt vollst\u00e4ndig online \u00fcber das Internet. Wenn Sie Ihre Reisedokumente dabei haben, k\u00f6nnen Sie das Formular ausf\u00fcllen, um Ihr ESTA in wenigen Minuten zu erhalten. Wichtiger Hinweis: Seit Mai 2023 ist es nicht mehr notwendig, gegen das Coronavirus (COVID 19) geimpft zu sein, um in die USA zu reisen. [&hellip;]<\/p>\n","protected":false},"author":1,"featured_media":0,"parent":0,"menu_order":0,"comment_status":"closed","ping_status":"closed","template":"","meta":{"site-sidebar-layout":"default","site-content-layout":"default","ast-site-content-layout":"default","site-content-style":"default","site-sidebar-style":"default","ast-global-header-display":"","ast-banner-title-visibility":"","ast-main-header-display":"","ast-hfb-above-header-display":"","ast-hfb-below-header-display":"","ast-hfb-mobile-header-display":"","site-post-title":"","ast-breadcrumbs-content":"","ast-featured-img":"","footer-sml-layout":"","ast-disable-related-posts":"","theme-transparent-header-meta":"default","adv-header-id-meta":"","stick-header-meta":"default","header-above-stick-meta":"","header-main-stick-meta":"","header-below-stick-meta":"","astra-migrate-meta-layouts":"default","ast-page-background-enabled":"default","ast-page-background-meta":{"desktop":{"background-color":"","background-image":"","background-repeat":"repeat","background-position":"center center","background-size":"auto","background-attachment":"scroll","background-type":"","background-media":"","overlay-type":"","overlay-color":"","overlay-opacity":"","overlay-gradient":""},"tablet":{"background-color":"","background-image":"","background-repeat":"repeat","background-position":"center center","background-size":"auto","background-attachment":"scroll","background-type":"","background-media":"","overlay-type":"","overlay-color":"","overlay-opacity":"","overlay-gradient":""},"mobile":{"background-color":"","background-image":"","background-repeat":"repeat","background-position":"center center","background-size":"auto","background-attachment":"scroll","background-type":"","background-media":"","overlay-type":"","overlay-color":"","overlay-opacity":"","overlay-gradient":""}},"ast-content-background-meta":{"desktop":{"background-color":"var(--ast-global-color-5)","background-image":"","background-repeat":"repeat","background-position":"center center","background-size":"auto","background-attachment":"scroll","background-type":"","background-media":"","overlay-type":"","overlay-color":"","overlay-opacity":"","overlay-gradient":""},"tablet":{"background-color":"var(--ast-global-color-5)","background-image":"","background-repeat":"repeat","background-position":"center center","background-size":"auto","background-attachment":"scroll","background-type":"","background-media":"","overlay-type":"","overlay-color":"","overlay-opacity":"","overlay-gradient":""},"mobile":{"background-color":"var(--ast-global-color-5)","background-image":"","background-repeat":"repeat","background-position":"center center","background-size":"auto","background-attachment":"scroll","background-type":"","background-media":"","overlay-type":"","overlay-color":"","overlay-opacity":"","overlay-gradient":""}},"footnotes":""},"class_list":["post-2252","page","type-page","status-publish","hentry"],"yoast_head":"<!-- This site is optimized with the Yoast SEO plugin v27.1.1 - https:\/\/yoast.com\/product\/yoast-seo-wordpress\/ -->\n<title>Wie sieht das ESTA-Genehmigungsformular aus?<\/title>\n<meta name=\"description\" content=\"F\u00fcllen Sie das Online-Formular aus, um schnell Ihre Genehmigung zu erhalten, zwei Jahre lang in die USA zu reisen.\" \/>\n<meta name=\"robots\" content=\"index, follow, max-snippet:-1, max-image-preview:large, max-video-preview:-1\" \/>\n<link rel=\"canonical\" href=\"https:\/\/123-esta.com\/de\/formular-esta\/\" \/>\n<meta property=\"og:locale\" content=\"de_DE\" \/>\n<meta property=\"og:type\" content=\"article\" \/>\n<meta property=\"og:title\" content=\"Wie sieht das ESTA-Genehmigungsformular aus?\" \/>\n<meta property=\"og:description\" content=\"F\u00fcllen Sie das Online-Formular aus, um schnell Ihre Genehmigung zu erhalten, zwei Jahre lang in die USA zu reisen.\" \/>\n<meta property=\"og:url\" content=\"https:\/\/123-esta.com\/de\/formular-esta\/\" \/>\n<meta property=\"og:site_name\" content=\"Formulaire ESTA pour les USA\" \/>\n<meta property=\"article:modified_time\" content=\"2023-08-24T09:49:57+00:00\" \/>\n<meta name=\"twitter:card\" content=\"summary_large_image\" \/>\n<meta name=\"twitter:label1\" content=\"Gesch\u00e4tzte Lesezeit\" \/>\n\t<meta name=\"twitter:data1\" content=\"2\u00a0Minuten\" \/>\n<script type=\"application\/ld+json\" class=\"yoast-schema-graph\">{\"@context\":\"https:\/\/schema.org\",\"@graph\":[{\"@type\":\"WebPage\",\"@id\":\"https:\/\/123-esta.com\/de\/formular-esta\/\",\"url\":\"https:\/\/123-esta.com\/de\/formular-esta\/\",\"name\":\"Wie sieht das ESTA-Genehmigungsformular aus?\",\"isPartOf\":{\"@id\":\"https:\/\/123-esta.com\/de\/#website\"},\"datePublished\":\"2022-07-27T19:33:32+00:00\",\"dateModified\":\"2023-08-24T09:49:57+00:00\",\"description\":\"F\u00fcllen Sie das Online-Formular aus, um schnell Ihre Genehmigung zu erhalten, zwei Jahre lang in die USA zu reisen.\",\"inLanguage\":\"de\",\"potentialAction\":[{\"@type\":\"ReadAction\",\"target\":[\"https:\/\/123-esta.com\/de\/formular-esta\/\"]}]},{\"@type\":\"WebSite\",\"@id\":\"https:\/\/123-esta.com\/de\/#website\",\"url\":\"https:\/\/123-esta.com\/de\/\",\"name\":\"Formulaire ESTA pour les USA\",\"description\":\"\",\"publisher\":{\"@id\":\"https:\/\/123-esta.com\/de\/#organization\"},\"potentialAction\":[{\"@type\":\"SearchAction\",\"target\":{\"@type\":\"EntryPoint\",\"urlTemplate\":\"https:\/\/123-esta.com\/de\/?s={search_term_string}\"},\"query-input\":{\"@type\":\"PropertyValueSpecification\",\"valueRequired\":true,\"valueName\":\"search_term_string\"}}],\"inLanguage\":\"de\"},{\"@type\":\"Organization\",\"@id\":\"https:\/\/123-esta.com\/de\/#organization\",\"name\":\"Formulaire ESTA pour les USA\",\"url\":\"https:\/\/123-esta.com\/de\/\",\"logo\":{\"@type\":\"ImageObject\",\"inLanguage\":\"de\",\"@id\":\"https:\/\/123-esta.com\/de\/#\/schema\/logo\/image\/\",\"url\":\"https:\/\/123-esta.com\/wp-content\/uploads\/2018\/03\/logo-123-esta.png\",\"contentUrl\":\"https:\/\/123-esta.com\/wp-content\/uploads\/2018\/03\/logo-123-esta.png\",\"width\":191,\"height\":54,\"caption\":\"Formulaire ESTA pour les USA\"},\"image\":{\"@id\":\"https:\/\/123-esta.com\/de\/#\/schema\/logo\/image\/\"}}]}<\/script>\n<!-- \/ Yoast SEO plugin. -->","yoast_head_json":{"title":"Wie sieht das ESTA-Genehmigungsformular aus?","description":"F\u00fcllen Sie das Online-Formular aus, um schnell Ihre Genehmigung zu erhalten, zwei Jahre lang in die USA zu reisen.","robots":{"index":"index","follow":"follow","max-snippet":"max-snippet:-1","max-image-preview":"max-image-preview:large","max-video-preview":"max-video-preview:-1"},"canonical":"https:\/\/123-esta.com\/de\/formular-esta\/","og_locale":"de_DE","og_type":"article","og_title":"Wie sieht das ESTA-Genehmigungsformular aus?","og_description":"F\u00fcllen Sie das Online-Formular aus, um schnell Ihre Genehmigung zu erhalten, zwei Jahre lang in die USA zu reisen.","og_url":"https:\/\/123-esta.com\/de\/formular-esta\/","og_site_name":"Formulaire ESTA pour les USA","article_modified_time":"2023-08-24T09:49:57+00:00","twitter_card":"summary_large_image","twitter_misc":{"Gesch\u00e4tzte Lesezeit":"2\u00a0Minuten"},"schema":{"@context":"https:\/\/schema.org","@graph":[{"@type":"WebPage","@id":"https:\/\/123-esta.com\/de\/formular-esta\/","url":"https:\/\/123-esta.com\/de\/formular-esta\/","name":"Wie sieht das ESTA-Genehmigungsformular aus?","isPartOf":{"@id":"https:\/\/123-esta.com\/de\/#website"},"datePublished":"2022-07-27T19:33:32+00:00","dateModified":"2023-08-24T09:49:57+00:00","description":"F\u00fcllen Sie das Online-Formular aus, um schnell Ihre Genehmigung zu erhalten, zwei Jahre lang in die USA zu reisen.","inLanguage":"de","potentialAction":[{"@type":"ReadAction","target":["https:\/\/123-esta.com\/de\/formular-esta\/"]}]},{"@type":"WebSite","@id":"https:\/\/123-esta.com\/de\/#website","url":"https:\/\/123-esta.com\/de\/","name":"Formulaire ESTA pour les USA","description":"","publisher":{"@id":"https:\/\/123-esta.com\/de\/#organization"},"potentialAction":[{"@type":"SearchAction","target":{"@type":"EntryPoint","urlTemplate":"https:\/\/123-esta.com\/de\/?s={search_term_string}"},"query-input":{"@type":"PropertyValueSpecification","valueRequired":true,"valueName":"search_term_string"}}],"inLanguage":"de"},{"@type":"Organization","@id":"https:\/\/123-esta.com\/de\/#organization","name":"Formulaire ESTA pour les USA","url":"https:\/\/123-esta.com\/de\/","logo":{"@type":"ImageObject","inLanguage":"de","@id":"https:\/\/123-esta.com\/de\/#\/schema\/logo\/image\/","url":"https:\/\/123-esta.com\/wp-content\/uploads\/2018\/03\/logo-123-esta.png","contentUrl":"https:\/\/123-esta.com\/wp-content\/uploads\/2018\/03\/logo-123-esta.png","width":191,"height":54,"caption":"Formulaire ESTA pour les USA"},"image":{"@id":"https:\/\/123-esta.com\/de\/#\/schema\/logo\/image\/"}}]}},"_links":{"self":[{"href":"https:\/\/123-esta.com\/de\/wp-json\/wp\/v2\/pages\/2252","targetHints":{"allow":["GET"]}}],"collection":[{"href":"https:\/\/123-esta.com\/de\/wp-json\/wp\/v2\/pages"}],"about":[{"href":"https:\/\/123-esta.com\/de\/wp-json\/wp\/v2\/types\/page"}],"author":[{"embeddable":true,"href":"https:\/\/123-esta.com\/de\/wp-json\/wp\/v2\/users\/1"}],"replies":[{"embeddable":true,"href":"https:\/\/123-esta.com\/de\/wp-json\/wp\/v2\/comments?post=2252"}],"version-history":[{"count":0,"href":"https:\/\/123-esta.com\/de\/wp-json\/wp\/v2\/pages\/2252\/revisions"}],"wp:attachment":[{"href":"https:\/\/123-esta.com\/de\/wp-json\/wp\/v2\/media?parent=2252"}],"curies":[{"name":"wp","href":"https:\/\/api.w.org\/{rel}","templated":true}]}}