{"id":2241,"date":"2022-07-27T21:33:30","date_gmt":"2022-07-27T19:33:30","guid":{"rendered":"https:\/\/123-esta.com\/erlaeuterungen-zu-den-verschiedenen-statuten-des-sta\/"},"modified":"2022-08-23T23:00:00","modified_gmt":"2022-08-23T21:00:00","slug":"erlauterungen-zu-den-verschiedenen-esta-status","status":"publish","type":"page","link":"https:\/\/123-esta.com\/de\/erlauterungen-zu-den-verschiedenen-esta-status\/","title":{"rendered":"Erkl\u00e4rungen zu den verschiedenen ESTA-Statuten"},"content":{"rendered":"\n<p>Geh\u00f6ren Sie zu den Personen, die f\u00fcr das von der US-Regierung eingef\u00fchrte Programm zur Befreiung von der Visumspflicht in Frage kommen? Wenn Sie in n\u00e4chster Zeit in die USA reisen wollen, ben\u00f6tigen Sie unbedingt Ihre ordnungsgem\u00e4\u00dfe <a href=\"https:\/\/123-esta.com\/de\/\">ESTA-Genehmigung<\/a>, um in die USA einreisen zu k\u00f6nnen. Sobald Sie Ihren Antrag gestellt haben, sind drei ESTA-Status m\u00f6glich. Wir werden Ihnen den Unterschied zwischen den einzelnen ESTA-Antragsstatus detailliert erkl\u00e4ren.<\/p>\n\n<h2 class=\"wp-block-heading\">ESTA in K\u00fcrze<\/h2>\n\n<p>Lassen Sie uns zun\u00e4chst einen kurzen \u00dcberblick dar\u00fcber geben, was das Electronic System for Travel Authorization oder ESTA ist.<\/p>\n\n<p>Es handelt sich um eine Reisegenehmigung, die anstelle eines herk\u00f6mmlichen US-Visums beantragt werden kann. Staatsangeh\u00f6rige von L\u00e4ndern, die am <a href=\"https:\/\/123-esta.com\/de\/liste-der-lander-visa-waiver-program\/\">Visa Waiver Program<\/a> teilnehmen, m\u00fcssen diese Genehmigung besitzen, wenn sie f\u00fcr einen touristischen Aufenthalt oder eine Gesch\u00e4ftsreise von bis zu 90 Tagen in die USA reisen wollen. Diese Genehmigung ist auch im Falle einer Durchreise durch die USA zu einem Endziel erforderlich.<\/p>\n\n<p>Um einen ESTA-Antrag zu stellen, m\u00fcssen Sie keinen Termin bei der US-Botschaft beantragen, da alles \u00fcber ein Formular l\u00e4uft, das Sie online ausf\u00fcllen m\u00fcssen. Sobald Sie das ESTA-Formular ausgef\u00fcllt haben, m\u00fcssen Sie die Bearbeitungsgeb\u00fchr entrichten.<\/p>\n\n<p>Ab diesem Zeitpunkt m\u00fcssen Sie nur noch die Antwort der US-Beh\u00f6rden abwarten. Kehren Sie dazu regelm\u00e4\u00dfig auf die Regierungsseite zur\u00fcck, um Ihren ESTA-Status zu \u00fcberpr\u00fcfen, indem Sie sich mit Ihrer Aktennummer oder Ihrer Passnummer einloggen. Wenn Sie die Dienste einer privaten Website, wie unserem Partner, in Anspruch genommen haben, werden Sie per E-Mail \u00fcber \u00c4nderungen Ihres ESTA-Antragsstatus informiert.<\/p>\n\n<h2 class=\"wp-block-heading\">Der genehmigte ESTA-Status<\/h2>\n\n<p>Wenn Sie alle Anforderungen des Visa Waiver Program erf\u00fcllen, wird Ihr Antrag schnell bewilligt. Ihr ESTA-Status wird in diesem Fall genehmigt. Das bedeutet, dass das ESTA nun elektronisch mit Ihrem biometrischen oder elektronischen Reisepass verkn\u00fcpft ist. Die US-Zollbeh\u00f6rde kann dies \u00fcberpr\u00fcfen, indem sie Ihren Reisepass bei der Ankunft am Grenz\u00fcbergang scannt. Ab diesem Zeitpunkt brauchen Sie bez\u00fcglich Ihres ESTA-Status nichts mehr zu tun, au\u00dfer Ihre Reise in die USA vorzubereiten. Ein ESTA ist zwei Jahre oder bis zum Ablaufdatum Ihres Reisepasses, je nachdem, was fr\u00fcher eintritt, g\u00fcltig. Diese Genehmigung gilt auch f\u00fcr mehrere touristische Reisen in diesem Zeitraum.<\/p>\n\n<h2 class=\"wp-block-heading\">Der Status in der Warteschleife<\/h2>\n\n<p>Ihr ESTA-Status kann sich in der Warteschleife befinden (pending auf Englisch). Dieser Zustand dauert in der Regel nicht l\u00e4nger als 72 Stunden. Dies geschieht, wenn die Beamten, die die Antr\u00e4ge pr\u00fcfen, mehr Zeit ben\u00f6tigen, um bestimmte Details zu \u00fcberpr\u00fcfen, die ihnen verd\u00e4chtig vorkommen. Aus diesem Grund sollten Sie beim Ausf\u00fcllen des Online-Formulars \u00e4u\u00dferst wachsam sein. Ein einfacher Tippfehler kann als Betrugsversuch gewertet werden und Ihren ESTA-Antrag sowie Ihre Reise in die USA gef\u00e4hrden. Eine private Website, wie die unseres Partners, stellt sicher, dass die Informationen im Formular wahrheitsgem\u00e4\u00df sind, um Missverst\u00e4ndnisse zu vermeiden.<\/p>\n\n<h2 class=\"wp-block-heading\">Der Status ESTA-Antrag abgelehnt<\/h2>\n\n<p>Wenn Ihr ESTA-Status abgelehnt wird, bedeutet dies, dass Sie nicht die erforderlichen Kriterien erf\u00fcllen, um das Programm f\u00fcr visumfreies Reisen in Anspruch zu nehmen. Daf\u00fcr sind mehrere Gr\u00fcnde denkbar.<\/p>\n\n<p>Vielleicht ist Ihnen beim Ausf\u00fcllen des Formulars bez\u00fcglich Ihres M\u00e4dchennamens (wenn Sie verheiratet sind), Ihrer Passnummer ein Fehler unterlaufen. Es kann auch sein, dass Ihr Reisepass nicht lange genug f\u00fcr die gesamte Dauer Ihres Aufenthalts in den USA g\u00fcltig ist. In diesem Fall m\u00fcssen Sie sich einen neuen Reisepass besorgen und sicherstellen, dass es sich um einen elektronischen oder biometrischen Reisepass handelt.<\/p>\n\n<p>Vielleicht haben Sie auch eine der Fragen im letzten Teil des Online-Formulars mit Ja beantwortet. Diese Fragen betreffen die innere Sicherheit der USA. Die Beantwortung einer dieser Fragen mit Ja beeintr\u00e4chtigt drastisch Ihre Chancen auf ein ESTA. Sie k\u00f6nnen 10 Tage nach der Ablehnung immer noch einen neuen Antrag stellen.<\/p>\n\n<p>Denken Sie daran, dass die Ablehnung eines ESTA nicht bedeutet, dass Sie nicht in die USA reisen k\u00f6nnen. Sie m\u00fcssen jedoch ein USA-Touristenvisum beantragen und daf\u00fcr die US-Botschaft oder das US-Konsulat aufsuchen, die\/das f\u00fcr Sie zust\u00e4ndig ist. In einem Gespr\u00e4ch mit einem der Konsularbeamten wird festgestellt, ob Sie f\u00fcr ein Touristenvisum geeignet sind.<\/p>\n","protected":false},"excerpt":{"rendered":"<p>Geh\u00f6ren Sie zu den Personen, die f\u00fcr das von der US-Regierung eingef\u00fchrte Programm zur Befreiung von der Visumspflicht in Frage kommen? Wenn Sie in n\u00e4chster Zeit in die USA reisen wollen, ben\u00f6tigen Sie unbedingt Ihre ordnungsgem\u00e4\u00dfe ESTA-Genehmigung, um in die USA einreisen zu k\u00f6nnen. Sobald Sie Ihren Antrag gestellt haben, sind drei ESTA-Status m\u00f6glich. Wir [&hellip;]<\/p>\n","protected":false},"author":1,"featured_media":0,"parent":0,"menu_order":0,"comment_status":"closed","ping_status":"closed","template":"","meta":{"site-sidebar-layout":"default","site-content-layout":"default","ast-site-content-layout":"default","site-content-style":"default","site-sidebar-style":"default","ast-global-header-display":"","ast-banner-title-visibility":"","ast-main-header-display":"","ast-hfb-above-header-display":"","ast-hfb-below-header-display":"","ast-hfb-mobile-header-display":"","site-post-title":"","ast-breadcrumbs-content":"","ast-featured-img":"","footer-sml-layout":"","ast-disable-related-posts":"","theme-transparent-header-meta":"default","adv-header-id-meta":"","stick-header-meta":"default","header-above-stick-meta":"","header-main-stick-meta":"","header-below-stick-meta":"","astra-migrate-meta-layouts":"default","ast-page-background-enabled":"default","ast-page-background-meta":{"desktop":{"background-color":"","background-image":"","background-repeat":"repeat","background-position":"center center","background-size":"auto","background-attachment":"scroll","background-type":"","background-media":"","overlay-type":"","overlay-color":"","overlay-opacity":"","overlay-gradient":""},"tablet":{"background-color":"","background-image":"","background-repeat":"repeat","background-position":"center center","background-size":"auto","background-attachment":"scroll","background-type":"","background-media":"","overlay-type":"","overlay-color":"","overlay-opacity":"","overlay-gradient":""},"mobile":{"background-color":"","background-image":"","background-repeat":"repeat","background-position":"center center","background-size":"auto","background-attachment":"scroll","background-type":"","background-media":"","overlay-type":"","overlay-color":"","overlay-opacity":"","overlay-gradient":""}},"ast-content-background-meta":{"desktop":{"background-color":"var(--ast-global-color-5)","background-image":"","background-repeat":"repeat","background-position":"center center","background-size":"auto","background-attachment":"scroll","background-type":"","background-media":"","overlay-type":"","overlay-color":"","overlay-opacity":"","overlay-gradient":""},"tablet":{"background-color":"var(--ast-global-color-5)","background-image":"","background-repeat":"repeat","background-position":"center center","background-size":"auto","background-attachment":"scroll","background-type":"","background-media":"","overlay-type":"","overlay-color":"","overlay-opacity":"","overlay-gradient":""},"mobile":{"background-color":"var(--ast-global-color-5)","background-image":"","background-repeat":"repeat","background-position":"center center","background-size":"auto","background-attachment":"scroll","background-type":"","background-media":"","overlay-type":"","overlay-color":"","overlay-opacity":"","overlay-gradient":""}},"footnotes":""},"class_list":["post-2241","page","type-page","status-publish","hentry"],"yoast_head":"<!-- This site is optimized with the Yoast SEO plugin v27.1.1 - https:\/\/yoast.com\/product\/yoast-seo-wordpress\/ -->\n<title>Wie k\u00f6nnen Sie den Fortschritt Ihres ESTA-Antragsstatus \u00fcberpr\u00fcfen?<\/title>\n<meta name=\"description\" content=\"Sie haben Ihren ESTA-Antrag f\u00fcr die USA gestellt und m\u00f6chten Ihren ESTA-Status \u00fcberpr\u00fcfen? Folgen Sie den Tipps unserer Experten, um mehr zu erfahren.\" \/>\n<meta name=\"robots\" content=\"index, follow, max-snippet:-1, max-image-preview:large, max-video-preview:-1\" \/>\n<link rel=\"canonical\" href=\"https:\/\/123-esta.com\/de\/erlauterungen-zu-den-verschiedenen-esta-status\/\" \/>\n<meta property=\"og:locale\" content=\"de_DE\" \/>\n<meta property=\"og:type\" content=\"article\" \/>\n<meta property=\"og:title\" content=\"Wie k\u00f6nnen Sie den Fortschritt Ihres ESTA-Antragsstatus \u00fcberpr\u00fcfen?\" \/>\n<meta property=\"og:description\" content=\"Sie haben Ihren ESTA-Antrag f\u00fcr die USA gestellt und m\u00f6chten Ihren ESTA-Status \u00fcberpr\u00fcfen? Folgen Sie den Tipps unserer Experten, um mehr zu erfahren.\" \/>\n<meta property=\"og:url\" content=\"https:\/\/123-esta.com\/de\/erlauterungen-zu-den-verschiedenen-esta-status\/\" \/>\n<meta property=\"og:site_name\" content=\"Formulaire ESTA pour les USA\" \/>\n<meta property=\"article:modified_time\" content=\"2022-08-23T21:00:00+00:00\" \/>\n<meta name=\"twitter:card\" content=\"summary_large_image\" \/>\n<meta name=\"twitter:label1\" content=\"Gesch\u00e4tzte Lesezeit\" \/>\n\t<meta name=\"twitter:data1\" content=\"4\u00a0Minuten\" \/>\n<script type=\"application\/ld+json\" class=\"yoast-schema-graph\">{\"@context\":\"https:\/\/schema.org\",\"@graph\":[{\"@type\":\"WebPage\",\"@id\":\"https:\/\/123-esta.com\/de\/erlauterungen-zu-den-verschiedenen-esta-status\/\",\"url\":\"https:\/\/123-esta.com\/de\/erlauterungen-zu-den-verschiedenen-esta-status\/\",\"name\":\"Wie k\u00f6nnen Sie den Fortschritt Ihres ESTA-Antragsstatus \u00fcberpr\u00fcfen?\",\"isPartOf\":{\"@id\":\"https:\/\/123-esta.com\/de\/#website\"},\"datePublished\":\"2022-07-27T19:33:30+00:00\",\"dateModified\":\"2022-08-23T21:00:00+00:00\",\"description\":\"Sie haben Ihren ESTA-Antrag f\u00fcr die USA gestellt und m\u00f6chten Ihren ESTA-Status \u00fcberpr\u00fcfen? Folgen Sie den Tipps unserer Experten, um mehr zu erfahren.\",\"inLanguage\":\"de\",\"potentialAction\":[{\"@type\":\"ReadAction\",\"target\":[\"https:\/\/123-esta.com\/de\/erlauterungen-zu-den-verschiedenen-esta-status\/\"]}]},{\"@type\":\"WebSite\",\"@id\":\"https:\/\/123-esta.com\/de\/#website\",\"url\":\"https:\/\/123-esta.com\/de\/\",\"name\":\"Formulaire ESTA pour les USA\",\"description\":\"\",\"publisher\":{\"@id\":\"https:\/\/123-esta.com\/de\/#organization\"},\"potentialAction\":[{\"@type\":\"SearchAction\",\"target\":{\"@type\":\"EntryPoint\",\"urlTemplate\":\"https:\/\/123-esta.com\/de\/?s={search_term_string}\"},\"query-input\":{\"@type\":\"PropertyValueSpecification\",\"valueRequired\":true,\"valueName\":\"search_term_string\"}}],\"inLanguage\":\"de\"},{\"@type\":\"Organization\",\"@id\":\"https:\/\/123-esta.com\/de\/#organization\",\"name\":\"Formulaire ESTA pour les USA\",\"url\":\"https:\/\/123-esta.com\/de\/\",\"logo\":{\"@type\":\"ImageObject\",\"inLanguage\":\"de\",\"@id\":\"https:\/\/123-esta.com\/de\/#\/schema\/logo\/image\/\",\"url\":\"https:\/\/123-esta.com\/wp-content\/uploads\/2018\/03\/logo-123-esta.png\",\"contentUrl\":\"https:\/\/123-esta.com\/wp-content\/uploads\/2018\/03\/logo-123-esta.png\",\"width\":191,\"height\":54,\"caption\":\"Formulaire ESTA pour les USA\"},\"image\":{\"@id\":\"https:\/\/123-esta.com\/de\/#\/schema\/logo\/image\/\"}}]}<\/script>\n<!-- \/ Yoast SEO plugin. -->","yoast_head_json":{"title":"Wie k\u00f6nnen Sie den Fortschritt Ihres ESTA-Antragsstatus \u00fcberpr\u00fcfen?","description":"Sie haben Ihren ESTA-Antrag f\u00fcr die USA gestellt und m\u00f6chten Ihren ESTA-Status \u00fcberpr\u00fcfen? Folgen Sie den Tipps unserer Experten, um mehr zu erfahren.","robots":{"index":"index","follow":"follow","max-snippet":"max-snippet:-1","max-image-preview":"max-image-preview:large","max-video-preview":"max-video-preview:-1"},"canonical":"https:\/\/123-esta.com\/de\/erlauterungen-zu-den-verschiedenen-esta-status\/","og_locale":"de_DE","og_type":"article","og_title":"Wie k\u00f6nnen Sie den Fortschritt Ihres ESTA-Antragsstatus \u00fcberpr\u00fcfen?","og_description":"Sie haben Ihren ESTA-Antrag f\u00fcr die USA gestellt und m\u00f6chten Ihren ESTA-Status \u00fcberpr\u00fcfen? Folgen Sie den Tipps unserer Experten, um mehr zu erfahren.","og_url":"https:\/\/123-esta.com\/de\/erlauterungen-zu-den-verschiedenen-esta-status\/","og_site_name":"Formulaire ESTA pour les USA","article_modified_time":"2022-08-23T21:00:00+00:00","twitter_card":"summary_large_image","twitter_misc":{"Gesch\u00e4tzte Lesezeit":"4\u00a0Minuten"},"schema":{"@context":"https:\/\/schema.org","@graph":[{"@type":"WebPage","@id":"https:\/\/123-esta.com\/de\/erlauterungen-zu-den-verschiedenen-esta-status\/","url":"https:\/\/123-esta.com\/de\/erlauterungen-zu-den-verschiedenen-esta-status\/","name":"Wie k\u00f6nnen Sie den Fortschritt Ihres ESTA-Antragsstatus \u00fcberpr\u00fcfen?","isPartOf":{"@id":"https:\/\/123-esta.com\/de\/#website"},"datePublished":"2022-07-27T19:33:30+00:00","dateModified":"2022-08-23T21:00:00+00:00","description":"Sie haben Ihren ESTA-Antrag f\u00fcr die USA gestellt und m\u00f6chten Ihren ESTA-Status \u00fcberpr\u00fcfen? Folgen Sie den Tipps unserer Experten, um mehr zu erfahren.","inLanguage":"de","potentialAction":[{"@type":"ReadAction","target":["https:\/\/123-esta.com\/de\/erlauterungen-zu-den-verschiedenen-esta-status\/"]}]},{"@type":"WebSite","@id":"https:\/\/123-esta.com\/de\/#website","url":"https:\/\/123-esta.com\/de\/","name":"Formulaire ESTA pour les USA","description":"","publisher":{"@id":"https:\/\/123-esta.com\/de\/#organization"},"potentialAction":[{"@type":"SearchAction","target":{"@type":"EntryPoint","urlTemplate":"https:\/\/123-esta.com\/de\/?s={search_term_string}"},"query-input":{"@type":"PropertyValueSpecification","valueRequired":true,"valueName":"search_term_string"}}],"inLanguage":"de"},{"@type":"Organization","@id":"https:\/\/123-esta.com\/de\/#organization","name":"Formulaire ESTA pour les USA","url":"https:\/\/123-esta.com\/de\/","logo":{"@type":"ImageObject","inLanguage":"de","@id":"https:\/\/123-esta.com\/de\/#\/schema\/logo\/image\/","url":"https:\/\/123-esta.com\/wp-content\/uploads\/2018\/03\/logo-123-esta.png","contentUrl":"https:\/\/123-esta.com\/wp-content\/uploads\/2018\/03\/logo-123-esta.png","width":191,"height":54,"caption":"Formulaire ESTA pour les USA"},"image":{"@id":"https:\/\/123-esta.com\/de\/#\/schema\/logo\/image\/"}}]}},"_links":{"self":[{"href":"https:\/\/123-esta.com\/de\/wp-json\/wp\/v2\/pages\/2241","targetHints":{"allow":["GET"]}}],"collection":[{"href":"https:\/\/123-esta.com\/de\/wp-json\/wp\/v2\/pages"}],"about":[{"href":"https:\/\/123-esta.com\/de\/wp-json\/wp\/v2\/types\/page"}],"author":[{"embeddable":true,"href":"https:\/\/123-esta.com\/de\/wp-json\/wp\/v2\/users\/1"}],"replies":[{"embeddable":true,"href":"https:\/\/123-esta.com\/de\/wp-json\/wp\/v2\/comments?post=2241"}],"version-history":[{"count":0,"href":"https:\/\/123-esta.com\/de\/wp-json\/wp\/v2\/pages\/2241\/revisions"}],"wp:attachment":[{"href":"https:\/\/123-esta.com\/de\/wp-json\/wp\/v2\/media?parent=2241"}],"curies":[{"name":"wp","href":"https:\/\/api.w.org\/{rel}","templated":true}]}}