{"id":2235,"date":"2022-07-27T21:33:29","date_gmt":"2022-07-27T19:33:29","guid":{"rendered":"https:\/\/123-esta.com\/was-ist-der-termin-fuer-esta-zum-reisen-in-die-usa\/"},"modified":"2022-09-13T23:37:04","modified_gmt":"2022-09-13T21:37:04","slug":"was-ist-die-frist-fur-den-erhalt-des-esta","status":"publish","type":"page","link":"https:\/\/123-esta.com\/de\/was-ist-die-frist-fur-den-erhalt-des-esta\/","title":{"rendered":"Wie lange dauert es, bis man ESTA erh\u00e4lt, um in die USA zu reisen?"},"content":{"rendered":"\n<p>Werden Sie als Tourist oder Gesch\u00e4ftsreisender in die USA reisen? Oder vielleicht reisen Sie nur durch die Vereinigten Staaten von Amerika zu Ihrem Endziel und haben gerade festgestellt, dass Sie auch in diesem Fall eine ESTA-Genehmigung ben\u00f6tigen. Wie lange dauert es, bis man ESTA erh\u00e4lt und wie beantragt man die Genehmigung? Ausf\u00fchrliche Antworten in diesem Artikel.<\/p>\n\n<h2 class=\"wp-block-heading\">ESTA-Fristen: Was die US-Regierung sagt<\/h2>\n\n<p>Auf der offiziellen Website der US-Regierung hei\u00dft es, dass der ESTA-Antrag sp\u00e4testens 72 Stunden vor der Abreise gestellt werden muss. In der Praxis ist die Frist f\u00fcr den Erhalt von ESTA in der Regel k\u00fcrzer.<\/p>\n\n<p>Eine versp\u00e4tete Antwort kann darauf hindeuten, dass weitere \u00dcberpr\u00fcfungen in Bezug auf Sie erforderlich sind. Diese \u00dcberpr\u00fcfungen k\u00f6nnen bedeuten, dass Sie nicht f\u00fcr ein ESTA in Frage kommen, um in die USA zu reisen. Das Verfahren, um dieses Dokument zu erhalten, besteht darin, das ESTA-Formular online auszuf\u00fcllen, entweder auf der Website der Regierung oder \u00fcber die Dienste eines privaten Anbieters wie unserem Partner.<\/p>\n\n<p>Die Antwort erfolgt in der Regel innerhalb einer relativ kurzen Frist. Beachten Sie, dass die US-Regierung sich nicht die M\u00fche macht, Sie online \u00fcber den Fortschritt Ihres Antrags zu informieren. Die Zeit f\u00fcr die ESTA-Beantragung k\u00f6nnte Ihnen in manchen F\u00e4llen lang erscheinen. Es liegt an Ihnen, erneut auf die Website zu gehen, um zu erfahren, ob Ihnen die Berechtigung erteilt wurde.  <\/p>\n\n<p>Ein privater Anbieter, wie unser Partner, wird Sie in Echtzeit \u00fcber den Status Ihres Antrags informieren, sodass Sie sich keine Sorgen mehr um die ESTA-Frist machen m\u00fcssen.<\/p>\n\n<h2 class=\"wp-block-heading\">Sind Sie sich \u00fcber Ihre ESTA-Frist unsicher?<\/h2>\n\n<p>Wenn Sie der Meinung sind, dass es zu lange dauert, bis Sie Ihr ESTA erhalten, oder wenn Sie Zweifel haben, ob Sie tats\u00e4chlich f\u00fcr das US-Programm f\u00fcr visumfreies Reisen in Frage kommen, sollten Sie sich die Voraussetzungen f\u00fcr eine elektronische Reisegenehmigung ansehen.<\/p>\n\n<p>Zun\u00e4chst einmal m\u00fcssen Sie Staatsangeh\u00f6riger eines Landes sein, das Mitglied des Programms f\u00fcr visumfreies Reisen (Visa Waiver Program, VWP) ist. Derzeit nehmen 38 L\u00e4nder an diesem Programm teil, das es Reisenden erm\u00f6glicht, in die USA zu reisen, ohne ein B1- oder B2-Touristenvisum beantragen zu m\u00fcssen.<\/p>\n\n<p>Hier ist eine Liste der L\u00e4nder, die am <a href=\"https:\/\/123-esta.com\/de\/liste-der-lander-visa-waiver-program\/\">Visa Waiver Program<\/a> teilnehmen:<\/p>\n\n<p>Andorra, Australien, \u00d6sterreich, Belgien, Brunei, Chile, S\u00fcdkorea, Kroatien (2021), D\u00e4nemark, Deutschland, Estland, Finnland, Frankreich, Griechenland, Ungarn, Island, Irland, Italien, Japan, Lettland, Liechtenstein, Litauen, Luxemburg, Malta, Monaco, Neuseeland, Niederlande, Norwegen, Polen (2019), Portugal, Tschechische Republik, Gro\u00dfbritannien, San Marino, Singapur, Slowakei, Slowenien, Spanien, Schweden, Schweiz, Taiwan.<\/p>\n\n<p>Ein weiterer wichtiger Punkt ist, dass Sie einen <a href=\"https:\/\/123-esta.com\/de\/reisepass-fur-esta-usa\/\">biometrischen Reisepass<\/a> oder einen elektronischen Reisepass mit einer ausreichenden G\u00fcltigkeitsdauer haben m\u00fcssen. Wenn Ihr Reisepass w\u00e4hrend des geplanten Aufenthalts in den USA abl\u00e4uft, bedeutet dies, dass Sie einen neuen beantragen m\u00fcssen.<\/p>\n\n<p>Sind Sie sicher, dass Sie das Online-Formular fehlerfrei ausgef\u00fcllt haben? Die USA scherzen nicht mit der inneren Sicherheit und ein einfacher Tippfehler bei Ihrem Ehenamen oder Ihrer Passnummer kann als Betrugsversuch interpretiert werden.<\/p>\n\n<p>Haben Sie den Nutzen eines ESTAs verstanden? Vielleicht haben Sie erw\u00e4hnt, dass Sie w\u00e4hrend Ihres Aufenthalts in den USA eine Arbeit finden m\u00f6chten. ESTA ist keine Green Card oder Daueraufenthaltskarte, die es Ihnen erlaubt, in den USA zu arbeiten oder sogar dort zu leben. Es handelt sich um eine elektronische Reisegenehmigung, die bei Gesch\u00e4ftsreisen, Durchreisen oder touristischen Aufenthalten von bis zu 90 Tagen erforderlich ist.<\/p>\n\n<p>Wenn Sie glauben, dass Sie einen Fehler gemacht haben und Ihnen das ESTA verweigert wird, haben Sie die M\u00f6glichkeit, innerhalb von 10 Tagen einen neuen Antrag zu stellen.<\/p>\n\n<p>Wenn Sie nicht alle aufgef\u00fchrten Bedingungen erf\u00fcllen, ist es Ihnen nicht gestattet, mit einem ESTA in die USA zu reisen. Sie m\u00fcssen ein Touristenvisum f\u00fcr die Einreise in die USA bei der n\u00e4chstgelegenen US-Botschaft oder dem n\u00e4chstgelegenen US-Konsulat beantragen.<\/p>\n","protected":false},"excerpt":{"rendered":"<p>Werden Sie als Tourist oder Gesch\u00e4ftsreisender in die USA reisen? Oder vielleicht reisen Sie nur durch die Vereinigten Staaten von Amerika zu Ihrem Endziel und haben gerade festgestellt, dass Sie auch in diesem Fall eine ESTA-Genehmigung ben\u00f6tigen. Wie lange dauert es, bis man ESTA erh\u00e4lt und wie beantragt man die Genehmigung? Ausf\u00fchrliche Antworten in diesem [&hellip;]<\/p>\n","protected":false},"author":1,"featured_media":0,"parent":0,"menu_order":0,"comment_status":"closed","ping_status":"closed","template":"","meta":{"site-sidebar-layout":"default","site-content-layout":"default","ast-site-content-layout":"default","site-content-style":"default","site-sidebar-style":"default","ast-global-header-display":"","ast-banner-title-visibility":"","ast-main-header-display":"","ast-hfb-above-header-display":"","ast-hfb-below-header-display":"","ast-hfb-mobile-header-display":"","site-post-title":"","ast-breadcrumbs-content":"","ast-featured-img":"","footer-sml-layout":"","ast-disable-related-posts":"","theme-transparent-header-meta":"","adv-header-id-meta":"","stick-header-meta":"default","header-above-stick-meta":"","header-main-stick-meta":"","header-below-stick-meta":"","astra-migrate-meta-layouts":"default","ast-page-background-enabled":"default","ast-page-background-meta":{"desktop":{"background-color":"","background-image":"","background-repeat":"repeat","background-position":"center center","background-size":"auto","background-attachment":"scroll","background-type":"","background-media":"","overlay-type":"","overlay-color":"","overlay-opacity":"","overlay-gradient":""},"tablet":{"background-color":"","background-image":"","background-repeat":"repeat","background-position":"center center","background-size":"auto","background-attachment":"scroll","background-type":"","background-media":"","overlay-type":"","overlay-color":"","overlay-opacity":"","overlay-gradient":""},"mobile":{"background-color":"","background-image":"","background-repeat":"repeat","background-position":"center center","background-size":"auto","background-attachment":"scroll","background-type":"","background-media":"","overlay-type":"","overlay-color":"","overlay-opacity":"","overlay-gradient":""}},"ast-content-background-meta":{"desktop":{"background-color":"var(--ast-global-color-5)","background-image":"","background-repeat":"repeat","background-position":"center center","background-size":"auto","background-attachment":"scroll","background-type":"","background-media":"","overlay-type":"","overlay-color":"","overlay-opacity":"","overlay-gradient":""},"tablet":{"background-color":"var(--ast-global-color-5)","background-image":"","background-repeat":"repeat","background-position":"center center","background-size":"auto","background-attachment":"scroll","background-type":"","background-media":"","overlay-type":"","overlay-color":"","overlay-opacity":"","overlay-gradient":""},"mobile":{"background-color":"var(--ast-global-color-5)","background-image":"","background-repeat":"repeat","background-position":"center center","background-size":"auto","background-attachment":"scroll","background-type":"","background-media":"","overlay-type":"","overlay-color":"","overlay-opacity":"","overlay-gradient":""}},"footnotes":""},"class_list":["post-2235","page","type-page","status-publish","hentry"],"yoast_head":"<!-- This site is optimized with the Yoast SEO plugin v27.1.1 - https:\/\/yoast.com\/product\/yoast-seo-wordpress\/ -->\n<title>Wie lange dauert es, bis man ESTA f\u00fcr eine Reise in die USA erh\u00e4lt?<\/title>\n<meta name=\"description\" content=\"Ausf\u00fchrliche Erkl\u00e4rung, wie lange es dauert, bis man eine ESTA-Reisegenehmigung f\u00fcr eine Reise in die USA erh\u00e4lt.\" \/>\n<meta name=\"robots\" content=\"index, follow, max-snippet:-1, max-image-preview:large, max-video-preview:-1\" \/>\n<link rel=\"canonical\" href=\"https:\/\/123-esta.com\/de\/was-ist-die-frist-fur-den-erhalt-des-esta\/\" \/>\n<meta property=\"og:locale\" content=\"de_DE\" \/>\n<meta property=\"og:type\" content=\"article\" \/>\n<meta property=\"og:title\" content=\"Wie lange dauert es, bis man ESTA f\u00fcr eine Reise in die USA erh\u00e4lt?\" \/>\n<meta property=\"og:description\" content=\"Ausf\u00fchrliche Erkl\u00e4rung, wie lange es dauert, bis man eine ESTA-Reisegenehmigung f\u00fcr eine Reise in die USA erh\u00e4lt.\" \/>\n<meta property=\"og:url\" content=\"https:\/\/123-esta.com\/de\/was-ist-die-frist-fur-den-erhalt-des-esta\/\" \/>\n<meta property=\"og:site_name\" content=\"Formulaire ESTA pour les USA\" \/>\n<meta property=\"article:modified_time\" content=\"2022-09-13T21:37:04+00:00\" \/>\n<meta name=\"twitter:card\" content=\"summary_large_image\" \/>\n<meta name=\"twitter:label1\" content=\"Gesch\u00e4tzte Lesezeit\" \/>\n\t<meta name=\"twitter:data1\" content=\"3\u00a0Minuten\" \/>\n<script type=\"application\/ld+json\" class=\"yoast-schema-graph\">{\"@context\":\"https:\/\/schema.org\",\"@graph\":[{\"@type\":\"WebPage\",\"@id\":\"https:\/\/123-esta.com\/de\/was-ist-die-frist-fur-den-erhalt-des-esta\/\",\"url\":\"https:\/\/123-esta.com\/de\/was-ist-die-frist-fur-den-erhalt-des-esta\/\",\"name\":\"Wie lange dauert es, bis man ESTA f\u00fcr eine Reise in die USA erh\u00e4lt?\",\"isPartOf\":{\"@id\":\"https:\/\/123-esta.com\/de\/#website\"},\"datePublished\":\"2022-07-27T19:33:29+00:00\",\"dateModified\":\"2022-09-13T21:37:04+00:00\",\"description\":\"Ausf\u00fchrliche Erkl\u00e4rung, wie lange es dauert, bis man eine ESTA-Reisegenehmigung f\u00fcr eine Reise in die USA erh\u00e4lt.\",\"inLanguage\":\"de\",\"potentialAction\":[{\"@type\":\"ReadAction\",\"target\":[\"https:\/\/123-esta.com\/de\/was-ist-die-frist-fur-den-erhalt-des-esta\/\"]}]},{\"@type\":\"WebSite\",\"@id\":\"https:\/\/123-esta.com\/de\/#website\",\"url\":\"https:\/\/123-esta.com\/de\/\",\"name\":\"Formulaire ESTA pour les USA\",\"description\":\"\",\"publisher\":{\"@id\":\"https:\/\/123-esta.com\/de\/#organization\"},\"potentialAction\":[{\"@type\":\"SearchAction\",\"target\":{\"@type\":\"EntryPoint\",\"urlTemplate\":\"https:\/\/123-esta.com\/de\/?s={search_term_string}\"},\"query-input\":{\"@type\":\"PropertyValueSpecification\",\"valueRequired\":true,\"valueName\":\"search_term_string\"}}],\"inLanguage\":\"de\"},{\"@type\":\"Organization\",\"@id\":\"https:\/\/123-esta.com\/de\/#organization\",\"name\":\"Formulaire ESTA pour les USA\",\"url\":\"https:\/\/123-esta.com\/de\/\",\"logo\":{\"@type\":\"ImageObject\",\"inLanguage\":\"de\",\"@id\":\"https:\/\/123-esta.com\/de\/#\/schema\/logo\/image\/\",\"url\":\"https:\/\/123-esta.com\/wp-content\/uploads\/2018\/03\/logo-123-esta.png\",\"contentUrl\":\"https:\/\/123-esta.com\/wp-content\/uploads\/2018\/03\/logo-123-esta.png\",\"width\":191,\"height\":54,\"caption\":\"Formulaire ESTA pour les USA\"},\"image\":{\"@id\":\"https:\/\/123-esta.com\/de\/#\/schema\/logo\/image\/\"}}]}<\/script>\n<!-- \/ Yoast SEO plugin. -->","yoast_head_json":{"title":"Wie lange dauert es, bis man ESTA f\u00fcr eine Reise in die USA erh\u00e4lt?","description":"Ausf\u00fchrliche Erkl\u00e4rung, wie lange es dauert, bis man eine ESTA-Reisegenehmigung f\u00fcr eine Reise in die USA erh\u00e4lt.","robots":{"index":"index","follow":"follow","max-snippet":"max-snippet:-1","max-image-preview":"max-image-preview:large","max-video-preview":"max-video-preview:-1"},"canonical":"https:\/\/123-esta.com\/de\/was-ist-die-frist-fur-den-erhalt-des-esta\/","og_locale":"de_DE","og_type":"article","og_title":"Wie lange dauert es, bis man ESTA f\u00fcr eine Reise in die USA erh\u00e4lt?","og_description":"Ausf\u00fchrliche Erkl\u00e4rung, wie lange es dauert, bis man eine ESTA-Reisegenehmigung f\u00fcr eine Reise in die USA erh\u00e4lt.","og_url":"https:\/\/123-esta.com\/de\/was-ist-die-frist-fur-den-erhalt-des-esta\/","og_site_name":"Formulaire ESTA pour les USA","article_modified_time":"2022-09-13T21:37:04+00:00","twitter_card":"summary_large_image","twitter_misc":{"Gesch\u00e4tzte Lesezeit":"3\u00a0Minuten"},"schema":{"@context":"https:\/\/schema.org","@graph":[{"@type":"WebPage","@id":"https:\/\/123-esta.com\/de\/was-ist-die-frist-fur-den-erhalt-des-esta\/","url":"https:\/\/123-esta.com\/de\/was-ist-die-frist-fur-den-erhalt-des-esta\/","name":"Wie lange dauert es, bis man ESTA f\u00fcr eine Reise in die USA erh\u00e4lt?","isPartOf":{"@id":"https:\/\/123-esta.com\/de\/#website"},"datePublished":"2022-07-27T19:33:29+00:00","dateModified":"2022-09-13T21:37:04+00:00","description":"Ausf\u00fchrliche Erkl\u00e4rung, wie lange es dauert, bis man eine ESTA-Reisegenehmigung f\u00fcr eine Reise in die USA erh\u00e4lt.","inLanguage":"de","potentialAction":[{"@type":"ReadAction","target":["https:\/\/123-esta.com\/de\/was-ist-die-frist-fur-den-erhalt-des-esta\/"]}]},{"@type":"WebSite","@id":"https:\/\/123-esta.com\/de\/#website","url":"https:\/\/123-esta.com\/de\/","name":"Formulaire ESTA pour les USA","description":"","publisher":{"@id":"https:\/\/123-esta.com\/de\/#organization"},"potentialAction":[{"@type":"SearchAction","target":{"@type":"EntryPoint","urlTemplate":"https:\/\/123-esta.com\/de\/?s={search_term_string}"},"query-input":{"@type":"PropertyValueSpecification","valueRequired":true,"valueName":"search_term_string"}}],"inLanguage":"de"},{"@type":"Organization","@id":"https:\/\/123-esta.com\/de\/#organization","name":"Formulaire ESTA pour les USA","url":"https:\/\/123-esta.com\/de\/","logo":{"@type":"ImageObject","inLanguage":"de","@id":"https:\/\/123-esta.com\/de\/#\/schema\/logo\/image\/","url":"https:\/\/123-esta.com\/wp-content\/uploads\/2018\/03\/logo-123-esta.png","contentUrl":"https:\/\/123-esta.com\/wp-content\/uploads\/2018\/03\/logo-123-esta.png","width":191,"height":54,"caption":"Formulaire ESTA pour les USA"},"image":{"@id":"https:\/\/123-esta.com\/de\/#\/schema\/logo\/image\/"}}]}},"_links":{"self":[{"href":"https:\/\/123-esta.com\/de\/wp-json\/wp\/v2\/pages\/2235","targetHints":{"allow":["GET"]}}],"collection":[{"href":"https:\/\/123-esta.com\/de\/wp-json\/wp\/v2\/pages"}],"about":[{"href":"https:\/\/123-esta.com\/de\/wp-json\/wp\/v2\/types\/page"}],"author":[{"embeddable":true,"href":"https:\/\/123-esta.com\/de\/wp-json\/wp\/v2\/users\/1"}],"replies":[{"embeddable":true,"href":"https:\/\/123-esta.com\/de\/wp-json\/wp\/v2\/comments?post=2235"}],"version-history":[{"count":0,"href":"https:\/\/123-esta.com\/de\/wp-json\/wp\/v2\/pages\/2235\/revisions"}],"wp:attachment":[{"href":"https:\/\/123-esta.com\/de\/wp-json\/wp\/v2\/media?parent=2235"}],"curies":[{"name":"wp","href":"https:\/\/api.w.org\/{rel}","templated":true}]}}