{"id":2225,"date":"2022-07-27T21:33:28","date_gmt":"2022-07-27T19:33:28","guid":{"rendered":"https:\/\/123-esta.com\/presentation-de-lesta-canada\/"},"modified":"2022-09-06T09:32:01","modified_gmt":"2022-09-06T07:32:01","slug":"prasentation-esta-kanada","status":"publish","type":"page","link":"https:\/\/123-esta.com\/de\/prasentation-esta-kanada\/","title":{"rendered":"\u00dcberblick \u00fcber ESTA Kanada"},"content":{"rendered":"\n<p><span style=\"font-weight: 400;\">Nach dem Vorbild des <a href=\"https:\/\/123-esta.com\/de\/\">ESTA<\/a> f\u00fcr eine Reise in die USA ist das ESTA Kanada eine elektronische Genehmigung, die bestimmten Reisenden den Aufenthalt in oder die Durchreise durch Kanada erm\u00f6glicht. Diese Erlaubnis wurde 2016 eingef\u00fchrt und dient dazu, die Sicherheitsma\u00dfnahmen des Landes und die der Reisenden zu verst\u00e4rken. Ab sofort k\u00f6nnen Sie sich dieses Dokument ansehen, mit dem Sie ganz einfach in das Land der Karibus reisen und die wundersch\u00f6nen St\u00e4dte und Provinzen Vancouver, Ontario, Toronto, Qu\u00e9bec, Nova Scotia usw. entdecken k\u00f6nnen. Zwischen Indian Summer, endlosen Landschaften, Ahornsirup und Nordlichtern wird dieses Land einen bleibenden Eindruck bei Ihnen hinterlassen. Destination Kanada!<\/span><\/p>\n\n<h2 class=\"wp-block-heading\">Einreisebeschr\u00e4nkungen IN KANADA DURCH COVID-19<\/h2>\n\n<p>Die Gesundheitskrise, die 2020 mit dem Auftreten von COVID 19 begann, f\u00fchrte dazu, dass die Grenzen aller L\u00e4nder weltweit geschlossen wurden. Wie die USA hat auch Kanada seit M\u00e4rz 2020 die Einreise in das Land f\u00fcr ausl\u00e4ndische Reisende geschlossen. Kanada hat beschlossen, sein Hoheitsgebiet seit dem 30. November 2021 wieder f\u00fcr Ausl\u00e4nder zu \u00f6ffnen. Die Einreisekriterien f\u00fcr Ausl\u00e4nder nach Kanada wurden versch\u00e4rft. Um nach Kanada einreisen zu k\u00f6nnen, muss man nun vollst\u00e4ndig gegen COVID-19 geimpft sein.<\/p>\n\n<h2 class=\"wp-block-heading\"><span style=\"font-weight: 400;\">Was Sie \u00fcber ESTA wissen sollten<\/span> <span style=\"font-weight: 400;\">ESTA Kanada<\/span><\/h2>\n\n<p><span style=\"font-weight: 400;\">ESTA Kanada ist nicht die offizielle Bezeichnung f\u00fcr die kanadische Reisegenehmigung. Ihr Name ist <a href=\"https:\/\/ave-eta-canada.com\/de\/\">AVE Canada<\/a> f\u00fcr Autorisation de Voyage Electronique (Elektronische Reisegenehmigung). Sie erm\u00f6glicht es Reisenden, sich in Kanada aufzuhalten, ohne vorher ein kanadisches Visum zu beantragen.<\/span><\/p>\n\n<h3 class=\"wp-block-heading\"><span style=\"font-weight: 400;\">Wer kann von der kanadischen Visumbefreiung profitieren?<\/span><\/h3>\n\n<p><span style=\"font-weight: 400;\">Die kanadische Visumbefreiung wird nicht allen Reisenden angeboten. Um einen Antrag stellen zu k\u00f6nnen, m\u00fcssen mehrere Bedingungen erf\u00fcllt sein.<\/span><\/p>\n\n<p><span style=\"font-weight: 400;\">Zun\u00e4chst einmal ist es zwingend erforderlich, dass man die Staatsangeh\u00f6rigkeit eines der L\u00e4nder besitzt, die an dieser Regelung teilnehmen: Andorra, Australien, Bahamas, Barbados, Belgien, Brasilien, Brunei Darussalam, Bulgarien, Chile, D\u00e4nemark, Deutschland, Estland, Finnland, Frankreich, Griechenland, Gro\u00dfbritannien, Hongkong, Irland, Island, Israel, Italien, Spanien, Kroatien, Ungarn, Salomon-Inseln, Vereinigte Arabische Emirate, Zypern, Japan, Lettland, Liechtenstein, Litauen, Luxemburg, Malta, Mexiko, Monaco, Neuseeland, Papua-Neuguinea, Niederlande, Norwegen, Polen, Portugal, Republik Korea, Tschechische Republik, Rum\u00e4nien, San Marino, Samoa, Singapur, Slowakei, Slowenien, Schweden, Schweiz, Taiwan und Vatikan.<\/span><\/p>\n\n<p><span style=\"font-weight: 400;\">Wie Sie sehen k\u00f6nnen, sind deutsch Staatsb\u00fcrger von der Pflicht zur Beantragung eines Touristenvisums befreit und somit berechtigt, einen ESTA-Antrag f\u00fcr Kanada zu stellen. <\/span><\/p>\n\n<p><span style=\"font-weight: 400;\">Die zweite auferlegte Bedingung ist die Art des Transports: Nur Reisen nach Kanada auf dem Luftweg fallen unter die kanadische Reisegenehmigung.  <\/span><\/p>\n\n<p><span style=\"font-weight: 400;\">Die dritte Bedingung bezieht sich auf den Grund f\u00fcr den Aufenthalt in Kanada. Der Reisende darf nicht das Ziel haben, sich in Kanada niederzulassen oder dort zu arbeiten. Um mit einem eTA in Kanada einreisen zu k\u00f6nnen, m\u00fcssen Sie einen vor\u00fcbergehenden Aufenthalt in Kanada anstreben.<\/span><\/p>\n\n<p><span style=\"font-weight: 400;\">Nat\u00fcrlich geh\u00f6rt ein g\u00fcltiger Reisepass dazu, egal ob es sich um einen elektronischen oder einen biometrischen Reisepass handelt.<\/span><\/p>\n\n<h3 class=\"wp-block-heading\"><span style=\"font-weight: 400;\">Was kostet das ESTA Kanada?<\/span><\/h3>\n\n<p><span style=\"font-weight: 400;\">Das kanadische ESTA ist billiger als das ESTA f\u00fcr die USA. Die Kosten betragen 7 CAD (kanadischer Dollar) f\u00fcr einen Antrag auf der Website der kanadischen Regierung und sind etwas h\u00f6her, wenn Sie Unterst\u00fctzung bei der Antragstellung w\u00fcnschen, d. h. wenn Sie einen privaten Anbieter bevollm\u00e4chtigen, den Antrag f\u00fcr Sie zu stellen. Auf die verschiedenen Bestellplattformen gehen wir weiter unten in diesem Text ein.<\/span><\/p>\n\n<h3 class=\"wp-block-heading\"><span style=\"font-weight: 400;\">Wie lange kann man mit einem eTA nach Kanada reisen?<\/span><\/h3>\n\n<p><span style=\"font-weight: 400;\">Die erlaubte Dauer in Kanada mit der AVE-Genehmigung ist nicht identisch mit der eines ESTA f\u00fcr einen Aufenthalt in den USA: Sie betr\u00e4gt 6 aufeinanderfolgende Monate f\u00fcr ein AVE Kanada gegen\u00fcber 90 Tagen f\u00fcr das ESTA.<\/span><\/p>\n\n<h3 class=\"wp-block-heading\"><span style=\"font-weight: 400;\">Wie lange ist die Reisegenehmigung g\u00fcltig?<\/span><\/h3>\n\n<p><span style=\"font-weight: 400;\">Auch die G\u00fcltigkeitsdauer des AVE ist l\u00e4nger als die eines ESTA USA. Sie ist f\u00fcnf Jahre lang g\u00fcltig, gerechnet ab dem Zeitpunkt, an dem die kanadischen Beh\u00f6rden die Genehmigung erhalten haben. Es sind also mehrere Aufenthalte in Kanada m\u00f6glich, ohne dass Sie einen neuen ESTA-Kanada-Antrag stellen m\u00fcssen.  <\/span><\/p>\n\n<p><span style=\"font-weight: 400;\">Achtung: Wenn Sie Ihren Reisepass verloren haben oder dieser abl\u00e4uft, sind Sie gezwungen, Ihren ESTA Kanada-Antrag mit Ihrem neuen Reisepass zu erneuern, bevor Sie erneut ausreisen, da die Genehmigung und der Reisepass Hand in Hand gehen.<\/span><\/p>\n\n<h2 class=\"wp-block-heading\"><span style=\"font-weight: 400;\">Wie man ein <\/span><span style=\"font-weight: 400;\">eTA <\/span><span style=\"font-weight: 400;\">f\u00fcr eine Reise nach Kanada?<\/span><\/h2>\n\n<p><span style=\"font-weight: 400;\">Wenn Sie die notwendigen Voraussetzungen f\u00fcr einen AVE-Antrag erf\u00fcllen, ist es nun an der Zeit, Ihnen zu erkl\u00e4ren, wie Sie diesen so schnell wie m\u00f6glich erhalten, damit Sie Kanada entdecken k\u00f6nnen.  <\/span><\/p>\n\n<p><span style=\"font-weight: 400;\">Sie sollten wissen, dass Sie nicht zur kanadischen Botschaft reisen oder sich mit den Konsularbeh\u00f6rden in Verbindung setzen m\u00fcssen. Sie m\u00fcssen lediglich einen Online-Antrag \u00fcber ein ESTA Kanada-Formular stellen. Um das Formular auszuf\u00fcllen, m\u00fcssen Sie Ihre pers\u00f6nlichen Daten und die der anderen Reisenden, die Sie begleiten, angeben. Nehmen Sie au\u00dferdem Ihren elektronischen oder biometrischen Reisepass und eine Geldkarte mit.<\/span><\/p>\n\n<h3 class=\"wp-block-heading\"><span style=\"font-weight: 400;\">Die Beschaffung eines eTA auf der offiziellen Website der kanadischen Regierung<\/span><\/h3>\n\n<p><span style=\"font-weight: 400;\">Sie k\u00f6nnen auch \u00fcber die offizielle Website der kanadischen Regierung gehen. Auf dieser Seite haben Sie keinen Zugang zu einem Support. Um Ihre ESTA-Genehmigung f\u00fcr Kanada zu erhalten, m\u00fcssen Sie nur das Online-Formular auf der Website ausf\u00fcllen. Um Ihren Antrag zu best\u00e4tigen, m\u00fcssen Sie Ihre Kreditkarte bereithalten und den geforderten Betrag bezahlen.<\/span><\/p>\n\n<h3 class=\"wp-block-heading\"><span style=\"font-weight: 400;\">Wie lange muss man auf einen eTA warten?<\/span><\/h3>\n\n<p><span style=\"font-weight: 400;\">Egal, ob Sie auf der Website der kanadischen Regierung oder auf einer speziellen Website bestellen, Sie erhalten die Genehmigung der Beh\u00f6rden innerhalb weniger Tage. Achten Sie darauf, dass Sie die richtige E-Mail-Adresse angeben, da die Antwort per E-Mail an Sie gesendet wird. Eine erste E-Mail ist Ihre Empfangsbest\u00e4tigung, die zweite die Antwort auf Ihren eTA-Antrag.<\/span><\/p>\n\n<h3 class=\"wp-block-heading\"><span style=\"font-weight: 400;\">Was tun, wenn das ESTA Kanada abgelehnt wird?<\/span><\/h3>\n\n<p><span style=\"font-weight: 400;\">Die Ablehnung eines ESTA Kanada durch die Einwanderungsbeh\u00f6rde Immigration Canada bleibt eine seltene, aber nicht unm\u00f6gliche Situation. Wenn Sie ein Problem mit Ihrem Formular feststellen, k\u00f6nnen Sie sich so schnell wie m\u00f6glich \u00fcber ein Formular an die kanadischen Beh\u00f6rden wenden, um die Vertipper zu korrigieren. Wenn eine \u00c4nderung nicht mehr m\u00f6glich ist, kann ein neuer Antrag gestellt werden.<\/span><\/p>\n\n<p><span style=\"font-weight: 400;\">Nach einer endg\u00fcltigen Ablehnung bleibt Ihnen immer noch die M\u00f6glichkeit, das Visum bei der kanadischen Botschaft oder dem Konsulat zu beantragen. Um nach Kanada zu gehen, gibt es verschiedene Visa, die es Ihnen erm\u00f6glichen, im Ausland zu studieren, in Kanada zu leben oder einen touristischen Aufenthalt zu machen. Erkundigen Sie sich bei der kanadischen Botschaft, um weitere Informationen zu erhalten. Wenn du zwischen 18 und 35 Jahre alt bist, solltest du das PVT (Working Holiday Permit) in Betracht ziehen, eine Arbeitserlaubnis, mit der du deinen Lebensunterhalt verdienen kannst, w\u00e4hrend du <a href=\"https:\/\/123-esta.com\/de\/reisen-in-kanada-aus-usa\/\">Kanada besuchst<\/a>.<\/span><\/p>\n\n<p><span style=\"font-weight: 400;\">In jedem Fall werden Sie die St\u00e4dte Kanadas faszinieren. Wir w\u00fcnschen Ihnen eine gute Reise!<\/span><\/p>\n\n<p><span style=\"font-weight: 400;\"><strong>Gut zu wissen<\/strong>: Wenn Sie die Gelegenheit nutzen m\u00f6chten, um eine Flugreise in die USA zu unternehmen, denken Sie daran, den ESTA-Antrag online und nicht bei der US-Botschaft zu stellen. Um in die Vereinigten Staaten von Amerika einzureisen, m\u00fcssen Sie einen g\u00fcltigen Reisepass haben, eine Touristen- oder Gesch\u00e4ftsreise unternehmen und sich h\u00f6chstens 90 Tage auf amerikanischem Boden aufhalten.<\/span><\/p>\n","protected":false},"excerpt":{"rendered":"<p>Nach dem Vorbild des ESTA f\u00fcr eine Reise in die USA ist das ESTA Kanada eine elektronische Genehmigung, die bestimmten Reisenden den Aufenthalt in oder die Durchreise durch Kanada erm\u00f6glicht. Diese Erlaubnis wurde 2016 eingef\u00fchrt und dient dazu, die Sicherheitsma\u00dfnahmen des Landes und die der Reisenden zu verst\u00e4rken. Ab sofort k\u00f6nnen Sie sich dieses Dokument [&hellip;]<\/p>\n","protected":false},"author":1,"featured_media":0,"parent":0,"menu_order":0,"comment_status":"closed","ping_status":"closed","template":"","meta":{"site-sidebar-layout":"default","site-content-layout":"default","ast-site-content-layout":"default","site-content-style":"default","site-sidebar-style":"default","ast-global-header-display":"","ast-banner-title-visibility":"","ast-main-header-display":"","ast-hfb-above-header-display":"","ast-hfb-below-header-display":"","ast-hfb-mobile-header-display":"","site-post-title":"","ast-breadcrumbs-content":"","ast-featured-img":"","footer-sml-layout":"","ast-disable-related-posts":"","theme-transparent-header-meta":"default","adv-header-id-meta":"","stick-header-meta":"default","header-above-stick-meta":"","header-main-stick-meta":"","header-below-stick-meta":"","astra-migrate-meta-layouts":"default","ast-page-background-enabled":"default","ast-page-background-meta":{"desktop":{"background-color":"","background-image":"","background-repeat":"repeat","background-position":"center center","background-size":"auto","background-attachment":"scroll","background-type":"","background-media":"","overlay-type":"","overlay-color":"","overlay-opacity":"","overlay-gradient":""},"tablet":{"background-color":"","background-image":"","background-repeat":"repeat","background-position":"center center","background-size":"auto","background-attachment":"scroll","background-type":"","background-media":"","overlay-type":"","overlay-color":"","overlay-opacity":"","overlay-gradient":""},"mobile":{"background-color":"","background-image":"","background-repeat":"repeat","background-position":"center center","background-size":"auto","background-attachment":"scroll","background-type":"","background-media":"","overlay-type":"","overlay-color":"","overlay-opacity":"","overlay-gradient":""}},"ast-content-background-meta":{"desktop":{"background-color":"var(--ast-global-color-5)","background-image":"","background-repeat":"repeat","background-position":"center center","background-size":"auto","background-attachment":"scroll","background-type":"","background-media":"","overlay-type":"","overlay-color":"","overlay-opacity":"","overlay-gradient":""},"tablet":{"background-color":"var(--ast-global-color-5)","background-image":"","background-repeat":"repeat","background-position":"center center","background-size":"auto","background-attachment":"scroll","background-type":"","background-media":"","overlay-type":"","overlay-color":"","overlay-opacity":"","overlay-gradient":""},"mobile":{"background-color":"var(--ast-global-color-5)","background-image":"","background-repeat":"repeat","background-position":"center center","background-size":"auto","background-attachment":"scroll","background-type":"","background-media":"","overlay-type":"","overlay-color":"","overlay-opacity":"","overlay-gradient":""}},"footnotes":""},"class_list":["post-2225","page","type-page","status-publish","hentry"],"yoast_head":"<!-- This site is optimized with the Yoast SEO plugin v27.1.1 - https:\/\/yoast.com\/product\/yoast-seo-wordpress\/ -->\n<title>ESTA Kanada: Was ist das genau?<\/title>\n<meta name=\"description\" content=\"Sie planen, nach Kanada zu gehen, wissen aber nicht, welche Formalit\u00e4ten zu erledigen sind? Wir stellen Ihnen das eTA vor, das so etwas wie ein ESTA f\u00fcr Kanada ist.\" \/>\n<meta name=\"robots\" content=\"index, follow, max-snippet:-1, max-image-preview:large, max-video-preview:-1\" \/>\n<link rel=\"canonical\" href=\"https:\/\/123-esta.com\/de\/prasentation-esta-kanada\/\" \/>\n<meta property=\"og:locale\" content=\"de_DE\" \/>\n<meta property=\"og:type\" content=\"article\" \/>\n<meta property=\"og:title\" content=\"ESTA Kanada: Was ist das genau?\" \/>\n<meta property=\"og:description\" content=\"Sie planen, nach Kanada zu gehen, wissen aber nicht, welche Formalit\u00e4ten zu erledigen sind? Wir stellen Ihnen das eTA vor, das so etwas wie ein ESTA f\u00fcr Kanada ist.\" \/>\n<meta property=\"og:url\" content=\"https:\/\/123-esta.com\/de\/prasentation-esta-kanada\/\" \/>\n<meta property=\"og:site_name\" content=\"Formulaire ESTA pour les USA\" \/>\n<meta property=\"article:modified_time\" content=\"2022-09-06T07:32:01+00:00\" \/>\n<meta name=\"twitter:card\" content=\"summary_large_image\" \/>\n<meta name=\"twitter:label1\" content=\"Gesch\u00e4tzte Lesezeit\" \/>\n\t<meta name=\"twitter:data1\" content=\"6\u00a0Minuten\" \/>\n<script type=\"application\/ld+json\" class=\"yoast-schema-graph\">{\"@context\":\"https:\/\/schema.org\",\"@graph\":[{\"@type\":\"WebPage\",\"@id\":\"https:\/\/123-esta.com\/de\/prasentation-esta-kanada\/\",\"url\":\"https:\/\/123-esta.com\/de\/prasentation-esta-kanada\/\",\"name\":\"ESTA Kanada: Was ist das genau?\",\"isPartOf\":{\"@id\":\"https:\/\/123-esta.com\/de\/#website\"},\"datePublished\":\"2022-07-27T19:33:28+00:00\",\"dateModified\":\"2022-09-06T07:32:01+00:00\",\"description\":\"Sie planen, nach Kanada zu gehen, wissen aber nicht, welche Formalit\u00e4ten zu erledigen sind? Wir stellen Ihnen das eTA vor, das so etwas wie ein ESTA f\u00fcr Kanada ist.\",\"inLanguage\":\"de\",\"potentialAction\":[{\"@type\":\"ReadAction\",\"target\":[\"https:\/\/123-esta.com\/de\/prasentation-esta-kanada\/\"]}]},{\"@type\":\"WebSite\",\"@id\":\"https:\/\/123-esta.com\/de\/#website\",\"url\":\"https:\/\/123-esta.com\/de\/\",\"name\":\"Formulaire ESTA pour les USA\",\"description\":\"\",\"publisher\":{\"@id\":\"https:\/\/123-esta.com\/de\/#organization\"},\"potentialAction\":[{\"@type\":\"SearchAction\",\"target\":{\"@type\":\"EntryPoint\",\"urlTemplate\":\"https:\/\/123-esta.com\/de\/?s={search_term_string}\"},\"query-input\":{\"@type\":\"PropertyValueSpecification\",\"valueRequired\":true,\"valueName\":\"search_term_string\"}}],\"inLanguage\":\"de\"},{\"@type\":\"Organization\",\"@id\":\"https:\/\/123-esta.com\/de\/#organization\",\"name\":\"Formulaire ESTA pour les USA\",\"url\":\"https:\/\/123-esta.com\/de\/\",\"logo\":{\"@type\":\"ImageObject\",\"inLanguage\":\"de\",\"@id\":\"https:\/\/123-esta.com\/de\/#\/schema\/logo\/image\/\",\"url\":\"https:\/\/123-esta.com\/wp-content\/uploads\/2018\/03\/logo-123-esta.png\",\"contentUrl\":\"https:\/\/123-esta.com\/wp-content\/uploads\/2018\/03\/logo-123-esta.png\",\"width\":191,\"height\":54,\"caption\":\"Formulaire ESTA pour les USA\"},\"image\":{\"@id\":\"https:\/\/123-esta.com\/de\/#\/schema\/logo\/image\/\"}}]}<\/script>\n<!-- \/ Yoast SEO plugin. -->","yoast_head_json":{"title":"ESTA Kanada: Was ist das genau?","description":"Sie planen, nach Kanada zu gehen, wissen aber nicht, welche Formalit\u00e4ten zu erledigen sind? Wir stellen Ihnen das eTA vor, das so etwas wie ein ESTA f\u00fcr Kanada ist.","robots":{"index":"index","follow":"follow","max-snippet":"max-snippet:-1","max-image-preview":"max-image-preview:large","max-video-preview":"max-video-preview:-1"},"canonical":"https:\/\/123-esta.com\/de\/prasentation-esta-kanada\/","og_locale":"de_DE","og_type":"article","og_title":"ESTA Kanada: Was ist das genau?","og_description":"Sie planen, nach Kanada zu gehen, wissen aber nicht, welche Formalit\u00e4ten zu erledigen sind? Wir stellen Ihnen das eTA vor, das so etwas wie ein ESTA f\u00fcr Kanada ist.","og_url":"https:\/\/123-esta.com\/de\/prasentation-esta-kanada\/","og_site_name":"Formulaire ESTA pour les USA","article_modified_time":"2022-09-06T07:32:01+00:00","twitter_card":"summary_large_image","twitter_misc":{"Gesch\u00e4tzte Lesezeit":"6\u00a0Minuten"},"schema":{"@context":"https:\/\/schema.org","@graph":[{"@type":"WebPage","@id":"https:\/\/123-esta.com\/de\/prasentation-esta-kanada\/","url":"https:\/\/123-esta.com\/de\/prasentation-esta-kanada\/","name":"ESTA Kanada: Was ist das genau?","isPartOf":{"@id":"https:\/\/123-esta.com\/de\/#website"},"datePublished":"2022-07-27T19:33:28+00:00","dateModified":"2022-09-06T07:32:01+00:00","description":"Sie planen, nach Kanada zu gehen, wissen aber nicht, welche Formalit\u00e4ten zu erledigen sind? Wir stellen Ihnen das eTA vor, das so etwas wie ein ESTA f\u00fcr Kanada ist.","inLanguage":"de","potentialAction":[{"@type":"ReadAction","target":["https:\/\/123-esta.com\/de\/prasentation-esta-kanada\/"]}]},{"@type":"WebSite","@id":"https:\/\/123-esta.com\/de\/#website","url":"https:\/\/123-esta.com\/de\/","name":"Formulaire ESTA pour les USA","description":"","publisher":{"@id":"https:\/\/123-esta.com\/de\/#organization"},"potentialAction":[{"@type":"SearchAction","target":{"@type":"EntryPoint","urlTemplate":"https:\/\/123-esta.com\/de\/?s={search_term_string}"},"query-input":{"@type":"PropertyValueSpecification","valueRequired":true,"valueName":"search_term_string"}}],"inLanguage":"de"},{"@type":"Organization","@id":"https:\/\/123-esta.com\/de\/#organization","name":"Formulaire ESTA pour les USA","url":"https:\/\/123-esta.com\/de\/","logo":{"@type":"ImageObject","inLanguage":"de","@id":"https:\/\/123-esta.com\/de\/#\/schema\/logo\/image\/","url":"https:\/\/123-esta.com\/wp-content\/uploads\/2018\/03\/logo-123-esta.png","contentUrl":"https:\/\/123-esta.com\/wp-content\/uploads\/2018\/03\/logo-123-esta.png","width":191,"height":54,"caption":"Formulaire ESTA pour les USA"},"image":{"@id":"https:\/\/123-esta.com\/de\/#\/schema\/logo\/image\/"}}]}},"_links":{"self":[{"href":"https:\/\/123-esta.com\/de\/wp-json\/wp\/v2\/pages\/2225","targetHints":{"allow":["GET"]}}],"collection":[{"href":"https:\/\/123-esta.com\/de\/wp-json\/wp\/v2\/pages"}],"about":[{"href":"https:\/\/123-esta.com\/de\/wp-json\/wp\/v2\/types\/page"}],"author":[{"embeddable":true,"href":"https:\/\/123-esta.com\/de\/wp-json\/wp\/v2\/users\/1"}],"replies":[{"embeddable":true,"href":"https:\/\/123-esta.com\/de\/wp-json\/wp\/v2\/comments?post=2225"}],"version-history":[{"count":0,"href":"https:\/\/123-esta.com\/de\/wp-json\/wp\/v2\/pages\/2225\/revisions"}],"wp:attachment":[{"href":"https:\/\/123-esta.com\/de\/wp-json\/wp\/v2\/media?parent=2225"}],"curies":[{"name":"wp","href":"https:\/\/api.w.org\/{rel}","templated":true}]}}