{"id":2220,"date":"2022-07-27T21:33:27","date_gmt":"2022-07-27T19:33:27","guid":{"rendered":"https:\/\/123-esta.com\/warum-machen-wir-einen-esta-antrag-fuer-die-usa\/"},"modified":"2022-09-01T22:52:15","modified_gmt":"2022-09-01T20:52:15","slug":"warum-machen-wir-einen-esta-antrag-fur-die-usa","status":"publish","type":"page","link":"https:\/\/123-esta.com\/de\/warum-machen-wir-einen-esta-antrag-fur-die-usa\/","title":{"rendered":"Warum sollte man einen ESTA-Antrag f\u00fcr die USA stellen?"},"content":{"rendered":"\n<p>Ein ESTA-Antrag ist seit Januar 2009 f\u00fcr Reisende, die f\u00fcr weniger als 90 Tage in die USA reisen wollen, obligatorisch. Das<a href=\"https:\/\/123-esta.com\/de\/esta-offiziell\/\">offizielle ESTA<\/a> ist jedoch nicht f\u00fcr jeden erschwinglich, da es mehrere Voraussetzungen erfordert, die f\u00fcr den Erwerb notwendig sind.<\/p>\n\n<p>Genau in diesem Artikel, werden wir auf die verschiedenen Gr\u00fcnde und die Notwendigkeit eines Antrags auf Reisegenehmigung eingehen.<\/p>\n\n<h2 class=\"wp-block-heading\">Was beinhaltet der Antrag auf Reisegenehmigung?<\/h2>\n\n<p>Das Heimatschutzministerium der USA (Department of Security) hat das <a href=\"https:\/\/123-esta.com\/de\/liste-der-lander-visa-waiver-program\/\">Programm f\u00fcr visumfreies Reisen (Visa Waiver Program<\/a>, VWP) eingef\u00fchrt, um Einreiseantr\u00e4ge in die USA zu filtern und die Sicherheitsma\u00dfnahmen zu versch\u00e4rfen. Das Visa Waiver Program (VWP) wurde von 40 L\u00e4ndern unterzeichnet und erm\u00f6glicht es Staatsangeh\u00f6rigen der VWP-Mitgliedsl\u00e4nder, mithilfe des ESTA-Antrags in die USA zu reisen. Besuchen Sie unsere Seite mit der <a href=\"https:\/\/123-esta.com\/de\/liste-der-lander-visa-waiver-program\/\">Liste der VWP-L\u00e4nder<\/a>.<\/p>\n\n<p>Durch das Ausf\u00fcllen des ESTA-Antrags k\u00f6nnen die US-Beh\u00f6rden risikoreiche Reisende anhand der vom Antragsteller angegebenen Identit\u00e4tsdaten leichter ausfindig machen. Um sicherzugehen, dass Sie den ESTA-Antrag erhalten, sollten Sie darauf achten, dass Sie alle geforderten Kriterien erf\u00fcllen.<\/p>\n\n<p>Dank des <a href=\"https:\/\/123-esta.com\/de\/formular-esta\/\">Online-Formulars<\/a> kann das offizielle ESTA schnell beantragt werden (im Gegensatz zum US-Visum). Um den <a href=\"https:\/\/123-esta.com\/de\/alle-wissen-uber-esta-antrag\/\">Antrag online<\/a> zu stellen, k\u00f6nnen Sie die Website der US-Regierung oder die private Website unseres Partners, der Ihnen eine Dienstleistung anbietet, besuchen.<\/p>\n\n<p>Hinweis: Planen Sie nicht in letzter Minute. Auch wenn das ESTA f\u00fcr 99 % der Antragsteller bewilligt wird, kann es sein, dass Ihr Antrag auf Verlangen der US-Beh\u00f6rden mehr Zeit in Anspruch nimmt.<\/p>\n\n<h2 class=\"wp-block-heading\">Bin ich vom ESTA-Antrag betroffen?<\/h2>\n\n<p>Wir haben das erste Kriterium erw\u00e4hnt, das erf\u00fcllt sein muss: die Staatsangeh\u00f6rigkeit eines der L\u00e4nder, die vom VWP betroffen sind.<\/p>\n\n<p>Dies ist jedoch bei weitem nicht die einzige Voraussetzung f\u00fcr die Erteilung einer ESTA-Genehmigung. Um alle Chancen auf Ihrer Seite zu haben, sind hier die verschiedenen Punkte, die Sie beachten sollten.<\/p>\n\n<h3 class=\"wp-block-heading\">Reisen aus einem der 3 Gr\u00fcnde<\/h3>\n\n<ul class=\"wp-block-list\"><li>Touristisch: Sie m\u00f6chten einen touristischen Aufenthalt in den USA machen, um einen Roadtrip zu machen, nach New York zu reisen oder aus einem anderen Grund zu reisen ;<\/li><li>Transit: Sie fliegen nur f\u00fcr die Dauer eines Zwischenstopps durch die USA ;<\/li><li>Beruflich: Schulungen, Treffen usw. Der berufliche Grund darf nicht kommerzieller Natur sein. Wenn Sie ein Gesch\u00e4ft gr\u00fcnden m\u00f6chten, m\u00fcssen Sie sich nach einem USA-Visum erkundigen.<\/li><\/ul>\n\n<h3 class=\"wp-block-heading\">F\u00fcr 90 Tage (oder weniger) weggehen<\/h3>\n\n<p>Ein ESTA-Antrag ist f\u00fcr einen Kurzaufenthalt zul\u00e4ssig, d. h. f\u00fcr maximal 90 Tage (3 Monate). ESTA ist zwei Jahre lang g\u00fcltig, aber Sie d\u00fcrfen nicht l\u00e4nger als 90 aufeinanderfolgende Tage reisen.<\/p>\n\n<h3 class=\"wp-block-heading\">Ihre Dokumente auf dem neuesten Stand halten<\/h3>\n\n<h4 class=\"wp-block-heading\">Biometrischer oder elektronischer Reisepass<\/h4>\n\n<p>Der <a href=\"https:\/\/123-esta.com\/de\/reisepass-fur-esta-usa\/\">elektronische oder biometrische Reisepass<\/a> dient zum Ausf\u00fcllen des ESTA-Formulars und steht durch die Nummer des g\u00fcltigen Reisepasses in direktem Zusammenhang mit dem ESTA-Formular.<\/p>\n\n<p>Zusammenfassend l\u00e4sst sich sagen, dass die Beh\u00f6rden einen biometrischen oder elektronischen Reisepass verlangen, damit sie Ihr ESTA und Ihren Reisepass digital (mit ihren elektronischen Systemen) verkn\u00fcpfen k\u00f6nnen. Daher m\u00fcssen Sie Ihren ESTA-Antrag, wenn er genehmigt wurde, nicht mehr ausdrucken, da die Zollbeamten ihn in Ihrem Reisepass lesen werden.<\/p>\n\n<h4 class=\"wp-block-heading\">ESTA-Genehmigung<\/h4>\n\n<p>Beachten Sie, dass die ESTA-Genehmigung ab dem Tag des Erhalts zwei Jahre lang g\u00fcltig ist. Wenn innerhalb dieser zwei Jahre die G\u00fcltigkeit des Reisepasses abl\u00e4uft, m\u00fcssen Sie Ihren Reisepass erneuern und einen neuen ESTA-Antrag stellen.<\/p>\n\n<h4 class=\"wp-block-heading\">Flugtickets<\/h4>\n\n<p>Ja, es erscheint logisch, Flugtickets zu haben, aber f\u00fcr die USA ist es zwingend erforderlich, \u00fcber eine vom Land anerkannte Flug- oder Schifffahrtsgesellschaft zu reisen. Warten Sie au\u00dferdem nicht, bis Sie vor Ort sind, um Ihr R\u00fcckflugticket nach Frankreich (oder in Ihr Heimatland) zu buchen. Wenn der Sicherheitsbeamte bei Ihrer Ankunft feststellt, dass Sie kein R\u00fcckflugticket haben, kann er Ihnen die Einreise in die USA verweigern, weil er annimmt, dass Ihr Reisegrund darin besteht, illegal in die USA einzuwandern.<\/p>\n\n<p>Beachten Sie: Selbst wenn Sie Ihre ESTA-Reisegenehmigung (und ein Hin- und R\u00fcckflugticket) haben, kann der US-Zoll Ihnen die Einreise verweigern. Ein ESTA ist eine Genehmigung f\u00fcr Reisen in die USA (auf dem Luft- oder Seeweg), aber keine Einreisegenehmigung f\u00fcr das Land.<\/p>\n\n<h2 class=\"wp-block-heading\">Oder durch das Visum?<\/h2>\n\n<p>Ein ESTA ist kein Visum. Die beiden Dokumente unterscheiden sich deutlich voneinander, denn das ESTA erm\u00f6glicht es dem Reisenden gerade, f\u00fcr ihren vor\u00fcbergehenden Aufenthalt von der Visumspflicht befreit zu werden. Es gibt viele verschiedene Arten von Visa: ein Arbeitsvisum, ein Visum f\u00fcr ein Praktikum, ein Visum, um an einer Universit\u00e4t zu studieren, ein Gesch\u00e4ft zu er\u00f6ffnen usw. Ein Visumantrag ist bekannterma\u00dfen teurer und zeitaufw\u00e4ndiger als ein <span style=\"font-weight: 400;\">ESTA-Antrag<\/span>.<\/p>\n\n<p>Die Personen, die ein Visum erhalten sollen, sind diejenigen, die :<\/p>\n\n<h3 class=\"wp-block-heading\">Ein abgelehntes ESTA<\/h3>\n\n<p>Nachdem Sie das Online-Formular ausgef\u00fcllt haben, dauert es bis zu 72 Stunden, bis Ihr Antrag beantwortet wird. Sie k\u00f6nnen drei verschiedene Antworten erhalten: den genehmigten Antrag, den <a href=\"https:\/\/123-esta.com\/de\/was-zu-tun-wenn-der-esta-antrag-aussteht\/\">ausstehenden<\/a> Antrag oder den abgelehnten Antrag. F\u00fcr den letzten Fall k\u00f6nnen zwei Dinge die Ursache sein: Kopierfehler bei Ihren Identit\u00e4tsangaben oder die Nichteinhaltung der Kriterien f\u00fcr den Erhalt. Um Kopierfehler zu vermeiden, sollten Sie darauf achten, sich Zeit zu nehmen und Ihren Reisepass zur Verf\u00fcgung zu haben oder einen privaten Dienstleister zu beauftragen.<\/p>\n\n<p>Wenn Sie die Kriterien f\u00fcr einen ESTA-Antrag nicht erf\u00fcllen, m\u00fcssen Sie sich an die Konsularabteilung der US-Botschaft (oder des Generalkonsulats) wenden, um ein Visum zu beantragen. Ein Antrag auf eine Green Card kommt auch in Betracht, wenn Sie einen dauerhaften Aufenthalt anstreben. Genau wie beim Visum m\u00fcssen Sie sich auch hier an die US-Botschaft wenden.<\/p>\n","protected":false},"excerpt":{"rendered":"<p>Ein ESTA-Antrag ist seit Januar 2009 f\u00fcr Reisende, die f\u00fcr weniger als 90 Tage in die USA reisen wollen, obligatorisch. Dasoffizielle ESTA ist jedoch nicht f\u00fcr jeden erschwinglich, da es mehrere Voraussetzungen erfordert, die f\u00fcr den Erwerb notwendig sind. Genau in diesem Artikel, werden wir auf die verschiedenen Gr\u00fcnde und die Notwendigkeit eines Antrags auf [&hellip;]<\/p>\n","protected":false},"author":1,"featured_media":0,"parent":0,"menu_order":0,"comment_status":"closed","ping_status":"closed","template":"","meta":{"site-sidebar-layout":"default","site-content-layout":"default","ast-site-content-layout":"default","site-content-style":"default","site-sidebar-style":"default","ast-global-header-display":"","ast-banner-title-visibility":"","ast-main-header-display":"","ast-hfb-above-header-display":"","ast-hfb-below-header-display":"","ast-hfb-mobile-header-display":"","site-post-title":"","ast-breadcrumbs-content":"","ast-featured-img":"","footer-sml-layout":"","ast-disable-related-posts":"","theme-transparent-header-meta":"default","adv-header-id-meta":"","stick-header-meta":"default","header-above-stick-meta":"","header-main-stick-meta":"","header-below-stick-meta":"","astra-migrate-meta-layouts":"default","ast-page-background-enabled":"default","ast-page-background-meta":{"desktop":{"background-color":"","background-image":"","background-repeat":"repeat","background-position":"center center","background-size":"auto","background-attachment":"scroll","background-type":"","background-media":"","overlay-type":"","overlay-color":"","overlay-opacity":"","overlay-gradient":""},"tablet":{"background-color":"","background-image":"","background-repeat":"repeat","background-position":"center center","background-size":"auto","background-attachment":"scroll","background-type":"","background-media":"","overlay-type":"","overlay-color":"","overlay-opacity":"","overlay-gradient":""},"mobile":{"background-color":"","background-image":"","background-repeat":"repeat","background-position":"center center","background-size":"auto","background-attachment":"scroll","background-type":"","background-media":"","overlay-type":"","overlay-color":"","overlay-opacity":"","overlay-gradient":""}},"ast-content-background-meta":{"desktop":{"background-color":"var(--ast-global-color-5)","background-image":"","background-repeat":"repeat","background-position":"center center","background-size":"auto","background-attachment":"scroll","background-type":"","background-media":"","overlay-type":"","overlay-color":"","overlay-opacity":"","overlay-gradient":""},"tablet":{"background-color":"var(--ast-global-color-5)","background-image":"","background-repeat":"repeat","background-position":"center center","background-size":"auto","background-attachment":"scroll","background-type":"","background-media":"","overlay-type":"","overlay-color":"","overlay-opacity":"","overlay-gradient":""},"mobile":{"background-color":"var(--ast-global-color-5)","background-image":"","background-repeat":"repeat","background-position":"center center","background-size":"auto","background-attachment":"scroll","background-type":"","background-media":"","overlay-type":"","overlay-color":"","overlay-opacity":"","overlay-gradient":""}},"footnotes":""},"class_list":["post-2220","page","type-page","status-publish","hentry"],"yoast_head":"<!-- This site is optimized with the Yoast SEO plugin v27.1.1 - https:\/\/yoast.com\/product\/yoast-seo-wordpress\/ -->\n<title>Warum sollte man einen ESTA-Antrag f\u00fcr die USA stellen?<\/title>\n<meta name=\"description\" content=\"Ein ESTA-Antrag ist eine Genehmigung f\u00fcr eine Reise in die USA. Alle Antworten auf Ihre Fragen zur Beantragung einer Genehmigung.\" \/>\n<meta name=\"robots\" content=\"index, follow, max-snippet:-1, max-image-preview:large, max-video-preview:-1\" \/>\n<link rel=\"canonical\" href=\"https:\/\/123-esta.com\/de\/warum-machen-wir-einen-esta-antrag-fur-die-usa\/\" \/>\n<meta property=\"og:locale\" content=\"de_DE\" \/>\n<meta property=\"og:type\" content=\"article\" \/>\n<meta property=\"og:title\" content=\"Warum sollte man einen ESTA-Antrag f\u00fcr die USA stellen?\" \/>\n<meta property=\"og:description\" content=\"Ein ESTA-Antrag ist eine Genehmigung f\u00fcr eine Reise in die USA. Alle Antworten auf Ihre Fragen zur Beantragung einer Genehmigung.\" \/>\n<meta property=\"og:url\" content=\"https:\/\/123-esta.com\/de\/warum-machen-wir-einen-esta-antrag-fur-die-usa\/\" \/>\n<meta property=\"og:site_name\" content=\"Formulaire ESTA pour les USA\" \/>\n<meta property=\"article:modified_time\" content=\"2022-09-01T20:52:15+00:00\" \/>\n<meta name=\"twitter:card\" content=\"summary_large_image\" \/>\n<meta name=\"twitter:label1\" content=\"Gesch\u00e4tzte Lesezeit\" \/>\n\t<meta name=\"twitter:data1\" content=\"5\u00a0Minuten\" \/>\n<script type=\"application\/ld+json\" class=\"yoast-schema-graph\">{\"@context\":\"https:\/\/schema.org\",\"@graph\":[{\"@type\":\"WebPage\",\"@id\":\"https:\/\/123-esta.com\/de\/warum-machen-wir-einen-esta-antrag-fur-die-usa\/\",\"url\":\"https:\/\/123-esta.com\/de\/warum-machen-wir-einen-esta-antrag-fur-die-usa\/\",\"name\":\"Warum sollte man einen ESTA-Antrag f\u00fcr die USA stellen?\",\"isPartOf\":{\"@id\":\"https:\/\/123-esta.com\/de\/#website\"},\"datePublished\":\"2022-07-27T19:33:27+00:00\",\"dateModified\":\"2022-09-01T20:52:15+00:00\",\"description\":\"Ein ESTA-Antrag ist eine Genehmigung f\u00fcr eine Reise in die USA. Alle Antworten auf Ihre Fragen zur Beantragung einer Genehmigung.\",\"inLanguage\":\"de\",\"potentialAction\":[{\"@type\":\"ReadAction\",\"target\":[\"https:\/\/123-esta.com\/de\/warum-machen-wir-einen-esta-antrag-fur-die-usa\/\"]}]},{\"@type\":\"WebSite\",\"@id\":\"https:\/\/123-esta.com\/de\/#website\",\"url\":\"https:\/\/123-esta.com\/de\/\",\"name\":\"Formulaire ESTA pour les USA\",\"description\":\"\",\"publisher\":{\"@id\":\"https:\/\/123-esta.com\/de\/#organization\"},\"potentialAction\":[{\"@type\":\"SearchAction\",\"target\":{\"@type\":\"EntryPoint\",\"urlTemplate\":\"https:\/\/123-esta.com\/de\/?s={search_term_string}\"},\"query-input\":{\"@type\":\"PropertyValueSpecification\",\"valueRequired\":true,\"valueName\":\"search_term_string\"}}],\"inLanguage\":\"de\"},{\"@type\":\"Organization\",\"@id\":\"https:\/\/123-esta.com\/de\/#organization\",\"name\":\"Formulaire ESTA pour les USA\",\"url\":\"https:\/\/123-esta.com\/de\/\",\"logo\":{\"@type\":\"ImageObject\",\"inLanguage\":\"de\",\"@id\":\"https:\/\/123-esta.com\/de\/#\/schema\/logo\/image\/\",\"url\":\"https:\/\/123-esta.com\/wp-content\/uploads\/2018\/03\/logo-123-esta.png\",\"contentUrl\":\"https:\/\/123-esta.com\/wp-content\/uploads\/2018\/03\/logo-123-esta.png\",\"width\":191,\"height\":54,\"caption\":\"Formulaire ESTA pour les USA\"},\"image\":{\"@id\":\"https:\/\/123-esta.com\/de\/#\/schema\/logo\/image\/\"}}]}<\/script>\n<!-- \/ Yoast SEO plugin. -->","yoast_head_json":{"title":"Warum sollte man einen ESTA-Antrag f\u00fcr die USA stellen?","description":"Ein ESTA-Antrag ist eine Genehmigung f\u00fcr eine Reise in die USA. Alle Antworten auf Ihre Fragen zur Beantragung einer Genehmigung.","robots":{"index":"index","follow":"follow","max-snippet":"max-snippet:-1","max-image-preview":"max-image-preview:large","max-video-preview":"max-video-preview:-1"},"canonical":"https:\/\/123-esta.com\/de\/warum-machen-wir-einen-esta-antrag-fur-die-usa\/","og_locale":"de_DE","og_type":"article","og_title":"Warum sollte man einen ESTA-Antrag f\u00fcr die USA stellen?","og_description":"Ein ESTA-Antrag ist eine Genehmigung f\u00fcr eine Reise in die USA. Alle Antworten auf Ihre Fragen zur Beantragung einer Genehmigung.","og_url":"https:\/\/123-esta.com\/de\/warum-machen-wir-einen-esta-antrag-fur-die-usa\/","og_site_name":"Formulaire ESTA pour les USA","article_modified_time":"2022-09-01T20:52:15+00:00","twitter_card":"summary_large_image","twitter_misc":{"Gesch\u00e4tzte Lesezeit":"5\u00a0Minuten"},"schema":{"@context":"https:\/\/schema.org","@graph":[{"@type":"WebPage","@id":"https:\/\/123-esta.com\/de\/warum-machen-wir-einen-esta-antrag-fur-die-usa\/","url":"https:\/\/123-esta.com\/de\/warum-machen-wir-einen-esta-antrag-fur-die-usa\/","name":"Warum sollte man einen ESTA-Antrag f\u00fcr die USA stellen?","isPartOf":{"@id":"https:\/\/123-esta.com\/de\/#website"},"datePublished":"2022-07-27T19:33:27+00:00","dateModified":"2022-09-01T20:52:15+00:00","description":"Ein ESTA-Antrag ist eine Genehmigung f\u00fcr eine Reise in die USA. Alle Antworten auf Ihre Fragen zur Beantragung einer Genehmigung.","inLanguage":"de","potentialAction":[{"@type":"ReadAction","target":["https:\/\/123-esta.com\/de\/warum-machen-wir-einen-esta-antrag-fur-die-usa\/"]}]},{"@type":"WebSite","@id":"https:\/\/123-esta.com\/de\/#website","url":"https:\/\/123-esta.com\/de\/","name":"Formulaire ESTA pour les USA","description":"","publisher":{"@id":"https:\/\/123-esta.com\/de\/#organization"},"potentialAction":[{"@type":"SearchAction","target":{"@type":"EntryPoint","urlTemplate":"https:\/\/123-esta.com\/de\/?s={search_term_string}"},"query-input":{"@type":"PropertyValueSpecification","valueRequired":true,"valueName":"search_term_string"}}],"inLanguage":"de"},{"@type":"Organization","@id":"https:\/\/123-esta.com\/de\/#organization","name":"Formulaire ESTA pour les USA","url":"https:\/\/123-esta.com\/de\/","logo":{"@type":"ImageObject","inLanguage":"de","@id":"https:\/\/123-esta.com\/de\/#\/schema\/logo\/image\/","url":"https:\/\/123-esta.com\/wp-content\/uploads\/2018\/03\/logo-123-esta.png","contentUrl":"https:\/\/123-esta.com\/wp-content\/uploads\/2018\/03\/logo-123-esta.png","width":191,"height":54,"caption":"Formulaire ESTA pour les USA"},"image":{"@id":"https:\/\/123-esta.com\/de\/#\/schema\/logo\/image\/"}}]}},"_links":{"self":[{"href":"https:\/\/123-esta.com\/de\/wp-json\/wp\/v2\/pages\/2220","targetHints":{"allow":["GET"]}}],"collection":[{"href":"https:\/\/123-esta.com\/de\/wp-json\/wp\/v2\/pages"}],"about":[{"href":"https:\/\/123-esta.com\/de\/wp-json\/wp\/v2\/types\/page"}],"author":[{"embeddable":true,"href":"https:\/\/123-esta.com\/de\/wp-json\/wp\/v2\/users\/1"}],"replies":[{"embeddable":true,"href":"https:\/\/123-esta.com\/de\/wp-json\/wp\/v2\/comments?post=2220"}],"version-history":[{"count":0,"href":"https:\/\/123-esta.com\/de\/wp-json\/wp\/v2\/pages\/2220\/revisions"}],"wp:attachment":[{"href":"https:\/\/123-esta.com\/de\/wp-json\/wp\/v2\/media?parent=2220"}],"curies":[{"name":"wp","href":"https:\/\/api.w.org\/{rel}","templated":true}]}}