{"id":2209,"date":"2022-07-27T21:33:22","date_gmt":"2022-07-27T19:33:22","guid":{"rendered":"https:\/\/123-esta.com\/a-wie-muss-man-einen-antrag-auf-esta-verlaengerung-stellen\/"},"modified":"2022-08-23T22:00:50","modified_gmt":"2022-08-23T20:00:50","slug":"wann-sollte-man-einen-antrag-auf-esta-verlangerung-stellen","status":"publish","type":"page","link":"https:\/\/123-esta.com\/de\/wann-sollte-man-einen-antrag-auf-esta-verlangerung-stellen\/","title":{"rendered":"Wann sollte man einen Antrag auf ESTA-Verl\u00e4ngerung stellen?"},"content":{"rendered":"\n<p>Eine ESTA-Genehmigung ist eine M\u00f6glichkeit f\u00fcr Staatsangeh\u00f6rige bestimmter L\u00e4nder, in die USA zu reisen, ohne ein US-amerikanisches Touristenvisum beantragen zu m\u00fcssen.<\/p>\n\n<p>Dies hat die Verfahren f\u00fcr Millionen von Reisenden weltweit vereinfacht, doch die Genehmigung, so praktisch sie auch sein mag, ist nicht zeitlich unbegrenzt g\u00fcltig. Irgendwann kommt der Zeitpunkt, an dem ein neuer ESTA-Antrag erforderlich ist. Es kann auch sein, dass die ESTA-Verl\u00e4ngerung aus anderen Gr\u00fcnden als dem G\u00fcltigkeitsdatum erfolgen muss.<\/p>\n\n<p>ier werden wir die verschiedenen Szenarien durchgehen, in denen eine Erneuerung des ESTA erforderlich ist, um ungehindert in die USA einreisen zu k\u00f6nnen.<\/p>\n\n<h2 class=\"wp-block-heading\">ESTA-Verl\u00e4ngerung wegen Ablauf der G\u00fcltigkeitsdauer<\/h2>\n\n<p>Der h\u00e4ufigste Grund f\u00fcr eine ESTA-Verl\u00e4ngerung ist das Ende der G\u00fcltigkeit der Reisegenehmigung f\u00fcr die USA. Denn ab dem Tag der Ausstellung ist das ESTA f\u00fcr zwei Jahre an Ihren biometrischen Reisepass oder Ihren elektronischen Reisepass gebunden. Nach Ablauf dieser Frist muss man sein ESTA unbedingt erneuern, wenn man vorhat, in die USA zu reisen.<\/p>\n\n<h2 class=\"wp-block-heading\">ESTA<span style=\"font-weight: 400;\"> aufgrund einer Pass\u00e4nderung<\/span> verl\u00e4ngern<\/h2>\n\n<p>Wie wir gerade gesehen haben, ist das ESTA zwei Jahre lang an Ihren Reisepass gebunden. Was passiert aber, wenn Sie keinen <a href=\"https:\/\/123-esta.com\/de\/reisepass-fur-esta-usa\/\">g\u00fcltigen Reisepass<\/a> mehr haben und vor Ablauf dieser zwei Jahre einen neuen erhalten? Da die Genehmigung und Ihr Reisepass untrennbar miteinander verbunden sind, bedeutet ein neuer Reisepass, dass eine Erneuerung des ESTA erforderlich ist. Sie m\u00fcssen den ESTA-Antrag mit den Informationen aus Ihrem neuen Reisepass erneut stellen (auch wenn die Reisepassnummer und das G\u00fcltigkeitsdatum in der Regel die einzigen offensichtlichen \u00c4nderungen sind). Wenn Sie Ihren ESTA nicht verl\u00e4ngern, weil Sie glauben, dass er innerhalb der Zweijahresfrist noch g\u00fcltig ist, ist dies ein Fehler, da Ihre Genehmigung automatisch mit dem Ablaufdatum Ihres alten Reisepasses ihre G\u00fcltigkeit verliert.<\/p>\n\n<h2 class=\"wp-block-heading\">ESTA-Verl\u00e4ngerung aufgrund ge\u00e4nderter Informationen<\/h2>\n\n<p>Eine ESTA-Verl\u00e4ngerung ist auch dann erforderlich, wenn sich Ihre pers\u00f6nlichen Informationen w\u00e4hrend der <a href=\"https:\/\/123-esta.com\/de\/alles-uber-die-gultigkeit-des-esta\/\">G\u00fcltigkeitsdauer<\/a> \u00e4ndern. Eine \u00c4nderung der pers\u00f6nlichen Informationen bedeutet eine Namens\u00e4nderung, eine \u00c4nderung der Staatsangeh\u00f6rigkeit oder des Wohnsitzlandes. Auch wenn sich Ihre Antworten bez\u00fcglich der inneren Sicherheit der USA seit Ihrem ersten Antrag ge\u00e4ndert haben, ist eine ESTA-Verl\u00e4ngerung ebenfalls erforderlich.<\/p>\n\n<p>Denken Sie daran, dass die Mitarbeiter der Flug- oder Schifffahrtsgesellschaft \u00fcberpr\u00fcfen werden, ob Sie im Besitz eines ESTA-Dokuments sind, bevor sie mit dem Boarding f\u00fcr Ihre Reise in die USA beginnen.<\/p>\n\n<p>Denken Sie auch daran, dass ein ESTA nur im Falle einer Touristen- oder Gesch\u00e4ftsreise oder im Falle eines Transits \u00fcber die USA zu Ihrem Endziel erforderlich ist. Die Dauer Ihres Aufenthalts in den USA darf maximal 90 Tage betragen.<\/p>\n\n<h2 class=\"wp-block-heading\">Einen neuen ESTA-Antrag stellen<\/h2>\n\n<p>Da wir nun wissen, wann eine ESTA-Verl\u00e4ngerung notwendig ist, wollen wir uns damit befassen, wie man die Genehmigung beantragt. Theoretisch ist nichts einfacher, denn Sie m\u00fcssen genau die gleichen Schritte wie beim ersten Mal befolgen.<\/p>\n\n<p>Sie m\u00fcssen nach wie vor nicht zur US-Botschaft gehen. Der gesamte Prozess l\u00e4uft \u00fcber einen Online-Antrag \u00fcber die Regierungsseite oder \u00fcber die Dienste einer privaten Seite, wie die unseres Partners.<\/p>\n\n<p>Einen biometrischen oder elektronischen Reisepass zu besitzen, ist immer eine zwingende Voraussetzung.<\/p>\n\n<p>F\u00fcllen Sie das ESTA-Formular wie beim vorherigen Mal aus. Achten Sie nat\u00fcrlich besonders auf den Wahrheitsgehalt der Angaben, vor allem, wenn sich diese \u00e4ndern. Nachdem Sie das Online-Formular ausgef\u00fcllt haben, m\u00fcssen Sie erneut die Bearbeitungsgeb\u00fchr f\u00fcr Ihre Akte entrichten.<\/p>\n\n<p>Ab diesem Zeitpunkt m\u00fcssen Sie sich nur noch gedulden und auf die Antwort der US-Beh\u00f6rden zu Ihrem neuen Antrag warten.<\/p>\n\n<p>Denken Sie daran, dass Sie regelm\u00e4\u00dfig auf die Website der Regierung zur\u00fcckkehren m\u00fcssen, um den ESTA-Status Ihres Antrags zu \u00fcberpr\u00fcfen (ein privater Anbieter wie unser Partner informiert Sie in Echtzeit \u00fcber den Fortschritt Ihres Antrags).<\/p>\n\n<p>Ihr ESTA USA kann sofort angenommen oder in eine Warteschleife gelegt werden, wenn die Antragspr\u00fcfer mehr Zeit ben\u00f6tigen.<\/p>\n\n<p>Es ist nicht unm\u00f6glich, dass<a href=\"https:\/\/123-esta.com\/de\/grunde-fur-ein-abgelehntes-esta\/\">Ihnen<\/a> aufgrund Ihres neuen Antrags die Ausstellung des<a href=\"https:\/\/123-esta.com\/de\/grunde-fur-ein-abgelehntes-esta\/\">ESTA verweigert wird<\/a>.<\/p>\n\n<p>Dies kann bedeuten, dass die \u00c4nderungen Ihrer Informationen oder Ihrer Staatsangeh\u00f6rigkeit bedeuten, dass Sie nicht mehr f\u00fcr das Programm f\u00fcr visumfreies Reisen in Frage kommen. In diesem Fall m\u00fcssen Sie sich mit der f\u00fcr Sie zust\u00e4ndigen US-Botschaft oder dem US-Konsulat in Verbindung setzen, um ein USA-Touristenvisum zu beantragen. In einem Gespr\u00e4ch mit einem Mitarbeiter der Konsularbeh\u00f6rden wird festgestellt, ob Sie f\u00fcr ein Touristenvisum in Frage kommen oder nicht. Wenn die Ablehnung auf einen Kopierfehler zur\u00fcckzuf\u00fchren ist, ist es m\u00f6glich, nach der alten Ablehnung einen neuen ESTA-Antrag zu stellen.<\/p>\n","protected":false},"excerpt":{"rendered":"<p>Eine ESTA-Genehmigung ist eine M\u00f6glichkeit f\u00fcr Staatsangeh\u00f6rige bestimmter L\u00e4nder, in die USA zu reisen, ohne ein US-amerikanisches Touristenvisum beantragen zu m\u00fcssen. Dies hat die Verfahren f\u00fcr Millionen von Reisenden weltweit vereinfacht, doch die Genehmigung, so praktisch sie auch sein mag, ist nicht zeitlich unbegrenzt g\u00fcltig. Irgendwann kommt der Zeitpunkt, an dem ein neuer ESTA-Antrag erforderlich [&hellip;]<\/p>\n","protected":false},"author":1,"featured_media":0,"parent":0,"menu_order":0,"comment_status":"closed","ping_status":"closed","template":"","meta":{"site-sidebar-layout":"default","site-content-layout":"default","ast-site-content-layout":"default","site-content-style":"default","site-sidebar-style":"default","ast-global-header-display":"","ast-banner-title-visibility":"","ast-main-header-display":"","ast-hfb-above-header-display":"","ast-hfb-below-header-display":"","ast-hfb-mobile-header-display":"","site-post-title":"","ast-breadcrumbs-content":"","ast-featured-img":"","footer-sml-layout":"","ast-disable-related-posts":"","theme-transparent-header-meta":"default","adv-header-id-meta":"","stick-header-meta":"default","header-above-stick-meta":"","header-main-stick-meta":"","header-below-stick-meta":"","astra-migrate-meta-layouts":"default","ast-page-background-enabled":"default","ast-page-background-meta":{"desktop":{"background-color":"","background-image":"","background-repeat":"repeat","background-position":"center center","background-size":"auto","background-attachment":"scroll","background-type":"","background-media":"","overlay-type":"","overlay-color":"","overlay-opacity":"","overlay-gradient":""},"tablet":{"background-color":"","background-image":"","background-repeat":"repeat","background-position":"center center","background-size":"auto","background-attachment":"scroll","background-type":"","background-media":"","overlay-type":"","overlay-color":"","overlay-opacity":"","overlay-gradient":""},"mobile":{"background-color":"","background-image":"","background-repeat":"repeat","background-position":"center center","background-size":"auto","background-attachment":"scroll","background-type":"","background-media":"","overlay-type":"","overlay-color":"","overlay-opacity":"","overlay-gradient":""}},"ast-content-background-meta":{"desktop":{"background-color":"var(--ast-global-color-5)","background-image":"","background-repeat":"repeat","background-position":"center center","background-size":"auto","background-attachment":"scroll","background-type":"","background-media":"","overlay-type":"","overlay-color":"","overlay-opacity":"","overlay-gradient":""},"tablet":{"background-color":"var(--ast-global-color-5)","background-image":"","background-repeat":"repeat","background-position":"center center","background-size":"auto","background-attachment":"scroll","background-type":"","background-media":"","overlay-type":"","overlay-color":"","overlay-opacity":"","overlay-gradient":""},"mobile":{"background-color":"var(--ast-global-color-5)","background-image":"","background-repeat":"repeat","background-position":"center center","background-size":"auto","background-attachment":"scroll","background-type":"","background-media":"","overlay-type":"","overlay-color":"","overlay-opacity":"","overlay-gradient":""}},"footnotes":""},"class_list":["post-2209","page","type-page","status-publish","hentry"],"yoast_head":"<!-- This site is optimized with the Yoast SEO plugin v27.1.1 - https:\/\/yoast.com\/product\/yoast-seo-wordpress\/ -->\n<title>Wann m\u00fcssen Sie eine ESTA-Verl\u00e4ngerung f\u00fcr die USA beantragen?<\/title>\n<meta name=\"description\" content=\"Sie m\u00fcssen in die USA reisen, sind sich aber nicht sicher, ob Sie Ihr ESTA verl\u00e4ngern m\u00fcssen? Wir erkl\u00e4ren Ihnen, wann Sie einen neuen Antrag stellen m\u00fcssen.\" \/>\n<meta name=\"robots\" content=\"index, follow, max-snippet:-1, max-image-preview:large, max-video-preview:-1\" \/>\n<link rel=\"canonical\" href=\"https:\/\/123-esta.com\/de\/wann-sollte-man-einen-antrag-auf-esta-verlangerung-stellen\/\" \/>\n<meta property=\"og:locale\" content=\"de_DE\" \/>\n<meta property=\"og:type\" content=\"article\" \/>\n<meta property=\"og:title\" content=\"Wann m\u00fcssen Sie eine ESTA-Verl\u00e4ngerung f\u00fcr die USA beantragen?\" \/>\n<meta property=\"og:description\" content=\"Sie m\u00fcssen in die USA reisen, sind sich aber nicht sicher, ob Sie Ihr ESTA verl\u00e4ngern m\u00fcssen? Wir erkl\u00e4ren Ihnen, wann Sie einen neuen Antrag stellen m\u00fcssen.\" \/>\n<meta property=\"og:url\" content=\"https:\/\/123-esta.com\/de\/wann-sollte-man-einen-antrag-auf-esta-verlangerung-stellen\/\" \/>\n<meta property=\"og:site_name\" content=\"Formulaire ESTA pour les USA\" \/>\n<meta property=\"article:modified_time\" content=\"2022-08-23T20:00:50+00:00\" \/>\n<meta name=\"twitter:card\" content=\"summary_large_image\" \/>\n<meta name=\"twitter:label1\" content=\"Gesch\u00e4tzte Lesezeit\" \/>\n\t<meta name=\"twitter:data1\" content=\"4\u00a0Minuten\" \/>\n<script type=\"application\/ld+json\" class=\"yoast-schema-graph\">{\"@context\":\"https:\/\/schema.org\",\"@graph\":[{\"@type\":\"WebPage\",\"@id\":\"https:\/\/123-esta.com\/de\/wann-sollte-man-einen-antrag-auf-esta-verlangerung-stellen\/\",\"url\":\"https:\/\/123-esta.com\/de\/wann-sollte-man-einen-antrag-auf-esta-verlangerung-stellen\/\",\"name\":\"Wann m\u00fcssen Sie eine ESTA-Verl\u00e4ngerung f\u00fcr die USA beantragen?\",\"isPartOf\":{\"@id\":\"https:\/\/123-esta.com\/de\/#website\"},\"datePublished\":\"2022-07-27T19:33:22+00:00\",\"dateModified\":\"2022-08-23T20:00:50+00:00\",\"description\":\"Sie m\u00fcssen in die USA reisen, sind sich aber nicht sicher, ob Sie Ihr ESTA verl\u00e4ngern m\u00fcssen? Wir erkl\u00e4ren Ihnen, wann Sie einen neuen Antrag stellen m\u00fcssen.\",\"inLanguage\":\"de\",\"potentialAction\":[{\"@type\":\"ReadAction\",\"target\":[\"https:\/\/123-esta.com\/de\/wann-sollte-man-einen-antrag-auf-esta-verlangerung-stellen\/\"]}]},{\"@type\":\"WebSite\",\"@id\":\"https:\/\/123-esta.com\/de\/#website\",\"url\":\"https:\/\/123-esta.com\/de\/\",\"name\":\"Formulaire ESTA pour les USA\",\"description\":\"\",\"publisher\":{\"@id\":\"https:\/\/123-esta.com\/de\/#organization\"},\"potentialAction\":[{\"@type\":\"SearchAction\",\"target\":{\"@type\":\"EntryPoint\",\"urlTemplate\":\"https:\/\/123-esta.com\/de\/?s={search_term_string}\"},\"query-input\":{\"@type\":\"PropertyValueSpecification\",\"valueRequired\":true,\"valueName\":\"search_term_string\"}}],\"inLanguage\":\"de\"},{\"@type\":\"Organization\",\"@id\":\"https:\/\/123-esta.com\/de\/#organization\",\"name\":\"Formulaire ESTA pour les USA\",\"url\":\"https:\/\/123-esta.com\/de\/\",\"logo\":{\"@type\":\"ImageObject\",\"inLanguage\":\"de\",\"@id\":\"https:\/\/123-esta.com\/de\/#\/schema\/logo\/image\/\",\"url\":\"https:\/\/123-esta.com\/wp-content\/uploads\/2018\/03\/logo-123-esta.png\",\"contentUrl\":\"https:\/\/123-esta.com\/wp-content\/uploads\/2018\/03\/logo-123-esta.png\",\"width\":191,\"height\":54,\"caption\":\"Formulaire ESTA pour les USA\"},\"image\":{\"@id\":\"https:\/\/123-esta.com\/de\/#\/schema\/logo\/image\/\"}}]}<\/script>\n<!-- \/ Yoast SEO plugin. -->","yoast_head_json":{"title":"Wann m\u00fcssen Sie eine ESTA-Verl\u00e4ngerung f\u00fcr die USA beantragen?","description":"Sie m\u00fcssen in die USA reisen, sind sich aber nicht sicher, ob Sie Ihr ESTA verl\u00e4ngern m\u00fcssen? Wir erkl\u00e4ren Ihnen, wann Sie einen neuen Antrag stellen m\u00fcssen.","robots":{"index":"index","follow":"follow","max-snippet":"max-snippet:-1","max-image-preview":"max-image-preview:large","max-video-preview":"max-video-preview:-1"},"canonical":"https:\/\/123-esta.com\/de\/wann-sollte-man-einen-antrag-auf-esta-verlangerung-stellen\/","og_locale":"de_DE","og_type":"article","og_title":"Wann m\u00fcssen Sie eine ESTA-Verl\u00e4ngerung f\u00fcr die USA beantragen?","og_description":"Sie m\u00fcssen in die USA reisen, sind sich aber nicht sicher, ob Sie Ihr ESTA verl\u00e4ngern m\u00fcssen? Wir erkl\u00e4ren Ihnen, wann Sie einen neuen Antrag stellen m\u00fcssen.","og_url":"https:\/\/123-esta.com\/de\/wann-sollte-man-einen-antrag-auf-esta-verlangerung-stellen\/","og_site_name":"Formulaire ESTA pour les USA","article_modified_time":"2022-08-23T20:00:50+00:00","twitter_card":"summary_large_image","twitter_misc":{"Gesch\u00e4tzte Lesezeit":"4\u00a0Minuten"},"schema":{"@context":"https:\/\/schema.org","@graph":[{"@type":"WebPage","@id":"https:\/\/123-esta.com\/de\/wann-sollte-man-einen-antrag-auf-esta-verlangerung-stellen\/","url":"https:\/\/123-esta.com\/de\/wann-sollte-man-einen-antrag-auf-esta-verlangerung-stellen\/","name":"Wann m\u00fcssen Sie eine ESTA-Verl\u00e4ngerung f\u00fcr die USA beantragen?","isPartOf":{"@id":"https:\/\/123-esta.com\/de\/#website"},"datePublished":"2022-07-27T19:33:22+00:00","dateModified":"2022-08-23T20:00:50+00:00","description":"Sie m\u00fcssen in die USA reisen, sind sich aber nicht sicher, ob Sie Ihr ESTA verl\u00e4ngern m\u00fcssen? Wir erkl\u00e4ren Ihnen, wann Sie einen neuen Antrag stellen m\u00fcssen.","inLanguage":"de","potentialAction":[{"@type":"ReadAction","target":["https:\/\/123-esta.com\/de\/wann-sollte-man-einen-antrag-auf-esta-verlangerung-stellen\/"]}]},{"@type":"WebSite","@id":"https:\/\/123-esta.com\/de\/#website","url":"https:\/\/123-esta.com\/de\/","name":"Formulaire ESTA pour les USA","description":"","publisher":{"@id":"https:\/\/123-esta.com\/de\/#organization"},"potentialAction":[{"@type":"SearchAction","target":{"@type":"EntryPoint","urlTemplate":"https:\/\/123-esta.com\/de\/?s={search_term_string}"},"query-input":{"@type":"PropertyValueSpecification","valueRequired":true,"valueName":"search_term_string"}}],"inLanguage":"de"},{"@type":"Organization","@id":"https:\/\/123-esta.com\/de\/#organization","name":"Formulaire ESTA pour les USA","url":"https:\/\/123-esta.com\/de\/","logo":{"@type":"ImageObject","inLanguage":"de","@id":"https:\/\/123-esta.com\/de\/#\/schema\/logo\/image\/","url":"https:\/\/123-esta.com\/wp-content\/uploads\/2018\/03\/logo-123-esta.png","contentUrl":"https:\/\/123-esta.com\/wp-content\/uploads\/2018\/03\/logo-123-esta.png","width":191,"height":54,"caption":"Formulaire ESTA pour les USA"},"image":{"@id":"https:\/\/123-esta.com\/de\/#\/schema\/logo\/image\/"}}]}},"_links":{"self":[{"href":"https:\/\/123-esta.com\/de\/wp-json\/wp\/v2\/pages\/2209","targetHints":{"allow":["GET"]}}],"collection":[{"href":"https:\/\/123-esta.com\/de\/wp-json\/wp\/v2\/pages"}],"about":[{"href":"https:\/\/123-esta.com\/de\/wp-json\/wp\/v2\/types\/page"}],"author":[{"embeddable":true,"href":"https:\/\/123-esta.com\/de\/wp-json\/wp\/v2\/users\/1"}],"replies":[{"embeddable":true,"href":"https:\/\/123-esta.com\/de\/wp-json\/wp\/v2\/comments?post=2209"}],"version-history":[{"count":0,"href":"https:\/\/123-esta.com\/de\/wp-json\/wp\/v2\/pages\/2209\/revisions"}],"wp:attachment":[{"href":"https:\/\/123-esta.com\/de\/wp-json\/wp\/v2\/media?parent=2209"}],"curies":[{"name":"wp","href":"https:\/\/api.w.org\/{rel}","templated":true}]}}