{"id":2205,"date":"2022-07-27T21:33:22","date_gmt":"2022-07-27T19:33:22","guid":{"rendered":"https:\/\/123-esta.com\/muss-man-einen-antrag-fuer-einen-transit-stellen\/"},"modified":"2022-08-23T23:11:08","modified_gmt":"2022-08-23T21:11:08","slug":"sollte-man-einen-esta-fur-einen-transit-beantragen","status":"publish","type":"page","link":"https:\/\/123-esta.com\/de\/sollte-man-einen-esta-fur-einen-transit-beantragen\/","title":{"rendered":"Muss ich f\u00fcr einen Transit einen ESTA-Antrag stellen?"},"content":{"rendered":"\n<p>Sie wissen sicherlich, dass wir alle f\u00fcr eine Reise in die USA eine Reisegenehmigung ben\u00f6tigen, sei es ein US-Visum oder ein <a href=\"\/\">ESTA<\/a>. Aber ist man verpflichtet, ein ESTA USA f\u00fcr einen einfachen Transit zu beantragen?<\/p>\n\n<p>In einem ersten Schritt werden wir ESTA und Transit definieren. In einem zweiten Schritt werden wir sehen, <a href=\"https:\/\/123-esta.com\/de\/warum-machen-wir-einen-esta-antrag-fur-die-usa\/\">ob es wichtig ist, ein ESTA<\/a> f\u00fcr Ihre n\u00e4chste Transitreise in die USA zu <a href=\"https:\/\/123-esta.com\/de\/warum-machen-wir-einen-esta-antrag-fur-die-usa\/\">besitzen<\/a>.<\/p>\n\n<h2 class=\"wp-block-heading\">Definition von ESTA und Transit<\/h2>\n\n<p>Bevor wir Ihnen verraten, ob Sie f\u00fcr Ihren zuk\u00fcnftigen Transit ein ESTA ben\u00f6tigen, ist es wichtig, die beiden folgenden Begriffe zu kl\u00e4ren: ESTA und Transit.<\/p>\n\n<h3 class=\"wp-block-heading\">Die ESTA-Bescheinigung<\/h3>\n\n<p>ESTA, oder Electronic System for Travel Authorization, ist eine elektronische Genehmigung, mit der bestimmte ausl\u00e4ndische Staatsangeh\u00f6rige von der Visumspflicht in den USA befreit werden k\u00f6nnen. Bestimmte Bedingungen m\u00fcssen vollst\u00e4ndig erf\u00fcllt sein, um sich zu qualifizieren. Berechtigte B\u00fcrger m\u00fcssen aus einem der L\u00e4nder stammen, die am Programm f\u00fcr visumfreies Reisen teilnehmen (40 L\u00e4nder seit 2022). Letztere m\u00fcssen au\u00dferdem im Besitz eines g\u00fcltigen Reisepasses sein (elektronischer Reisepass oder biometrischer Reisepass). Au\u00dferdem muss der Zweck der Reise touristischer oder gesch\u00e4ftlicher Natur sein und darf nicht l\u00e4nger als 90 Tage dauern. Vergessen Sie nicht, dass Reisende bei einer Reise in die USA mit ESTA die Luft- oder Seewege benutzen m\u00fcssen.<\/p>\n\n<h3 class=\"wp-block-heading\">Der Transit<\/h3>\n\n<p>Das Larousse-W\u00f6rterbuch definiert Transit als &#8222;die Situation eines Reisenden, der w\u00e4hrend einer Zwischenlandung eines Flugzeugs auf dem Flughafengel\u00e4nde verbleibt&#8220;. Oder im Falle eines Seetransits auf dem Gel\u00e4nde des Hafens.  <\/p>\n\n<p>So kommt es h\u00e4ufig vor, dass Reisende auf dem Weg zu ihrem endg\u00fcltigen Ziel (Kanada, Kuba, Mexiko, Thailand, Jamaika &#8230;) einen Zwischenstopp auf einem US-Flughafen oder in einem Hafen einlegen.  <\/p>\n\n<p>Es scheint naheliegend, kein ESTA zu beantragen, wenn man sich lediglich ein paar Stunden auf einem Flughafen in den USA aufh\u00e4lt. Dennoch ist es f\u00fcr den Reisenden unm\u00f6glich, ohne eine Reisegenehmigung an Bord zu gehen. Weitere Erkl\u00e4rungen im n\u00e4chsten Absatz.<\/p>\n\n<h2 class=\"wp-block-heading\">Warum sollte man ein ESTA f\u00fcr einen Transit beantragen?<\/h2>\n\n<p>Es ist wichtig, ein ESTA zu beantragen, auch wenn es sich nur um eine Durchreise handelt, da der Aufenthalt im Flughafen oder Hafen dem Betreten von amerikanischem Boden gleichkommt. Aus diesem Grund schreibt das US-Ministerium f\u00fcr Innere Sicherheit vor, dass Touristen auf der Durchreise ein ESTA besitzen m\u00fcssen. Wenn sie diese Reisegenehmigung nicht beantragt haben, k\u00f6nnen sie nicht an Bord eines Flugzeugs oder Schiffes in Richtung Vereinigte Staaten von Amerika gehen.<\/p>\n\n<p>Die innere Sicherheit ist in den USA mehr als wichtig. Das ESTA wurde von der US-Regierung eingef\u00fchrt, um die Sicherheitsma\u00dfnahmen durch die Zulassungskriterien zu erh\u00f6hen. Denn dieser Online-Antrag erm\u00f6glicht es den US-Beh\u00f6rden, Reisende anhand ihrer pers\u00f6nlichen Informationen, ihrer Motivation und ihrer Absichten bez\u00fcglich ihres Aufenthalts in den USA auszuw\u00e4hlen. F\u00fcr einen Zwischenstopp ist daher die ESTA-Genehmigung erforderlich.<\/p>\n\n<h2 class=\"wp-block-heading\">Wie erhalte ich eine ESTA-Genehmigung f\u00fcr einen Zwischenstopp?<\/h2>\n\n<p>Die Schritte zur Erlangung einer ESTA-Genehmigung f\u00fcr eine Zwischenlandung sind dieselben wie f\u00fcr ein ESTA, das einen vor\u00fcbergehenden Aufenthalt von 90 aufeinanderfolgenden Tagen in den USA erm\u00f6glicht.<\/p>\n\n<p>M\u00f6chten Sie eine elektronische Reisegenehmigung beantragen, um in die USA zu reisen? Nichts einfacher als das: Sie brauchen nur einen Computer mit einer guten Internetverbindung, denn alles l\u00e4uft online ab. Im Gegensatz zum Visumantrag, der in der US-Botschaft oder im Konsulat gestellt wird, kann der ESTA-Antrag nur durch <a href=\"https:\/\/123-esta.com\/de\/wie-man-den-esta-fragebogen-ausfullt\/\">Ausf\u00fcllen eines Online-Formulars<\/a> gestellt werden.<\/p>\n\n<p>Dieses ESTA-Genehmigungsformular ist auf verschiedenen Plattformen erh\u00e4ltlich, z. B. :<\/p>\n\n<ul class=\"wp-block-list\"><li>private Websites, die befugt sind, ESTA in Ihrem Namen zu beantragen ;<\/li><li>die offizielle Website der US-Regierung, wo Sie als Aufenthaltsart &#8222;Transit&#8220; ausw\u00e4hlen k\u00f6nnen.<\/li><\/ul>\n\n<p>Es versteht sich von selbst, dass das ESTA-Formular korrekt ausgef\u00fcllt werden muss. Achten Sie auf die \u00fcbermittelten Informationen, denn wenn die Systeme einen Fehler feststellen, kann Ihr Antrag auf Genehmigung abgelehnt werden. Wenn dies der Fall ist, stellen Sie 10 Tage nach dem ersten Antrag einen neuen Antrag. Wenn Ihr Antrag aus einem anderen Grund als einem Fehler im Formular abgelehnt wird, m\u00fcssen Sie bei der US-Botschaft ein Visum beantragen. Das USA-Visum f\u00fcr einen Transit ist das C-Visum.<\/p>\n\n<p>Die G\u00fcltigkeitsdauer des ESTA h\u00e4ngt vom Ablaufdatum des Reisepasses ab, darf aber nicht l\u00e4nger als 2 Jahre betragen. Das Ankreuzen von &#8222;Transit&#8220; bei der Antragstellung sollte Sie nicht auf diese Art der Reise beschr\u00e4nken. Im Zweifelsfall k\u00f6nnen Sie jedoch durchaus einen ESTA-Antrag f\u00fcr einen Aufenthalt stattdessen stellen. Au\u00dferdem sollten Sie wissen, dass das ESTA mehrere Einreisen in die USA erlaubt. Sie m\u00fcssen diese Formalit\u00e4t also nicht erneuern, wenn Sie w\u00e4hrend der zweij\u00e4hrigen G\u00fcltigkeitsdauer des ESTA in die USA reisen.  <\/p>\n\n<p>F\u00fcr eine zuk\u00fcnftige Reise sollten Sie wissen, dass Ihre Aufenthaltsgenehmigung nicht mehr g\u00fcltig ist, wenn der Reisepass, der bei der Beantragung der Visumbefreiung verwendet wurde, nicht mehr derselbe ist, da er elektronisch mit der Reisepassnummer verkn\u00fcpft ist. Ein neuer Pass ist gleichbedeutend mit einem neuen Antrag.<\/p>\n\n<h2 class=\"wp-block-heading\">Einreiseformalit\u00e4ten mit ESTA im Transit  <\/h2>\n\n<p>Ein g\u00fcltiges ESTA oder Visum zu haben, ist keine Garantie f\u00fcr Ihre Einreise in die USA. Bei Ihrer Ankunft werden Sie n\u00e4mlich von einem Beamten der Einwanderungsbeh\u00f6rde \u00fcberpr\u00fcft. Dieser wird versuchen, sicherzustellen, dass Sie die Einreisebestimmungen der USA in allen Punkten erf\u00fcllen, selbst wenn Sie nur f\u00fcr ein paar Stunden durch die USA reisen. Beim geringsten Zweifel kann der Bundesbeamte die R\u00fcckf\u00fchrung in Ihr Heimatland anordnen.  <br\/><\/p>\n","protected":false},"excerpt":{"rendered":"<p>Sie wissen sicherlich, dass wir alle f\u00fcr eine Reise in die USA eine Reisegenehmigung ben\u00f6tigen, sei es ein US-Visum oder ein ESTA. Aber ist man verpflichtet, ein ESTA USA f\u00fcr einen einfachen Transit zu beantragen? In einem ersten Schritt werden wir ESTA und Transit definieren. In einem zweiten Schritt werden wir sehen, ob es wichtig [&hellip;]<\/p>\n","protected":false},"author":1,"featured_media":0,"parent":0,"menu_order":0,"comment_status":"closed","ping_status":"closed","template":"","meta":{"site-sidebar-layout":"default","site-content-layout":"default","ast-site-content-layout":"default","site-content-style":"default","site-sidebar-style":"default","ast-global-header-display":"","ast-banner-title-visibility":"","ast-main-header-display":"","ast-hfb-above-header-display":"","ast-hfb-below-header-display":"","ast-hfb-mobile-header-display":"","site-post-title":"","ast-breadcrumbs-content":"","ast-featured-img":"","footer-sml-layout":"","ast-disable-related-posts":"","theme-transparent-header-meta":"default","adv-header-id-meta":"","stick-header-meta":"default","header-above-stick-meta":"","header-main-stick-meta":"","header-below-stick-meta":"","astra-migrate-meta-layouts":"default","ast-page-background-enabled":"default","ast-page-background-meta":{"desktop":{"background-color":"","background-image":"","background-repeat":"repeat","background-position":"center center","background-size":"auto","background-attachment":"scroll","background-type":"","background-media":"","overlay-type":"","overlay-color":"","overlay-opacity":"","overlay-gradient":""},"tablet":{"background-color":"","background-image":"","background-repeat":"repeat","background-position":"center center","background-size":"auto","background-attachment":"scroll","background-type":"","background-media":"","overlay-type":"","overlay-color":"","overlay-opacity":"","overlay-gradient":""},"mobile":{"background-color":"","background-image":"","background-repeat":"repeat","background-position":"center center","background-size":"auto","background-attachment":"scroll","background-type":"","background-media":"","overlay-type":"","overlay-color":"","overlay-opacity":"","overlay-gradient":""}},"ast-content-background-meta":{"desktop":{"background-color":"var(--ast-global-color-5)","background-image":"","background-repeat":"repeat","background-position":"center center","background-size":"auto","background-attachment":"scroll","background-type":"","background-media":"","overlay-type":"","overlay-color":"","overlay-opacity":"","overlay-gradient":""},"tablet":{"background-color":"var(--ast-global-color-5)","background-image":"","background-repeat":"repeat","background-position":"center center","background-size":"auto","background-attachment":"scroll","background-type":"","background-media":"","overlay-type":"","overlay-color":"","overlay-opacity":"","overlay-gradient":""},"mobile":{"background-color":"var(--ast-global-color-5)","background-image":"","background-repeat":"repeat","background-position":"center center","background-size":"auto","background-attachment":"scroll","background-type":"","background-media":"","overlay-type":"","overlay-color":"","overlay-opacity":"","overlay-gradient":""}},"footnotes":""},"class_list":["post-2205","page","type-page","status-publish","hentry"],"yoast_head":"<!-- This site is optimized with the Yoast SEO plugin v27.1.1 - https:\/\/yoast.com\/product\/yoast-seo-wordpress\/ -->\n<title>Ist es obligatorisch, f\u00fcr einen Transit ein ESTA zu beantragen?<\/title>\n<meta name=\"description\" content=\"Sie planen einen Transit durch die USA und fragen sich, ob Sie einen ESTA-Antrag stellen m\u00fcssen.\" \/>\n<meta name=\"robots\" content=\"index, follow, max-snippet:-1, max-image-preview:large, max-video-preview:-1\" \/>\n<link rel=\"canonical\" href=\"https:\/\/123-esta.com\/de\/sollte-man-einen-esta-fur-einen-transit-beantragen\/\" \/>\n<meta property=\"og:locale\" content=\"de_DE\" \/>\n<meta property=\"og:type\" content=\"article\" \/>\n<meta property=\"og:title\" content=\"Ist es obligatorisch, f\u00fcr einen Transit ein ESTA zu beantragen?\" \/>\n<meta property=\"og:description\" content=\"Sie planen einen Transit durch die USA und fragen sich, ob Sie einen ESTA-Antrag stellen m\u00fcssen.\" \/>\n<meta property=\"og:url\" content=\"https:\/\/123-esta.com\/de\/sollte-man-einen-esta-fur-einen-transit-beantragen\/\" \/>\n<meta property=\"og:site_name\" content=\"Formulaire ESTA pour les USA\" \/>\n<meta property=\"article:modified_time\" content=\"2022-08-23T21:11:08+00:00\" \/>\n<meta name=\"twitter:card\" content=\"summary_large_image\" \/>\n<meta name=\"twitter:label1\" content=\"Gesch\u00e4tzte Lesezeit\" \/>\n\t<meta name=\"twitter:data1\" content=\"5\u00a0Minuten\" \/>\n<script type=\"application\/ld+json\" class=\"yoast-schema-graph\">{\"@context\":\"https:\/\/schema.org\",\"@graph\":[{\"@type\":\"WebPage\",\"@id\":\"https:\/\/123-esta.com\/de\/sollte-man-einen-esta-fur-einen-transit-beantragen\/\",\"url\":\"https:\/\/123-esta.com\/de\/sollte-man-einen-esta-fur-einen-transit-beantragen\/\",\"name\":\"Ist es obligatorisch, f\u00fcr einen Transit ein ESTA zu beantragen?\",\"isPartOf\":{\"@id\":\"https:\/\/123-esta.com\/de\/#website\"},\"datePublished\":\"2022-07-27T19:33:22+00:00\",\"dateModified\":\"2022-08-23T21:11:08+00:00\",\"description\":\"Sie planen einen Transit durch die USA und fragen sich, ob Sie einen ESTA-Antrag stellen m\u00fcssen.\",\"inLanguage\":\"de\",\"potentialAction\":[{\"@type\":\"ReadAction\",\"target\":[\"https:\/\/123-esta.com\/de\/sollte-man-einen-esta-fur-einen-transit-beantragen\/\"]}]},{\"@type\":\"WebSite\",\"@id\":\"https:\/\/123-esta.com\/de\/#website\",\"url\":\"https:\/\/123-esta.com\/de\/\",\"name\":\"Formulaire ESTA pour les USA\",\"description\":\"\",\"publisher\":{\"@id\":\"https:\/\/123-esta.com\/de\/#organization\"},\"potentialAction\":[{\"@type\":\"SearchAction\",\"target\":{\"@type\":\"EntryPoint\",\"urlTemplate\":\"https:\/\/123-esta.com\/de\/?s={search_term_string}\"},\"query-input\":{\"@type\":\"PropertyValueSpecification\",\"valueRequired\":true,\"valueName\":\"search_term_string\"}}],\"inLanguage\":\"de\"},{\"@type\":\"Organization\",\"@id\":\"https:\/\/123-esta.com\/de\/#organization\",\"name\":\"Formulaire ESTA pour les USA\",\"url\":\"https:\/\/123-esta.com\/de\/\",\"logo\":{\"@type\":\"ImageObject\",\"inLanguage\":\"de\",\"@id\":\"https:\/\/123-esta.com\/de\/#\/schema\/logo\/image\/\",\"url\":\"https:\/\/123-esta.com\/wp-content\/uploads\/2018\/03\/logo-123-esta.png\",\"contentUrl\":\"https:\/\/123-esta.com\/wp-content\/uploads\/2018\/03\/logo-123-esta.png\",\"width\":191,\"height\":54,\"caption\":\"Formulaire ESTA pour les USA\"},\"image\":{\"@id\":\"https:\/\/123-esta.com\/de\/#\/schema\/logo\/image\/\"}}]}<\/script>\n<!-- \/ Yoast SEO plugin. -->","yoast_head_json":{"title":"Ist es obligatorisch, f\u00fcr einen Transit ein ESTA zu beantragen?","description":"Sie planen einen Transit durch die USA und fragen sich, ob Sie einen ESTA-Antrag stellen m\u00fcssen.","robots":{"index":"index","follow":"follow","max-snippet":"max-snippet:-1","max-image-preview":"max-image-preview:large","max-video-preview":"max-video-preview:-1"},"canonical":"https:\/\/123-esta.com\/de\/sollte-man-einen-esta-fur-einen-transit-beantragen\/","og_locale":"de_DE","og_type":"article","og_title":"Ist es obligatorisch, f\u00fcr einen Transit ein ESTA zu beantragen?","og_description":"Sie planen einen Transit durch die USA und fragen sich, ob Sie einen ESTA-Antrag stellen m\u00fcssen.","og_url":"https:\/\/123-esta.com\/de\/sollte-man-einen-esta-fur-einen-transit-beantragen\/","og_site_name":"Formulaire ESTA pour les USA","article_modified_time":"2022-08-23T21:11:08+00:00","twitter_card":"summary_large_image","twitter_misc":{"Gesch\u00e4tzte Lesezeit":"5\u00a0Minuten"},"schema":{"@context":"https:\/\/schema.org","@graph":[{"@type":"WebPage","@id":"https:\/\/123-esta.com\/de\/sollte-man-einen-esta-fur-einen-transit-beantragen\/","url":"https:\/\/123-esta.com\/de\/sollte-man-einen-esta-fur-einen-transit-beantragen\/","name":"Ist es obligatorisch, f\u00fcr einen Transit ein ESTA zu beantragen?","isPartOf":{"@id":"https:\/\/123-esta.com\/de\/#website"},"datePublished":"2022-07-27T19:33:22+00:00","dateModified":"2022-08-23T21:11:08+00:00","description":"Sie planen einen Transit durch die USA und fragen sich, ob Sie einen ESTA-Antrag stellen m\u00fcssen.","inLanguage":"de","potentialAction":[{"@type":"ReadAction","target":["https:\/\/123-esta.com\/de\/sollte-man-einen-esta-fur-einen-transit-beantragen\/"]}]},{"@type":"WebSite","@id":"https:\/\/123-esta.com\/de\/#website","url":"https:\/\/123-esta.com\/de\/","name":"Formulaire ESTA pour les USA","description":"","publisher":{"@id":"https:\/\/123-esta.com\/de\/#organization"},"potentialAction":[{"@type":"SearchAction","target":{"@type":"EntryPoint","urlTemplate":"https:\/\/123-esta.com\/de\/?s={search_term_string}"},"query-input":{"@type":"PropertyValueSpecification","valueRequired":true,"valueName":"search_term_string"}}],"inLanguage":"de"},{"@type":"Organization","@id":"https:\/\/123-esta.com\/de\/#organization","name":"Formulaire ESTA pour les USA","url":"https:\/\/123-esta.com\/de\/","logo":{"@type":"ImageObject","inLanguage":"de","@id":"https:\/\/123-esta.com\/de\/#\/schema\/logo\/image\/","url":"https:\/\/123-esta.com\/wp-content\/uploads\/2018\/03\/logo-123-esta.png","contentUrl":"https:\/\/123-esta.com\/wp-content\/uploads\/2018\/03\/logo-123-esta.png","width":191,"height":54,"caption":"Formulaire ESTA pour les USA"},"image":{"@id":"https:\/\/123-esta.com\/de\/#\/schema\/logo\/image\/"}}]}},"_links":{"self":[{"href":"https:\/\/123-esta.com\/de\/wp-json\/wp\/v2\/pages\/2205","targetHints":{"allow":["GET"]}}],"collection":[{"href":"https:\/\/123-esta.com\/de\/wp-json\/wp\/v2\/pages"}],"about":[{"href":"https:\/\/123-esta.com\/de\/wp-json\/wp\/v2\/types\/page"}],"author":[{"embeddable":true,"href":"https:\/\/123-esta.com\/de\/wp-json\/wp\/v2\/users\/1"}],"replies":[{"embeddable":true,"href":"https:\/\/123-esta.com\/de\/wp-json\/wp\/v2\/comments?post=2205"}],"version-history":[{"count":0,"href":"https:\/\/123-esta.com\/de\/wp-json\/wp\/v2\/pages\/2205\/revisions"}],"wp:attachment":[{"href":"https:\/\/123-esta.com\/de\/wp-json\/wp\/v2\/media?parent=2205"}],"curies":[{"name":"wp","href":"https:\/\/api.w.org\/{rel}","templated":true}]}}