{"id":2195,"date":"2022-07-27T21:33:21","date_gmt":"2022-07-27T19:33:21","guid":{"rendered":"https:\/\/123-esta.com\/alles-ueber-den-desta-online-antrag-um-in-die-usa-zu-gehen\/"},"modified":"2022-09-19T16:57:15","modified_gmt":"2022-09-19T14:57:15","slug":"alle-wissen-uber-esta-antrag","status":"publish","type":"page","link":"https:\/\/123-esta.com\/de\/alle-wissen-uber-esta-antrag\/","title":{"rendered":"Alles \u00fcber die Online-Beantragung von ESTA"},"content":{"rendered":"\n<p>Sie planen eine Reise in die USA und wissen, dass Sie eine <a href=\"https:\/\/123-esta.com\/de\/\">ESTA-Genehmigung<\/a> ben\u00f6tigen. Aber vielleicht wissen Sie nicht, wo Sie nachschauen sollen oder welche Informationen Sie f\u00fcr Ihren Online-ESTA-Antrag angeben m\u00fcssen? Dann finden Sie in diesem Artikel alles, was Sie \u00fcber die Online-Beantragung von ESTA wissen m\u00fcssen.  <\/p>\n\n<h2 class=\"wp-block-heading\">ESTA online: F\u00fcr wen?<\/h2>\n\n<p>Zun\u00e4chst einmal: Sind Sie sicher, dass Sie vor Ihrer Reise in die USA einen ESTA-Antrag online stellen m\u00fcssen? Zur Erinnerung: ESTA ist Staatsangeh\u00f6rigen von L\u00e4ndern vorbehalten, die unter das von der US-Regierung eingef\u00fchrte Programm zur Befreiung von der Visumspflicht, das sogenannte <a href=\"https:\/\/123-esta.com\/de\/liste-der-lander-visa-waiver-program\/\">Visa Waiver Program<\/a> (VWP), fallen. Die Staatsangeh\u00f6rigen der 40 Mitgliedsl\u00e4nder sind daher von der Beantragung eines US-Visums befreit und m\u00fcssen aus diesem Grund nicht die US-Botschaft aufsuchen, um ein <a href=\"https:\/\/123-esta.com\/de\/touristenvisum-vereinigten-staaten\/\">US-Touristenvisum<\/a> zu beantragen.  <\/p>\n\n<p>Das ESTA-Online-Formular ist nur verf\u00fcgbar, wenn Sie als Tourist oder Gesch\u00e4ftsreisender bis zu 90 Tage in die USA reisen. Diese Genehmigung ist nur erforderlich, wenn Sie auf dem Luft- oder Seeweg in die USA einreisen.  <\/p>\n\n<p>Ein ESTA online ist auch erforderlich, wenn Sie durch die Vereinigten Staaten von Amerika zu Ihrem Endziel reisen. Wenn Sie sich immer noch sicher sind, dass Sie einen ESTA-Antrag online beantragen m\u00fcssen, lassen Sie uns nun einen Blick auf die verschiedenen M\u00f6glichkeiten werfen, wie Sie dies tun k\u00f6nnen.  <\/p>\n\n<h2 class=\"wp-block-heading\">Wo und wie kann ich einen ESTA-Antrag online ausf\u00fcllen?  <\/h2>\n\n<p>Es gibt mehrere M\u00f6glichkeiten, einen ESTA-Antrag online zu stellen. Die erste M\u00f6glichkeit besteht darin, die offizielle Website der Regierung zu besuchen. Die zweite M\u00f6glichkeit besteht darin, die Dienste einer spezialisierten Website wie unserem Partner in Anspruch zu nehmen, der das Verfahren f\u00fcr Sie \u00fcbernimmt.  <\/p>\n\n<p>In beiden F\u00e4llen m\u00fcssen Sie ein Online-Formular ausf\u00fcllen (das ESTA-Formular wird vereinfacht, wenn Sie \u00fcber eine private Website gehen) und Ihren Reisepass mitbringen.  <\/p>\n\n<h3 class=\"wp-block-heading\">Einen g\u00fcltigen Reisepass haben<\/h3>\n\n<p>Denken Sie daran, dass Sie f\u00fcr die Beantragung unbedingt einen g\u00fcltigen Reisepass ben\u00f6tigen. F\u00fcr die US-Beh\u00f6rden bedeutet dies, dass es sich um einen elektronischen oder biometrischen Reisepass handeln muss, der mit einem Mikrochip ausgestattet ist, der Ihre pers\u00f6nlichen Identifikationsdaten (Fingerabdr\u00fccke, Netzhautscanner usw.) speichern kann. ESTA ist an Ihre Passnummer gebunden, und ohne ein Dokument, das den von der US-Regierung geforderten Sicherheitsma\u00dfnahmen entspricht, ist ein Online-Antrag auf ESTA-Genehmigung schlichtweg nicht m\u00f6glich.  <\/p>\n\n<p>Das ESTA-Formular ist in drei Teile gegliedert, die sich jeweils auf bestimmte Daten konzentrieren.<\/p>\n\n<h3 class=\"wp-block-heading\">Die ersten beiden Teile des ESTA-Formulars<\/h3>\n\n<p>Der erste Teil konzentriert sich auf Ihre pers\u00f6nlichen Informationen. Sie werden gebeten, Ihren Vor- und Nachnamen, M\u00e4dchennamen, Geburtsdatum und -ort, Postanschrift, E-Mail-Adresse, Telefonnummer, Reisepassnummer usw. anzugeben. Auch Informationen \u00fcber Ihre berufliche T\u00e4tigkeit sind anzugeben, z. B. die Kontaktdaten Ihres Arbeitgebers.<\/p>\n\n<p>Der zweite Teil betrifft Ihre eigentliche Reise in die USA. Insbesondere werden Sie aufgefordert, die Kontaktdaten eines Ansprechpartners in den USA und die Adresse des Ortes, an dem Sie w\u00e4hrend Ihres Aufenthalts in den USA wohnen werden, anzugeben. Wenn Sie keinen Kontakt haben oder noch nicht \u00fcber diese Informationen verf\u00fcgen, ist es m\u00f6glich, mit &#8222;unbekannt&#8220; zu antworten.<\/p>\n\n<h3 class=\"wp-block-heading\">Letzter Teil des ESTA-Formulars  <\/h3>\n\n<p>Der dritte und letzte Teil konzentriert sich auf die m\u00f6gliche Bedrohung, die Sie f\u00fcr die innere Sicherheit der USA darstellen, indem Ihnen eine Reihe geschlossener Fragen gestellt werden (bei denen die einzigen m\u00f6glichen Antworten Ja oder Nein lauten).<\/p>\n\n<p>Die Fragen drehen sich um Ihre Straf- und Krankengeschichte, einen in der Vergangenheit abgelehnten Visumantrag oder Ihre Absicht, nach der Einreise in die USA Terrorakte zu begehen. Beantworten Sie die Fragen so ehrlich wie m\u00f6glich, aber seien Sie sich bewusst, dass eine bejahende Antwort in diesem Fragebogen Ihre Chancen, Ihr ESTA zu erhalten, stark beeintr\u00e4chtigt.  <\/p>\n\n<p>Wenn Sie mit Kindern reisen, haben Sie die M\u00f6glichkeit, einen Sammelantrag f\u00fcr alle Familienmitglieder zu stellen. Wenn Sie nicht in der Lage sind, das Formular selbst auszuf\u00fcllen, kann dies eine dritte Person \u00fcbernehmen. Seien Sie gewarnt, dass Sie allein f\u00fcr die in Ihrem Namen bereitgestellten Informationen verantwortlich sind.  <\/p>\n\n<h3 class=\"wp-block-heading\">Sobald Sie das Formular ausgef\u00fcllt haben<\/h3>\n\n<p>Sobald Sie das Formular ausgef\u00fcllt haben, m\u00fcssen Sie nur noch die Geb\u00fchren f\u00fcr die Bearbeitung Ihres Antrags entrichten. Diese Geb\u00fchr betr\u00e4gt auf der Website der Regierung 21 $. Die<a href=\"https:\/\/123-esta.com\/de\/preise-und-zahlungen-esta\/\"> Kosten f\u00fcr das ESTA<\/a> auf einer privaten Website k\u00f6nnen je nach dem gew\u00e4hlten Grad an Unterst\u00fctzung und Begleitung variieren.<\/p>\n\n<p>Nach erfolgter Zahlung m\u00fcssen Sie nur noch auf eine Antwort der Beamten warten, die die Antr\u00e4ge pr\u00fcfen. Wenn Sie \u00fcber einen privaten Anbieter wie unseren Partner vermittelt wurden, werden Sie in Echtzeit \u00fcber den Fortschritt Ihrer Anfrage informiert. Wenn Sie Ihren ESTA-Antrag online auf der Regierungswebsite gestellt haben, ist es Ihre Aufgabe, den Status Ihres ESTA-Antrags regelm\u00e4\u00dfig zu \u00fcberpr\u00fcfen.  <\/p>\n","protected":false},"excerpt":{"rendered":"<p>Sie planen eine Reise in die USA und wissen, dass Sie eine ESTA-Genehmigung ben\u00f6tigen. Aber vielleicht wissen Sie nicht, wo Sie nachschauen sollen oder welche Informationen Sie f\u00fcr Ihren Online-ESTA-Antrag angeben m\u00fcssen? Dann finden Sie in diesem Artikel alles, was Sie \u00fcber die Online-Beantragung von ESTA wissen m\u00fcssen. ESTA online: F\u00fcr wen? Zun\u00e4chst einmal: Sind [&hellip;]<\/p>\n","protected":false},"author":1,"featured_media":0,"parent":0,"menu_order":0,"comment_status":"closed","ping_status":"closed","template":"","meta":{"site-sidebar-layout":"default","site-content-layout":"default","ast-site-content-layout":"default","site-content-style":"default","site-sidebar-style":"default","ast-global-header-display":"","ast-banner-title-visibility":"","ast-main-header-display":"","ast-hfb-above-header-display":"","ast-hfb-below-header-display":"","ast-hfb-mobile-header-display":"","site-post-title":"","ast-breadcrumbs-content":"","ast-featured-img":"","footer-sml-layout":"","ast-disable-related-posts":"","theme-transparent-header-meta":"default","adv-header-id-meta":"","stick-header-meta":"default","header-above-stick-meta":"","header-main-stick-meta":"","header-below-stick-meta":"","astra-migrate-meta-layouts":"default","ast-page-background-enabled":"default","ast-page-background-meta":{"desktop":{"background-color":"","background-image":"","background-repeat":"repeat","background-position":"center center","background-size":"auto","background-attachment":"scroll","background-type":"","background-media":"","overlay-type":"","overlay-color":"","overlay-opacity":"","overlay-gradient":""},"tablet":{"background-color":"","background-image":"","background-repeat":"repeat","background-position":"center center","background-size":"auto","background-attachment":"scroll","background-type":"","background-media":"","overlay-type":"","overlay-color":"","overlay-opacity":"","overlay-gradient":""},"mobile":{"background-color":"","background-image":"","background-repeat":"repeat","background-position":"center center","background-size":"auto","background-attachment":"scroll","background-type":"","background-media":"","overlay-type":"","overlay-color":"","overlay-opacity":"","overlay-gradient":""}},"ast-content-background-meta":{"desktop":{"background-color":"var(--ast-global-color-5)","background-image":"","background-repeat":"repeat","background-position":"center center","background-size":"auto","background-attachment":"scroll","background-type":"","background-media":"","overlay-type":"","overlay-color":"","overlay-opacity":"","overlay-gradient":""},"tablet":{"background-color":"var(--ast-global-color-5)","background-image":"","background-repeat":"repeat","background-position":"center center","background-size":"auto","background-attachment":"scroll","background-type":"","background-media":"","overlay-type":"","overlay-color":"","overlay-opacity":"","overlay-gradient":""},"mobile":{"background-color":"var(--ast-global-color-5)","background-image":"","background-repeat":"repeat","background-position":"center center","background-size":"auto","background-attachment":"scroll","background-type":"","background-media":"","overlay-type":"","overlay-color":"","overlay-opacity":"","overlay-gradient":""}},"footnotes":""},"class_list":["post-2195","page","type-page","status-publish","hentry"],"yoast_head":"<!-- This site is optimized with the Yoast SEO plugin v27.1.1 - https:\/\/yoast.com\/product\/yoast-seo-wordpress\/ -->\n<title>Alles \u00fcber die Online-Beantragung von ESTA f\u00fcr die USA<\/title>\n<meta name=\"description\" content=\"M\u00f6chten Sie wissen, wo und wie Sie Ihren ESTA-Antrag online stellen k\u00f6nnen? Reisen Sie sorgenfrei in die USA mit all unseren Erkl\u00e4rungen in diesem Artikel.\" \/>\n<meta name=\"robots\" content=\"index, follow, max-snippet:-1, max-image-preview:large, max-video-preview:-1\" \/>\n<link rel=\"canonical\" href=\"https:\/\/123-esta.com\/de\/alle-wissen-uber-esta-antrag\/\" \/>\n<meta property=\"og:locale\" content=\"de_DE\" \/>\n<meta property=\"og:type\" content=\"article\" \/>\n<meta property=\"og:title\" content=\"Alles \u00fcber die Online-Beantragung von ESTA f\u00fcr die USA\" \/>\n<meta property=\"og:description\" content=\"M\u00f6chten Sie wissen, wo und wie Sie Ihren ESTA-Antrag online stellen k\u00f6nnen? Reisen Sie sorgenfrei in die USA mit all unseren Erkl\u00e4rungen in diesem Artikel.\" \/>\n<meta property=\"og:url\" content=\"https:\/\/123-esta.com\/de\/alle-wissen-uber-esta-antrag\/\" \/>\n<meta property=\"og:site_name\" content=\"Formulaire ESTA pour les USA\" \/>\n<meta property=\"article:modified_time\" content=\"2022-09-19T14:57:15+00:00\" \/>\n<meta name=\"twitter:card\" content=\"summary_large_image\" \/>\n<meta name=\"twitter:label1\" content=\"Gesch\u00e4tzte Lesezeit\" \/>\n\t<meta name=\"twitter:data1\" content=\"4\u00a0Minuten\" \/>\n<script type=\"application\/ld+json\" class=\"yoast-schema-graph\">{\"@context\":\"https:\/\/schema.org\",\"@graph\":[{\"@type\":\"WebPage\",\"@id\":\"https:\/\/123-esta.com\/de\/alle-wissen-uber-esta-antrag\/\",\"url\":\"https:\/\/123-esta.com\/de\/alle-wissen-uber-esta-antrag\/\",\"name\":\"Alles \u00fcber die Online-Beantragung von ESTA f\u00fcr die USA\",\"isPartOf\":{\"@id\":\"https:\/\/123-esta.com\/de\/#website\"},\"datePublished\":\"2022-07-27T19:33:21+00:00\",\"dateModified\":\"2022-09-19T14:57:15+00:00\",\"description\":\"M\u00f6chten Sie wissen, wo und wie Sie Ihren ESTA-Antrag online stellen k\u00f6nnen? Reisen Sie sorgenfrei in die USA mit all unseren Erkl\u00e4rungen in diesem Artikel.\",\"inLanguage\":\"de\",\"potentialAction\":[{\"@type\":\"ReadAction\",\"target\":[\"https:\/\/123-esta.com\/de\/alle-wissen-uber-esta-antrag\/\"]}]},{\"@type\":\"WebSite\",\"@id\":\"https:\/\/123-esta.com\/de\/#website\",\"url\":\"https:\/\/123-esta.com\/de\/\",\"name\":\"Formulaire ESTA pour les USA\",\"description\":\"\",\"publisher\":{\"@id\":\"https:\/\/123-esta.com\/de\/#organization\"},\"potentialAction\":[{\"@type\":\"SearchAction\",\"target\":{\"@type\":\"EntryPoint\",\"urlTemplate\":\"https:\/\/123-esta.com\/de\/?s={search_term_string}\"},\"query-input\":{\"@type\":\"PropertyValueSpecification\",\"valueRequired\":true,\"valueName\":\"search_term_string\"}}],\"inLanguage\":\"de\"},{\"@type\":\"Organization\",\"@id\":\"https:\/\/123-esta.com\/de\/#organization\",\"name\":\"Formulaire ESTA pour les USA\",\"url\":\"https:\/\/123-esta.com\/de\/\",\"logo\":{\"@type\":\"ImageObject\",\"inLanguage\":\"de\",\"@id\":\"https:\/\/123-esta.com\/de\/#\/schema\/logo\/image\/\",\"url\":\"https:\/\/123-esta.com\/wp-content\/uploads\/2018\/03\/logo-123-esta.png\",\"contentUrl\":\"https:\/\/123-esta.com\/wp-content\/uploads\/2018\/03\/logo-123-esta.png\",\"width\":191,\"height\":54,\"caption\":\"Formulaire ESTA pour les USA\"},\"image\":{\"@id\":\"https:\/\/123-esta.com\/de\/#\/schema\/logo\/image\/\"}}]}<\/script>\n<!-- \/ Yoast SEO plugin. -->","yoast_head_json":{"title":"Alles \u00fcber die Online-Beantragung von ESTA f\u00fcr die USA","description":"M\u00f6chten Sie wissen, wo und wie Sie Ihren ESTA-Antrag online stellen k\u00f6nnen? Reisen Sie sorgenfrei in die USA mit all unseren Erkl\u00e4rungen in diesem Artikel.","robots":{"index":"index","follow":"follow","max-snippet":"max-snippet:-1","max-image-preview":"max-image-preview:large","max-video-preview":"max-video-preview:-1"},"canonical":"https:\/\/123-esta.com\/de\/alle-wissen-uber-esta-antrag\/","og_locale":"de_DE","og_type":"article","og_title":"Alles \u00fcber die Online-Beantragung von ESTA f\u00fcr die USA","og_description":"M\u00f6chten Sie wissen, wo und wie Sie Ihren ESTA-Antrag online stellen k\u00f6nnen? Reisen Sie sorgenfrei in die USA mit all unseren Erkl\u00e4rungen in diesem Artikel.","og_url":"https:\/\/123-esta.com\/de\/alle-wissen-uber-esta-antrag\/","og_site_name":"Formulaire ESTA pour les USA","article_modified_time":"2022-09-19T14:57:15+00:00","twitter_card":"summary_large_image","twitter_misc":{"Gesch\u00e4tzte Lesezeit":"4\u00a0Minuten"},"schema":{"@context":"https:\/\/schema.org","@graph":[{"@type":"WebPage","@id":"https:\/\/123-esta.com\/de\/alle-wissen-uber-esta-antrag\/","url":"https:\/\/123-esta.com\/de\/alle-wissen-uber-esta-antrag\/","name":"Alles \u00fcber die Online-Beantragung von ESTA f\u00fcr die USA","isPartOf":{"@id":"https:\/\/123-esta.com\/de\/#website"},"datePublished":"2022-07-27T19:33:21+00:00","dateModified":"2022-09-19T14:57:15+00:00","description":"M\u00f6chten Sie wissen, wo und wie Sie Ihren ESTA-Antrag online stellen k\u00f6nnen? Reisen Sie sorgenfrei in die USA mit all unseren Erkl\u00e4rungen in diesem Artikel.","inLanguage":"de","potentialAction":[{"@type":"ReadAction","target":["https:\/\/123-esta.com\/de\/alle-wissen-uber-esta-antrag\/"]}]},{"@type":"WebSite","@id":"https:\/\/123-esta.com\/de\/#website","url":"https:\/\/123-esta.com\/de\/","name":"Formulaire ESTA pour les USA","description":"","publisher":{"@id":"https:\/\/123-esta.com\/de\/#organization"},"potentialAction":[{"@type":"SearchAction","target":{"@type":"EntryPoint","urlTemplate":"https:\/\/123-esta.com\/de\/?s={search_term_string}"},"query-input":{"@type":"PropertyValueSpecification","valueRequired":true,"valueName":"search_term_string"}}],"inLanguage":"de"},{"@type":"Organization","@id":"https:\/\/123-esta.com\/de\/#organization","name":"Formulaire ESTA pour les USA","url":"https:\/\/123-esta.com\/de\/","logo":{"@type":"ImageObject","inLanguage":"de","@id":"https:\/\/123-esta.com\/de\/#\/schema\/logo\/image\/","url":"https:\/\/123-esta.com\/wp-content\/uploads\/2018\/03\/logo-123-esta.png","contentUrl":"https:\/\/123-esta.com\/wp-content\/uploads\/2018\/03\/logo-123-esta.png","width":191,"height":54,"caption":"Formulaire ESTA pour les USA"},"image":{"@id":"https:\/\/123-esta.com\/de\/#\/schema\/logo\/image\/"}}]}},"_links":{"self":[{"href":"https:\/\/123-esta.com\/de\/wp-json\/wp\/v2\/pages\/2195","targetHints":{"allow":["GET"]}}],"collection":[{"href":"https:\/\/123-esta.com\/de\/wp-json\/wp\/v2\/pages"}],"about":[{"href":"https:\/\/123-esta.com\/de\/wp-json\/wp\/v2\/types\/page"}],"author":[{"embeddable":true,"href":"https:\/\/123-esta.com\/de\/wp-json\/wp\/v2\/users\/1"}],"replies":[{"embeddable":true,"href":"https:\/\/123-esta.com\/de\/wp-json\/wp\/v2\/comments?post=2195"}],"version-history":[{"count":0,"href":"https:\/\/123-esta.com\/de\/wp-json\/wp\/v2\/pages\/2195\/revisions"}],"wp:attachment":[{"href":"https:\/\/123-esta.com\/de\/wp-json\/wp\/v2\/media?parent=2195"}],"curies":[{"name":"wp","href":"https:\/\/api.w.org\/{rel}","templated":true}]}}