{"id":2182,"date":"2022-07-27T21:33:20","date_gmt":"2022-07-27T19:33:20","guid":{"rendered":"https:\/\/123-esta.com\/die-zulaessigkeitsfragen-des-esta-formulars\/"},"modified":"2022-08-31T11:36:25","modified_gmt":"2022-08-31T09:36:25","slug":"berechtigungsfragen-fur-das-esta-formular","status":"publish","type":"page","link":"https:\/\/123-esta.com\/de\/berechtigungsfragen-fur-das-esta-formular\/","title":{"rendered":"Die Zul\u00e4ssigkeitsfragen des ESTA-Formulars"},"content":{"rendered":"\n<p>Sie m\u00f6chten Ihre Reise in die Vereinigten Staaten von Amerika so schnell wie m\u00f6glich vorbereiten und das<a href=\"\/\">ESTA beantragen<\/a>. Das ESTA-Formular wird oft als zug\u00e4nglicher und einfacher im Vergleich zum US-Visum angesehen, was auch stimmt. Er verlangt jedoch, dass Sie bestimmte Voraussetzungen f\u00fcr den Erhalt erf\u00fcllen und keine Fehler machen. Was sind die ESTA-Fragen? Wie setzt sich das Online-Formular zusammen? Unsere Antworten hier.  <\/p>\n\n<h2 class=\"wp-block-heading\">Welche ESTA-Fragen enth\u00e4lt das Formular?<\/h2>\n\n<p>Die ESTA-Eignungsfragen sind geschlossene Fragen und erfordern daher eine einzige Antwort mit Ja oder Nein ohne Begr\u00fcndung.  <\/p>\n\n<p>Der ESTA-Fragebogen bezieht sich auf Ihre medizinische und\/oder rechtliche Vorgeschichte und mag Ihnen direkt und \u00fcberraschend erscheinen. Das US-Ministerium f\u00fcr Innere Sicherheit hat diese Fragen jedoch aus Sicherheitsgr\u00fcnden aufgenommen, also seien Sie nicht \u00fcberrascht und antworten Sie ehrlich. Hier sind einige Beispiele f\u00fcr Fragen des ESTA-Formulars :  <\/p>\n\n<ul class=\"wp-block-list\"><li>leiden Sie an einer k\u00f6rperlichen oder geistigen Krankheit? ;<\/li><li>Sind Sie jemals wegen eines Verbrechens verhaftet oder f\u00fcr schuldig befunden worden, durch das Eigentum, Personen oder eine Regierungsbeh\u00f6rde schwer gesch\u00e4digt oder verletzt wurden? ;<\/li><li>Sind Sie derzeit auf der Suche nach einer Besch\u00e4ftigung in den USA oder waren Sie in der Vergangenheit bereits in den USA besch\u00e4ftigt, ohne die erforderliche vorherige Genehmigung der Regierung erhalten zu haben? ;<\/li><li>usw.<\/li><\/ul>\n\n<p>Es stimmt, dass die Beantwortung der geschlossenen ESTA-Fragen ein wichtiger Schritt ist. Sie ist jedoch nicht der einzige Schritt des Online-Dokuments. Das ESTA-Formular besteht n\u00e4mlich aus drei Teilen: Angaben zum Antragsteller (Daten aus Ihrem Reisepass), Angaben zum Reisenden (Ihre Gr\u00fcnde f\u00fcr die Reise in die USA) und dem geschlossenen ESTA-Fragebogen.  <\/p>\n\n<h2 class=\"wp-block-heading\">ESTA-Fragebogen: Wie bereitet man sich darauf vor?<\/h2>\n\n<p>Um eine von den US-Beh\u00f6rden genehmigte Genehmigung zu erhalten, m\u00fcssen alle drei Teile des ESTA-Formulars den von der US-Regierung eingef\u00fchrten Berechtigungskriterien entsprechen.  <\/p>\n\n<p>Zun\u00e4chst sollten Sie, bevor Sie auf die offizielle Website der Regierung oder eine private Website gehen, um das Formular auszuf\u00fcllen, \u00fcberpr\u00fcfen, ob Sie die folgenden Pflichtkriterien erf\u00fcllen:  <\/p>\n\n<ul class=\"wp-block-list\"><li>Sie sind Staatsangeh\u00f6rige\/r eines der 40 Mitgliedsl\u00e4nder des Visa Waiver Program (VWP) ;<\/li><li>Sie sich bis zu 90 Tage in den USA aufhalten m\u00f6chten ;  <\/li><li>Sie als Tourist, Gesch\u00e4ftsreisender oder f\u00fcr einen Zwischenstopp in die USA reisen m\u00f6chten ;<\/li><li>Sie einen g\u00fcltigen Reisepass besitzen.<\/li><\/ul>\n\n<p>Wenn Sie diese Kriterien nicht erf\u00fcllen, empfehlen wir Ihnen, ein Visum zu beantragen. Das Verfahren ist zeitaufw\u00e4ndiger, da es einen Termin bei der US-Botschaft (oder dem Generalkonsulat) erfordert, aber es verschafft Ihnen mehr Rechte in den USA. Wenn diese Bedingungen erf\u00fcllt sind, interessieren wir uns f\u00fcr die Zusammenstellung des Online-Formulars mit den geschlossenen Fragen des ESTA.<\/p>\n\n<h3 class=\"wp-block-heading\">Pers\u00f6nliche Daten des Reisenden  <\/h3>\n\n<p>Dieser Teil ist der erste Schritt des Formulars und verlangt, dass Sie einfach Ihre pers\u00f6nlichen Daten, wie sie in Ihrem Reisepass eingetragen sind, kopieren (Adresse, Namen, Vornamen, Geburtsdatum&#8230;).<\/p>\n\n<p>Seien Sie sich bewusst, dass Ihr biometrischer oder elektronischer Reisepass das Schl\u00fcsselelement Ihrer Reise sein wird. Ohne einen elektronischen oder biometrischen Reisepass ist es nicht m\u00f6glich, <a href=\"https:\/\/123-esta.com\/de\/wie-man-den-esta-fragebogen-ausfullt\/\">den ESTA-Fragebogen korrekt auszuf\u00fcllen<\/a> und somit in die USA einzureisen.  <\/p>\n\n<p>Auch wenn er abl\u00e4uft und Sie bereits Ihre ESTA-Genehmigung erhalten haben, m\u00fcssen Sie Ihr ESTA mit den Daten aus dem neuen Reisepass erneuern.  <\/p>\n\n<p>Versuchen Sie nicht, zu betr\u00fcgen, denn die Zollbeh\u00f6rde nutzt entwickelte elektronische Systeme, um Ihr mit der Passnummer verkn\u00fcpftes ESTA zu lesen. So erkennt die IT-Abteilung automatisch, ob die Angaben in den beiden Dokumenten \u00fcbereinstimmen oder nicht.  <\/p>\n\n<h3 class=\"wp-block-heading\">Gr\u00fcnde f\u00fcr Reisen in die USA  <\/h3>\n\n<p>F\u00fcr diesen Schritt m\u00fcssen Sie angeben, warum Sie in die USA reisen m\u00f6chten (Touristenaufenthalt, Gesch\u00e4ftsreise oder Transit). Wenn es Ihr Ziel ist, sich dort aufzuhalten (im Fall von Touristen- oder Gesch\u00e4ftsreisen), haben Sie die M\u00f6glichkeit, die Kontaktdaten Ihrer Unterkunft in den USA anzugeben, aber dieser Schritt ist nicht zwingend erforderlich.  <br\/><\/p>\n\n<p>Hinweis: Wenn Sie zwischen mehreren <a href=\"https:\/\/123-esta.com\/de\/welches-hotel-aus-usa-waehlen\/\">Hotels oder Unterk\u00fcnften in den USA<\/a> schwanken, sollten Sie wissen, dass Sie die Wohnadresse auch nach Erhalt des ESTA noch \u00e4ndern k\u00f6nnen.<\/p>\n\n<h3 class=\"wp-block-heading\">  Die ESTA-Fragen<\/h3>\n\n<p>Der dritte und letzte Schritt betrifft die geschlossenen Fragen des ESTA-Formulars, die Sie im vorherigen Absatz ausf\u00fchrlich beschrieben haben. Sobald Sie den Fragebogen ausgef\u00fcllt und die Geb\u00fchren bezahlt haben, erhalten Sie innerhalb von maximal 72 Stunden eine Antwort von den US-Beh\u00f6rden.  <\/p>\n\n<p>Eine ESTA-Genehmigung zu erhalten bedeutet jedoch nicht, dass Sie in die USA einreisen d\u00fcrfen. Bei Ihrer Landung ist nur der Zollbeamte daf\u00fcr zust\u00e4ndig, Ihre Zul\u00e4ssigkeit zu beurteilen. Um Ihre Chancen auf Zugang zu amerikanischem Boden zu maximieren, empfehlen wir Ihnen, Ihre Hin- und R\u00fcckflugtickets dabei zu haben und mit einer von den US-Beh\u00f6rden anerkannten Fluggesellschaft zu fliegen.  <\/p>\n","protected":false},"excerpt":{"rendered":"<p>Sie m\u00f6chten Ihre Reise in die Vereinigten Staaten von Amerika so schnell wie m\u00f6glich vorbereiten und dasESTA beantragen. Das ESTA-Formular wird oft als zug\u00e4nglicher und einfacher im Vergleich zum US-Visum angesehen, was auch stimmt. Er verlangt jedoch, dass Sie bestimmte Voraussetzungen f\u00fcr den Erhalt erf\u00fcllen und keine Fehler machen. Was sind die ESTA-Fragen? Wie setzt [&hellip;]<\/p>\n","protected":false},"author":1,"featured_media":0,"parent":0,"menu_order":0,"comment_status":"closed","ping_status":"closed","template":"","meta":{"site-sidebar-layout":"default","site-content-layout":"default","ast-site-content-layout":"default","site-content-style":"default","site-sidebar-style":"default","ast-global-header-display":"","ast-banner-title-visibility":"","ast-main-header-display":"","ast-hfb-above-header-display":"","ast-hfb-below-header-display":"","ast-hfb-mobile-header-display":"","site-post-title":"","ast-breadcrumbs-content":"","ast-featured-img":"","footer-sml-layout":"","ast-disable-related-posts":"","theme-transparent-header-meta":"default","adv-header-id-meta":"","stick-header-meta":"default","header-above-stick-meta":"","header-main-stick-meta":"","header-below-stick-meta":"","astra-migrate-meta-layouts":"default","ast-page-background-enabled":"default","ast-page-background-meta":{"desktop":{"background-color":"","background-image":"","background-repeat":"repeat","background-position":"center center","background-size":"auto","background-attachment":"scroll","background-type":"","background-media":"","overlay-type":"","overlay-color":"","overlay-opacity":"","overlay-gradient":""},"tablet":{"background-color":"","background-image":"","background-repeat":"repeat","background-position":"center center","background-size":"auto","background-attachment":"scroll","background-type":"","background-media":"","overlay-type":"","overlay-color":"","overlay-opacity":"","overlay-gradient":""},"mobile":{"background-color":"","background-image":"","background-repeat":"repeat","background-position":"center center","background-size":"auto","background-attachment":"scroll","background-type":"","background-media":"","overlay-type":"","overlay-color":"","overlay-opacity":"","overlay-gradient":""}},"ast-content-background-meta":{"desktop":{"background-color":"var(--ast-global-color-5)","background-image":"","background-repeat":"repeat","background-position":"center center","background-size":"auto","background-attachment":"scroll","background-type":"","background-media":"","overlay-type":"","overlay-color":"","overlay-opacity":"","overlay-gradient":""},"tablet":{"background-color":"var(--ast-global-color-5)","background-image":"","background-repeat":"repeat","background-position":"center center","background-size":"auto","background-attachment":"scroll","background-type":"","background-media":"","overlay-type":"","overlay-color":"","overlay-opacity":"","overlay-gradient":""},"mobile":{"background-color":"var(--ast-global-color-5)","background-image":"","background-repeat":"repeat","background-position":"center center","background-size":"auto","background-attachment":"scroll","background-type":"","background-media":"","overlay-type":"","overlay-color":"","overlay-opacity":"","overlay-gradient":""}},"footnotes":""},"class_list":["post-2182","page","type-page","status-publish","hentry"],"yoast_head":"<!-- This site is optimized with the Yoast SEO plugin v27.1.1 - https:\/\/yoast.com\/product\/yoast-seo-wordpress\/ -->\n<title>Was sind die Zul\u00e4ssigkeitsfragen des ESTA-Formulars?<\/title>\n<meta name=\"description\" content=\"Das ESTA-Formular ist in drei Teile gegliedert, von denen einer aus der Beantwortung geschlossener Fragen besteht. Wie sehen die ESTA-Fragen aus? Hier sind sie.\" \/>\n<meta name=\"robots\" content=\"index, follow, max-snippet:-1, max-image-preview:large, max-video-preview:-1\" \/>\n<link rel=\"canonical\" href=\"https:\/\/123-esta.com\/de\/berechtigungsfragen-fur-das-esta-formular\/\" \/>\n<meta property=\"og:locale\" content=\"de_DE\" \/>\n<meta property=\"og:type\" content=\"article\" \/>\n<meta property=\"og:title\" content=\"Was sind die Zul\u00e4ssigkeitsfragen des ESTA-Formulars?\" \/>\n<meta property=\"og:description\" content=\"Das ESTA-Formular ist in drei Teile gegliedert, von denen einer aus der Beantwortung geschlossener Fragen besteht. Wie sehen die ESTA-Fragen aus? Hier sind sie.\" \/>\n<meta property=\"og:url\" content=\"https:\/\/123-esta.com\/de\/berechtigungsfragen-fur-das-esta-formular\/\" \/>\n<meta property=\"og:site_name\" content=\"Formulaire ESTA pour les USA\" \/>\n<meta property=\"article:modified_time\" content=\"2022-08-31T09:36:25+00:00\" \/>\n<meta name=\"twitter:card\" content=\"summary_large_image\" \/>\n<meta name=\"twitter:label1\" content=\"Gesch\u00e4tzte Lesezeit\" \/>\n\t<meta name=\"twitter:data1\" content=\"4\u00a0Minuten\" \/>\n<script type=\"application\/ld+json\" class=\"yoast-schema-graph\">{\"@context\":\"https:\/\/schema.org\",\"@graph\":[{\"@type\":\"WebPage\",\"@id\":\"https:\/\/123-esta.com\/de\/berechtigungsfragen-fur-das-esta-formular\/\",\"url\":\"https:\/\/123-esta.com\/de\/berechtigungsfragen-fur-das-esta-formular\/\",\"name\":\"Was sind die Zul\u00e4ssigkeitsfragen des ESTA-Formulars?\",\"isPartOf\":{\"@id\":\"https:\/\/123-esta.com\/de\/#website\"},\"datePublished\":\"2022-07-27T19:33:20+00:00\",\"dateModified\":\"2022-08-31T09:36:25+00:00\",\"description\":\"Das ESTA-Formular ist in drei Teile gegliedert, von denen einer aus der Beantwortung geschlossener Fragen besteht. Wie sehen die ESTA-Fragen aus? Hier sind sie.\",\"inLanguage\":\"de\",\"potentialAction\":[{\"@type\":\"ReadAction\",\"target\":[\"https:\/\/123-esta.com\/de\/berechtigungsfragen-fur-das-esta-formular\/\"]}]},{\"@type\":\"WebSite\",\"@id\":\"https:\/\/123-esta.com\/de\/#website\",\"url\":\"https:\/\/123-esta.com\/de\/\",\"name\":\"Formulaire ESTA pour les USA\",\"description\":\"\",\"publisher\":{\"@id\":\"https:\/\/123-esta.com\/de\/#organization\"},\"potentialAction\":[{\"@type\":\"SearchAction\",\"target\":{\"@type\":\"EntryPoint\",\"urlTemplate\":\"https:\/\/123-esta.com\/de\/?s={search_term_string}\"},\"query-input\":{\"@type\":\"PropertyValueSpecification\",\"valueRequired\":true,\"valueName\":\"search_term_string\"}}],\"inLanguage\":\"de\"},{\"@type\":\"Organization\",\"@id\":\"https:\/\/123-esta.com\/de\/#organization\",\"name\":\"Formulaire ESTA pour les USA\",\"url\":\"https:\/\/123-esta.com\/de\/\",\"logo\":{\"@type\":\"ImageObject\",\"inLanguage\":\"de\",\"@id\":\"https:\/\/123-esta.com\/de\/#\/schema\/logo\/image\/\",\"url\":\"https:\/\/123-esta.com\/wp-content\/uploads\/2018\/03\/logo-123-esta.png\",\"contentUrl\":\"https:\/\/123-esta.com\/wp-content\/uploads\/2018\/03\/logo-123-esta.png\",\"width\":191,\"height\":54,\"caption\":\"Formulaire ESTA pour les USA\"},\"image\":{\"@id\":\"https:\/\/123-esta.com\/de\/#\/schema\/logo\/image\/\"}}]}<\/script>\n<!-- \/ Yoast SEO plugin. -->","yoast_head_json":{"title":"Was sind die Zul\u00e4ssigkeitsfragen des ESTA-Formulars?","description":"Das ESTA-Formular ist in drei Teile gegliedert, von denen einer aus der Beantwortung geschlossener Fragen besteht. Wie sehen die ESTA-Fragen aus? Hier sind sie.","robots":{"index":"index","follow":"follow","max-snippet":"max-snippet:-1","max-image-preview":"max-image-preview:large","max-video-preview":"max-video-preview:-1"},"canonical":"https:\/\/123-esta.com\/de\/berechtigungsfragen-fur-das-esta-formular\/","og_locale":"de_DE","og_type":"article","og_title":"Was sind die Zul\u00e4ssigkeitsfragen des ESTA-Formulars?","og_description":"Das ESTA-Formular ist in drei Teile gegliedert, von denen einer aus der Beantwortung geschlossener Fragen besteht. Wie sehen die ESTA-Fragen aus? Hier sind sie.","og_url":"https:\/\/123-esta.com\/de\/berechtigungsfragen-fur-das-esta-formular\/","og_site_name":"Formulaire ESTA pour les USA","article_modified_time":"2022-08-31T09:36:25+00:00","twitter_card":"summary_large_image","twitter_misc":{"Gesch\u00e4tzte Lesezeit":"4\u00a0Minuten"},"schema":{"@context":"https:\/\/schema.org","@graph":[{"@type":"WebPage","@id":"https:\/\/123-esta.com\/de\/berechtigungsfragen-fur-das-esta-formular\/","url":"https:\/\/123-esta.com\/de\/berechtigungsfragen-fur-das-esta-formular\/","name":"Was sind die Zul\u00e4ssigkeitsfragen des ESTA-Formulars?","isPartOf":{"@id":"https:\/\/123-esta.com\/de\/#website"},"datePublished":"2022-07-27T19:33:20+00:00","dateModified":"2022-08-31T09:36:25+00:00","description":"Das ESTA-Formular ist in drei Teile gegliedert, von denen einer aus der Beantwortung geschlossener Fragen besteht. Wie sehen die ESTA-Fragen aus? Hier sind sie.","inLanguage":"de","potentialAction":[{"@type":"ReadAction","target":["https:\/\/123-esta.com\/de\/berechtigungsfragen-fur-das-esta-formular\/"]}]},{"@type":"WebSite","@id":"https:\/\/123-esta.com\/de\/#website","url":"https:\/\/123-esta.com\/de\/","name":"Formulaire ESTA pour les USA","description":"","publisher":{"@id":"https:\/\/123-esta.com\/de\/#organization"},"potentialAction":[{"@type":"SearchAction","target":{"@type":"EntryPoint","urlTemplate":"https:\/\/123-esta.com\/de\/?s={search_term_string}"},"query-input":{"@type":"PropertyValueSpecification","valueRequired":true,"valueName":"search_term_string"}}],"inLanguage":"de"},{"@type":"Organization","@id":"https:\/\/123-esta.com\/de\/#organization","name":"Formulaire ESTA pour les USA","url":"https:\/\/123-esta.com\/de\/","logo":{"@type":"ImageObject","inLanguage":"de","@id":"https:\/\/123-esta.com\/de\/#\/schema\/logo\/image\/","url":"https:\/\/123-esta.com\/wp-content\/uploads\/2018\/03\/logo-123-esta.png","contentUrl":"https:\/\/123-esta.com\/wp-content\/uploads\/2018\/03\/logo-123-esta.png","width":191,"height":54,"caption":"Formulaire ESTA pour les USA"},"image":{"@id":"https:\/\/123-esta.com\/de\/#\/schema\/logo\/image\/"}}]}},"_links":{"self":[{"href":"https:\/\/123-esta.com\/de\/wp-json\/wp\/v2\/pages\/2182","targetHints":{"allow":["GET"]}}],"collection":[{"href":"https:\/\/123-esta.com\/de\/wp-json\/wp\/v2\/pages"}],"about":[{"href":"https:\/\/123-esta.com\/de\/wp-json\/wp\/v2\/types\/page"}],"author":[{"embeddable":true,"href":"https:\/\/123-esta.com\/de\/wp-json\/wp\/v2\/users\/1"}],"replies":[{"embeddable":true,"href":"https:\/\/123-esta.com\/de\/wp-json\/wp\/v2\/comments?post=2182"}],"version-history":[{"count":0,"href":"https:\/\/123-esta.com\/de\/wp-json\/wp\/v2\/pages\/2182\/revisions"}],"wp:attachment":[{"href":"https:\/\/123-esta.com\/de\/wp-json\/wp\/v2\/media?parent=2182"}],"curies":[{"name":"wp","href":"https:\/\/api.w.org\/{rel}","templated":true}]}}