{"id":2173,"date":"2022-07-27T21:33:19","date_gmt":"2022-07-27T19:33:19","guid":{"rendered":"https:\/\/123-esta.com\/die-gruende-die-zu-einem-esta-refuse-fuehren\/"},"modified":"2022-08-31T11:40:01","modified_gmt":"2022-08-31T09:40:01","slug":"grunde-fur-ein-abgelehntes-esta","status":"publish","type":"page","link":"https:\/\/123-esta.com\/de\/grunde-fur-ein-abgelehntes-esta\/","title":{"rendered":"Gr\u00fcnde, die zu einem abgelehnten ESTA f\u00fchren"},"content":{"rendered":"\n<p><span style=\"font-weight: 400;\">Mit der <a href=\"\/\/123-esta.com\/de\/\">ESTA-Genehmigung<\/a> k\u00f6nnen Staatsangeh\u00f6rige bestimmter L\u00e4nder in die USA reisen (als Touristen oder Gesch\u00e4ftsreisende mit einer Dauer von bis zu 90 Tagen), ohne zuvor ein US-Visum beantragen zu m\u00fcssen. Diese Ma\u00dfnahme ist zwar sehr praktisch, betrifft aber nicht jeden, und es gibt mehrere Gr\u00fcnde, die zu einem  <\/span><span style=\"font-weight: 400;\">ESTA lehnte ab<\/span><span style=\"font-weight: 400;\">. Wir werden die Anspruchsvoraussetzungen im Einzelnen erl\u00e4utern, um feststellen zu k\u00f6nnen, welche Gr\u00fcnde zu einer Ablehnung f\u00fchren k\u00f6nnen<\/span><span style=\"font-weight: 400;\">.<\/span><\/p>\n\n<h2 class=\"wp-block-heading\"><strong>Ihr ESTA wird abgelehnt, weil Sie nicht zum VWP geh\u00f6ren.<\/strong><\/h2>\n\n<p><span style=\"font-weight: 400;\">Um ESTA in Anspruch nehmen zu k\u00f6nnen, m\u00fcssen Sie einen Reisepass aus einem Land haben, das Mitglied des von der US-Regierung eingerichteten Programms f\u00fcr visumfreies Reisen ist. Diese Einrichtung, die im Englischen Visa Waiver Program genannt wird, ist die erste und wichtigste Voraussetzung f\u00fcr den Zugang zu ESTA.  <\/span><\/p>\n\n<p><span style=\"font-weight: 400;\">Das Programm besteht seit 2022 mit der Hinzuf\u00fcgung von Kroatien aus 40 L\u00e4ndern, die wie folgt aufgelistet sind:<\/span><\/p>\n\n<p><span style=\"font-weight: 400;\">Andorra, Australien, Belgien, Brunei, Republik Korea, D\u00e4nemark, Deutschland, Estland, Finnland, Frankreich, Griechenland, Island, Irland, Italien, Japan, Kroatien, Lettland, Liechtenstein, Litauen, Luxemburg, Malta, Monaco, Neuseeland, Niederlande, Norwegen, \u00d6sterreich, Polen, Portugal, San Marino, Schweden, Schweiz, Slowakei, Slowenien, Spanien, Singapur, Tschechische Republik, Ungarn, Vereinigtes K\u00f6nigreich.<\/span><\/p>\n\n<p><span style=\"font-weight: 400;\">Wenn Ihr Land nicht auf dieser Liste steht, wird Ihr Antrag <\/span><span style=\"font-weight: 400;\">Ihr ESTA-Antrag wird abgelehnt <\/span><span style=\"font-weight: 400;\">systematisch. <\/span> <\/p>\n\n<p><span style=\"font-weight: 400;\">Es ist m\u00f6glich, dass Ihr Reisepass aus einem der vom VWP betroffenen L\u00e4nder stammt, Sie aber trotzdem auf eine <\/span><span style=\"font-weight: 400;\">Verweigerung der ESTA-Genehmigung<\/span><span style=\"font-weight: 400;\">. Diese L\u00e4nder sind Iran, Irak, Libyen, Sudan, Somalia, Syrien und Jemen. Wenn Sie seit 2011 in eines dieser L\u00e4nder gereist sind, funktioniert die Einreise in die USA \u00fcber das VWP nicht und Ihr  <\/span><span style=\"font-weight: 400;\">ESTA wird abgelehnt<\/span><span style=\"font-weight: 400;\">.<\/span><\/p>\n\n<h2 class=\"wp-block-heading\"><strong>Verweigerung der ESTA-Genehmigung aufgrund eines nicht konformen Reisepasses<\/strong><\/h2>\n\n<p><span style=\"font-weight: 400;\">Das ESTA ist eine elektronische Reisegenehmigung und muss daher mit einer <a href=\"https:\/\/123-esta.com\/de\/reisepass-fur-esta-usa\/\">g\u00fcltigen Passnummer<\/a> verkn\u00fcpft werden. Mit g\u00fcltig meinen Sie, dass der Reisepass in der Lage sein muss, die Identifikationsinformationen des Besitzers durch Fingerabdr\u00fccke, Gesichts- und Netzhauterkennung zu speichern.<\/span><\/p>\n\n<p><span style=\"font-weight: 400;\">Nur ein biometrischer oder elektronischer Reisepass erf\u00fcllt diese Sicherheitsanforderungen, die Nichteinhaltung dieser Bedingung f\u00fchrt zur Ablehnung Ihres Antrags. <\/span><span style=\"font-weight: 400;\">Die ESTA-Genehmigung wird nicht erteilt.<\/span><\/p>\n\n<p><span style=\"font-weight: 400;\">Wenn Sie keinen g\u00fcltigen Reisepass haben, mit dem das ESTA elektronisch verkn\u00fcpft werden kann, wird Ihr Antrag<\/span><span style=\"font-weight: 400;\"> ESTA abgelehnt werden<\/span><span style=\"font-weight: 400;\">. <\/span> <\/p>\n\n<p><span style=\"font-weight: 400;\">Wenn Sie einen elektronischen Reisepass besitzen, aber trotzdem abgelehnt wurden, \u00fcberpr\u00fcfen Sie, ob die G\u00fcltigkeitsdauer noch 6 Monate \u00fcber das Datum des Reisebeginns in die USA hinausgeht. Wenn dies nicht der Fall ist, m\u00fcssen Sie sich einen neuen Reisepass besorgen.  <\/span><\/p>\n\n<h2 class=\"wp-block-heading\"><strong>Ablehnung wegen einer m\u00f6glichen Bedrohung der inneren Sicherheit der USA<\/strong><\/h2>\n\n<p><span style=\"font-weight: 400;\">Die US-Beh\u00f6rden nehmen die innere Sicherheit ihres Landes sehr ernst. Wenn sie der Ansicht sind, dass Sie eine Bedrohung darstellen, wird Ihre Genehmigung  <\/span><span style=\"font-weight: 400;\">ESTA wird abgelehnt<\/span><span style=\"font-weight: 400;\">. <\/span><span style=\"font-weight: 400;\">Aber wie kommen sie auf die Idee, dass Sie eine potenzielle Bedrohung darstellen k\u00f6nnten? <\/span> <\/p>\n\n<p><span style=\"font-weight: 400;\">Der dritte Teil des ESTA-Formulars, der aus geschlossenen Fragen besteht (oder die einzigen m\u00f6glichen Antworten sind Ja oder Nein), k\u00f6nnte daf\u00fcr verantwortlich sein.  <\/span><\/p>\n\n<p><span style=\"font-weight: 400;\">Denn diese Fragen zielen darauf ab, Ihre Vorstrafen und medizinischen Daten zu erfahren, ob Sie m\u00f6glicherweise einer terroristischen Organisation angeh\u00f6ren oder ob Sie w\u00e4hrend Ihres Aufenthalts in den USA einen Job finden m\u00f6chten. Obwohl Sie die Fragen so ehrlich wie m\u00f6glich beantworten sollten, sollten Sie sich dar\u00fcber im Klaren sein, dass eine positive Antwort in diesem Online-Fragebogen Ihnen den  <\/span><span style=\"font-weight: 400;\">Ablehnung Ihrer ESTA-Genehmigung<\/span><span style=\"font-weight: 400;\">. <\/span> <\/p>\n\n<p><span style=\"font-weight: 400;\">Dar\u00fcber hinaus kann ein einfacher Tippfehler beim Ausf\u00fcllen des Online-Formulars bez\u00fcglich Ihrer pers\u00f6nlichen Informationen als Betrug angesehen werden.<\/span><\/p>\n\n<h2 class=\"wp-block-heading\"><strong>Was tun, wenn ein ESTA abgelehnt wurde?  <\/strong><\/h2>\n\n<p><span style=\"font-weight: 400;\">Die Ablehnung Ihrer ESTA-Genehmigung bedeutet nicht, dass Ihnen die Einreise in die USA dauerhaft untersagt ist, sondern nur, dass Sie die Kriterien nicht erf\u00fcllen, die im Rahmen des Programms f\u00fcr visumfreies Reisen (Visa Waiver Program) f\u00fcr Reisen in die USA aufgestellt wurden.  <\/span><\/p>\n\n<p><span style=\"font-weight: 400;\">Wenn Sie der Meinung sind, dass der Grund f\u00fcr die Ablehnung lediglich ein Tippfehler bei der Online-Beantragung war, haben Sie die M\u00f6glichkeit, innerhalb von 10 Tagen nach der Ablehnung einen neuen Antrag zu stellen. Wenn die Ablehnung jedoch auch beim zweiten Versuch wiederholt wird, m\u00fcssen Sie sich nach einer anderen L\u00f6sung umsehen.  <\/span><\/p>\n\n<p><span style=\"font-weight: 400;\">Wenn Sie dennoch in die USA reisen m\u00f6chten, m\u00fcssen Sie sich mit der f\u00fcr Sie zust\u00e4ndigen US-Botschaft in Verbindung setzen und <a href=\"https:\/\/123-esta.com\/de\/wie-erhalte-ich-ein-visum-fuer-die-vereinigten-staaten\/\">ein USA-Touristenvisum beantragen<\/a>.  <\/span><\/p>\n","protected":false},"excerpt":{"rendered":"<p>Mit der ESTA-Genehmigung k\u00f6nnen Staatsangeh\u00f6rige bestimmter L\u00e4nder in die USA reisen (als Touristen oder Gesch\u00e4ftsreisende mit einer Dauer von bis zu 90 Tagen), ohne zuvor ein US-Visum beantragen zu m\u00fcssen. Diese Ma\u00dfnahme ist zwar sehr praktisch, betrifft aber nicht jeden, und es gibt mehrere Gr\u00fcnde, die zu einem ESTA lehnte ab. Wir werden die Anspruchsvoraussetzungen [&hellip;]<\/p>\n","protected":false},"author":1,"featured_media":0,"parent":0,"menu_order":0,"comment_status":"closed","ping_status":"closed","template":"","meta":{"site-sidebar-layout":"default","site-content-layout":"default","ast-site-content-layout":"default","site-content-style":"default","site-sidebar-style":"default","ast-global-header-display":"","ast-banner-title-visibility":"","ast-main-header-display":"","ast-hfb-above-header-display":"","ast-hfb-below-header-display":"","ast-hfb-mobile-header-display":"","site-post-title":"","ast-breadcrumbs-content":"","ast-featured-img":"","footer-sml-layout":"","ast-disable-related-posts":"","theme-transparent-header-meta":"","adv-header-id-meta":"","stick-header-meta":"default","header-above-stick-meta":"","header-main-stick-meta":"","header-below-stick-meta":"","astra-migrate-meta-layouts":"default","ast-page-background-enabled":"default","ast-page-background-meta":{"desktop":{"background-color":"","background-image":"","background-repeat":"repeat","background-position":"center center","background-size":"auto","background-attachment":"scroll","background-type":"","background-media":"","overlay-type":"","overlay-color":"","overlay-opacity":"","overlay-gradient":""},"tablet":{"background-color":"","background-image":"","background-repeat":"repeat","background-position":"center center","background-size":"auto","background-attachment":"scroll","background-type":"","background-media":"","overlay-type":"","overlay-color":"","overlay-opacity":"","overlay-gradient":""},"mobile":{"background-color":"","background-image":"","background-repeat":"repeat","background-position":"center center","background-size":"auto","background-attachment":"scroll","background-type":"","background-media":"","overlay-type":"","overlay-color":"","overlay-opacity":"","overlay-gradient":""}},"ast-content-background-meta":{"desktop":{"background-color":"var(--ast-global-color-5)","background-image":"","background-repeat":"repeat","background-position":"center center","background-size":"auto","background-attachment":"scroll","background-type":"","background-media":"","overlay-type":"","overlay-color":"","overlay-opacity":"","overlay-gradient":""},"tablet":{"background-color":"var(--ast-global-color-5)","background-image":"","background-repeat":"repeat","background-position":"center center","background-size":"auto","background-attachment":"scroll","background-type":"","background-media":"","overlay-type":"","overlay-color":"","overlay-opacity":"","overlay-gradient":""},"mobile":{"background-color":"var(--ast-global-color-5)","background-image":"","background-repeat":"repeat","background-position":"center center","background-size":"auto","background-attachment":"scroll","background-type":"","background-media":"","overlay-type":"","overlay-color":"","overlay-opacity":"","overlay-gradient":""}},"footnotes":""},"class_list":["post-2173","page","type-page","status-publish","hentry"],"yoast_head":"<!-- This site is optimized with the Yoast SEO plugin v27.1.1 - https:\/\/yoast.com\/product\/yoast-seo-wordpress\/ -->\n<title>Die verschiedenen Gr\u00fcnde, die zu einem abgelehnten ESTA f\u00fchren<\/title>\n<meta name=\"description\" content=\"Ihre ESTA-Genehmigung wurde abgelehnt und Sie k\u00f6nnen den Grund daf\u00fcr nicht verstehen? Wir erkl\u00e4ren Ihnen ausf\u00fchrlich die Gr\u00fcnde, die zu einer ESTA-Verweigerung f\u00fchren.\" \/>\n<meta name=\"robots\" content=\"index, follow, max-snippet:-1, max-image-preview:large, max-video-preview:-1\" \/>\n<link rel=\"canonical\" href=\"https:\/\/123-esta.com\/de\/grunde-fur-ein-abgelehntes-esta\/\" \/>\n<meta property=\"og:locale\" content=\"de_DE\" \/>\n<meta property=\"og:type\" content=\"article\" \/>\n<meta property=\"og:title\" content=\"Die verschiedenen Gr\u00fcnde, die zu einem abgelehnten ESTA f\u00fchren\" \/>\n<meta property=\"og:description\" content=\"Ihre ESTA-Genehmigung wurde abgelehnt und Sie k\u00f6nnen den Grund daf\u00fcr nicht verstehen? Wir erkl\u00e4ren Ihnen ausf\u00fchrlich die Gr\u00fcnde, die zu einer ESTA-Verweigerung f\u00fchren.\" \/>\n<meta property=\"og:url\" content=\"https:\/\/123-esta.com\/de\/grunde-fur-ein-abgelehntes-esta\/\" \/>\n<meta property=\"og:site_name\" content=\"Formulaire ESTA pour les USA\" \/>\n<meta property=\"article:modified_time\" content=\"2022-08-31T09:40:01+00:00\" \/>\n<meta name=\"twitter:card\" content=\"summary_large_image\" \/>\n<meta name=\"twitter:label1\" content=\"Gesch\u00e4tzte Lesezeit\" \/>\n\t<meta name=\"twitter:data1\" content=\"4\u00a0Minuten\" \/>\n<script type=\"application\/ld+json\" class=\"yoast-schema-graph\">{\"@context\":\"https:\/\/schema.org\",\"@graph\":[{\"@type\":\"WebPage\",\"@id\":\"https:\/\/123-esta.com\/de\/grunde-fur-ein-abgelehntes-esta\/\",\"url\":\"https:\/\/123-esta.com\/de\/grunde-fur-ein-abgelehntes-esta\/\",\"name\":\"Die verschiedenen Gr\u00fcnde, die zu einem abgelehnten ESTA f\u00fchren\",\"isPartOf\":{\"@id\":\"https:\/\/123-esta.com\/de\/#website\"},\"datePublished\":\"2022-07-27T19:33:19+00:00\",\"dateModified\":\"2022-08-31T09:40:01+00:00\",\"description\":\"Ihre ESTA-Genehmigung wurde abgelehnt und Sie k\u00f6nnen den Grund daf\u00fcr nicht verstehen? Wir erkl\u00e4ren Ihnen ausf\u00fchrlich die Gr\u00fcnde, die zu einer ESTA-Verweigerung f\u00fchren.\",\"inLanguage\":\"de\",\"potentialAction\":[{\"@type\":\"ReadAction\",\"target\":[\"https:\/\/123-esta.com\/de\/grunde-fur-ein-abgelehntes-esta\/\"]}]},{\"@type\":\"WebSite\",\"@id\":\"https:\/\/123-esta.com\/de\/#website\",\"url\":\"https:\/\/123-esta.com\/de\/\",\"name\":\"Formulaire ESTA pour les USA\",\"description\":\"\",\"publisher\":{\"@id\":\"https:\/\/123-esta.com\/de\/#organization\"},\"potentialAction\":[{\"@type\":\"SearchAction\",\"target\":{\"@type\":\"EntryPoint\",\"urlTemplate\":\"https:\/\/123-esta.com\/de\/?s={search_term_string}\"},\"query-input\":{\"@type\":\"PropertyValueSpecification\",\"valueRequired\":true,\"valueName\":\"search_term_string\"}}],\"inLanguage\":\"de\"},{\"@type\":\"Organization\",\"@id\":\"https:\/\/123-esta.com\/de\/#organization\",\"name\":\"Formulaire ESTA pour les USA\",\"url\":\"https:\/\/123-esta.com\/de\/\",\"logo\":{\"@type\":\"ImageObject\",\"inLanguage\":\"de\",\"@id\":\"https:\/\/123-esta.com\/de\/#\/schema\/logo\/image\/\",\"url\":\"https:\/\/123-esta.com\/wp-content\/uploads\/2018\/03\/logo-123-esta.png\",\"contentUrl\":\"https:\/\/123-esta.com\/wp-content\/uploads\/2018\/03\/logo-123-esta.png\",\"width\":191,\"height\":54,\"caption\":\"Formulaire ESTA pour les USA\"},\"image\":{\"@id\":\"https:\/\/123-esta.com\/de\/#\/schema\/logo\/image\/\"}}]}<\/script>\n<!-- \/ Yoast SEO plugin. -->","yoast_head_json":{"title":"Die verschiedenen Gr\u00fcnde, die zu einem abgelehnten ESTA f\u00fchren","description":"Ihre ESTA-Genehmigung wurde abgelehnt und Sie k\u00f6nnen den Grund daf\u00fcr nicht verstehen? Wir erkl\u00e4ren Ihnen ausf\u00fchrlich die Gr\u00fcnde, die zu einer ESTA-Verweigerung f\u00fchren.","robots":{"index":"index","follow":"follow","max-snippet":"max-snippet:-1","max-image-preview":"max-image-preview:large","max-video-preview":"max-video-preview:-1"},"canonical":"https:\/\/123-esta.com\/de\/grunde-fur-ein-abgelehntes-esta\/","og_locale":"de_DE","og_type":"article","og_title":"Die verschiedenen Gr\u00fcnde, die zu einem abgelehnten ESTA f\u00fchren","og_description":"Ihre ESTA-Genehmigung wurde abgelehnt und Sie k\u00f6nnen den Grund daf\u00fcr nicht verstehen? Wir erkl\u00e4ren Ihnen ausf\u00fchrlich die Gr\u00fcnde, die zu einer ESTA-Verweigerung f\u00fchren.","og_url":"https:\/\/123-esta.com\/de\/grunde-fur-ein-abgelehntes-esta\/","og_site_name":"Formulaire ESTA pour les USA","article_modified_time":"2022-08-31T09:40:01+00:00","twitter_card":"summary_large_image","twitter_misc":{"Gesch\u00e4tzte Lesezeit":"4\u00a0Minuten"},"schema":{"@context":"https:\/\/schema.org","@graph":[{"@type":"WebPage","@id":"https:\/\/123-esta.com\/de\/grunde-fur-ein-abgelehntes-esta\/","url":"https:\/\/123-esta.com\/de\/grunde-fur-ein-abgelehntes-esta\/","name":"Die verschiedenen Gr\u00fcnde, die zu einem abgelehnten ESTA f\u00fchren","isPartOf":{"@id":"https:\/\/123-esta.com\/de\/#website"},"datePublished":"2022-07-27T19:33:19+00:00","dateModified":"2022-08-31T09:40:01+00:00","description":"Ihre ESTA-Genehmigung wurde abgelehnt und Sie k\u00f6nnen den Grund daf\u00fcr nicht verstehen? Wir erkl\u00e4ren Ihnen ausf\u00fchrlich die Gr\u00fcnde, die zu einer ESTA-Verweigerung f\u00fchren.","inLanguage":"de","potentialAction":[{"@type":"ReadAction","target":["https:\/\/123-esta.com\/de\/grunde-fur-ein-abgelehntes-esta\/"]}]},{"@type":"WebSite","@id":"https:\/\/123-esta.com\/de\/#website","url":"https:\/\/123-esta.com\/de\/","name":"Formulaire ESTA pour les USA","description":"","publisher":{"@id":"https:\/\/123-esta.com\/de\/#organization"},"potentialAction":[{"@type":"SearchAction","target":{"@type":"EntryPoint","urlTemplate":"https:\/\/123-esta.com\/de\/?s={search_term_string}"},"query-input":{"@type":"PropertyValueSpecification","valueRequired":true,"valueName":"search_term_string"}}],"inLanguage":"de"},{"@type":"Organization","@id":"https:\/\/123-esta.com\/de\/#organization","name":"Formulaire ESTA pour les USA","url":"https:\/\/123-esta.com\/de\/","logo":{"@type":"ImageObject","inLanguage":"de","@id":"https:\/\/123-esta.com\/de\/#\/schema\/logo\/image\/","url":"https:\/\/123-esta.com\/wp-content\/uploads\/2018\/03\/logo-123-esta.png","contentUrl":"https:\/\/123-esta.com\/wp-content\/uploads\/2018\/03\/logo-123-esta.png","width":191,"height":54,"caption":"Formulaire ESTA pour les USA"},"image":{"@id":"https:\/\/123-esta.com\/de\/#\/schema\/logo\/image\/"}}]}},"_links":{"self":[{"href":"https:\/\/123-esta.com\/de\/wp-json\/wp\/v2\/pages\/2173","targetHints":{"allow":["GET"]}}],"collection":[{"href":"https:\/\/123-esta.com\/de\/wp-json\/wp\/v2\/pages"}],"about":[{"href":"https:\/\/123-esta.com\/de\/wp-json\/wp\/v2\/types\/page"}],"author":[{"embeddable":true,"href":"https:\/\/123-esta.com\/de\/wp-json\/wp\/v2\/users\/1"}],"replies":[{"embeddable":true,"href":"https:\/\/123-esta.com\/de\/wp-json\/wp\/v2\/comments?post=2173"}],"version-history":[{"count":0,"href":"https:\/\/123-esta.com\/de\/wp-json\/wp\/v2\/pages\/2173\/revisions"}],"wp:attachment":[{"href":"https:\/\/123-esta.com\/de\/wp-json\/wp\/v2\/media?parent=2173"}],"curies":[{"name":"wp","href":"https:\/\/api.w.org\/{rel}","templated":true}]}}