{"id":2161,"date":"2022-07-27T21:33:16","date_gmt":"2022-07-27T19:33:16","guid":{"rendered":"https:\/\/123-esta.com\/was-tun-wenn-man-einen-antrag-stellt-wartete\/"},"modified":"2022-09-06T23:08:56","modified_gmt":"2022-09-06T21:08:56","slug":"was-zu-tun-wenn-der-esta-antrag-aussteht","status":"publish","type":"page","link":"https:\/\/123-esta.com\/de\/was-zu-tun-wenn-der-esta-antrag-aussteht\/","title":{"rendered":"Was tun, wenn ein ESTA-Antrag &#8222;in der Warteschleife&#8220; ist?"},"content":{"rendered":"\n<p><span style=\"font-weight: 400;\">Wie Sie sicher wissen, ist das Reisen in die USA f\u00fcr EU-B\u00fcrger nicht so einfach wie das Reisen im Schengen-Raum. Der Besitz eines g\u00fcltigen Reisepasses reicht n\u00e4mlich leider nicht aus, um amerikanischen Boden zu betreten. Die US-Regierung f\u00f6rdert jedoch zeitlich begrenzte Reisen in die USA. Ein Beweis daf\u00fcr ist die Einf\u00fchrung des Visa Waiver Program (VWP). Selbst der Wunsch, sein Territorium zu sch\u00fctzen, erfolgte in dem Bestreben, die USA f\u00fcr Touristen attraktiv zu halten, und zwar nicht mit der Abschaffung des Programms zur Befreiung von der Visumspflicht, sondern mit der Einf\u00fchrung des ESTA-Programms.  <\/span><\/p>\n\n<p><span style=\"font-weight: 400;\"><a href=\"\/\/123-esta.com\/de\/\">ESTA<\/a> ist eine elektronische Reisegenehmigung, die nur ausl\u00e4ndische Staatsangeh\u00f6rige der 40 Mitgliedsl\u00e4nder des VWP (Visa Waiver Program) beantragen k\u00f6nnen. Dazu m\u00fcssen sie ein Online-Formular ausf\u00fcllen und die Zahlung vornehmen. Nachdem Sie das ESTA-Formular eingereicht haben, analysieren die Computersysteme der US Customs and Border Protection (Zoll- und Grenzschutzbeh\u00f6rde der USA) Ihren ESTA-Antrag und weisen Ihnen einen Status zu: ESTA gew\u00e4hrt, ESTA anh\u00e4ngig oder ESTA abgelehnt.  <\/span><\/p>\n\n<p><span style=\"font-weight: 400;\">In diesem Artikel besch\u00e4ftigen wir uns mit dem <\/span><span style=\"font-weight: 400;\">anh\u00e4ngigen ESTA-Antrag.<\/span><\/p>\n\n<h2 class=\"wp-block-heading\"><span style=\"font-weight: 400;\">&#8222;Genehmigung <\/span><span style=\"font-weight: 400;\">ESTA anh\u00e4ngig<\/span><span style=\"font-weight: 400;\">&#8222;: Ist das eine Ablehnung? <\/span> <\/h2>\n\n<p><span style=\"font-weight: 400;\">Die Antwort auf einen ESTA-Antrag erfolgt sofort, aber es kann sein, dass die Antwort ESTA noch aussteht. Dieses Ergebnis ist gleichbedeutend damit, dass Sie innerhalb von maximal 72 Stunden eine endg\u00fcltige Antwort erhalten. Es liegt an Ihnen, den Status Ihres Antrags zu \u00fcberpr\u00fcfen, indem Sie Ihre Passnummer und Ihre Antragsnummer auf der offiziellen Website der US-Regierung eingeben. Wenn der ESTA-Antrag auf einer privaten Website wie der unseres Partners gestellt wurde, erhalten Sie eine E-Mail, die Sie \u00fcber den Status Ihres Antrags informiert.<\/span><\/p>\n\n<p><span style=\"font-weight: 400;\">Der Status <\/span><span style=\"font-weight: 400;\">ESTA in Wartestellung<\/span><span style=\"font-weight: 400;\">  ist nicht zwangsl\u00e4ufig ein Zeichen von Ablehnung. Es bedeutet lediglich, dass Ihre Reisegenehmigung entweder aufgrund einer gro\u00dfen Anzahl von Antr\u00e4gen oder einer weiteren \u00dcberpr\u00fcfung gepr\u00fcft wird.<\/span><\/p>\n\n<h2 class=\"wp-block-heading\"><span style=\"font-weight: 400;\">ESTA in der Warteschleife<\/span><span style=\"font-weight: 400;\"> : Welchen endg\u00fcltigen Status werde ich erhalten?<\/span><\/h2>\n\n<p><span style=\"font-weight: 400;\">Selbstverst\u00e4ndlich ist der Status <\/span><span style=\"font-weight: 400;\">&#8222;ESTA in Wartestellung&#8220;<\/span><span style=\"font-weight: 400;\">  ist nicht endg\u00fcltig. Sie werden innerhalb von maximal drei Tagen erfahren k\u00f6nnen, ob Sie mit einem ESTA in die USA reisen d\u00fcrfen oder nicht.  <\/span><\/p>\n\n<p><span style=\"font-weight: 400;\">Ihr endg\u00fcltiger Status &#8222;Genehmigung genehmigt&#8220; oder &#8222;Reise nicht genehmigt&#8220; wird von Ihrem Profil abh\u00e4ngen. Wir m\u00f6chten Sie daran erinnern, dass ESTA in erster Linie eine Sicherheitsma\u00dfnahme ist. Die Erf\u00fcllung der Anforderungen der US-Regierung ist daher f\u00fcr den Erhalt von ESTA von entscheidender Bedeutung. Wenn die F\u00f6rderkriterien erf\u00fcllt sind, wird Ihr Antrag  <\/span><span style=\"font-weight: 400;\">ESTA in der Warteschleife<\/span><span style=\"font-weight: 400;\"> zu einer Genehmigung Ihres Aufenthalts in den USA f\u00fchren wird.<\/span><\/p>\n\n<h3 class=\"wp-block-heading\"><span style=\"font-weight: 400;\">Autorisierung genehmigt: Gute Reise!<\/span><\/h3>\n\n<p><span style=\"font-weight: 400;\">Wenn ein <\/span><span style=\"font-weight: 400;\">ESTA anh\u00e4ngig<\/span><span style=\"font-weight: 400;\">  wird in eine genehmigte Genehmigung umgewandelt, herzlichen Gl\u00fcckwunsch! Das bedeutet, dass Sie im Rahmen des Programms f\u00fcr visumfreies Reisen (Visa Waiver Program) in die USA reisen d\u00fcrfen.  <\/span><\/p>\n\n<p><span style=\"font-weight: 400;\"><a href=\"https:\/\/123-esta.com\/de\/was-ist-esta\/\">Eine ESTA-Genehmigung<\/a> ist jedoch keine Garantie f\u00fcr Ihre Einreise in die USA, die endg\u00fcltige Entscheidung trifft der Zollbeamte. Um Ihre Chancen auf eine Einreise in die USA zu maximieren, legen Sie dem US-Zoll <a href=\"https:\/\/123-esta.com\/de\/esta-flugticket-hin-und-zuruck-obligatorisch-fur-die-vereinigten-staaten\/\">Ihre Hin- und R\u00fcckflugtickets<\/a> vor und beantworten Sie die gestellten Fragen ernsthaft.  <\/span><\/p>\n\n<p><span style=\"font-weight: 400;\">Reisehinweise: Vor Ihrer Abreise sollten Sie mehrere Dinge \u00fcberpr\u00fcfen. Dazu geh\u00f6ren unter anderem:  <\/span><\/p>\n\n<ul class=\"wp-block-list\"><li style=\"font-weight: 400;\"><span style=\"font-weight: 400;\">einen g\u00fcltigen biometrischen (oder elektronischen) Reisepass besitzen. Die Passnummer wird \u00fcber die elektronischen Systeme der US-Sicherheitsbeh\u00f6rden mit Ihrem ESTA verkn\u00fcpft. Wenn Ihr Reisepass abl\u00e4uft, m\u00fcssen Sie ihn verl\u00e4ngern und mit dem neuen Reisepass einen neuen ESTA-Antrag stellen;  <\/span><\/li><li style=\"font-weight: 400;\"><span style=\"font-weight: 400;\">\u00dcberpr\u00fcfen Sie vor Ihrer Abreise, ob Ihre Genehmigung noch g\u00fcltig ist. Die offizielle G\u00fcltigkeitsdauer dieser Reisegenehmigung betr\u00e4gt in der Regel zwei Jahre, h\u00e4ngt aber auch vom Ablaufdatum Ihres Reisepasses ab. Wenn das ESTA w\u00e4hrend Ihrer Reise in die Vereinigten Staaten von Amerika abl\u00e4uft, k\u00f6nnen Sie trotzdem reisen, vorausgesetzt, Sie haben einen g\u00fcltigen Reisepass, der die gesamte Aufenthaltsdauer abdeckt.  <\/span><\/li><\/ul>\n\n<h3 class=\"wp-block-heading\"><span style=\"font-weight: 400;\">Nicht genehmigte Reisen: Wenden Sie sich an ein Visum  <\/span><\/h3>\n\n<p><span style=\"font-weight: 400;\">Die h\u00e4ufigste Ursache f\u00fcr einen abgelehnten Status ist ein Unachtsamkeitsfehler bei der Angabe Ihrer Informationen. Achten Sie darauf, dass Sie das Formular korrekt ausf\u00fcllen und es vor dem Absenden noch einmal durchlesen. Wenn der Antrag aus diesem Grund abgelehnt wird, k\u00f6nnen Sie den Antrag online unter Einhaltung einer Frist von 10 Tagen erneut stellen. Um sich einen genehmigten Antrag und damit eine Reise in die USA zu sichern, empfehlen wir Ihnen, \u00fcber eine private Website wie diese zu gehen. Unsere Experten werden das Formular f\u00fcr Sie ausf\u00fcllen und \u00fcberpr\u00fcfen.  <\/span><\/p>\n\n<p><span style=\"font-weight: 400;\">Anderer Fall der Passage <\/span><span style=\"font-weight: 400;\">&#8222;ESTA in Wartestellung&#8220;<\/span><span style=\"font-weight: 400;\">  zu &#8222;nicht genehmigte Reise&#8220;: Sie erf\u00fcllen nicht die Voraussetzungen f\u00fcr ein ESTA. Bevor Sie irgendwelche Antr\u00e4ge stellen, sollten Sie darauf achten, dass Sie diese Bedingungen erf\u00fcllen:  <\/span><\/p>\n\n<ul class=\"wp-block-list\"><li style=\"font-weight: 400;\"><span style=\"font-weight: 400;\">die Staatsangeh\u00f6rigkeit eines der L\u00e4nder besitzen, die vom VWP betroffen sind ;  <\/span><\/li><li style=\"font-weight: 400;\"><span style=\"font-weight: 400;\">einen Kurzaufenthalt von bis zu 90 Tagen absolvieren ;  <\/span><\/li><li style=\"font-weight: 400;\"><span style=\"font-weight: 400;\">einen g\u00fcltigen elektronischen (oder biometrischen) Reisepass besitzen ;  <\/span><\/li><li style=\"font-weight: 400;\"><span style=\"font-weight: 400;\">f\u00fcr einen touristischen Aufenthalt, eine Gesch\u00e4ftsreise oder einen Zwischenstopp in die USA reisen.  <\/span><\/li><\/ul>\n\n<p><span style=\"font-weight: 400;\">Wenn eine oder mehrere der genannten Voraussetzungen nicht erf\u00fcllt sind, sollten Sie ein US-Visum beantragen und einen Termin bei der Konsularabteilung der US-Botschaft vereinbaren.  <\/span><\/p>\n","protected":false},"excerpt":{"rendered":"<p>Wie Sie sicher wissen, ist das Reisen in die USA f\u00fcr EU-B\u00fcrger nicht so einfach wie das Reisen im Schengen-Raum. Der Besitz eines g\u00fcltigen Reisepasses reicht n\u00e4mlich leider nicht aus, um amerikanischen Boden zu betreten. Die US-Regierung f\u00f6rdert jedoch zeitlich begrenzte Reisen in die USA. Ein Beweis daf\u00fcr ist die Einf\u00fchrung des Visa Waiver Program [&hellip;]<\/p>\n","protected":false},"author":1,"featured_media":0,"parent":0,"menu_order":0,"comment_status":"closed","ping_status":"closed","template":"","meta":{"site-sidebar-layout":"default","site-content-layout":"default","ast-site-content-layout":"default","site-content-style":"default","site-sidebar-style":"default","ast-global-header-display":"","ast-banner-title-visibility":"","ast-main-header-display":"","ast-hfb-above-header-display":"","ast-hfb-below-header-display":"","ast-hfb-mobile-header-display":"","site-post-title":"","ast-breadcrumbs-content":"","ast-featured-img":"","footer-sml-layout":"","ast-disable-related-posts":"","theme-transparent-header-meta":"default","adv-header-id-meta":"","stick-header-meta":"default","header-above-stick-meta":"","header-main-stick-meta":"","header-below-stick-meta":"","astra-migrate-meta-layouts":"default","ast-page-background-enabled":"default","ast-page-background-meta":{"desktop":{"background-color":"","background-image":"","background-repeat":"repeat","background-position":"center center","background-size":"auto","background-attachment":"scroll","background-type":"","background-media":"","overlay-type":"","overlay-color":"","overlay-opacity":"","overlay-gradient":""},"tablet":{"background-color":"","background-image":"","background-repeat":"repeat","background-position":"center center","background-size":"auto","background-attachment":"scroll","background-type":"","background-media":"","overlay-type":"","overlay-color":"","overlay-opacity":"","overlay-gradient":""},"mobile":{"background-color":"","background-image":"","background-repeat":"repeat","background-position":"center center","background-size":"auto","background-attachment":"scroll","background-type":"","background-media":"","overlay-type":"","overlay-color":"","overlay-opacity":"","overlay-gradient":""}},"ast-content-background-meta":{"desktop":{"background-color":"var(--ast-global-color-5)","background-image":"","background-repeat":"repeat","background-position":"center center","background-size":"auto","background-attachment":"scroll","background-type":"","background-media":"","overlay-type":"","overlay-color":"","overlay-opacity":"","overlay-gradient":""},"tablet":{"background-color":"var(--ast-global-color-5)","background-image":"","background-repeat":"repeat","background-position":"center center","background-size":"auto","background-attachment":"scroll","background-type":"","background-media":"","overlay-type":"","overlay-color":"","overlay-opacity":"","overlay-gradient":""},"mobile":{"background-color":"var(--ast-global-color-5)","background-image":"","background-repeat":"repeat","background-position":"center center","background-size":"auto","background-attachment":"scroll","background-type":"","background-media":"","overlay-type":"","overlay-color":"","overlay-opacity":"","overlay-gradient":""}},"footnotes":""},"class_list":["post-2161","page","type-page","status-publish","hentry"],"yoast_head":"<!-- This site is optimized with the Yoast SEO plugin v27.1.1 - https:\/\/yoast.com\/product\/yoast-seo-wordpress\/ -->\n<title>Antrag auf ESTA-Genehmigung &quot;in der Warteschleife&quot;: Was ist zu tun?<\/title>\n<meta name=\"description\" content=\"Ihr ESTA-Antrag erh\u00e4lt die Antwort &quot;ESTA in Wartestellung&quot;? Ist Ihr Aufenthalt in den USA dann gef\u00e4hrdet? Wir erkl\u00e4ren Ihnen alles \u00fcber diesen ESTA-Status.\" \/>\n<meta name=\"robots\" content=\"index, follow, max-snippet:-1, max-image-preview:large, max-video-preview:-1\" \/>\n<link rel=\"canonical\" href=\"https:\/\/123-esta.com\/de\/was-zu-tun-wenn-der-esta-antrag-aussteht\/\" \/>\n<meta property=\"og:locale\" content=\"de_DE\" \/>\n<meta property=\"og:type\" content=\"article\" \/>\n<meta property=\"og:title\" content=\"Antrag auf ESTA-Genehmigung &quot;in der Warteschleife&quot;: Was ist zu tun?\" \/>\n<meta property=\"og:description\" content=\"Ihr ESTA-Antrag erh\u00e4lt die Antwort &quot;ESTA in Wartestellung&quot;? Ist Ihr Aufenthalt in den USA dann gef\u00e4hrdet? Wir erkl\u00e4ren Ihnen alles \u00fcber diesen ESTA-Status.\" \/>\n<meta property=\"og:url\" content=\"https:\/\/123-esta.com\/de\/was-zu-tun-wenn-der-esta-antrag-aussteht\/\" \/>\n<meta property=\"og:site_name\" content=\"Formulaire ESTA pour les USA\" \/>\n<meta property=\"article:modified_time\" content=\"2022-09-06T21:08:56+00:00\" \/>\n<meta name=\"twitter:card\" content=\"summary_large_image\" \/>\n<meta name=\"twitter:label1\" content=\"Gesch\u00e4tzte Lesezeit\" \/>\n\t<meta name=\"twitter:data1\" content=\"4\u00a0Minuten\" \/>\n<script type=\"application\/ld+json\" class=\"yoast-schema-graph\">{\"@context\":\"https:\/\/schema.org\",\"@graph\":[{\"@type\":\"WebPage\",\"@id\":\"https:\/\/123-esta.com\/de\/was-zu-tun-wenn-der-esta-antrag-aussteht\/\",\"url\":\"https:\/\/123-esta.com\/de\/was-zu-tun-wenn-der-esta-antrag-aussteht\/\",\"name\":\"Antrag auf ESTA-Genehmigung \\\"in der Warteschleife\\\": Was ist zu tun?\",\"isPartOf\":{\"@id\":\"https:\/\/123-esta.com\/de\/#website\"},\"datePublished\":\"2022-07-27T19:33:16+00:00\",\"dateModified\":\"2022-09-06T21:08:56+00:00\",\"description\":\"Ihr ESTA-Antrag erh\u00e4lt die Antwort \\\"ESTA in Wartestellung\\\"? Ist Ihr Aufenthalt in den USA dann gef\u00e4hrdet? Wir erkl\u00e4ren Ihnen alles \u00fcber diesen ESTA-Status.\",\"inLanguage\":\"de\",\"potentialAction\":[{\"@type\":\"ReadAction\",\"target\":[\"https:\/\/123-esta.com\/de\/was-zu-tun-wenn-der-esta-antrag-aussteht\/\"]}]},{\"@type\":\"WebSite\",\"@id\":\"https:\/\/123-esta.com\/de\/#website\",\"url\":\"https:\/\/123-esta.com\/de\/\",\"name\":\"Formulaire ESTA pour les USA\",\"description\":\"\",\"publisher\":{\"@id\":\"https:\/\/123-esta.com\/de\/#organization\"},\"potentialAction\":[{\"@type\":\"SearchAction\",\"target\":{\"@type\":\"EntryPoint\",\"urlTemplate\":\"https:\/\/123-esta.com\/de\/?s={search_term_string}\"},\"query-input\":{\"@type\":\"PropertyValueSpecification\",\"valueRequired\":true,\"valueName\":\"search_term_string\"}}],\"inLanguage\":\"de\"},{\"@type\":\"Organization\",\"@id\":\"https:\/\/123-esta.com\/de\/#organization\",\"name\":\"Formulaire ESTA pour les USA\",\"url\":\"https:\/\/123-esta.com\/de\/\",\"logo\":{\"@type\":\"ImageObject\",\"inLanguage\":\"de\",\"@id\":\"https:\/\/123-esta.com\/de\/#\/schema\/logo\/image\/\",\"url\":\"https:\/\/123-esta.com\/wp-content\/uploads\/2018\/03\/logo-123-esta.png\",\"contentUrl\":\"https:\/\/123-esta.com\/wp-content\/uploads\/2018\/03\/logo-123-esta.png\",\"width\":191,\"height\":54,\"caption\":\"Formulaire ESTA pour les USA\"},\"image\":{\"@id\":\"https:\/\/123-esta.com\/de\/#\/schema\/logo\/image\/\"}}]}<\/script>\n<!-- \/ Yoast SEO plugin. -->","yoast_head_json":{"title":"Antrag auf ESTA-Genehmigung \"in der Warteschleife\": Was ist zu tun?","description":"Ihr ESTA-Antrag erh\u00e4lt die Antwort \"ESTA in Wartestellung\"? Ist Ihr Aufenthalt in den USA dann gef\u00e4hrdet? Wir erkl\u00e4ren Ihnen alles \u00fcber diesen ESTA-Status.","robots":{"index":"index","follow":"follow","max-snippet":"max-snippet:-1","max-image-preview":"max-image-preview:large","max-video-preview":"max-video-preview:-1"},"canonical":"https:\/\/123-esta.com\/de\/was-zu-tun-wenn-der-esta-antrag-aussteht\/","og_locale":"de_DE","og_type":"article","og_title":"Antrag auf ESTA-Genehmigung \"in der Warteschleife\": Was ist zu tun?","og_description":"Ihr ESTA-Antrag erh\u00e4lt die Antwort \"ESTA in Wartestellung\"? Ist Ihr Aufenthalt in den USA dann gef\u00e4hrdet? Wir erkl\u00e4ren Ihnen alles \u00fcber diesen ESTA-Status.","og_url":"https:\/\/123-esta.com\/de\/was-zu-tun-wenn-der-esta-antrag-aussteht\/","og_site_name":"Formulaire ESTA pour les USA","article_modified_time":"2022-09-06T21:08:56+00:00","twitter_card":"summary_large_image","twitter_misc":{"Gesch\u00e4tzte Lesezeit":"4\u00a0Minuten"},"schema":{"@context":"https:\/\/schema.org","@graph":[{"@type":"WebPage","@id":"https:\/\/123-esta.com\/de\/was-zu-tun-wenn-der-esta-antrag-aussteht\/","url":"https:\/\/123-esta.com\/de\/was-zu-tun-wenn-der-esta-antrag-aussteht\/","name":"Antrag auf ESTA-Genehmigung \"in der Warteschleife\": Was ist zu tun?","isPartOf":{"@id":"https:\/\/123-esta.com\/de\/#website"},"datePublished":"2022-07-27T19:33:16+00:00","dateModified":"2022-09-06T21:08:56+00:00","description":"Ihr ESTA-Antrag erh\u00e4lt die Antwort \"ESTA in Wartestellung\"? Ist Ihr Aufenthalt in den USA dann gef\u00e4hrdet? Wir erkl\u00e4ren Ihnen alles \u00fcber diesen ESTA-Status.","inLanguage":"de","potentialAction":[{"@type":"ReadAction","target":["https:\/\/123-esta.com\/de\/was-zu-tun-wenn-der-esta-antrag-aussteht\/"]}]},{"@type":"WebSite","@id":"https:\/\/123-esta.com\/de\/#website","url":"https:\/\/123-esta.com\/de\/","name":"Formulaire ESTA pour les USA","description":"","publisher":{"@id":"https:\/\/123-esta.com\/de\/#organization"},"potentialAction":[{"@type":"SearchAction","target":{"@type":"EntryPoint","urlTemplate":"https:\/\/123-esta.com\/de\/?s={search_term_string}"},"query-input":{"@type":"PropertyValueSpecification","valueRequired":true,"valueName":"search_term_string"}}],"inLanguage":"de"},{"@type":"Organization","@id":"https:\/\/123-esta.com\/de\/#organization","name":"Formulaire ESTA pour les USA","url":"https:\/\/123-esta.com\/de\/","logo":{"@type":"ImageObject","inLanguage":"de","@id":"https:\/\/123-esta.com\/de\/#\/schema\/logo\/image\/","url":"https:\/\/123-esta.com\/wp-content\/uploads\/2018\/03\/logo-123-esta.png","contentUrl":"https:\/\/123-esta.com\/wp-content\/uploads\/2018\/03\/logo-123-esta.png","width":191,"height":54,"caption":"Formulaire ESTA pour les USA"},"image":{"@id":"https:\/\/123-esta.com\/de\/#\/schema\/logo\/image\/"}}]}},"_links":{"self":[{"href":"https:\/\/123-esta.com\/de\/wp-json\/wp\/v2\/pages\/2161","targetHints":{"allow":["GET"]}}],"collection":[{"href":"https:\/\/123-esta.com\/de\/wp-json\/wp\/v2\/pages"}],"about":[{"href":"https:\/\/123-esta.com\/de\/wp-json\/wp\/v2\/types\/page"}],"author":[{"embeddable":true,"href":"https:\/\/123-esta.com\/de\/wp-json\/wp\/v2\/users\/1"}],"replies":[{"embeddable":true,"href":"https:\/\/123-esta.com\/de\/wp-json\/wp\/v2\/comments?post=2161"}],"version-history":[{"count":0,"href":"https:\/\/123-esta.com\/de\/wp-json\/wp\/v2\/pages\/2161\/revisions"}],"wp:attachment":[{"href":"https:\/\/123-esta.com\/de\/wp-json\/wp\/v2\/media?parent=2161"}],"curies":[{"name":"wp","href":"https:\/\/api.w.org\/{rel}","templated":true}]}}