{"id":2157,"date":"2022-07-27T21:33:16","date_gmt":"2022-07-27T19:33:16","guid":{"rendered":"https:\/\/123-esta.com\/touristenvisum-fuer-die-vereinigten-staaten\/"},"modified":"2022-09-19T17:13:22","modified_gmt":"2022-09-19T15:13:22","slug":"touristenvisum-vereinigten-staaten","status":"publish","type":"page","link":"https:\/\/123-esta.com\/de\/touristenvisum-vereinigten-staaten\/","title":{"rendered":"Touristenvisum USA &#8211; B2-Visum"},"content":{"rendered":"\n<p>Im Rahmen einer touristischen Reise in die USA gibt es mehrere M\u00f6glichkeiten, ein Besuchervisum f\u00fcr die Einreise in das Land zu erhalten. Der touristische Zweck einer Reise gibt an, welche Art von Visum der Reisende bei der US-Regierung beantragen muss. Das US-Touristenvisum wird online \u00fcber das Internet beantragt.<\/p>\n\n<p><strong>F\u00fcr einen Aufenthalt von weniger als 90 Tagen in den USA<\/strong>: Es ist nicht notwendig, ein US-Touristenvisum zu beantragen. Sie k\u00f6nnen Ihre Formalit\u00e4ten direkt online erledigen und in wenigen Minuten eine elektronische Reisegenehmigung (ESTA) erhalten, indem Sie auf <a href=\"https:\/\/123-esta.com\/de\/formular-esta\/\">Online-Formular<\/a> klicken.<\/p>\n\n<p>Das US-amerikanische Touristenvisum f\u00fcr einen Aufenthalt von mehr als 90 aufeinanderfolgenden Tagen ist das B2-Visum. Dieses Besuchervisum erm\u00f6glicht es einem Reisenden, sich in den USA zu touristischen Zwecken oder zu Freizeitzwecken aufzuhalten oder seine in den USA lebende Familie zu besuchen.  <\/p>\n\n<h2 class=\"wp-block-heading\">Was ist das B2-Touristenvisum f\u00fcr die USA?<\/h2>\n\n<p>Das B2-Visum ist ein Touristenvisum, das ausl\u00e4ndische Reisende bei der US-Beh\u00f6rde, die in ihrem Wohnsitzland pr\u00e4sent ist, beantragen. Dieses Visum erlaubt es Reisenden, sich l\u00e4nger als 90 Tage hintereinander in den USA aufzuhalten. Diese Art von <a href=\"https:\/\/usa-esta.net\/de\/visum-fur-die-usa\/visa-b2\/\">USA-Touristenvisum<\/a> ist weniger gefragt, seit die USA 2009 die elektronische Reisegenehmigung (Electronic Travel Authorization) eingef\u00fchrt haben, die Reisende bei einem Aufenthalt von weniger als 90 Tagen von der Visumspflicht befreit.<\/p>\n\n<h2 class=\"wp-block-heading\">Wer kann ein Touristenvisum f\u00fcr die USA beantragen?<\/h2>\n\n<p>Ein B2-Touristenvisum kann von allen Reisenden beantragt werden, die sich sechs Monate lang in den USA aufhalten m\u00f6chten. Staatsangeh\u00f6rige von L\u00e4ndern, die dem amerikanischen Visa Waiver Program (VWP) angeh\u00f6ren, k\u00f6nnen ebenfalls ein Visum beantragen, wenn ihr touristischer Aufenthalt mehr als 90 Tage an Ort und Stelle in den USA dauern soll.<\/p>\n\n<h2 class=\"wp-block-heading\">Welche Kriterien gelten f\u00fcr die F\u00f6rderf\u00e4higkeit?<\/h2>\n\n<p>Die wichtigsten Kriterien, um ein Touristenvisum f\u00fcr die USA beantragen zu k\u00f6nnen, sind :<\/p>\n\n<ul class=\"wp-block-list\"><li>Man muss nachweisen k\u00f6nnen, dass man \u00fcber gen\u00fcgend verf\u00fcgbare finanzielle Mittel verf\u00fcgt, um den gesamten Aufenthalt in den USA zu bezahlen;<\/li><li>Sie sollten nicht planen, in den USA zu arbeiten, und auch nicht w\u00e4hrend des Aufenthalts vor Ort nach Arbeit suchen;<\/li><li>Au\u00dferdem musst du nachweisen, dass du planst, nach deinem Aufenthalt in den USA wieder in dein Heimatland zur\u00fcckzukehren.<\/li><\/ul>\n\n<h2 class=\"wp-block-heading\">Welche Aktivit\u00e4ten sind mit dem B2-Touristenvisum erlaubt?<\/h2>\n\n<p>Wenn Sie ein B2-Touristenvisum erhalten haben, ist es Ihnen erlaubt, die folgenden Aktivit\u00e4ten durchzuf\u00fchren:<\/p>\n\n<ul class=\"wp-block-list\"><li>Sie k\u00f6nnen einen touristischen Aufenthalt im ganzen Land haben, alle Arten von Freizeitaktivit\u00e4ten vor Ort durchf\u00fchren;<\/li><li>In den USA k\u00f6nnen Sie Sport- und Musikveranstaltungen besuchen;<\/li><li>Es ist auch m\u00f6glich, dass Sie bei Bedarf eine medizinische Behandlung erhalten;<\/li><li>Sie k\u00f6nnen Ihre Familie in den USA oder Ihre Freunde besuchen.<\/li><\/ul>\n\n<h2 class=\"wp-block-heading\">foto eines usa-touristenvisums B2<\/h2>\n\n<figure class=\"wp-block-image size-full\"><img fetchpriority=\"high\" decoding=\"async\" width=\"2214\" height=\"1464\" src=\"https:\/\/123-esta.com\/wp-content\/uploads\/2022\/07\/visa-usa-tourist.jpg\" alt=\"Touristenvisum USA - B2-Visum\" class=\"wp-image-2021\" srcset=\"https:\/\/123-esta.com\/wp-content\/uploads\/2022\/07\/visa-usa-tourist.jpg 2214w, https:\/\/123-esta.com\/wp-content\/uploads\/2022\/07\/visa-usa-tourist-300x198.jpg 300w, https:\/\/123-esta.com\/wp-content\/uploads\/2022\/07\/visa-usa-tourist-1024x677.jpg 1024w, https:\/\/123-esta.com\/wp-content\/uploads\/2022\/07\/visa-usa-tourist-768x508.jpg 768w, https:\/\/123-esta.com\/wp-content\/uploads\/2022\/07\/visa-usa-tourist-1536x1016.jpg 1536w, https:\/\/123-esta.com\/wp-content\/uploads\/2022\/07\/visa-usa-tourist-2048x1354.jpg 2048w\" sizes=\"(max-width: 2214px) 100vw, 2214px\" \/><figcaption>Foto eines USA-Touristenvisums &#8211; Visum B2 USA<\/figcaption><\/figure>\n\n<h2 class=\"wp-block-heading\">Antrag auf ein Touristenvisum USA<\/h2>\n\n<p>Die Beantragung eines B2-Visums erfolgt \u00fcber das Internet auf der offiziellen Website <a href=\"https:\/\/www.uscis.gov\/\">uscis.gov<\/a>. Am Ende des Online-Verfahrens zur Beantragung eines US-Visums m\u00fcssen Reisende ein Interview durchf\u00fchren, indem sie die US-Botschaft oder das US-Konsulat in ihrem Wohnsitzland besuchen.<\/p>\n\n<p>Ein Antrag auf ein Touristenvisum f\u00fcr die USA l\u00e4uft folgenderma\u00dfen ab:<\/p>\n\n<ol class=\"wp-block-list\"><li>Der Reisende muss zun\u00e4chst das Formular DS-160 online ausf\u00fcllen ;<\/li><li>Am Ende des Online-Formulars wird der Visumantragsteller aufgefordert, die Verwaltungsgeb\u00fchr f\u00fcr die Bearbeitung des Visumantrags in H\u00f6he von $160 zu bezahlen;<\/li><li>Um seinen Antrag abzuschlie\u00dfen, muss der Reisende seine Belege einscannen und in seinem Online-Visumsantrag beif\u00fcgen;<\/li><li>Sobald der Online-Antrag vollst\u00e4ndig ist, muss der Visumantragsteller sein Interview beim US-Konsulat planen ;<\/li><\/ol>\n\n<h3 class=\"wp-block-heading\">Welche Belege gibt es f\u00fcr ein Touristenvisum?<\/h3>\n\n<p>Alle Belege, die bei der Beantragung eines Visums beigef\u00fcgt werden m\u00fcssen, sind zu scannen. Diese Dokumente sind f\u00fcr die Bearbeitung des Visumantrags unerl\u00e4sslich.  <\/p>\n\n<p>Die vollst\u00e4ndige Liste der Dokumente, die f\u00fcr ein US-Touristenvisum erforderlich sind, lautet wie folgt:  <\/p>\n\n<ul class=\"wp-block-list\"><li>Sie m\u00fcssen nachweisen, dass Sie einen Reisepass mit einer Restg\u00fcltigkeit von mehr als 6 Monaten haben;<\/li><li>Sie m\u00fcssen ein Passfoto beif\u00fcgen, das die Regeln f\u00fcr ein US-Visum erf\u00fcllt;<\/li><li>Sie m\u00fcssen nachweisen, dass Sie das Formular DS-160 eingereicht und die Verwaltungsgeb\u00fchr f\u00fcr das Visum ($160) bezahlt haben;<\/li><li>Sie m\u00fcssen Ihren Interviewtermin beim US-Konsulat geplant haben ;<\/li><li>Au\u00dferdem m\u00fcssen Sie einen pers\u00f6nlichen Brief beif\u00fcgen, in dem Sie den Grund f\u00fcr Ihre Reise in die USA beschreiben;<\/li><li>Sie m\u00fcssen Ihre finanziellen M\u00f6glichkeiten nachweisen, um die gesamte Reise in die USA abzudecken, d. h. fast 300 $ pro Tag pro Person.<\/li><li>Sie m\u00fcssen auch nachweisen, dass Sie in Ihrem Heimatland eine echte Bindung haben und dass Sie nach Ihrem Aufenthalt in den USA zur\u00fcckkehren werden;<\/li><li>Schlie\u00dflich m\u00fcssen Sie ein leeres Strafregister vorlegen, das belegt, dass Sie in letzter Zeit nicht verurteilt wurden.<\/li><\/ul>\n\n<h2 class=\"wp-block-heading\">Fristen f\u00fcr die Beantragung eines Touristenvisums f\u00fcr die USA<\/h2>\n\n<p>Die Bearbeitungszeit f\u00fcr ein Touristenvisum ist sehr unterschiedlich: Es kann 1 Woche oder manchmal auch mehrere Monate dauern. Die Frist h\u00e4ngt von dem Konsulat ab, an das Sie sich wenden, und von dessen Arbeitsbelastung zu dem Zeitpunkt, an dem Sie den Antrag stellen.<\/p>\n\n<h2 class=\"wp-block-heading\">G\u00fcltigkeitsdauer und Verl\u00e4ngerung eines B2-Touristenvisums<\/h2>\n\n<p>Ein USA B2-Touristenvisum hat eine G\u00fcltigkeitsdauer von 5 Jahren. Sie d\u00fcrfen jedoch nicht mehr als 6 Monate als zusammenh\u00e4ngende Aufenthaltsdauer haben. Sie m\u00fcssen die USA nach sechs Monaten verlassen und in Ihr Heimatland zur\u00fcckkehren.<\/p>\n\n<p>Sie k\u00f6nnen eine Verl\u00e4ngerung Ihres Touristenvisums erhalten, um nach Ablauf der urspr\u00fcnglichen G\u00fcltigkeitsdauer Ihres Visums weitere 6 Monate zu bleiben. Um eine Verl\u00e4ngerung zu erhalten, m\u00fcssen Sie diese sp\u00e4testens 8 Wochen vor Ablauf Ihres B2-Visums beantragen.<\/p>\n","protected":false},"excerpt":{"rendered":"<p>Im Rahmen einer touristischen Reise in die USA gibt es mehrere M\u00f6glichkeiten, ein Besuchervisum f\u00fcr die Einreise in das Land zu erhalten. Der touristische Zweck einer Reise gibt an, welche Art von Visum der Reisende bei der US-Regierung beantragen muss. Das US-Touristenvisum wird online \u00fcber das Internet beantragt. F\u00fcr einen Aufenthalt von weniger als 90 [&hellip;]<\/p>\n","protected":false},"author":1,"featured_media":0,"parent":0,"menu_order":0,"comment_status":"closed","ping_status":"closed","template":"","meta":{"site-sidebar-layout":"default","site-content-layout":"","ast-site-content-layout":"default","site-content-style":"default","site-sidebar-style":"default","ast-global-header-display":"","ast-banner-title-visibility":"","ast-main-header-display":"","ast-hfb-above-header-display":"","ast-hfb-below-header-display":"","ast-hfb-mobile-header-display":"","site-post-title":"","ast-breadcrumbs-content":"","ast-featured-img":"","footer-sml-layout":"","ast-disable-related-posts":"","theme-transparent-header-meta":"","adv-header-id-meta":"","stick-header-meta":"","header-above-stick-meta":"","header-main-stick-meta":"","header-below-stick-meta":"","astra-migrate-meta-layouts":"default","ast-page-background-enabled":"default","ast-page-background-meta":{"desktop":{"background-color":"","background-image":"","background-repeat":"repeat","background-position":"center center","background-size":"auto","background-attachment":"scroll","background-type":"","background-media":"","overlay-type":"","overlay-color":"","overlay-opacity":"","overlay-gradient":""},"tablet":{"background-color":"","background-image":"","background-repeat":"repeat","background-position":"center center","background-size":"auto","background-attachment":"scroll","background-type":"","background-media":"","overlay-type":"","overlay-color":"","overlay-opacity":"","overlay-gradient":""},"mobile":{"background-color":"","background-image":"","background-repeat":"repeat","background-position":"center center","background-size":"auto","background-attachment":"scroll","background-type":"","background-media":"","overlay-type":"","overlay-color":"","overlay-opacity":"","overlay-gradient":""}},"ast-content-background-meta":{"desktop":{"background-color":"var(--ast-global-color-5)","background-image":"","background-repeat":"repeat","background-position":"center center","background-size":"auto","background-attachment":"scroll","background-type":"","background-media":"","overlay-type":"","overlay-color":"","overlay-opacity":"","overlay-gradient":""},"tablet":{"background-color":"var(--ast-global-color-5)","background-image":"","background-repeat":"repeat","background-position":"center center","background-size":"auto","background-attachment":"scroll","background-type":"","background-media":"","overlay-type":"","overlay-color":"","overlay-opacity":"","overlay-gradient":""},"mobile":{"background-color":"var(--ast-global-color-5)","background-image":"","background-repeat":"repeat","background-position":"center center","background-size":"auto","background-attachment":"scroll","background-type":"","background-media":"","overlay-type":"","overlay-color":"","overlay-opacity":"","overlay-gradient":""}},"footnotes":""},"class_list":["post-2157","page","type-page","status-publish","hentry"],"yoast_head":"<!-- This site is optimized with the Yoast SEO plugin v27.1.1 - https:\/\/yoast.com\/product\/yoast-seo-wordpress\/ -->\n<title>Touristenvisum USA - B2-Visum<\/title>\n<meta name=\"description\" content=\"Wie man ein Touristenvisum erh\u00e4lt, um in die USA zu reisen. Hier finden Sie alle Informationen, die Sie f\u00fcr einen erfolgreichen Visumantrag ben\u00f6tigen.\" \/>\n<meta name=\"robots\" content=\"index, follow, max-snippet:-1, max-image-preview:large, max-video-preview:-1\" \/>\n<link rel=\"canonical\" href=\"https:\/\/123-esta.com\/de\/touristenvisum-vereinigten-staaten\/\" \/>\n<meta property=\"og:locale\" content=\"de_DE\" \/>\n<meta property=\"og:type\" content=\"article\" \/>\n<meta property=\"og:title\" content=\"Touristenvisum USA - B2-Visum\" \/>\n<meta property=\"og:description\" content=\"Wie man ein Touristenvisum erh\u00e4lt, um in die USA zu reisen. Hier finden Sie alle Informationen, die Sie f\u00fcr einen erfolgreichen Visumantrag ben\u00f6tigen.\" \/>\n<meta property=\"og:url\" content=\"https:\/\/123-esta.com\/de\/touristenvisum-vereinigten-staaten\/\" \/>\n<meta property=\"og:site_name\" content=\"Formulaire ESTA pour les USA\" \/>\n<meta property=\"article:modified_time\" content=\"2022-09-19T15:13:22+00:00\" \/>\n<meta property=\"og:image\" content=\"https:\/\/123-esta.com\/wp-content\/uploads\/2022\/07\/visa-usa-tourist.jpg\" \/>\n<meta name=\"twitter:card\" content=\"summary_large_image\" \/>\n<meta name=\"twitter:label1\" content=\"Gesch\u00e4tzte Lesezeit\" \/>\n\t<meta name=\"twitter:data1\" content=\"5\u00a0Minuten\" \/>\n<script type=\"application\/ld+json\" class=\"yoast-schema-graph\">{\"@context\":\"https:\/\/schema.org\",\"@graph\":[{\"@type\":\"WebPage\",\"@id\":\"https:\/\/123-esta.com\/de\/touristenvisum-vereinigten-staaten\/\",\"url\":\"https:\/\/123-esta.com\/de\/touristenvisum-vereinigten-staaten\/\",\"name\":\"Touristenvisum USA - B2-Visum\",\"isPartOf\":{\"@id\":\"https:\/\/123-esta.com\/de\/#website\"},\"primaryImageOfPage\":{\"@id\":\"https:\/\/123-esta.com\/de\/touristenvisum-vereinigten-staaten\/#primaryimage\"},\"image\":{\"@id\":\"https:\/\/123-esta.com\/de\/touristenvisum-vereinigten-staaten\/#primaryimage\"},\"thumbnailUrl\":\"https:\/\/123-esta.com\/wp-content\/uploads\/2022\/07\/visa-usa-tourist.jpg\",\"datePublished\":\"2022-07-27T19:33:16+00:00\",\"dateModified\":\"2022-09-19T15:13:22+00:00\",\"description\":\"Wie man ein Touristenvisum erh\u00e4lt, um in die USA zu reisen. Hier finden Sie alle Informationen, die Sie f\u00fcr einen erfolgreichen Visumantrag ben\u00f6tigen.\",\"inLanguage\":\"de\",\"potentialAction\":[{\"@type\":\"ReadAction\",\"target\":[\"https:\/\/123-esta.com\/de\/touristenvisum-vereinigten-staaten\/\"]}]},{\"@type\":\"ImageObject\",\"inLanguage\":\"de\",\"@id\":\"https:\/\/123-esta.com\/de\/touristenvisum-vereinigten-staaten\/#primaryimage\",\"url\":\"https:\/\/123-esta.com\/wp-content\/uploads\/2022\/07\/visa-usa-tourist.jpg\",\"contentUrl\":\"https:\/\/123-esta.com\/wp-content\/uploads\/2022\/07\/visa-usa-tourist.jpg\"},{\"@type\":\"WebSite\",\"@id\":\"https:\/\/123-esta.com\/de\/#website\",\"url\":\"https:\/\/123-esta.com\/de\/\",\"name\":\"Formulaire ESTA pour les USA\",\"description\":\"\",\"publisher\":{\"@id\":\"https:\/\/123-esta.com\/de\/#organization\"},\"potentialAction\":[{\"@type\":\"SearchAction\",\"target\":{\"@type\":\"EntryPoint\",\"urlTemplate\":\"https:\/\/123-esta.com\/de\/?s={search_term_string}\"},\"query-input\":{\"@type\":\"PropertyValueSpecification\",\"valueRequired\":true,\"valueName\":\"search_term_string\"}}],\"inLanguage\":\"de\"},{\"@type\":\"Organization\",\"@id\":\"https:\/\/123-esta.com\/de\/#organization\",\"name\":\"Formulaire ESTA pour les USA\",\"url\":\"https:\/\/123-esta.com\/de\/\",\"logo\":{\"@type\":\"ImageObject\",\"inLanguage\":\"de\",\"@id\":\"https:\/\/123-esta.com\/de\/#\/schema\/logo\/image\/\",\"url\":\"https:\/\/123-esta.com\/wp-content\/uploads\/2018\/03\/logo-123-esta.png\",\"contentUrl\":\"https:\/\/123-esta.com\/wp-content\/uploads\/2018\/03\/logo-123-esta.png\",\"width\":191,\"height\":54,\"caption\":\"Formulaire ESTA pour les USA\"},\"image\":{\"@id\":\"https:\/\/123-esta.com\/de\/#\/schema\/logo\/image\/\"}}]}<\/script>\n<!-- \/ Yoast SEO plugin. -->","yoast_head_json":{"title":"Touristenvisum USA - B2-Visum","description":"Wie man ein Touristenvisum erh\u00e4lt, um in die USA zu reisen. Hier finden Sie alle Informationen, die Sie f\u00fcr einen erfolgreichen Visumantrag ben\u00f6tigen.","robots":{"index":"index","follow":"follow","max-snippet":"max-snippet:-1","max-image-preview":"max-image-preview:large","max-video-preview":"max-video-preview:-1"},"canonical":"https:\/\/123-esta.com\/de\/touristenvisum-vereinigten-staaten\/","og_locale":"de_DE","og_type":"article","og_title":"Touristenvisum USA - B2-Visum","og_description":"Wie man ein Touristenvisum erh\u00e4lt, um in die USA zu reisen. Hier finden Sie alle Informationen, die Sie f\u00fcr einen erfolgreichen Visumantrag ben\u00f6tigen.","og_url":"https:\/\/123-esta.com\/de\/touristenvisum-vereinigten-staaten\/","og_site_name":"Formulaire ESTA pour les USA","article_modified_time":"2022-09-19T15:13:22+00:00","og_image":[{"url":"https:\/\/123-esta.com\/wp-content\/uploads\/2022\/07\/visa-usa-tourist.jpg","type":"","width":"","height":""}],"twitter_card":"summary_large_image","twitter_misc":{"Gesch\u00e4tzte Lesezeit":"5\u00a0Minuten"},"schema":{"@context":"https:\/\/schema.org","@graph":[{"@type":"WebPage","@id":"https:\/\/123-esta.com\/de\/touristenvisum-vereinigten-staaten\/","url":"https:\/\/123-esta.com\/de\/touristenvisum-vereinigten-staaten\/","name":"Touristenvisum USA - B2-Visum","isPartOf":{"@id":"https:\/\/123-esta.com\/de\/#website"},"primaryImageOfPage":{"@id":"https:\/\/123-esta.com\/de\/touristenvisum-vereinigten-staaten\/#primaryimage"},"image":{"@id":"https:\/\/123-esta.com\/de\/touristenvisum-vereinigten-staaten\/#primaryimage"},"thumbnailUrl":"https:\/\/123-esta.com\/wp-content\/uploads\/2022\/07\/visa-usa-tourist.jpg","datePublished":"2022-07-27T19:33:16+00:00","dateModified":"2022-09-19T15:13:22+00:00","description":"Wie man ein Touristenvisum erh\u00e4lt, um in die USA zu reisen. Hier finden Sie alle Informationen, die Sie f\u00fcr einen erfolgreichen Visumantrag ben\u00f6tigen.","inLanguage":"de","potentialAction":[{"@type":"ReadAction","target":["https:\/\/123-esta.com\/de\/touristenvisum-vereinigten-staaten\/"]}]},{"@type":"ImageObject","inLanguage":"de","@id":"https:\/\/123-esta.com\/de\/touristenvisum-vereinigten-staaten\/#primaryimage","url":"https:\/\/123-esta.com\/wp-content\/uploads\/2022\/07\/visa-usa-tourist.jpg","contentUrl":"https:\/\/123-esta.com\/wp-content\/uploads\/2022\/07\/visa-usa-tourist.jpg"},{"@type":"WebSite","@id":"https:\/\/123-esta.com\/de\/#website","url":"https:\/\/123-esta.com\/de\/","name":"Formulaire ESTA pour les USA","description":"","publisher":{"@id":"https:\/\/123-esta.com\/de\/#organization"},"potentialAction":[{"@type":"SearchAction","target":{"@type":"EntryPoint","urlTemplate":"https:\/\/123-esta.com\/de\/?s={search_term_string}"},"query-input":{"@type":"PropertyValueSpecification","valueRequired":true,"valueName":"search_term_string"}}],"inLanguage":"de"},{"@type":"Organization","@id":"https:\/\/123-esta.com\/de\/#organization","name":"Formulaire ESTA pour les USA","url":"https:\/\/123-esta.com\/de\/","logo":{"@type":"ImageObject","inLanguage":"de","@id":"https:\/\/123-esta.com\/de\/#\/schema\/logo\/image\/","url":"https:\/\/123-esta.com\/wp-content\/uploads\/2018\/03\/logo-123-esta.png","contentUrl":"https:\/\/123-esta.com\/wp-content\/uploads\/2018\/03\/logo-123-esta.png","width":191,"height":54,"caption":"Formulaire ESTA pour les USA"},"image":{"@id":"https:\/\/123-esta.com\/de\/#\/schema\/logo\/image\/"}}]}},"_links":{"self":[{"href":"https:\/\/123-esta.com\/de\/wp-json\/wp\/v2\/pages\/2157","targetHints":{"allow":["GET"]}}],"collection":[{"href":"https:\/\/123-esta.com\/de\/wp-json\/wp\/v2\/pages"}],"about":[{"href":"https:\/\/123-esta.com\/de\/wp-json\/wp\/v2\/types\/page"}],"author":[{"embeddable":true,"href":"https:\/\/123-esta.com\/de\/wp-json\/wp\/v2\/users\/1"}],"replies":[{"embeddable":true,"href":"https:\/\/123-esta.com\/de\/wp-json\/wp\/v2\/comments?post=2157"}],"version-history":[{"count":0,"href":"https:\/\/123-esta.com\/de\/wp-json\/wp\/v2\/pages\/2157\/revisions"}],"wp:attachment":[{"href":"https:\/\/123-esta.com\/de\/wp-json\/wp\/v2\/media?parent=2157"}],"curies":[{"name":"wp","href":"https:\/\/api.w.org\/{rel}","templated":true}]}}